{"id":5573,"date":"2018-05-15T11:18:44","date_gmt":"2018-05-15T11:18:44","guid":{"rendered":"https:\/\/www.bankweb.com\/ro\/?page_id=5573"},"modified":"2022-07-18T10:54:23","modified_gmt":"2022-07-18T10:54:23","slug":"imprumut","status":"publish","type":"page","link":"https:\/\/www.bankweb.com\/ro\/imprumut\/","title":{"rendered":"Imprumut"},"content":{"rendered":"<p><script language=\"javascript\" type=\"text\/javascript\">\nfunction showHide(shID) {\n   if (document.getElementById(shID)) {\n      if (document.getElementById(shID+'-show').style.display != 'none') {\n         document.getElementById(shID+'-show').style.display = 'none';\n         document.getElementById(shID).style.display = 'inline';\n      }\n      else {\n         document.getElementById(shID+'-show').style.display = 'block';\n         document.getElementById(shID).style.display = 'none';\n      }\n   }\n}\n<\/script><\/p>\n<div class=\"entry\">\n<div class=\"blancoheader\">\n<h1 class=\"heading1 credith1\">Imprumut rapid online<\/h1>\n<\/div>\n<p class=\"ingresssnabblan\">\n<p>&nbsp;<\/p>\n<div class=\"fullwidthlan\">\n<div class=\"social-col l\">\n<div class=\"imgblanco\"><span style=\"text-align: center; display: block; padding-bottom: 20px; color: black;\">Exemple de b\u0103nci pe care le compar\u0103m<\/span> <img loading=\"lazy\" decoding=\"async\" src=\"\/ro\/wp-content\/uploads\/2018\/01\/rsz_expresscash.png\" alt=\"\" width=\"110\" height=\"30\" class=\"alignnone size-full wp-image-5535\" \/><img loading=\"lazy\" decoding=\"async\" src=\"\/ro\/wp-content\/uploads\/2018\/01\/rsz_horacredit.png\" alt=\"\" width=\"110\" height=\"32\" class=\"alignnone size-large wp-image-5536\" \/><img loading=\"lazy\" decoding=\"async\" src=\"\/ro\/wp-content\/uploads\/2018\/01\/rsz_mindiro.png\" alt=\"\" width=\"110\" height=\"30\" class=\"alignnone size-large wp-image-5537\" \/><img loading=\"lazy\" decoding=\"async\" src=\"\/ro\/wp-content\/uploads\/2018\/01\/rsz_mobilo.png\" alt=\"\" width=\"110\" height=\"34\" class=\"alignnone size-large wp-image-5538\" \/><img loading=\"lazy\" decoding=\"async\" src=\"\/ro\/wp-content\/uploads\/2018\/01\/rsz_smilecredit.png\" alt=\"\" width=\"110\" height=\"19\" class=\"alignnone size-large wp-image-5539\" \/><img loading=\"lazy\" decoding=\"async\" src=\"\/ro\/wp-content\/uploads\/2018\/01\/rsz_zaplo-1.png\" alt=\"\" width=\"110\" height=\"33\" class=\"alignnone size-large wp-image-5540\" \/><\/div>\n<\/div>\n<div class=\"c\"><\/div>\n<div class=\"social-colfaq\">\n<p class=\"howmuch\">Iat\u0103 cum po\u021bi sorta \u00eemprumuturile:<\/p>\n<ol>\n<li class=\"greenfront1\">Utilizeaz\u0103 cursorul de sus pentru a selecta suma<\/li>\n<li class=\"greenfront1\">Introdu timpul de returnare dorit \u00een linia de jos<\/li>\n<li class=\"greenfront1\">Gata! Acum toate \u00eemprumuturile sunt sortate automat.<\/li>\n<\/ol>\n<\/div>\n<\/div>\n<p><script type='text\/javascript' src='https:\/\/www.doaff.net\/publisherScript.js?c=hh1'><\/script><\/p>\n<p>&nbsp;<\/p>\n<h2>Cum s\u0103 \u00eemprumu\u021bi bani \u00een Rom\u00e2nia<\/h2>\n<p>\u00cen Rom\u00e2nia, precum \u0219i \u00een alte \u021b\u0103ri ale Uniunii Europene, un finan\u021bator care dispune de un excedent \u00een bani, poate decide s\u0103 investeasc\u0103 acel capital \u00een activit\u0103\u021bi cu rentabilitate ridicat\u0103, precum \u00eemprumuturile pe termen scurt, mediu \u0219i lung. Sumele sunt adesea destinate sprijinirii temporare a unor activit\u0103\u021bi, iar \u00een schimbul acelui sprijin, finan\u021batorul solicit\u0103 \u0219i o plat\u0103 suplimentar\u0103 &#8211; a\u0219a numita dob\u00e2nd\u0103.<br \/>\n&nbsp;<br \/>\nDe regul\u0103, b\u0103ncile nu acord\u0103 \u00eemprumuturi pe termen scurt, dar exist\u0103 multiple firme private care acord\u0103 credite rapide. Cu alte cuvinte, \u00een Rom\u00e2nia exist\u0103 trei forme de a \u00eemprumuta bani &#8211; de la firme private, de la institu\u021bii bancare, \u0219i de la persoane fizice.<br \/>\n&nbsp;<br \/>\nFinan\u021batorul stabile\u0219te grupul de poten\u021biali beneficiari \u0219i elaboreaz\u0103 criterii de ierarhizare \u0219i evaluare a acestora, cre\u00e2nd un sistem care s\u0103 ajute la asigurarea atingerii obiectvelor vizate. Aceast\u0103 evaluare implic\u0103 adesea crearea unui dosar de credit, ce poate cuprinde o prezentare a scopului \u0219i a solicitantului.<br \/>\n&nbsp;<br \/>\n<img loading=\"lazy\" decoding=\"async\" src=\"\/ro\/wp-content\/uploads\/2018\/01\/ro3-1024x667.jpg\" alt=\"Bankweb Romania\" width=\"580\" height=\"378\" class=\"alignnone size-large wp-image-5531\" srcset=\"https:\/\/www.bankweb.com\/ro\/wp-content\/uploads\/2018\/01\/ro3-1024x667.jpg 1024w, https:\/\/www.bankweb.com\/ro\/wp-content\/uploads\/2018\/01\/ro3-300x195.jpg 300w, https:\/\/www.bankweb.com\/ro\/wp-content\/uploads\/2018\/01\/ro3-768x500.jpg 768w, https:\/\/www.bankweb.com\/ro\/wp-content\/uploads\/2018\/01\/ro3.jpg 1920w\" sizes=\"auto, (max-width: 580px) 100vw, 580px\" \/><br \/>\n&nbsp;<\/p>\n<h3>Credite Rapide<\/h3>\n<p>Un credit rapid este un \u00eemprumut rapid, nebancar. De\u0219i astfel de credite nu sunt adesea foarte mari, valoarea lor variaz\u0103 de la o societate la alta. Foarte multe firme ofer\u0103 sume variate, iar clien\u021bii sunt cei care caut\u0103 sume mici, rambursabile rapid sau pe termen mediu. Astfel de op\u021biuni nu exist\u0103 \u00een cazul b\u0103ncilor clasice. Suma maxim\u0103 disponibil\u0103 este direct propor\u021bional\u0103 cu factori precum venitul lunar al solicitantului.<br \/>\n&nbsp;<br \/>\nMulte companii au chiar un plafon maxim c\u00e2nd acord\u0103 primul credit, care adesea cre\u0219te la a doua contractare. \u00cen Rom\u00e2nia, acest concept de \u00eemprumut rapid sau credit rapid vine din limba englez\u0103, unde mai este numit \u0219i cash advance sau payday loan. Practic, a ap\u0103rut ca o necesitate dup\u0103 ce un mare procent din popula\u021bie dorea credite urgente, cu rambursare integral\u0103 la data \u00eencas\u0103rii urm\u0103torului salariu.<br \/>\n&nbsp;<br \/>\nLa noi \u00een \u021bar\u0103, termenul are o acoperire larg\u0103 \u0219i se refer\u0103 la orice tip de credite nebancare. Firmele private care acord\u0103 astfel de credite rapide se numesc institu\u021bii financiare nebancare (IFN) \u0219i au multiple avantaje fa\u021b\u0103 de \u00eemprumuturile clasice. Aceste institu\u021bii func\u021bioneaz\u0103 perfect legal \u0219i sunt verificate \u0219i reglementate de BNR, dar condi\u021biile pe care acestea trebuie s\u0103 le respecte sunt mult mai pu\u021bin stricte fa\u021b\u0103 de cele impuse institu\u021biilor bancare.<br \/>\n&nbsp;<br \/>\n\u00cen Rom\u00e2nia, nu sunt necesare adeverin\u021be de salariu, acte sau garan\u021bii pentru un credit rapid. \u00cens\u0103 riscul asumat este mult mai mare, de aceea dob\u00e2nzile sau taxele sunt considerabil mai mari fa\u021b\u0103 de cele de la b\u0103nci. \u00cen orice caz, clientul nu simte acest lucru, pentru c\u0103 perioada de rambursare este scurt\u0103.<br \/>\n&nbsp;<br \/>\nAcest tip de credite sunt perfecte pentru cei care au nevoie urgent\u0103 de bani, pentru o perioad\u0103 foarte scurt\u0103. De cele mai multe ori, banii sunt necesari pentru necazuri nea\u0219teptate, c\u00e2nd este nevoie de bani urgent, pentru perioade scurte. De obicei, suma maxim\u0103 de bani ce poate fi ob\u021binut\u0103 printr-un credit rapid \u00een Rom\u00e2nia nu dep\u0103\u0219e\u0219te suma de 5000 lei.<br \/>\n&nbsp;<\/p>\n<h3>Credite bancare pentru \u00eentreprinz\u0103tori<\/h3>\n<p>Acestea reprezint\u0103 credite acordate de bancheri antreprenorilor. Se acord\u0103 indiferent de aria de activitate a solicitantului de credite, indiferent de dimensiunea activit\u0103\u021bii acestuia (\u00eentreprindere mic\u0103, mijlocie, mare).<br \/>\n&nbsp;<br \/>\n<img loading=\"lazy\" decoding=\"async\" src=\"\/ro\/wp-content\/uploads\/2018\/01\/ro2-1024x683.jpg\" alt=\"\u00eemprumu\u021bi bani\" width=\"580\" height=\"387\" class=\"alignnone size-large wp-image-5532\" srcset=\"https:\/\/www.bankweb.com\/ro\/wp-content\/uploads\/2018\/01\/ro2-1024x683.jpg 1024w, https:\/\/www.bankweb.com\/ro\/wp-content\/uploads\/2018\/01\/ro2-300x200.jpg 300w, https:\/\/www.bankweb.com\/ro\/wp-content\/uploads\/2018\/01\/ro2-768x512.jpg 768w, https:\/\/www.bankweb.com\/ro\/wp-content\/uploads\/2018\/01\/ro2.jpg 1920w\" sizes=\"auto, (max-width: 580px) 100vw, 580px\" \/><br \/>\n&nbsp;<br \/>\nModalit\u0103\u021bile de creditare a activit\u0103\u021bii agen\u021bilor economici, din punct de vedere tehnic, pot fi: avansuri \u00een cont curent, linie de credit confirmat\u0103, linie de credit simpl\u0103, sau \u00eemprumuturi cu destina\u021bie special\u0103. Tot aici intr\u0103 \u0219i creditul comercial, pe care antreprenorii \u00eel acord\u0103 c\u00e2nd v\u00e2nd m\u0103rfuri cu am\u00e2narea pl\u0103\u021bii. Practic, v\u00e2nz\u0103torul poate livra marfa unui client f\u0103r\u0103 ca cel din urm\u0103 s\u0103 pl\u0103teasc\u0103 pe loc. Practic, cump\u0103r\u0103torul garanteaz\u0103 achizi\u021bia cu o cambie, un document din partea b\u0103ncii.<br \/>\n&nbsp;<\/p>\n<h4>Credite bancare pentru persoane fizice<\/h4>\n<p>Aceste credite pot fi de consum sau ipotecare. \u00cen primul caz, consumatorul dore\u0219te plata \u00een rate a diverse bunuri de consum care valoreaz\u0103 mult \u0219i au folosin\u021b\u0103 \u00eendelungat\u0103. Putem discuta fie de automobile, electrocasnice, fie de mobil\u0103 sau altele asemenea. Aceste credite de consum necesit\u0103 rambursare pe o perioad\u0103 mult mai mare ca un credit rapid, iar \u00een Rom\u00e2nia este necesar\u0103 dovada venitului lunar al persoanei care contracteaz\u0103 creditul &#8211; prin documente \u0219i garan\u021bii.<br \/>\n&nbsp;<br \/>\nCreditul ipotecar este contractat pentru a constitui sau achizi\u021biona propriet\u0103\u021bi imobiliare (sedii, case). De\u0219i se poate \u00eencadra \u0219i la creditele bancare pentru \u00eentreprinz\u0103tori, am ales s\u0103 \u00eel prezent\u0103m aici pentru c\u0103 articolul este un ghid pentru persoanele fizice. Creditele ipotecare sunt garantate cu propriet\u0103\u021bile achizi\u021bionate sau construite \u0219i sunt contractate pe termen lung, de regul\u0103, peste 5 ani.<br \/>\n&nbsp;<\/p>\n<h4>Alte moduri de clasificare a creditelor \u00een Rom\u00e2nia<\/h4>\n<p>&nbsp;<br \/>\nCreditele se mai pot clasifica \u0219i dup\u0103 termenul pentru care se acord\u0103:<br \/>\n&nbsp;<br \/>\nscurt (de obicei, p\u00e2n\u0103 \u00eentr-un an)<br \/>\nmediu (\u00eentre unu \u0219i cinci ani)<br \/>\nlung (peste cinci ani)<br \/>\nPe aceea\u0219i not\u0103, \u00een func\u021bie de fermitatea scaden\u021bei, \u00eemprumutul poate fi denun\u021babil (\u00een sensul c\u0103 institu\u021bia bancar\u0103 \u00ee\u021bi poate rezerva dreptul s\u0103 solicite pl\u0103tirea creditului \u00eenainte de expirarea termenului fixat de scaden\u021b\u0103, pe baz\u0103 de preaviz), dar \u0219i nedenun\u021babil (ce nu implic\u0103 consecin\u021bele men\u021bionate anterior, la creditul denun\u021babil).<br \/>\n&nbsp;<\/p>\n<h4>Ce \u00ee\u021bi trebuie pentru a contracta un credit?<\/h4>\n<p>\u00cen cazul contract\u0103rii unui credit rapid, condi\u021biile difer\u0103 de la firm\u0103 la alta, dar condi\u021biile generale sunt prezentate mai jos. \u00cen primul r\u00e2nd, este nevoie de o carte de identitate valabil\u0103, iar firmele nu accept\u0103, adesea, alte op\u021biuni. Dac\u0103 ai doar un pa\u0219aport valabil, \u0219ansele de a ob\u021bine \u00eemprumutul scad considerabil.<br \/>\n&nbsp;<br \/>\nV\u00e2rsta este un alt criteriu. Contractantul trebuie s\u0103 fie major \u00een Rom\u00e2nia, adic\u0103 s\u0103 aib\u0103 v\u00e2rsta de 18 ani \u00eemplini\u021bi. Unele institu\u021bii nebancare solicit\u0103 o v\u00e2rst\u0103 chiar mai mare, de 21 sau 24 ani. Pe aceea\u0219i not\u0103, cele mai multe firm\u0103 impun v\u00e2rsta maxim\u0103 de 75 ani.<br \/>\n&nbsp;<br \/>\nUrmeaz\u0103, apoi, cea mai important\u0103 condi\u021bie. Trebuie s\u0103 po\u021bi dovedi c\u0103 ai un venit lunar stabil. C\u00e2nd vine vorba de b\u0103ncile clasice, acest lucru implic\u0103 aducerea unei adeverin\u021be salariale, dar institu\u021biile IFN-urile sunt ceva mai flexibile, acestea dorind s\u0103 se asigure c\u0103 tu po\u021bi \u00eencasa banii pentru a-i returna la timp, pl\u0103tind dob\u00e2nda, deci nu este necesar un job permanent.<br \/>\n&nbsp;<br \/>\n<img loading=\"lazy\" decoding=\"async\" src=\"\/ro\/wp-content\/uploads\/2018\/01\/ro1-1024x683.jpg\" alt=\"Credite Rapide\" width=\"580\" height=\"387\" class=\"alignnone size-large wp-image-5533\" srcset=\"https:\/\/www.bankweb.com\/ro\/wp-content\/uploads\/2018\/01\/ro1-1024x683.jpg 1024w, https:\/\/www.bankweb.com\/ro\/wp-content\/uploads\/2018\/01\/ro1-300x200.jpg 300w, https:\/\/www.bankweb.com\/ro\/wp-content\/uploads\/2018\/01\/ro1-768x512.jpg 768w, https:\/\/www.bankweb.com\/ro\/wp-content\/uploads\/2018\/01\/ro1.jpg 1920w\" sizes=\"auto, (max-width: 580px) 100vw, 580px\" \/><br \/>\n&nbsp;<br \/>\nCea mai u\u0219oar\u0103 metod\u0103 prin care se poate demonstra un venit stabil este aducerea unui extras de cont \u00een care se pot observa intr\u0103ri de bani lunare. Sursa nu este extrem de important\u0103, poate fi vorba fie de chirii, salariu, pensie sau chiar sume ce provin din dividende \u0219i dob\u00e2nzi, bani de la familie sau orice altceva. Pe l\u00e2ng\u0103 asta, exist\u0103 chiar \u0219i un venit lunar minim ce trebuie dovedit. \u00cen mod normal, cele mai multe firme solicit\u0103 un minimum de 300 lei.<br \/>\n&nbsp;<br \/>\nC\u00e2nd vine vorba de \u00eemprumuturile bancare, lucrurile se complic\u0103, a\u0219adar vom discuta strict despre creditele de consum, care sunt cel mai u\u0219or de ob\u021binut. Ne dorim o trecere rapid\u0103 \u00een revist\u0103 a no\u021biunilor, per ansamblu. Din punctul de vedere al b\u0103ncilor, procedura de \u00eemprumut e simpl\u0103, iar condi\u021biile sunt mai multe ca la creditele rapide. Ai nevoie de:<br \/>\n&nbsp;<br \/>\nvenituri permanente (dividende, salarii, pensii, chirii, alte venituri recurente)<br \/>\ncet\u0103\u021benie rom\u00e2n\u0103<br \/>\nnu ai restan\u021be la alte credite<br \/>\nai o v\u00e2rst\u0103 de maximum 65 de ani la sf\u00e2r\u0219itul perioadei de creditare<br \/>\nact de identitate<br \/>\nacord ANAF<br \/>\n\u00cemprumuturi private<br \/>\n&nbsp;<br \/>\n\u00cen Rom\u00e2nia, exist\u0103 \u0219i posibilitatea de a contracta \u00eemprumuturi private, de la persoane fizice sau companii private. Nu exist\u0103 o structur\u0103 care trebuie urmat\u0103, practic \u00eemprumutul se efectueaz\u0103 \u00een fa\u021ba unui notar \u0219i acolo se stabilesc toate condi\u021biile ramburs\u0103rii \u00eemprumutului, precum \u0219i consecin\u021bele \u00een cazul \u00een care acesta nu este returnat. Contractul de \u00eemprumut semnat la notar \u00eei acord\u0103 creditorului puterea de a ac\u021biona \u00een instan\u021b\u0103 atunci c\u00e2nd termenii contractului sunt \u00eenc\u0103lca\u021bi.<\/p>\n<\/div>\n","protected":false},"excerpt":{"rendered":"<p>Imprumut rapid online &nbsp; Exemple de b\u0103nci pe care le compar\u0103m Iat\u0103 cum po\u021bi sorta \u00eemprumuturile: Utilizeaz\u0103 cursorul de sus pentru a selecta suma Introdu timpul de returnare dorit \u00een linia de jos Gata! Acum toate \u00eemprumuturile sunt sortate automat. [&hellip;]<\/p>\n","protected":false},"author":4,"featured_media":0,"parent":0,"menu_order":0,"comment_status":"closed","ping_status":"closed","template":"","meta":{"footnotes":""},"class_list":["post-5573","page","type-page","status-publish","hentry"],"yoast_head":"<!-- This site is optimized with the Yoast SEO plugin v19.3 - https:\/\/yoast.com\/wordpress\/plugins\/seo\/ -->\n<title>Credit rapid online - Imprumut online - Bankweb.com<\/title>\n<meta name=\"description\" content=\"Credit Rapid online - Bankweb iti ofera produse de creditare special concepute pentru persoanele care cauta imprumuturi urgente fara garantii.\" \/>\n<meta name=\"robots\" content=\"index, follow, max-snippet:-1, max-image-preview:large, max-video-preview:-1\" \/>\n<link rel=\"canonical\" href=\"https:\/\/www.bankweb.com\/ro\/imprumut\/\" \/>\n<meta name=\"twitter:card\" content=\"summary\" \/>\n<meta name=\"twitter:title\" content=\"Credit rapid online - Imprumut online - Bankweb.com\" \/>\n<meta name=\"twitter:description\" content=\"Credit Rapid online - Bankweb iti ofera produse de creditare special concepute pentru persoanele care cauta imprumuturi urgente fara garantii.\" \/>\n<meta name=\"twitter:label1\" content=\"Ber\u00e4knad l\u00e4stid\" \/>\n\t<meta name=\"twitter:data1\" content=\"9 minuter\" \/>\n<script type=\"application\/ld+json\" class=\"yoast-schema-graph\">{\"@context\":\"https:\/\/schema.org\",\"@graph\":[{\"@type\":\"WebSite\",\"@id\":\"https:\/\/www.bankweb.com\/ro\/#website\",\"url\":\"https:\/\/www.bankweb.com\/ro\/\",\"name\":\"Bankweb.com Romania\",\"description\":\"\",\"potentialAction\":[{\"@type\":\"SearchAction\",\"target\":{\"@type\":\"EntryPoint\",\"urlTemplate\":\"https:\/\/www.bankweb.com\/ro\/?s={search_term_string}\"},\"query-input\":\"required name=search_term_string\"}],\"inLanguage\":\"sv-SE\"},{\"@type\":\"WebPage\",\"@id\":\"https:\/\/www.bankweb.com\/ro\/imprumut\/\",\"url\":\"https:\/\/www.bankweb.com\/ro\/imprumut\/\",\"name\":\"Credit rapid online - Imprumut online - Bankweb.com\",\"isPartOf\":{\"@id\":\"https:\/\/www.bankweb.com\/ro\/#website\"},\"datePublished\":\"2018-05-15T11:18:44+00:00\",\"dateModified\":\"2022-07-18T10:54:23+00:00\",\"description\":\"Credit Rapid online - Bankweb iti ofera produse de creditare special concepute pentru persoanele care cauta imprumuturi urgente fara garantii.\",\"breadcrumb\":{\"@id\":\"https:\/\/www.bankweb.com\/ro\/imprumut\/#breadcrumb\"},\"inLanguage\":\"sv-SE\",\"potentialAction\":[{\"@type\":\"ReadAction\",\"target\":[\"https:\/\/www.bankweb.com\/ro\/imprumut\/\"]}]},{\"@type\":\"BreadcrumbList\",\"@id\":\"https:\/\/www.bankweb.com\/ro\/imprumut\/#breadcrumb\",\"itemListElement\":[{\"@type\":\"ListItem\",\"position\":1,\"name\":\"Hem\",\"item\":\"https:\/\/www.bankweb.com\/ro\/\"},{\"@type\":\"ListItem\",\"position\":2,\"name\":\"Imprumut\"}]}]}<\/script>\n<!-- \/ Yoast SEO plugin. -->","yoast_head_json":{"title":"Credit rapid online - Imprumut online - Bankweb.com","description":"Credit Rapid online - Bankweb iti ofera produse de creditare special concepute pentru persoanele care cauta imprumuturi urgente fara garantii.","robots":{"index":"index","follow":"follow","max-snippet":"max-snippet:-1","max-image-preview":"max-image-preview:large","max-video-preview":"max-video-preview:-1"},"canonical":"https:\/\/www.bankweb.com\/ro\/imprumut\/","twitter_card":"summary","twitter_title":"Credit rapid online - Imprumut online - Bankweb.com","twitter_description":"Credit Rapid online - Bankweb iti ofera produse de creditare special concepute pentru persoanele care cauta imprumuturi urgente fara garantii.","twitter_misc":{"Ber\u00e4knad l\u00e4stid":"9 minuter"},"schema":{"@context":"https:\/\/schema.org","@graph":[{"@type":"WebSite","@id":"https:\/\/www.bankweb.com\/ro\/#website","url":"https:\/\/www.bankweb.com\/ro\/","name":"Bankweb.com Romania","description":"","potentialAction":[{"@type":"SearchAction","target":{"@type":"EntryPoint","urlTemplate":"https:\/\/www.bankweb.com\/ro\/?s={search_term_string}"},"query-input":"required name=search_term_string"}],"inLanguage":"sv-SE"},{"@type":"WebPage","@id":"https:\/\/www.bankweb.com\/ro\/imprumut\/","url":"https:\/\/www.bankweb.com\/ro\/imprumut\/","name":"Credit rapid online - Imprumut online - Bankweb.com","isPartOf":{"@id":"https:\/\/www.bankweb.com\/ro\/#website"},"datePublished":"2018-05-15T11:18:44+00:00","dateModified":"2022-07-18T10:54:23+00:00","description":"Credit Rapid online - Bankweb iti ofera produse de creditare special concepute pentru persoanele care cauta imprumuturi urgente fara garantii.","breadcrumb":{"@id":"https:\/\/www.bankweb.com\/ro\/imprumut\/#breadcrumb"},"inLanguage":"sv-SE","potentialAction":[{"@type":"ReadAction","target":["https:\/\/www.bankweb.com\/ro\/imprumut\/"]}]},{"@type":"BreadcrumbList","@id":"https:\/\/www.bankweb.com\/ro\/imprumut\/#breadcrumb","itemListElement":[{"@type":"ListItem","position":1,"name":"Hem","item":"https:\/\/www.bankweb.com\/ro\/"},{"@type":"ListItem","position":2,"name":"Imprumut"}]}]}},"_links":{"self":[{"href":"https:\/\/www.bankweb.com\/ro\/wp-json\/wp\/v2\/pages\/5573","targetHints":{"allow":["GET"]}}],"collection":[{"href":"https:\/\/www.bankweb.com\/ro\/wp-json\/wp\/v2\/pages"}],"about":[{"href":"https:\/\/www.bankweb.com\/ro\/wp-json\/wp\/v2\/types\/page"}],"author":[{"embeddable":true,"href":"https:\/\/www.bankweb.com\/ro\/wp-json\/wp\/v2\/users\/4"}],"replies":[{"embeddable":true,"href":"https:\/\/www.bankweb.com\/ro\/wp-json\/wp\/v2\/comments?post=5573"}],"version-history":[{"count":3,"href":"https:\/\/www.bankweb.com\/ro\/wp-json\/wp\/v2\/pages\/5573\/revisions"}],"predecessor-version":[{"id":5618,"href":"https:\/\/www.bankweb.com\/ro\/wp-json\/wp\/v2\/pages\/5573\/revisions\/5618"}],"wp:attachment":[{"href":"https:\/\/www.bankweb.com\/ro\/wp-json\/wp\/v2\/media?parent=5573"}],"curies":[{"name":"wp","href":"https:\/\/api.w.org\/{rel}","templated":true}]}}