{"id":5546,"date":"2018-01-03T10:19:46","date_gmt":"2018-01-03T10:19:46","guid":{"rendered":"http:\/\/www.bankweb.com\/ro\/?page_id=5546"},"modified":"2018-05-25T07:27:27","modified_gmt":"2018-05-25T07:27:27","slug":"contacta","status":"publish","type":"page","link":"https:\/\/www.bankweb.com\/ro\/contacta\/","title":{"rendered":"contacta"},"content":{"rendered":"<h1 class=\"credith1\">Cine suntem noi?<\/h1>\n<p>&nbsp;<br \/>\nBankweb este de\u021binut\u0103 \u0219i administrat\u0103 de Turneround Webb AB, o companie de produc\u021bie web din Suedia. Jonas Larsson \u0219i Emma Larsson conduc \u0219i dezvolt\u0103 site-ul continuu, unde Emma este manager de calitate \u0219i con\u021binut. Emma are un background ca scriitor, iar acest lucru, combinat cu interesul ei deosebit pentru finan\u021barea privat\u0103, o ajut\u0103 pe Emma s\u0103 ofere vizitatorilor articole profunde \u0219i actualiz\u0103ri.<br \/>\n&nbsp;<br \/>\nJonas este directorul executiv al companiei \u0219i editorul responsabil pentru Bankweb.com \u0219i are un fond solid pe internet, dezvolt\u00e2nd servicii de comparare pentru consumatori de mul\u021bi ani, activ\u00e2nd pe pia\u021ba financiar\u0103 timp de 15 ani.<br \/>\n&nbsp;<br \/>\nPentru a ne contacta, trimite\u021bi-ne un e-mail la info@tw.se<\/p>\n","protected":false},"excerpt":{"rendered":"<p>Cine suntem noi? &nbsp; Bankweb este de\u021binut\u0103 \u0219i administrat\u0103 de Turneround Webb AB, o companie de produc\u021bie web din Suedia. Jonas Larsson \u0219i Emma Larsson conduc \u0219i dezvolt\u0103 site-ul continuu, unde Emma este manager de calitate \u0219i con\u021binut. Emma are [&hellip;]<\/p>\n","protected":false},"author":4,"featured_media":0,"parent":0,"menu_order":0,"comment_status":"closed","ping_status":"closed","template":"","meta":{"footnotes":""},"class_list":["post-5546","page","type-page","status-publish","hentry"],"yoast_head":"<!-- This site is optimized with the Yoast SEO plugin v19.3 - https:\/\/yoast.com\/wordpress\/plugins\/seo\/ -->\n<title>contacta - Bankweb.com Romania<\/title>\n<meta name=\"robots\" content=\"index, follow, max-snippet:-1, max-image-preview:large, max-video-preview:-1\" \/>\n<link rel=\"canonical\" href=\"https:\/\/www.bankweb.com\/ro\/contacta\/\" \/>\n<meta name=\"twitter:card\" content=\"summary\" \/>\n<meta name=\"twitter:title\" content=\"contacta - Bankweb.com Romania\" \/>\n<meta name=\"twitter:description\" content=\"Cine suntem noi? &nbsp; Bankweb este de\u021binut\u0103 \u0219i administrat\u0103 de Turneround Webb AB, o companie de produc\u021bie web din Suedia. Jonas Larsson \u0219i Emma Larsson conduc \u0219i dezvolt\u0103 site-ul continuu, unde Emma este manager de calitate \u0219i con\u021binut. Emma are [&hellip;]\" \/>\n<meta name=\"twitter:label1\" content=\"Ber\u00e4knad l\u00e4stid\" \/>\n\t<meta name=\"twitter:data1\" content=\"1 minut\" \/>\n<script type=\"application\/ld+json\" class=\"yoast-schema-graph\">{\"@context\":\"https:\/\/schema.org\",\"@graph\":[{\"@type\":\"WebSite\",\"@id\":\"https:\/\/www.bankweb.com\/ro\/#website\",\"url\":\"https:\/\/www.bankweb.com\/ro\/\",\"name\":\"Bankweb.com Romania\",\"description\":\"\",\"potentialAction\":[{\"@type\":\"SearchAction\",\"target\":{\"@type\":\"EntryPoint\",\"urlTemplate\":\"https:\/\/www.bankweb.com\/ro\/?s={search_term_string}\"},\"query-input\":\"required name=search_term_string\"}],\"inLanguage\":\"sv-SE\"},{\"@type\":\"WebPage\",\"@id\":\"https:\/\/www.bankweb.com\/ro\/contacta\/\",\"url\":\"https:\/\/www.bankweb.com\/ro\/contacta\/\",\"name\":\"contacta - Bankweb.com Romania\",\"isPartOf\":{\"@id\":\"https:\/\/www.bankweb.com\/ro\/#website\"},\"datePublished\":\"2018-01-03T10:19:46+00:00\",\"dateModified\":\"2018-05-25T07:27:27+00:00\",\"breadcrumb\":{\"@id\":\"https:\/\/www.bankweb.com\/ro\/contacta\/#breadcrumb\"},\"inLanguage\":\"sv-SE\",\"potentialAction\":[{\"@type\":\"ReadAction\",\"target\":[\"https:\/\/www.bankweb.com\/ro\/contacta\/\"]}]},{\"@type\":\"BreadcrumbList\",\"@id\":\"https:\/\/www.bankweb.com\/ro\/contacta\/#breadcrumb\",\"itemListElement\":[{\"@type\":\"ListItem\",\"position\":1,\"name\":\"Hem\",\"item\":\"https:\/\/www.bankweb.com\/ro\/\"},{\"@type\":\"ListItem\",\"position\":2,\"name\":\"contacta\"}]}]}<\/script>\n<!-- \/ Yoast SEO plugin. -->","yoast_head_json":{"title":"contacta - Bankweb.com Romania","robots":{"index":"index","follow":"follow","max-snippet":"max-snippet:-1","max-image-preview":"max-image-preview:large","max-video-preview":"max-video-preview:-1"},"canonical":"https:\/\/www.bankweb.com\/ro\/contacta\/","twitter_card":"summary","twitter_title":"contacta - Bankweb.com Romania","twitter_description":"Cine suntem noi? &nbsp; Bankweb este de\u021binut\u0103 \u0219i administrat\u0103 de Turneround Webb AB, o companie de produc\u021bie web din Suedia. Jonas Larsson \u0219i Emma Larsson conduc \u0219i dezvolt\u0103 site-ul continuu, unde Emma este manager de calitate \u0219i con\u021binut. Emma are [&hellip;]","twitter_misc":{"Ber\u00e4knad l\u00e4stid":"1 minut"},"schema":{"@context":"https:\/\/schema.org","@graph":[{"@type":"WebSite","@id":"https:\/\/www.bankweb.com\/ro\/#website","url":"https:\/\/www.bankweb.com\/ro\/","name":"Bankweb.com Romania","description":"","potentialAction":[{"@type":"SearchAction","target":{"@type":"EntryPoint","urlTemplate":"https:\/\/www.bankweb.com\/ro\/?s={search_term_string}"},"query-input":"required name=search_term_string"}],"inLanguage":"sv-SE"},{"@type":"WebPage","@id":"https:\/\/www.bankweb.com\/ro\/contacta\/","url":"https:\/\/www.bankweb.com\/ro\/contacta\/","name":"contacta - Bankweb.com Romania","isPartOf":{"@id":"https:\/\/www.bankweb.com\/ro\/#website"},"datePublished":"2018-01-03T10:19:46+00:00","dateModified":"2018-05-25T07:27:27+00:00","breadcrumb":{"@id":"https:\/\/www.bankweb.com\/ro\/contacta\/#breadcrumb"},"inLanguage":"sv-SE","potentialAction":[{"@type":"ReadAction","target":["https:\/\/www.bankweb.com\/ro\/contacta\/"]}]},{"@type":"BreadcrumbList","@id":"https:\/\/www.bankweb.com\/ro\/contacta\/#breadcrumb","itemListElement":[{"@type":"ListItem","position":1,"name":"Hem","item":"https:\/\/www.bankweb.com\/ro\/"},{"@type":"ListItem","position":2,"name":"contacta"}]}]}},"_links":{"self":[{"href":"https:\/\/www.bankweb.com\/ro\/wp-json\/wp\/v2\/pages\/5546","targetHints":{"allow":["GET"]}}],"collection":[{"href":"https:\/\/www.bankweb.com\/ro\/wp-json\/wp\/v2\/pages"}],"about":[{"href":"https:\/\/www.bankweb.com\/ro\/wp-json\/wp\/v2\/types\/page"}],"author":[{"embeddable":true,"href":"https:\/\/www.bankweb.com\/ro\/wp-json\/wp\/v2\/users\/4"}],"replies":[{"embeddable":true,"href":"https:\/\/www.bankweb.com\/ro\/wp-json\/wp\/v2\/comments?post=5546"}],"version-history":[{"count":2,"href":"https:\/\/www.bankweb.com\/ro\/wp-json\/wp\/v2\/pages\/5546\/revisions"}],"predecessor-version":[{"id":5585,"href":"https:\/\/www.bankweb.com\/ro\/wp-json\/wp\/v2\/pages\/5546\/revisions\/5585"}],"wp:attachment":[{"href":"https:\/\/www.bankweb.com\/ro\/wp-json\/wp\/v2\/media?parent=5546"}],"curies":[{"name":"wp","href":"https:\/\/api.w.org\/{rel}","templated":true}]}}