{"id":5543,"date":"2018-01-03T10:18:14","date_gmt":"2018-01-03T10:18:14","guid":{"rendered":"http:\/\/www.bankweb.com\/ro\/?page_id=5543"},"modified":"2018-05-25T07:27:09","modified_gmt":"2018-05-25T07:27:09","slug":"confidentialitate","status":"publish","type":"page","link":"https:\/\/www.bankweb.com\/ro\/confidentialitate\/","title":{"rendered":"confiden\u021bialitate"},"content":{"rendered":"<h1 class=\"credith1\">Confiden\u021bialitate<\/h1>\n<p>Bankweb.com nu colecteaz\u0103 date personale de la dumneavoastr\u0103. Bankweb.com compar\u0103 numai creditorii de finan\u021bare privat\u0103, nu suntem responsabili de \u00eemprumuturi. Singurele informa\u021bii pe care site-ul web le salveaz\u0103 ca fi\u0219ier sunt reprezentate de cookie(s). Un cookie este un fi\u0219ier de informa\u021bii care este plasat \u00een computer. Dac\u0103 alege\u021bi s\u0103 v\u0103 \u00eenscrie\u021bi pentru newsletterul nostru, atunci adresa dumneavoastr\u0103 de e-mail este stocat\u0103 \u00eempreun\u0103 cu noi. Re\u021bine\u021bi c\u0103 niciodat\u0103 nu vindem sau dezv\u0103luim aceste informa\u021bii.<br \/>\n&nbsp;<br \/>\nBankweb utilizeaz\u0103 module cookie pentru a m\u0103sura num\u0103rul de vizitatori pe pagina noastr\u0103 web \u0219i pentru a m\u0103sura conversia \u0219i pentru a vedea cum este folosit site-ul. Cookie identific\u0103 numai computerul pe care \u00eel utiliza\u021bi \u0219i nu persoana dumneavoastr\u0103. Pute\u021bi s\u0103 dezactiva\u021bi modulele cookie \u00een browser. Modul \u00een care elimina\u021bi un modul cookie depinde de browserul pe care \u00eel utiliza\u021bi. Utiliza\u021bi func\u021bia de ajutor a browserului din meniul de sus pentru a vedea cum s\u0103 \u0219terge\u021bi modulele cookie. Re\u021bine\u021bi c\u0103 dac\u0103 dezactiva\u021bi cookie-urile \u00eentr-un browser, anumite caracteristici individuale nu vor func\u021biona corect.<br \/>\n&nbsp;<br \/>\nDac\u0103 dori\u021bi o prezentare mai detaliat\u0103 a modului \u00een care Bankweb.com utilizeaz\u0103 cookie-urile, v\u0103 rug\u0103m s\u0103 contacta\u021bi Serviciul Clien\u021bi la info@tw.se.<\/p>\n<p><strong>Acordul Utilizatorului<\/strong><br \/>\n&nbsp;<br \/>\n<strong>Informa\u021bii personale<\/strong><br \/>\nBankweb solicit\u0103 \u0219i nu stocheaz\u0103 date personale cum ar fi num\u0103rul de identificare personal\u0103 sau detaliile c\u0103r\u021bii de credit bancare ale vizitatorului. Nici o cerere nu este tratat\u0103 de Bankweb, ci numai de c\u0103tre creditori ter\u021bi. De aceea nu v\u0103 vom cere niciodat\u0103 informa\u021bii personale.<br \/>\n&nbsp;<br \/>\n<strong>Declinare a responsabilit\u0103\u021bii<\/strong><br \/>\nBankweb.com nu \u00ee\u0219i asum\u0103 nicio responsabilitate pentru orice erori, daune sau pierderi financiare atunci c\u00e2nd semna\u021bi un acord cu un creditor ter\u021b. Astfel, Banca24 nu poate fi pus\u0103 \u00een litigiu cu privire la acordurile cu creditorii bancari externi. Bankweb.com invit\u0103 pe nimeni s\u0103 \u00eemprumute. Este o alegere personal\u0103 pe care trebuie s\u0103 o face\u021bi. Iar dac\u0103 ave\u021bi datorii \u0219i ave\u021bi probleme cu finan\u021bele personale, atunci trebuie s\u0103 v\u0103 ab\u021bine\u021bi de la \u00eemprumut.<br \/>\n&nbsp;<br \/>\n<strong>Modificarea acordului<\/strong><br \/>\nPot ap\u0103rea modific\u0103ri ale termenilor \u0219i condi\u021biilor noastre. Prin urmare, asigura\u021bi-v\u0103 c\u0103 v\u0103 p\u0103stra\u021bi cuno\u0219tin\u021bele actualizate vizit\u00e2nd aceast\u0103 pagin\u0103.<\/p>\n","protected":false},"excerpt":{"rendered":"<p>Confiden\u021bialitate Bankweb.com nu colecteaz\u0103 date personale de la dumneavoastr\u0103. Bankweb.com compar\u0103 numai creditorii de finan\u021bare privat\u0103, nu suntem responsabili de \u00eemprumuturi. Singurele informa\u021bii pe care site-ul web le salveaz\u0103 ca fi\u0219ier sunt reprezentate de cookie(s). Un cookie este un fi\u0219ier [&hellip;]<\/p>\n","protected":false},"author":4,"featured_media":0,"parent":0,"menu_order":0,"comment_status":"closed","ping_status":"closed","template":"","meta":{"footnotes":""},"class_list":["post-5543","page","type-page","status-publish","hentry"],"yoast_head":"<!-- This site is optimized with the Yoast SEO plugin v19.3 - https:\/\/yoast.com\/wordpress\/plugins\/seo\/ -->\n<title>confiden\u021bialitate - Bankweb.com Romania<\/title>\n<meta name=\"robots\" content=\"index, follow, max-snippet:-1, max-image-preview:large, max-video-preview:-1\" \/>\n<link rel=\"canonical\" href=\"https:\/\/www.bankweb.com\/ro\/confidentialitate\/\" \/>\n<meta name=\"twitter:card\" content=\"summary\" \/>\n<meta name=\"twitter:title\" content=\"confiden\u021bialitate - Bankweb.com Romania\" \/>\n<meta name=\"twitter:description\" content=\"Confiden\u021bialitate Bankweb.com nu colecteaz\u0103 date personale de la dumneavoastr\u0103. Bankweb.com compar\u0103 numai creditorii de finan\u021bare privat\u0103, nu suntem responsabili de \u00eemprumuturi. Singurele informa\u021bii pe care site-ul web le salveaz\u0103 ca fi\u0219ier sunt reprezentate de cookie(s). Un cookie este un fi\u0219ier [&hellip;]\" \/>\n<meta name=\"twitter:label1\" content=\"Ber\u00e4knad l\u00e4stid\" \/>\n\t<meta name=\"twitter:data1\" content=\"2 minuter\" \/>\n<script type=\"application\/ld+json\" class=\"yoast-schema-graph\">{\"@context\":\"https:\/\/schema.org\",\"@graph\":[{\"@type\":\"WebSite\",\"@id\":\"https:\/\/www.bankweb.com\/ro\/#website\",\"url\":\"https:\/\/www.bankweb.com\/ro\/\",\"name\":\"Bankweb.com Romania\",\"description\":\"\",\"potentialAction\":[{\"@type\":\"SearchAction\",\"target\":{\"@type\":\"EntryPoint\",\"urlTemplate\":\"https:\/\/www.bankweb.com\/ro\/?s={search_term_string}\"},\"query-input\":\"required name=search_term_string\"}],\"inLanguage\":\"sv-SE\"},{\"@type\":\"WebPage\",\"@id\":\"https:\/\/www.bankweb.com\/ro\/confidentialitate\/\",\"url\":\"https:\/\/www.bankweb.com\/ro\/confidentialitate\/\",\"name\":\"confiden\u021bialitate - Bankweb.com Romania\",\"isPartOf\":{\"@id\":\"https:\/\/www.bankweb.com\/ro\/#website\"},\"datePublished\":\"2018-01-03T10:18:14+00:00\",\"dateModified\":\"2018-05-25T07:27:09+00:00\",\"breadcrumb\":{\"@id\":\"https:\/\/www.bankweb.com\/ro\/confidentialitate\/#breadcrumb\"},\"inLanguage\":\"sv-SE\",\"potentialAction\":[{\"@type\":\"ReadAction\",\"target\":[\"https:\/\/www.bankweb.com\/ro\/confidentialitate\/\"]}]},{\"@type\":\"BreadcrumbList\",\"@id\":\"https:\/\/www.bankweb.com\/ro\/confidentialitate\/#breadcrumb\",\"itemListElement\":[{\"@type\":\"ListItem\",\"position\":1,\"name\":\"Hem\",\"item\":\"https:\/\/www.bankweb.com\/ro\/\"},{\"@type\":\"ListItem\",\"position\":2,\"name\":\"confiden\u021bialitate\"}]}]}<\/script>\n<!-- \/ Yoast SEO plugin. -->","yoast_head_json":{"title":"confiden\u021bialitate - Bankweb.com Romania","robots":{"index":"index","follow":"follow","max-snippet":"max-snippet:-1","max-image-preview":"max-image-preview:large","max-video-preview":"max-video-preview:-1"},"canonical":"https:\/\/www.bankweb.com\/ro\/confidentialitate\/","twitter_card":"summary","twitter_title":"confiden\u021bialitate - Bankweb.com Romania","twitter_description":"Confiden\u021bialitate Bankweb.com nu colecteaz\u0103 date personale de la dumneavoastr\u0103. Bankweb.com compar\u0103 numai creditorii de finan\u021bare privat\u0103, nu suntem responsabili de \u00eemprumuturi. Singurele informa\u021bii pe care site-ul web le salveaz\u0103 ca fi\u0219ier sunt reprezentate de cookie(s). Un cookie este un fi\u0219ier [&hellip;]","twitter_misc":{"Ber\u00e4knad l\u00e4stid":"2 minuter"},"schema":{"@context":"https:\/\/schema.org","@graph":[{"@type":"WebSite","@id":"https:\/\/www.bankweb.com\/ro\/#website","url":"https:\/\/www.bankweb.com\/ro\/","name":"Bankweb.com Romania","description":"","potentialAction":[{"@type":"SearchAction","target":{"@type":"EntryPoint","urlTemplate":"https:\/\/www.bankweb.com\/ro\/?s={search_term_string}"},"query-input":"required name=search_term_string"}],"inLanguage":"sv-SE"},{"@type":"WebPage","@id":"https:\/\/www.bankweb.com\/ro\/confidentialitate\/","url":"https:\/\/www.bankweb.com\/ro\/confidentialitate\/","name":"confiden\u021bialitate - Bankweb.com Romania","isPartOf":{"@id":"https:\/\/www.bankweb.com\/ro\/#website"},"datePublished":"2018-01-03T10:18:14+00:00","dateModified":"2018-05-25T07:27:09+00:00","breadcrumb":{"@id":"https:\/\/www.bankweb.com\/ro\/confidentialitate\/#breadcrumb"},"inLanguage":"sv-SE","potentialAction":[{"@type":"ReadAction","target":["https:\/\/www.bankweb.com\/ro\/confidentialitate\/"]}]},{"@type":"BreadcrumbList","@id":"https:\/\/www.bankweb.com\/ro\/confidentialitate\/#breadcrumb","itemListElement":[{"@type":"ListItem","position":1,"name":"Hem","item":"https:\/\/www.bankweb.com\/ro\/"},{"@type":"ListItem","position":2,"name":"confiden\u021bialitate"}]}]}},"_links":{"self":[{"href":"https:\/\/www.bankweb.com\/ro\/wp-json\/wp\/v2\/pages\/5543","targetHints":{"allow":["GET"]}}],"collection":[{"href":"https:\/\/www.bankweb.com\/ro\/wp-json\/wp\/v2\/pages"}],"about":[{"href":"https:\/\/www.bankweb.com\/ro\/wp-json\/wp\/v2\/types\/page"}],"author":[{"embeddable":true,"href":"https:\/\/www.bankweb.com\/ro\/wp-json\/wp\/v2\/users\/4"}],"replies":[{"embeddable":true,"href":"https:\/\/www.bankweb.com\/ro\/wp-json\/wp\/v2\/comments?post=5543"}],"version-history":[{"count":2,"href":"https:\/\/www.bankweb.com\/ro\/wp-json\/wp\/v2\/pages\/5543\/revisions"}],"predecessor-version":[{"id":5584,"href":"https:\/\/www.bankweb.com\/ro\/wp-json\/wp\/v2\/pages\/5543\/revisions\/5584"}],"wp:attachment":[{"href":"https:\/\/www.bankweb.com\/ro\/wp-json\/wp\/v2\/media?parent=5543"}],"curies":[{"name":"wp","href":"https:\/\/api.w.org\/{rel}","templated":true}]}}