{"id":5203,"date":"2017-08-31T11:30:52","date_gmt":"2017-08-31T11:30:52","guid":{"rendered":"http:\/\/www.bankweb.com\/ro\/?page_id=5203"},"modified":"2018-12-18T09:45:41","modified_gmt":"2018-12-18T09:45:41","slug":"start","status":"publish","type":"page","link":"https:\/\/www.bankweb.com\/ro\/","title":{"rendered":"Start"},"content":{"rendered":"<div class=\"entryfullfront\">\n<p>    <!--------Slides------>    <\/p>\n<div class=\"carousel slide carousel-fade\" data-ride=\"carousel\">\n\t\t<!-- Wrapper for slides --><\/p>\n<div class=\"carousel-inner\" role=\"listbox\">\n<div class=\"item active\" style=\" background: url(\/ro\/images\/slide.jpg) no-repeat top center ;\">\n<div class=\"overlay\">\n<div class=\"ittembold\">\n<div class=\"caption\">Bankweb.com &#8211; <br \/>Compara credite de nevoi personale, de la bancile din Romania!<\/div>\n<p><a href=\"\" class=\"bluebtn\">COMPARATII-  CREDITE DE NEVOI PERSONALE<\/a><\/div>\n<\/div><\/div>\n<div class=\"item\" style=\" background: url(\/ro\/images\/slide.jpg) no-repeat top center ;\">\n<div class=\"overlay\">\n<div class=\"ittembold\">\n<div class=\"caption\">Bankweb.com &#8211; <br \/>Compara credite de nevoi personale, de la bancile din Romania!<\/div>\n<p><a href=\"\"  class=\"bluebtn\">COMPARATII-  CREDITE DE NEVOI PERSONALE<\/a><\/div>\n<\/div><\/div>\n<\/p><\/div>\n<p>        <a class=\"left carouselbtn\" href=\".carousel\" role=\"button\" data-slide=\"prev\"><<\/a><br \/>\n        <a class=\"right carouselbtn\" href=\".carousel\" role=\"button\" data-slide=\"next\">><\/a><\/p><\/div>\n<\/div>\n<p>    <!---- below Image Blocks----><\/p>\n<div class=\"container\">\n<div class=\" homeblocks row\">\n<div class=\"col5\">\n<div class=\"inner\" style=\"background-color:#1ebee4;\">\n<div class=\"border\">\n<div class=\"image\" style=\"background: url(\/ro\/images\/personal_loan.png) no-repeat center center ;\"><\/div>\n<h3><a class=\"whitefront\" href=\"https:\/\/www.bankweb.com\/ro\/imprumut\/\">Imprumut rapid online<\/a><\/h3>\n<\/p><\/div>\n<\/p><\/div>\n<\/p><\/div>\n<\/p><\/div>\n<\/p><\/div>\n<\/p><\/div>\n<\/div>\n<p>&nbsp;<\/p>\n<h1>Tot Ce Trebuie S\u0103 \u0218ti\u021bi Despre \u00cemprumuturi \u0218i Credite<\/h1>\n<p>Majoritatea \u00eemprumuturilor sunt destul de evidente. De obicei, obiectul lor se afl\u0103 chiar \u00een nume: \u00eemprumuturile sau creditele pentru locuin\u021be sunt pentru ipoteci atunci c\u00e2nd cump\u0103ra\u021bi o cas\u0103, \u00eemprumuturile auto sunt ma\u0219ini, iar \u00eemprumuturile pentru studen\u021bi sunt pentru educa\u021bie.<br \/>\n&nbsp;<br \/>\nDar ce alte tipuri de <a href=\"https:\/\/www.bankweb.com\/ro\/imprumut\/\">credite<\/a> nu sunt at\u00e2t de evidente? Dac\u0103 a\u021bi auzit de \u00eemprumuturi personale, v\u0103 pute\u021bi \u00eentreba: \u201eCum func\u021bioneaz\u0103 \u00eemprumuturile personale?\u201d. Nu este clar imediat ce tip de \u00eemprumut este, \u0219i chiar mai pu\u021bin evident este cine ar trebui s\u0103 utilizeze aceste \u00eemprumuturi \u0219i c\u00e2nd.<br \/>\n&nbsp;<\/p>\n<h2>Credite Personale<\/h2>\n<p>Un \u00eemprumut personal este un \u00eemprumut negarantat. Asta \u00eenseamn\u0103 c\u0103 nu este nevoie s\u0103 oferi\u021bi garan\u021bii sau pl\u0103\u021bi \u00een avans pentru a primi fonduri. Pute\u021bi solicita un \u00eemprumut personal prin intermediul a numeroase institu\u021bii financiare diferite.<br \/>\n&nbsp;<br \/>\nB\u0103ncile tradi\u021bionale \u0219i uniunile de credit le ofer\u0103, la fel ca \u0219i unele societ\u0103\u021bi financiare online. Este inteligent s\u0103 face\u021bi cump\u0103r\u0103turi dac\u0103 sunte\u021bi \u00een c\u0103utarea unui astfel de \u00eemprumut deoarece termenii, ratele dob\u00e2nzilor \u0219i alte taxe vor varia de la afaceri la afacere. Dac\u0103 v\u0103 \u00eentreba\u021bi \u201eCum func\u021bioneaz\u0103 \u00eemprumuturile personale?\u201d, trebuie s\u0103 \u0219ti\u021bi c\u0103 acestea sunt destul de simplu de accesat. C\u00e2nd aplica\u021bi \u0219i primi\u021bi aprobarea \u00eemprumutului, ve\u021bi primi suma solicitat\u0103 \u00eentr-o sum\u0103 \u00eentreag\u0103.<br \/>\n&nbsp;<br \/>\nPl\u0103ti\u021bi \u00eenapoi acei bani \u00een rate. Perioada de timp a acestor pl\u0103\u021bi este determinat\u0103 de condi\u021biile specifice ale \u00eemprumutului. Rata dob\u00e2nzii la \u00eemprumutul dvs. este determinat\u0103 de salariu dar \u0219i de perioada \u00eemprumutului. Cu c\u00e2t scorul este mai bun, cu at\u00e2t va fi mai favorabil\u0103 rata dob\u00e2nzii. O rat\u0103 mare v\u0103 va economisi bani atunci c\u00e2nd ve\u021bi rambursa datoria pentru c\u0103 vi se va cere s\u0103 pl\u0103ti\u021bi mai pu\u021bin pe dob\u00e2nd\u0103.<br \/>\n&nbsp;<br \/>\n<img loading=\"lazy\" decoding=\"async\" src=\"https:\/\/www.bankweb.com\/ro\/wp-content\/uploads\/2018\/05\/COMPARA-CREDITE-1024x768.jpg\" alt=\"COMPARA CREDITE\" width=\"380\" height=\"435\" class=\"alignnone size-large wp-image-5587\" \/><br \/>\n&nbsp;<br \/>\nAsigura\u021bi-v\u0103 mereu \u0219i lua\u021bi credite personale cu rat\u0103 fix\u0103 pentru a fi siguri c\u0103 rata dob\u00e2nzii pe care o primi\u021bi nu se va schimba pe m\u0103sur\u0103 ce achita\u021bi soldul. Aceste detalii trebuie s\u0103 fie tip\u0103rite \u0219i incluse \u00een termenii \u00eemprumutului. Citi\u021bi toate detaliile \u0219i \u00een\u021belege\u021bi \u00een totalitate \u00eemprumutul \u00eenainte de a semna orice documenta\u021bie.<br \/>\n&nbsp;<\/p>\n<h3>\u00cemprumuturi Rapide<\/h3>\n<p>\u00cemprumuturile rapide sunt mici \u00eemprumuturi pe care le pute\u021bi utiliza atunci c\u00e2nd r\u0103m\u00e2ne\u021bi temporar f\u0103r\u0103 bani. Cel mai adesea, \u00eemprumuturile rapide sunt \u00eemprumuturi pe termen scurt (dou\u0103-opt s\u0103pt\u0103m\u00e2ni) pentru o sum\u0103 modest\u0103 de bani (c\u00e2teva sute de lei). Pentru a ob\u021bine un \u00eemprumut rapid, de obicei, contacta\u021bi firma care se ocup\u0103 cu aceast\u0103 activitate prin telefon sau email \u0219i stabili\u021bi detaliile contractului.<br \/>\n&nbsp;<br \/>\nDe obicei, dac\u0103 nu v\u0103 pute\u021bi rambursa <a href=\"https:\/\/www.bankweb.com\/ro\/imprumut\/\">\u00eemprumutul rapid<\/a> atunci c\u00e2nd ave\u021bi o urgen\u021b\u0103 sau doar o anumit\u0103 rat\u0103, pute\u021bi uneori s\u0103 \u00eel prelungi\u021bi. Nu trebuie s\u0103 rambursa\u021bi, dar taxele se acumuleaz\u0103.<br \/>\n&nbsp;<br \/>\nFinan\u021batorii sau companiile care ofer\u0103 astfel de \u00eemprumuturi pun mare accent pe rapiditatea cu care pute\u021bi ob\u021bine banii. \u00cen general, analiza cererii de \u00eemprumut rapid se face imediat, astfel c\u0103 pute\u021bi intra \u00een posesia banilor relativ repede \u2013 aproape \u00eentotdeauna chiar \u00een ziua solicit\u0103rii creditului.<br \/>\n&nbsp;<br \/>\n\u00cen Rom\u00e2nia, plafonul maxim pentru astfel de credite const\u0103 \u00een faptul c\u0103 totalul dob\u00e2nzilor penalizatoare niciodat\u0103 nu poate dep\u0103\u0219i principalul restant. Chiar \u0219i a\u0219a, costul \u00eemprumuturilor se \u00eentinde pe o plaj\u0103 foarte larg\u0103, astfel c\u0103 DAE poate ajunge, \u00een cazuri rare, la 100.000% sau chiar peste.<br \/>\n&nbsp;<\/p>\n<h4>Carduri de Credit\/Carduri Pre-pl\u0103tite<\/h4>\n<p>Spre deosebire de un card de credit, un card prepl\u0103tit (prepaid) nu este conectat la un cont bancar. \u00cen general, atunci c\u00e2nd utiliza\u021bi un card prepl\u0103tit, cheltui\u021bi bani pe care i-a\u021bi \u00eenc\u0103rcat deja pe card.<br \/>\n&nbsp;<br \/>\n<img loading=\"lazy\" decoding=\"async\" src=\"https:\/\/www.bankweb.com\/ro\/wp-content\/uploads\/2018\/05\/Credite-683x1024.jpg\" alt=\"Credite\" width=\"380\" height=\"870\" class=\"alignnone size-large wp-image-5588\" \/><br \/>\n&nbsp;<br \/>\n\u00cen majoritatea cazurilor, nu pute\u021bi cheltui mai mul\u021bi bani dec\u00e2t a\u021bi \u00eenc\u0103rcat deja pe cardul prepl\u0103tit. Nu exist\u0103 descoperire de card \u00een cazul acestuia. Banca dvs. v\u0103 poate percepe o tax\u0103 pentru acoperirea costului unei achizi\u021bii sau a retragerii de la ATM care dep\u0103\u0219e\u0219te ceea ce ave\u021bi \u00een cont, dar doar \u00een cazul unui card de credit.<br \/>\n&nbsp;<br \/>\nCardurile prepl\u0103tite sunt foarte diferite de cardurile de credit. Acest lucru poate fi confuz, deoarece ambele tipuri de carduri pot avea o sigl\u0103 a re\u021belei de carduri precum Visa, MasterCard, American Express sau Discover pe ele. C\u00e2nd utiliza\u021bi un card de credit, \u00eemprumuta\u021bi bani. \u00cen general, atunci c\u00e2nd utiliza\u021bi un card prepl\u0103tit, cheltui\u021bi banii \u00eenc\u0103rca\u021bi pe card \u00een avans.<br \/>\n&nbsp;<\/p>\n<h4>Credite de Business<\/h4>\n<p>Afacerile necesit\u0103 diverse sume de capital pentru a finan\u021ba cheltuielile de pornire sau pentru a pl\u0103ti pentru extindere.<br \/>\n&nbsp;<br \/>\nCa atare, companiile iau \u00eemprumuturi pentru afaceri, sau credite business, pentru a ob\u021bine asisten\u021ba financiar\u0103 de care au nevoie. Un \u00eemprumut de afaceri este datoria pe care compania este obligat\u0103 s\u0103 o ramburseze \u00een conformitate cu termenii \u0219i condi\u021biile \u00eemprumutului.<br \/>\n&nbsp;<br \/>\nCompaniile au o varietate de op\u021biuni de \u00eemprumut din care pot alege. Creditele bancare tradi\u021bionale sunt cea mai popular\u0103 surs\u0103 de finan\u021bare, \u00eens\u0103 asigurarea unui \u00eemprumut de la o banc\u0103 nu este o sarcin\u0103 u\u0219oar\u0103. \u00cen afar\u0103 de op\u021biunile de \u00eemprumut comercial, companiile pot aplica pentru linii de credit de origine proprie dac\u0103 unul sau mai mul\u021bi proprietari ai companiei sunt proprietari de locuin\u021be.<\/p>\n","protected":false},"excerpt":{"rendered":"<p>Bankweb.com &#8211; Compara credite de nevoi personale, de la bancile din Romania! COMPARATII- CREDITE DE NEVOI PERSONALE Bankweb.com &#8211; Compara credite de nevoi personale, de la bancile din Romania! COMPARATII- CREDITE DE NEVOI PERSONALE Imprumut rapid online &nbsp; Tot Ce [&hellip;]<\/p>\n","protected":false},"author":4,"featured_media":0,"parent":0,"menu_order":0,"comment_status":"closed","ping_status":"closed","template":"","meta":{"footnotes":""},"class_list":["post-5203","page","type-page","status-publish","hentry"],"yoast_head":"<!-- This site is optimized with the Yoast SEO plugin v19.3 - https:\/\/yoast.com\/wordpress\/plugins\/seo\/ -->\n<title>COMPARATII - CREDITE DE NEVOI PERSONALE<\/title>\n<meta name=\"description\" content=\"Aici vei putea vedea topul creditelor de nevoi personale, oferite de institutiile bancare din Romania. Tot Ce Trebuie S\u0103 \u0218ti\u021bi Despre \u00cemprumuturi \u0218i Credite\" \/>\n<meta name=\"robots\" content=\"index, follow, max-snippet:-1, max-image-preview:large, max-video-preview:-1\" \/>\n<link rel=\"canonical\" href=\"https:\/\/www.bankweb.com\/ro\/\" \/>\n<meta name=\"twitter:card\" content=\"summary\" \/>\n<meta name=\"twitter:title\" content=\"COMPARATII - CREDITE DE NEVOI PERSONALE\" \/>\n<meta name=\"twitter:description\" content=\"Aici vei putea vedea topul creditelor de nevoi personale, oferite de institutiile bancare din Romania. Tot Ce Trebuie S\u0103 \u0218ti\u021bi Despre \u00cemprumuturi \u0218i Credite\" \/>\n<meta name=\"twitter:image\" content=\"https:\/\/www.bankweb.com\/ro\/wp-content\/uploads\/2018\/05\/COMPARA-CREDITE.jpg\" \/>\n<meta name=\"twitter:label1\" content=\"Ber\u00e4knad l\u00e4stid\" \/>\n\t<meta name=\"twitter:data1\" content=\"5 minuter\" \/>\n<script type=\"application\/ld+json\" class=\"yoast-schema-graph\">{\"@context\":\"https:\/\/schema.org\",\"@graph\":[{\"@type\":\"WebSite\",\"@id\":\"https:\/\/www.bankweb.com\/ro\/#website\",\"url\":\"https:\/\/www.bankweb.com\/ro\/\",\"name\":\"Bankweb.com Romania\",\"description\":\"\",\"potentialAction\":[{\"@type\":\"SearchAction\",\"target\":{\"@type\":\"EntryPoint\",\"urlTemplate\":\"https:\/\/www.bankweb.com\/ro\/?s={search_term_string}\"},\"query-input\":\"required name=search_term_string\"}],\"inLanguage\":\"sv-SE\"},{\"@type\":\"ImageObject\",\"inLanguage\":\"sv-SE\",\"@id\":\"https:\/\/www.bankweb.com\/ro\/#primaryimage\",\"url\":\"https:\/\/www.bankweb.com\/ro\/wp-content\/uploads\/2018\/05\/COMPARA-CREDITE.jpg\",\"contentUrl\":\"https:\/\/www.bankweb.com\/ro\/wp-content\/uploads\/2018\/05\/COMPARA-CREDITE.jpg\",\"width\":1920,\"height\":1440,\"caption\":\"COMPARA CREDITE\"},{\"@type\":\"WebPage\",\"@id\":\"https:\/\/www.bankweb.com\/ro\/\",\"url\":\"https:\/\/www.bankweb.com\/ro\/\",\"name\":\"COMPARATII - CREDITE DE NEVOI PERSONALE\",\"isPartOf\":{\"@id\":\"https:\/\/www.bankweb.com\/ro\/#website\"},\"primaryImageOfPage\":{\"@id\":\"https:\/\/www.bankweb.com\/ro\/#primaryimage\"},\"datePublished\":\"2017-08-31T11:30:52+00:00\",\"dateModified\":\"2018-12-18T09:45:41+00:00\",\"description\":\"Aici vei putea vedea topul creditelor de nevoi personale, oferite de institutiile bancare din Romania. Tot Ce Trebuie S\u0103 \u0218ti\u021bi Despre \u00cemprumuturi \u0218i Credite\",\"breadcrumb\":{\"@id\":\"https:\/\/www.bankweb.com\/ro\/#breadcrumb\"},\"inLanguage\":\"sv-SE\",\"potentialAction\":[{\"@type\":\"ReadAction\",\"target\":[\"https:\/\/www.bankweb.com\/ro\/\"]}]},{\"@type\":\"BreadcrumbList\",\"@id\":\"https:\/\/www.bankweb.com\/ro\/#breadcrumb\",\"itemListElement\":[{\"@type\":\"ListItem\",\"position\":1,\"name\":\"Hem\",\"item\":\"https:\/\/www.bankweb.com\/ro\/\"},{\"@type\":\"ListItem\",\"position\":2,\"name\":\"Start\"}]}]}<\/script>\n<!-- \/ Yoast SEO plugin. -->","yoast_head_json":{"title":"COMPARATII - CREDITE DE NEVOI PERSONALE","description":"Aici vei putea vedea topul creditelor de nevoi personale, oferite de institutiile bancare din Romania. Tot Ce Trebuie S\u0103 \u0218ti\u021bi Despre \u00cemprumuturi \u0218i Credite","robots":{"index":"index","follow":"follow","max-snippet":"max-snippet:-1","max-image-preview":"max-image-preview:large","max-video-preview":"max-video-preview:-1"},"canonical":"https:\/\/www.bankweb.com\/ro\/","twitter_card":"summary","twitter_title":"COMPARATII - CREDITE DE NEVOI PERSONALE","twitter_description":"Aici vei putea vedea topul creditelor de nevoi personale, oferite de institutiile bancare din Romania. Tot Ce Trebuie S\u0103 \u0218ti\u021bi Despre \u00cemprumuturi \u0218i Credite","twitter_image":"https:\/\/www.bankweb.com\/ro\/wp-content\/uploads\/2018\/05\/COMPARA-CREDITE.jpg","twitter_misc":{"Ber\u00e4knad l\u00e4stid":"5 minuter"},"schema":{"@context":"https:\/\/schema.org","@graph":[{"@type":"WebSite","@id":"https:\/\/www.bankweb.com\/ro\/#website","url":"https:\/\/www.bankweb.com\/ro\/","name":"Bankweb.com Romania","description":"","potentialAction":[{"@type":"SearchAction","target":{"@type":"EntryPoint","urlTemplate":"https:\/\/www.bankweb.com\/ro\/?s={search_term_string}"},"query-input":"required name=search_term_string"}],"inLanguage":"sv-SE"},{"@type":"ImageObject","inLanguage":"sv-SE","@id":"https:\/\/www.bankweb.com\/ro\/#primaryimage","url":"https:\/\/www.bankweb.com\/ro\/wp-content\/uploads\/2018\/05\/COMPARA-CREDITE.jpg","contentUrl":"https:\/\/www.bankweb.com\/ro\/wp-content\/uploads\/2018\/05\/COMPARA-CREDITE.jpg","width":1920,"height":1440,"caption":"COMPARA CREDITE"},{"@type":"WebPage","@id":"https:\/\/www.bankweb.com\/ro\/","url":"https:\/\/www.bankweb.com\/ro\/","name":"COMPARATII - CREDITE DE NEVOI PERSONALE","isPartOf":{"@id":"https:\/\/www.bankweb.com\/ro\/#website"},"primaryImageOfPage":{"@id":"https:\/\/www.bankweb.com\/ro\/#primaryimage"},"datePublished":"2017-08-31T11:30:52+00:00","dateModified":"2018-12-18T09:45:41+00:00","description":"Aici vei putea vedea topul creditelor de nevoi personale, oferite de institutiile bancare din Romania. Tot Ce Trebuie S\u0103 \u0218ti\u021bi Despre \u00cemprumuturi \u0218i Credite","breadcrumb":{"@id":"https:\/\/www.bankweb.com\/ro\/#breadcrumb"},"inLanguage":"sv-SE","potentialAction":[{"@type":"ReadAction","target":["https:\/\/www.bankweb.com\/ro\/"]}]},{"@type":"BreadcrumbList","@id":"https:\/\/www.bankweb.com\/ro\/#breadcrumb","itemListElement":[{"@type":"ListItem","position":1,"name":"Hem","item":"https:\/\/www.bankweb.com\/ro\/"},{"@type":"ListItem","position":2,"name":"Start"}]}]}},"_links":{"self":[{"href":"https:\/\/www.bankweb.com\/ro\/wp-json\/wp\/v2\/pages\/5203","targetHints":{"allow":["GET"]}}],"collection":[{"href":"https:\/\/www.bankweb.com\/ro\/wp-json\/wp\/v2\/pages"}],"about":[{"href":"https:\/\/www.bankweb.com\/ro\/wp-json\/wp\/v2\/types\/page"}],"author":[{"embeddable":true,"href":"https:\/\/www.bankweb.com\/ro\/wp-json\/wp\/v2\/users\/4"}],"replies":[{"embeddable":true,"href":"https:\/\/www.bankweb.com\/ro\/wp-json\/wp\/v2\/comments?post=5203"}],"version-history":[{"count":33,"href":"https:\/\/www.bankweb.com\/ro\/wp-json\/wp\/v2\/pages\/5203\/revisions"}],"predecessor-version":[{"id":5600,"href":"https:\/\/www.bankweb.com\/ro\/wp-json\/wp\/v2\/pages\/5203\/revisions\/5600"}],"wp:attachment":[{"href":"https:\/\/www.bankweb.com\/ro\/wp-json\/wp\/v2\/media?parent=5203"}],"curies":[{"name":"wp","href":"https:\/\/api.w.org\/{rel}","templated":true}]}}