{"id":5483,"date":"2018-06-01T08:55:26","date_gmt":"2018-06-01T08:55:26","guid":{"rendered":"https:\/\/www.bankweb.com\/pl\/?page_id=5483"},"modified":"2021-05-18T12:40:37","modified_gmt":"2021-05-18T12:40:37","slug":"kredyty-konsumenckie","status":"publish","type":"page","link":"https:\/\/www.bankweb.com\/pl\/kredyty-konsumenckie\/","title":{"rendered":"Kredyty Konsumenckie"},"content":{"rendered":"<h1 class=\"kredith1\">Co warto wiedzie\u0107 przed zaci\u0105gni\u0119ciem kredytu got\u00f3wkowego?<\/h1>\n<p>W \u017cyciu wielu os\u00f3b przychodzi moment, w kt\u00f3rym pojawia si\u0119 potrzeba zdobycia du\u017cej ilo\u015bci got\u00f3wki w kr\u00f3tkim czasie. Wesele, narodziny dziecka, zakup domu czy te\u017c samochodu. Potrzeby s\u0105 rozmaite i w wielu sytuacjach kompletnie nie da si\u0119 ich przewidzie\u0107.<br \/>\n&nbsp;<br \/>\n<script>\n\tvar adtWidget = adtWidget || {};\n\tadtWidget.settings = {\n\t\tchannelId: 1244212392,\n\t\tmarket: 'PL',\n\t\ttitle: 'Po\u017cyczki online',\n\t\tfeed: 'mix'\n\t};\n<\/script><\/p>\n<div id=\"adt-widget-placeholder\"><\/div>\n<p><script defer src=\"https:\/\/cdn.adtr-ct.com\/widgets\/compare-loans\/js\/client\/widget.client.min.js\"><\/script><br \/>\n&nbsp;<br \/>\nGdy pojawi\u0105 si\u0119 nieoczekiwane wydatki, z kt\u00f3rymi nie jeste\u015bmy sobie w stanie poradzi\u0107, z pomoc\u0105 przychodz\u0105 banki ze swoj\u0105 ofert\u0105 kredyt\u00f3w got\u00f3wkowych. Takie rozwi\u0105zanie mo\u017ce okaza\u0107 si\u0119 dobrym pomys\u0142em, jednak przed podj\u0119ciem decyzji warto pozna\u0107 wady i zalety takiej opcji, aby p\u00f3\u017aniej niczego nie \u017ca\u0142owa\u0107.<br \/>\n&nbsp;<\/p>\n<h2>Zalety kredytu got\u00f3wkowego<\/h2>\n<p>Kredyty got\u00f3wkowe s\u0105 bardzo popularn\u0105 form\u0105 po\u017cyczek bankowych. Udzielane s\u0105 one nie tylko osobom fizycznym, ale r\u00f3wnie\u017c firmom.<br \/>\n&nbsp;<br \/>\n<img loading=\"lazy\" decoding=\"async\" src=\"https:\/\/www.bankweb.com\/pl\/wp-content\/uploads\/2018\/06\/kredytu-got\u00f3wkowego-1024x768.jpg\" alt=\"kredytu got\u00f3wkowego\" width=\"580\" height=\"435\" class=\"alignnone size-large wp-image-5490\" srcset=\"https:\/\/www.bankweb.com\/pl\/wp-content\/uploads\/2018\/06\/kredytu-got\u00f3wkowego-1024x768.jpg 1024w, https:\/\/www.bankweb.com\/pl\/wp-content\/uploads\/2018\/06\/kredytu-got\u00f3wkowego-300x225.jpg 300w, https:\/\/www.bankweb.com\/pl\/wp-content\/uploads\/2018\/06\/kredytu-got\u00f3wkowego-768x576.jpg 768w, https:\/\/www.bankweb.com\/pl\/wp-content\/uploads\/2018\/06\/kredytu-got\u00f3wkowego.jpg 1920w\" sizes=\"auto, (max-width: 580px) 100vw, 580px\" \/><br \/>\n&nbsp;<br \/>\nBardzo du\u017cym plusem takiego rodzaju kredytu jest fakt, \u017ce bank przewa\u017cnie udziela po\u017cyczki na dowolne cele. Osoba po\u017cyczaj\u0105ca pieni\u0105dze nie ma obowi\u0105zku wykazywania i udzielania szczeg\u00f3\u0142owych informacji na temat celu po\u017cyczki.<br \/>\n&nbsp;<br \/>\nKolejnym wa\u017cnym aspektem jest ograniczenie formalno\u015bci do minimum. Cz\u0119sto wniosek mo\u017cna z\u0142o\u017cy\u0107 internetowo, a dopiero p\u00f3\u017aniejsze formalno\u015bci za\u0142atwia\u0107 w plac\u00f3wce banku. Jest to spore udogodnienie dla os\u00f3b, kt\u00f3re denerwuj\u0105 si\u0119 na sam\u0105 my\u015bl o staniu w nieko\u0144cz\u0105cych si\u0119 kolejkach.<br \/>\n&nbsp;<br \/>\nM\u00f3wi\u0105c o zaletach, warto wspomnie\u0107 r\u00f3wnie\u017c o fakcie, \u017ce do uzyskania takiego kredytu zwykle wystarczy wykazanie jakiegokolwiek \u017ar\u00f3d\u0142a dochodu. Dodatkowo po przedstawieniu odpowiednich dokument\u00f3w, na decyzj\u0119 o udzieleniu po\u017cyczki nie trzeba d\u0142ugo czeka\u0107. Czasami zdarza si\u0119 nawet, \u017ce zajmuje to tylko jeden dzie\u0144 roboczy. W przypadku gdy ma si\u0119 ma\u0142o czasu na uzyskanie po\u017cyczki, kredyt got\u00f3wkowy jest jednym z lepszych rozwi\u0105za\u0144.<br \/>\n&nbsp;<\/p>\n<h3>Wady kredyt\u00f3w got\u00f3wkowych<\/h3>\n<p>Najwi\u0119ksz\u0105 wad\u0105 kredyt\u00f3w got\u00f3wkowych jest stosunkowo wysokie oprocentowanie, kt\u00f3re zwykle osi\u0105ga warto\u015b\u0107 kilkunastu procent. Oczywi\u015bcie ostateczne oprocentowanie zale\u017cy od wielu czynnik\u00f3w, takich jak wysoko\u015b\u0107 raty czy te\u017c d\u0142ugo\u015b\u0107 oraz suma po\u017cyczki. Nie da si\u0119 jednak ukry\u0107, \u017ce kredyt got\u00f3wkowy wychodzi zwyczajnie drogo w por\u00f3wnaniu do innych form po\u017cyczki.<br \/>\n&nbsp;<br \/>\nKolejnym minusem kredytu got\u00f3wkowego jest prowizja, kt\u00f3ra pobiera bank od \u0142\u0105cznej kwoty kredytu.<br \/>\nProwizja ta mo\u017ce si\u0119ga\u0107 nawet pi\u0119ciu procent, co w po\u0142\u0105czeniu z oprocentowaniem tworzy ju\u017c niema\u0142\u0105 kwot\u0119.<br \/>\n&nbsp;<\/p>\n<h4>Jak wybra\u0107 odpowiedni kredyt?<\/h4>\n<p>Aby wybra\u0107 najkorzystniejszy kredyt, warto najpierw rozezna\u0107 si\u0119 w ofercie poszczeg\u00f3lnych plac\u00f3wek bankowych. W internecie mo\u017cna znale\u017a\u0107 ogromn\u0105 ilo\u015b\u0107 stron z por\u00f3wnaniami, recenzjami czy nawet rankingami kredyt\u00f3w.<br \/>\n&nbsp;<br \/>\nTakie opisy czy listy rankingowe zwykle obejmuj\u0105 wszelkie potrzebne oraz istotne informacje o oprocentowaniu, warunkach czy kwocie, na kt\u00f3r\u0105 dany bank udziela kredytu. Oczywi\u015bcie warto te\u017c na w\u0142asn\u0105 r\u0119k\u0119 sprawdzi\u0107 dok\u0142adnie informacje na temat oferty.<br \/>\n&nbsp;<br \/>\nBardzo wa\u017cne s\u0105 te\u017c opinie na temat bank\u00f3w, kt\u00f3re nas interesuj\u0105. Dobr\u0105 praktyk\u0105 jest r\u00f3wnie\u017c zapoznanie si\u0119 z regulaminami, aby unikn\u0105\u0107 w p\u00f3\u017aniejszym czasie przykrych rozczarowa\u0144 lub nieporozumie\u0144.<br \/>\n&nbsp;<br \/>\n<img loading=\"lazy\" decoding=\"async\" src=\"https:\/\/www.bankweb.com\/pl\/wp-content\/uploads\/2018\/06\/kredyty-konsumenckie-1024x637.jpg\" alt=\"kredyty konsumenckie\" width=\"580\" height=\"361\" class=\"alignnone size-large wp-image-5491\" srcset=\"https:\/\/www.bankweb.com\/pl\/wp-content\/uploads\/2018\/06\/kredyty-konsumenckie-1024x637.jpg 1024w, https:\/\/www.bankweb.com\/pl\/wp-content\/uploads\/2018\/06\/kredyty-konsumenckie-300x187.jpg 300w, https:\/\/www.bankweb.com\/pl\/wp-content\/uploads\/2018\/06\/kredyty-konsumenckie-768x478.jpg 768w, https:\/\/www.bankweb.com\/pl\/wp-content\/uploads\/2018\/06\/kredyty-konsumenckie.jpg 1920w\" sizes=\"auto, (max-width: 580px) 100vw, 580px\" \/><br \/>\n&nbsp;<br \/>\nPrzy wyborze kredytu got\u00f3wkowego nale\u017cy zwr\u00f3ci\u0107 uwag\u0119 na oprocentowanie, jednak to nie wszystko. Dobrze jest te\u017c zwr\u00f3ci\u0107 uwag\u0119 na prowizj\u0119, kt\u00f3r\u0105 pobiera bank. Cz\u0119sto ta kwota mo\u017ce si\u0119ga\u0107 nawet kilku procent, wi\u0119c jest to r\u00f3wnie\u017c do\u015b\u0107 istotne, zw\u0142aszcza w przypadku zaci\u0105gania po\u017cyczki na wi\u0119ksz\u0105 kwot\u0119.<br \/>\n&nbsp;<br \/>\nWarto te\u017c dok\u0142adnie sprawdzi\u0107, jakie s\u0105 mo\u017cliwo\u015bci doboru d\u0142ugo\u015bci czasu sp\u0142aty oraz wysoko\u015bci rat. Podstaw\u0105 jest znalezienie opcji na tyle elastycznej, aby potem nie by\u0142o problem\u00f3w ze sp\u0142at\u0105. Cz\u0119sto mo\u017cna si\u0119 te\u017c spotka\u0107 z mo\u017cliwo\u015bci\u0105 wcze\u015bniejszej sp\u0142aty kredytu bez ponoszenia dalszych op\u0142at. Warto przyjrze\u0107 si\u0119 takiej opcji, je\u015bli jest mo\u017cliwo\u015b\u0107, \u017ce podczas sp\u0142aty kredytu b\u0119dziemy w stanie wcze\u015bniej go sp\u0142aci\u0107.<br \/>\n&nbsp;<\/p>\n<h4>Czy warto bra\u0107 kredyt?<\/h4>\n<p>Na pytanie, czy warto bra\u0107 kredyt, musimy odpowiedzie\u0107 sobie sami. Je\u015bli pojawia si\u0119 nag\u0142a potrzeba, nieplanowany wydatek czy te\u017c okazja do inwestycji, warto wtedy rozwa\u017cy\u0107 opcj\u0119 skorzystania z po\u017cyczki w banku. Je\u017celi mamy pomys\u0142 na biznes lub inwestycje, powinni\u015bmy by\u0107 ostro\u017cni.<br \/>\n&nbsp;<br \/>\nStara dobra zasada m\u00f3wi, \u017ceby nie inwestowa\u0107 pieni\u0119dzy, kt\u00f3rych nie mo\u017cemy straci\u0107. Wyj\u0105tkiem s\u0105 sytuacje, gdy bierze si\u0119 kredyt, chocia\u017cby na mieszkanie, jest to zwykle do\u015b\u0107 bezpieczna forma inwestycji, natomiast r\u00f3wnie\u017c nale\u017cy dok\u0142adnie zbada\u0107 rynek przed tak\u0105 decyzj\u0105.<br \/>\n&nbsp;<br \/>\nCzasami warto te\u017c skorzysta\u0107 z pomocy rodziny, nierzadko okazuje si\u0119, \u017ce kt\u00f3ry\u015b z cz\u0142onk\u00f3w rodziny ma spore oszcz\u0119dno\u015bci na tak zwan\u0105 czarn\u0105 godzin\u0119 i jest w stanie udzieli\u0107 nam nieoprocentowanej po\u017cyczki. Oczywi\u015bcie nie ka\u017cdy ma tak\u0105 opcj\u0119, wtedy pozostaje opcja zapo\u017cyczenia si\u0119 w banku.<br \/>\n&nbsp;<br \/>\nCo do samego kredytu got\u00f3wkowego. Ten wariant po\u017cyczki sprawdza si\u0119 przede wszystkim w sytuacjach, gdy nieoczekiwanie potrzebujemy pieni\u0119dzy i chcemy mo\u017cliwie szybko je uzyska\u0107. Cen\u0105 za szybko\u015b\u0107 uzyskania decyzji oraz niewielkie formalno\u015bci jest niestety stosunkowo du\u017ce oprocentowanie.<br \/>\n&nbsp;<br \/>\nDobrze jest r\u00f3wnie\u017c pami\u0119ta\u0107 o tym, \u017ce maksymalna kwota po\u017cyczki na taki rodzaj kredytu oscyluje w granicach 200 do 250 tysi\u0119cy z\u0142otych.<\/p>\n","protected":false},"excerpt":{"rendered":"<p>Co warto wiedzie\u0107 przed zaci\u0105gni\u0119ciem kredytu got\u00f3wkowego? W \u017cyciu wielu os\u00f3b przychodzi moment, w kt\u00f3rym pojawia si\u0119 potrzeba zdobycia du\u017cej ilo\u015bci got\u00f3wki w kr\u00f3tkim czasie. Wesele, narodziny dziecka, zakup domu czy te\u017c samochodu. Potrzeby s\u0105 rozmaite i w wielu sytuacjach [&hellip;]<\/p>\n","protected":false},"author":1,"featured_media":0,"parent":0,"menu_order":0,"comment_status":"closed","ping_status":"closed","template":"","meta":{"footnotes":""},"class_list":["post-5483","page","type-page","status-publish","hentry"],"psp_head":"<title>Kredyt got\u00f3wkowy - tani ranking kredyt\u00f3w 2018 najta\u0144szy \u2013 Bankweb Poland<\/title>\r\n<meta name=\"description\" content=\"Por\u00f3wnaj oferty po\u017cyczek i kredyt\u00f3w got\u00f3wkowych - Sprawd\u017a gdzie zap\u0142acisz najni\u017csza rat\u0119 za kredyt got\u00f3wkowy\" \/>\r\n<meta name=\"robots\" content=\"index,follow\" \/>\r\n<link rel=\"canonical\" href=\"https:\/\/www.bankweb.com\/pl\/kredyty-konsumenckie\/\" \/>\r\n","_links":{"self":[{"href":"https:\/\/www.bankweb.com\/pl\/wp-json\/wp\/v2\/pages\/5483","targetHints":{"allow":["GET"]}}],"collection":[{"href":"https:\/\/www.bankweb.com\/pl\/wp-json\/wp\/v2\/pages"}],"about":[{"href":"https:\/\/www.bankweb.com\/pl\/wp-json\/wp\/v2\/types\/page"}],"author":[{"embeddable":true,"href":"https:\/\/www.bankweb.com\/pl\/wp-json\/wp\/v2\/users\/1"}],"replies":[{"embeddable":true,"href":"https:\/\/www.bankweb.com\/pl\/wp-json\/wp\/v2\/comments?post=5483"}],"version-history":[{"count":10,"href":"https:\/\/www.bankweb.com\/pl\/wp-json\/wp\/v2\/pages\/5483\/revisions"}],"predecessor-version":[{"id":5635,"href":"https:\/\/www.bankweb.com\/pl\/wp-json\/wp\/v2\/pages\/5483\/revisions\/5635"}],"wp:attachment":[{"href":"https:\/\/www.bankweb.com\/pl\/wp-json\/wp\/v2\/media?parent=5483"}],"curies":[{"name":"wp","href":"https:\/\/api.w.org\/{rel}","templated":true}]}}