{"id":5470,"date":"2018-05-31T09:42:18","date_gmt":"2018-05-31T09:42:18","guid":{"rendered":"https:\/\/www.bankweb.com\/pl\/?page_id=5470"},"modified":"2022-02-04T11:54:02","modified_gmt":"2022-02-04T11:54:02","slug":"chwilowki","status":"publish","type":"page","link":"https:\/\/www.bankweb.com\/pl\/chwilowki\/","title":{"rendered":"chwil\u00f3wki"},"content":{"rendered":"<h1 class=\"kredith1\">Czy skorzystanie z po\u017cyczki-chwil\u00f3wki jest dobrym pomys\u0142em?<\/h1>\n<p>\u017bycie lubi zaskakiwa\u0107 i nie wszystko zawsze mo\u017cna przewidzie\u0107. Czasami przychodzi taki moment, gdy pojawiaj\u0105 si\u0119 niespodziewane wydatki. Je\u015bli nie mamy na tyle szcz\u0119\u015bcia, \u017ceby po\u017cyczy\u0107 pieni\u0105dze od kogo\u015b z rodziny, pozostaje opcja zaci\u0105gni\u0119cia po\u017cyczki w banku. W ostatnim czasie du\u017c\u0105 popularno\u015bci\u0105 ciesz\u0105 si\u0119 r\u00f3wnie\u017c szybkie po\u017cyczki, tak zwane chwil\u00f3wki.<br \/>\n&nbsp;<br \/>\n<strong>Ranking chwil\u00f3wek 2022<\/strong><br \/>\n&nbsp;<br \/>\n<script>\n\tvar adtWidget = adtWidget || {};\n\tadtWidget.settings = {\n\t\tchannelId: 1244212392,\n\t\tmarket: 'PL',\n\t\ttitle: 'Po\u017cyczki online',\n\t\tfeed: 'mix',\n                defaultResults: '30'\n\t};\n<\/script><\/p>\n<div id=\"adt-widget-placeholder\"><\/div>\n<p><script defer src=\"https:\/\/cdn.adtr-ct.com\/widgets\/compare-loans\/js\/client\/widget.client.min.js\"><\/script><br \/>\n&nbsp;<br \/>\nCechuj\u0105 si\u0119 one bardzo ma\u0142\u0105 ilo\u015bci\u0105 formalno\u015bci oraz niezbyt wysokimi kwotami. Zwykle po\u017cyczy\u0107 mo\u017cna oko\u0142o kilku tysi\u0119cy. Czas sp\u0142aty przewa\u017cnie jest do\u015b\u0107 kr\u00f3tki, ale dla wielu os\u00f3b nie jest to przeszkod\u0105.<br \/>\n&nbsp;<\/p>\n<h2>Zalety chwil\u00f3wek<\/h2>\n<p>Niew\u0105tpliw\u0105 zalet\u0105 takiej formy po\u017cyczki jest wcze\u015bniej wspomniany fakt niewielkiej ilo\u015bci formalno\u015bci. Cz\u0119sto ca\u0142y proces, od z\u0142o\u017cenia wniosku a\u017c po uzyskanie pieni\u0119dzy mo\u017cna przeprowadzi\u0107 przez internet, nie wychodz\u0105c z domu.<br \/>\n&nbsp;<br \/>\nKolejnym atutem jest szybko\u015b\u0107 takiego rozwi\u0105zania. Pieni\u0105dze mo\u017cna otrzyma\u0107 w bardzo kr\u00f3tkim czasie, niekiedy nawet kilkana\u015bcie minut od wype\u0142nienia wniosku. To mo\u017ce okaza\u0107 si\u0119 bardzo du\u017cym udogodnieniem w przypadku, gdy sta\u0142o si\u0119 co\u015b nieoczekiwanego i potrzeba pieni\u0119dzy \u201ena ju\u017c&#8221;.<br \/>\n&nbsp;<br \/>\n<img loading=\"lazy\" decoding=\"async\" src=\"https:\/\/www.bankweb.com\/pl\/wp-content\/uploads\/2018\/05\/chwil\u00f3wki-1024x683.jpg\" alt=\"chwil\u00f3wki online\" width=\"580\" height=\"387\" class=\"alignnone size-large wp-image-5480\" srcset=\"https:\/\/www.bankweb.com\/pl\/wp-content\/uploads\/2018\/05\/chwil\u00f3wki-1024x683.jpg 1024w, https:\/\/www.bankweb.com\/pl\/wp-content\/uploads\/2018\/05\/chwil\u00f3wki-300x200.jpg 300w, https:\/\/www.bankweb.com\/pl\/wp-content\/uploads\/2018\/05\/chwil\u00f3wki-768x512.jpg 768w, https:\/\/www.bankweb.com\/pl\/wp-content\/uploads\/2018\/05\/chwil\u00f3wki.jpg 1920w\" sizes=\"auto, (max-width: 580px) 100vw, 580px\" \/><br \/>\n&nbsp;<br \/>\nWarto wspomnie\u0107 o jeszcze jednej rzeczy, mianowicie o bonusach i promocjach. Wiele firm oferuje darmow\u0105 po\u017cyczk\u0119 bez \u017cadnych op\u0142at, gdy korzysta si\u0119 z ich us\u0142ug po raz pierwszy. To oznacza, \u017ce je\u015bli oddamy pieni\u0105dze, przyk\u0142adowo do 30 dni nie poniesiemy \u017cadnych dodatkowych op\u0142at, jest to wtedy po prostu nieoprocentowana po\u017cyczka. W razie konieczno\u015bci skorzystania z chwil\u00f3wki warto wzi\u0105\u0107 pod uwag\u0119 obecnie obowi\u0105zuj\u0105ce promocje i skorzysta\u0107 z kt\u00f3rej\u015b z nich, aby unikn\u0105\u0107 dodatkowych op\u0142at.<br \/>\n&nbsp;<\/p>\n<h3>Wady chwil\u00f3wek<\/h3>\n<p>Znamy ju\u017c zalety szybkich <a href=\"https:\/\/www.bankweb.com\/pl\/pozyczki\/\">po\u017cyczek<\/a>, pora wi\u0119c przedstawi\u0107 wady takiej alternatywy.<br \/>\n&nbsp;<br \/>\nJedn\u0105 z powa\u017cniejszych wad jest koszt takiej chwil\u00f3wki, oprocentowanie potrafi by\u0107 naprawd\u0119 wysokie. Dlatego w przypadku gdy nie ma pal\u0105cej potrzeby i pieni\u0105dze nie s\u0105 potrzebne z dnia na dzie\u0144, warto rozwa\u017cy\u0107 inne formy po\u017cyczki.<br \/>\n&nbsp;<br \/>\nKolejnym minusem, o kt\u00f3rym nie spos\u00f3b wspomnie\u0107 jest fakt, \u017ce firmy oferuj\u0105ce chwil\u00f3wki pozwalaj\u0105 na po\u017cyczanie wy\u0142\u0105cznie stosunkowo niewielkich kwot. Zwykle maksymalna kwota, kt\u00f3r\u0105 mo\u017cemy po\u017cyczy\u0107 to zaledwie kilka tysi\u0119cy.<br \/>\n&nbsp;<br \/>\nKolejnym aspektem, o kt\u00f3rym warto pami\u0119ta\u0107 decyduj\u0105c si\u0119 na tak\u0105 opcj\u0119 jest to, \u017ce termin sp\u0142aty chwil\u00f3wki jest zwykle kr\u00f3tki i wynosi przewa\u017cnie 30 lub 60 dni.<br \/>\n&nbsp;<\/p>\n<h3>Czy warto skorzysta\u0107 z chwil\u00f3wki?<\/h3>\n<p>Nie ma jednoznacznej odpowiedzi na takie pytanie, gdy\u017c czasami pojawia si\u0119 zupe\u0142nie niespodziewana sytuacja i ka\u017cda metoda uzyskania pieni\u0119dzy okazuje si\u0119 dobra. Z pewno\u015bci\u0105 warto rozwa\u017cy\u0107 chwil\u00f3wki w momencie, gdy pieni\u0105dze potrzebne s\u0105 natychmiastowo i mamy pewno\u015b\u0107, \u017ce uda si\u0119 je nam zdoby\u0107 i zwr\u00f3ci\u0107 w kr\u00f3tkim czasie.<br \/>\n&nbsp;<br \/>\nNie maj\u0105c pewno\u015bci, czy si\u0119 to uda mo\u017cna nabawi\u0107 si\u0119 wielu problem\u00f3w, gdy\u017c po przekroczeniu terminu zwrotu nara\u017camy si\u0119 na dodatkowe odsetki oraz kary. Ka\u017cdy s\u0142ysza\u0142 chyba histori\u0119 o osobach, kt\u00f3re wpad\u0142y w niema\u0142e tarapaty, gdy\u017c zbyt \u0142atwo przychodzi\u0142o im zaci\u0105ganie kolejnych po\u017cyczek.<br \/>\n&nbsp;<br \/>\nNiekiedy nawet dochodzi\u0142o do przypadk\u00f3w gdzie ludzie brali chwil\u00f3wk\u0119 u innego us\u0142ugodawcy, aby op\u0142aci\u0107 te poprzednie. Niestety z powodu \u0142atwo\u015bci uzyskania, takie rozwi\u0105zanie cz\u0119sto przypada do gustu alkoholikom czy hazardzistom, kt\u00f3rzy potrzebuj\u0105 szybkiego zastrzyku got\u00f3wki i nie my\u015bl\u0105 zbyt wiele o konsekwencjach, kt\u00f3re mog\u0105 ich spotka\u0107, gdy nie oddadz\u0105 pieni\u0119dzy w wyznaczonym terminie.<br \/>\n&nbsp;<br \/>\n<img loading=\"lazy\" decoding=\"async\" src=\"https:\/\/www.bankweb.com\/pl\/wp-content\/uploads\/2018\/05\/Zalety-chwil\u00f3wek-1024x683.jpg\" alt=\"Zalety chwil\u00f3wek\" width=\"580\" height=\"387\" class=\"alignnone size-large wp-image-5481\" srcset=\"https:\/\/www.bankweb.com\/pl\/wp-content\/uploads\/2018\/05\/Zalety-chwil\u00f3wek-1024x683.jpg 1024w, https:\/\/www.bankweb.com\/pl\/wp-content\/uploads\/2018\/05\/Zalety-chwil\u00f3wek-300x200.jpg 300w, https:\/\/www.bankweb.com\/pl\/wp-content\/uploads\/2018\/05\/Zalety-chwil\u00f3wek-768x512.jpg 768w, https:\/\/www.bankweb.com\/pl\/wp-content\/uploads\/2018\/05\/Zalety-chwil\u00f3wek.jpg 1920w\" sizes=\"auto, (max-width: 580px) 100vw, 580px\" \/><br \/>\n&nbsp;<\/p>\n<h4>Jak wybra\u0107 odpowiedni\u0105 chwil\u00f3wk\u0119?<\/h4>\n<p>Jako \u017ce firm oferuj\u0105cych takie po\u017cyczki jest obecnie bardzo du\u017co, niejedna osoba mo\u017ce mie\u0107 problem z wyborem odpowiedniej. Przed zdecydowaniem si\u0119 na skorzystanie z us\u0142ug danej firmy, warto zapozna\u0107 si\u0119 z opiniami na jej temat.<br \/>\n&nbsp;<br \/>\nW internecie mo\u017cna znale\u017a\u0107 wiele recenzji, por\u00f3wna\u0144 oraz niezale\u017cnych opinii, dzi\u0119ki kt\u00f3rym mo\u017cna w bezpieczny spos\u00f3b wybra\u0107 zaufan\u0105 firm\u0119. Warto r\u00f3wnie\u017c popyta\u0107 w\u015br\u00f3d znajomych. Wiele os\u00f3b mia\u0142o do czynienia z takimi us\u0142ugami i cz\u0119sto jest w stanie doradzi\u0107 w kwestii wyboru odpowiedniego miejsca.<br \/>\n&nbsp;<br \/>\nDobrym pomys\u0142em jest r\u00f3wnie\u017c zorientowanie si\u0119 w aktualnej ofercie wszystkich godnych polecenia firm, aby sprawdzi\u0107, czy kt\u00f3ra\u015b nie oferuje przypadkiem atrakcyjnej promocji. Cz\u0119sto mo\u017cna si\u0119 spotka\u0107 z ofert\u0105 bez oprocentowania dla nowych klient\u00f3w, zwykle jedynym warunkiem jest wtedy terminowy zwrot pieni\u0119dzy.<br \/>\n&nbsp;<br \/>\nTo bardzo ciekawa opcja i je\u015bli mamy mo\u017cliwo\u015b\u0107 skorzystania z takiego bonusu, to zdecydowanie warto to zrobi\u0107.<br \/>\n&nbsp;<\/p>\n<h4>Alternatywy dla chwil\u00f3wek<\/h4>\n<p>Dobr\u0105 alternatyw\u0105 dla po\u017cyczek-chwil\u00f3wek mog\u0105 by\u0107 <a href=\"https:\/\/www.bankweb.com\/pl\/kredyty-konsumenckie\/\">kredyty got\u00f3wkowe<\/a>. Taki kredyt r\u00f3wnie\u017c mo\u017cna uzyska\u0107 do\u015b\u0107 szybko. Zwykle banki nie wymagaj\u0105 podania celu po\u017cyczki. Ponadto kredyt got\u00f3wkowy umo\u017cliwia po\u017cyczenie du\u017co wi\u0119kszej kwoty pieni\u0119dzy ni\u017c w przypadku chwil\u00f3wek.<br \/>\n&nbsp;<br \/>\nW przypadku kredytu jednak konieczne b\u0119dzie posiadanie \u017ar\u00f3d\u0142a dochodu i przedstawienie odpowiednich za\u015bwiadcze\u0144 potwierdzaj\u0105cych, \u017ce zarabiamy pieni\u0105dze. To dla wielu os\u00f3b korzystaj\u0105cych z chwil\u00f3wek mog\u0142oby by\u0107 uniedogodnienie, dlatego cz\u0119sto si\u0119gaj\u0105 one w\u0142a\u015bnie po te szybkie, chwilowe po\u017cyczki.<\/p>\n","protected":false},"excerpt":{"rendered":"<p>Czy skorzystanie z po\u017cyczki-chwil\u00f3wki jest dobrym pomys\u0142em? \u017bycie lubi zaskakiwa\u0107 i nie wszystko zawsze mo\u017cna przewidzie\u0107. Czasami przychodzi taki moment, gdy pojawiaj\u0105 si\u0119 niespodziewane wydatki. Je\u015bli nie mamy na tyle szcz\u0119\u015bcia, \u017ceby po\u017cyczy\u0107 pieni\u0105dze od kogo\u015b z rodziny, pozostaje opcja [&hellip;]<\/p>\n","protected":false},"author":1,"featured_media":0,"parent":0,"menu_order":0,"comment_status":"closed","ping_status":"closed","template":"","meta":{"footnotes":""},"class_list":["post-5470","page","type-page","status-publish","hentry"],"psp_head":"<title>Chwil\u00f3wki online - por\u00f3wnaj 35 po\u017cyczek do 6000 z\u0142 \u2013 Bankweb Poland<\/title>\r\n<meta name=\"description\" content=\"Pierwsza po\u017cyczka za darmo - chwil\u00f3wki online - aktualny ranking 2020 - Szybkie chwil\u00f3wki ca\u0142odobowe 24h\/7 przez Internet bez BIK na dow\u00f3d\" \/>\r\n<meta name=\"robots\" content=\"index,follow\" \/>\r\n<link rel=\"canonical\" href=\"https:\/\/www.bankweb.com\/pl\/chwilowki\/\" \/>\r\n","_links":{"self":[{"href":"https:\/\/www.bankweb.com\/pl\/wp-json\/wp\/v2\/pages\/5470","targetHints":{"allow":["GET"]}}],"collection":[{"href":"https:\/\/www.bankweb.com\/pl\/wp-json\/wp\/v2\/pages"}],"about":[{"href":"https:\/\/www.bankweb.com\/pl\/wp-json\/wp\/v2\/types\/page"}],"author":[{"embeddable":true,"href":"https:\/\/www.bankweb.com\/pl\/wp-json\/wp\/v2\/users\/1"}],"replies":[{"embeddable":true,"href":"https:\/\/www.bankweb.com\/pl\/wp-json\/wp\/v2\/comments?post=5470"}],"version-history":[{"count":26,"href":"https:\/\/www.bankweb.com\/pl\/wp-json\/wp\/v2\/pages\/5470\/revisions"}],"predecessor-version":[{"id":5646,"href":"https:\/\/www.bankweb.com\/pl\/wp-json\/wp\/v2\/pages\/5470\/revisions\/5646"}],"wp:attachment":[{"href":"https:\/\/www.bankweb.com\/pl\/wp-json\/wp\/v2\/media?parent=5470"}],"curies":[{"name":"wp","href":"https:\/\/api.w.org\/{rel}","templated":true}]}}