{"id":5444,"date":"2018-05-29T09:13:08","date_gmt":"2018-05-29T09:13:08","guid":{"rendered":"https:\/\/www.bankweb.com\/pl\/?page_id=5444"},"modified":"2021-05-18T12:40:48","modified_gmt":"2021-05-18T12:40:48","slug":"pozyczki-na-raty","status":"publish","type":"page","link":"https:\/\/www.bankweb.com\/pl\/pozyczki-na-raty\/","title":{"rendered":"Po\u017cyczki na raty"},"content":{"rendered":"<h1 class=\"kredith1\">Po\u017cyczki na raty online<\/h1>\n<p>&nbsp;<br \/>\n<strong>Por\u00f3wnaj po\u017cyczki od 3 do 48 mies.<\/strong><\/p>\n<p>Jak m\u00f3wi stare, polskie przys\u0142owie: dobry zwyczaj &#8211; nie po\u017cyczaj! Ile w tym powiedzeniu jest s\u0142uszno\u015bci i dlaczego coraz wi\u0119cej os\u00f3b o nim zapomina?<br \/>\nObecnie liczba instytucji oferuj\u0105cych po\u017cyczki got\u00f3wkowe osi\u0105gn\u0119\u0142a niewyobra\u017caln\u0105 warto\u015b\u0107.<br \/>\n&nbsp;<br \/>\n<script>\n\tvar adtWidget = adtWidget || {};\n\tadtWidget.settings = {\n\t\tchannelId: 1244212392,\n\t\tmarket: 'PL',\n\t\ttitle: 'Po\u017cyczki online',\n\t\tfeed: 'mix'\n\t};\n<\/script><\/p>\n<div id=\"adt-widget-placeholder\"><\/div>\n<p><script defer src=\"https:\/\/cdn.adtr-ct.com\/widgets\/compare-loans\/js\/client\/widget.client.min.js\"><\/script><br \/>\n&nbsp;<\/p>\n<p>Nie zapominajmy, \u017ce opr\u00f3cz plac\u00f3wek stacjonarnych funkcjonuje wiele organizacji internetowych, gdzie mo\u017cemy dosta\u0107 pieni\u0105dze. W wi\u0119kszo\u015bci plac\u00f3wek aby uzyska\u0107 pozytywn\u0105 odpowied\u017a przy wnioskowaniu o po\u017cyczk\u0119 wystarczy dysponowa\u0107:<\/p>\n<ul>\n<li>wa\u017cnym dowodem osobistym z adresem zameldowania na terenie Polski i \u015bwiadcz\u0105cym o pe\u0142noletno\u015bci klienta (chocia\u017c niekt\u00f3re parabanki wymagaj\u0105 wieku wy\u017cszego ni\u017c 18 lat)<\/li>\n<li>wype\u0142nionym wnioskiem<br \/>\nJe\u015bli te dwa dokumenty s\u0105 dostarczone, a po sprawdzeniu naszej historii u po\u017cyczkodawcy oka\u017ce si\u0119, \u017ce nie zalegamy ze sp\u0142atami za wcze\u015bniejsze zad\u0142u\u017cenia, nic nie powinno stan\u0105\u0107 na przeszkodzie, aby otrzyma\u0107 potrzebne nam pieni\u0105dze.<\/li>\n<\/ul>\n<p>&nbsp;<br \/>\n<img loading=\"lazy\" decoding=\"async\" src=\"https:\/\/www.bankweb.com\/pl\/wp-content\/uploads\/2018\/05\/Po\u017cyczki-na-raty-1024x683.jpg\" alt=\"Po\u017cyczki na raty\" width=\"580\" height=\"387\" class=\"alignnone size-large wp-image-5447\" srcset=\"https:\/\/www.bankweb.com\/pl\/wp-content\/uploads\/2018\/05\/Po\u017cyczki-na-raty-1024x683.jpg 1024w, https:\/\/www.bankweb.com\/pl\/wp-content\/uploads\/2018\/05\/Po\u017cyczki-na-raty-300x200.jpg 300w, https:\/\/www.bankweb.com\/pl\/wp-content\/uploads\/2018\/05\/Po\u017cyczki-na-raty-768x512.jpg 768w, https:\/\/www.bankweb.com\/pl\/wp-content\/uploads\/2018\/05\/Po\u017cyczki-na-raty.jpg 1920w\" sizes=\"auto, (max-width: 580px) 100vw, 580px\" \/><br \/>\n&nbsp;<br \/>\nInformacje podane w 2017 roku przez Biuro Informacji Kredytowej ujawniaj\u0105, \u017ce liczba Polak\u00f3w posiadaj\u0105cych zad\u0142u\u017cenia w bankach wynosi 15,2 mln os\u00f3b, a warto\u015b\u0107 po\u017cyczonych przez nich pieni\u0119dzy to 584,2 mld z\u0142.<br \/>\n&nbsp;<br \/>\nLiczby m\u00f3wi\u0105 same za siebie. Polacy ch\u0119tnie korzystaj\u0105 z us\u0142ug parabank\u00f3w. Dlaczego si\u0119 zad\u0142u\u017camy wiedz\u0105c, \u017ce oddaj\u0105c pieni\u0105dze b\u0119dziemy musieli sp\u0142aci\u0107 odsetki, kt\u00f3re cz\u0119sto wynosz\u0105 du\u017cy procent pobranych \u015brodk\u00f3w?<br \/>\n&nbsp;<br \/>\nMillward Brown przygotowa\u0142 raport \u201ePostawy finansowe Europejczyk\u00f3w\u201d, kt\u00f3ry przedstawia na co najcz\u0119\u015bciej wydajemy po\u017cyczone pieni\u0105dze. Wydatki te s\u0105 najcz\u0119\u015bciej zwi\u0105zane z zakupem, remontem, lub wyposa\u017ceniem naszego mieszkania. W drugiej kolejno\u015bci \u015brodki przeznaczamy na samoch\u00f3d. Pozosta\u0142ych powod\u00f3w nietrudno si\u0119 domy\u015ble\u0107. Podr\u00f3\u017ce, koszty zwi\u0105zane z leczeniem, sp\u0142ata d\u0142ug\u00f3w i wiele innych czynnik\u00f3w sk\u0142ania nas do zaci\u0105gania po\u017cyczek.<br \/>\n&nbsp;<\/p>\n<h2>Zalety korzystania z us\u0142ug parabank\u00f3w<\/h2>\n<ul>\n<li>Inwestycja<br \/>\nChocia\u017c doskonale zdajemy sobie spraw\u0119, \u017ce za po\u017cyczenie pieni\u0119dzy trzeba b\u0119dzie zap\u0142aci\u0107 odsetki, to czasami mo\u017cemy i tak wyj\u015b\u0107 na tym z zyskiem. W sytuacji, kiedy mamy mo\u017cliwo\u015b\u0107 zarobienia pieni\u0119dzy, ale wymaga ona wcze\u015bniej inwestycji, \u015brodk\u00f3w kt\u00f3rych nie mamy, <a href=\"https:\/\/www.bankweb.com\/pl\/chwilowki\/\">szybka po\u017cyczka<\/a> wydaje si\u0119 idealnym rozwi\u0105zaniem. Po zarobieniu pieni\u0119dzy, sp\u0142acamy zad\u0142u\u017cenie wraz z odsetkami i zaczynamy sami czerpa\u0107 korzy\u015bci.<\/li>\n<li>Niespodziewane zdarzenia losowe<br \/>\n\u017bycie pisze r\u00f3\u017cne scenariusze. Niestety nie zawsze kolorowe. Cz\u0119sto zdarzaj\u0105 si\u0119 sytuacje, kt\u00f3re wymagaj\u0105 szybkiego nak\u0142adu finansowego. Pomoc medyczna, zniszczenie miejsca zamieszkania, naprawa samochodu. Po\u017cyczki, gdzie mo\u017cemy sprawnie uzyska\u0107 pieni\u0105dze na potrzebn\u0105 nam kwot\u0119 cz\u0119sto pomagaj\u0105 ludziom w podbramkowych sytuacjach.<\/li>\n<li>Chwilowe zapewnienie standard\u00f3w \u017cyciowych<br \/>\nKiedy nie maj\u0105c zaoszcz\u0119dzonych pieni\u0119dzy, tracimy prac\u0119, lub zdolno\u015b\u0107 do jej wykonywania po\u017cyczka mo\u017ce chwilowo zapewni\u0107 nam byt. Szczeg\u00f3lnie w sytuacjach kiedy mamy na utrzymaniu dom i rodzin\u0119. Zyskujemy \u015brodki do \u017cycia i mamy czas na znalezienie nowego dochodu. Warto pami\u0119ta\u0107, aby nie zacz\u0105\u0107 traktowa\u0107 po\u017cyczonych pieni\u0119dzy jako zarobione i mie\u0107 \u015bwiadomo\u015b\u0107, \u017ce trzeba je b\u0119dzie sp\u0142aci\u0107 wraz z odsetkami.<\/li>\n<p>&nbsp;<br \/>\n<img loading=\"lazy\" decoding=\"async\" src=\"https:\/\/www.bankweb.com\/pl\/wp-content\/uploads\/2018\/05\/na-raty-online-1024x735.jpg\" alt=\"Po\u017cyczki online\" width=\"580\" height=\"416\" class=\"alignnone size-large wp-image-5449\" srcset=\"https:\/\/www.bankweb.com\/pl\/wp-content\/uploads\/2018\/05\/na-raty-online-1024x735.jpg 1024w, https:\/\/www.bankweb.com\/pl\/wp-content\/uploads\/2018\/05\/na-raty-online-300x215.jpg 300w, https:\/\/www.bankweb.com\/pl\/wp-content\/uploads\/2018\/05\/na-raty-online-768x551.jpg 768w, https:\/\/www.bankweb.com\/pl\/wp-content\/uploads\/2018\/05\/na-raty-online.jpg 1920w\" sizes=\"auto, (max-width: 580px) 100vw, 580px\" \/><br \/>\n&nbsp;<\/p>\n<h3>Co je\u015bli nie b\u0119dziemy w stanie sp\u0142aci\u0107 zad\u0142u\u017cenia?<\/h3>\n<p>Bior\u0105c po\u017cyczk\u0119 zostaj\u0105 nam przedstawione warunki jej sp\u0142aty. Odsetki, terminy i kwoty jakie b\u0119dziemy musieli zwr\u00f3ci\u0107.<br \/>\n&nbsp;<br \/>\nCo grozi za niewywi\u0105zanie si\u0119 z podpisanej umowy? przede wszystkim wzrost warto\u015bci odsetek, kt\u00f3re mog\u0105 zacz\u0105\u0107 rosn\u0105\u0107 ju\u017c pierwszego dnia po przekroczeniu terminu sp\u0142aty<br \/>\nwpisanie do bazy d\u0142u\u017cnik\u00f3w, co wp\u0142ynie negatywnie na nasz\u0105 histori\u0119 <a href=\"https:\/\/www.bankweb.com\/pl\/pozyczki\/\">kredytow\u0105<\/a> i mo\u017ce w przysz\u0142o\u015bci utrudnia\u0107 wsp\u00f3\u0142prac\u0119 z bankami<br \/>\nzg\u0142oszenie sprawy do s\u0105du, a w konsekwencji podj\u0119cie w naszym kierunku dzia\u0142a\u0144 komorniczych<br \/>\n&nbsp;<\/p>\n<h4>Po\u017cyczki uzale\u017cniaj\u0105<\/h4>\n<p>Z roku na rok liczba po\u017cyczkobiorc\u00f3w wzrasta. Proste i szybkie po\u017cyczki kusz\u0105 niskim oprocentowaniem, brakiem zb\u0119dnych formalno\u015bci. \u0141atwy zastrzyk got\u00f3wki zach\u0119ca nas do wzbogacania si\u0119 o kolejne sumy, powoduje, \u017ce czujemy si\u0119 bezpiecznie i komfortowo.<br \/>\n&nbsp;<br \/>\nZ czego\u015b po\u017cyczki sp\u0142aca\u0107 trzeba. Dla niekt\u00f3rych rozwi\u0105zaniem jest zaci\u0105gni\u0119cie kolejnej w celu sp\u0142acenia poprzedniej. Cz\u0119stymi klientami parabank\u00f3w s\u0105 osoby uzale\u017cnione np. alkoholicy, hazardzi\u015bci, kt\u00f3rzy nie zwa\u017caj\u0105c na konsekwencje, zrobi\u0105 wszystko by uzyska\u0107 \u015brodki na sw\u00f3j na\u0142\u00f3g.<br \/>\n&nbsp;<br \/>\nCz\u0119sto osoby starsze, emeryci i renci\u015bci, b\u0119d\u0105c nie do ko\u0144ca \u015bwiadomym podejmowanych decyzji, pobieraj\u0105 \u015brodki na instytucje charytatywne, ko\u015bcielne, czy w celu pomocy m\u0142odszym cz\u0142onkom rodziny. Po\u017cyczki s\u0105 silnym na\u0142ogiem, a osoby si\u0119 z nim zmagaj\u0105ce cz\u0119sto wymagaj\u0105 pomocy psychologicznej i prawnej.<br \/>\n&nbsp;<\/p>\n<p>Na temat po\u017cyczek opinii mo\u017cemy doszuka\u0107 si\u0119 wielu. Aby znalaz\u0142o si\u0119 wi\u0119cej tych pozytywnych, dobrym rozwi\u0105zaniem by\u0142oby dok\u0142adniejsze sprawdzanie potencjalnego po\u017cyczkobiorcy. Zapoznanie si\u0119 z jego zamiarami co do wykorzystania pieni\u0119dzy, wcze\u015bniejsz\u0105 histori\u0105 kredytow\u0105 i zweryfikowanie zdolno\u015bci do sp\u0142aty zad\u0142u\u017cenia.<br \/>\n&nbsp;<br \/>\nPozwoli\u0142oby to unikn\u0105\u0107 po\u017cyczania pieni\u0119dzy osobom nie maj\u0105cym zamiaru ich zwr\u00f3ci\u0107 lub nie posiadaj\u0105cym do tego zdolno\u015bci. Parabanki unikn\u0119\u0142yby wsp\u00f3\u0142pracy z nierzetelnymi klientami, a klienci p\u00f3\u017aniejszych problem\u00f3w. Nie dajmy si\u0119 sprowokowa\u0107 zapewnieniom o niskim oprocentowaniu, minimalnymi formalno\u015bciami i niskimi ratami.<br \/>\n&nbsp;<br \/>\nNawet najlepszy parabank nie da nam nic za darmo, a mo\u017ce przysporzy\u0107 wielu k\u0142opot\u00f3w i zmartwie\u0144.<\/p>\n","protected":false},"excerpt":{"rendered":"<p>Po\u017cyczki na raty online &nbsp; Por\u00f3wnaj po\u017cyczki od 3 do 48 mies. Jak m\u00f3wi stare, polskie przys\u0142owie: dobry zwyczaj &#8211; nie po\u017cyczaj! Ile w tym powiedzeniu jest s\u0142uszno\u015bci i dlaczego coraz wi\u0119cej os\u00f3b o nim zapomina? Obecnie liczba instytucji oferuj\u0105cych [&hellip;]<\/p>\n","protected":false},"author":1,"featured_media":0,"parent":0,"menu_order":0,"comment_status":"closed","ping_status":"closed","template":"","meta":{"footnotes":""},"class_list":["post-5444","page","type-page","status-publish","hentry"],"psp_head":"<title>Po\u017cyczka online na raty - por\u00f3wnaj po\u017cyczki od 3 do 48 mies \u2013 Bankweb Poland<\/title>\r\n<meta name=\"description\" content=\"Ranking chwil\u00f3wek ratalnych. Po\u017cycz nawet 40 000 z\u0142 na 48 miesi\u0119cy i we\u017a po\u017cyczk\u0119 na raty przez internet. Po\u017cyczki online i chwil\u00f3wki na raty w wygodnej por\u00f3wnywarce\" \/>\r\n<meta name=\"robots\" content=\"index,follow\" \/>\r\n<link rel=\"canonical\" href=\"https:\/\/www.bankweb.com\/pl\/pozyczki-na-raty\/\" \/>\r\n","_links":{"self":[{"href":"https:\/\/www.bankweb.com\/pl\/wp-json\/wp\/v2\/pages\/5444","targetHints":{"allow":["GET"]}}],"collection":[{"href":"https:\/\/www.bankweb.com\/pl\/wp-json\/wp\/v2\/pages"}],"about":[{"href":"https:\/\/www.bankweb.com\/pl\/wp-json\/wp\/v2\/types\/page"}],"author":[{"embeddable":true,"href":"https:\/\/www.bankweb.com\/pl\/wp-json\/wp\/v2\/users\/1"}],"replies":[{"embeddable":true,"href":"https:\/\/www.bankweb.com\/pl\/wp-json\/wp\/v2\/comments?post=5444"}],"version-history":[{"count":14,"href":"https:\/\/www.bankweb.com\/pl\/wp-json\/wp\/v2\/pages\/5444\/revisions"}],"predecessor-version":[{"id":5636,"href":"https:\/\/www.bankweb.com\/pl\/wp-json\/wp\/v2\/pages\/5444\/revisions\/5636"}],"wp:attachment":[{"href":"https:\/\/www.bankweb.com\/pl\/wp-json\/wp\/v2\/media?parent=5444"}],"curies":[{"name":"wp","href":"https:\/\/api.w.org\/{rel}","templated":true}]}}