{"id":5427,"date":"2018-05-28T09:44:57","date_gmt":"2018-05-28T09:44:57","guid":{"rendered":"https:\/\/www.bankweb.com\/pl\/?page_id=5427"},"modified":"2022-02-04T11:55:09","modified_gmt":"2022-02-04T11:55:09","slug":"pozyczki","status":"publish","type":"page","link":"https:\/\/www.bankweb.com\/pl\/pozyczki\/","title":{"rendered":"Po\u017cyczki"},"content":{"rendered":"<p><script language=\"javascript\" type=\"text\/javascript\">\nfunction showHide(shID) {\n   if (document.getElementById(shID)) {\n      if (document.getElementById(shID+'-show').style.display != 'none') {\n         document.getElementById(shID+'-show').style.display = 'none';\n         document.getElementById(shID).style.display = 'inline';\n      }\n      else {\n         document.getElementById(shID+'-show').style.display = 'block';\n         document.getElementById(shID).style.display = 'none';\n      }\n   }\n}\n<\/script><\/p>\n<div class=\"entry\">\n<div class=\"blancoheader\">\n<h1 class=\" kredith1 heading1\"><span> Po\u017cyczki online i kredyty \u2013 to nic trudnego <\/span><\/h1>\n<p><center>Ranking <strong>18<\/strong> kredyt online.<\/center>\n<\/div>\n<p class=\"ingresssnabblan\">\n<\/p>\n<div class=\"fullwidthlan\">\n<div class=\"social-col l\">\n<p class=\"howmuch\">\n<div class=\"imgblanco\"><span style=\"text-align:center; display:block; padding-bottom: 20px; color:black;\">Przyk\u0142ady por\u00f3wnywanych przez nas po\u017cyczkodawc\u00f3w!<\/span> <img loading=\"lazy\" decoding=\"async\" src=\"\/pl\/wp-content\/uploads\/2017\/08\/lendon.png\" alt=\"\" width=\"100\" height=\"40\" class=\"imgblanco\" \/><img loading=\"lazy\" decoding=\"async\" src=\"\/pl\/wp-content\/uploads\/2017\/08\/tanikreditsmall.png\" alt=\"\" width=\"100\" height=\"40\" class=\"imgblanco\" \/><img loading=\"lazy\" decoding=\"async\" src=\"\/pl\/wp-content\/uploads\/2017\/08\/viasms.png\" alt=\"\" width=\"100\" height=\"40\" class=\"imgblanco\" \/><img loading=\"lazy\" decoding=\"async\" src=\"\/pl\/wp-content\/uploads\/2017\/08\/vivussmall.png\" alt=\"\" width=\"100\" height=\"40\" class=\"imgblanco\" \/><img loading=\"lazy\" decoding=\"async\" src=\"\/pl\/wp-content\/uploads\/2017\/08\/wonga.png\" alt=\"\" width=\"100\" height=\"40\" class=\"imgblanco\" \/><img loading=\"lazy\" decoding=\"async\" src=\"\/pl\/wp-content\/uploads\/2017\/08\/ferratumpl.png\" alt=\"\" width=\"100\" height=\"40\" class=\"imgblanco\" \/><img loading=\"lazy\" decoding=\"async\" src=\"\/pl\/wp-content\/uploads\/2017\/08\/smart.png\" alt=\"\" width=\"100\" height=\"40\" class=\"imgblanco\" \/><img loading=\"lazy\" decoding=\"async\" src=\"\/pl\/wp-content\/uploads\/2017\/08\/wandoosmall.png\" alt=\"\" width=\"115\" height=\"40\" class=\"imgblanco\" \/><\/div>\n<\/p>\n<\/div>\n<div class=\"c\"><\/div>\n<div class=\"social-colfaq\">\n<p class=\"howmuch\">Oto, w jaki spos\u00f3b mo\u017cesz uporz\u0105dkowa\u0107 po\u017cyczki!<\/p>\n<ol>\n<li class=\"greenfront1\">Przesuwaj\u0105c g\u00f3rny przycisk, mo\u017cesz wybra\u0107 kwot\u0119.<\/li>\n<li class=\"greenfront1\">Dolnym przyciskiem ustalisz okres sp\u0142aty, na jakim Ci zale\u017cy.<\/li>\n<li class=\"greenfront1\">Kliknij w przyciski opcji, kt\u00f3rych chcesz u\u017cy\u0107.<\/li>\n<li class=\"greenfront1\">Gotowe! Po\u017cyczki b\u0119d\u0105 teraz uporz\u0105dkowane automatycznie.<\/li>\n<\/ol>\n<\/div>\n<\/div>\n<p>&nbsp;<br \/>\n<center><strong><a href=\"https:\/\/www.bankweb.com\/pl\/chwilowki\/\">Kliknij tutaj, aby por\u00f3wna\u0107\u00a0po\u017cyczki!<\/a><\/strong><\/center><br \/>\n<script>\n\tvar adtWidget = adtWidget || {};\n\tadtWidget.settings = {\n\t\tchannelId: 1244212392,\n\t\tmarket: 'PL',\n\t\ttitle: 'Po\u017cyczki online',\n\t\tfeed: 'mix',\n                defaultResults: '30'\n\t};\n<\/script><\/p>\n<div id=\"adt-widget-placeholder\"><\/div>\n<p><script defer src=\"https:\/\/cdn.adtr-ct.com\/widgets\/compare-loans\/js\/client\/widget.client.min.js\"><\/script><\/p>\n<p>&nbsp;<\/p>\n<p><em><br \/>\n**Niniejsze informacje nie stanowi\u0105 oferty w rozumieniu art. 66 \u00a71 kodeksu cywilnego (Dz. U. z 1964, poz. 16, nr 93 z p\u00f3\u017a. zm.), maj\u0105 one jedynie charakter orientacyjny i nie powinny by\u0107 wykorzystywane w innych celach. Wi\u0105\u017c\u0105ce warunki udzielenia kredytu zostan\u0105 przedstawione przez w\u0142a\u015bciw\u0105 instytucj\u0119 finansow\u0105 oraz Bank w trakcie zawierania umowy. W przypadku op\u00f3\u017anienia sp\u0142aty po\u017cyczki w przewidzianym terminie, firmy po\u017cyczkowe mog\u0105 naliczy\u0107 dodatkowe op\u0142aty<br \/>\n<\/em><br \/>\n&nbsp;<br \/>\nCzy codziennie po drodze do pracy mijasz budow\u0119 nowoczesnego osiedla i marzysz o nowym mieszkaniu z przestronnym tarasem? A mo\u017ce po g\u0142owie chodzi Ci wyprawa na Wyspy Wielkanocne albo do jakiego\u015b innego odleg\u0142ego zak\u0105tka \u015bwiata? Bez wzgl\u0119du na to, jakie s\u0105 nasze marzenia i plany, niejednokrotnie kluczow\u0105 rol\u0119 w ich realizacji odgrywaj\u0105 pieni\u0105dze lub ich brak.<br \/>\n&nbsp;<\/p>\n<p>Niewielu z nas mo\u017ce pochwali\u0107 si\u0119 poka\u017an\u0105 miesi\u0119czn\u0105 pensj\u0105, kt\u00f3ra umo\u017cliwia uzbieranie funduszy na zakup mieszkania w ci\u0105gu roku lub dw\u00f3ch lat. Wielu przedsi\u0119biorc\u00f3w brak wystarczaj\u0105cych \u015brodk\u00f3w blokuje mo\u017cliwe inwestycj\u0119 w rozw\u00f3j swojej firmy. Co mo\u017cemy zrobi\u0107 w takiej sytuacji? Istniej\u0105 trzy opcje. Mo\u017cemy wygra\u0107 na loterii \u2013 to opcja naj\u0142atwiejsza, ale bardzo ma\u0142o prawdopodobna. Nieco trudniejszym i bardziej czasoch\u0142onnym rozwi\u0105zaniem jest oszcz\u0119dzanie.<br \/>\n&nbsp;<br \/>\nOpcj\u0105 \u0142atwiejsz\u0105 i, je\u015bli dobrze wszystko przemy\u015blimy niezbyt ryzykown\u0105, jest wzi\u0119cie po\u017cyczki. Jakie rozwi\u0105zanie jest wi\u0119c najbardziej korzystne? Zdecydowanie po\u0142\u0105czenie dw\u00f3ch ostatnich opcji. Odk\u0142adanie \u015brodk\u00f3w i zaci\u0105gni\u0119cie kredytu to doskona\u0142y krok w kierunku rozwoju firmy, odbycia wymarzonej wyprawy na Daleki Wsch\u00f3d lub zakupu nowego mieszkania.<br \/>\n&nbsp;<br \/>\nJe\u015bli nie jeste\u015b pewien, jak si\u0119 do tego zabra\u0107, przeczytaj ten artyku\u0142 do ko\u0144ca, a przekonasz si\u0119, \u017ce \u015bwiat bank\u00f3w, po\u017cyczek i odsetek wcale nie jest tak skomplikowany, jak mog\u0142oby si\u0119 nam wydawa\u0107!<br \/>\n&nbsp;<\/p>\n<h2>Czy kredyt i po\u017cyczka oznacza to samo?<\/h2>\n<p>Cho\u0107 w codziennym j\u0119zyku poj\u0119cia \u201ekredyt\u201d i \u201epo\u017cyczka\u201d cz\u0119sto s\u0105 stosowane zamiennie, nie mamy tu do czynienia z tym samym produktem. Oto kilka podstawowych r\u00f3\u017cnic mi\u0119dzy kredytem, a po\u017cyczk\u0105:<br \/>\n&#8211; kredytu mog\u0105 udziela\u0107 nam tylko banki lub SKOK (Sp\u00f3\u0142dzielcze Kasy Oszcz\u0119dno\u015bciowo-Kredytowe).<br \/>\n&nbsp;<br \/>\nW przypadku po\u017cyczek nie ma ogranicze\u0144 w odniesieniu do podmiotu udost\u0119pniaj\u0105cego nam \u015brodki finansowe. Mo\u017ce by\u0107 to firma, osoba prywatna lub instytucja specjalizuj\u0105ca si\u0119 w udzielaniu po\u017cyczek,<br \/>\n&#8211; w przypadku kredytu obowi\u0105zkowe jest sporz\u0105dzenie pisemnej umowy bez wzgl\u0119du na jego wysoko\u015b\u0107. Bior\u0105c po\u017cyczk\u0119, nie musimy podpisywa\u0107 umowy na pi\u015bmie, chyba \u017ce jej kwota przekracza warto\u015b\u0107 500 z\u0142,<br \/>\n&#8211; kredyt musi mie\u0107 okre\u015blony termin sp\u0142aty. Po\u017cyczki nie s\u0105 obj\u0119te tym obowi\u0105zkiem,<br \/>\n&#8211; po\u017cyczka nie musi nie\u015b\u0107 za sob\u0105 \u017cadnych dodatkowych koszt\u00f3w. W przypadku kredytu zawsze nale\u017cy liczy\u0107 si\u0119 z dodatkowymi op\u0142atami w postaci prowizji oraz odsetek,<br \/>\n&#8211; kredyty i po\u017cyczki s\u0105 obj\u0119te r\u00f3\u017cnymi regulacjami prawnymi. Zasady udzielania i funkcjonowania kredyt\u00f3w reguluje prawo bankowe. W przypadku po\u017cyczek decyduj\u0105cy jest kodeks cywilny,<br \/>\n&#8211; kredyt to produkt bardziej sformalizowany, w przypadku po\u017cyczki wymaga\u0144 i obostrze\u0144 jest znacznie mniej,<br \/>\n&#8211; bank udzielaj\u0105cy nam kredytu zacznie od sprawdzenia, czy nie figurujemy w BIK-u, czyli Biurze Informacji Kredytowej. W przypadku po\u017cyczek bywa z tym bardzo r\u00f3\u017cnie.<br \/>\n&nbsp;<br \/>\n<img loading=\"lazy\" decoding=\"async\" src=\"\/pl\/wp-content\/uploads\/2017\/08\/money-case-163495_1280-1024x682.jpg\" alt=\"Po\u017cyczki\" width=\"580\" height=\"386\" class=\"alignnone size-large wp-image-5286\" srcset=\"https:\/\/www.bankweb.com\/pl\/wp-content\/uploads\/2017\/08\/money-case-163495_1280-1024x682.jpg 1024w, https:\/\/www.bankweb.com\/pl\/wp-content\/uploads\/2017\/08\/money-case-163495_1280-300x200.jpg 300w, https:\/\/www.bankweb.com\/pl\/wp-content\/uploads\/2017\/08\/money-case-163495_1280-768x512.jpg 768w, https:\/\/www.bankweb.com\/pl\/wp-content\/uploads\/2017\/08\/money-case-163495_1280.jpg 1280w\" sizes=\"auto, (max-width: 580px) 100vw, 580px\" \/><br \/>\n&nbsp;<\/p>\n<h2> Jak podj\u0105\u0107 decyzj\u0119 o zaci\u0105gni\u0119ciu kredytu\/po\u017cyczki? <\/h2>\n<p>Zanim udamy si\u0119 do banku lub instytucji oferuj\u0105cej po\u017cyczki, warto odpowiedzie\u0107 sobie na kilka podstawowych pyta\u0144, kt\u00f3re pozwol\u0105 nam ustali\u0107, czy decyzja o dodatkowym zasileniu bud\u017cetu wyjdzie nam na dobre:<br \/>\n&nbsp;<br \/>\n&#8211; jaka jest moja sytuacja zawodowa? Czy mam sta\u0142\u0105, pewn\u0105 prac\u0119? Czy moje miesi\u0119czne zarobki umo\u017cliwi\u0105 mi sp\u0142acanie miesi\u0119cznej raty?<br \/>\n&#8211; czy mam jakie\u015b oszcz\u0119dno\u015bci, kt\u00f3re umo\u017cliwi\u0105 mi sp\u0142acanie kredytu\/po\u017cyczki w razie utraty pracy?<br \/>\n&#8211; na jakiej kwocie mi zale\u017cy?<br \/>\n&nbsp;<br \/>\nJe\u015bli mamy szcz\u0119\u015bcie posiadania znajomych pracuj\u0105cych w sektorze finansowym, warto si\u0119 z nimi skontaktowa\u0107 i poprosi\u0107 o przedstawienie reali\u00f3w panuj\u0105cych na rynku. Dok\u0142adne przejrzenie w\u0142asnych finans\u00f3w to konieczno\u015b\u0107. Pami\u0119taj te\u017c o jednej rzeczy: w razie braku mo\u017cliwo\u015bci sp\u0142acania kredytu lub po\u017cyczki, najgorsz\u0105 opcj\u0105 jest zaci\u0105gni\u0119cie kolejnego zobowi\u0105zania.<br \/>\n&nbsp;<br \/>\nW takiej sytuacji najlepiej skontaktowa\u0107 si\u0119 z instytucj\u0105, kt\u00f3ra udzieli\u0142a nam kredytu\/po\u017cyczki i przedyskutowa\u0107 mo\u017cliwo\u015bci rozwi\u0105zania tego problemu.<\/p>\n<p>&nbsp;<\/p>\n<h3> Co \u0142atwiej dosta\u0107? Kredyt czy po\u017cyczk\u0119? <\/h3>\n<p>Zdecydowanie po\u017cyczk\u0119. Jak ju\u017c wcze\u015bniej wspominali\u015bmy, po\u017cyczka nie jest produktem \u015bci\u015ble regulowanym. Po\u017cyczkobiorcy cz\u0119sto nie wymagaj\u0105 od swoich klient\u00f3w okazania umowy o prac\u0119 lub szczeg\u00f3\u0142owego przedstawienia swoich finans\u00f3w.<br \/>\n&nbsp;<br \/>\nZupe\u0142nie inaczej wygl\u0105da sytuacja z kredytami, kt\u00f3rych mog\u0105 nam udzieli\u0107 tylko banki lub SKOK. Nasza zdolno\u015b\u0107 kredytowa zostanie poddana wnikliwej analizie. Przed wizyt\u0105 w banku powinni\u015bmy tak\u017ce przygotowa\u0107 umow\u0119 o prac\u0119 lub je\u015bli prowadzimy w\u0142asn\u0105 dzia\u0142alno\u015b\u0107 gospodarcz\u0105, przygotowa\u0107 si\u0119 na konieczno\u015b\u0107 wykazania regularnych dochod\u00f3w, kt\u00f3re umo\u017cliwi\u0105 nam regularne sp\u0142acanie kredytu.<br \/>\n&nbsp;<br \/>\n\u0141atwo\u015b\u0107 w podj\u0119ciu \u015brodk\u00f3w nie powinna by\u0107 jednak jedynym kryterium, jakie nale\u017cy wzi\u0105\u0107 pod uwag\u0119. Warto zastanowi\u0107 si\u0119 nad jedn\u0105 podstawow\u0105 kwesti\u0105\u2026<br \/>\n&nbsp;<br \/>\n<img loading=\"lazy\" decoding=\"async\" src=\"\/pl\/wp-content\/uploads\/2017\/08\/money-2696229_1920-1024x590.jpg\" alt=\"CHWIL\u00d3WEK\" width=\"580\" height=\"334\" class=\"alignnone size-large wp-image-5287\" srcset=\"https:\/\/www.bankweb.com\/pl\/wp-content\/uploads\/2017\/08\/money-2696229_1920-1024x590.jpg 1024w, https:\/\/www.bankweb.com\/pl\/wp-content\/uploads\/2017\/08\/money-2696229_1920-300x173.jpg 300w, https:\/\/www.bankweb.com\/pl\/wp-content\/uploads\/2017\/08\/money-2696229_1920-768x442.jpg 768w, https:\/\/www.bankweb.com\/pl\/wp-content\/uploads\/2017\/08\/money-2696229_1920.jpg 1920w\" sizes=\"auto, (max-width: 580px) 100vw, 580px\" \/><br \/>\n&nbsp;<\/p>\n<h3> Dla kogo kredyt, a dla kogo po\u017cyczka? <\/h3>\n<p>Na to pytanie nie znajdziemy jednoznacznej odpowiedzi. Wszystko zale\u017cy od danego produktu. Mo\u017cna jednak przyj\u0105\u0107 kilka podstawowych zasad. Je\u015bli potrzebujesz wi\u0119kszej kwoty na d\u0142ugoterminowy cel \u2013 rozbudow\u0119 firmy, budow\u0119 domu lub zakup mieszkania \u2013 lepsz\u0105 opcj\u0105 b\u0119dzie zapewne kredyt.<br \/>\n&nbsp;<br \/>\nPami\u0119taj tylko o tym, \u017ce nigdy nie masz gwarancji, czy bank udzieli Ci kredytu na wnioskowan\u0105 przez Ciebie kwot\u0119. Mo\u017cesz si\u0119 spodziewa\u0107, \u017ce ca\u0142y proces b\u0119dzie do\u015b\u0107 d\u0142ugi. Kredyt jest jednak opcj\u0105 stosunkowo bezpieczn\u0105 i stabiln\u0105.<br \/>\n&nbsp;<br \/>\nPo\u017cyczki to najlepsze rozwi\u0105zanie dla os\u00f3b, kt\u00f3re potrzebuj\u0105 szybkiego i niewielkiego zastrzyku got\u00f3wki (w gr\u0119 wchodzi kilka tysi\u0119cy z\u0142otych). Je\u015bli wybierasz si\u0119 na wymarzony wyjazd do dalekiego zak\u0105tka \u015bwiata albo chcesz sprawi\u0107 ukochanej osobie ekskluzywny prezent, po\u017cyczka b\u0119dzie najkorzystniejsz\u0105 opcj\u0105.<br \/>\n&nbsp;<br \/>\nSama procedura b\u0119dzie znacznie kr\u00f3tsza ni\u017c w przypadku kredytu, a umowa obwarowana znaczniej mniejsz\u0105 ilo\u015bci\u0105 ogranicze\u0144.<\/p>\n<h3> Jak wybra\u0107 odpowiedn\u0105 instytucj\u0119, kt\u00f3ra udzieli nam kredytu\/po\u017cyczki? <\/h3>\n<p>Na wsp\u00f3\u0142czesnym rynku wprost roi si\u0119 od ofert <a href=\"https:\/\/www.bankweb.com\/pl\/kredyty-konsumenckie\/\">kredyt\u00f3w i po\u017cyczek<\/a>. W\u0142a\u015bnie dlatego powinni\u015bmy bacznie przyjrze\u0107 si\u0119 instytucji, z kt\u00f3rej us\u0142ug zamierzamy korzysta\u0107. Warto zacz\u0105\u0107 od przejrzenia jak najwi\u0119kszej liczby ofert. To do\u015b\u0107 czasoch\u0142onne zaj\u0119cie, ale w ten spos\u00f3b wyrobimy sobie pogl\u0105d na sytuacj\u0119 panuj\u0105c\u0105 w bran\u017cy.<br \/>\n&nbsp;<br \/>\nKolejny krok to zapoznanie si\u0119 z opiniami na temat danej instytucji. W tej kwestii warto jednak zachowa\u0107 ostro\u017cno\u015b\u0107 \u2013 bardzo pochlebne komentarze mog\u0105 pisa\u0107 pracownicy danej firmy. Mo\u017ce w lokalnej gazecie lub w internecie dost\u0119pne s\u0105 artyku\u0142y o interesuj\u0105cej nas instytucji?<br \/>\n&nbsp;<br \/>\nKoniecznie przeczytajmy wszystko od deski do deski! Dobrym pomys\u0142em jest tak\u017ce sprawdzenie, jak d\u0142ugo dany bank lub inny podmiot udzielaj\u0105cy po\u017cyczek\/kredyt\u00f3w funkcjonuje na rynku.<br \/>\n&nbsp;<\/p>\n<h4> Chwil\u00f3wki \u2013 czy warto? <\/h4>\n<p>Opinie na temat chwil\u00f3wek s\u0105 bardzo podzielone. Wynika to zapewne z bardzo szerokiego wyboru tego typu us\u0142ug we wsp\u00f3\u0142czesnej bran\u017cy finansowej. <a href=\"https:\/\/www.bankweb.com\/pl\/chwilowki\/\">Chwil\u00f3wka<\/a> to nic innego jak szybki i jednorazowy zastrzyk got\u00f3wki. W wielu ofertach znajdziemy wzmiank\u0119 o tym, \u017ce nie zostaniemy sprawdzeni w tzw. BIK-u, czyli w Biurze Informacji Kredytowej.<br \/>\n&nbsp;<br \/>\nCzy to dobra informacja? Je\u015bli zale\u017cy nam na szybkiej got\u00f3wce i mamy za sob\u0105 do\u015b\u0107 burzliw\u0105 histori\u0119 kredytow\u0105, to zapewne tak. Nale\u017cy jednak pami\u0119ta\u0107 o tym, \u017ce tak b\u0142yskawiczny dost\u0119p do pieni\u0119dzy i brak ogranicze\u0144, jaki oferuj\u0105 chwil\u00f3wki mo\u017ce zaburza\u0107 nasz os\u0105d sytuacji. Na rozwa\u017cenie decyzji o wzi\u0119ciu chwil\u00f3wki powinni\u015bmy przeznaczy\u0107 zdecydowanie wi\u0119cej ni\u017c jedn\u0105 chwil\u0119.<br \/>\n&nbsp;<br \/>\n<img loading=\"lazy\" decoding=\"async\" src=\"\/pl\/wp-content\/uploads\/2017\/08\/beard-2642609_1920-1024x683.jpg\" alt=\"kwota po\u017cyczki\" width=\"580\" height=\"387\" class=\"alignnone size-large wp-image-5288\" srcset=\"https:\/\/www.bankweb.com\/pl\/wp-content\/uploads\/2017\/08\/beard-2642609_1920-1024x683.jpg 1024w, https:\/\/www.bankweb.com\/pl\/wp-content\/uploads\/2017\/08\/beard-2642609_1920-300x200.jpg 300w, https:\/\/www.bankweb.com\/pl\/wp-content\/uploads\/2017\/08\/beard-2642609_1920-768x512.jpg 768w, https:\/\/www.bankweb.com\/pl\/wp-content\/uploads\/2017\/08\/beard-2642609_1920.jpg 1920w\" sizes=\"auto, (max-width: 580px) 100vw, 580px\" \/><br \/>\n&nbsp;<\/p>\n<h4> Kredyty i po\u017cyczki \u2013 regulacje prawne <\/h4>\n<p>Zar\u00f3wno kredyty, jak i po\u017cyczki s\u0105 regulowane przez okre\u015blone dzia\u0142y polskiego ustawodawstwa. Chocia\u017c czytanie kodeks\u00f3w mo\u017ce by\u0107 nieco m\u0119cz\u0105ce, warto po\u015bwi\u0119ci\u0107 nieco czasu na lektur\u0119 i poszerzy\u0107 swoj\u0105 wiedz\u0119.<br \/>\n&nbsp;<br \/>\nW przypadku kredyt\u00f3w decyduj\u0105ce jest prawo bankowe, kt\u00f3rego tre\u015b\u0107 znajdziemy pod linkiem: http:\/\/www.nbp.pl\/home.aspx?f=\/akty_prawne\/prawo_bankowe.html. Szczeg\u00f3\u0142owe informacje na temat zasad dotycz\u0105cych kredyt\u00f3w znajdziemy w rozdziale 5.<br \/>\n&nbsp;<br \/>\nAby dowiedzie\u0107 si\u0119 czego\u015b wi\u0119cej na temat zasad dzia\u0142ania po\u017cyczek, nale\u017cy zajrze\u0107 do kodeksu cywilnego. Najwi\u0119cej informacji znajdziemy w tytule XIX (link: <a href=\"http:\/\/kodeks-cywilny.org\/III-zobowiazania\/pozyczka\">http:\/\/kodeks-cywilny.org\/III-zobowiazania\/pozyczka<\/a>).<br \/>\n&nbsp;<\/p>\n<h4> Kredyty i po\u017cyczki \u2013 wystarczy odrobina zdrowego rozs\u0105dku <\/h4>\n<p>Zaci\u0105gni\u0119cie kredytu lub po\u017cyczki wcale nie musi by\u0107 jednoznaczne z podpisaniem \u201ecyrografu\u201d, kt\u00f3ry przez wiele lat b\u0119dzie ogranicza\u0107 nasze codzienne \u017cycie. Je\u015bli b\u0119dziemy post\u0119powa\u0107 zgodnie z jasno okre\u015blonym planem, nic nam nie grozi. Zacznijmy od zastanowienia si\u0119 nad tym, kt\u00f3ry produkt b\u0119dzie najlepiej odpowiada\u0142 naszym potrzebom.<br \/>\n&nbsp;<br \/>\n Kolejny krok to solidny research \u2013 rzetelna analiza dost\u0119pnych ofert, wypisanie wszystkich \u201eza\u201d i \u201eprzeciw\u201d, zasi\u0119gni\u0119cie j\u0119zyka u znajomych pracuj\u0105cych w instytucjach finansowych oraz baczne \u015bledzenie prasy. Stosuj\u0105c si\u0119 do tych zasad, mo\u017cemy mie\u0107 pewno\u015b\u0107, \u017ce kredyt lub po\u017cyczka b\u0119d\u0105 bezbolesnym krokiem w stron\u0119 realizacji naszych marze\u0144!    <\/p>\n<\/div>\n","protected":false},"excerpt":{"rendered":"<p>Po\u017cyczki online i kredyty \u2013 to nic trudnego Ranking 18 kredyt online. Przyk\u0142ady por\u00f3wnywanych przez nas po\u017cyczkodawc\u00f3w! Oto, w jaki spos\u00f3b mo\u017cesz uporz\u0105dkowa\u0107 po\u017cyczki! Przesuwaj\u0105c g\u00f3rny przycisk, mo\u017cesz wybra\u0107 kwot\u0119. Dolnym przyciskiem ustalisz okres sp\u0142aty, na jakim Ci zale\u017cy. Kliknij [&hellip;]<\/p>\n","protected":false},"author":1,"featured_media":0,"parent":0,"menu_order":0,"comment_status":"closed","ping_status":"closed","template":"","meta":{"footnotes":""},"class_list":["post-5427","page","type-page","status-publish","hentry"],"psp_head":"<title>Po\u017cyczki chwil\u00f3wki przez internet. Pierwsza za damo - Bankweb.com \u2013 Bankweb Poland<\/title>\r\n<meta name=\"description\" content=\"Najlepsze rankingi i chwil\u00f3wki na dow\u00f3d - wszystkie firmy w 1 miejscu - szybko por\u00f3wnaj darmowe po\u017cyczki online\" \/>\r\n<meta name=\"robots\" content=\"index,follow\" \/>\r\n<link rel=\"canonical\" href=\"https:\/\/www.bankweb.com\/pl\/pozyczki\/\" \/>\r\n","_links":{"self":[{"href":"https:\/\/www.bankweb.com\/pl\/wp-json\/wp\/v2\/pages\/5427","targetHints":{"allow":["GET"]}}],"collection":[{"href":"https:\/\/www.bankweb.com\/pl\/wp-json\/wp\/v2\/pages"}],"about":[{"href":"https:\/\/www.bankweb.com\/pl\/wp-json\/wp\/v2\/types\/page"}],"author":[{"embeddable":true,"href":"https:\/\/www.bankweb.com\/pl\/wp-json\/wp\/v2\/users\/1"}],"replies":[{"embeddable":true,"href":"https:\/\/www.bankweb.com\/pl\/wp-json\/wp\/v2\/comments?post=5427"}],"version-history":[{"count":15,"href":"https:\/\/www.bankweb.com\/pl\/wp-json\/wp\/v2\/pages\/5427\/revisions"}],"predecessor-version":[{"id":5647,"href":"https:\/\/www.bankweb.com\/pl\/wp-json\/wp\/v2\/pages\/5427\/revisions\/5647"}],"wp:attachment":[{"href":"https:\/\/www.bankweb.com\/pl\/wp-json\/wp\/v2\/media?parent=5427"}],"curies":[{"name":"wp","href":"https:\/\/api.w.org\/{rel}","templated":true}]}}