{"id":5258,"date":"2017-09-25T11:36:45","date_gmt":"2017-09-25T11:36:45","guid":{"rendered":"http:\/\/bankweb.com\/pl\/?page_id=5258"},"modified":"2018-05-28T11:27:24","modified_gmt":"2018-05-28T11:27:24","slug":"cookies","status":"publish","type":"page","link":"https:\/\/www.bankweb.com\/pl\/cookies\/","title":{"rendered":"Zasady zachowania poufno\u015bci"},"content":{"rendered":"<h1 class=\"kredith1\">Bankweb.com<\/h1>\n<p>Turneround Webb AB (bankweb)<br \/>\nMagasinsgatan 2<br \/>\n46130 Trollh\u00e4ttan<br \/>\ninfo@bankweb.com<br \/>\n&nbsp;<br \/>\n&nbsp;<br \/>\n<strong>Zasady zachowania poufno\u015bci &#8211; Cookies<\/strong><br \/>\nbankweb.com nie gromadzi Twoich danych osobowych. W bankweb.com por\u00f3wnujemy tylko podmioty z prywatnego sektora finansowego i nie udzielamy sami po\u017cyczek. Jedyne informacje zapisywane w formie pliku to tak zwane cookie. Cookie to plik zawieraj\u0105cy informacje, kt\u00f3ry jest umieszczany na u\u017cywanym przez Ciebie komputerze. Je\u015bli zdecydujesz si\u0119 na prenumerat\u0119 naszego biuletynu, zapisany zostanie Tw\u00f3j adres e-mail. Nie sprzedajemy wspomnianych informacji osobom trzecim.<\/p>\n<p>&nbsp;<br \/>\nbankweb u\u017cywa plik\u00f3w cookie w celu sprawdzania liczby os\u00f3b odwiedzaj\u0105cych stron\u0119, monitorowania konwersji i obserwowania, w jaki spos\u00f3b u\u017cywana jest strona internetowa. Plik cookie identyfikuje tylko i wy\u0142\u0105cznie komputer, z kt\u00f3rego korzystasz, a nie Ciebie jako osob\u0119. W przegl\u0105darce internetowej istnieje opcja rezygnacji z korzystania z plik\u00f3w cookies. Przegl\u0105darki stosuj\u0105 r\u00f3\u017cne metody usuwania plik\u00f3w cookies.<br \/>\n&nbsp;<br \/>\nWejd\u017a w opcj\u0119 \u201ePomoc\u201d w g\u00f3rnym menu przegl\u0105darki, aby sprawdzi\u0107, w jaki spos\u00f3b usun\u0105\u0107 pliki cookies. Wy\u0142\u0105czenie plik\u00f3w cookies w przegl\u0105darce mo\u017ce powodowa\u0107 nieprawid\u0142owe dzia\u0142anie wielu r\u00f3\u017cnych funkcji.<br \/>\n&nbsp;<br \/>\nAby uzyska\u0107 bardziej szczeg\u00f3\u0142owe informacje na temat tego, w jaki spos\u00f3b bankweb u\u017cywa plik\u00f3w cookies, prosimy o kontakt z naszym Dzia\u0142em Obs\u0142ugi Klienta dost\u0119pnym pod adresem mailowym: info@bankweb.com.<br \/>\n &nbsp;<br \/>\n<strong>Regulamin u\u017cytkownika<\/strong><br \/>\nDane osobowe<br \/>\nbankweb nie wymaga i nie gromadzi prywatnych danych, takich jak na przyk\u0142ad dane osobowe lub dane na temat konta bankowego czy kart kredytowych. Wynika to z faktu, i\u017c bankweb nie rozpatruje poda\u0144 o po\u017cyczki. O udzielaniu po\u017cyczek decyduj\u0105 niezale\u017cni od nas kredytodawcy.<br \/>\n &nbsp;<br \/>\n<strong>Zwolnienie z odpowiedzialno\u015bci<\/strong><br \/>\nbankweb nie ponosi odpowiedzialno\u015bci za ewentualne nieprawid\u0142owo\u015bci &#8211; szkody lub utrat\u0119 finansow\u0105 wynikaj\u0105cej z umowy lub porozumienia zawartego z niezale\u017cnym od bankweb kredytodawc\u0105. W zwi\u0105zku z powy\u017cszym bankweb nie mo\u017cna poci\u0105ga\u0107 do odpowiedzialno\u015bci w razie spor\u00f3w dotycz\u0105cych um\u00f3w z bankami\/kredytodawcami zewn\u0119trznymi. bankweb nie namawia nikogo do zaci\u0105gania po\u017cyczek. Jest to decyzja, kt\u00f3r\u0105 nale\u017cy podj\u0105\u0107 samodzielnie. Osoby zad\u0142u\u017cone, maj\u0105ce trudn\u0105 sytuacj\u0119 finansow\u0105 nie powinny bra\u0107 po\u017cyczek.<br \/>\n &nbsp;<br \/>\n<strong>Zmiany w regulaminie <\/strong><br \/>\nZ racji tego, \u017ce regulamin mo\u017ce ulec zmianie, nale\u017cy regularnie odwiedza\u0107 nasz\u0105 stron\u0119. <\/p>\n","protected":false},"excerpt":{"rendered":"<p>Bankweb.com Turneround Webb AB (bankweb) Magasinsgatan 2 46130 Trollh\u00e4ttan info@bankweb.com &nbsp; &nbsp; Zasady zachowania poufno\u015bci &#8211; Cookies bankweb.com nie gromadzi Twoich danych osobowych. W bankweb.com por\u00f3wnujemy tylko podmioty z prywatnego sektora finansowego i nie udzielamy sami po\u017cyczek. Jedyne informacje zapisywane [&hellip;]<\/p>\n","protected":false},"author":1,"featured_media":0,"parent":0,"menu_order":0,"comment_status":"closed","ping_status":"closed","template":"","meta":{"footnotes":""},"class_list":["post-5258","page","type-page","status-publish","hentry"],"psp_head":"<title>Zasady zachowania poufno\u015bci \u2013 Bankweb Poland<\/title>\r\n<meta name=\"description\" content=\"Bankweb.com Turneround Webb AB (bankweb) Magasinsgatan 2 46130 Trollh\u00e4ttan info@bankweb.com &nbsp; &nbsp; Zasady zachowania poufno\u015bci - Cookies bankweb.com nie gromadzi Twoich danych osobowych.\" \/>\r\n<meta name=\"robots\" content=\"index,follow\" \/>\r\n<link rel=\"canonical\" href=\"https:\/\/www.bankweb.com\/pl\/cookies\/\" \/>\r\n","_links":{"self":[{"href":"https:\/\/www.bankweb.com\/pl\/wp-json\/wp\/v2\/pages\/5258","targetHints":{"allow":["GET"]}}],"collection":[{"href":"https:\/\/www.bankweb.com\/pl\/wp-json\/wp\/v2\/pages"}],"about":[{"href":"https:\/\/www.bankweb.com\/pl\/wp-json\/wp\/v2\/types\/page"}],"author":[{"embeddable":true,"href":"https:\/\/www.bankweb.com\/pl\/wp-json\/wp\/v2\/users\/1"}],"replies":[{"embeddable":true,"href":"https:\/\/www.bankweb.com\/pl\/wp-json\/wp\/v2\/comments?post=5258"}],"version-history":[{"count":5,"href":"https:\/\/www.bankweb.com\/pl\/wp-json\/wp\/v2\/pages\/5258\/revisions"}],"predecessor-version":[{"id":5442,"href":"https:\/\/www.bankweb.com\/pl\/wp-json\/wp\/v2\/pages\/5258\/revisions\/5442"}],"wp:attachment":[{"href":"https:\/\/www.bankweb.com\/pl\/wp-json\/wp\/v2\/media?parent=5258"}],"curies":[{"name":"wp","href":"https:\/\/api.w.org\/{rel}","templated":true}]}}