{"id":5256,"date":"2017-09-25T11:32:58","date_gmt":"2017-09-25T11:32:58","guid":{"rendered":"http:\/\/bankweb.com\/pl\/?page_id=5256"},"modified":"2018-05-28T11:28:57","modified_gmt":"2018-05-28T11:28:57","slug":"bankweb","status":"publish","type":"page","link":"https:\/\/www.bankweb.com\/pl\/bankweb\/","title":{"rendered":"o bank24"},"content":{"rendered":"<h1 class=\"kredith1 heading1\"><span>Co czyni bankweb wyj\u0105tkowym?<\/span><\/h1>\n<p>Nasz zamys\u0142 jest bardzo prosty &#8211; pomagamy w oszcz\u0119dzaniu osobom prywatnym, kt\u00f3re zamierzaj\u0105 zaci\u0105gn\u0105\u0107 po\u017cyczk\u0119, zainwestowa\u0107 lub ulokowa\u0107 gdzie\u015b swoje pieni\u0105dze.<br \/>\nbankweb.com umo\u017cliwia sprawdzenie, gdzie uzyskamy najlepsze oprocentowanie, bez wzgl\u0119du na to, czy zale\u017cy nam na zaci\u0105gni\u0119ciu po\u017cyczki, oszcz\u0119dzaniu lub ulokowaniu gdzie\u015b naszych \u015brodk\u00f3w. Wyj\u0105tkowo\u015b\u0107 bankweb polega na tym, \u017ce obejmuje on wszystkie polskie banki i wielu po\u017cyczkodawc\u00f3w. Por\u00f3wnujemy instytucje udzielaj\u0105ce kredyt\u00f3w oraz banki z 18 r\u00f3\u017cnych segment\u00f3w prywatnego rynku finansowego.<br \/>\n&nbsp;<br \/>\nW bankweb instytucje s\u0105 wymieniane w porz\u0105dku malej\u0105cym &#8211; podmioty znajduj\u0105ce si\u0119 na samej g\u00f3rze listy oferuj\u0105 najlepsze efektywne roczne stopy procentowe. U\u0142atwia to klientom sprawdzenie \u0142\u0105cznego kosztu po\u017cyczki, gdy\u017c oferowane przez wiele instytucji zach\u0119caj\u0105ce i korzystnie wygl\u0105daj\u0105ce same stopy procentowe, nie stanowi\u0105 wystarczaj\u0105cej informacji.<br \/>\n&nbsp;<br \/>\n<strong>Kim jeste\u015bmy?<\/strong><br \/>\nPodmiot, kt\u00f3ry prowadzi i jest w\u0142a\u015bcicielem bankweb to Turneround Webb AB, sp\u00f3\u0142ka zajmuj\u0105ca si\u0119 tworzeniem tre\u015bci internetowych. Na rozwojem i funkcjonowaniem strony stale czuwaj\u0105 Jonas Larsson i Emma Larsson. Emma jest odpowiedzialna za jako\u015b\u0107 i tre\u015b\u0107. Emma \u0142\u0105czy swoje do\u015bwiadczenie w pracy jako copywriter i zainteresowanie finansami, tworz\u0105c przydatne artyku\u0142y dla naszych odwiedzaj\u0105cych.<br \/>\n&nbsp;<br \/>\nJonas to dyrektor wykonawczy i wydawniczy bankweb, kt\u00f3ry mo\u017ce pochwali\u0107 si\u0119 imponuj\u0105cym do\u015bwiadczeniem w pracy w bran\u017cy internetowej oraz w tworzeniu por\u00f3wnywarek, a tak\u017ce pi\u0119tnastoletni\u0105 aktywno\u015bci\u0105 na rynku finansowym.<br \/>\n &nbsp;<br \/>\n<strong>Udost\u0119pnij nasz link<\/strong><br \/>\nJe\u015bli chcesz udost\u0119pni\u0107 nasz link, przejd\u017a do baner\u00f3w znajduj\u0105cych si\u0119 tutaj.<br \/>\nReklamy<br \/>\nWi\u0119cej informacji na temat mo\u017cliwo\u015bci umieszczania reklam na bankweb znajdziesz tutaj.<br \/>\n &nbsp;<br \/>\n<strong>Nasze cele<\/strong><br \/>\nW bankweb znajdziesz najlepsze ceny i stopy oprocentowania us\u0142ug w prywatnym sektorze finansowym. Na naszych listach widniej\u0105 nie tylko firmy, kt\u00f3re nam za to p\u0142ac\u0105. Umieszczamy wszystkie instytucj\u0119, aby umo\u017cliwi\u0107 naszym odwiedzaj\u0105cym wyrobienie sobie realnego pogl\u0105du na wysoko\u015b\u0107 cen\/oprocentowania.<br \/>\n &nbsp;<br \/>\n  Zaoszcz\u0119d\u017a czas i pieni\u0105dze. Wszystkie szwedzkie banki zebrane w tym samym miejscu.<br \/>\n  bankweb jest firm\u0105 niezale\u017cn\u0105 i bezstronn\u0105. Wszystkie por\u00f3wnania cen maj\u0105 charakter obiektywny. Nie przewidujemy mo\u017cliwo\u015bci sponsorowanego wy\u015bwietlania poszczeg\u00f3lnych firm. O kolejno\u015bci wy\u015bwietlania decyduje wysoko\u015b\u0107 rocznej stopy oprocentowania.<br \/>\n  Nasze us\u0142ugi s\u0105 ca\u0142kowicie darmowe.<br \/>\n  D\u0105\u017cymy do uwzgl\u0119dniania wszystkich szwedzkich bank\u00f3w i instytucji udzielaj\u0105cych kredyt\u00f3w. Wszystko po to, aby nasi odwiedzaj\u0105cy mieli dost\u0119p do wiarygodnych por\u00f3wna\u0144 us\u0142ug w prywatnym sektorze finansowym.<br \/>\n  Ca\u0142y czas masz kontrol\u0119 nad swoimi danymi osobowymi. Osoby korzystaj\u0105ce z bankweb.com nigdy nie s\u0105 proszone o podanie osobistych danych.<br \/>\n &nbsp;<br \/>\nMamy nadziej\u0119, \u017ce b\u0119dziecie zadowoleni z naszych us\u0142ug i znajdziecie oprocentowanie na satysfakcjonuj\u0105cym was poziomie!<\/p>\n<p>&nbsp;<br \/>\n<strong>Sponsoring\/Dzia\u0142alno\u015b\u0107 charytatywna<\/strong><br \/>\nbankweb wspiera niekt\u00f3re organizacje. W latach 2015-2016 zasponsorowali\u015bmy lub dokonali\u015bmy darowizny na rzecz: SOS-Barnbyar (SOS-Wioski dzieci\u0119ce), Barncancerfonden (Fundusz na rzecz dzieci chorych na raka), Hj\u00e4rtebarnsf\u00f6rbundet (Stowarzyszenie na rzecz dzieci chorych na serce) oraz Svenska Freds (Szwedzkie Stowarzyszenie na rzecz pokoju). bankweb wspomaga tak\u017ce wybrane kluby sportowe.<\/p>\n","protected":false},"excerpt":{"rendered":"<p>Co czyni bankweb wyj\u0105tkowym? Nasz zamys\u0142 jest bardzo prosty &#8211; pomagamy w oszcz\u0119dzaniu osobom prywatnym, kt\u00f3re zamierzaj\u0105 zaci\u0105gn\u0105\u0107 po\u017cyczk\u0119, zainwestowa\u0107 lub ulokowa\u0107 gdzie\u015b swoje pieni\u0105dze. bankweb.com umo\u017cliwia sprawdzenie, gdzie uzyskamy najlepsze oprocentowanie, bez wzgl\u0119du na to, czy zale\u017cy nam na [&hellip;]<\/p>\n","protected":false},"author":1,"featured_media":0,"parent":0,"menu_order":0,"comment_status":"closed","ping_status":"closed","template":"","meta":{"footnotes":""},"class_list":["post-5256","page","type-page","status-publish","hentry"],"psp_head":"<title>Zapraszamy do kontaktu - Bankweb.com \u2013 Bankweb Poland<\/title>\r\n<meta name=\"description\" content=\"Zapraszamy do kontaktu\" \/>\r\n<meta name=\"robots\" content=\"index,follow\" \/>\r\n<link rel=\"canonical\" href=\"https:\/\/www.bankweb.com\/pl\/bankweb\/\" \/>\r\n","_links":{"self":[{"href":"https:\/\/www.bankweb.com\/pl\/wp-json\/wp\/v2\/pages\/5256","targetHints":{"allow":["GET"]}}],"collection":[{"href":"https:\/\/www.bankweb.com\/pl\/wp-json\/wp\/v2\/pages"}],"about":[{"href":"https:\/\/www.bankweb.com\/pl\/wp-json\/wp\/v2\/types\/page"}],"author":[{"embeddable":true,"href":"https:\/\/www.bankweb.com\/pl\/wp-json\/wp\/v2\/users\/1"}],"replies":[{"embeddable":true,"href":"https:\/\/www.bankweb.com\/pl\/wp-json\/wp\/v2\/comments?post=5256"}],"version-history":[{"count":5,"href":"https:\/\/www.bankweb.com\/pl\/wp-json\/wp\/v2\/pages\/5256\/revisions"}],"predecessor-version":[{"id":5443,"href":"https:\/\/www.bankweb.com\/pl\/wp-json\/wp\/v2\/pages\/5256\/revisions\/5443"}],"wp:attachment":[{"href":"https:\/\/www.bankweb.com\/pl\/wp-json\/wp\/v2\/media?parent=5256"}],"curies":[{"name":"wp","href":"https:\/\/api.w.org\/{rel}","templated":true}]}}