{"id":5203,"date":"2017-08-31T11:30:52","date_gmt":"2017-08-31T11:30:52","guid":{"rendered":"http:\/\/bankweb.com\/pl\/?page_id=5203"},"modified":"2018-06-01T09:50:33","modified_gmt":"2018-06-01T09:50:33","slug":"start","status":"publish","type":"page","link":"https:\/\/www.bankweb.com\/pl\/","title":{"rendered":"Start"},"content":{"rendered":"<div class=\"entryfullfront\">\n<p>    <!--------Slides------>    <\/p>\n<div class=\"carousel slide carousel-fade\" data-ride=\"carousel\">\n\t\t<!-- Wrapper for slides --><\/p>\n<div class=\"carousel-inner\" role=\"listbox\">\n<div class=\"item active\" style=\" background: url(\/pl\/images\/slide.jpg) no-repeat top center ;\">\n<div class=\"overlay\">\n<div class=\"ittembold\">\n<div class=\"caption\">Bankweb.com &#8211; <br \/>Znajd\u017a najta\u0144sz\u0105 po\u017cyczk\u0119 &#8211; klasyfikujemy firmy ze wzgl\u0119du na ca\u0142kowity koszt!<\/div>\n<p><a href=\"\" class=\"bluebtn\">Por\u00f3wnaj po\u017cyczki<\/a><\/div>\n<\/div><\/div>\n<div class=\"item\" style=\" background: url(\/pl\/images\/slide.jpg) no-repeat top center ;\">\n<div class=\"overlay\">\n<div class=\"ittembold\">\n<div class=\"caption\">Bankweb.com &#8211; <br \/>Znajd\u017a najta\u0144sz\u0105 po\u017cyczk\u0119 &#8211; klasyfikujemy firmy ze wzgl\u0119du na ca\u0142kowity koszt!<\/div>\n<p><a href=\"\"  class=\"bluebtn\">Por\u00f3wnaj po\u017cyczki<\/a><\/div>\n<\/div><\/div>\n<\/p><\/div>\n<p>        <a class=\"left carouselbtn\" href=\".carousel\" role=\"button\" data-slide=\"prev\"><<\/a><br \/>\n        <a class=\"right carouselbtn\" href=\".carousel\" role=\"button\" data-slide=\"next\">><\/a><\/p><\/div>\n<\/div>\n<p>    <!---- below Image Blocks----><\/p>\n<div class=\"container\">\n<div class=\" homeblocks row\">\n<div class=\"col5\">\n<div class=\"inner\" style=\"background-color:#1ebee4;\">\n<div class=\"border\">\n<div class=\"image\" style=\"background: url(\/pl\/images\/personal_loan.png) no-repeat center center ;\"><\/div>\n<h3><a class=\"whitefront\" href=\"https:\/\/www.bankweb.com\/pl\/pozyczki\/\">Po\u017cyczka<\/a><\/h3>\n<\/p><\/div>\n<\/p><\/div>\n<\/p><\/div>\n<div class=\"col5\">\n<div class=\"inner\" style=\"background-color:#1ebee4;\">\n<div class=\"border\">\n<div class=\"image\" style=\"background: url(\/pl\/images\/quickloan.png) no-repeat center center ;\"><\/div>\n<h3><a class=\"whitefront\" href=\"https:\/\/www.bankweb.com\/pl\/chwilowki\/\">Chwil\u00f3wki<\/a><\/h3>\n<\/p><\/div>\n<\/p><\/div>\n<\/p><\/div>\n<div class=\"col5\">\n<div class=\"inner\" style=\"background-color:#1ebee4;\">\n<div class=\"border\">\n<div class=\"image\" style=\"background: url(\/pl\/images\/buiseness_loan.png) no-repeat center center ;\"><\/div>\n<h3><a class=\"whitefront\" href=\"https:\/\/www.bankweb.com\/pl\/pozyczki-na-raty\/\">Po\u017cyczka na raty<\/a><\/h3>\n<\/p><\/div>\n<\/p><\/div>\n<\/p><\/div>\n<div class=\"col5\">\n<div class=\"inner\" style=\"background-color:#c0aa32;\">\n<div class=\"border\">\n<div class=\"image\" style=\"background: url(\/pl\/images\/mortage.png) no-repeat center center ;\"><\/div>\n<h3><a class=\"whitefront\" href=\"https:\/\/www.bankweb.com\/pl\/kredyty-konsumenckie\/\">Kredyty konsumenckie<\/a><\/h3>\n<\/p><\/div>\n<\/p><\/div>\n<\/p><\/div>\n<\/p><\/div>\n<\/p><\/div>\n<\/p><\/div>\n<\/div>\n<h1>Zabrak\u0142o mi got\u00f3wki, jakie mam mo\u017cliwo\u015bci?<\/h1>\n<p>Niemal ka\u017cdy z nas znalaz\u0142 si\u0119 w sytuacji, w kt\u00f3rej pilnie potrzebowa\u0142 dodatkowego zastrzyku pieni\u0119dzy. Co zrobi\u0107 je\u017celi nie mamy mo\u017cliwo\u015bci si\u0119gni\u0119cia po w\u0142asne oszcz\u0119dno\u015bci lub te\u017c zamo\u017cnej rodziny gotowej natychmiastowo nas wspom\u00f3c? Obecny rynek finansowy oferuje nam wiele mo\u017cliwo\u015bci. Na ka\u017cdym kroku widzimy reklamy bank\u00f3w i firm. kt\u00f3re s\u0105 w stanie wspom\u00f3c nas finansowo. Co wi\u0119cej z reklam tych wynika, \u017ce b\u0119dziemy musieli zwr\u00f3ci\u0107 tylko po\u017cyczon\u0105 kwot\u0119 bez \u017cadnych odsetek i op\u0142at.<br \/>\n&nbsp;<br \/>\nDecyduj\u0105c si\u0119 na tak\u0105 pomoc musimy zachowa\u0107 szczeg\u00f3ln\u0105 ostro\u017cno\u015b\u0107 i dok\u0142adnie analizowa\u0107 przedstawione nam oferty. Poni\u017cej klika podstawowych informacji na temat najbardziej popularnych opcji <a href=\"https:\/\/www.bankweb.com\/pl\/kredyty-konsumenckie\/\">po\u017cyczenia pieni\u0119dzy dost\u0119pnych na rynku<\/a>.<br \/>\n&nbsp;<br \/>\n<img loading=\"lazy\" decoding=\"async\" src=\"https:\/\/www.bankweb.com\/pl\/wp-content\/uploads\/2018\/05\/Szybkiepozyczki-1024x571.jpg\" alt=\"Szybkie pozyczki\" width=\"580\" height=\"323\" class=\"alignnone size-large wp-image-5464\" srcset=\"https:\/\/www.bankweb.com\/pl\/wp-content\/uploads\/2018\/05\/Szybkiepozyczki-1024x571.jpg 1024w, https:\/\/www.bankweb.com\/pl\/wp-content\/uploads\/2018\/05\/Szybkiepozyczki-300x167.jpg 300w, https:\/\/www.bankweb.com\/pl\/wp-content\/uploads\/2018\/05\/Szybkiepozyczki-768x428.jpg 768w, https:\/\/www.bankweb.com\/pl\/wp-content\/uploads\/2018\/05\/Szybkiepozyczki.jpg 1920w\" sizes=\"auto, (max-width: 580px) 100vw, 580px\" \/><br \/>\n&nbsp;<\/p>\n<h2>Po\u017cyczki osobiste<\/h2>\n<p>Jest to najbardziej powszechny spos\u00f3b na szybkie poprawienie naszej sytuacji finansowej. Nisko oprocentowane <a href=\"https:\/\/www.bankweb.com\/pl\/pozyczki\/\">po\u017cyczki online<\/a> ma w swojej ofercie niemal ka\u017cdy bank a tak\u017ce niezliczona ilo\u015b\u0107 firm. Wbrew pozorom i powszechnej w polskim spo\u0142ecze\u0144stwie niech\u0119ci do zad\u0142u\u017cania si\u0119, dobrze przemy\u015blana i wybrana po\u017cyczka nie musi by\u0107 dla kredytobiorcy bolesna.<br \/>\n&nbsp;<br \/>\nWarto zwr\u00f3ci\u0107 uwag\u0119 nie tylko na podstawowe kwestie takie jak oprocentowanie ale tak\u017ce na tzw. warunki dodane. Czyli np. czy bior\u0105c po\u017cyczk\u0119 w danym banku zostaniemy zobligowani do skorzystania z innych p\u0142atnych us\u0142ug (np. konto, ubezpieczenie).<br \/>\n&nbsp;<br \/>\nTakie &#8221;extra&#8221; us\u0142ugi wp\u0142ywaj\u0105 na obni\u017cenie naszego oprocentowania, jednak w niekt\u00f3rych przypadkach ich d\u0142ugoterminowa warto\u015b\u0107 przekracza nasze mo\u017cliwo\u015bci finansowe oraz powoduje zwi\u0105zanie si\u0119 z dan\u0105 instytucj\u0105 finansow\u0105 na d\u0142ugie lata. A to nigdy nie jest przecie\u017c celem konsumenta.<br \/>\n&nbsp;<br \/>\nDobrym i korzystnym rozwi\u0105zaniem jest stworzenie w\u0142asnej tabeli w kt\u00f3rej dok\u0142adnie przeanalizujemy przedstawione nam oferty. Wpisujemy do niej podstawowe dla nas parametry (oprocentowanie, prowizja, inne warunki itp.). Jest to tak\u017ce doskona\u0142a podstawa do negocjacji z bankiem. Rozmowa z po\u017cyczkodawc\u0105 jest niezwykle istotna.<br \/>\n&nbsp;<br \/>\nPracownicy bank\u00f3w zawsze zaczynaj\u0105 od wy\u017cszych stawek, gdy\u017c maj\u0105 w tym sw\u00f3j interes w postaci procent\u00f3w od zawartej umowy. Gdy mamy w r\u0119kach nasz\u0105 tabel\u0119 mamy dobr\u0105 podstaw\u0119 do negocjacji warunk\u00f3w.<\/p>\n<h3>Szybkie po\u017cyczki<\/h3>\n<p>S\u0105 one cz\u0119\u015bci\u0105 po\u017cyczek osobistych. Elementem wyr\u00f3\u017cniaj\u0105cym jest czas w jakim s\u0105 udzielane. Klient jest w stanie zaci\u0105gn\u0105\u0107 tak\u0105 po\u017cyczk\u0119 w przeci\u0105gu nieca\u0142ych 10 minut. Najcz\u0119\u015bciej limit takiej <a href=\"https:\/\/www.bankweb.com\/pl\/pozyczki-na-raty\/\">po\u017cyczki<\/a> si\u0119ga kliku tysi\u0119cy z\u0142otych. Pieni\u0105dze mo\u017cna otrzyma\u0107 do r\u0119ki posiadaj\u0105c przy sobie tylko i wy\u0142\u0105cznie dow\u00f3d osobisty.<br \/>\n&nbsp;<br \/>\nNiestety po\u017cyczki t\u0119 s\u0105 bardzo wysoko oprocentowane i nale\u017cy zwr\u00f3ci\u0107 szczeg\u00f3ln\u0105 uwag\u0119 przy podpisywaniu umowy. Oferenci zdaj\u0105 sobie spraw\u0119, \u017ce klient potrzebuj\u0119 got\u00f3wki &#8221;na teraz&#8221; i staraj\u0105 si\u0119 ten fakt wykorzysta\u0107.<br \/>\n&nbsp;<\/p>\n<h3>Karty kredytowe<\/h3>\n<p>Jest to kolejna opcja pomocy w sytuacji gdy nie mamy w\u0142asnych pieni\u0119dzy a czekaj\u0105 nas niespodziewane wydatki. Posiadanie karty kredytowej z okre\u015blonym limitem zad\u0142u\u017cenia jest niesamowicie wygodne, mo\u017cemy po ni\u0105 si\u0119gn\u0105\u0107 kiedy tylko chcemy bez podpisywania um\u00f3w i wizyt w oddzia\u0142ach bank\u00f3w. Za tak\u0105 wygod\u0119 trzeba jednak zap\u0142aci\u0107. Kredyt zaci\u0105gni\u0119ty w formie karty jest zawsze klika procent dro\u017cszy od wy\u017cej opisanych tradycyjnych po\u017cyczek got\u00f3wkowych.<br \/>\n&nbsp;<br \/>\nDla por\u00f3wnania je\u017celi dla po\u017cyczki oprocentowanie waha si\u0119 od 4-8 % to w przypadku karty kredytowej mo\u017ce ono nawet przekroczy\u0107 10%. Pomijaj\u0105c dodatkowe elementy um\u00f3w kredytowych jest to do\u015b\u0107 znacz\u0105ca r\u00f3\u017cnica. Karta kredytowa jest r\u00f3wnie\u017c &#8221;niebezpieczna w sp\u0142acaniu&#8221;. Nie mamy bowiem sztywno okre\u015blonych termin\u00f3w i rat p\u0142atno\u015bci. \u0141atwo wi\u0119c ulec pokusie \u0142atwego dost\u0119pu do szybkiej got\u00f3wki co w przysz\u0142o\u015bci mo\u017ce spowodowa\u0107, \u017ce nasze d\u0142ugi stan\u0105 si\u0119 nie do sp\u0142acenia.<br \/>\n&nbsp;<br \/>\nWy\u017cej opisane cechy kart kredytowych powoduj\u0105, \u017ce bardzo cz\u0119sto s\u0105 one elementami wi\u0119kszych um\u00f3w kredytowych takich jak np.<br \/>\n&nbsp;<br \/>\nKredyty hipoteczne. Instytucje s\u0105 \u015bwiadome, i\u017c klient kt\u00f3ry zdecyduje si\u0119 na obni\u017cenie oprocentowania czy prowizji ok kredytu i zdecyduje si\u0119 na kart\u0119 kredytow\u0105, wcze\u015bniej lub p\u00f3\u017aniej zdecyduje si\u0119 jej u\u017cy\u0107. Dzi\u0119ki temu bank zyska nie tylko na umowie kredytowej ale tak\u017ce na karcie kredytowej.<br \/>\n&nbsp;<br \/>\n<img loading=\"lazy\" decoding=\"async\" src=\"https:\/\/www.bankweb.com\/pl\/wp-content\/uploads\/2018\/05\/Po\u017cyczki-osobiste-1024x683.jpg\" alt=\"Po\u017cyczki osobiste\" width=\"580\" height=\"387\" class=\"alignnone size-large wp-image-5465\" srcset=\"https:\/\/www.bankweb.com\/pl\/wp-content\/uploads\/2018\/05\/Po\u017cyczki-osobiste-1024x683.jpg 1024w, https:\/\/www.bankweb.com\/pl\/wp-content\/uploads\/2018\/05\/Po\u017cyczki-osobiste-300x200.jpg 300w, https:\/\/www.bankweb.com\/pl\/wp-content\/uploads\/2018\/05\/Po\u017cyczki-osobiste-768x512.jpg 768w, https:\/\/www.bankweb.com\/pl\/wp-content\/uploads\/2018\/05\/Po\u017cyczki-osobiste.jpg 1920w\" sizes=\"auto, (max-width: 580px) 100vw, 580px\" \/><br \/>\n&nbsp;<br \/>\nKarta kredytowa jest wygodnym i bardzo szybkim sposobem na za\u0142atanie dziur w bud\u017cecie. Z drugiej strony jest r\u00f3wnie\u017c o wiele bardziej ryzykowna i niebezpieczna od po\u017cyczek got\u00f3wkowych. Decyduj\u0105c si\u0119 na ni\u0105 musimy by\u0107 \u015bwiadomi i bardzo ostro\u017cni.<br \/>\n&nbsp;<\/p>\n<h4>Po\u017cyczki biznesowe<\/h4>\n<p>Po\u017cyczki biznesowe s\u0105 podobne do osobistych po\u017cyczek opisanych wcze\u015bniej. Zmienia si\u0119 forma zabezpieczenia, kt\u00f3rego wymaga instytucja udzielaj\u0105ca kredytu. Nie s\u0105 to ju\u017c \u015brodki posiadane przez osob\u0119 prywatn\u0105 a przez w\u0142a\u015bciciela lub te\u017c w\u0142a\u015bcicieli firmy.<br \/>\n&nbsp;<br \/>\nW sk\u0142ad takich zabezpiecze\u0144 mog\u0105 wchodzi\u0107: wierzytelno\u015bci, nieruchomo\u015bci, \u015brodki trwa\u0142e, akcje, udzia\u0142y w Sp. z o.o. <a href=\"https:\/\/www.bankweb.com\/pl\/pozyczki\/\">Po\u017cyczka<\/a> udzielona firmie mo\u017ce te\u017c by\u0107 wi\u0119ksza kwotowo i to przy mniejszym oprocentowaniu ni\u017c po\u017cyczka osoby prywatnej. Wynika to z wi\u0119kszego zaufania bank\u00f3w i instytucji finansowych do firm. Nie oznacza to jednak, \u017ce firmie o po\u017cyczk\u0119 jest \u0142atwiej. Wr\u0119cz przeciwnie, umowy po\u017cyczkowe dla przedsi\u0119biorc\u00f3w s\u0105 bardziej skomplikowane i obwarowane.<br \/>\n&nbsp;<br \/>\nReasumuj\u0105c, gdy znajdziemy si\u0119 w sytuacji gdzie po\u017cyczenie pieni\u0119dzy z banku lub firmy stanie si\u0119 konieczne, postarajmy si\u0119 aby po\u017cyczka by\u0142a dla nas wygodna i bezpieczna. Pami\u0119tajmy o tym, \u017ce banki to nie instytucje charytatywne, a finansowe zarabiaj\u0105ce na tym ogromne pieni\u0105dze.<br \/>\n&nbsp;<br \/>\nPrzed podpisaniem umowy przeczytajmy j\u0105 wielokrotnie, por\u00f3wnajmy oferty. Nie dajmy si\u0119 oszuka\u0107. Je\u017celi zachowamy odpowiedni\u0105 ostro\u017cno\u015b\u0107 to ka\u017cda z opisanych po\u017cyczek stanie si\u0119 dla nas pomoc\u0105 a nie problemem.<\/p>\n","protected":false},"excerpt":{"rendered":"<p>Bankweb.com &#8211; Znajd\u017a najta\u0144sz\u0105 po\u017cyczk\u0119 &#8211; klasyfikujemy firmy ze wzgl\u0119du na ca\u0142kowity koszt! Por\u00f3wnaj po\u017cyczki Bankweb.com &#8211; Znajd\u017a najta\u0144sz\u0105 po\u017cyczk\u0119 &#8211; klasyfikujemy firmy ze wzgl\u0119du na ca\u0142kowity koszt! Por\u00f3wnaj po\u017cyczki Po\u017cyczka Chwil\u00f3wki Po\u017cyczka na raty Kredyty konsumenckie Zabrak\u0142o mi got\u00f3wki, [&hellip;]<\/p>\n","protected":false},"author":1,"featured_media":0,"parent":0,"menu_order":0,"comment_status":"closed","ping_status":"closed","template":"","meta":{"footnotes":""},"class_list":["post-5203","page","type-page","status-publish","hentry"],"psp_head":"<title>Najlepsze por\u00f3wnanie po\u017cyczek - najwi\u0119cej opcji - Bankweb.com \u2013 Bankweb Poland<\/title>\r\n<meta name=\"description\" content=\"Jest to najbardziej powszechny spos\u00f3b na szybkie poprawienie naszej sytuacji finansowej. Nisko oprocentowane po\u017cyczki ma w swojej ofercie niemal ka\u017cdy bank a tak\u017ce niezliczona ilo\u015b\u0107 firm.\" \/>\r\n<meta name=\"robots\" content=\"index,follow\" \/>\r\n<link rel=\"canonical\" href=\"https:\/\/www.bankweb.com\/pl\/\" \/>\r\n","_links":{"self":[{"href":"https:\/\/www.bankweb.com\/pl\/wp-json\/wp\/v2\/pages\/5203","targetHints":{"allow":["GET"]}}],"collection":[{"href":"https:\/\/www.bankweb.com\/pl\/wp-json\/wp\/v2\/pages"}],"about":[{"href":"https:\/\/www.bankweb.com\/pl\/wp-json\/wp\/v2\/types\/page"}],"author":[{"embeddable":true,"href":"https:\/\/www.bankweb.com\/pl\/wp-json\/wp\/v2\/users\/1"}],"replies":[{"embeddable":true,"href":"https:\/\/www.bankweb.com\/pl\/wp-json\/wp\/v2\/comments?post=5203"}],"version-history":[{"count":48,"href":"https:\/\/www.bankweb.com\/pl\/wp-json\/wp\/v2\/pages\/5203\/revisions"}],"predecessor-version":[{"id":5499,"href":"https:\/\/www.bankweb.com\/pl\/wp-json\/wp\/v2\/pages\/5203\/revisions\/5499"}],"wp:attachment":[{"href":"https:\/\/www.bankweb.com\/pl\/wp-json\/wp\/v2\/media?parent=5203"}],"curies":[{"name":"wp","href":"https:\/\/api.w.org\/{rel}","templated":true}]}}