{"id":5543,"date":"2018-05-15T09:24:53","date_gmt":"2018-05-15T09:24:53","guid":{"rendered":"https:\/\/www.bankweb.com\/lt\/?page_id=5543"},"modified":"2022-07-18T10:25:16","modified_gmt":"2022-07-18T10:25:16","slug":"atrais-kredits","status":"publish","type":"page","link":"https:\/\/www.bankweb.com\/lt\/atrais-kredits\/","title":{"rendered":"\u0101trais kredits"},"content":{"rendered":"<p><script language=\"javascript\" type=\"text\/javascript\">\nfunction showHide(shID) {\n   if (document.getElementById(shID)) {\n      if (document.getElementById(shID+'-show').style.display != 'none') {\n         document.getElementById(shID+'-show').style.display = 'none';\n         document.getElementById(shID).style.display = 'inline';\n      }\n      else {\n         document.getElementById(shID+'-show').style.display = 'block';\n         document.getElementById(shID).style.display = 'none';\n      }\n   }\n}\n<\/script><\/p>\n<div class=\"entry\">\n<div class=\"blancoheader\">\n<h1 class=\"heading1 credith1\">Bankweb Latvia &#8211; \u0100trais Kred\u012bts Internet\u0101<\/h1>\n<\/div>\n<p class=\"ingresssnabblan\">\n<p>&nbsp;<\/p>\n<div class=\"fullwidthlan\">\n<div class=\"social-col l\">\n<div class=\"imgblanco\"><span style=\"text-align: center; display: block; padding-bottom: 20px; color: black;\">Banku piem\u0113ri, k\u0101dus m\u0113s sal\u012bdzin\u0101m!<\/span> <img loading=\"lazy\" decoding=\"async\" src=\"\/lt\/wp-content\/uploads\/2017\/12\/rsz_bigbank-logo-sm.png\" alt=\"\" width=\"110\" height=\"32\" class=\"imgblanco\" \/><img loading=\"lazy\" decoding=\"async\" src=\"\/lt\/wp-content\/uploads\/2017\/12\/rsz_creditonlogo.png\" alt=\"\" width=\"110\" height=\"22\" class=\"imgblanco\" \/><img loading=\"lazy\" decoding=\"async\" src=\"\/lt\/wp-content\/uploads\/2017\/12\/rsz_images.png\" alt=\"\" width=\"110\" height=\"31\" class=\"imgblanco\" \/><img loading=\"lazy\" decoding=\"async\" src=\"\/lt\/wp-content\/uploads\/2017\/12\/rsz_kimbilogo.png\" alt=\"\" width=\"110\" height=\"21\" class=\"imgblanco\" \/><img loading=\"lazy\" decoding=\"async\" src=\"\/lt\/wp-content\/uploads\/2017\/12\/rsz_kredits365.png\" alt=\"\" width=\"110\" height=\"28\" class=\"imgblanco\" \/><img loading=\"lazy\" decoding=\"async\" src=\"\/lt\/wp-content\/uploads\/2017\/12\/rsz_logo_1.png\" alt=\"\" width=\"110\" height=\"29\" class=\"imgblanco\" \/><\/div>\n<\/div>\n<div class=\"c\"><\/div>\n<div class=\"social-colfaq\">\n<p class=\"howmuch\">L\u016bk k\u0101 sak\u0101rtot aizdevumus:<\/p>\n<ol>\n<li class=\"greenfront1\">Lietojiet sl\u012bdni aug\u0161\u0101, lai izv\u0113l\u0113tos apm\u0113ru<\/li>\n<li class=\"greenfront1\">Ievadiet v\u0113lamo atmaksas laiku apak\u0161\u0113jaj\u0101 l\u012bnij\u0101<\/li>\n<li class=\"greenfront1\">Not\u012br\u012bt! Tagad visi aizdevumi ir sak\u0101rtoti autom\u0101tisk\u0101 sec\u012bb\u0101.<\/li>\n<\/ol>\n<\/div>\n<\/div>\n<p><script type='text\/javascript' src='https:\/\/www.doaffiliate.net\/publisherScript.js?c=bh2'><\/script><\/p>\n<p>&nbsp;<\/p>\n<h2>K\u0101 izv\u0113l\u0113ties izdev\u012bg\u0101ko aizdevumu?<\/h2>\n<p>Naudas aiz\u0146em\u0161an\u0101s ir atbild\u012bgs solis, kuru j\u0101veic p\u0101rdom\u0101ti. Kred\u012btu dev\u0113ji balsta savu strat\u0113\u0123iju uz r\u016bp\u012bgu tirgus izp\u0113ti un pragmatisku inform\u0101cijas anal\u012bzi. Lai maksim\u0101li apzin\u0101tu savus riskus, kreditori bie\u017ei izv\u0113rt\u0113 katru s\u012bkumu, kas nor\u0101da uz potenci\u0101lo klientu maks\u0101tsp\u0113ju. Aiz\u0146emoties naudu, ar\u012b jums vajadz\u0113tu b\u016bt p\u0113c iesp\u0113jas lab\u0101k inform\u0113tiem. P\u0113d\u0113jo gadu laik\u0101, sp\u0113l\u0113t\u0101ju skaits kred\u012btu sektor\u0101 ir iev\u0113rojami pieaudzis un j\u016bsu, k\u0101 aizdev\u0113ja, izv\u0113les iesp\u0113jas ir iev\u0113rojami liel\u0101kas.<br \/>\n&nbsp;<br \/>\nTurkl\u0101t ne visi pied\u0101v\u0101jumi ir vien\u0101di. Tie\u0161i pret\u0113ji, tie b\u016btiski at\u0161\u0137iras sav\u0101 cen\u0101 un citu nosac\u012bjumu izdev\u012bb\u0101. T\u0101d\u0113\u013c, neatkar\u012bgi no t\u0101 vai jums ir nepiecie\u0161ams \u0101trais kred\u012bts, lai segtu negaid\u012btus izdevumus, vai apjom\u012bgs aizdevums banku sektor\u0101 jauna m\u0101jok\u013ca finans\u0113\u0161anai, ir b\u016btiski saprast, k\u0101di faktori ietekm\u0113 kred\u012btu cenas, kuri pied\u0101v\u0101jumi ir izdev\u012bg\u0101kie, bet kuri riskant\u0101kie.<br \/>\n&nbsp;<br \/>\n<img loading=\"lazy\" decoding=\"async\" src=\"\/lt\/wp-content\/uploads\/2017\/12\/latvia3-1024x671.jpg\" alt=\"aizdevumi internet\u0101\" width=\"580\" height=\"380\" class=\"alignnone size-large wp-image-5534\" srcset=\"https:\/\/www.bankweb.com\/lt\/wp-content\/uploads\/2017\/12\/latvia3-1024x671.jpg 1024w, https:\/\/www.bankweb.com\/lt\/wp-content\/uploads\/2017\/12\/latvia3-300x197.jpg 300w, https:\/\/www.bankweb.com\/lt\/wp-content\/uploads\/2017\/12\/latvia3-768x503.jpg 768w, https:\/\/www.bankweb.com\/lt\/wp-content\/uploads\/2017\/12\/latvia3.jpg 1920w\" sizes=\"auto, (max-width: 580px) 100vw, 580px\" \/><br \/>\n&nbsp;<br \/>\nLai lab\u0101k iem\u0101c\u012btos orient\u0113ties pla\u0161aj\u0101 kreditoru pied\u0101v\u0101juma kl\u0101st\u0101, ir b\u016btiski saprast, ka nepast\u0101v viens kreditors, kas pied\u0101v\u0101 izdev\u012bg\u0101kos kred\u012btus visiem aiz\u0146emties grib\u0113t\u0101jiem. Cilv\u0113ku finansi\u0101l\u0101s iesp\u0113jas ir da\u017e\u0101das, l\u012bdz ar to at\u0161\u0137iras to kred\u012btu atmaksas iesp\u0113jas un no t\u0101 izrieto\u0161ie kreditoru riski. \u0160is aspekts ir galvenais faktors, kas rada pla\u0161u vari\u0101ciju aizdevumu pied\u0101v\u0101jum\u0101. Kreditoriem aizdodot naudu, vienm\u0113r past\u0101v risks to nesa\u0146emt atpaka\u013c.<br \/>\n&nbsp;<br \/>\nKreditori aizdod naudu, lai g\u016btu pe\u013c\u0146u, t\u0101d\u0113\u013c zaud\u0113jumi, k\u0101di neizb\u0113gami rad\u012bsies no neatmaks\u0101tajiem aizdevumiem, ir j\u0101\u0146em v\u0113r\u0101 apr\u0113\u0137inot kred\u012bta procentu likmi. Vienk\u0101r\u0161\u0101kais pa\u0146\u0113miens, k\u0101 samazin\u0101t \u0161o risku ir aizdot tikai person\u0101m ar nevainojamu kred\u012bta v\u0113sturi. \u0160\u0101da aizdo\u0161anas strat\u0113\u0123ija noz\u012bm\u0113 to, ka tiks izsniegts sal\u012bdzino\u0161i neliels skaits aizdevumu un to apmaksa sag\u0101d\u0101s probl\u0113mas relat\u012bvi nelielai da\u013cai klientu.<br \/>\n&nbsp;<br \/>\nT\u0101d\u0101 veid\u0101 kreditors ierobe\u017eo zaud\u0113jumu risku un sp\u0113j pied\u0101v\u0101t aizdevumus ar sal\u012bdzino\u0161i zem\u0101m aizdevumu likm\u0113m. \u0160\u0101das kredit\u0113\u0161anas strat\u0113\u0123ijas parasti piekopj banku sektor\u0101, kur aizdevumi parasti tiek doti iev\u0113rojami liel\u0101k\u0101s summ\u0101s, nek\u0101 citur. Bankas ir \u012bpa\u0161i konservat\u012bvas, izv\u0113rt\u0113jot potenci\u0101lo klientu maks\u0101tsp\u0113ju. Lai pieteiktos kred\u012btam bank\u0101, jums ir j\u0101iesniedz izzi\u0146as no Valsts Ie\u0146\u0113mumu dienesta un j\u016bsu darba vietas, un j\u016bsu konta izdruka par p\u0113d\u0113jo pusgadu.<br \/>\n&nbsp;<br \/>\nT\u0101pat bankas aizdevumu noda\u013cas speci\u0101listi r\u016bp\u012bgi izskat\u012bs j\u016bsu p\u0113d\u0113jo divu gadu kred\u012btv\u0113sturi. Lai aizdevuma pieteikuma izskat\u012bjums beigtos ar pozit\u012bvu l\u0113mumu, ir b\u016btiski, lai \u0161ajos dokumentos neb\u016btu nek\u0101du liec\u012bbu par j\u016bsu finansi\u0101laj\u0101m gr\u016bt\u012bb\u0101m. Daudzi cilv\u0113ki uzskata, ka labai kred\u012btv\u0113sturei pietiek ar to vien, ka tiem nav nek\u0101du nenok\u0101rtotu saist\u012bbu, tom\u0113r tas nav tik vienk\u0101r\u0161i.<br \/>\n&nbsp;<br \/>\nIzskatot aizdevumu pieteikumus, bankas piev\u0113r\u0161 uzman\u012bbu ar\u012b kav\u0113tiem kred\u012btu maks\u0101jumiem un pat nov\u0113loti nomaks\u0101tiem r\u0113\u0137iniem par komun\u0101lajiem maks\u0101jumiem, piem\u0113ram, par interneta vai g\u0101zes piesl\u0113gumu. Viens no aspektiem, kas \u012bpa\u0161i nepat\u012bk bank\u0101m ir \u0101tro kred\u012btu figur\u0113\u0161ana aizdevumu grib\u0113t\u0101ju kred\u012btv\u0113stur\u0113s, pat tad, ja \u0161ie aizdevumi ir savlaic\u012bgi nomaks\u0101ti. Vairums cilv\u0113ku neapzin\u0101s \u0161o bie\u017ei piekopto banku politiku, kas bie\u017ei noved pie nepat\u012bkamiem p\u0101rsteigumiem, piesakoties kred\u012btiem.<br \/>\n&nbsp;<br \/>\nPat tad, ja esiet pa\u0146\u0113mu\u0161i \u0101tro kred\u012btu 20 eiro apm\u0113r\u0101 vakar\u0101 pirms algas un jau n\u0101kamaj\u0101 dien\u0101 \u0161o summu atgriezis, bankas ac\u012bs t\u0101 var izr\u0101d\u012bties paz\u012bme, ka j\u016bsu finansi\u0101l\u0101 situ\u0101cija nav pietieko\u0161i stabila, lai uz\u0146emtos jaunas saist\u012bbas. Visas bankas nav vienl\u012bdz konservat\u012bvas, izv\u0113rt\u0113jot aizdevumu pieteikumus.<br \/>\n&nbsp;<br \/>\n<img loading=\"lazy\" decoding=\"async\" src=\"\/lt\/wp-content\/uploads\/2017\/12\/latvia1-1024x724.jpg\" alt=\"aizdevumi internet\u0101\" width=\"580\" height=\"410\" class=\"alignnone size-large wp-image-5535\" srcset=\"https:\/\/www.bankweb.com\/lt\/wp-content\/uploads\/2017\/12\/latvia1-1024x724.jpg 1024w, https:\/\/www.bankweb.com\/lt\/wp-content\/uploads\/2017\/12\/latvia1-300x212.jpg 300w, https:\/\/www.bankweb.com\/lt\/wp-content\/uploads\/2017\/12\/latvia1-768x543.jpg 768w, https:\/\/www.bankweb.com\/lt\/wp-content\/uploads\/2017\/12\/latvia1.jpg 1920w\" sizes=\"auto, (max-width: 580px) 100vw, 580px\" \/><br \/>\n&nbsp;<br \/>\nDa\u017eas nav tik kategoriskas pret t\u0101diem riska faktoriem k\u0101 nov\u0113loti nomaks\u0101ti komun\u0101lie r\u0113\u0137ini vai \u0101tro kred\u012btu ieraksti j\u016bsu kred\u012btv\u0113stur\u0113. Tom\u0113r visbie\u017e\u0101k, t\u0101s bankas, kas ir va\u013c\u012bg\u0101kas izskatot kred\u012btus, pied\u0101v\u0101 sal\u012bdzino\u0161i neizdev\u012bg\u0101kus nosac\u012bjumus, nek\u0101 konservat\u012bv\u0101k\u0101s. T\u0101d\u0113\u013c ir tik b\u016btiski, lai j\u016bs izskat\u012btu vair\u0101ku banku pied\u0101v\u0101jumus, nevis pa\u0146emtu kred\u012btu pirmaj\u0101 bank\u0101, kas to ir ar mieru jums pie\u0161\u0137irt.<br \/>\n&nbsp;<br \/>\nVisj\u016btam\u0101k\u0101s p\u0101rmai\u0146as kredit\u0113\u0161anas tirg\u016b ienesa t\u0101 saukto \u0101tro kred\u012btu dev\u0113ji, kuri par\u0101d\u012bj\u0101s pie apv\u0101r\u0161\u0146a pirms mazliet vair\u0101k k\u0101 desmit gadiem. Pretstat\u0101 banku sektora aizdev\u0113jiem, kuru konservat\u012bv\u0101 kredit\u0113\u0161anas politika balst\u0101s uz pragmatisku potenci\u0101lo klientu maks\u0101tsp\u0113jas izv\u0113rt\u0113\u0161anu, \u0101tro kred\u012btu dev\u0113ji nep\u0101rbauda j\u016bsu maks\u0101tsp\u0113ju ne tuvu tik r\u016bp\u012bgi. Vien\u012bg\u0101s zi\u0146as par j\u016bsu finansi\u0101lo situ\u0101ciju, k\u0101das interes\u0113 \u0161\u0101diem kreditoriem, ir j\u016bsu ikm\u0113ne\u0161a ien\u0101kumi un izdevumi.<br \/>\n&nbsp;<br \/>\nAt\u0161\u0137ir\u012bb\u0101 no bank\u0101m, kas kred\u012bta pieteikumu izv\u0113rt\u0113\u0161anai nepiecie\u0161amo inform\u0101ciju ieg\u016bst metodiski analiz\u0113jot da\u017e\u0101dus j\u016bsu iesniegtus dokumentus, \u0101tro kred\u012btu aizdev\u0113ji jums pras\u012bs tikai aizpild\u012bt anketas to m\u0101jas lap\u0101s, uzticoties, ka nor\u0101d\u012bsiet patiesu inform\u0101ciju. Ar\u012b \u0101tro kred\u012btu dev\u0113ju interese par j\u016bsu kred\u012btv\u0113sturi ir daudz maz\u0101ka, nek\u0101 aiz\u0146emoties bank\u0101. Vien\u012bgais faktors, kas var\u0113tu trauc\u0113t sa\u0146emt \u0101tro aizdevumu ir, ja jums jau ir eso\u0161as par\u0101dsaist\u012bbas, kas ir nodotas par\u0101du piedzi\u0146\u0101, turkl\u0101t ar\u012b t\u0101d\u0101 situ\u0101cij\u0101 ir iesp\u0113jams atrast \u0101tro kred\u012btu dev\u0113ju, kas uztic\u0113sies, ka atgriez\u012bsiet aizdoto naudu.<br \/>\n&nbsp;<br \/>\n\u0100tro kred\u012btu dev\u0113ji var at\u013cauties b\u016bt tik d\u0101sni izsniedzot kred\u012btus t\u0101d\u0113\u013c, ka zaud\u0113jumi riski ir iek\u013cauti kred\u012btu cen\u0101. \u0160aj\u0101 gad\u012bjum\u0101 gan \u0161o cenu neveido kred\u012bta procentu likme, kas parasti nav augst\u0101ka par desmit procentiem, bet pagarin\u0101\u0161anas maksa, kas b\u016bs j\u0101maks\u0101, ja kred\u012btu nevar\u0113siet atmaks\u0101t noteiktaj\u0101 laik\u0101.<br \/>\n&nbsp;<br \/>\nLiel\u0101k\u0101 da\u013ca \u0101tro kred\u012btu ir j\u0101atmaks\u0101 m\u0113ne\u0161a laik\u0101, t\u0101d\u0113\u013c noteikti nevajadz\u0113tu aiz\u0146emties vair\u0101k par summu, k\u0101du sast\u0101da j\u016bsu br\u012bvie l\u012bdzek\u013ci p\u0113c visu oblig\u0101to ikm\u0113ne\u0161a maks\u0101jumu nomaksas. Piem\u0113ram, ja j\u016bsu ikm\u0113ne\u0161a ien\u0101kumi ir 900 eiro, bet nosedzot \u012bres, p\u0101rtikas, transporta, komun\u0101los un citu saist\u012bbu maks\u0101jumus, jums p\u0101ri paliek 200 eiro, tad tai ar\u012b ir j\u0101b\u016bt maksim\u0101lajai summai, k\u0101du variet aiz\u0146emties ar \u0101tro kred\u012btu pal\u012bdz\u012bbu.<br \/>\n&nbsp;<br \/>\nPret\u0113j\u0101 gad\u012bjum\u0101 j\u016bs risk\u0113jiet nok\u013c\u016bt apburtaj\u0101 lok\u0101, kur\u0101 liela da\u013ca j\u016bsu br\u012bvo l\u012bdzek\u013cu katru m\u0113nesi b\u016bs j\u0101velta kred\u012bta maks\u0101jumu atcel\u0161anai, nevis pamatsummas dz\u0113\u0161anai.<br \/>\n&nbsp;<br \/>\nTas gan nenoz\u012bm\u0113, ka nav situ\u0101ciju, kur\u0101s tie\u0161i \u0101trais kred\u012bts ir piem\u0113rot\u0101kais aizdevuma veids. Starp \u0101tro kred\u012btu dev\u0113jiem past\u0101v \u013coti augsta konkurence, kas ir augl\u012bga augsne \u013coti izdev\u012bgiem pied\u0101v\u0101jumiem. Savstarp\u0113j\u0101 c\u012b\u0146\u0101 par jauniem klientiem, vair\u0101ki \u0101tro kred\u012btu dev\u0113ji pied\u0101v\u0101 pirmo aizdevumu bez maksas.<br \/>\n&nbsp;<br \/>\nTas noz\u012bm\u0113, ka j\u0101atmaks\u0101 ir tikai t\u0101da pati summa, k\u0101du esiet aiz\u0146\u0113mies, bez jebk\u0101diem kred\u012bta procentu maks\u0101jumiem. Ja vien esiet p\u0101rliecin\u0101ts, ka aizdevumu nen\u0101ksies pagarin\u0101t, \u0161is pied\u0101v\u0101jums ir izdev\u012bg\u0101ks par pa\u0161u l\u0113t\u0101ko aizdevumu pie pa\u0161a konservat\u012bv\u0101k\u0101 banku sektora aizdev\u0113ja. Izdev\u012bgi pied\u0101v\u0101jumi jaunajiem klientiem nav vien\u012bgais iemesls, k\u0101d\u0113\u013c ir ieteicams r\u016bp\u012bgi izp\u0113t\u012bt ar\u012b da\u017e\u0101das \u0101tro kred\u012btu iesp\u0113jas.<br \/>\n&nbsp;<br \/>\n\u0100tro kred\u012btu galven\u0101 priek\u0161roc\u012bba ir vieglums ar k\u0101du tie ir sa\u0146emami, bet da\u017e\u0101di \u0161o kred\u012btu dev\u0113ji pied\u0101v\u0101 naudas sa\u0146em\u0161anu ar at\u0161\u0137ir\u012bgu sare\u017e\u0123\u012bt\u012bbu. Vair\u0101ki aizdev\u0113ji pied\u0101v\u0101 sa\u0146emt naudu visu diennakti, vien da\u017eu min\u016b\u0161u laik\u0101 p\u0113c pieteik\u0161an\u0101s, kam\u0113r citi neizskata pieteikums p\u0113c darba laika beig\u0101m.<br \/>\n&nbsp;<br \/>\n<img loading=\"lazy\" decoding=\"async\" src=\"\/lt\/wp-content\/uploads\/2017\/12\/latvia2-1024x459.jpg\" alt=\"aizdevumi\" width=\"580\" height=\"260\" class=\"alignnone size-large wp-image-5536\" srcset=\"https:\/\/www.bankweb.com\/lt\/wp-content\/uploads\/2017\/12\/latvia2-1024x459.jpg 1024w, https:\/\/www.bankweb.com\/lt\/wp-content\/uploads\/2017\/12\/latvia2-300x134.jpg 300w, https:\/\/www.bankweb.com\/lt\/wp-content\/uploads\/2017\/12\/latvia2-768x344.jpg 768w, https:\/\/www.bankweb.com\/lt\/wp-content\/uploads\/2017\/12\/latvia2.jpg 1920w\" sizes=\"auto, (max-width: 580px) 100vw, 580px\" \/><br \/>\n&nbsp;<br \/>\nAr\u012b tad, ja neskaita tos aizdev\u0113jus, kuri pied\u0101v\u0101 bezmaksas pirmos \u0101tros kred\u012btus, to cenas pie da\u017e\u0101diem kreditori stipri at\u0161\u0137iras. Aiz\u0146emoties vien\u0101du summu pie da\u017e\u0101diem \u0101tro kred\u012btu dev\u0113jiem, pagarin\u0101\u0161anas un kred\u012btu procentu likmes var at\u0161\u0137irties pat divas reizes. Tas ir v\u0113l viens iemesls, lai j\u016bs \u013coti r\u016bp\u012bgi izskat\u012btu vair\u0101ku aizdev\u0113ju pied\u0101v\u0101jumus un atrastu pa\u0161u piem\u0113rot\u0101ku, nevis pieteiktos pie pirm\u0101 aizdev\u0113ja, kura rekl\u0101mu esiet redz\u0113jis sabiedriskaj\u0101 transport\u0101.<br \/>\n&nbsp;<br \/>\nLai sal\u012bdzin\u0101tu da\u017e\u0101dus kreditorus, nav nepiecie\u0161ams veikt stund\u0101m ilgu izp\u0113ti internet\u0101. T\u0101 viet\u0101 to var viegli izdar\u012bt vair\u0101kos port\u0101los, kuri ir rad\u012bti tie\u0161i \u0161im nol\u016bkam un kuros pied\u0101v\u0101jumi tiek sal\u012bdzin\u0101ti viegli p\u0101rskat\u0101m\u0101s tabul\u0101s.<br \/>\n&nbsp;<br \/>\nLai izv\u0113l\u0113tos pa\u0161u izdev\u012bg\u0101ko kred\u012btu, ir b\u016btiski saprast, k\u0101d\u0101 st\u0101vokl\u012b ir j\u016bsu kred\u012btv\u0113sture un k\u0101d\u0101 riska kategorij\u0101 j\u016bs esiet kreditoru ac\u012bs. Tom\u0113r boj\u0101ta kred\u012btv\u0113sture nav uz m\u016b\u017eu. Vairums kreditoru apzin\u0101s, ka cilv\u0113ku atbild\u012bbas saj\u016bta pieaug, laikam ejot un neskat\u0101s kred\u012btv\u0113stur\u0113 dzi\u013c\u0101k par diviem gadiem.<br \/>\n&nbsp;<br \/>\nAr\u012b tad, ja j\u016bsu aktu\u0101laj\u0101 kred\u012btv\u0113stur\u0113 ir da\u017ei trapi, tos ir iesp\u0113jams atsp\u0113kot, pier\u0101dot aizdev\u0113jiem savu maks\u0101tsp\u0113ju citiem l\u012bdzek\u013ciem. Labs pa\u0146\u0113miens k\u0101 to paveikt, ir izveidot uzkr\u0101jumu kontu bank\u0101, kur\u0101 v\u0113laties sa\u0146emt aizdevumu un katru m\u0113nesi taj\u0101 ieguld\u012bt p\u0113c iesp\u0113jas liel\u0101ku da\u013cu savu ien\u0101kumu. Kreditori jums vair\u0101k uztic\u0113sies ar\u012b tad, ja priek\u0161laic\u012bgi nok\u0101rtosiet t\u0101das saist\u012bbas k\u0101 l\u012bzingus un nelielus pat\u0113ri\u0146a kred\u012btus.<br \/>\n&nbsp;<br \/>\nAr \u0161\u0101du r\u012bc\u012bbu j\u016bs pier\u0101d\u012bsiet kreditoriem, ka j\u016bs pelniet vair\u0101k naudas, nek\u0101 t\u0113r\u0113jiet un izturaties pret sav\u0101m saist\u012bb\u0101m atbild\u012bgi. Kad b\u016bsiet ieguvu\u0161i kreditoru uztic\u012bbu, katru n\u0101kamo aizdevumu sa\u0146emt b\u016bs daudz viegl\u0101k par iepriek\u0161\u0113jo. Uzlabojoties j\u016bsu kred\u012btv\u0113sturei, kreditori jums ar\u012b pied\u0101v\u0101s arvien izdev\u012bg\u0101kus kred\u012btus, aizdodot liel\u0101kas summas ar zem\u0101k\u0101m procentu likm\u0113m. Apzinoties k\u0101d\u0101 st\u0101vokl\u012b ir j\u016bsu kred\u012btv\u0113sture, j\u016bs spersiet pirmo soli pret\u012b piem\u0113rot\u0101k\u0101 kred\u012bta izv\u0113lei j\u016bsu finansi\u0101lajai situ\u0101cijai.<\/p>\n<\/div>\n","protected":false},"excerpt":{"rendered":"<p>Bankweb Latvia &#8211; \u0100trais Kred\u012bts Internet\u0101 &nbsp; Banku piem\u0113ri, k\u0101dus m\u0113s sal\u012bdzin\u0101m! L\u016bk k\u0101 sak\u0101rtot aizdevumus: Lietojiet sl\u012bdni aug\u0161\u0101, lai izv\u0113l\u0113tos apm\u0113ru Ievadiet v\u0113lamo atmaksas laiku apak\u0161\u0113jaj\u0101 l\u012bnij\u0101 Not\u012br\u012bt! Tagad visi aizdevumi ir sak\u0101rtoti autom\u0101tisk\u0101 sec\u012bb\u0101. &nbsp; K\u0101 izv\u0113l\u0113ties izdev\u012bg\u0101ko [&hellip;]<\/p>\n","protected":false},"author":1,"featured_media":0,"parent":0,"menu_order":0,"comment_status":"closed","ping_status":"closed","template":"","meta":{"footnotes":""},"class_list":["post-5543","page","type-page","status-publish","hentry"],"yoast_head":"<!-- This site is optimized with the Yoast SEO plugin v19.11 - https:\/\/yoast.com\/wordpress\/plugins\/seo\/ -->\n<title>Aizdevumi internet\u0101 2022 - \u0100trie kred\u012bti - Bankweb.com<\/title>\n<meta name=\"description\" content=\"Re\u0101l\u0101 laika Popul\u0101r\u0101ko \u0101tro kred\u012btu sal\u012bdzin\u0101t\u0101js. Izv\u0113lies aizdevuma summu, laiku un uzzini cik j\u0101atmaks\u0101. sal\u012bdzin\u0101ti visi Latvijas \u0100trie kred\u012bti internet\u0101\" \/>\n<meta name=\"robots\" content=\"index, follow, max-snippet:-1, max-image-preview:large, max-video-preview:-1\" \/>\n<link rel=\"canonical\" href=\"https:\/\/www.bankweb.com\/lt\/atrais-kredits\/\" \/>\n<meta name=\"twitter:card\" content=\"summary_large_image\" \/>\n<meta name=\"twitter:title\" content=\"Aizdevumi internet\u0101 2022 - \u0100trie kred\u012bti - Bankweb.com\" \/>\n<meta name=\"twitter:description\" content=\"Re\u0101l\u0101 laika Popul\u0101r\u0101ko \u0101tro kred\u012btu sal\u012bdzin\u0101t\u0101js. Izv\u0113lies aizdevuma summu, laiku un uzzini cik j\u0101atmaks\u0101. sal\u012bdzin\u0101ti visi Latvijas \u0100trie kred\u012bti internet\u0101\" \/>\n<meta name=\"twitter:label1\" content=\"Ber\u00e4knad l\u00e4stid\" \/>\n\t<meta name=\"twitter:data1\" content=\"9 minuter\" \/>\n<script type=\"application\/ld+json\" class=\"yoast-schema-graph\">{\"@context\":\"https:\/\/schema.org\",\"@graph\":[{\"@type\":\"WebPage\",\"@id\":\"https:\/\/www.bankweb.com\/lt\/atrais-kredits\/\",\"url\":\"https:\/\/www.bankweb.com\/lt\/atrais-kredits\/\",\"name\":\"Aizdevumi internet\u0101 2022 - \u0100trie kred\u012bti - Bankweb.com\",\"isPartOf\":{\"@id\":\"https:\/\/www.bankweb.com\/lt\/#website\"},\"datePublished\":\"2018-05-15T09:24:53+00:00\",\"dateModified\":\"2022-07-18T10:25:16+00:00\",\"description\":\"Re\u0101l\u0101 laika Popul\u0101r\u0101ko \u0101tro kred\u012btu sal\u012bdzin\u0101t\u0101js. Izv\u0113lies aizdevuma summu, laiku un uzzini cik j\u0101atmaks\u0101. sal\u012bdzin\u0101ti visi Latvijas \u0100trie kred\u012bti internet\u0101\",\"breadcrumb\":{\"@id\":\"https:\/\/www.bankweb.com\/lt\/atrais-kredits\/#breadcrumb\"},\"inLanguage\":\"sv-SE\",\"potentialAction\":[{\"@type\":\"ReadAction\",\"target\":[\"https:\/\/www.bankweb.com\/lt\/atrais-kredits\/\"]}]},{\"@type\":\"BreadcrumbList\",\"@id\":\"https:\/\/www.bankweb.com\/lt\/atrais-kredits\/#breadcrumb\",\"itemListElement\":[{\"@type\":\"ListItem\",\"position\":1,\"name\":\"Hem\",\"item\":\"https:\/\/www.bankweb.com\/lt\/\"},{\"@type\":\"ListItem\",\"position\":2,\"name\":\"\u0101trais kredits\"}]},{\"@type\":\"WebSite\",\"@id\":\"https:\/\/www.bankweb.com\/lt\/#website\",\"url\":\"https:\/\/www.bankweb.com\/lt\/\",\"name\":\"Bankweb.com Latvia\",\"description\":\"\",\"potentialAction\":[{\"@type\":\"SearchAction\",\"target\":{\"@type\":\"EntryPoint\",\"urlTemplate\":\"https:\/\/www.bankweb.com\/lt\/?s={search_term_string}\"},\"query-input\":\"required name=search_term_string\"}],\"inLanguage\":\"sv-SE\"}]}<\/script>\n<!-- \/ Yoast SEO plugin. -->","yoast_head_json":{"title":"Aizdevumi internet\u0101 2022 - \u0100trie kred\u012bti - Bankweb.com","description":"Re\u0101l\u0101 laika Popul\u0101r\u0101ko \u0101tro kred\u012btu sal\u012bdzin\u0101t\u0101js. Izv\u0113lies aizdevuma summu, laiku un uzzini cik j\u0101atmaks\u0101. sal\u012bdzin\u0101ti visi Latvijas \u0100trie kred\u012bti internet\u0101","robots":{"index":"index","follow":"follow","max-snippet":"max-snippet:-1","max-image-preview":"max-image-preview:large","max-video-preview":"max-video-preview:-1"},"canonical":"https:\/\/www.bankweb.com\/lt\/atrais-kredits\/","twitter_card":"summary_large_image","twitter_title":"Aizdevumi internet\u0101 2022 - \u0100trie kred\u012bti - Bankweb.com","twitter_description":"Re\u0101l\u0101 laika Popul\u0101r\u0101ko \u0101tro kred\u012btu sal\u012bdzin\u0101t\u0101js. Izv\u0113lies aizdevuma summu, laiku un uzzini cik j\u0101atmaks\u0101. sal\u012bdzin\u0101ti visi Latvijas \u0100trie kred\u012bti internet\u0101","twitter_misc":{"Ber\u00e4knad l\u00e4stid":"9 minuter"},"schema":{"@context":"https:\/\/schema.org","@graph":[{"@type":"WebPage","@id":"https:\/\/www.bankweb.com\/lt\/atrais-kredits\/","url":"https:\/\/www.bankweb.com\/lt\/atrais-kredits\/","name":"Aizdevumi internet\u0101 2022 - \u0100trie kred\u012bti - Bankweb.com","isPartOf":{"@id":"https:\/\/www.bankweb.com\/lt\/#website"},"datePublished":"2018-05-15T09:24:53+00:00","dateModified":"2022-07-18T10:25:16+00:00","description":"Re\u0101l\u0101 laika Popul\u0101r\u0101ko \u0101tro kred\u012btu sal\u012bdzin\u0101t\u0101js. Izv\u0113lies aizdevuma summu, laiku un uzzini cik j\u0101atmaks\u0101. sal\u012bdzin\u0101ti visi Latvijas \u0100trie kred\u012bti internet\u0101","breadcrumb":{"@id":"https:\/\/www.bankweb.com\/lt\/atrais-kredits\/#breadcrumb"},"inLanguage":"sv-SE","potentialAction":[{"@type":"ReadAction","target":["https:\/\/www.bankweb.com\/lt\/atrais-kredits\/"]}]},{"@type":"BreadcrumbList","@id":"https:\/\/www.bankweb.com\/lt\/atrais-kredits\/#breadcrumb","itemListElement":[{"@type":"ListItem","position":1,"name":"Hem","item":"https:\/\/www.bankweb.com\/lt\/"},{"@type":"ListItem","position":2,"name":"\u0101trais kredits"}]},{"@type":"WebSite","@id":"https:\/\/www.bankweb.com\/lt\/#website","url":"https:\/\/www.bankweb.com\/lt\/","name":"Bankweb.com Latvia","description":"","potentialAction":[{"@type":"SearchAction","target":{"@type":"EntryPoint","urlTemplate":"https:\/\/www.bankweb.com\/lt\/?s={search_term_string}"},"query-input":"required name=search_term_string"}],"inLanguage":"sv-SE"}]}},"_links":{"self":[{"href":"https:\/\/www.bankweb.com\/lt\/wp-json\/wp\/v2\/pages\/5543","targetHints":{"allow":["GET"]}}],"collection":[{"href":"https:\/\/www.bankweb.com\/lt\/wp-json\/wp\/v2\/pages"}],"about":[{"href":"https:\/\/www.bankweb.com\/lt\/wp-json\/wp\/v2\/types\/page"}],"author":[{"embeddable":true,"href":"https:\/\/www.bankweb.com\/lt\/wp-json\/wp\/v2\/users\/1"}],"replies":[{"embeddable":true,"href":"https:\/\/www.bankweb.com\/lt\/wp-json\/wp\/v2\/comments?post=5543"}],"version-history":[{"count":6,"href":"https:\/\/www.bankweb.com\/lt\/wp-json\/wp\/v2\/pages\/5543\/revisions"}],"predecessor-version":[{"id":5572,"href":"https:\/\/www.bankweb.com\/lt\/wp-json\/wp\/v2\/pages\/5543\/revisions\/5572"}],"wp:attachment":[{"href":"https:\/\/www.bankweb.com\/lt\/wp-json\/wp\/v2\/media?parent=5543"}],"curies":[{"name":"wp","href":"https:\/\/api.w.org\/{rel}","templated":true}]}}