{"id":5531,"date":"2017-12-20T10:12:37","date_gmt":"2017-12-20T10:12:37","guid":{"rendered":"http:\/\/www.bankweb.com\/lt\/?page_id=5531"},"modified":"2018-05-25T07:24:30","modified_gmt":"2018-05-25T07:24:30","slug":"privatums","status":"publish","type":"page","link":"https:\/\/www.bankweb.com\/lt\/privatums\/","title":{"rendered":"privatums"},"content":{"rendered":"<h1 class=\"credith1\">Priv\u0101tums<\/h1>\n<p>&nbsp;<br \/>\nbankweb.com neiev\u0101c no jums nek\u0101dus personas datus. bankweb.com tikai sal\u012bdzina priv\u0101tos finan\u0161u kreditorus, m\u0113s neuz\u0146emamies atbild\u012bbu par jebk\u0101diem aizdevumiem. Vien\u012bg\u0101 inform\u0101cija, k\u0101du m\u016bsu interneta vietne saglab\u0101 faila form\u0101t\u0101 ir s\u012bkfaili. S\u012bkfails ir inform\u0101cijas fails, kas tiek saglab\u0101ts dator\u0101. Ja izv\u0113l\u0113sieties sa\u0146emt m\u016bsu jaunumus pa e-pastu, m\u0113s saglab\u0101sim j\u016bsu e-pasta adresi. L\u016bdzu \u0146emiet v\u0113r\u0101, ka m\u0113s nekad nep\u0101rdodam un neatkl\u0101jam \u0161o inform\u0101ciju.<br \/>\n&nbsp;<br \/>\nbankweb izmanto s\u012bkfailus lai apzin\u0101tu m\u016bsu interneta vietnes apmekl\u0113t\u0101ju skaitu un lai apzin\u0101tu konversiju, un lai redz\u0113tu k\u0101diem nol\u016bkiem vietne tiek izmantota. S\u012bkfaili identific\u0113 tikai datoru, kuru izmantojiet, nevis j\u016bs k\u0101 personu. J\u016bs variet izv\u0113l\u0113ties atsl\u0113gt s\u012bkfailu saglab\u0101\u0161anu interneta p\u0101rl\u016bk\u0101. S\u012bkfailu atsl\u0113g\u0161ana ir atkar\u012bga no p\u0101rl\u016bka k\u0101du izmantojat. Izv\u0113lieties p\u0101rl\u016bka pal\u012bdz\u012bbas iesp\u0113ju, kas atrodas aug\u0161\u0113j\u0101 izv\u0113ln\u0113, lai iepaz\u012btos ar to k\u0101 izdz\u0113st s\u012bkfailu. \u0145emiet v\u0113r\u0101, ka, ja izsl\u0113gsiet s\u012bkfailu saglab\u0101\u0161anu p\u0101rl\u016bk\u0101, zin\u0101ms skaits atsevi\u0161\u0137u funkciju nedarbosies atbilsto\u0161i.<br \/>\n&nbsp;<br \/>\nJa j\u016bs v\u0113laties detaliz\u0113t\u0101ku aprakstu par to k\u0101 bankweb.com lieto s\u012bkfailus, l\u016bdzu sazinieties ar m\u016bsu atbalsta dienestu caur info@bankweb.com.<br \/>\n&nbsp;<br \/>\n<strong>Lieto\u0161anas Noteikumi<\/strong><br \/>\n&nbsp;<br \/>\n<strong>Personisk\u0101 inform\u0101cija<\/strong><br \/>\n&nbsp;<br \/>\nbankweb nepieprasa un neuzglab\u0101 nek\u0101dus personas datus k\u0101 personas kodu vai apmekl\u0113t\u0101ju bankas kred\u012btkar\u0161u datus. bankweb neapstr\u0101d\u0101 nevienu pieteikumu, to dara tikai tre\u0161\u0101s puses kreditori. \u0160\u012b iemesla d\u0113\u013c m\u0113s nekad nepras\u012bsim nek\u0101du j\u016bsu personisko inform\u0101ciju.<br \/>\n&nbsp;<br \/>\n<strong>Atbild\u012bba<\/strong><\/p>\n<p>bankweb neuz\u0146emas atbild\u012bbu par jebk\u0101d\u0101m k\u013c\u016bd\u0101m, zaud\u0113jumiem vai finansi\u0101lajiem zudumiem, jums sl\u0113dzot vieno\u0161anos ar tre\u0161\u0101s puses kreditoru. T\u0101d\u0113\u013c bankweb nevar tikt iesaist\u012bts str\u012bdos, kas saist\u012bti ar vieno\u0161an\u0101m ar \u0101r\u0113jiem banku aizdev\u0113jiem. bankweb nevienu neaicina aiz\u0146emties. Tas ir personisks l\u0113mums, kas j\u0101pie\u0146em jums. Ja j\u016bs esiet iesl\u012bdzis par\u0101dos un piedz\u012bvojat gr\u016bt\u012bbas personiskaj\u0101s finans\u0113s, jums vajadz\u0113tu attur\u0113ties no pieteik\u0161an\u0101s aizdevumiem.<br \/>\n&nbsp;<br \/>\n<strong>Vieno\u0161an\u0101s izmai\u0146as<\/strong><br \/>\nM\u016bsu lieto\u0161anas noteikumos un nosac\u012bjumos var rasties izmai\u0146as. T\u0101d\u0113\u013c, lai b\u016btu par t\u0101m inform\u0113ts, apmekl\u0113jiet \u0161o lapu.<\/p>\n","protected":false},"excerpt":{"rendered":"<p>Priv\u0101tums &nbsp; bankweb.com neiev\u0101c no jums nek\u0101dus personas datus. bankweb.com tikai sal\u012bdzina priv\u0101tos finan\u0161u kreditorus, m\u0113s neuz\u0146emamies atbild\u012bbu par jebk\u0101diem aizdevumiem. Vien\u012bg\u0101 inform\u0101cija, k\u0101du m\u016bsu interneta vietne saglab\u0101 faila form\u0101t\u0101 ir s\u012bkfaili. S\u012bkfails ir inform\u0101cijas fails, kas tiek saglab\u0101ts dator\u0101. [&hellip;]<\/p>\n","protected":false},"author":1,"featured_media":0,"parent":0,"menu_order":0,"comment_status":"closed","ping_status":"closed","template":"","meta":{"footnotes":""},"class_list":["post-5531","page","type-page","status-publish","hentry"],"yoast_head":"<!-- This site is optimized with the Yoast SEO plugin v19.11 - https:\/\/yoast.com\/wordpress\/plugins\/seo\/ -->\n<title>privatums - Bankweb.com Latvia<\/title>\n<meta name=\"robots\" content=\"index, follow, max-snippet:-1, max-image-preview:large, max-video-preview:-1\" \/>\n<link rel=\"canonical\" href=\"https:\/\/www.bankweb.com\/lt\/privatums\/\" \/>\n<meta name=\"twitter:card\" content=\"summary_large_image\" \/>\n<meta name=\"twitter:title\" content=\"privatums - Bankweb.com Latvia\" \/>\n<meta name=\"twitter:description\" content=\"Priv\u0101tums &nbsp; bankweb.com neiev\u0101c no jums nek\u0101dus personas datus. bankweb.com tikai sal\u012bdzina priv\u0101tos finan\u0161u kreditorus, m\u0113s neuz\u0146emamies atbild\u012bbu par jebk\u0101diem aizdevumiem. Vien\u012bg\u0101 inform\u0101cija, k\u0101du m\u016bsu interneta vietne saglab\u0101 faila form\u0101t\u0101 ir s\u012bkfaili. S\u012bkfails ir inform\u0101cijas fails, kas tiek saglab\u0101ts dator\u0101. [&hellip;]\" \/>\n<meta name=\"twitter:label1\" content=\"Ber\u00e4knad l\u00e4stid\" \/>\n\t<meta name=\"twitter:data1\" content=\"2 minuter\" \/>\n<script type=\"application\/ld+json\" class=\"yoast-schema-graph\">{\"@context\":\"https:\/\/schema.org\",\"@graph\":[{\"@type\":\"WebPage\",\"@id\":\"https:\/\/www.bankweb.com\/lt\/privatums\/\",\"url\":\"https:\/\/www.bankweb.com\/lt\/privatums\/\",\"name\":\"privatums - Bankweb.com Latvia\",\"isPartOf\":{\"@id\":\"https:\/\/www.bankweb.com\/lt\/#website\"},\"datePublished\":\"2017-12-20T10:12:37+00:00\",\"dateModified\":\"2018-05-25T07:24:30+00:00\",\"breadcrumb\":{\"@id\":\"https:\/\/www.bankweb.com\/lt\/privatums\/#breadcrumb\"},\"inLanguage\":\"sv-SE\",\"potentialAction\":[{\"@type\":\"ReadAction\",\"target\":[\"https:\/\/www.bankweb.com\/lt\/privatums\/\"]}]},{\"@type\":\"BreadcrumbList\",\"@id\":\"https:\/\/www.bankweb.com\/lt\/privatums\/#breadcrumb\",\"itemListElement\":[{\"@type\":\"ListItem\",\"position\":1,\"name\":\"Hem\",\"item\":\"https:\/\/www.bankweb.com\/lt\/\"},{\"@type\":\"ListItem\",\"position\":2,\"name\":\"privatums\"}]},{\"@type\":\"WebSite\",\"@id\":\"https:\/\/www.bankweb.com\/lt\/#website\",\"url\":\"https:\/\/www.bankweb.com\/lt\/\",\"name\":\"Bankweb.com Latvia\",\"description\":\"\",\"potentialAction\":[{\"@type\":\"SearchAction\",\"target\":{\"@type\":\"EntryPoint\",\"urlTemplate\":\"https:\/\/www.bankweb.com\/lt\/?s={search_term_string}\"},\"query-input\":\"required name=search_term_string\"}],\"inLanguage\":\"sv-SE\"}]}<\/script>\n<!-- \/ Yoast SEO plugin. -->","yoast_head_json":{"title":"privatums - Bankweb.com Latvia","robots":{"index":"index","follow":"follow","max-snippet":"max-snippet:-1","max-image-preview":"max-image-preview:large","max-video-preview":"max-video-preview:-1"},"canonical":"https:\/\/www.bankweb.com\/lt\/privatums\/","twitter_card":"summary_large_image","twitter_title":"privatums - Bankweb.com Latvia","twitter_description":"Priv\u0101tums &nbsp; bankweb.com neiev\u0101c no jums nek\u0101dus personas datus. bankweb.com tikai sal\u012bdzina priv\u0101tos finan\u0161u kreditorus, m\u0113s neuz\u0146emamies atbild\u012bbu par jebk\u0101diem aizdevumiem. Vien\u012bg\u0101 inform\u0101cija, k\u0101du m\u016bsu interneta vietne saglab\u0101 faila form\u0101t\u0101 ir s\u012bkfaili. S\u012bkfails ir inform\u0101cijas fails, kas tiek saglab\u0101ts dator\u0101. [&hellip;]","twitter_misc":{"Ber\u00e4knad l\u00e4stid":"2 minuter"},"schema":{"@context":"https:\/\/schema.org","@graph":[{"@type":"WebPage","@id":"https:\/\/www.bankweb.com\/lt\/privatums\/","url":"https:\/\/www.bankweb.com\/lt\/privatums\/","name":"privatums - Bankweb.com Latvia","isPartOf":{"@id":"https:\/\/www.bankweb.com\/lt\/#website"},"datePublished":"2017-12-20T10:12:37+00:00","dateModified":"2018-05-25T07:24:30+00:00","breadcrumb":{"@id":"https:\/\/www.bankweb.com\/lt\/privatums\/#breadcrumb"},"inLanguage":"sv-SE","potentialAction":[{"@type":"ReadAction","target":["https:\/\/www.bankweb.com\/lt\/privatums\/"]}]},{"@type":"BreadcrumbList","@id":"https:\/\/www.bankweb.com\/lt\/privatums\/#breadcrumb","itemListElement":[{"@type":"ListItem","position":1,"name":"Hem","item":"https:\/\/www.bankweb.com\/lt\/"},{"@type":"ListItem","position":2,"name":"privatums"}]},{"@type":"WebSite","@id":"https:\/\/www.bankweb.com\/lt\/#website","url":"https:\/\/www.bankweb.com\/lt\/","name":"Bankweb.com Latvia","description":"","potentialAction":[{"@type":"SearchAction","target":{"@type":"EntryPoint","urlTemplate":"https:\/\/www.bankweb.com\/lt\/?s={search_term_string}"},"query-input":"required name=search_term_string"}],"inLanguage":"sv-SE"}]}},"_links":{"self":[{"href":"https:\/\/www.bankweb.com\/lt\/wp-json\/wp\/v2\/pages\/5531","targetHints":{"allow":["GET"]}}],"collection":[{"href":"https:\/\/www.bankweb.com\/lt\/wp-json\/wp\/v2\/pages"}],"about":[{"href":"https:\/\/www.bankweb.com\/lt\/wp-json\/wp\/v2\/types\/page"}],"author":[{"embeddable":true,"href":"https:\/\/www.bankweb.com\/lt\/wp-json\/wp\/v2\/users\/1"}],"replies":[{"embeddable":true,"href":"https:\/\/www.bankweb.com\/lt\/wp-json\/wp\/v2\/comments?post=5531"}],"version-history":[{"count":2,"href":"https:\/\/www.bankweb.com\/lt\/wp-json\/wp\/v2\/pages\/5531\/revisions"}],"predecessor-version":[{"id":5557,"href":"https:\/\/www.bankweb.com\/lt\/wp-json\/wp\/v2\/pages\/5531\/revisions\/5557"}],"wp:attachment":[{"href":"https:\/\/www.bankweb.com\/lt\/wp-json\/wp\/v2\/media?parent=5531"}],"curies":[{"name":"wp","href":"https:\/\/api.w.org\/{rel}","templated":true}]}}