{"id":5528,"date":"2017-12-20T10:09:59","date_gmt":"2017-12-20T10:09:59","guid":{"rendered":"http:\/\/www.bankweb.com\/lt\/?page_id=5528"},"modified":"2018-05-25T07:24:50","modified_gmt":"2018-05-25T07:24:50","slug":"sazinieties","status":"publish","type":"page","link":"https:\/\/www.bankweb.com\/lt\/sazinieties\/","title":{"rendered":"sazinieties"},"content":{"rendered":"<h1 class=\"credith1\">Kas m\u0113s esam?<\/h1>\n<p>&nbsp;<br \/>\nBankweb pieder un tiek p\u0101rvald\u012bta caur Turneround Webb AB, interneta p\u0101rvald\u012bbas komp\u0101niju Zviedrij\u0101. Jonas Larsons un Emma Larsone patst\u0101v\u012bgi vada un att\u012bsta \u0161o vietni, Emmai esot kvalit\u0101tes un satura mened\u017eerei. Emmai ir iepriek\u0161\u0113ja pieredze rakstniec\u012bb\u0101, kas, savienojum\u0101 ar vi\u0146as pla\u0161o interesi par priv\u0101to finan\u0161u sektoru, pal\u012bdz vi\u0146ai sag\u0101d\u0101t m\u016bsu lietot\u0101jiem svar\u012bgus rakstus un jaunumus.<br \/>\n&nbsp;<br \/>\nJonas ir komp\u0101nijas izpilddirektors un galvenais publicists Bankweb.com ar iev\u0113rojamu pieredzi internet\u0101, un ir att\u012bst\u012bjis pat\u0113r\u0113t\u0101ju sal\u012bdzin\u0101\u0161anas pakalpojumus gadiem ilgi, b\u016bdams akt\u012bvs finan\u0161u tirg\u016b 15 gadus.<br \/>\n&nbsp;<br \/>\nLai sazin\u0101tos ar mums, rakstiet e-pastu uz info@tw.se<\/p>\n","protected":false},"excerpt":{"rendered":"<p>Kas m\u0113s esam? &nbsp; Bankweb pieder un tiek p\u0101rvald\u012bta caur Turneround Webb AB, interneta p\u0101rvald\u012bbas komp\u0101niju Zviedrij\u0101. Jonas Larsons un Emma Larsone patst\u0101v\u012bgi vada un att\u012bsta \u0161o vietni, Emmai esot kvalit\u0101tes un satura mened\u017eerei. Emmai ir iepriek\u0161\u0113ja pieredze rakstniec\u012bb\u0101, kas, [&hellip;]<\/p>\n","protected":false},"author":1,"featured_media":0,"parent":0,"menu_order":0,"comment_status":"closed","ping_status":"closed","template":"","meta":{"footnotes":""},"class_list":["post-5528","page","type-page","status-publish","hentry"],"yoast_head":"<!-- This site is optimized with the Yoast SEO plugin v19.11 - https:\/\/yoast.com\/wordpress\/plugins\/seo\/ -->\n<title>sazinieties - Bankweb.com Latvia<\/title>\n<meta name=\"robots\" content=\"index, follow, max-snippet:-1, max-image-preview:large, max-video-preview:-1\" \/>\n<link rel=\"canonical\" href=\"https:\/\/www.bankweb.com\/lt\/sazinieties\/\" \/>\n<meta name=\"twitter:card\" content=\"summary_large_image\" \/>\n<meta name=\"twitter:title\" content=\"sazinieties - Bankweb.com Latvia\" \/>\n<meta name=\"twitter:description\" content=\"Kas m\u0113s esam? &nbsp; Bankweb pieder un tiek p\u0101rvald\u012bta caur Turneround Webb AB, interneta p\u0101rvald\u012bbas komp\u0101niju Zviedrij\u0101. Jonas Larsons un Emma Larsone patst\u0101v\u012bgi vada un att\u012bsta \u0161o vietni, Emmai esot kvalit\u0101tes un satura mened\u017eerei. Emmai ir iepriek\u0161\u0113ja pieredze rakstniec\u012bb\u0101, kas, [&hellip;]\" \/>\n<meta name=\"twitter:label1\" content=\"Ber\u00e4knad l\u00e4stid\" \/>\n\t<meta name=\"twitter:data1\" content=\"1 minut\" \/>\n<script type=\"application\/ld+json\" class=\"yoast-schema-graph\">{\"@context\":\"https:\/\/schema.org\",\"@graph\":[{\"@type\":\"WebPage\",\"@id\":\"https:\/\/www.bankweb.com\/lt\/sazinieties\/\",\"url\":\"https:\/\/www.bankweb.com\/lt\/sazinieties\/\",\"name\":\"sazinieties - Bankweb.com Latvia\",\"isPartOf\":{\"@id\":\"https:\/\/www.bankweb.com\/lt\/#website\"},\"datePublished\":\"2017-12-20T10:09:59+00:00\",\"dateModified\":\"2018-05-25T07:24:50+00:00\",\"breadcrumb\":{\"@id\":\"https:\/\/www.bankweb.com\/lt\/sazinieties\/#breadcrumb\"},\"inLanguage\":\"sv-SE\",\"potentialAction\":[{\"@type\":\"ReadAction\",\"target\":[\"https:\/\/www.bankweb.com\/lt\/sazinieties\/\"]}]},{\"@type\":\"BreadcrumbList\",\"@id\":\"https:\/\/www.bankweb.com\/lt\/sazinieties\/#breadcrumb\",\"itemListElement\":[{\"@type\":\"ListItem\",\"position\":1,\"name\":\"Hem\",\"item\":\"https:\/\/www.bankweb.com\/lt\/\"},{\"@type\":\"ListItem\",\"position\":2,\"name\":\"sazinieties\"}]},{\"@type\":\"WebSite\",\"@id\":\"https:\/\/www.bankweb.com\/lt\/#website\",\"url\":\"https:\/\/www.bankweb.com\/lt\/\",\"name\":\"Bankweb.com Latvia\",\"description\":\"\",\"potentialAction\":[{\"@type\":\"SearchAction\",\"target\":{\"@type\":\"EntryPoint\",\"urlTemplate\":\"https:\/\/www.bankweb.com\/lt\/?s={search_term_string}\"},\"query-input\":\"required name=search_term_string\"}],\"inLanguage\":\"sv-SE\"}]}<\/script>\n<!-- \/ Yoast SEO plugin. -->","yoast_head_json":{"title":"sazinieties - Bankweb.com Latvia","robots":{"index":"index","follow":"follow","max-snippet":"max-snippet:-1","max-image-preview":"max-image-preview:large","max-video-preview":"max-video-preview:-1"},"canonical":"https:\/\/www.bankweb.com\/lt\/sazinieties\/","twitter_card":"summary_large_image","twitter_title":"sazinieties - Bankweb.com Latvia","twitter_description":"Kas m\u0113s esam? &nbsp; Bankweb pieder un tiek p\u0101rvald\u012bta caur Turneround Webb AB, interneta p\u0101rvald\u012bbas komp\u0101niju Zviedrij\u0101. Jonas Larsons un Emma Larsone patst\u0101v\u012bgi vada un att\u012bsta \u0161o vietni, Emmai esot kvalit\u0101tes un satura mened\u017eerei. Emmai ir iepriek\u0161\u0113ja pieredze rakstniec\u012bb\u0101, kas, [&hellip;]","twitter_misc":{"Ber\u00e4knad l\u00e4stid":"1 minut"},"schema":{"@context":"https:\/\/schema.org","@graph":[{"@type":"WebPage","@id":"https:\/\/www.bankweb.com\/lt\/sazinieties\/","url":"https:\/\/www.bankweb.com\/lt\/sazinieties\/","name":"sazinieties - Bankweb.com Latvia","isPartOf":{"@id":"https:\/\/www.bankweb.com\/lt\/#website"},"datePublished":"2017-12-20T10:09:59+00:00","dateModified":"2018-05-25T07:24:50+00:00","breadcrumb":{"@id":"https:\/\/www.bankweb.com\/lt\/sazinieties\/#breadcrumb"},"inLanguage":"sv-SE","potentialAction":[{"@type":"ReadAction","target":["https:\/\/www.bankweb.com\/lt\/sazinieties\/"]}]},{"@type":"BreadcrumbList","@id":"https:\/\/www.bankweb.com\/lt\/sazinieties\/#breadcrumb","itemListElement":[{"@type":"ListItem","position":1,"name":"Hem","item":"https:\/\/www.bankweb.com\/lt\/"},{"@type":"ListItem","position":2,"name":"sazinieties"}]},{"@type":"WebSite","@id":"https:\/\/www.bankweb.com\/lt\/#website","url":"https:\/\/www.bankweb.com\/lt\/","name":"Bankweb.com Latvia","description":"","potentialAction":[{"@type":"SearchAction","target":{"@type":"EntryPoint","urlTemplate":"https:\/\/www.bankweb.com\/lt\/?s={search_term_string}"},"query-input":"required name=search_term_string"}],"inLanguage":"sv-SE"}]}},"_links":{"self":[{"href":"https:\/\/www.bankweb.com\/lt\/wp-json\/wp\/v2\/pages\/5528","targetHints":{"allow":["GET"]}}],"collection":[{"href":"https:\/\/www.bankweb.com\/lt\/wp-json\/wp\/v2\/pages"}],"about":[{"href":"https:\/\/www.bankweb.com\/lt\/wp-json\/wp\/v2\/types\/page"}],"author":[{"embeddable":true,"href":"https:\/\/www.bankweb.com\/lt\/wp-json\/wp\/v2\/users\/1"}],"replies":[{"embeddable":true,"href":"https:\/\/www.bankweb.com\/lt\/wp-json\/wp\/v2\/comments?post=5528"}],"version-history":[{"count":2,"href":"https:\/\/www.bankweb.com\/lt\/wp-json\/wp\/v2\/pages\/5528\/revisions"}],"predecessor-version":[{"id":5558,"href":"https:\/\/www.bankweb.com\/lt\/wp-json\/wp\/v2\/pages\/5528\/revisions\/5558"}],"wp:attachment":[{"href":"https:\/\/www.bankweb.com\/lt\/wp-json\/wp\/v2\/media?parent=5528"}],"curies":[{"name":"wp","href":"https:\/\/api.w.org\/{rel}","templated":true}]}}