{"id":5203,"date":"2017-08-31T11:30:52","date_gmt":"2017-08-31T11:30:52","guid":{"rendered":"http:\/\/www.bankweb.com\/lt\/?page_id=5203"},"modified":"2018-06-05T09:55:12","modified_gmt":"2018-06-05T09:55:12","slug":"start","status":"publish","type":"page","link":"https:\/\/www.bankweb.com\/lt\/","title":{"rendered":"Start"},"content":{"rendered":"<div class=\"entryfullfront\">\n<p>    <!--------Slides------>    <\/p>\n<div class=\"carousel slide carousel-fade\" data-ride=\"carousel\">\n\t\t<!-- Wrapper for slides --><\/p>\n<div class=\"carousel-inner\" role=\"listbox\">\n<div class=\"item active\" style=\" background: url(\/lt\/images\/slide.jpg) no-repeat top center ;\">\n<div class=\"overlay\">\n<div class=\"ittembold\">\n<div class=\"caption\">Bankweb.com &#8211; <br \/>Sal\u012bdzini aizdevumu pied\u0101v\u0101jumus un izv\u0113lies izdev\u012bg\u0101ko!<\/div>\n<p><a href=\"\" class=\"bluebtn\">Aktu\u0101la inform\u0101cija, akcijas un speci\u0101lie pied\u0101v\u0101jumi.<\/a><\/div>\n<\/div><\/div>\n<div class=\"item\" style=\" background: url(\/lt\/images\/slide.jpg) no-repeat top center ;\">\n<div class=\"overlay\">\n<div class=\"ittembold\">\n<div class=\"caption\">Bankweb.com &#8211; <br \/>Sal\u012bdzini aizdevumu pied\u0101v\u0101jumus un izv\u0113lies izdev\u012bg\u0101ko!<\/div>\n<p><a href=\"\"  class=\"bluebtn\">Aktu\u0101la inform\u0101cija, akcijas un speci\u0101lie pied\u0101v\u0101jumi. <\/a><\/div>\n<\/div><\/div>\n<\/p><\/div>\n<p>        <a class=\"left carouselbtn\" href=\".carousel\" role=\"button\" data-slide=\"prev\"><<\/a><br \/>\n        <a class=\"right carouselbtn\" href=\".carousel\" role=\"button\" data-slide=\"next\">><\/a><\/p><\/div>\n<\/div>\n<p>    <!---- below Image Blocks----><\/p>\n<div class=\"container\">\n<div class=\" homeblocks row\">\n<div class=\"col5\">\n<div class=\"inner\" style=\"background-color:#1ebee4;\">\n<div class=\"border\">\n<div class=\"image\" style=\"background: url(\/lt\/images\/personal_loan.png) no-repeat center center ;\"><\/div>\n<h3><a class=\"whitefront\" href=\"https:\/\/www.bankweb.com\/lt\/atrais-kredits\/\">Atrie krediti<\/a><\/h3>\n<\/p><\/div>\n<\/p><\/div>\n<\/p><\/div>\n<\/p><\/div>\n<\/p><\/div>\n<\/p><\/div>\n<\/div>\n<h1>K\u0101du aizdevumu aiz\u0146emties?<\/h1>\n<p>\u0160obr\u012bd ekonomika piedz\u012bvo vesel\u012bgu izaugsmi. V\u0113rtspap\u012bru tirgus ir ieskr\u0113jies, veicinot liel\u0101ku investoru interesi ieguld\u012bt. Tiek atv\u0113rti jauni uz\u0146\u0113mumi, radot jaunas darba vietas. Pat\u0113r\u0113t\u0101jiem ir vair\u0101k naudas, ko laist atpaka\u013c ekonomik\u0101. Pateicoties \u0161iem apst\u0101k\u013ciem, pieaug ar\u012b aizdev\u0113ju interese izsniegt kred\u012btus.<br \/>\n&nbsp;<br \/>\n<a href=\"https:\/\/www.bankweb.com\/lt\/atrais-kredits\/\">Kred\u012btu<\/a> dev\u0113ju rekl\u0101mas c\u012bn\u0101s par potenci\u0101lo klientu uzman\u012bbu gan no telev\u012bzijas ekr\u0101niem, gan interneta port\u0101liem, gan tramvaja vagoniem. Patie\u0161\u0101m, tik pies\u0101tin\u0101ta aizdev\u0113ju konkurence nav man\u012bta vismaz p\u0113d\u0113jo 10 gadu laik\u0101.<br \/>\n&nbsp;<br \/>\nBet k\u0101 lai pla\u0161aj\u0101 pied\u0101v\u0101jum\u0101 atrod j\u016bsu individu\u0101lajai situ\u0101cijai piem\u0113rot\u0101ko? Pirmais solis, kas j\u0101veic, lai atbild\u0113tu uz \u0161o jaut\u0101jumu, ir saprast, k\u0101ds tie\u0161i kred\u012bts jums ir nepiecie\u0161ams.<br \/>\n&nbsp;<\/p>\n<h2>Pat\u0113ri\u0146a kred\u012bts<\/h2>\n<p>\u0160\u012b kred\u012bta liel\u0101k\u0101 priek\u0161roc\u012bba ir t\u0101da, ka nav nepiecie\u0161ams neko ap\u0137\u012bl\u0101t. Izsniedzot pat\u0113ri\u0146a kred\u012btu, aizdev\u0113js glu\u017ei vienk\u0101r\u0161i izv\u0113rt\u0113 j\u016bsu kred\u012btv\u0113sturi. Ja taj\u0101 atspogu\u013cojas, ka j\u016bs pret sav\u0101m finansi\u0101laj\u0101m saist\u012bb\u0101m esiet iztur\u0113jies ar cie\u0146u un bij\u012bbu, j\u016bs tiekat atz\u012bts par gana uzticamu kred\u012bta sa\u0146em\u0161anai un nauda s\u0101k savu ce\u013cu uz j\u016bsu bankas kontu.<br \/>\n&nbsp;<br \/>\n<img loading=\"lazy\" decoding=\"async\" src=\"https:\/\/www.bankweb.com\/lt\/wp-content\/uploads\/2018\/06\/bank-1024x1024.jpg\" alt=\"Bankweb\" width=\"580\" height=\"580\" class=\"alignnone size-large wp-image-5561\" srcset=\"https:\/\/www.bankweb.com\/lt\/wp-content\/uploads\/2018\/06\/bank-1024x1024.jpg 1024w, https:\/\/www.bankweb.com\/lt\/wp-content\/uploads\/2018\/06\/bank-150x150.jpg 150w, https:\/\/www.bankweb.com\/lt\/wp-content\/uploads\/2018\/06\/bank-300x300.jpg 300w, https:\/\/www.bankweb.com\/lt\/wp-content\/uploads\/2018\/06\/bank-768x768.jpg 768w, https:\/\/www.bankweb.com\/lt\/wp-content\/uploads\/2018\/06\/bank.jpg 1920w\" sizes=\"auto, (max-width: 580px) 100vw, 580px\" \/><br \/>\n&nbsp;<br \/>\nAtkar\u012bb\u0101 no aizdev\u0113ja, pie kura esiet iesniedzis piepras\u012bjumu pat\u0113ri\u0146a kred\u012btam, ir atkar\u012bgs tas, cik stingri vai va\u013c\u012bgi j\u016bsu kred\u012btv\u0113sture tiks v\u0113rt\u0113ta. Pa\u0161i konservat\u012bv\u0101kie pat\u0113ri\u0146u kred\u012bta aizdev\u0113ji ir sastopami banku sekotr\u0101.<br \/>\n&nbsp;<br \/>\nMekl\u0113jot \u0161\u0101da veida aizdevuma iesp\u0113ju bankas fili\u0101l\u0113, j\u016bs var gaid\u012bt vil\u0161an\u0101s, jo bankas par sliktu kred\u012btv\u0113sturi m\u0113dz uzskat\u012bt ne tikai t\u0101das, kas ir saboj\u0101tas ar nenok\u0101rtot\u0101m saist\u012bb\u0101m un par\u0101du piedzi\u0146u, bet ar\u012b t\u0101du, kur\u0101 ir ierakst\u012bta aizdevumu \u0146em\u0161ana pie t\u0101 saucamajiem \u0101trajiem kred\u012btiem, vai kav\u0113ta komun\u0101lo maks\u0101jumu veik\u0161ana.<br \/>\n&nbsp;<br \/>\nTom\u0113r ne visas bankas ir vienl\u012bdz piesardz\u012bgas pie\u0161\u0137irot pat\u0113ri\u0146a kred\u012btus. T\u0101d\u0113\u013c, ja nav izdevies sa\u0146emt aizdevumu vien\u0101 bank\u0101, variet dro\u0161i m\u0113\u0123in\u0101t aiz\u0146emties cit\u0101s. Tiesa gan, jo pielaid\u012bgu aizdev\u0113ju jums izdosies atrast, jo d\u0101rg\u0101ki b\u016bs sa\u0146emt\u0101 kred\u012bta procenti.<br \/>\n&nbsp;<br \/>\n\u0160\u012b iemesla d\u0113\u013c ir v\u0113rts neslinkot un iesniegt piepras\u012bjumus vair\u0101k\u0101s bank\u0101s. T\u0101d\u0101 veid\u0101 krietni pieaugs ar aizdevuma sa\u0146em\u0161anu saist\u012bt\u0101 birokr\u0101tisk\u0101 procesa ilgums, bet tas krietni atmaks\u0101sies, \u013caujot jums ietaup\u012bt visai iev\u0113rojamu summu, maks\u0101jot maz\u0101kus aizdevuma maks\u0101jumus.<br \/>\n&nbsp;<br \/>\nProtams, t\u0101 k\u0101 izsniedzot pat\u0113ri\u0146a kred\u012btu, aizdevums negarant\u0113 aizdot\u0101s naudas atg\u016b\u0161anu ar \u0137\u012blas pal\u012bdz\u012bbu, \u0161\u0101da veida kred\u012bti parasti izn\u0101k d\u0101rg\u0101ki, nek\u0101 ie\u0137\u012bl\u0101jot nekustamo \u012bpa\u0161umu vai auto.<br \/>\n&nbsp;<\/p>\n<h3>\u0100trie aizdevumi<\/h3>\n<p>Ar\u012b \u0101tros aizdevumus var uzskat\u012bt par pat\u0113ri\u0146a kred\u012biem. Galu gal\u0101, ar\u012b \u0161ie aizdev\u0113ji neprasa saviem klientiem atst\u0101t \u0137\u012blu, bet aizdod tikai izv\u0113rt\u0113jot kred\u012btv\u0113sturi. Tiesa gan, pie \u0101tro kred\u012btu dev\u0113jiem kred\u012btv\u0113stures netiek p\u0101rbaud\u012btas ne tuvu tik skurpulozi, k\u0101 aiz\u0146emoties bank\u0101s.<br \/>\n&nbsp;<br \/>\nT\u0101 viet\u0101, aiz\u0146emties grib\u0113t\u0101jiem ir vien j\u0101izpilda veidlapa, kur\u0101 j\u0101uzr\u0101da ikm\u0113ne\u0161a ie\u0146\u0113mumi, izdevumu un jau eso\u0161o kred\u012btu nomaksai atv\u0113l\u0113tie l\u012bdzek\u013ci. T\u0101l\u0101k \u0161\u012b veidlapa tiek izskat\u012bta, ko \u0101tro kred\u012btu aizdev\u0113ji reiz\u0113m pasp\u0113j izdar\u012bt pat 15 min\u016b\u0161u laik\u0101.<br \/>\n&nbsp;<br \/>\nJa izejot p\u0113c inform\u0101cijas, kuru esiet ierakst\u012bjis veidlap\u0101, j\u016bsu ikm\u0113ne\u0161a ie\u0146\u0113mumi p\u0101rsniedz izdevumu un eso\u0161o kred\u012btu seg\u0161anai paredz\u0113t\u0101s naudas summu, tad aizdev\u0113js p\u0101rliecin\u0101sies, ka jums nav saboj\u0101ta kred\u012btv\u0113sture un p\u0101rskait\u012bs jums j\u016bsu piepras\u012bto summu.<br \/>\n&nbsp;<br \/>\nJ\u0101saka, ka ar\u012b saboj\u0101ta kred\u012btv\u0113sture, proti t\u0101da, kura uzr\u0101d\u0101s kav\u0113tas saist\u012bbas, vai pat par\u0101du piedzi\u0146as uzs\u0101k\u0161ana, nav pamats, lai j\u016bsu kred\u012bta atmaksas sp\u0113jai neuztic\u0113tos pa\u0161i pielaid\u012bg\u0101kie \u0101tro kred\u012btu sniedz\u0113ji.<br \/>\n&nbsp;<br \/>\n<img loading=\"lazy\" decoding=\"async\" src=\"https:\/\/www.bankweb.com\/lt\/wp-content\/uploads\/2018\/06\/aizdevumu-aiz\u0146emties-1024x747.jpg\" alt=\"aizdevumu aiz\u0146emties\" width=\"580\" height=\"423\" class=\"alignnone size-large wp-image-5562\" srcset=\"https:\/\/www.bankweb.com\/lt\/wp-content\/uploads\/2018\/06\/aizdevumu-aiz\u0146emties-1024x747.jpg 1024w, https:\/\/www.bankweb.com\/lt\/wp-content\/uploads\/2018\/06\/aizdevumu-aiz\u0146emties-300x219.jpg 300w, https:\/\/www.bankweb.com\/lt\/wp-content\/uploads\/2018\/06\/aizdevumu-aiz\u0146emties-768x560.jpg 768w, https:\/\/www.bankweb.com\/lt\/wp-content\/uploads\/2018\/06\/aizdevumu-aiz\u0146emties.jpg 1920w\" sizes=\"auto, (max-width: 580px) 100vw, 580px\" \/><br \/>\n&nbsp;<br \/>\n\u0160o aizdev\u0113ju biznesa strat\u0113\u0123ija ir izsniegt lielu skaitu ar riskantiem kred\u012btiem, izsarg\u0101joties no riska pateicoties augst\u0101k\u0101m kred\u012btu cen\u0101m. \u0160\u012b iemesla d\u0113\u013c \u0101trie aizdevumi ir pa\u0161i d\u0101rg\u0101kie, k\u0101di ir pieejami <a href=\"https:\/\/www.bankweb.com\/lt\/atrais-kredits\/\">aizdevumu<\/a> tirg\u016b, jo aiz\u0146\u0113m\u0113ja kred\u012bta procentos ir iek\u013cauta maksa par visiem tiem aiz\u0146\u0113m\u0113jiem, kuriem kred\u012btu atgriezt neizdosies. Nezskatoties uz to, \u0101trie aizdevumi ir praktisks un popul\u0101rs kred\u012btu veids, situ\u0101cij\u0101s, kad ir nepiecie\u0161amas relat\u012bvi nelielas summas, neparedz\u0113tu izdevumu seg\u0161anai.<br \/>\n&nbsp;<\/p>\n<h4>Kred\u012btkar\u0161u aizdevumi<\/h4>\n<p>\u0160is aizdevumu veids ir banku sekotra vari\u0101cija par \u0101tro aizdevumu t\u0113mu. Bankas klienti var pieteikties kred\u012btkart\u0113m ar noteiktu aizdevuma limitu. \u0160ie aizdevumi tiek \u0146emti autom\u0101tiski, jums iepr\u0113rkoties ar kred\u012btkarti, ja tai piesaist\u012btaj\u0101 kont\u0101 vairs nav br\u012bvu l\u012bdzek\u013cu.<br \/>\n&nbsp;<br \/>\nM\u0113ne\u0161a beig\u0101s j\u016bs sa\u0146emsiet r\u0113\u0137inu, kuru veidos aiz\u0146emt\u0101 summa un procentu maks\u0101jums. Atkar\u012bb\u0101 no aizdevuma noteikumiem, kuri ats\u0137iras da\u017e\u0101d\u0101s bank\u0101s, jums varb\u016bt izv\u0113le nomaks\u0101t visu summu, vai tikai procentus.<br \/>\n&nbsp;<br \/>\nTas, vai j\u016bs variet ieg\u016bt kred\u012btkarti un to k\u0101ds b\u016bs tai noteiktais limits, banka izv\u0113rt\u0113s, izskatot j\u016bsu kred\u012btv\u0113sturi. Ar \u0161\u0101du aizdevumu pal\u012bdz\u012bbu banka sp\u0113j pied\u0101v\u0101t viegli pieejamu naudu saviem uzticam\u0101kajiem klientiem.<br \/>\n&nbsp;<\/p>\n<h4>Aizdevumu uz\u0146\u0113m\u0113jiem<\/h4>\n<p>Ja jums nauda ir nepiecie\u0161ama uz\u0146\u0113m\u0113jdarb\u012bbas uzs\u0101k\u0161anai vai papla\u0161in\u0101\u0161anai, \u0161is ir jums pats piem\u0113rot\u0101kais kred\u012bts. Jau past\u0101vo\u0161ie uz\u0146\u0113mumi parasti ieg\u016bst kred\u012btus ap\u0137\u012bl\u0101jot savus akt\u012bvos ierakst\u012bto tehniku vai nekustamo \u012bpa\u0161umu, kas tiem \u013cauj ieg\u016bt kred\u012btu ar zem\u0101kiem procentiem.<br \/>\n&nbsp;<br \/>\nUz\u0146\u0113m\u0113ja aizdevumu var sa\u0146emt ar\u012b tikai tikko k\u0101 dibin\u0113ti uz\u0146\u0113mumi, iesniedzot bankai konkur\u0113tsp\u0113j\u012bgu biznesa pl\u0101nu. \u0160\u0101ds kred\u012bts var izr\u0101d\u012bties d\u0101rg\u0101ks, bet atkar\u012bb\u0101 no darba, k\u0101du konkr\u0113t\u0101 banka ir gatava ieguld\u012bt savos potenci\u0101lajos uz\u0146\u0113m\u0113ju klientos, t\u0101s ekonomisti var ar\u012b str\u0101d\u0101t kop\u0101 ar jums un uzlabot j\u016bsu biznesa pl\u0101nu.<br \/>\n&nbsp;<br \/>\nGalu gal\u0101, pati banka ir ieinteres\u0113ta izsniegt jums t\u0101du kred\u012btu, kuru j\u016bsu uz\u0146\u0113mums b\u016bs sp\u0113j\u012bgs nomaks\u0101t.<\/p>\n","protected":false},"excerpt":{"rendered":"<p>Bankweb.com &#8211; Sal\u012bdzini aizdevumu pied\u0101v\u0101jumus un izv\u0113lies izdev\u012bg\u0101ko! Aktu\u0101la inform\u0101cija, akcijas un speci\u0101lie pied\u0101v\u0101jumi. Bankweb.com &#8211; Sal\u012bdzini aizdevumu pied\u0101v\u0101jumus un izv\u0113lies izdev\u012bg\u0101ko! Aktu\u0101la inform\u0101cija, akcijas un speci\u0101lie pied\u0101v\u0101jumi. Atrie krediti K\u0101du aizdevumu aiz\u0146emties? \u0160obr\u012bd ekonomika piedz\u012bvo vesel\u012bgu izaugsmi. V\u0113rtspap\u012bru tirgus [&hellip;]<\/p>\n","protected":false},"author":1,"featured_media":0,"parent":0,"menu_order":0,"comment_status":"closed","ping_status":"closed","template":"","meta":{"footnotes":""},"class_list":["post-5203","page","type-page","status-publish","hentry"],"yoast_head":"<!-- This site is optimized with the Yoast SEO plugin v19.11 - https:\/\/yoast.com\/wordpress\/plugins\/seo\/ -->\n<title>Sal\u012bdzini 30 popul\u0101r\u0101kos \u0101tros kred\u012btus maij\u0101 - Bankweb.com<\/title>\n<meta name=\"description\" content=\"\u0100tro kred\u012btu sal\u012bdzin\u0101\u0161anas tabula Jums pal\u012bdz\u0113s izv\u0113l\u0113ties lab\u0101ko aizdev\u0113ju starp daudzajiem pakalpojumu sniedz\u0113jiem.\" \/>\n<meta name=\"robots\" content=\"index, follow, max-snippet:-1, max-image-preview:large, max-video-preview:-1\" \/>\n<link rel=\"canonical\" href=\"https:\/\/www.bankweb.com\/lt\/\" \/>\n<meta name=\"twitter:card\" content=\"summary_large_image\" \/>\n<meta name=\"twitter:title\" content=\"Sal\u012bdzini 30 popul\u0101r\u0101kos \u0101tros kred\u012btus maij\u0101 - Bankweb.com\" \/>\n<meta name=\"twitter:description\" content=\"\u0100tro kred\u012btu sal\u012bdzin\u0101\u0161anas tabula Jums pal\u012bdz\u0113s izv\u0113l\u0113ties lab\u0101ko aizdev\u0113ju starp daudzajiem pakalpojumu sniedz\u0113jiem.\" \/>\n<meta name=\"twitter:image\" content=\"https:\/\/www.bankweb.com\/lt\/wp-content\/uploads\/2018\/06\/bank.jpg\" \/>\n<meta name=\"twitter:label1\" content=\"Ber\u00e4knad l\u00e4stid\" \/>\n\t<meta name=\"twitter:data1\" content=\"6 minuter\" \/>\n<script type=\"application\/ld+json\" class=\"yoast-schema-graph\">{\"@context\":\"https:\/\/schema.org\",\"@graph\":[{\"@type\":\"WebPage\",\"@id\":\"https:\/\/www.bankweb.com\/lt\/\",\"url\":\"https:\/\/www.bankweb.com\/lt\/\",\"name\":\"Sal\u012bdzini 30 popul\u0101r\u0101kos \u0101tros kred\u012btus maij\u0101 - Bankweb.com\",\"isPartOf\":{\"@id\":\"https:\/\/www.bankweb.com\/lt\/#website\"},\"datePublished\":\"2017-08-31T11:30:52+00:00\",\"dateModified\":\"2018-06-05T09:55:12+00:00\",\"description\":\"\u0100tro kred\u012btu sal\u012bdzin\u0101\u0161anas tabula Jums pal\u012bdz\u0113s izv\u0113l\u0113ties lab\u0101ko aizdev\u0113ju starp daudzajiem pakalpojumu sniedz\u0113jiem.\",\"breadcrumb\":{\"@id\":\"https:\/\/www.bankweb.com\/lt\/#breadcrumb\"},\"inLanguage\":\"sv-SE\",\"potentialAction\":[{\"@type\":\"ReadAction\",\"target\":[\"https:\/\/www.bankweb.com\/lt\/\"]}]},{\"@type\":\"BreadcrumbList\",\"@id\":\"https:\/\/www.bankweb.com\/lt\/#breadcrumb\",\"itemListElement\":[{\"@type\":\"ListItem\",\"position\":1,\"name\":\"Hem\",\"item\":\"https:\/\/www.bankweb.com\/lt\/\"},{\"@type\":\"ListItem\",\"position\":2,\"name\":\"Start\"}]},{\"@type\":\"WebSite\",\"@id\":\"https:\/\/www.bankweb.com\/lt\/#website\",\"url\":\"https:\/\/www.bankweb.com\/lt\/\",\"name\":\"Bankweb.com Latvia\",\"description\":\"\",\"potentialAction\":[{\"@type\":\"SearchAction\",\"target\":{\"@type\":\"EntryPoint\",\"urlTemplate\":\"https:\/\/www.bankweb.com\/lt\/?s={search_term_string}\"},\"query-input\":\"required name=search_term_string\"}],\"inLanguage\":\"sv-SE\"}]}<\/script>\n<!-- \/ Yoast SEO plugin. -->","yoast_head_json":{"title":"Sal\u012bdzini 30 popul\u0101r\u0101kos \u0101tros kred\u012btus maij\u0101 - Bankweb.com","description":"\u0100tro kred\u012btu sal\u012bdzin\u0101\u0161anas tabula Jums pal\u012bdz\u0113s izv\u0113l\u0113ties lab\u0101ko aizdev\u0113ju starp daudzajiem pakalpojumu sniedz\u0113jiem.","robots":{"index":"index","follow":"follow","max-snippet":"max-snippet:-1","max-image-preview":"max-image-preview:large","max-video-preview":"max-video-preview:-1"},"canonical":"https:\/\/www.bankweb.com\/lt\/","twitter_card":"summary_large_image","twitter_title":"Sal\u012bdzini 30 popul\u0101r\u0101kos \u0101tros kred\u012btus maij\u0101 - Bankweb.com","twitter_description":"\u0100tro kred\u012btu sal\u012bdzin\u0101\u0161anas tabula Jums pal\u012bdz\u0113s izv\u0113l\u0113ties lab\u0101ko aizdev\u0113ju starp daudzajiem pakalpojumu sniedz\u0113jiem.","twitter_image":"https:\/\/www.bankweb.com\/lt\/wp-content\/uploads\/2018\/06\/bank.jpg","twitter_misc":{"Ber\u00e4knad l\u00e4stid":"6 minuter"},"schema":{"@context":"https:\/\/schema.org","@graph":[{"@type":"WebPage","@id":"https:\/\/www.bankweb.com\/lt\/","url":"https:\/\/www.bankweb.com\/lt\/","name":"Sal\u012bdzini 30 popul\u0101r\u0101kos \u0101tros kred\u012btus maij\u0101 - Bankweb.com","isPartOf":{"@id":"https:\/\/www.bankweb.com\/lt\/#website"},"datePublished":"2017-08-31T11:30:52+00:00","dateModified":"2018-06-05T09:55:12+00:00","description":"\u0100tro kred\u012btu sal\u012bdzin\u0101\u0161anas tabula Jums pal\u012bdz\u0113s izv\u0113l\u0113ties lab\u0101ko aizdev\u0113ju starp daudzajiem pakalpojumu sniedz\u0113jiem.","breadcrumb":{"@id":"https:\/\/www.bankweb.com\/lt\/#breadcrumb"},"inLanguage":"sv-SE","potentialAction":[{"@type":"ReadAction","target":["https:\/\/www.bankweb.com\/lt\/"]}]},{"@type":"BreadcrumbList","@id":"https:\/\/www.bankweb.com\/lt\/#breadcrumb","itemListElement":[{"@type":"ListItem","position":1,"name":"Hem","item":"https:\/\/www.bankweb.com\/lt\/"},{"@type":"ListItem","position":2,"name":"Start"}]},{"@type":"WebSite","@id":"https:\/\/www.bankweb.com\/lt\/#website","url":"https:\/\/www.bankweb.com\/lt\/","name":"Bankweb.com Latvia","description":"","potentialAction":[{"@type":"SearchAction","target":{"@type":"EntryPoint","urlTemplate":"https:\/\/www.bankweb.com\/lt\/?s={search_term_string}"},"query-input":"required name=search_term_string"}],"inLanguage":"sv-SE"}]}},"_links":{"self":[{"href":"https:\/\/www.bankweb.com\/lt\/wp-json\/wp\/v2\/pages\/5203","targetHints":{"allow":["GET"]}}],"collection":[{"href":"https:\/\/www.bankweb.com\/lt\/wp-json\/wp\/v2\/pages"}],"about":[{"href":"https:\/\/www.bankweb.com\/lt\/wp-json\/wp\/v2\/types\/page"}],"author":[{"embeddable":true,"href":"https:\/\/www.bankweb.com\/lt\/wp-json\/wp\/v2\/users\/1"}],"replies":[{"embeddable":true,"href":"https:\/\/www.bankweb.com\/lt\/wp-json\/wp\/v2\/comments?post=5203"}],"version-history":[{"count":35,"href":"https:\/\/www.bankweb.com\/lt\/wp-json\/wp\/v2\/pages\/5203\/revisions"}],"predecessor-version":[{"id":5564,"href":"https:\/\/www.bankweb.com\/lt\/wp-json\/wp\/v2\/pages\/5203\/revisions\/5564"}],"wp:attachment":[{"href":"https:\/\/www.bankweb.com\/lt\/wp-json\/wp\/v2\/media?parent=5203"}],"curies":[{"name":"wp","href":"https:\/\/api.w.org\/{rel}","templated":true}]}}