{"id":5534,"date":"2018-06-13T11:00:12","date_gmt":"2018-06-13T11:00:12","guid":{"rendered":"https:\/\/www.bankweb.com\/lit\/?page_id=5534"},"modified":"2022-07-18T10:35:43","modified_gmt":"2022-07-18T10:35:43","slug":"vartojamosios-paskolos","status":"publish","type":"page","link":"https:\/\/www.bankweb.com\/lit\/vartojamosios-paskolos\/","title":{"rendered":"Vartojamosios paskolos"},"content":{"rendered":"<h1 class=\"kredith1\">Vartojamosios paskolos Lietuvoje<\/h1>\n<p>Su terminu \u201evartojamosios paskolos\u201c susiduriame tikrai da\u017enai, o pastaruoju metu i\u0161aug\u0119s \u012fvairi\u0173 kredito bendrovi\u0173 reklam\u0173 skai\u010dius, ko gero, atkreip\u0117 ne vieno gyventojo d\u0117mes\u012f. Ta\u010diau ar tikrai \u017einome, kas slepiasi u\u017e \u0161io termino? Kod\u0117l \u0161i paskol\u0173 forma yra tokia populiari Lietuvoje?<\/p>\n<div class=\"fullwidthlan\">\n<div class=\"social-col l\">\n<div class=\"imgblanco\"><span style=\"text-align: center; display: block; padding-bottom: 20px; color: black;\">Bank\u0173 pavyzd\u017eiai su kuriais mes lyginam\u0117s!<\/span> <img loading=\"lazy\" decoding=\"async\" src=\"\/lit\/wp-content\/uploads\/2017\/12\/rsz_paskolos.png\" alt=\"paskolos\" width=\"120\" height=\"30\" class=\"imgblanco\" \/><img loading=\"lazy\" decoding=\"async\" src=\"\/lit\/wp-content\/uploads\/2017\/12\/rsz_vivus-5.png\" alt=\"Vivus\" width=\"120\" height=\"30\" class=\"imgblanco\" \/><img loading=\"lazy\" decoding=\"async\" src=\"\/lit\/wp-content\/uploads\/2017\/12\/rsz_mano_paskola_png.png\" alt=\"mano_paskola\" width=\"120\" height=\"30\" class=\"imgblanco\" \/><img loading=\"lazy\" decoding=\"async\" src=\"\/lit\/wp-content\/uploads\/2017\/12\/rsz_logo-12.png\" alt=\"eurocredit\" width=\"120\" height=\"30\" class=\"imgblanco\" \/><img loading=\"lazy\" decoding=\"async\" src=\"\/lit\/wp-content\/uploads\/2017\/12\/rsz_i24cimgpsh_orig.png\" alt=\"bobutespaskola\" width=\"120\" height=\"30\" class=\"imgblanco\" \/><\/div>\n<\/div>\n<div class=\"c\"><\/div>\n<div class=\"social-colfaq\">\n<p class=\"howmuch\">\u0160tai kaip grupuojamos paskolos:<\/p>\n<ol>\n<li class=\"greenfront1\">Naudokite vir\u0161utin\u012f \u017eymekl\u012f paskolos dyd\u017eiui nustatyti .<\/li>\n<li class=\"greenfront1\">Apatin\u0117je eilut\u0117je \u012fveskite pageidautin\u0105 gr\u0105\u017einimo termin\u0105.<\/li>\n<li class=\"greenfront1\">I\u0161valyta! Nuo \u0161iol visos paskolos yra r\u016b\u0161iuojamos automati\u0161kai.<\/li>\n<\/ol>\n<\/div>\n<\/div>\n<p>&nbsp;<br \/>\n<script type='text\/javascript' src='https:\/\/www.doaff.net\/publisherScript.js?c=hgz'><\/script><br \/>\n&nbsp;<br \/>\nPaskutiniaisiais metais apie \u012fvairi\u0173 r\u016b\u0161i\u0173 paskolas Lietuvoje kalbama daug. \u017dmon\u0117ms susid\u016brus su situacija, kuomet poreikiai ima vir\u0161yti galimybes, b\u016btent paskolos tampa atsakymu \u012f daugel\u012f klausim\u0173: vieniems d\u0117l mokslo, kitiems \u2014 d\u0117l sveikatos, dar kitiems \u2014 d\u0117l automobilio pirkimo ar investavimo \u012f gyvenam\u0105j\u0105 viet\u0105.<br \/>\n&nbsp;<br \/>\nVartojamosios paskolos, dar kitaip da\u017enai vadinamos \u201evartojamaisiais kreditais\u201c, Lietuvoje gali b\u016bti i\u0161duodamos vos per 15 minu\u010di\u0173 laikotarp\u012f, o parai\u0161kos j\u0173 gavimui gali b\u016bti pateikiamos tiek internetu, tiek tiesiogiai Lietuvos bankuose ar \u201ePayPost\u201c skyriuose visoje \u0161alyje.<br \/>\n&nbsp;<br \/>\n<img loading=\"lazy\" decoding=\"async\" src=\"https:\/\/www.bankweb.com\/lit\/wp-content\/uploads\/2018\/06\/Vartojamosios-paskolos-1024x459.jpg\" alt=\"Vartojamosios paskolos\" width=\"580\" height=\"260\" class=\"alignnone size-large wp-image-5541\" srcset=\"https:\/\/www.bankweb.com\/lit\/wp-content\/uploads\/2018\/06\/Vartojamosios-paskolos-1024x459.jpg 1024w, https:\/\/www.bankweb.com\/lit\/wp-content\/uploads\/2018\/06\/Vartojamosios-paskolos-300x134.jpg 300w, https:\/\/www.bankweb.com\/lit\/wp-content\/uploads\/2018\/06\/Vartojamosios-paskolos-768x344.jpg 768w, https:\/\/www.bankweb.com\/lit\/wp-content\/uploads\/2018\/06\/Vartojamosios-paskolos.jpg 1920w\" sizes=\"auto, (max-width: 580px) 100vw, 580px\" \/><br \/>\n&nbsp;<br \/>\n\u0160i\u0173 paskol\u0173 dydis gali siekti net 10 t\u016bkstan\u010di\u0173 eur\u0173 ne ilgesniam negu 5 met\u0173 laikotarpiui. Vienintelis reikalingas dokumentas \u2014 pasas arba asmens tapatyb\u0117s kortel\u0117. Ir viskas!<br \/>\nSkamba patraukliai ir paprastai, ar ne? Bet prad\u0117kime nuo prad\u017ei\u0173.<br \/>\n&nbsp;<\/p>\n<h2>Ar \u017einote, kokios paskolos yra priskiriamos vartojimo paskoloms m\u016bs\u0173 \u0161alyje?<\/h2>\n<p>I\u0161 ties\u0173 pats paskolos pavadinimas pateikia atsakym\u0105: vartojamasis kreditas da\u017eniausiai skirtas asmeniniams gyventojo poreikiams, kurie kiekvienu atveju b\u016bna skirtingi. \u0160ios paskolos itin patogios d\u0117l to, jog iman\u010diajam paskol\u0105 asmeniui nereikia \u012fkeisti jokio savo turto, ir b\u016btent tai lemia tok\u012f trump\u0105 paskolos suteikimo laik\u0105.<br \/>\n&nbsp;<br \/>\nVis d\u0117lto, imantieji vartojam\u0105j\u0105 paskol\u0105 tur\u0117t\u0173 atsiminti, jog \u0161i\u0173 paskol\u0173 gr\u0105\u017einimo pal\u016bkan\u0173 norma da\u017eniausiai b\u016bna kur kas didesn\u0117 lyginant su b\u016bsto kredito ar <a href=\"https:\/\/www.bankweb.com\/lit\/automobiliams\/\">autolizingo paskolomis<\/a>. Specialistai teigia, jog vartojam\u0105sias paskolas perskai\u010diavus \u012f metin\u0119 pal\u016bkan\u0173 norm\u0105, gaunamas skai\u010dius da\u017eniausiai siekia net keliasde\u0161imt kart\u0173 didesnius procentus.<br \/>\n&nbsp;<br \/>\nEkspertai teigia, jog taip yra d\u0117l to, kad bankai ir kredito unijos turi kur kas ma\u017eesnes skolinto kapitalo kainas, taigi, d\u0117l to galimas ir pigesnis skolinimas.<br \/>\n&nbsp;<br \/>\nNorintieji gauti vartojam\u0105j\u0105 paskol\u0105 Lietuvoje turi tikrai nema\u017eai pasirinkim\u0173, nes m\u016bs\u0173 \u0161alyje jas i\u0161duoda ne tik kredito \u012fstaigos, tokios kaip bankai ar kredito unijos, ta\u010diau ir kitos bendrov\u0117s, esan\u010dios Lietuvos banko kredito dav\u0117j\u0173 s\u0105ra\u0161e. Pastebima, jog m\u016bs\u0173 \u0161alyje vartojam\u0105sias <a href=\"https:\/\/www.bankweb.com\/lit\/paskolo\/\">paskolas<\/a> asmenims gali teikti 138 vartojimo kredito dav\u0117jai, oficialiai registruoti \u0161iame s\u0105ra\u0161e.<br \/>\n&nbsp;<br \/>\nNors Lietuvoje itin populiarios \u012fvairi\u0173 greit\u0173j\u0173 kredito bendrovi\u0173 reklamos, statistika vis d\u0117lto atskleid\u017eia, jog daugiausiai vartojam\u0173j\u0173 paskol\u0173 Lietuvoje i\u0161duoda b\u016btent bankai ir kredito unijos, o Lietuvos banko kredito dav\u0117j\u0173 s\u0105ra\u0161e esan\u010dios ma\u017eosios bendrov\u0117s negali asmenims suteikti b\u016bsto paskol\u0173, priimti ind\u0117li\u0173 ir vystyti bet koki\u0105 kit\u0105 bankin\u0119 veikl\u0105.<br \/>\n&nbsp;<br \/>\nMin\u0117jome, jog iman\u010diajam vartojimo paskol\u0105 nereikia \u012fkeisti jokio savo turto, taigi, vieninteliu \u0161i\u0173 paskol\u0173 gr\u0105\u017einimo pamatu tampa asmens gaunamos pajamos.<br \/>\n&nbsp;<br \/>\nSpecialistai pabr\u0117\u017eia, jog kredito bendrov\u0117s, suteikusios paskolas, nekontroliuoja, kaip asmuo leid\u017eia paskolos b\u016bdu gautus pinigus, ta\u010diau svarbu tai, jog bendrov\u0117s ar bankai visuomet kreipia d\u0117mes\u012f \u012f tai, ar paskolos \u012fmokos mokamos pagal konkret\u0173 sutart\u0105 ir numatyt\u0105 grafik\u0105.<br \/>\n&nbsp;<\/p>\n<h3>Tad nuo ko prad\u0117ti?<\/h3>\n<p>Prie\u0161 imant vartojam\u0105j\u0105 paskol\u0105, reik\u0117t\u0173 i\u0161sirinkti kelet\u0105 kreditori\u0173, kurie Jums atrodo patraukl\u016bs savo si\u016blomomis s\u0105lygomis.<br \/>\n&nbsp;<br \/>\n<img loading=\"lazy\" decoding=\"async\" src=\"https:\/\/www.bankweb.com\/lit\/wp-content\/uploads\/2018\/06\/Vartojamosios-1024x683.jpg\" alt=\"Vartojamosios\" width=\"580\" height=\"387\" class=\"alignnone size-large wp-image-5542\" srcset=\"https:\/\/www.bankweb.com\/lit\/wp-content\/uploads\/2018\/06\/Vartojamosios-1024x683.jpg 1024w, https:\/\/www.bankweb.com\/lit\/wp-content\/uploads\/2018\/06\/Vartojamosios-300x200.jpg 300w, https:\/\/www.bankweb.com\/lit\/wp-content\/uploads\/2018\/06\/Vartojamosios-768x512.jpg 768w, https:\/\/www.bankweb.com\/lit\/wp-content\/uploads\/2018\/06\/Vartojamosios.jpg 1920w\" sizes=\"auto, (max-width: 580px) 100vw, 580px\" \/><br \/>\n&nbsp;<br \/>\nSpecialistai si\u016blo paruo\u0161ti special\u0173 lai\u0161k\u0105, tinkant\u012f i\u0161si\u0173sti visiems pasirinktiesiems, nurodant pagrindinius da\u017eniausiai kreditorius dominan\u010dius aspektus, tokius kaip paskolos suma, terminas, paskirtis, J\u016bs\u0173 \u0161eimynin\u0117 pad\u0117tis bei kiek J\u016bs\u0173 \u0161eimoje esama i\u0161laikom\u0173 asmen\u0173, visos \u0161eimos gaunamos pajamos, koki\u0173 dar turite finansini\u0173 \u012fsipareigojim\u0173 bei bent keliais \u017eod\u017eiais papasakoti, kokia yra J\u016bs\u0173 bendroji kredito istorija.<br \/>\n&nbsp;<br \/>\nVisi \u0161ie punktai yra svarb\u016bs kreditoriams, siekiant parengti asmeninius vartojamosios paskolos pasi\u016blymus, kuriuos po to svarbu itin gerai i\u0161analizuoti ir atrasti t\u0105, kuris priimtiniausias ir geriausiai atitinka b\u016btent J\u016bs\u0173 poreikius bei galimybes.<br \/>\n&nbsp;<br \/>\nNorintieji gauti vartojam\u0105j\u0105 paskol\u0105 ir apsisprend\u0119 d\u0117l \u0161io \u017eingsnio, i\u0161sirink\u0119 pasi\u016blym\u0105 tur\u0117t\u0173 u\u017epildyti parai\u0161k\u0105, kuri\u0105 turi \u012fvertinti bendrovi\u0173 specialistai, nuspr\u0119sdami, kokios yra asmens finansin\u0117s galimyb\u0117s. Kaip jau min\u0117jome, bankai Lietuvoje tai padaro per 15 minu\u010di\u0173, kartu pateikdami ir tam tikr\u0105 asmenin\u012f vartojimo paskolos pasi\u016blym\u0105.<br \/>\n&nbsp;<br \/>\nVos tik vartojimo paskola pasira\u0161oma ir patvirtinama, pinigai pervedami \u012f asmens banko s\u0105skait\u0105. \u0160i\u0173 paskol\u0173 gr\u0105\u017einimui da\u017eniausiai taikomas vadinamasis anuiteto principas, rei\u0161kiantis, jog \u012fmokos mokamos kiekvien\u0105 m\u0117nes\u012f nustatytu laiku.<br \/>\n&nbsp;<br \/>\nKad b\u016bt\u0173 patogiau, bankai da\u017enai si\u016blo vartojimo paskol\u0173 gr\u0105\u017einimo ir susidariusi\u0173 pal\u016bkan\u0173 mok\u0117jimo sumas nuskai\u010diuoti automati\u0161kai i\u0161 asmens s\u0105skaitos, esan\u010dios banke, i\u0161 kurio ir buvo imta vartojamoji paskola.&nbsp;<br \/>\n&nbsp;<br \/>\nM\u0105stantieji apie \u0161ias paskolas tur\u0117t\u0173 atkreipti d\u0117mes\u012f \u012f tai, jog vartojamoji paskola asmeniui gali b\u016bti suteikiama tik tokiu atveju, jeigu jis savo darboviet\u0117je yra i\u0161dirb\u0119s ma\u017eiausiai 4 m\u0117nesius. \u017dmon\u0117ms da\u017enai kyla klausimai, ar jie gali tik\u0117tis gauti vartojam\u0105j\u0105 paskol\u0105, jeigu tuo metu turi kit\u0173 finansini\u0173 \u012fsipareigojim\u0173.<br \/>\n&nbsp;<br \/>\nAtsakymas \u2014 taip, \u0161i\u0105 paskol\u0105 galima gauti tokiu atveju, kuomet vis\u0173 asmens mokam\u0173 paskol\u0173 \u012fmokos per m\u0117nes\u012f n\u0117ra didesn\u0117s kaip 40 procent\u0173 oficialiai gaunam\u0173 pajam\u0173. Norintieji gauti vartojam\u0105j\u0105 paskol\u0105 taip pat tur\u0117t\u0173 b\u016bti ne jaunesni kaip 21 met\u0173 am\u017eiaus.<\/p>\n","protected":false},"excerpt":{"rendered":"<p>Vartojamosios paskolos Lietuvoje Su terminu \u201evartojamosios paskolos\u201c susiduriame tikrai da\u017enai, o pastaruoju metu i\u0161aug\u0119s \u012fvairi\u0173 kredito bendrovi\u0173 reklam\u0173 skai\u010dius, ko gero, atkreip\u0117 ne vieno gyventojo d\u0117mes\u012f. Ta\u010diau ar tikrai \u017einome, kas slepiasi u\u017e \u0161io termino? Kod\u0117l \u0161i paskol\u0173 forma yra [&hellip;]<\/p>\n","protected":false},"author":1,"featured_media":0,"parent":0,"menu_order":0,"comment_status":"closed","ping_status":"closed","template":"","meta":{"footnotes":""},"class_list":["post-5534","page","type-page","status-publish","hentry"],"yoast_head":"<!-- This site is optimized with the Yoast SEO plugin v19.3 - https:\/\/yoast.com\/wordpress\/plugins\/seo\/ -->\n<title>Vartojimo paskolos internetu per 15 min - Bankweb.com<\/title>\n<meta name=\"description\" content=\"Vartojimo paskolos - gaukite paskol\u0105 be u\u017estato ir panaudokite j\u0105 savo reikm\u0117ms. Kaip gauti priva\u010di\u0105 paskol\u0105? Palyginkite \u012fvairias paskol\u0173\" \/>\n<meta name=\"robots\" content=\"index, follow, max-snippet:-1, max-image-preview:large, max-video-preview:-1\" \/>\n<link rel=\"canonical\" href=\"https:\/\/www.bankweb.com\/lit\/vartojamosios-paskolos\/\" \/>\n<meta name=\"twitter:card\" content=\"summary\" \/>\n<meta name=\"twitter:title\" content=\"Vartojimo paskolos internetu per 15 min - Bankweb.com\" \/>\n<meta name=\"twitter:description\" content=\"Vartojimo paskolos - gaukite paskol\u0105 be u\u017estato ir panaudokite j\u0105 savo reikm\u0117ms. Kaip gauti priva\u010di\u0105 paskol\u0105? Palyginkite \u012fvairias paskol\u0173\" \/>\n<meta name=\"twitter:image\" content=\"https:\/\/www.bankweb.com\/lit\/wp-content\/uploads\/2018\/06\/Vartojamosios-paskolos.jpg\" \/>\n<meta name=\"twitter:label1\" content=\"Ber\u00e4knad l\u00e4stid\" \/>\n\t<meta name=\"twitter:data1\" content=\"6 minuter\" \/>\n<script type=\"application\/ld+json\" class=\"yoast-schema-graph\">{\"@context\":\"https:\/\/schema.org\",\"@graph\":[{\"@type\":\"WebSite\",\"@id\":\"https:\/\/www.bankweb.com\/lit\/#website\",\"url\":\"https:\/\/www.bankweb.com\/lit\/\",\"name\":\"Bankweb.com\",\"description\":\"\",\"potentialAction\":[{\"@type\":\"SearchAction\",\"target\":{\"@type\":\"EntryPoint\",\"urlTemplate\":\"https:\/\/www.bankweb.com\/lit\/?s={search_term_string}\"},\"query-input\":\"required name=search_term_string\"}],\"inLanguage\":\"sv-SE\"},{\"@type\":\"ImageObject\",\"inLanguage\":\"sv-SE\",\"@id\":\"https:\/\/www.bankweb.com\/lit\/vartojamosios-paskolos\/#primaryimage\",\"url\":\"https:\/\/www.bankweb.com\/lit\/wp-content\/uploads\/2018\/06\/Vartojamosios-paskolos.jpg\",\"contentUrl\":\"https:\/\/www.bankweb.com\/lit\/wp-content\/uploads\/2018\/06\/Vartojamosios-paskolos.jpg\",\"width\":1920,\"height\":860,\"caption\":\"Vartojamosios paskolos\"},{\"@type\":\"WebPage\",\"@id\":\"https:\/\/www.bankweb.com\/lit\/vartojamosios-paskolos\/\",\"url\":\"https:\/\/www.bankweb.com\/lit\/vartojamosios-paskolos\/\",\"name\":\"Vartojimo paskolos internetu per 15 min - Bankweb.com\",\"isPartOf\":{\"@id\":\"https:\/\/www.bankweb.com\/lit\/#website\"},\"primaryImageOfPage\":{\"@id\":\"https:\/\/www.bankweb.com\/lit\/vartojamosios-paskolos\/#primaryimage\"},\"datePublished\":\"2018-06-13T11:00:12+00:00\",\"dateModified\":\"2022-07-18T10:35:43+00:00\",\"description\":\"Vartojimo paskolos - gaukite paskol\u0105 be u\u017estato ir panaudokite j\u0105 savo reikm\u0117ms. Kaip gauti priva\u010di\u0105 paskol\u0105? Palyginkite \u012fvairias paskol\u0173\",\"breadcrumb\":{\"@id\":\"https:\/\/www.bankweb.com\/lit\/vartojamosios-paskolos\/#breadcrumb\"},\"inLanguage\":\"sv-SE\",\"potentialAction\":[{\"@type\":\"ReadAction\",\"target\":[\"https:\/\/www.bankweb.com\/lit\/vartojamosios-paskolos\/\"]}]},{\"@type\":\"BreadcrumbList\",\"@id\":\"https:\/\/www.bankweb.com\/lit\/vartojamosios-paskolos\/#breadcrumb\",\"itemListElement\":[{\"@type\":\"ListItem\",\"position\":1,\"name\":\"Hem\",\"item\":\"https:\/\/www.bankweb.com\/lit\/\"},{\"@type\":\"ListItem\",\"position\":2,\"name\":\"Vartojamosios paskolos\"}]}]}<\/script>\n<!-- \/ Yoast SEO plugin. -->","yoast_head_json":{"title":"Vartojimo paskolos internetu per 15 min - Bankweb.com","description":"Vartojimo paskolos - gaukite paskol\u0105 be u\u017estato ir panaudokite j\u0105 savo reikm\u0117ms. Kaip gauti priva\u010di\u0105 paskol\u0105? Palyginkite \u012fvairias paskol\u0173","robots":{"index":"index","follow":"follow","max-snippet":"max-snippet:-1","max-image-preview":"max-image-preview:large","max-video-preview":"max-video-preview:-1"},"canonical":"https:\/\/www.bankweb.com\/lit\/vartojamosios-paskolos\/","twitter_card":"summary","twitter_title":"Vartojimo paskolos internetu per 15 min - Bankweb.com","twitter_description":"Vartojimo paskolos - gaukite paskol\u0105 be u\u017estato ir panaudokite j\u0105 savo reikm\u0117ms. Kaip gauti priva\u010di\u0105 paskol\u0105? Palyginkite \u012fvairias paskol\u0173","twitter_image":"https:\/\/www.bankweb.com\/lit\/wp-content\/uploads\/2018\/06\/Vartojamosios-paskolos.jpg","twitter_misc":{"Ber\u00e4knad l\u00e4stid":"6 minuter"},"schema":{"@context":"https:\/\/schema.org","@graph":[{"@type":"WebSite","@id":"https:\/\/www.bankweb.com\/lit\/#website","url":"https:\/\/www.bankweb.com\/lit\/","name":"Bankweb.com","description":"","potentialAction":[{"@type":"SearchAction","target":{"@type":"EntryPoint","urlTemplate":"https:\/\/www.bankweb.com\/lit\/?s={search_term_string}"},"query-input":"required name=search_term_string"}],"inLanguage":"sv-SE"},{"@type":"ImageObject","inLanguage":"sv-SE","@id":"https:\/\/www.bankweb.com\/lit\/vartojamosios-paskolos\/#primaryimage","url":"https:\/\/www.bankweb.com\/lit\/wp-content\/uploads\/2018\/06\/Vartojamosios-paskolos.jpg","contentUrl":"https:\/\/www.bankweb.com\/lit\/wp-content\/uploads\/2018\/06\/Vartojamosios-paskolos.jpg","width":1920,"height":860,"caption":"Vartojamosios paskolos"},{"@type":"WebPage","@id":"https:\/\/www.bankweb.com\/lit\/vartojamosios-paskolos\/","url":"https:\/\/www.bankweb.com\/lit\/vartojamosios-paskolos\/","name":"Vartojimo paskolos internetu per 15 min - Bankweb.com","isPartOf":{"@id":"https:\/\/www.bankweb.com\/lit\/#website"},"primaryImageOfPage":{"@id":"https:\/\/www.bankweb.com\/lit\/vartojamosios-paskolos\/#primaryimage"},"datePublished":"2018-06-13T11:00:12+00:00","dateModified":"2022-07-18T10:35:43+00:00","description":"Vartojimo paskolos - gaukite paskol\u0105 be u\u017estato ir panaudokite j\u0105 savo reikm\u0117ms. Kaip gauti priva\u010di\u0105 paskol\u0105? Palyginkite \u012fvairias paskol\u0173","breadcrumb":{"@id":"https:\/\/www.bankweb.com\/lit\/vartojamosios-paskolos\/#breadcrumb"},"inLanguage":"sv-SE","potentialAction":[{"@type":"ReadAction","target":["https:\/\/www.bankweb.com\/lit\/vartojamosios-paskolos\/"]}]},{"@type":"BreadcrumbList","@id":"https:\/\/www.bankweb.com\/lit\/vartojamosios-paskolos\/#breadcrumb","itemListElement":[{"@type":"ListItem","position":1,"name":"Hem","item":"https:\/\/www.bankweb.com\/lit\/"},{"@type":"ListItem","position":2,"name":"Vartojamosios paskolos"}]}]}},"_links":{"self":[{"href":"https:\/\/www.bankweb.com\/lit\/wp-json\/wp\/v2\/pages\/5534","targetHints":{"allow":["GET"]}}],"collection":[{"href":"https:\/\/www.bankweb.com\/lit\/wp-json\/wp\/v2\/pages"}],"about":[{"href":"https:\/\/www.bankweb.com\/lit\/wp-json\/wp\/v2\/types\/page"}],"author":[{"embeddable":true,"href":"https:\/\/www.bankweb.com\/lit\/wp-json\/wp\/v2\/users\/1"}],"replies":[{"embeddable":true,"href":"https:\/\/www.bankweb.com\/lit\/wp-json\/wp\/v2\/comments?post=5534"}],"version-history":[{"count":10,"href":"https:\/\/www.bankweb.com\/lit\/wp-json\/wp\/v2\/pages\/5534\/revisions"}],"predecessor-version":[{"id":5610,"href":"https:\/\/www.bankweb.com\/lit\/wp-json\/wp\/v2\/pages\/5534\/revisions\/5610"}],"wp:attachment":[{"href":"https:\/\/www.bankweb.com\/lit\/wp-json\/wp\/v2\/media?parent=5534"}],"curies":[{"name":"wp","href":"https:\/\/api.w.org\/{rel}","templated":true}]}}