{"id":5509,"date":"2018-05-09T11:19:11","date_gmt":"2018-05-09T11:19:11","guid":{"rendered":"https:\/\/www.bankweb.com\/lit\/?page_id=5509"},"modified":"2022-07-18T10:31:17","modified_gmt":"2022-07-18T10:31:17","slug":"paskolo","status":"publish","type":"page","link":"https:\/\/www.bankweb.com\/lit\/paskolo\/","title":{"rendered":"Paskolo"},"content":{"rendered":"<p><script language=\"javascript\" type=\"text\/javascript\">\nfunction showHide(shID) {\n   if (document.getElementById(shID)) {\n      if (document.getElementById(shID+'-show').style.display != 'none') {\n         document.getElementById(shID+'-show').style.display = 'none';\n         document.getElementById(shID).style.display = 'inline';\n      }\n      else {\n         document.getElementById(shID+'-show').style.display = 'block';\n         document.getElementById(shID).style.display = 'none';\n      }\n   }\n}\n<\/script><\/p>\n<div class=\"entry\">\n<div class=\"blancoheader\">\n<h1 class=\"heading1 kredith1\">Paskolos Lietuvoje<\/h1>\n<\/div>\n<p class=\"ingresssnabblan\">Pastaruoju metu Lietuvoje itin pagaus\u0117jo \u012fvairi\u0173 reklam\u0173 apie paskolas, skolinim\u0105si bei greituosius kreditus, ir tai ypa\u010d pastebima prie\u0161 \u012fvairias \u0161ventes. Ne paslaptis, jog daugelis \u017emoni\u0173 Lietuvoje, nor\u0117dami pails\u0117ti, planuodami didesn\u0119 \u0161vent\u0119, toki\u0105 kaip vestuv\u0117s, ar rimt\u0105 pirkin\u012f, tok\u012f kaip automobilis, naudojasi \u012fvairi\u0173 paskol\u0173 pagalba.  <\/p>\n<p>&nbsp;<\/p>\n<div class=\"fullwidthlan\">\n<div class=\"social-col l\">\n<div class=\"imgblanco\"><span style=\"text-align: center; display: block; padding-bottom: 20px; color: black;\">Bank\u0173 pavyzd\u017eiai su kuriais mes lyginam\u0117s!<\/span> <img loading=\"lazy\" decoding=\"async\" src=\"\/lit\/wp-content\/uploads\/2017\/12\/rsz_paskolos.png\" alt=\"paskolos\" width=\"120\" height=\"30\" class=\"imgblanco\" \/><img loading=\"lazy\" decoding=\"async\" src=\"\/lit\/wp-content\/uploads\/2017\/12\/rsz_vivus-5.png\" alt=\"Vivus\" width=\"120\" height=\"30\" class=\"imgblanco\" \/><img loading=\"lazy\" decoding=\"async\" src=\"\/lit\/wp-content\/uploads\/2017\/12\/rsz_mano_paskola_png.png\" alt=\"mano_paskola\" width=\"120\" height=\"30\" class=\"imgblanco\" \/><img loading=\"lazy\" decoding=\"async\" src=\"\/lit\/wp-content\/uploads\/2017\/12\/rsz_logo-12.png\" alt=\"eurocredit\" width=\"120\" height=\"30\" class=\"imgblanco\" \/><img loading=\"lazy\" decoding=\"async\" src=\"\/lit\/wp-content\/uploads\/2017\/12\/rsz_i24cimgpsh_orig.png\" alt=\"bobutespaskola\" width=\"120\" height=\"30\" class=\"imgblanco\" \/><\/div>\n<\/div>\n<div class=\"c\"><\/div>\n<div class=\"social-colfaq\">\n<p class=\"howmuch\">\u0160tai kaip grupuojamos paskolos:<\/p>\n<ol>\n<li class=\"greenfront1\">Naudokite vir\u0161utin\u012f \u017eymekl\u012f paskolos dyd\u017eiui nustatyti .<\/li>\n<li class=\"greenfront1\">Apatin\u0117je eilut\u0117je \u012fveskite pageidautin\u0105 gr\u0105\u017einimo termin\u0105.<\/li>\n<li class=\"greenfront1\">I\u0161valyta! Nuo \u0161iol visos paskolos yra r\u016b\u0161iuojamos automati\u0161kai.<\/li>\n<\/ol>\n<\/div>\n<\/div>\n<p><script type='text\/javascript' src='https:\/\/www.doaff.net\/publisherScript.js?c=hgz'><\/script><\/p>\n<p>&nbsp;<\/p>\n<h2>Paskolos internetu<\/h2>\n<p>I\u0161 ties\u0173 pats paskol\u0173 terminas gali b\u016bti skirstomas \u012f kelias skirtingas kategorijas, tokias kaip b\u016bsto, verslo paskolos, vartojimo kreditai, paskolos su \u012fvairiais u\u017estatais, lombardin\u0117s paskolos bei paskolos internetu. Visos jos pasi\u017eymi skirtingais aspektais ir, \u017einoma, naudojamos skirtingais atvejais bei joms taikomos skirtingos s\u0105lygos.<br \/>\n&nbsp;<br \/>\nB\u016bsto paskolos naudojamos tuomet, kai norima investuoti \u012f gyvenamosios vietos \u012fsigijim\u0105. Patogumo sumetimais tokios paskolos da\u017eniausiai sudaromos keliasde\u0161imties met\u0173 laikotarpiui ir yra mokamos dalimis tol, kol i\u0161mokama visa numatyta suma, pridedant susikaupusias pal\u016bkanas. Vartojimo kredit\u0173 paskolos da\u017eniausiai naudojamos planuojant \u0161iek tiek didesn\u012f pirkin\u012f ar norint padengti netik\u0117tai atsiradusias nenumatytas i\u0161laidas. Verslo paskolos naudojamos norint prad\u0117ti asmenin\u012f versl\u0105, sukaupti l\u0117\u0161\u0173 jo kapitalui arba siekiant j\u012f skatinti, pertvarkyti, ir gali b\u016bti suteikiamos ir fiziniams, ir juridiniams asmenims.<br \/>\n&nbsp;<br \/>\nVartojimo kreditai da\u017eniausiai skirstomi \u012f trumpalaikius, kuriuos skolinamasi trumpam laikotarpiui (pvz. m\u0117nesiui) ir ilgalaikius, kurie pagal numatytas s\u0105lygas turi b\u016bti gr\u0105\u017einami dalimis kiekvien\u0105 m\u0117nes\u012f, laikotarp\u012f i\u0161t\u0119siant iki met\u0173 ar keleri\u0173. Paskolos su \u012fvairiais u\u017estatais labiausiai priklauso nuo paties besiskolinan\u010diojo: atsi\u017evelgiant \u012f u\u017estatom\u0105 turt\u0105, tokia paskola gali b\u016bti suteikiama laikotarpiui, kurio pageidauja pats asmuo, \u012fvertin\u0119s savo paskolos gr\u0105\u017einimo galimybes.<br \/>\n&nbsp;<br \/>\n<img loading=\"lazy\" decoding=\"async\" src=\"\/lit\/wp-content\/uploads\/2017\/12\/statistics-2899919_1920-1024x393.jpg\" alt=\"Paskolos Lietuvoje\" width=\"580\" height=\"223\" class=\"alignnone size-large wp-image-5456\" srcset=\"https:\/\/www.bankweb.com\/lit\/wp-content\/uploads\/2017\/12\/statistics-2899919_1920-1024x393.jpg 1024w, https:\/\/www.bankweb.com\/lit\/wp-content\/uploads\/2017\/12\/statistics-2899919_1920-300x115.jpg 300w, https:\/\/www.bankweb.com\/lit\/wp-content\/uploads\/2017\/12\/statistics-2899919_1920-768x295.jpg 768w, https:\/\/www.bankweb.com\/lit\/wp-content\/uploads\/2017\/12\/statistics-2899919_1920.jpg 1920w\" sizes=\"auto, (max-width: 580px) 100vw, 580px\" \/><br \/>\n&nbsp;<br \/>\nLombardin\u0117s paskolos dar kitaip vadinamos smulkiaisiais kreditais, ir jos gali b\u016bti pa\u010dios \u012fvairiausios: Lietuvoje \u012f lombardus da\u017eniausiai pristatomi \u012fvair\u016bs juvelyriniai dirbiniai, brangieji metalai ir kiti pana\u0161\u016bs vertingi daiktai, kuri\u0173, gavus paskol\u0105, da\u017eniausiai nebeatsiimama. Paskolos internetu yra da\u017eniausia paskol\u0173 r\u016b\u0161is tiek Lietuvoje, tiek ir visame pasaulyje. Tokios paskolos teikiamos u\u017epild\u017eius tam tikras parai\u0161kas, pinigus pervedant \u012f asmens banko s\u0105skait\u0105.<br \/>\n&nbsp;<br \/>\nTai \u2014 gerokai paprastesnis ir greitesnis b\u016bdas gauti paskol\u0105 banke. Lietuvoje populiariausia paskol\u0173 r\u016b\u0161imi i\u0161lieka greitieji kreditai: 2016 m. \u0161iuo b\u016bdu buvo pasiskolinta daugiau negu 61 milijonas eur\u0173.<br \/>\nLietuvoje veikia ir ne viena vadinamoji tarpusavio skolinimosi platforma. Tokios platformos pasaulyje, o tiksliau, Did\u017eiojoje Britanijoje, atsirado ma\u017edaug 2005-aisiais, o m\u016bs\u0173 \u0161alyje \u2014 bent geru de\u0161imtme\u010diu v\u0117liau. 2017 m. duomenimis, \u0161iuo metu Lietuvoje veikia 5 tokios platformos: Paskol\u0173 klubas, Savy, Lenndy, Manu ir Finans\u0173 bit\u0117. \u0160ios platformos kartais vadinamos tam tikru i\u0161sigelb\u0117jimu nuo greit\u0173j\u0173 kredit\u0173, ir veikia paprastu principu, kuomet virtualioje erdv\u0117je galima paskolinti savo turimus pinigus kitiems asmenims, kurie neb\u016btinai turi b\u016bti privat\u016bs. \u012edomu tai, jog tokios platformos dabar imtos suvokti kaip dar vienas optimalus b\u016bdas \u012fdarbinti savo asmeninius pinigus, ir, kuomet kiti skolinasi i\u0161 toki\u0173 platform\u0173, gauti pal\u016bkanas bei u\u017edirbti nieko nedarant.<br \/>\n&nbsp;<br \/>\n\u0160i\u0173 platform\u0173 veikimo procesas taip pat gan\u0117tinai paprastas: nor\u0117dami investuoti pinigus platformoje, pirmiausiai turite atsidaryti savo asmenin\u0119 paskyr\u0105, kuri dar kitaip vadinama s\u0105skaita, tiksliai identifikuojant save, ir pervesti toki\u0105 pinig\u0173 sum\u0105, koki\u0105 ketinate investuoti. Galite leisti platformai nuspr\u0119sti u\u017e jus, <a href=\"https:\/\/www.bankweb.com\/lit\/automobiliams\/\">automati\u0161kai<\/a>, kur tiksliai investuojate pinigus, arba galite rinktis pats. Siekiant didesnio patikimumo, tokius norin\u010dius investuoti platformose asmenis visuomet patikrina Sodra, ir pagal tai sudaromas tam tikras patikimumo reitingas.<br \/>\n&nbsp;<br \/>\nTokie investavimo \u012f tarpusavio platformas veiksmai kitaip vadinami refinansavimu, ir m\u016bs\u0173 \u0161alyje itin i\u0161populiar\u0117jo 2016 m., kuomet platform\u0173 klient\u0173 skai\u010dius pasiek\u0117 beveik 4 t\u016bkstan\u010dius. Vis d\u0117lto, jeigu nuspr\u0119site investuoti savo pinigus \u012f tarpusavio skolinimo platformas, tur\u0117kite mintyje tai, jog tam tikra rizija vis tiek i\u0161lieka.<br \/>\n&nbsp;<br \/>\nGali b\u016bti, jog j\u016bs\u0173 investuota suma nesulauks tokios gr\u0105\u017eos, kokios tikit\u0117s, o kai kuriais atvejais ji gali b\u016bti net ir nuostolinga, tod\u0117l pirmiausiai, prie\u0161 nuspr\u0119sdami prad\u0117ti \u0161i\u0105 veikl\u0105, \u012fvertinkite galimus neapibr\u0117\u017etumus, tokius kaip paskolos gav\u0117jo pasirinkimas, nemokios paskolos bei atidus pa\u010dios platformos pasirinkimas. Vis d\u0117lto, vertinant skolinimosi bei paslaug\u0173 situacij\u0105 m\u016bs\u0173 \u0161alyje, ekspertai teigia, jog tarpusavio skolinimo platformos i\u0161lieka ne tik vienu i\u0161 populiariausi\u0173, bet taip pat ir palankiausi\u0173 skolinimosi b\u016bd\u0173.<br \/>\n&nbsp;<\/p>\n<h2>Vartojamoji paskola<\/h2>\n<p>Norintiems gauti paskolas, analizuojant esamas galimybes, da\u017enai kyla klausimas, kur i\u0161 ties\u0173 geriau skolintis \u2014 banke ar kredito unijoje? Lietuvoje \u0161iuo metu veikia 75 kredito unijos, ir pastaraisiais metais pastebimas didesnis susidom\u0117jimas jomis ne tik asmeniniame, bet taip pat ir verslo sektoriuje: tam \u012ftakos neabejotinai tur\u0117jo suma\u017e\u0117jusios bank\u0173 teikiamos pal\u016bkanos: kredito unijos privatiems asmenims si\u016blo 4 &#8211; 5 procentus siekan\u010dias pal\u016bkanas, o verslui \u2014 net 7 procentus, tuo tarpu bank\u0173 sektorius \u2014 tik 1 &#8211; 2 procent\u0173 pal\u016bkanas.<br \/>\n&nbsp;<br \/>\nNe\u017einantiems ar nesusid\u016brusiems su kredito unijomis, reikia pabr\u0117\u017eti, jog j\u0173 veikla grind\u017eiama  ind\u0117liais. Tai \u2014 pagrindinis pinig\u0173 \u0161altinis, apdraustas valstyb\u0117s tokiomis pa\u010diomis s\u0105lygomis, kaip tai daroma bankuose. Verta pamin\u0117ti, jog svarstantieji skolintis pinig\u0173 i\u0161 kredito unij\u0173 tur\u0117t\u0173 \u017einoti, kad siekdamos i\u0161likti konkurencingos rinkoje, kredito unijos, nor\u0117damos i\u0161vengti galim\u0173 nuostoli\u0173, gautas l\u0117\u0161as kartais investuoja su didesne rizika.<br \/>\n&nbsp;<br \/>\n<img loading=\"lazy\" decoding=\"async\" src=\"\/lit\/wp-content\/uploads\/2017\/12\/man-2140606_1920-1024x667.jpg\" alt=\"Paskolos\" width=\"580\" height=\"378\" class=\"alignnone size-large wp-image-5455\" srcset=\"https:\/\/www.bankweb.com\/lit\/wp-content\/uploads\/2017\/12\/man-2140606_1920-1024x667.jpg 1024w, https:\/\/www.bankweb.com\/lit\/wp-content\/uploads\/2017\/12\/man-2140606_1920-300x195.jpg 300w, https:\/\/www.bankweb.com\/lit\/wp-content\/uploads\/2017\/12\/man-2140606_1920-768x500.jpg 768w, https:\/\/www.bankweb.com\/lit\/wp-content\/uploads\/2017\/12\/man-2140606_1920.jpg 1920w\" sizes=\"auto, (max-width: 580px) 100vw, 580px\" \/><br \/>\n&nbsp;<br \/>\nKredito unijos konkuruoti su bankais, kaip \u017einia, neturi galimybi\u0173 pirmiausiai d\u0117l savo dyd\u017eio, ta\u010diau rizikingesnis investavimas leid\u017eia joms pasi\u016blyti klientams didesnes pal\u016bkanas. Tiesa, norint gauti paskolas kredito unijose, galioja tam tikros specialios taisykl\u0117s: paskolos teikiamos tik tiems asmenims, kurie oficialiai yra unijos nariai, dar kitaip vadinami dalininkais. Taip pat vert\u0117t\u0173 nepamir\u0161ti, kad kredito unijos savo veiklas vykdo tik apibr\u0117\u017etuose regionuose.<br \/>\n&nbsp;<\/p>\n<h3>Greitas kreditas<\/h3>\n<p>Kaip jau supratote, b\u016bd\u0173 gauti paskolai yra i\u0161 ties\u0173 nema\u017eai, o norientiems telieka pasirinkti jiems labiausiai tinkant\u012f. Vis d\u0117lto, norint gauti paskol\u0105, asmenys pirmiausiai \u012fvertinami pagal daugiau negu 50 skirting\u0173 kriterij\u0173, toki\u0173 kaip pajam\u0173 dydis, j\u0173 geb\u0117jimas gr\u0105\u017einti skolas, remiantis istorija, elgsenos analizavimas ir t.t. Svarbu i\u0161sia\u0161kinti, koks yra asmens, norin\u010dio imti paskol\u0105, geb\u0117jimas mok\u0117ti skol\u0105, taigi, sudaromi tam tikri toki\u0173 asmen\u0173 kreditingumo \u012fvertinimai.<br \/>\n&nbsp;<br \/>\nTai b\u016btina, norint \u012fvertinti asmens, iman\u010dio paskol\u0105, rizikos lyg\u012f. Ekspertai \u0161iuo atveju taip pat naudoja vadinamuosius ekspertinius ir statistinius modelius, kiekvienu paskolos \u0117mimo atveju asmen\u012f vertinant ir analizuojant individualiai. Taip pat norime pabr\u0117\u017eti, jog pagal Lietuvos \u012fstatymus, visos <a href=\"https:\/\/www.bankweb.com\/lit\/vartojamosios-paskolos\/\">vartojimo kreditus<\/a> teikian\u010dios institucijos yra \u012fgaliotos nurodyti bendr\u0105 vartojimo kredito kainos metin\u0119 norm\u0105, vadinam\u0105j\u012f BVKKMN, kuris nurodo, kokia yra tikroji kredito kaina konkre\u010diai jums. Tai gali pad\u0117ti nuspr\u0119sti, kurios bendrov\u0117s, teikian\u010dios paskolas, s\u0105lygos skolinantis bus jums palankiausios i\u0161 vis\u0173 kit\u0173.<br \/>\n&nbsp;<br \/>\nAp\u017evelgus svarbiausius veiksmus, kuri\u0173 imamasi prie\u0161 teikiant paskolas, reikia pabr\u0117\u017eti, jog pastaraisiais metais itin sugrie\u017et\u0117jo paskol\u0173 b\u016bstams teikimo s\u0105lygos. Lietuvos bankas pateik\u0117 si\u016blymus trumpinti b\u016bsto paskolos termin\u0105 net de\u0161im\u010dia met\u0173 (nuo 40 iki 30), ir, be kita ko, nei\u0161duoti paskolos b\u016bstui tokiems asmenims, kurie apskai\u010diavus nesugeb\u0117t\u0173 i\u0161simok\u0117ti, jeigu pal\u016bkan\u0173 norma pakilt\u0173 5 procentais. \u012e \u0161ias nuostatas d\u0117mes\u012f itin reik\u0117t\u0173 atkreipti savo pirm\u0105j\u012f b\u016bst\u0105 planuojantiems \u012fsigyti asmenims.<br \/>\n&nbsp;<br \/>\n<img loading=\"lazy\" decoding=\"async\" src=\"\/lit\/wp-content\/uploads\/2017\/12\/euro-870757_1920-1024x683.jpg\" alt=\"Pastaruoju metu Lietuvoje\" width=\"580\" height=\"387\" class=\"alignnone size-large wp-image-5454\" srcset=\"https:\/\/www.bankweb.com\/lit\/wp-content\/uploads\/2017\/12\/euro-870757_1920-1024x683.jpg 1024w, https:\/\/www.bankweb.com\/lit\/wp-content\/uploads\/2017\/12\/euro-870757_1920-300x200.jpg 300w, https:\/\/www.bankweb.com\/lit\/wp-content\/uploads\/2017\/12\/euro-870757_1920-768x512.jpg 768w, https:\/\/www.bankweb.com\/lit\/wp-content\/uploads\/2017\/12\/euro-870757_1920.jpg 1920w\" sizes=\"auto, (max-width: 580px) 100vw, 580px\" \/><br \/>\n&nbsp;<br \/>\nLietuvos bankas teigia, jog tokios pataisos gerokai suma\u017eins gyventoj\u0173 ilgalaikio prasiskolinimo rizik\u0105, taip ma\u017einant galim\u0173 pal\u016bkan\u0173 pasikeitim\u0173 darom\u0105 \u012ftak\u0105. Pagal nauj\u0105j\u0105 tvark\u0105, dabar, norint gauti paskol\u0105 bei kredit\u0105 fiksuotoms pal\u016bkanoms visam numatytam terminui, asmens pajam\u0173 ir \u012fsipareigojim\u0173 santykio apibr\u0117\u017eimui bei nustatymui bus pasitelkiamos fiksuotos \u2014 nekintan\u010dios \u2014 pal\u016bkanos. Visi pakeitimai turi u\u017etikrinti, jog paskol\u0173 \u012fmok\u0173 v\u0117lavimai nuo \u0161iol bus kur kas retesni.<br \/>\n&nbsp;<br \/>\nLietuvoje buvo nuspr\u0119sta taikyti \u0161i\u0105 praktik\u0105 remiantis ger\u0105ja kit\u0173 \u0161ali\u0173, toki\u0173 kaip Pranc\u016bzija, Suomija, Bulgarija, Portugalija, Kanada praktika, kur paskolos gr\u0105\u017einimo laikotarpis i\u0161 ties\u0173 yra dar trumpesnis \u2014 tik 25 metai.<br \/>\nBe to, ir patys imti paskolas planuojantys asmenys tur\u0117t\u0173 \u012fvertinti savo galimybes. Kartais, kai itin norima \u012fsigyti tam tikr\u0105 didesn\u012f pirkin\u012f, sprendimai daromi iki galo neapgalvojus vis\u0173 svarbi\u0173 aspekt\u0173. Tai taip pat rei\u0161kia, jog galb\u016bt \u0161iek tiek palaukus ir susitaupius pinig\u0173 norimam pirkiniui, j\u016bs\u0173 finansin\u0117 laisv\u0117 neb\u016bt\u0173 suvar\u017eyta paskolos gr\u0105\u017einimu.<br \/>\n&nbsp;<br \/>\nVisada svarbu geb\u0117ti \u012fsivertinti, ar tikrai gal\u0117site laiku vykdyti visus j\u016bs\u0173 laukian\u010dius finansinius \u012fsipareigojimus. Daugeliu atveju tai priklauso nuo gaunam\u0173 pajam\u0173 stabilumo. Naudojantis \u012fvairiomis paskol\u0173 skai\u010duokl\u0117mis, kurias  nesunkiai galite rasti internete, galima tiksliai apskai\u010diuoti, kokias \u012fmokas jums mok\u0117ti bus palankiausia. Ne paslaptis, jog verta atid\u017eiai i\u0161analizuoti visas papildomas s\u0105lygas, kurios numatomos prie\u0161 suteikiant paskol\u0105.<br \/>\n&nbsp;<br \/>\nTur\u0117kite mintyje, jog u\u017e itin ger\u0173 pasi\u016blym\u0173 da\u017enai gali sl\u0117ptis tam tikri pasl\u0117pti papildomi mokes\u010diai, tokie kaip skolos administravimo, sudarymo ar aptarnavimo i\u0161laidos, kurie \u012fpareigos jus mok\u0117ti daugiau, jums to n\u0117 ne\u017einant. <\/p>\n<\/div>\n","protected":false},"excerpt":{"rendered":"<p>Paskolos Lietuvoje Pastaruoju metu Lietuvoje itin pagaus\u0117jo \u012fvairi\u0173 reklam\u0173 apie paskolas, skolinim\u0105si bei greituosius kreditus, ir tai ypa\u010d pastebima prie\u0161 \u012fvairias \u0161ventes. Ne paslaptis, jog daugelis \u017emoni\u0173 Lietuvoje, nor\u0117dami pails\u0117ti, planuodami didesn\u0119 \u0161vent\u0119, toki\u0105 kaip vestuv\u0117s, ar rimt\u0105 pirkin\u012f, tok\u012f [&hellip;]<\/p>\n","protected":false},"author":1,"featured_media":0,"parent":0,"menu_order":0,"comment_status":"closed","ping_status":"closed","template":"","meta":{"footnotes":""},"class_list":["post-5509","page","type-page","status-publish","hentry"],"yoast_head":"<!-- This site is optimized with the Yoast SEO plugin v19.3 - https:\/\/yoast.com\/wordpress\/plugins\/seo\/ -->\n<title>Greitos paskolos internetu - Vartojimo paskol\u0173 palyginimas - bankweb.com<\/title>\n<meta name=\"description\" content=\"Paskolos kreditai internetu vis\u0105 par\u0105. Vartojimo paskola internetu. Kreditai internetu. Greitieji kreditai internetu. Ilgalaikis kreditas. Paskol\u0105 galima gauti per 10 minu\u010di\u0173. Paskolos be u\u017estato ar laidavimo.\" \/>\n<meta name=\"robots\" content=\"index, follow, max-snippet:-1, max-image-preview:large, max-video-preview:-1\" \/>\n<link rel=\"canonical\" href=\"https:\/\/www.bankweb.com\/lit\/paskolo\/\" \/>\n<meta name=\"twitter:card\" content=\"summary\" \/>\n<meta name=\"twitter:title\" content=\"Greitos paskolos internetu - Vartojimo paskol\u0173 palyginimas - bankweb.com\" \/>\n<meta name=\"twitter:description\" content=\"Paskolos kreditai internetu vis\u0105 par\u0105. Vartojimo paskola internetu. Kreditai internetu. Greitieji kreditai internetu. Ilgalaikis kreditas. Paskol\u0105 galima gauti per 10 minu\u010di\u0173. Paskolos be u\u017estato ar laidavimo.\" \/>\n<meta name=\"twitter:image\" content=\"https:\/\/www.bankweb.com\/lit\/wp-content\/uploads\/2017\/12\/rsz_paskolos.png\" \/>\n<meta name=\"twitter:label1\" content=\"Ber\u00e4knad l\u00e4stid\" \/>\n\t<meta name=\"twitter:data1\" content=\"7 minuter\" \/>\n<script type=\"application\/ld+json\" class=\"yoast-schema-graph\">{\"@context\":\"https:\/\/schema.org\",\"@graph\":[{\"@type\":\"WebSite\",\"@id\":\"https:\/\/www.bankweb.com\/lit\/#website\",\"url\":\"https:\/\/www.bankweb.com\/lit\/\",\"name\":\"Bankweb.com\",\"description\":\"\",\"potentialAction\":[{\"@type\":\"SearchAction\",\"target\":{\"@type\":\"EntryPoint\",\"urlTemplate\":\"https:\/\/www.bankweb.com\/lit\/?s={search_term_string}\"},\"query-input\":\"required name=search_term_string\"}],\"inLanguage\":\"sv-SE\"},{\"@type\":\"WebPage\",\"@id\":\"https:\/\/www.bankweb.com\/lit\/paskolo\/\",\"url\":\"https:\/\/www.bankweb.com\/lit\/paskolo\/\",\"name\":\"Greitos paskolos internetu - Vartojimo paskol\u0173 palyginimas - bankweb.com\",\"isPartOf\":{\"@id\":\"https:\/\/www.bankweb.com\/lit\/#website\"},\"datePublished\":\"2018-05-09T11:19:11+00:00\",\"dateModified\":\"2022-07-18T10:31:17+00:00\",\"description\":\"Paskolos kreditai internetu vis\u0105 par\u0105. Vartojimo paskola internetu. Kreditai internetu. Greitieji kreditai internetu. Ilgalaikis kreditas. Paskol\u0105 galima gauti per 10 minu\u010di\u0173. Paskolos be u\u017estato ar laidavimo.\",\"breadcrumb\":{\"@id\":\"https:\/\/www.bankweb.com\/lit\/paskolo\/#breadcrumb\"},\"inLanguage\":\"sv-SE\",\"potentialAction\":[{\"@type\":\"ReadAction\",\"target\":[\"https:\/\/www.bankweb.com\/lit\/paskolo\/\"]}]},{\"@type\":\"BreadcrumbList\",\"@id\":\"https:\/\/www.bankweb.com\/lit\/paskolo\/#breadcrumb\",\"itemListElement\":[{\"@type\":\"ListItem\",\"position\":1,\"name\":\"Hem\",\"item\":\"https:\/\/www.bankweb.com\/lit\/\"},{\"@type\":\"ListItem\",\"position\":2,\"name\":\"Paskolo\"}]}]}<\/script>\n<!-- \/ Yoast SEO plugin. -->","yoast_head_json":{"title":"Greitos paskolos internetu - Vartojimo paskol\u0173 palyginimas - bankweb.com","description":"Paskolos kreditai internetu vis\u0105 par\u0105. Vartojimo paskola internetu. Kreditai internetu. Greitieji kreditai internetu. Ilgalaikis kreditas. Paskol\u0105 galima gauti per 10 minu\u010di\u0173. Paskolos be u\u017estato ar laidavimo.","robots":{"index":"index","follow":"follow","max-snippet":"max-snippet:-1","max-image-preview":"max-image-preview:large","max-video-preview":"max-video-preview:-1"},"canonical":"https:\/\/www.bankweb.com\/lit\/paskolo\/","twitter_card":"summary","twitter_title":"Greitos paskolos internetu - Vartojimo paskol\u0173 palyginimas - bankweb.com","twitter_description":"Paskolos kreditai internetu vis\u0105 par\u0105. Vartojimo paskola internetu. Kreditai internetu. Greitieji kreditai internetu. Ilgalaikis kreditas. Paskol\u0105 galima gauti per 10 minu\u010di\u0173. Paskolos be u\u017estato ar laidavimo.","twitter_image":"https:\/\/www.bankweb.com\/lit\/wp-content\/uploads\/2017\/12\/rsz_paskolos.png","twitter_misc":{"Ber\u00e4knad l\u00e4stid":"7 minuter"},"schema":{"@context":"https:\/\/schema.org","@graph":[{"@type":"WebSite","@id":"https:\/\/www.bankweb.com\/lit\/#website","url":"https:\/\/www.bankweb.com\/lit\/","name":"Bankweb.com","description":"","potentialAction":[{"@type":"SearchAction","target":{"@type":"EntryPoint","urlTemplate":"https:\/\/www.bankweb.com\/lit\/?s={search_term_string}"},"query-input":"required name=search_term_string"}],"inLanguage":"sv-SE"},{"@type":"WebPage","@id":"https:\/\/www.bankweb.com\/lit\/paskolo\/","url":"https:\/\/www.bankweb.com\/lit\/paskolo\/","name":"Greitos paskolos internetu - Vartojimo paskol\u0173 palyginimas - bankweb.com","isPartOf":{"@id":"https:\/\/www.bankweb.com\/lit\/#website"},"datePublished":"2018-05-09T11:19:11+00:00","dateModified":"2022-07-18T10:31:17+00:00","description":"Paskolos kreditai internetu vis\u0105 par\u0105. Vartojimo paskola internetu. Kreditai internetu. Greitieji kreditai internetu. Ilgalaikis kreditas. Paskol\u0105 galima gauti per 10 minu\u010di\u0173. Paskolos be u\u017estato ar laidavimo.","breadcrumb":{"@id":"https:\/\/www.bankweb.com\/lit\/paskolo\/#breadcrumb"},"inLanguage":"sv-SE","potentialAction":[{"@type":"ReadAction","target":["https:\/\/www.bankweb.com\/lit\/paskolo\/"]}]},{"@type":"BreadcrumbList","@id":"https:\/\/www.bankweb.com\/lit\/paskolo\/#breadcrumb","itemListElement":[{"@type":"ListItem","position":1,"name":"Hem","item":"https:\/\/www.bankweb.com\/lit\/"},{"@type":"ListItem","position":2,"name":"Paskolo"}]}]}},"_links":{"self":[{"href":"https:\/\/www.bankweb.com\/lit\/wp-json\/wp\/v2\/pages\/5509","targetHints":{"allow":["GET"]}}],"collection":[{"href":"https:\/\/www.bankweb.com\/lit\/wp-json\/wp\/v2\/pages"}],"about":[{"href":"https:\/\/www.bankweb.com\/lit\/wp-json\/wp\/v2\/types\/page"}],"author":[{"embeddable":true,"href":"https:\/\/www.bankweb.com\/lit\/wp-json\/wp\/v2\/users\/1"}],"replies":[{"embeddable":true,"href":"https:\/\/www.bankweb.com\/lit\/wp-json\/wp\/v2\/comments?post=5509"}],"version-history":[{"count":7,"href":"https:\/\/www.bankweb.com\/lit\/wp-json\/wp\/v2\/pages\/5509\/revisions"}],"predecessor-version":[{"id":5608,"href":"https:\/\/www.bankweb.com\/lit\/wp-json\/wp\/v2\/pages\/5509\/revisions\/5608"}],"wp:attachment":[{"href":"https:\/\/www.bankweb.com\/lit\/wp-json\/wp\/v2\/media?parent=5509"}],"curies":[{"name":"wp","href":"https:\/\/api.w.org\/{rel}","templated":true}]}}