{"id":5458,"date":"2017-12-06T09:07:27","date_gmt":"2017-12-06T09:07:27","guid":{"rendered":"http:\/\/www.bankweb.com\/lit\/?page_id=5458"},"modified":"2018-05-21T06:59:53","modified_gmt":"2018-05-21T06:59:53","slug":"kontaktai","status":"publish","type":"page","link":"https:\/\/www.bankweb.com\/lit\/kontaktai\/","title":{"rendered":"kontaktai"},"content":{"rendered":"<h1 class=\"kredith1\">Kas mes esame?<\/h1>\n<p>Bankweb tinklalapis priklauso ir yra valdomas akcin\u0117s bendrov\u0117s Turneround Webb, tinklalapi\u0173 produkcijos kompanijos \u0160vedijoje. Jonas Larsson ir Emma Larsson nuolat kuria ir vysto tinklalap\u012f, o Emma yra kokyb\u0117s bei turinio vadybinink\u0117. Emma turi ra\u0161ytojos patirties, kuri\u0105, sujungus su jos itin dideliu susidom\u0117jimu priva\u010diais finansais, u\u017etikrinamas aktuali\u0173 analiz\u0117s straipsni\u0173 bei naujien\u0173 vartotojams teikimas.<br \/>\n&nbsp;<\/p>\n<p>Jonas yra kompanijos generalinis direktorius, taip pat atsakingas u\u017e Bankweb straipsni\u0173 publikavim\u0105, be kita ko turintis daug patirties internetin\u0117je erdv\u0117je ir bei net 15 met\u0173 aktyviai kaupia patirt\u012f finasin\u0117se rinkose.  <\/p>\n<p>&nbsp;<br \/>\nNor\u0117dami su mumis susisiekti, ra\u0161ykite elektroniniu pa\u0161tu info@tw.se<\/p>\n","protected":false},"excerpt":{"rendered":"<p>Kas mes esame? Bankweb tinklalapis priklauso ir yra valdomas akcin\u0117s bendrov\u0117s Turneround Webb, tinklalapi\u0173 produkcijos kompanijos \u0160vedijoje. Jonas Larsson ir Emma Larsson nuolat kuria ir vysto tinklalap\u012f, o Emma yra kokyb\u0117s bei turinio vadybinink\u0117. Emma turi ra\u0161ytojos patirties, kuri\u0105, sujungus [&hellip;]<\/p>\n","protected":false},"author":1,"featured_media":0,"parent":0,"menu_order":0,"comment_status":"closed","ping_status":"closed","template":"","meta":{"footnotes":""},"class_list":["post-5458","page","type-page","status-publish","hentry"],"yoast_head":"<!-- This site is optimized with the Yoast SEO plugin v19.3 - https:\/\/yoast.com\/wordpress\/plugins\/seo\/ -->\n<title>kontaktai - Bankweb.com<\/title>\n<meta name=\"robots\" content=\"index, follow, max-snippet:-1, max-image-preview:large, max-video-preview:-1\" \/>\n<link rel=\"canonical\" href=\"https:\/\/www.bankweb.com\/lit\/kontaktai\/\" \/>\n<meta name=\"twitter:card\" content=\"summary\" \/>\n<meta name=\"twitter:title\" content=\"kontaktai - Bankweb.com\" \/>\n<meta name=\"twitter:description\" content=\"Kas mes esame? Bankweb tinklalapis priklauso ir yra valdomas akcin\u0117s bendrov\u0117s Turneround Webb, tinklalapi\u0173 produkcijos kompanijos \u0160vedijoje. Jonas Larsson ir Emma Larsson nuolat kuria ir vysto tinklalap\u012f, o Emma yra kokyb\u0117s bei turinio vadybinink\u0117. Emma turi ra\u0161ytojos patirties, kuri\u0105, sujungus [&hellip;]\" \/>\n<meta name=\"twitter:label1\" content=\"Ber\u00e4knad l\u00e4stid\" \/>\n\t<meta name=\"twitter:data1\" content=\"1 minut\" \/>\n<script type=\"application\/ld+json\" class=\"yoast-schema-graph\">{\"@context\":\"https:\/\/schema.org\",\"@graph\":[{\"@type\":\"WebSite\",\"@id\":\"https:\/\/www.bankweb.com\/lit\/#website\",\"url\":\"https:\/\/www.bankweb.com\/lit\/\",\"name\":\"Bankweb.com\",\"description\":\"\",\"potentialAction\":[{\"@type\":\"SearchAction\",\"target\":{\"@type\":\"EntryPoint\",\"urlTemplate\":\"https:\/\/www.bankweb.com\/lit\/?s={search_term_string}\"},\"query-input\":\"required name=search_term_string\"}],\"inLanguage\":\"sv-SE\"},{\"@type\":\"WebPage\",\"@id\":\"https:\/\/www.bankweb.com\/lit\/kontaktai\/\",\"url\":\"https:\/\/www.bankweb.com\/lit\/kontaktai\/\",\"name\":\"kontaktai - Bankweb.com\",\"isPartOf\":{\"@id\":\"https:\/\/www.bankweb.com\/lit\/#website\"},\"datePublished\":\"2017-12-06T09:07:27+00:00\",\"dateModified\":\"2018-05-21T06:59:53+00:00\",\"breadcrumb\":{\"@id\":\"https:\/\/www.bankweb.com\/lit\/kontaktai\/#breadcrumb\"},\"inLanguage\":\"sv-SE\",\"potentialAction\":[{\"@type\":\"ReadAction\",\"target\":[\"https:\/\/www.bankweb.com\/lit\/kontaktai\/\"]}]},{\"@type\":\"BreadcrumbList\",\"@id\":\"https:\/\/www.bankweb.com\/lit\/kontaktai\/#breadcrumb\",\"itemListElement\":[{\"@type\":\"ListItem\",\"position\":1,\"name\":\"Hem\",\"item\":\"https:\/\/www.bankweb.com\/lit\/\"},{\"@type\":\"ListItem\",\"position\":2,\"name\":\"kontaktai\"}]}]}<\/script>\n<!-- \/ Yoast SEO plugin. -->","yoast_head_json":{"title":"kontaktai - Bankweb.com","robots":{"index":"index","follow":"follow","max-snippet":"max-snippet:-1","max-image-preview":"max-image-preview:large","max-video-preview":"max-video-preview:-1"},"canonical":"https:\/\/www.bankweb.com\/lit\/kontaktai\/","twitter_card":"summary","twitter_title":"kontaktai - Bankweb.com","twitter_description":"Kas mes esame? Bankweb tinklalapis priklauso ir yra valdomas akcin\u0117s bendrov\u0117s Turneround Webb, tinklalapi\u0173 produkcijos kompanijos \u0160vedijoje. Jonas Larsson ir Emma Larsson nuolat kuria ir vysto tinklalap\u012f, o Emma yra kokyb\u0117s bei turinio vadybinink\u0117. Emma turi ra\u0161ytojos patirties, kuri\u0105, sujungus [&hellip;]","twitter_misc":{"Ber\u00e4knad l\u00e4stid":"1 minut"},"schema":{"@context":"https:\/\/schema.org","@graph":[{"@type":"WebSite","@id":"https:\/\/www.bankweb.com\/lit\/#website","url":"https:\/\/www.bankweb.com\/lit\/","name":"Bankweb.com","description":"","potentialAction":[{"@type":"SearchAction","target":{"@type":"EntryPoint","urlTemplate":"https:\/\/www.bankweb.com\/lit\/?s={search_term_string}"},"query-input":"required name=search_term_string"}],"inLanguage":"sv-SE"},{"@type":"WebPage","@id":"https:\/\/www.bankweb.com\/lit\/kontaktai\/","url":"https:\/\/www.bankweb.com\/lit\/kontaktai\/","name":"kontaktai - Bankweb.com","isPartOf":{"@id":"https:\/\/www.bankweb.com\/lit\/#website"},"datePublished":"2017-12-06T09:07:27+00:00","dateModified":"2018-05-21T06:59:53+00:00","breadcrumb":{"@id":"https:\/\/www.bankweb.com\/lit\/kontaktai\/#breadcrumb"},"inLanguage":"sv-SE","potentialAction":[{"@type":"ReadAction","target":["https:\/\/www.bankweb.com\/lit\/kontaktai\/"]}]},{"@type":"BreadcrumbList","@id":"https:\/\/www.bankweb.com\/lit\/kontaktai\/#breadcrumb","itemListElement":[{"@type":"ListItem","position":1,"name":"Hem","item":"https:\/\/www.bankweb.com\/lit\/"},{"@type":"ListItem","position":2,"name":"kontaktai"}]}]}},"_links":{"self":[{"href":"https:\/\/www.bankweb.com\/lit\/wp-json\/wp\/v2\/pages\/5458","targetHints":{"allow":["GET"]}}],"collection":[{"href":"https:\/\/www.bankweb.com\/lit\/wp-json\/wp\/v2\/pages"}],"about":[{"href":"https:\/\/www.bankweb.com\/lit\/wp-json\/wp\/v2\/types\/page"}],"author":[{"embeddable":true,"href":"https:\/\/www.bankweb.com\/lit\/wp-json\/wp\/v2\/users\/1"}],"replies":[{"embeddable":true,"href":"https:\/\/www.bankweb.com\/lit\/wp-json\/wp\/v2\/comments?post=5458"}],"version-history":[{"count":4,"href":"https:\/\/www.bankweb.com\/lit\/wp-json\/wp\/v2\/pages\/5458\/revisions"}],"predecessor-version":[{"id":5523,"href":"https:\/\/www.bankweb.com\/lit\/wp-json\/wp\/v2\/pages\/5458\/revisions\/5523"}],"wp:attachment":[{"href":"https:\/\/www.bankweb.com\/lit\/wp-json\/wp\/v2\/media?parent=5458"}],"curies":[{"name":"wp","href":"https:\/\/api.w.org\/{rel}","templated":true}]}}