{"id":5203,"date":"2017-08-31T11:30:52","date_gmt":"2017-08-31T11:30:52","guid":{"rendered":"http:\/\/www.bankweb.com\/lit\/?page_id=5203"},"modified":"2018-06-13T11:41:05","modified_gmt":"2018-06-13T11:41:05","slug":"start","status":"publish","type":"page","link":"https:\/\/www.bankweb.com\/lit\/","title":{"rendered":"Start"},"content":{"rendered":"<div class=\"entryfullfront\">\n<p>    <!--------Slides------>    <\/p>\n<div class=\"carousel slide carousel-fade\" data-ride=\"carousel\">\n\t\t<!-- Wrapper for slides --><\/p>\n<div class=\"carousel-inner\" role=\"listbox\">\n<div class=\"item active\" style=\" background: url(\/lit\/images\/slide.jpg) no-repeat top center ;\">\n<div class=\"overlay\">\n<div class=\"ittembold\">\n<div class=\"caption\">Bankweb.com &#8211; <br \/>Palyginkite finansines paslaugas su Bankweb.com!<\/div>\n<p><a href=\"\" class=\"bluebtn\">Raskite pigiausi\u0105 paskol\u0105 &#8211; mes reitinguojame skolintojus pagal bendr\u0105 kain\u0105 <\/a><\/div>\n<\/div><\/div>\n<div class=\"item\" style=\" background: url(\/lit\/images\/slide.jpg) no-repeat top center ;\">\n<div class=\"overlay\">\n<div class=\"ittembold\">\n<div class=\"caption\">Bankweb.com &#8211; <br \/>Palyginkite finansines paslaugas su Bankweb.com<\/div>\n<p><a href=\"\"  class=\"bluebtn\">Raskite pigiausi\u0105 paskol\u0105 &#8211; mes reitinguojame skolintojus pagal bendr\u0105 kain\u0105 <\/a><\/div>\n<\/div><\/div>\n<\/p><\/div>\n<p>        <a class=\"left carouselbtn\" href=\".carousel\" role=\"button\" data-slide=\"prev\"><<\/a><br \/>\n        <a class=\"right carouselbtn\" href=\".carousel\" role=\"button\" data-slide=\"next\">><\/a><\/p><\/div>\n<\/div>\n<p>    <!---- below Image Blocks----><\/p>\n<div class=\"container\">\n<div class=\" homeblocks row\">\n<div class=\"col5\">\n<div class=\"inner\" style=\"background-color:#1ebee4;\">\n<div class=\"border\">\n<div class=\"image\" style=\"background: url(\/lit\/images\/personal_loan.png) no-repeat center center ;\"><\/div>\n<h3><a class=\"whitefront\" href=\"https:\/\/www.bankweb.com\/lit\/paskolo\/\">Paskolos<\/a><\/h3>\n<\/p><\/div>\n<\/p><\/div>\n<\/p><\/div>\n<div class=\"col5\">\n<div class=\"inner\" style=\"background-color:#9a51b9;\">\n<div class=\"border\">\n<div class=\"image\" style=\"background: url(\/lit\/images\/car_loan.png) no-repeat center center ;\"><\/div>\n<h3><a class=\"whitefront\" href=\"https:\/\/www.bankweb.com\/lit\/automobiliams\/\">Automobilio paskolos<\/a><\/h3>\n<\/p><\/div>\n<\/p><\/div>\n<\/p><\/div>\n<div class=\"col5\">\n<div class=\"inner\" style=\"background-color:#1ebee4;\">\n<div class=\"border\">\n<div class=\"image\" style=\"background: url(\/lit\/images\/quickloan.png) no-repeat center center ;\"><\/div>\n<h3><a class=\"whitefront\" href=\"https:\/\/www.bankweb.com\/lit\/vartojamosios-paskolos\/\">Vartojimo paskola<\/a><\/h3>\n<\/p><\/div>\n<\/p><\/div>\n<\/p><\/div>\n<\/p><\/div>\n<\/p><\/div>\n<\/p><\/div>\n<\/div>\n<p>&nbsp;<\/p>\n<h1>Paskolos ir kreditin\u0117s kortel\u0117s: \u012f k\u0105 atkreipti d\u0117mes\u012f?<\/h1>\n<p><a href=\"https:\/\/www.bankweb.com\/lit\/vartojamosios-paskolos\/\">Vartojamosios paskolos<\/a>, greitosios paskolos, paskolos verslui\u2026Kreditin\u0117s kortel\u0117s bei i\u0161ankstinio apmok\u0117jimo kortel\u0117s\u2026 Tai \u2014 terminai, su kuriais susiduriame beveik kas dien\u0105, ta\u010diau ar tikrai \u017einote, k\u0105 kiekvienas j\u0173 rei\u0161kia bei kokiais privalumais ar tr\u016bkumais pasi\u017eymi? Jeigu bent kiek dvejojate, esame pasiruo\u0161\u0119 Jums pad\u0117ti.<br \/>\n&nbsp;<\/p>\n<h2>Asmenin\u0117s paskolos<\/h2>\n<p><a href=\"https:\/\/www.bankweb.com\/lit\/paskolo\/\">Asmenin\u0117s paskolos<\/a> Lietuvoje pla\u010diau paplitusios kitu pavadinimu ir da\u017eniausiai vadinamos Vartojimo paskolomis. \u0160ios paskolos da\u017eniausiai b\u016bna orientuotos \u012f kliento asmeninius pirkinius ir skirtos vartojimo tikslams. Tokios paskolos Lietuvoje greitai suteikiamos internetu arba bank\u0173 padaliniuose, ta\u010diau svarbu tur\u0117ti mintyje, jog bankuose tokias vartojimo paskolas galima gauti gerokai didesnes.<br \/>\n&nbsp;<br \/>\nInstitucijos pabr\u0117\u017eia, jog vartojimo paskolos skiriasi nuo greit\u0173j\u0173 kredit\u0173, ir \u0161i\u0173 dviej\u0173 dalyk\u0173 nereik\u0117t\u0173 painioti. Svarbiausias skirtumas yra sumos, kuri\u0105 leid\u017eiama pasiskolinti tokiu b\u016bdu, dydis: su vartojimo paskolomis besidomintieji gali gauti net iki 10 t\u016bkstan\u010di\u0173 eur\u0173, tuo tarpu greitieji kreditai Jums garantuos nuo 500 iki 1000 eur\u0173.<br \/>\n&nbsp;<br \/>\nVartojamosios paskolos yra itin patrauklios klientams ne tik d\u0117l didesni\u0173 skolinimosi galimybi\u0173, ta\u010diau taip pat ir d\u0117l fakto, jog tokias paskolas galima gauti visi\u0161kai be jokio u\u017estato. Da\u017eniausiai \u017emon\u0117s Lietuvoje domisi vartojimo paskolomis nor\u0117dami pirkti <a href=\"https:\/\/www.bankweb.com\/lit\/automobiliams\/\">automobil\u012f<\/a>, naujus baldus, daryti nam\u0173 remontus, kai kurie \u2014 nor\u0117dami skirti pinigus kelion\u0117ms.<br \/>\n&nbsp;<br \/>\nSuteikdami vartojimo paskolas, bankai da\u017eniausiai nesir\u016bpina tuo, kur ir kokioms reikm\u0117ms \u017emon\u0117s planuoja i\u0161leisti pasiskolintus pinigus. Svarbiausiu dalyku i\u0161lieka paskolos gr\u0105\u017einimo termino laikymasis, kuris Lietuvoje svyruoja nuo 1 iki 5 met\u0173.<br \/>\n&nbsp;<br \/>\n<img loading=\"lazy\" decoding=\"async\" src=\"https:\/\/www.bankweb.com\/lit\/wp-content\/uploads\/2018\/05\/paskolos-1024x683.jpg\" alt=\"paskolos\" width=\"580\" height=\"387\" class=\"alignnone size-large wp-image-5527\" srcset=\"https:\/\/www.bankweb.com\/lit\/wp-content\/uploads\/2018\/05\/paskolos-1024x683.jpg 1024w, https:\/\/www.bankweb.com\/lit\/wp-content\/uploads\/2018\/05\/paskolos-300x200.jpg 300w, https:\/\/www.bankweb.com\/lit\/wp-content\/uploads\/2018\/05\/paskolos-768x512.jpg 768w, https:\/\/www.bankweb.com\/lit\/wp-content\/uploads\/2018\/05\/paskolos.jpg 1920w\" sizes=\"auto, (max-width: 580px) 100vw, 580px\" \/><br \/>\n&nbsp;<\/p>\n<h3>Greitosios paskolos<\/h3>\n<p>Greitosios paskolos Lietuvoje dar \u017einomos greit\u0173j\u0173 kredit\u0173 vardu, o po \u0161iuo pavadinimu slepiasi ir svarbiausias rakta\u017eodis: tokios paskolos i\u0161 kit\u0173 i\u0161siskiria b\u016btent savo greitumu. Tokios paskolos leid\u017eia pasiskolinti norim\u0105 pinig\u0173 sum\u0105 ne tik neatskleid\u017eiant planuojamos pinig\u0173 paskirties, ta\u010diau ir nemokant jokio pradinio \u012fna\u0161o.<br \/>\n&nbsp;<br \/>\nPriklausomai nuo to, i\u0161 kur skolinat\u0117s, paskol\u0105 da\u017enai galima gauti per visi\u0161kai trump\u0105 10 ar 15 minu\u010di\u0173 laikotarp\u012f, tuo tarpu toki\u0173 paskol\u0173 gr\u0105\u017einimo laikotarpis Lietuvoje gali t\u0119stis net iki 5 met\u0173. Reikia pamin\u0117ti, jog tokio ilgio laikotarpis vis d\u0117lto n\u0117ra tarp da\u017enai pasitaikan\u010di\u0173 atvej\u0173, ir da\u017eniausiai Lietuvoje paplit\u0119s greit\u0173j\u0173 kredit\u0173 gr\u0105\u017einimo periodas trunka nuo 30 iki 90 dien\u0173.<br \/>\n&nbsp;<br \/>\nVis d\u0117lto, svarbu atkreipti d\u0117mes\u012f \u012f tai, jog greitieji kreditai i\u0161 ties\u0173 laikomi gan\u0117tinai rizikingais, ir b\u016btent d\u0117l \u0161io fakto skolintojai siekia apsidrausti nuo galim\u0173 nuostuoli\u0173 \u2014 d\u0117l to besiskolinantiems da\u017eniausiai numatomos tikrai nema\u017eos pal\u016bkanos.<br \/>\n&nbsp;<br \/>\nKadangi <a href=\"https:\/\/www.bankweb.com\/lit\/paskolo\/\">greitieji kreditai<\/a> gaunami greitai, da\u017eniausiai parai\u0161kos jiems pildomos internetu. Atkreipiame J\u016bs\u0173 d\u0117mes\u012f \u012f tai, jog norint gauti greit\u0105j\u012f kredit\u0105 turite tur\u0117ti ir pastovias pajamas, ta\u010diau dabar Lietuvoje jau yra kompanij\u0173, si\u016blan\u010di\u0173 tokias paskolas bedarbiams ir net studentams. Svarbu ir tai, jog nesilaikant sutartyje numatyt\u0173 s\u0105lyg\u0173, gresia tikrai didel\u0117s baudos.<br \/>\n&nbsp;<\/p>\n<h4>Kreditin\u0117s kortel\u0117s \/ I\u0161ankstinio apmok\u0117jimo kortel\u0117s<\/h4>\n<p>Kreditin\u0117s kortel\u0117s tapo visi\u0161kai neatsiejamos nuo kasdienyb\u0117s, o ekspertai teigia, jog jeigu ie\u0161kote lankstumo, jos yra gerokai saugesnis pasirinkimas, lyginant su paskolomis. <a href=\"https:\/\/www.bankweb.com\/lit\/vartojamosios-paskolos\/\">Vartotojai Lietuvoje<\/a> itin m\u0117gsta kreditines korteles d\u0117l toki\u0173 dalyk\u0173 kaip \u012fvairios specialios nuolaidos, visi\u0161kai nesud\u0117tingas naudojimas ir, \u017einoma, nuolatinis pasiekiamumas. Be to, kadangi Lietuvoje toki\u0173 korteli\u0173 pasirinkimas yra itin platus, galima rasti atvej\u0173, kuomet si\u016blomos 0 procent\u0173 gr\u0105\u017einimo pal\u016bkanos.<br \/>\n&nbsp;<br \/>\n\u017dvelgiant bendrai, kreditin\u0117s kortel\u0117s buvo sukurtos siekiant kuo labiau supaprastinti ir suvienodinti tarptautinius mok\u0117jimus, o savo ki\u0161en\u0117je turint toki\u0105 kortel\u0119, jos teikiamus kreditus galima naudoti bet kur, kur b\u016bsite \u2014 d\u0117l to jos tokios populiarios tarp \u017emoni\u0173, kurie kelion\u0117se praleid\u017eia daug laiko.<br \/>\n&nbsp;<br \/>\n<img loading=\"lazy\" decoding=\"async\" src=\"https:\/\/www.bankweb.com\/lit\/wp-content\/uploads\/2018\/05\/Asmenines-paskolos-1024x728.png\" alt=\"Asmenines paskolos\" width=\"580\" height=\"412\" class=\"alignnone size-large wp-image-5528\" srcset=\"https:\/\/www.bankweb.com\/lit\/wp-content\/uploads\/2018\/05\/Asmenines-paskolos-1024x728.png 1024w, https:\/\/www.bankweb.com\/lit\/wp-content\/uploads\/2018\/05\/Asmenines-paskolos-300x213.png 300w, https:\/\/www.bankweb.com\/lit\/wp-content\/uploads\/2018\/05\/Asmenines-paskolos-768x546.png 768w, https:\/\/www.bankweb.com\/lit\/wp-content\/uploads\/2018\/05\/Asmenines-paskolos.png 1920w\" sizes=\"auto, (max-width: 580px) 100vw, 580px\" \/><br \/>\n&nbsp;<br \/>\nPana\u0161ios \u012f kreditines korteles \u2014 ir netgi veikian\u010dios beveik taip pat, kaip pastarosios \u2014 yra i\u0161ankstinio apmok\u0117jimo kortel\u0117s, kurios buvo sukurtos tiems \u017emon\u0117ms, kuriems aktualu tur\u0117ti kreditin\u0119 kortel\u0119, ta\u010diau d\u0117l vienoki\u0173 ar kitoki\u0173 prie\u017eas\u010di\u0173 negalintiems j\u0173 gauti.<br \/>\n&nbsp;<br \/>\nI\u0161ankstinio apmok\u0117jimo kortel\u0117s itin naudingos \u017emon\u0117ms, kurie neturi s\u0105skait\u0173 bankuose arba negauna pastovi\u0173 bei pakankam\u0173 pajam\u0173, reikaling\u0173 norint tur\u0117ti kreditin\u0119 kortel\u0119. Tokias korteles Lietuvoje, kaip ir visame pasaulyje, \u012fsigyti yra visai paprasta: reikia u\u017epildyti kelias formas, tuomet \u2014 sumok\u0117ti \u012fsigijimo mokest\u012f, ir galiausiai \u2014 \u012fd\u0117ti pinig\u0173 \u012f s\u0105skait\u0105, kurie atstoja kredit\u0105.<br \/>\n&nbsp;<br \/>\nVis d\u0117lto reik\u0117t\u0173 atkreipti d\u0117mes\u012f \u012f tai, jog i\u0161ankstinio apmok\u0117jimo kortel\u0117s \u012fsigijimas gali b\u016bti gan\u0117tinai brangus, ypa\u010d lyginant su kreditin\u0117mis kortel\u0117mis ir j\u0173 \u012fsigijimo s\u0105lygomis.<br \/>\n&nbsp;<\/p>\n<h4>Verslo paskolos<\/h4>\n<p>Norintys prad\u0117ti savo verslus ar tur\u0117ti daugiau galimybi\u0173 j\u0173 vystymui, bet jau\u010diantys tam tikr\u0105 pradini\u0173 l\u0117\u0161\u0173 tr\u016bkum\u0105, da\u017enai apsvarsto verslo paskol\u0173 variantus. Tokios paskolos da\u017eniausiai orientuotos \u012f smulkius ir vidutinius verslus bei j\u0173 finansavimus, ir suteikiamos tiek fiziniams, tiek ir juridiniams asmenims. Itin aktualus faktas, jog verslo paskol\u0173 gr\u0105\u017einimui gali b\u016bti suteikiamas atid\u0117jimas, siekiantis net vienerius metus.<br \/>\n&nbsp;<br \/>\nDa\u017eniausiai \u0161ios paskolos aktualiausios tokioms \u012fmon\u0117ms, kurios negali gauti banko kredito. Svarbiausias pliusas, renkantis verslo paskol\u0105, yra net kelet\u0105 kart\u0173 u\u017e rinkos vidurk\u012f ma\u017eesn\u0117s pal\u016bkanos. Lietuvoje itin daug d\u0117mesio skiriama net 25 t\u016bkstan\u010dius eur\u0173 siekian\u010dioms verslo paskoloms pagal \u201eVerslumo skatinimo 2014-2020\u201c plan\u0105, apie kur\u012f daugiau galima su\u017einoti net 42-iejose \u0161alyje veikian\u010diose kredito unijose.<\/p>\n","protected":false},"excerpt":{"rendered":"<p>Bankweb.com &#8211; Palyginkite finansines paslaugas su Bankweb.com! Raskite pigiausi\u0105 paskol\u0105 &#8211; mes reitinguojame skolintojus pagal bendr\u0105 kain\u0105 Bankweb.com &#8211; Palyginkite finansines paslaugas su Bankweb.com Raskite pigiausi\u0105 paskol\u0105 &#8211; mes reitinguojame skolintojus pagal bendr\u0105 kain\u0105 Paskolos Automobilio paskolos Vartojimo paskola &nbsp; [&hellip;]<\/p>\n","protected":false},"author":1,"featured_media":0,"parent":0,"menu_order":0,"comment_status":"closed","ping_status":"closed","template":"","meta":{"footnotes":""},"class_list":["post-5203","page","type-page","status-publish","hentry"],"yoast_head":"<!-- This site is optimized with the Yoast SEO plugin v19.3 - https:\/\/yoast.com\/wordpress\/plugins\/seo\/ -->\n<title>Paskolos internetu - Kod\u0117l rinktis paskol\u0105 internete?<\/title>\n<meta name=\"description\" content=\"Jei norite i\u0161sirinkti paskol\u0105, per\u017evelgti naujausiais paskol\u0173 akcijas. Apsilankykite portale Bankweb.com - M\u016bs\u0173 tikslas \u2013 pad\u0117ti susigaudyti pla\u010dioje kreditavimo bendrovi\u0173 rinkoje ir i\u0161sirinkti priimti geriausi\u0105 sprendim\u0105. Lietuvoje nuolat ple\u010diasi smulki\u0173j\u0173 kredit\u0173 bendrovi\u0173 s\u0105ra\u0161as, tod\u0117l profesionali pagalba\" \/>\n<meta name=\"robots\" content=\"index, follow, max-snippet:-1, max-image-preview:large, max-video-preview:-1\" \/>\n<link rel=\"canonical\" href=\"https:\/\/www.bankweb.com\/lit\/\" \/>\n<meta name=\"twitter:card\" content=\"summary\" \/>\n<meta name=\"twitter:title\" content=\"Paskolos internetu - Kod\u0117l rinktis paskol\u0105 internete?\" \/>\n<meta name=\"twitter:description\" content=\"Jei norite i\u0161sirinkti paskol\u0105, per\u017evelgti naujausiais paskol\u0173 akcijas. Apsilankykite portale Bankweb.com - M\u016bs\u0173 tikslas \u2013 pad\u0117ti susigaudyti pla\u010dioje kreditavimo bendrovi\u0173 rinkoje ir i\u0161sirinkti priimti geriausi\u0105 sprendim\u0105. Lietuvoje nuolat ple\u010diasi smulki\u0173j\u0173 kredit\u0173 bendrovi\u0173 s\u0105ra\u0161as, tod\u0117l profesionali pagalba\" \/>\n<meta name=\"twitter:image\" content=\"https:\/\/www.bankweb.com\/lit\/wp-content\/uploads\/2018\/05\/paskolos.jpg\" \/>\n<meta name=\"twitter:label1\" content=\"Ber\u00e4knad l\u00e4stid\" \/>\n\t<meta name=\"twitter:data1\" content=\"5 minuter\" \/>\n<script type=\"application\/ld+json\" class=\"yoast-schema-graph\">{\"@context\":\"https:\/\/schema.org\",\"@graph\":[{\"@type\":\"WebSite\",\"@id\":\"https:\/\/www.bankweb.com\/lit\/#website\",\"url\":\"https:\/\/www.bankweb.com\/lit\/\",\"name\":\"Bankweb.com\",\"description\":\"\",\"potentialAction\":[{\"@type\":\"SearchAction\",\"target\":{\"@type\":\"EntryPoint\",\"urlTemplate\":\"https:\/\/www.bankweb.com\/lit\/?s={search_term_string}\"},\"query-input\":\"required name=search_term_string\"}],\"inLanguage\":\"sv-SE\"},{\"@type\":\"ImageObject\",\"inLanguage\":\"sv-SE\",\"@id\":\"https:\/\/www.bankweb.com\/lit\/#primaryimage\",\"url\":\"https:\/\/www.bankweb.com\/lit\/wp-content\/uploads\/2018\/05\/paskolos.jpg\",\"contentUrl\":\"https:\/\/www.bankweb.com\/lit\/wp-content\/uploads\/2018\/05\/paskolos.jpg\",\"width\":1920,\"height\":1280,\"caption\":\"paskolos\"},{\"@type\":\"WebPage\",\"@id\":\"https:\/\/www.bankweb.com\/lit\/\",\"url\":\"https:\/\/www.bankweb.com\/lit\/\",\"name\":\"Paskolos internetu - Kod\u0117l rinktis paskol\u0105 internete?\",\"isPartOf\":{\"@id\":\"https:\/\/www.bankweb.com\/lit\/#website\"},\"primaryImageOfPage\":{\"@id\":\"https:\/\/www.bankweb.com\/lit\/#primaryimage\"},\"datePublished\":\"2017-08-31T11:30:52+00:00\",\"dateModified\":\"2018-06-13T11:41:05+00:00\",\"description\":\"Jei norite i\u0161sirinkti paskol\u0105, per\u017evelgti naujausiais paskol\u0173 akcijas. Apsilankykite portale Bankweb.com - M\u016bs\u0173 tikslas \u2013 pad\u0117ti susigaudyti pla\u010dioje kreditavimo bendrovi\u0173 rinkoje ir i\u0161sirinkti priimti geriausi\u0105 sprendim\u0105. Lietuvoje nuolat ple\u010diasi smulki\u0173j\u0173 kredit\u0173 bendrovi\u0173 s\u0105ra\u0161as, tod\u0117l profesionali pagalba\",\"breadcrumb\":{\"@id\":\"https:\/\/www.bankweb.com\/lit\/#breadcrumb\"},\"inLanguage\":\"sv-SE\",\"potentialAction\":[{\"@type\":\"ReadAction\",\"target\":[\"https:\/\/www.bankweb.com\/lit\/\"]}]},{\"@type\":\"BreadcrumbList\",\"@id\":\"https:\/\/www.bankweb.com\/lit\/#breadcrumb\",\"itemListElement\":[{\"@type\":\"ListItem\",\"position\":1,\"name\":\"Hem\",\"item\":\"https:\/\/www.bankweb.com\/lit\/\"},{\"@type\":\"ListItem\",\"position\":2,\"name\":\"Start\"}]}]}<\/script>\n<!-- \/ Yoast SEO plugin. -->","yoast_head_json":{"title":"Paskolos internetu - Kod\u0117l rinktis paskol\u0105 internete?","description":"Jei norite i\u0161sirinkti paskol\u0105, per\u017evelgti naujausiais paskol\u0173 akcijas. Apsilankykite portale Bankweb.com - M\u016bs\u0173 tikslas \u2013 pad\u0117ti susigaudyti pla\u010dioje kreditavimo bendrovi\u0173 rinkoje ir i\u0161sirinkti priimti geriausi\u0105 sprendim\u0105. Lietuvoje nuolat ple\u010diasi smulki\u0173j\u0173 kredit\u0173 bendrovi\u0173 s\u0105ra\u0161as, tod\u0117l profesionali pagalba","robots":{"index":"index","follow":"follow","max-snippet":"max-snippet:-1","max-image-preview":"max-image-preview:large","max-video-preview":"max-video-preview:-1"},"canonical":"https:\/\/www.bankweb.com\/lit\/","twitter_card":"summary","twitter_title":"Paskolos internetu - Kod\u0117l rinktis paskol\u0105 internete?","twitter_description":"Jei norite i\u0161sirinkti paskol\u0105, per\u017evelgti naujausiais paskol\u0173 akcijas. Apsilankykite portale Bankweb.com - M\u016bs\u0173 tikslas \u2013 pad\u0117ti susigaudyti pla\u010dioje kreditavimo bendrovi\u0173 rinkoje ir i\u0161sirinkti priimti geriausi\u0105 sprendim\u0105. Lietuvoje nuolat ple\u010diasi smulki\u0173j\u0173 kredit\u0173 bendrovi\u0173 s\u0105ra\u0161as, tod\u0117l profesionali pagalba","twitter_image":"https:\/\/www.bankweb.com\/lit\/wp-content\/uploads\/2018\/05\/paskolos.jpg","twitter_misc":{"Ber\u00e4knad l\u00e4stid":"5 minuter"},"schema":{"@context":"https:\/\/schema.org","@graph":[{"@type":"WebSite","@id":"https:\/\/www.bankweb.com\/lit\/#website","url":"https:\/\/www.bankweb.com\/lit\/","name":"Bankweb.com","description":"","potentialAction":[{"@type":"SearchAction","target":{"@type":"EntryPoint","urlTemplate":"https:\/\/www.bankweb.com\/lit\/?s={search_term_string}"},"query-input":"required name=search_term_string"}],"inLanguage":"sv-SE"},{"@type":"ImageObject","inLanguage":"sv-SE","@id":"https:\/\/www.bankweb.com\/lit\/#primaryimage","url":"https:\/\/www.bankweb.com\/lit\/wp-content\/uploads\/2018\/05\/paskolos.jpg","contentUrl":"https:\/\/www.bankweb.com\/lit\/wp-content\/uploads\/2018\/05\/paskolos.jpg","width":1920,"height":1280,"caption":"paskolos"},{"@type":"WebPage","@id":"https:\/\/www.bankweb.com\/lit\/","url":"https:\/\/www.bankweb.com\/lit\/","name":"Paskolos internetu - Kod\u0117l rinktis paskol\u0105 internete?","isPartOf":{"@id":"https:\/\/www.bankweb.com\/lit\/#website"},"primaryImageOfPage":{"@id":"https:\/\/www.bankweb.com\/lit\/#primaryimage"},"datePublished":"2017-08-31T11:30:52+00:00","dateModified":"2018-06-13T11:41:05+00:00","description":"Jei norite i\u0161sirinkti paskol\u0105, per\u017evelgti naujausiais paskol\u0173 akcijas. Apsilankykite portale Bankweb.com - M\u016bs\u0173 tikslas \u2013 pad\u0117ti susigaudyti pla\u010dioje kreditavimo bendrovi\u0173 rinkoje ir i\u0161sirinkti priimti geriausi\u0105 sprendim\u0105. Lietuvoje nuolat ple\u010diasi smulki\u0173j\u0173 kredit\u0173 bendrovi\u0173 s\u0105ra\u0161as, tod\u0117l profesionali pagalba","breadcrumb":{"@id":"https:\/\/www.bankweb.com\/lit\/#breadcrumb"},"inLanguage":"sv-SE","potentialAction":[{"@type":"ReadAction","target":["https:\/\/www.bankweb.com\/lit\/"]}]},{"@type":"BreadcrumbList","@id":"https:\/\/www.bankweb.com\/lit\/#breadcrumb","itemListElement":[{"@type":"ListItem","position":1,"name":"Hem","item":"https:\/\/www.bankweb.com\/lit\/"},{"@type":"ListItem","position":2,"name":"Start"}]}]}},"_links":{"self":[{"href":"https:\/\/www.bankweb.com\/lit\/wp-json\/wp\/v2\/pages\/5203","targetHints":{"allow":["GET"]}}],"collection":[{"href":"https:\/\/www.bankweb.com\/lit\/wp-json\/wp\/v2\/pages"}],"about":[{"href":"https:\/\/www.bankweb.com\/lit\/wp-json\/wp\/v2\/types\/page"}],"author":[{"embeddable":true,"href":"https:\/\/www.bankweb.com\/lit\/wp-json\/wp\/v2\/users\/1"}],"replies":[{"embeddable":true,"href":"https:\/\/www.bankweb.com\/lit\/wp-json\/wp\/v2\/comments?post=5203"}],"version-history":[{"count":25,"href":"https:\/\/www.bankweb.com\/lit\/wp-json\/wp\/v2\/pages\/5203\/revisions"}],"predecessor-version":[{"id":5553,"href":"https:\/\/www.bankweb.com\/lit\/wp-json\/wp\/v2\/pages\/5203\/revisions\/5553"}],"wp:attachment":[{"href":"https:\/\/www.bankweb.com\/lit\/wp-json\/wp\/v2\/media?parent=5203"}],"curies":[{"name":"wp","href":"https:\/\/api.w.org\/{rel}","templated":true}]}}