{"id":5642,"date":"2018-09-04T07:25:15","date_gmt":"2018-09-04T07:25:15","guid":{"rendered":"https:\/\/www.bankweb.com\/it\/?page_id=5642"},"modified":"2018-12-11T10:50:19","modified_gmt":"2018-12-11T10:50:19","slug":"conti-deposito","status":"publish","type":"page","link":"https:\/\/www.bankweb.com\/it\/conti-deposito\/","title":{"rendered":"conti deposito"},"content":{"rendered":"<h1 class=\"credith1\">Cosa sono i conti deposito e come scegliere il migliore<\/h1>\n<p>Ne sentiamo parlare sempre di pi\u00f9 negli ultimi tempi, e un motivo c&#8217;\u00e8: le pessime condizioni di salute economica del &#8221;Sistema Italia&#8221; fanno s\u00ec che sempre pi\u00f9 persone vogliano mettere i propri risparmi al riparo dalle tempeste finanziarie, ed \u00e8 per questo che l&#8217;espressione &#8221;conto deposito&#8221; \u00e8 entrata a far parte del parlato di tutti i giorni.<br \/>\n&nbsp;<br \/>\n<iframe onload=\"fa_iframeresize.do(this);\" src=\"https:\/\/tools.financeads.net\/calc.php?tp=dif&#038;cl=contodeposito&#038;h=1&#038;wf=27129&#038;country=IT&#038;ntpl=responsive\" scrolling=\"no\" width=\"100%\" style=\"padding:0px;margin:0px;border-width:0px;\" frameborder=\"0\"><\/iframe><script type=\"text\/javascript\" src=\"\/\/js.financeads.net\/iframeResizeMe.min.js.gz\"><\/script><br \/>\n&nbsp;<\/p>\n<h2>Che cosa sono i conti deposito<\/h2>\n<p>Conti correnti, conti di appoggio, conti deposito&#8230; Si rischia di fare confusione. In realt\u00e0 la cosa \u00e8 pi\u00f9 semplice di quanto non si creda:<br \/>\n&nbsp;<br \/>\nIl conto corrente \u00e8 il comune conto bancario che nasce dal rapporto fra istituto <a href=\"https:\/\/www.bankweb.com\/it\/prestito\/\">creditizio<\/a> e cliente: il primo garantisce al secondo che &#8221;custodir\u00e0&#8221; i suoi soldi consentendo in cambio alcune operazioni come prelievo, deposito, accredito dello stipendio, istruzione di un bonifico e cos\u00ec via. In cambio di questa &#8221;concessione&#8221; a custodire i soldi del cliente, la banca garantir\u00e0 un tasso di interesse periodico e alcuni servizi od omaggi.<br \/>\n&nbsp;<br \/>\nIl conto deposito rappresenta una tipologia particolare della custodia di denaro, per i cui termini il cliente si impegna a non toccare la somma depositata per un certo periodo di tempo (in questo caso si parla di &#8221;conto deposito vincolato&#8221;) oppure si \u00e8 liberi di usarla in ogni momento (&#8221;conto deposito libero&#8221;). Le uniche operazioni consentite in un conto deposito sono prelievi e versamenti. Dov&#8217;\u00e8 il vantaggio, allora? Nel fatto che le banche concedono tassi di interesse estremamente pi\u00f9 alti per un conto deposito.<br \/>\n&nbsp;<br \/>\n<img loading=\"lazy\" src=\"https:\/\/www.bankweb.com\/it\/wp-content\/uploads\/2018\/09\/conto-deposito-1-1024x603.jpg\" alt=\"conti deposito\" width=\"580\" height=\"342\" class=\"alignnone size-large wp-image-5646\" srcset=\"https:\/\/www.bankweb.com\/it\/wp-content\/uploads\/2018\/09\/conto-deposito-1-1024x603.jpg 1024w, https:\/\/www.bankweb.com\/it\/wp-content\/uploads\/2018\/09\/conto-deposito-1-300x177.jpg 300w, https:\/\/www.bankweb.com\/it\/wp-content\/uploads\/2018\/09\/conto-deposito-1-768x452.jpg 768w, https:\/\/www.bankweb.com\/it\/wp-content\/uploads\/2018\/09\/conto-deposito-1.jpg 1280w\" sizes=\"(max-width: 580px) 100vw, 580px\" \/><br \/>\n&nbsp;<br \/>\nIl conto di appoggio non \u00e8 nient&#8217;altro che il conto corrente comune nel caso venga aperto un conto deposito. Infatti il conto deposito pu\u00f2 essere acceso solo in presenza di un conto corrente ordinario (anche in un&#8217;altra banca). Questa regola impedisce la speculazione selvaggia, serve a educare i clienti meno addentro alle operazioni finanziarie che altrimenti penserebbero di poter aprire conti deposito a destra e a manca e infine garantisce un ritorno economico alla banca stessa.<br \/>\n&nbsp;<\/p>\n<h3>Come funziona il conto deposito<\/h3>\n<p>Mentre nel caso del conto corrente tradizionale questo serve alle spese quotidiane e quelle vive come bollette, rata del mutuo e cos\u00ec via, il conto deposito pu\u00f2 convenire quando si volesse far fruttare una piccola somma che altrimenti rimarrebbe ferma sul proprio CC.<br \/>\n&nbsp;<br \/>\nLa somma pu\u00f2 anche essere media, o grande: ma nel caso di &#8221;gruzzoli&#8221; importanti va da s\u00e9 che un consulente finanziario potr\u00e0 indirizzare il proprio cliente verso altri tipi di investimenti, come l&#8217;acquisto di immobili.<br \/>\n&nbsp;<br \/>\nNel caso dei conti deposito, la banca gestisce la somma a essa affidata investendola per farla rendere. Ne conseguono i tassi di interesse pi\u00f9 alti di un conto normale: siamo a met\u00e0 strada tra il risparmio puro e il gioco in borsa (per semplificare).<br \/>\n&nbsp;<\/p>\n<h3>Ci sono rischi?<\/h3>\n<p>Nessuna operazione di investimento (perch\u00e9 di questo si tratta) \u00e8 esente da imprevisti, il pi\u00f9 grave dei quali potrebbe essere il fallimento della banca presso la quale si \u00e8 aperto un conto deposito. In realt\u00e0 per\u00f2 i correntisti italiani sono protetti da una direttiva della UE, la 2009\/14\/CE che ha creato il Fondo Interbancario di Tutela dei Depositi: se i vostri investimenti (in un conto bancario normale o deposito) non superano i 100.000 Euro, in caso di fallimento vi verranno completamente rimborsati. \u00c8 la legge.<br \/>\n&nbsp;<\/p>\n<h4>Come riconoscere un buon conto deposito<\/h4>\n<p>Il primo consiglio per riconoscere un conto deposito ottimale \u00e8 di fare proprio quello che \u00e8 pi\u00f9 sgradito a tanti consumatori: leggere a fondo le condizioni prima di aderire a un contratto. Questo perch\u00e9 le banche non esitano a proporre termini estremamente generosi per accaparrarsi dei nuovi clienti<br \/>\n&nbsp;<br \/>\n<img loading=\"lazy\" src=\"https:\/\/www.bankweb.com\/it\/wp-content\/uploads\/2018\/09\/conto-deposito-2-1024x680.jpg\" alt=\"conto deposito italia\" width=\"580\" height=\"385\" class=\"alignnone size-large wp-image-5647\" srcset=\"https:\/\/www.bankweb.com\/it\/wp-content\/uploads\/2018\/09\/conto-deposito-2-1024x680.jpg 1024w, https:\/\/www.bankweb.com\/it\/wp-content\/uploads\/2018\/09\/conto-deposito-2-300x199.jpg 300w, https:\/\/www.bankweb.com\/it\/wp-content\/uploads\/2018\/09\/conto-deposito-2-768x510.jpg 768w, https:\/\/www.bankweb.com\/it\/wp-content\/uploads\/2018\/09\/conto-deposito-2.jpg 1280w\" sizes=\"(max-width: 580px) 100vw, 580px\" \/><br \/>\n&nbsp;<br \/>\n(questo \u00e8 vero anche per i comuni conti correnti, del resto) salvo poi specificare che le condizioni in questione sono valide solo per il primo anno di operazioni (o altro intervallo temporale scelto dalla banca).<br \/>\n&nbsp;<br \/>\nUn altro parametro importante \u00e8 la cosiddetta &#8221;modalit\u00e0 di capitalizzazione&#8221;: si chiama cos\u00ec il modo in cui la banca versa gli interessi. Alcune lo fanno all&#8217;apertura del conto, altre solo a intervalli regolari. Meglio le prime: quei soldi possono essere subito reinvestiti.<br \/>\n&nbsp;<br \/>\nLe spese da sostenere sono il terzo e fondamentale parametro: i conti deposito costituiscono un vantaggio anche per la banca che li ospita, ma molte chiedono una somma periodica (annuale, mensile&#8230;) che pu\u00f2 essere molto pi\u00f9 elevata rispetto ai costi di gestione di un CC normale.<br \/>\n&nbsp;<\/p>\n<h4>In conclusione<\/h4>\n<p>Ammontare delle spese e condizioni concesse (tasso di interesse applicato, durata del vincolo in caso di conto deposito vincolato&#8230;) sono variabili che cambiano insieme al mercato, ovvero molto di frequente.<br \/>\n&nbsp;<br \/>\nImpossibile indicare un conto deposito che potrebbe essere perfetto oggi ma molto svantaggioso domani: per aiutare i consumatori esistono per\u00f2 dei comparatori online sempre aggiornati, che mettono queste caratteristiche nero su bianco e assistono nel fare una scelta ragionata e consapevole.<\/p>\n","protected":false},"excerpt":{"rendered":"<p>Cosa sono i conti deposito e come scegliere il migliore Ne sentiamo parlare sempre di pi\u00f9 negli ultimi tempi, e un motivo c&#8217;\u00e8: le pessime condizioni di salute economica del &#8221;Sistema Italia&#8221; fanno s\u00ec che sempre pi\u00f9 persone vogliano mettere [&hellip;]<\/p>\n","protected":false},"author":4,"featured_media":0,"parent":0,"menu_order":0,"comment_status":"closed","ping_status":"closed","template":"","meta":[],"yoast_head":"<!-- This site is optimized with the Yoast SEO plugin v17.9 - https:\/\/yoast.com\/wordpress\/plugins\/seo\/ -->\n<title>Confronta conti correnti e conti deposito - il rendimento sicuro<\/title>\n<meta name=\"description\" content=\"Confronta e richiedi on line conti deposito e conti correnti - calcola i costi e i tassi di interesse e trova il pi\u00f9 conveniente per i tuoi risparmi: \u00e8 gratis e bastano 3 minuti!\" \/>\n<meta name=\"robots\" content=\"index, follow, max-snippet:-1, max-image-preview:large, max-video-preview:-1\" \/>\n<link rel=\"canonical\" href=\"https:\/\/www.bankweb.com\/it\/conti-deposito\/\" \/>\n<meta name=\"twitter:card\" content=\"summary\" \/>\n<meta name=\"twitter:title\" content=\"Confronta conti correnti e conti deposito - il rendimento sicuro\" \/>\n<meta name=\"twitter:description\" content=\"Confronta e richiedi on line conti deposito e conti correnti - calcola i costi e i tassi di interesse e trova il pi\u00f9 conveniente per i tuoi risparmi: \u00e8 gratis e bastano 3 minuti!\" \/>\n<meta name=\"twitter:image\" content=\"https:\/\/www.bankweb.com\/it\/wp-content\/uploads\/2018\/09\/conto-deposito-1.jpg\" \/>\n<meta name=\"twitter:label1\" content=\"Ber\u00e4knad l\u00e4stid\" \/>\n\t<meta name=\"twitter:data1\" content=\"4 minuter\" \/>\n<script type=\"application\/ld+json\" class=\"yoast-schema-graph\">{\"@context\":\"https:\/\/schema.org\",\"@graph\":[{\"@type\":\"WebSite\",\"@id\":\"https:\/\/www.bankweb.com\/it\/#website\",\"url\":\"https:\/\/www.bankweb.com\/it\/\",\"name\":\"Bankweb.com Italy\",\"description\":\"\",\"potentialAction\":[{\"@type\":\"SearchAction\",\"target\":{\"@type\":\"EntryPoint\",\"urlTemplate\":\"https:\/\/www.bankweb.com\/it\/?s={search_term_string}\"},\"query-input\":\"required name=search_term_string\"}],\"inLanguage\":\"sv-SE\"},{\"@type\":\"ImageObject\",\"@id\":\"https:\/\/www.bankweb.com\/it\/conti-deposito\/#primaryimage\",\"inLanguage\":\"sv-SE\",\"url\":\"https:\/\/www.bankweb.com\/it\/wp-content\/uploads\/2018\/09\/conto-deposito-1.jpg\",\"contentUrl\":\"https:\/\/www.bankweb.com\/it\/wp-content\/uploads\/2018\/09\/conto-deposito-1.jpg\",\"width\":1280,\"height\":754,\"caption\":\"conti deposito\"},{\"@type\":\"WebPage\",\"@id\":\"https:\/\/www.bankweb.com\/it\/conti-deposito\/#webpage\",\"url\":\"https:\/\/www.bankweb.com\/it\/conti-deposito\/\",\"name\":\"Confronta conti correnti e conti deposito - il rendimento sicuro\",\"isPartOf\":{\"@id\":\"https:\/\/www.bankweb.com\/it\/#website\"},\"primaryImageOfPage\":{\"@id\":\"https:\/\/www.bankweb.com\/it\/conti-deposito\/#primaryimage\"},\"datePublished\":\"2018-09-04T07:25:15+00:00\",\"dateModified\":\"2018-12-11T10:50:19+00:00\",\"description\":\"Confronta e richiedi on line conti deposito e conti correnti - calcola i costi e i tassi di interesse e trova il pi\\u00f9 conveniente per i tuoi risparmi: \\u00e8 gratis e bastano 3 minuti!\",\"breadcrumb\":{\"@id\":\"https:\/\/www.bankweb.com\/it\/conti-deposito\/#breadcrumb\"},\"inLanguage\":\"sv-SE\",\"potentialAction\":[{\"@type\":\"ReadAction\",\"target\":[\"https:\/\/www.bankweb.com\/it\/conti-deposito\/\"]}]},{\"@type\":\"BreadcrumbList\",\"@id\":\"https:\/\/www.bankweb.com\/it\/conti-deposito\/#breadcrumb\",\"itemListElement\":[{\"@type\":\"ListItem\",\"position\":1,\"name\":\"Hem\",\"item\":\"https:\/\/www.bankweb.com\/it\/\"},{\"@type\":\"ListItem\",\"position\":2,\"name\":\"conti deposito\"}]}]}<\/script>\n<!-- \/ Yoast SEO plugin. -->","yoast_head_json":{"title":"Confronta conti correnti e conti deposito - il rendimento sicuro","description":"Confronta e richiedi on line conti deposito e conti correnti - calcola i costi e i tassi di interesse e trova il pi\u00f9 conveniente per i tuoi risparmi: \u00e8 gratis e bastano 3 minuti!","robots":{"index":"index","follow":"follow","max-snippet":"max-snippet:-1","max-image-preview":"max-image-preview:large","max-video-preview":"max-video-preview:-1"},"canonical":"https:\/\/www.bankweb.com\/it\/conti-deposito\/","twitter_card":"summary","twitter_title":"Confronta conti correnti e conti deposito - il rendimento sicuro","twitter_description":"Confronta e richiedi on line conti deposito e conti correnti - calcola i costi e i tassi di interesse e trova il pi\u00f9 conveniente per i tuoi risparmi: \u00e8 gratis e bastano 3 minuti!","twitter_image":"https:\/\/www.bankweb.com\/it\/wp-content\/uploads\/2018\/09\/conto-deposito-1.jpg","twitter_misc":{"Ber\u00e4knad l\u00e4stid":"4 minuter"},"schema":{"@context":"https:\/\/schema.org","@graph":[{"@type":"WebSite","@id":"https:\/\/www.bankweb.com\/it\/#website","url":"https:\/\/www.bankweb.com\/it\/","name":"Bankweb.com Italy","description":"","potentialAction":[{"@type":"SearchAction","target":{"@type":"EntryPoint","urlTemplate":"https:\/\/www.bankweb.com\/it\/?s={search_term_string}"},"query-input":"required name=search_term_string"}],"inLanguage":"sv-SE"},{"@type":"ImageObject","@id":"https:\/\/www.bankweb.com\/it\/conti-deposito\/#primaryimage","inLanguage":"sv-SE","url":"https:\/\/www.bankweb.com\/it\/wp-content\/uploads\/2018\/09\/conto-deposito-1.jpg","contentUrl":"https:\/\/www.bankweb.com\/it\/wp-content\/uploads\/2018\/09\/conto-deposito-1.jpg","width":1280,"height":754,"caption":"conti deposito"},{"@type":"WebPage","@id":"https:\/\/www.bankweb.com\/it\/conti-deposito\/#webpage","url":"https:\/\/www.bankweb.com\/it\/conti-deposito\/","name":"Confronta conti correnti e conti deposito - il rendimento sicuro","isPartOf":{"@id":"https:\/\/www.bankweb.com\/it\/#website"},"primaryImageOfPage":{"@id":"https:\/\/www.bankweb.com\/it\/conti-deposito\/#primaryimage"},"datePublished":"2018-09-04T07:25:15+00:00","dateModified":"2018-12-11T10:50:19+00:00","description":"Confronta e richiedi on line conti deposito e conti correnti - calcola i costi e i tassi di interesse e trova il pi\u00f9 conveniente per i tuoi risparmi: \u00e8 gratis e bastano 3 minuti!","breadcrumb":{"@id":"https:\/\/www.bankweb.com\/it\/conti-deposito\/#breadcrumb"},"inLanguage":"sv-SE","potentialAction":[{"@type":"ReadAction","target":["https:\/\/www.bankweb.com\/it\/conti-deposito\/"]}]},{"@type":"BreadcrumbList","@id":"https:\/\/www.bankweb.com\/it\/conti-deposito\/#breadcrumb","itemListElement":[{"@type":"ListItem","position":1,"name":"Hem","item":"https:\/\/www.bankweb.com\/it\/"},{"@type":"ListItem","position":2,"name":"conti deposito"}]}]}},"_links":{"self":[{"href":"https:\/\/www.bankweb.com\/it\/wp-json\/wp\/v2\/pages\/5642"}],"collection":[{"href":"https:\/\/www.bankweb.com\/it\/wp-json\/wp\/v2\/pages"}],"about":[{"href":"https:\/\/www.bankweb.com\/it\/wp-json\/wp\/v2\/types\/page"}],"author":[{"embeddable":true,"href":"https:\/\/www.bankweb.com\/it\/wp-json\/wp\/v2\/users\/4"}],"replies":[{"embeddable":true,"href":"https:\/\/www.bankweb.com\/it\/wp-json\/wp\/v2\/comments?post=5642"}],"version-history":[{"count":6,"href":"https:\/\/www.bankweb.com\/it\/wp-json\/wp\/v2\/pages\/5642\/revisions"}],"predecessor-version":[{"id":5664,"href":"https:\/\/www.bankweb.com\/it\/wp-json\/wp\/v2\/pages\/5642\/revisions\/5664"}],"wp:attachment":[{"href":"https:\/\/www.bankweb.com\/it\/wp-json\/wp\/v2\/media?parent=5642"}],"curies":[{"name":"wp","href":"https:\/\/api.w.org\/{rel}","templated":true}]}}