{"id":5627,"date":"2018-09-03T07:41:00","date_gmt":"2018-09-03T07:41:00","guid":{"rendered":"https:\/\/www.bankweb.com\/it\/?page_id=5627"},"modified":"2018-09-04T07:39:08","modified_gmt":"2018-09-04T07:39:08","slug":"carte-di-credito","status":"publish","type":"page","link":"https:\/\/www.bankweb.com\/it\/carte-di-credito\/","title":{"rendered":"carte di credito"},"content":{"rendered":"<h1 class=\"credith1\">Le carte di credito: la scena italiana<\/h1>\n<p>Carta di credito s\u00ec o carta di credito no? Il dilemma non \u00e8 di quelli piccoli, perch\u00e9 lo scenario degli strumenti di pagamento si \u00e8 fatto pi\u00f9 complesso da quando a queste e alle ormai storiche tessere bancomat si sono via via andate ad aggiungere le carte di debito, le revolving, le ricaricabili e &#8211; da ultimi &#8211; i sistemi di pagamento virtuali associati agli smartphone, come Apple Pay o Samsung Pay.<br \/>\n&nbsp;<br \/>\n<iframe onload=\"fa_iframeresize.do(this);\" src=\"https:\/\/tools.financeads.net\/calc.php?tp=dif&#038;cl=cartadicredito&#038;h=1&#038;wf=27129&#038;country=IT&#038;ntpl=responsive&#038;c=30\" scrolling=\"no\" width=\"100%\" style=\"padding:0px;margin:0px;border-width:0px;\" frameborder=\"0\"><\/iframe><script type=\"text\/javascript\" src=\"\/\/js.financeads.net\/iframeResizeMe.min.js.gz\"><\/script><br \/>\n&nbsp;<br \/>\nIl risultato di questo affollamento \u00e8 che nel migliore dei casi il consumatore si sente confuso da tanta abbondanza, spesso finendo col fare scelte poco informate e dettate solo dal sentito dire o dalla moda. A perdere \u00e8 proprio la cara, vecchia carta di credito, quella a saldo, che \u00e8 considerata nella maggior parte delle circostanze obsoleta in quanto legata a un mondo finanziario e a tendenze di risparmio che ormai non esistono pi\u00f9, legate come sono a una societ\u00e0 che non \u00e8 pi\u00f9 quella di venti o trent&#8217;anni fa.<br \/>\n&nbsp;<br \/>\n<img loading=\"lazy\" src=\"https:\/\/www.bankweb.com\/it\/wp-content\/uploads\/2018\/09\/carte-di-credito-1-1024x682.jpg\" alt=\"Confronta le carte di credito\" width=\"580\" height=\"386\" class=\"alignnone size-large wp-image-5634\" srcset=\"https:\/\/www.bankweb.com\/it\/wp-content\/uploads\/2018\/09\/carte-di-credito-1-1024x682.jpg 1024w, https:\/\/www.bankweb.com\/it\/wp-content\/uploads\/2018\/09\/carte-di-credito-1-300x200.jpg 300w, https:\/\/www.bankweb.com\/it\/wp-content\/uploads\/2018\/09\/carte-di-credito-1-768x512.jpg 768w, https:\/\/www.bankweb.com\/it\/wp-content\/uploads\/2018\/09\/carte-di-credito-1.jpg 1280w\" sizes=\"(max-width: 580px) 100vw, 580px\" \/><br \/>\n&nbsp;<br \/>\nIn altre parole: le recessioni continue, i cambiamenti epocali nel campo dell&#8217;occupazione, i diversi stili di vita hanno reso le carte di credito una reliquia di un tempo ormai passato. E specialmente in Italia, che pi\u00f9 di altri stati ha sofferto la crisi economica in maniera drammatica.<br \/>\nMa \u00e8 proprio cos\u00ec?<br \/>\n&nbsp;<\/p>\n<h2>La carta di credito rischia l&#8217;estinzione<\/h2>\n<p>Andiamo per gradi: \u00e8 sicuramente vero che le carte di credito soffrono la concorrenza di strumenti pi\u00f9 agili come le <a href=\"https:\/\/www.bankweb.com\/it\/carta\/\">prepagate<\/a> che spesso si presentano come svincolate dal possesso di un CC, o di strumenti ibridi che nascono per lo smartphone e sono contemporaneamente <a href=\"https:\/\/www.bankweb.com\/it\/conti-deposito\/\">conti<\/a> e sistemi di pagamento virtuale.<br \/>\n&nbsp;<br \/>\n\u00c8 anche vero per\u00f2 che davanti a queste rivoluzioni il mondo delle carte di credito ha tutto l&#8217;interesse nel cercare di attirare pi\u00f9 clienti possibili, senza limitarsi a essere &#8221;obbligatoria&#8221; per questo o quel riccone. Rimanere interessante agli occhi dei risparmiatori \u00e8 fondamentale per non rischiare l&#8217;estinzione, e il mondo degli istituti finanziari ha preso la questione di petto, con strategie decisamente aggressive.<br \/>\n&nbsp;<\/p>\n<h3>Tutte le caratteristiche da tenere presenti<\/h3>\n<p>Aggressive in che senso? Saranno mica regalate, queste carte di credito?<br \/>\nLa risposta \u00e8: dipende da cosa si intende per regalo. Le banche puntano su un certo numero di caratteristiche per far risultare queste tesserine di plastica (ancora) appetibili, ma non esiste un modello unico di cliente, quindi alcune propriet\u00e0 possono risultare graditissime, mentre altre&#8230; no. Vediamo le principali.<br \/>\n&nbsp;<br \/>\n<img loading=\"lazy\" src=\"https:\/\/www.bankweb.com\/it\/wp-content\/uploads\/2018\/09\/carte-di-credito-2-1024x682.jpg\" alt=\"carte di credito italia\" width=\"580\" height=\"386\" class=\"alignnone size-large wp-image-5635\" srcset=\"https:\/\/www.bankweb.com\/it\/wp-content\/uploads\/2018\/09\/carte-di-credito-2-1024x682.jpg 1024w, https:\/\/www.bankweb.com\/it\/wp-content\/uploads\/2018\/09\/carte-di-credito-2-300x200.jpg 300w, https:\/\/www.bankweb.com\/it\/wp-content\/uploads\/2018\/09\/carte-di-credito-2-768x512.jpg 768w, https:\/\/www.bankweb.com\/it\/wp-content\/uploads\/2018\/09\/carte-di-credito-2.jpg 1280w\" sizes=\"(max-width: 580px) 100vw, 580px\" \/><br \/>\n&nbsp;<\/p>\n<ul>\n<li>Capacit\u00e0 di pagamento contactless: per pagare senza digitare PIN e senza dover firmare (esistono eccezioni). Grande comodit\u00e0, ma c&#8217;\u00e8 chi teme che le carte di credito di questo tipo siano esposte maggiormente a possibili furti di dati.<\/li>\n<p>&nbsp;<\/p>\n<li>Aumento del plafond: per chi ha l&#8217;abitudine di usare la carta di credito per spese molto importanti, lo scenario attuale propone plafond che possono arrivare anche a 20.000 Euro (come nel caso di CheBanca!) o addirittura senza limiti come accade con American Express.<\/li>\n<p>&nbsp;<\/p>\n<li>Prelievo: chi usa la carta di credito per prelevare di frequente (ma anche no!) vorr\u00e0 orientarsi verso quelle che consentono un limite superiore ai 250 Euro, ormai troppo basso per affrontare le spese vive settimanali fra spesa, benzina, occasionale cena fuori e fuori programma.<\/li>\n<p>&nbsp;<\/p>\n<li>Canoni annuali: quasi tutte le banche si sono attestate nell&#8217;offrire carte di credito a zero Euro. In questo caso per\u00f2 \u00e8 sempre bene leggere le condizioni di adesione fino in fondo: per esempio i costi della carta di credito American Express sono zero, salvo diventare 75 Euro una volta esaurito il primo anno di utilizzo. La gi\u00e0 citata carta firmata CheBanca! ha canone pari a zero, ma solo a patto di usare la tesserina per almeno 5000 Euro di spese nell&#8217;anno solare. Webank, per contro, la offre gratis.<\/li>\n<p>&nbsp;<\/p>\n<li>Commissioni al prelievo: come accennato in precedenza, le banche non fanno beneficenza, e in qualche modo devono rientrare dei costi sostenuti per le operazioni dei loro clienti. Uno dei modi pi\u00f9 frequenti \u00e8 appunto il canone annuo, ma rispetto agli anni nei quali prelevare al bancomat era spesso sempre gratuito, ora alcuni istituti impongono anche una percentuale sulla somma ritirata. Queste somme variano fra il 2 e il 3% del totale, standard tutto italiano, ma ci sono anche realt\u00e0 come American Express o Hello Bank, che trattengono il 4%!<\/li>\n<\/ul>\n<p>&nbsp;<br \/>\n<img loading=\"lazy\" src=\"https:\/\/www.bankweb.com\/it\/wp-content\/uploads\/2018\/09\/carte-di-credito-3-1024x640.jpg\" alt=\"carte di credito: la scena italiana\" width=\"580\" height=\"363\" class=\"alignnone size-large wp-image-5636\" srcset=\"https:\/\/www.bankweb.com\/it\/wp-content\/uploads\/2018\/09\/carte-di-credito-3-1024x640.jpg 1024w, https:\/\/www.bankweb.com\/it\/wp-content\/uploads\/2018\/09\/carte-di-credito-3-300x188.jpg 300w, https:\/\/www.bankweb.com\/it\/wp-content\/uploads\/2018\/09\/carte-di-credito-3-768x480.jpg 768w, https:\/\/www.bankweb.com\/it\/wp-content\/uploads\/2018\/09\/carte-di-credito-3.jpg 1280w\" sizes=\"(max-width: 580px) 100vw, 580px\" \/><br \/>\n&nbsp;<br \/>\nSe queste caratteristiche vi lasciano perplessi, va comunque considerato che le carte di credito hanno, rispetto ad altri strumenti, anche un indubbio vantaggio: il rimborso delle spese fraudolente eventualmente effettuate in caso di furto o hackeraggio. Non si pu\u00f2 dire lo stesso nel caso delle <a href=\"https:\/\/www.bankweb.com\/it\/carta\/\">carte prepagate<\/a> &#8211; nonostante ci siano anche degli esempi virtuosi, questo rimane uno dei vantaggi delle credit rispetto alle debit (o altre modalit\u00e0 di pagamento non-cash).<br \/>\n&nbsp;<br \/>\nCome in ogni situazione dove bisogna fare una scelta importante, invitiamo sempre a mettere a confronto le offerte dei vari istituti: alcuni costi in cambio di certe caratteristiche possono sembrare eccessivi, ovvio, ma non si presentano mai tutti insieme.<br \/>\n&nbsp;<br \/>\nInfatti una banca che avesse troppi &#8221;contro&#8221; non verrebbe mai scelta.. \u00c8 vero, esistono anche i clienti troppo pigri per cambiare, ma sono una minoranza in via d&#8217;estinzione. Ormai i consumatori pretendono, e il mondo delle carte di credito se ne sta accorgendo. Per questo \u00e8 un universo in continua evoluzione.<\/p>\n","protected":false},"excerpt":{"rendered":"<p>Le carte di credito: la scena italiana Carta di credito s\u00ec o carta di credito no? Il dilemma non \u00e8 di quelli piccoli, perch\u00e9 lo scenario degli strumenti di pagamento si \u00e8 fatto pi\u00f9 complesso da quando a queste e [&hellip;]<\/p>\n","protected":false},"author":4,"featured_media":0,"parent":0,"menu_order":0,"comment_status":"closed","ping_status":"closed","template":"","meta":[],"yoast_head":"<!-- This site is optimized with the Yoast SEO plugin v17.9 - https:\/\/yoast.com\/wordpress\/plugins\/seo\/ -->\n<title>Confronto carte di credito Italia - Richiedi una carta di credito<\/title>\n<meta name=\"description\" content=\"Trova la carta di credito, prepagata o di debito giusta per le tue necessit\u00e0. Richiedi oggi stesso la carta che preferisci - Confronta gratis le migliori carte di credito\" \/>\n<meta name=\"robots\" content=\"index, follow, max-snippet:-1, max-image-preview:large, max-video-preview:-1\" \/>\n<link rel=\"canonical\" href=\"https:\/\/www.bankweb.com\/it\/carte-di-credito\/\" \/>\n<meta name=\"twitter:card\" content=\"summary\" \/>\n<meta name=\"twitter:title\" content=\"Confronto carte di credito Italia - Richiedi una carta di credito\" \/>\n<meta name=\"twitter:description\" content=\"Trova la carta di credito, prepagata o di debito giusta per le tue necessit\u00e0. Richiedi oggi stesso la carta che preferisci - Confronta gratis le migliori carte di credito\" \/>\n<meta name=\"twitter:image\" content=\"https:\/\/www.bankweb.com\/it\/wp-content\/uploads\/2018\/09\/carte-di-credito-1.jpg\" \/>\n<meta name=\"twitter:label1\" content=\"Ber\u00e4knad l\u00e4stid\" \/>\n\t<meta name=\"twitter:data1\" content=\"4 minuter\" \/>\n<script type=\"application\/ld+json\" class=\"yoast-schema-graph\">{\"@context\":\"https:\/\/schema.org\",\"@graph\":[{\"@type\":\"WebSite\",\"@id\":\"https:\/\/www.bankweb.com\/it\/#website\",\"url\":\"https:\/\/www.bankweb.com\/it\/\",\"name\":\"Bankweb.com Italy\",\"description\":\"\",\"potentialAction\":[{\"@type\":\"SearchAction\",\"target\":{\"@type\":\"EntryPoint\",\"urlTemplate\":\"https:\/\/www.bankweb.com\/it\/?s={search_term_string}\"},\"query-input\":\"required name=search_term_string\"}],\"inLanguage\":\"sv-SE\"},{\"@type\":\"ImageObject\",\"@id\":\"https:\/\/www.bankweb.com\/it\/carte-di-credito\/#primaryimage\",\"inLanguage\":\"sv-SE\",\"url\":\"https:\/\/www.bankweb.com\/it\/wp-content\/uploads\/2018\/09\/carte-di-credito-1.jpg\",\"contentUrl\":\"https:\/\/www.bankweb.com\/it\/wp-content\/uploads\/2018\/09\/carte-di-credito-1.jpg\",\"width\":1280,\"height\":853,\"caption\":\"Confronta le carte di credito\"},{\"@type\":\"WebPage\",\"@id\":\"https:\/\/www.bankweb.com\/it\/carte-di-credito\/#webpage\",\"url\":\"https:\/\/www.bankweb.com\/it\/carte-di-credito\/\",\"name\":\"Confronto carte di credito Italia - Richiedi una carta di credito\",\"isPartOf\":{\"@id\":\"https:\/\/www.bankweb.com\/it\/#website\"},\"primaryImageOfPage\":{\"@id\":\"https:\/\/www.bankweb.com\/it\/carte-di-credito\/#primaryimage\"},\"datePublished\":\"2018-09-03T07:41:00+00:00\",\"dateModified\":\"2018-09-04T07:39:08+00:00\",\"description\":\"Trova la carta di credito, prepagata o di debito giusta per le tue necessit\\u00e0. Richiedi oggi stesso la carta che preferisci - Confronta gratis le migliori carte di credito\",\"breadcrumb\":{\"@id\":\"https:\/\/www.bankweb.com\/it\/carte-di-credito\/#breadcrumb\"},\"inLanguage\":\"sv-SE\",\"potentialAction\":[{\"@type\":\"ReadAction\",\"target\":[\"https:\/\/www.bankweb.com\/it\/carte-di-credito\/\"]}]},{\"@type\":\"BreadcrumbList\",\"@id\":\"https:\/\/www.bankweb.com\/it\/carte-di-credito\/#breadcrumb\",\"itemListElement\":[{\"@type\":\"ListItem\",\"position\":1,\"name\":\"Hem\",\"item\":\"https:\/\/www.bankweb.com\/it\/\"},{\"@type\":\"ListItem\",\"position\":2,\"name\":\"carte di credito\"}]}]}<\/script>\n<!-- \/ Yoast SEO plugin. -->","yoast_head_json":{"title":"Confronto carte di credito Italia - Richiedi una carta di credito","description":"Trova la carta di credito, prepagata o di debito giusta per le tue necessit\u00e0. Richiedi oggi stesso la carta che preferisci - Confronta gratis le migliori carte di credito","robots":{"index":"index","follow":"follow","max-snippet":"max-snippet:-1","max-image-preview":"max-image-preview:large","max-video-preview":"max-video-preview:-1"},"canonical":"https:\/\/www.bankweb.com\/it\/carte-di-credito\/","twitter_card":"summary","twitter_title":"Confronto carte di credito Italia - Richiedi una carta di credito","twitter_description":"Trova la carta di credito, prepagata o di debito giusta per le tue necessit\u00e0. Richiedi oggi stesso la carta che preferisci - Confronta gratis le migliori carte di credito","twitter_image":"https:\/\/www.bankweb.com\/it\/wp-content\/uploads\/2018\/09\/carte-di-credito-1.jpg","twitter_misc":{"Ber\u00e4knad l\u00e4stid":"4 minuter"},"schema":{"@context":"https:\/\/schema.org","@graph":[{"@type":"WebSite","@id":"https:\/\/www.bankweb.com\/it\/#website","url":"https:\/\/www.bankweb.com\/it\/","name":"Bankweb.com Italy","description":"","potentialAction":[{"@type":"SearchAction","target":{"@type":"EntryPoint","urlTemplate":"https:\/\/www.bankweb.com\/it\/?s={search_term_string}"},"query-input":"required name=search_term_string"}],"inLanguage":"sv-SE"},{"@type":"ImageObject","@id":"https:\/\/www.bankweb.com\/it\/carte-di-credito\/#primaryimage","inLanguage":"sv-SE","url":"https:\/\/www.bankweb.com\/it\/wp-content\/uploads\/2018\/09\/carte-di-credito-1.jpg","contentUrl":"https:\/\/www.bankweb.com\/it\/wp-content\/uploads\/2018\/09\/carte-di-credito-1.jpg","width":1280,"height":853,"caption":"Confronta le carte di credito"},{"@type":"WebPage","@id":"https:\/\/www.bankweb.com\/it\/carte-di-credito\/#webpage","url":"https:\/\/www.bankweb.com\/it\/carte-di-credito\/","name":"Confronto carte di credito Italia - Richiedi una carta di credito","isPartOf":{"@id":"https:\/\/www.bankweb.com\/it\/#website"},"primaryImageOfPage":{"@id":"https:\/\/www.bankweb.com\/it\/carte-di-credito\/#primaryimage"},"datePublished":"2018-09-03T07:41:00+00:00","dateModified":"2018-09-04T07:39:08+00:00","description":"Trova la carta di credito, prepagata o di debito giusta per le tue necessit\u00e0. Richiedi oggi stesso la carta che preferisci - Confronta gratis le migliori carte di credito","breadcrumb":{"@id":"https:\/\/www.bankweb.com\/it\/carte-di-credito\/#breadcrumb"},"inLanguage":"sv-SE","potentialAction":[{"@type":"ReadAction","target":["https:\/\/www.bankweb.com\/it\/carte-di-credito\/"]}]},{"@type":"BreadcrumbList","@id":"https:\/\/www.bankweb.com\/it\/carte-di-credito\/#breadcrumb","itemListElement":[{"@type":"ListItem","position":1,"name":"Hem","item":"https:\/\/www.bankweb.com\/it\/"},{"@type":"ListItem","position":2,"name":"carte di credito"}]}]}},"_links":{"self":[{"href":"https:\/\/www.bankweb.com\/it\/wp-json\/wp\/v2\/pages\/5627"}],"collection":[{"href":"https:\/\/www.bankweb.com\/it\/wp-json\/wp\/v2\/pages"}],"about":[{"href":"https:\/\/www.bankweb.com\/it\/wp-json\/wp\/v2\/types\/page"}],"author":[{"embeddable":true,"href":"https:\/\/www.bankweb.com\/it\/wp-json\/wp\/v2\/users\/4"}],"replies":[{"embeddable":true,"href":"https:\/\/www.bankweb.com\/it\/wp-json\/wp\/v2\/comments?post=5627"}],"version-history":[{"count":8,"href":"https:\/\/www.bankweb.com\/it\/wp-json\/wp\/v2\/pages\/5627\/revisions"}],"predecessor-version":[{"id":5651,"href":"https:\/\/www.bankweb.com\/it\/wp-json\/wp\/v2\/pages\/5627\/revisions\/5651"}],"wp:attachment":[{"href":"https:\/\/www.bankweb.com\/it\/wp-json\/wp\/v2\/media?parent=5627"}],"curies":[{"name":"wp","href":"https:\/\/api.w.org\/{rel}","templated":true}]}}