{"id":5542,"date":"2017-12-19T10:36:31","date_gmt":"2017-12-19T10:36:31","guid":{"rendered":"http:\/\/www.bankweb.com\/it\/?page_id=5542"},"modified":"2017-12-19T10:36:31","modified_gmt":"2017-12-19T10:36:31","slug":"contatto","status":"publish","type":"page","link":"https:\/\/www.bankweb.com\/it\/contatto\/","title":{"rendered":"Contatto"},"content":{"rendered":"<p><strong>Chi siamo?<\/strong><br \/>\n&nbsp;<br \/>\nBankweb \u00e8 controllata e gestita da Turneround Webb AB, una societ\u00e0 di produzione web in Svezia. Jonas Larsson ed Emma Larsson gestiscono e sviluppano il sito su base continua: Emma \u00e8 responsabile della qualit\u00e0 e dei contenuti. Emma ha un background da scrittrice e, unito al suo grande interesse per la finanza privata, fornisce ai visitatori articoli e aggiornamenti di grande spessore.<br \/>\n&nbsp;<br \/>\nJonas \u00e8 il CEO della societ\u00e0 ed editore responsabile di Bankweb e vanta un solido background internet: ha sviluppato un servizio di comparazione per consumatori per un lungo periodo, ed \u00e8 attivo sul mercato finanziario da 15 anni a questa parte.<br \/>\n&nbsp;<br \/>\nPer contattarci via e-mail: info@tw.se<\/p>\n","protected":false},"excerpt":{"rendered":"<p>Chi siamo? &nbsp; Bankweb \u00e8 controllata e gestita da Turneround Webb AB, una societ\u00e0 di produzione web in Svezia. Jonas Larsson ed Emma Larsson gestiscono e sviluppano il sito su base continua: Emma \u00e8 responsabile della qualit\u00e0 e dei contenuti. [&hellip;]<\/p>\n","protected":false},"author":4,"featured_media":0,"parent":0,"menu_order":0,"comment_status":"closed","ping_status":"closed","template":"","meta":[],"yoast_head":"<!-- This site is optimized with the Yoast SEO plugin v17.9 - https:\/\/yoast.com\/wordpress\/plugins\/seo\/ -->\n<title>Contatto - Bankweb.com Italy<\/title>\n<meta name=\"robots\" content=\"index, follow, max-snippet:-1, max-image-preview:large, max-video-preview:-1\" \/>\n<link rel=\"canonical\" href=\"https:\/\/www.bankweb.com\/it\/contatto\/\" \/>\n<meta name=\"twitter:card\" content=\"summary\" \/>\n<meta name=\"twitter:title\" content=\"Contatto - Bankweb.com Italy\" \/>\n<meta name=\"twitter:description\" content=\"Chi siamo? &nbsp; Bankweb \u00e8 controllata e gestita da Turneround Webb AB, una societ\u00e0 di produzione web in Svezia. Jonas Larsson ed Emma Larsson gestiscono e sviluppano il sito su base continua: Emma \u00e8 responsabile della qualit\u00e0 e dei contenuti. [&hellip;]\" \/>\n<meta name=\"twitter:label1\" content=\"Ber\u00e4knad l\u00e4stid\" \/>\n\t<meta name=\"twitter:data1\" content=\"1 minut\" \/>\n<script type=\"application\/ld+json\" class=\"yoast-schema-graph\">{\"@context\":\"https:\/\/schema.org\",\"@graph\":[{\"@type\":\"WebSite\",\"@id\":\"https:\/\/www.bankweb.com\/it\/#website\",\"url\":\"https:\/\/www.bankweb.com\/it\/\",\"name\":\"Bankweb.com Italy\",\"description\":\"\",\"potentialAction\":[{\"@type\":\"SearchAction\",\"target\":{\"@type\":\"EntryPoint\",\"urlTemplate\":\"https:\/\/www.bankweb.com\/it\/?s={search_term_string}\"},\"query-input\":\"required name=search_term_string\"}],\"inLanguage\":\"sv-SE\"},{\"@type\":\"WebPage\",\"@id\":\"https:\/\/www.bankweb.com\/it\/contatto\/#webpage\",\"url\":\"https:\/\/www.bankweb.com\/it\/contatto\/\",\"name\":\"Contatto - Bankweb.com Italy\",\"isPartOf\":{\"@id\":\"https:\/\/www.bankweb.com\/it\/#website\"},\"datePublished\":\"2017-12-19T10:36:31+00:00\",\"dateModified\":\"2017-12-19T10:36:31+00:00\",\"breadcrumb\":{\"@id\":\"https:\/\/www.bankweb.com\/it\/contatto\/#breadcrumb\"},\"inLanguage\":\"sv-SE\",\"potentialAction\":[{\"@type\":\"ReadAction\",\"target\":[\"https:\/\/www.bankweb.com\/it\/contatto\/\"]}]},{\"@type\":\"BreadcrumbList\",\"@id\":\"https:\/\/www.bankweb.com\/it\/contatto\/#breadcrumb\",\"itemListElement\":[{\"@type\":\"ListItem\",\"position\":1,\"name\":\"Hem\",\"item\":\"https:\/\/www.bankweb.com\/it\/\"},{\"@type\":\"ListItem\",\"position\":2,\"name\":\"Contatto\"}]}]}<\/script>\n<!-- \/ Yoast SEO plugin. -->","yoast_head_json":{"title":"Contatto - Bankweb.com Italy","robots":{"index":"index","follow":"follow","max-snippet":"max-snippet:-1","max-image-preview":"max-image-preview:large","max-video-preview":"max-video-preview:-1"},"canonical":"https:\/\/www.bankweb.com\/it\/contatto\/","twitter_card":"summary","twitter_title":"Contatto - Bankweb.com Italy","twitter_description":"Chi siamo? &nbsp; Bankweb \u00e8 controllata e gestita da Turneround Webb AB, una societ\u00e0 di produzione web in Svezia. Jonas Larsson ed Emma Larsson gestiscono e sviluppano il sito su base continua: Emma \u00e8 responsabile della qualit\u00e0 e dei contenuti. [&hellip;]","twitter_misc":{"Ber\u00e4knad l\u00e4stid":"1 minut"},"schema":{"@context":"https:\/\/schema.org","@graph":[{"@type":"WebSite","@id":"https:\/\/www.bankweb.com\/it\/#website","url":"https:\/\/www.bankweb.com\/it\/","name":"Bankweb.com Italy","description":"","potentialAction":[{"@type":"SearchAction","target":{"@type":"EntryPoint","urlTemplate":"https:\/\/www.bankweb.com\/it\/?s={search_term_string}"},"query-input":"required name=search_term_string"}],"inLanguage":"sv-SE"},{"@type":"WebPage","@id":"https:\/\/www.bankweb.com\/it\/contatto\/#webpage","url":"https:\/\/www.bankweb.com\/it\/contatto\/","name":"Contatto - Bankweb.com Italy","isPartOf":{"@id":"https:\/\/www.bankweb.com\/it\/#website"},"datePublished":"2017-12-19T10:36:31+00:00","dateModified":"2017-12-19T10:36:31+00:00","breadcrumb":{"@id":"https:\/\/www.bankweb.com\/it\/contatto\/#breadcrumb"},"inLanguage":"sv-SE","potentialAction":[{"@type":"ReadAction","target":["https:\/\/www.bankweb.com\/it\/contatto\/"]}]},{"@type":"BreadcrumbList","@id":"https:\/\/www.bankweb.com\/it\/contatto\/#breadcrumb","itemListElement":[{"@type":"ListItem","position":1,"name":"Hem","item":"https:\/\/www.bankweb.com\/it\/"},{"@type":"ListItem","position":2,"name":"Contatto"}]}]}},"_links":{"self":[{"href":"https:\/\/www.bankweb.com\/it\/wp-json\/wp\/v2\/pages\/5542"}],"collection":[{"href":"https:\/\/www.bankweb.com\/it\/wp-json\/wp\/v2\/pages"}],"about":[{"href":"https:\/\/www.bankweb.com\/it\/wp-json\/wp\/v2\/types\/page"}],"author":[{"embeddable":true,"href":"https:\/\/www.bankweb.com\/it\/wp-json\/wp\/v2\/users\/4"}],"replies":[{"embeddable":true,"href":"https:\/\/www.bankweb.com\/it\/wp-json\/wp\/v2\/comments?post=5542"}],"version-history":[{"count":1,"href":"https:\/\/www.bankweb.com\/it\/wp-json\/wp\/v2\/pages\/5542\/revisions"}],"predecessor-version":[{"id":5544,"href":"https:\/\/www.bankweb.com\/it\/wp-json\/wp\/v2\/pages\/5542\/revisions\/5544"}],"wp:attachment":[{"href":"https:\/\/www.bankweb.com\/it\/wp-json\/wp\/v2\/media?parent=5542"}],"curies":[{"name":"wp","href":"https:\/\/api.w.org\/{rel}","templated":true}]}}