{"id":5539,"date":"2017-12-19T10:34:56","date_gmt":"2017-12-19T10:34:56","guid":{"rendered":"http:\/\/www.bankweb.com\/it\/?page_id=5539"},"modified":"2018-05-24T09:34:23","modified_gmt":"2018-05-24T09:34:23","slug":"privacy","status":"publish","type":"page","link":"https:\/\/www.bankweb.com\/it\/privacy\/","title":{"rendered":"Privacy"},"content":{"rendered":"<h1 class=\"credith1\">Privacy<\/h1>\n<p>Bankweb.com non raccoglie i tuoi dati personali. Bankweb.com raffronta solo creditori finanziari privati: non siamo responsabili per eventuali prestiti. L&#8217; unica informazione che il nostro sito web salva come file \u00e8 un cookie. Un cookie \u00e8 un file di informazioni che viene inserito nel computer. Se scegli di iscriverti alla nostra newsletter, il tuo indirizzo e-mail viene da noi memorizzato. Si prega di notare che non vendiamo o divulghiamo mai questo tipo di informazioni.<br \/>\n&nbsp;<br \/>\nBankweb utilizza i cookie per misurare il numero di visitatori del nostro sito e per misurare la conversione e per vedere come il sito viene utilizzato. l cookie identificano solo il computer utilizzato e non l&#8217;utente in quanto persona fisica. \u00c8 possibile scegliere di disattivare i cookie nel browser. La rimozione di un cookie dipende dal browser che si utilizza. Utilizza la funzione di aiuto del browser situata nel menu in alto per vedere come eliminare i cookie. Tieni presente che se si disattivano i cookie in un browser, alcune caratteristiche individuali non funzioneranno correttamente.<br \/>\n&nbsp;<br \/>\nPer una panoramica pi\u00f9 dettagliata su come Bankweb.com utilizzi i cookie, si prega di contattare il nostro Servizio Clienti all&#8217;indirizzo info@Bankweb.com.<br \/>\n&nbsp;<br \/>\n<strong>Condizioni generali<\/strong><br \/>\n&nbsp;<br \/>\n<strong>Informazioni personali<\/strong><br \/>\nBankweb non richiede e non memorizza dati personali come numeri di identificazione personale o dati della carta di credito dei visitatori. Nessuna richiesta \u00e8 gestita da Bankweb, solo da creditori terzi. Questo \u00e8 il motivo per cui non ti chiederemo mai i tuoi dati personali.<br \/>\n&nbsp;<br \/>\n<strong>Responsabilit\u00e0<\/strong><br \/>\nBankweb non si assume alcuna responsabilit\u00e0 per eventuali errori, danni o perdite finanziarie successive alla sottoscrizione di un accordo con un creditore terzo. Pertanto, Bankweb non pu\u00f2 essere coinvolta in controversie relative ad accordi con prestatori bancari esterni. Bankweb non invita nessuno a contrarre prestiti. \u00c8 una scelta personale che spetta a te. E se sei indebitato e hai problemi con le tue finanze personali, dovresti astenerti dal richiedere un prestito.<br \/>\n&nbsp;<br \/>\n<strong>Modifica dell&#8217;accordo<\/strong><br \/>\nPossono verificarsi modifiche ai nostri termini e condizioni. Pertanto, assicurati di tenerti aggiornato visitando questa pagina.<br \/>\n&nbsp;<\/p>\n","protected":false},"excerpt":{"rendered":"<p>Privacy Bankweb.com non raccoglie i tuoi dati personali. Bankweb.com raffronta solo creditori finanziari privati: non siamo responsabili per eventuali prestiti. L&#8217; unica informazione che il nostro sito web salva come file \u00e8 un cookie. Un cookie \u00e8 un file di [&hellip;]<\/p>\n","protected":false},"author":4,"featured_media":0,"parent":0,"menu_order":0,"comment_status":"closed","ping_status":"closed","template":"","meta":[],"yoast_head":"<!-- This site is optimized with the Yoast SEO plugin v17.9 - https:\/\/yoast.com\/wordpress\/plugins\/seo\/ -->\n<title>Privacy - Bankweb.com Italy<\/title>\n<meta name=\"robots\" content=\"index, follow, max-snippet:-1, max-image-preview:large, max-video-preview:-1\" \/>\n<link rel=\"canonical\" href=\"https:\/\/www.bankweb.com\/it\/privacy\/\" \/>\n<meta name=\"twitter:card\" content=\"summary\" \/>\n<meta name=\"twitter:title\" content=\"Privacy - Bankweb.com Italy\" \/>\n<meta name=\"twitter:description\" content=\"Privacy Bankweb.com non raccoglie i tuoi dati personali. Bankweb.com raffronta solo creditori finanziari privati: non siamo responsabili per eventuali prestiti. L&#8217; unica informazione che il nostro sito web salva come file \u00e8 un cookie. Un cookie \u00e8 un file di [&hellip;]\" \/>\n<meta name=\"twitter:label1\" content=\"Ber\u00e4knad l\u00e4stid\" \/>\n\t<meta name=\"twitter:data1\" content=\"2 minuter\" \/>\n<script type=\"application\/ld+json\" class=\"yoast-schema-graph\">{\"@context\":\"https:\/\/schema.org\",\"@graph\":[{\"@type\":\"WebSite\",\"@id\":\"https:\/\/www.bankweb.com\/it\/#website\",\"url\":\"https:\/\/www.bankweb.com\/it\/\",\"name\":\"Bankweb.com Italy\",\"description\":\"\",\"potentialAction\":[{\"@type\":\"SearchAction\",\"target\":{\"@type\":\"EntryPoint\",\"urlTemplate\":\"https:\/\/www.bankweb.com\/it\/?s={search_term_string}\"},\"query-input\":\"required name=search_term_string\"}],\"inLanguage\":\"sv-SE\"},{\"@type\":\"WebPage\",\"@id\":\"https:\/\/www.bankweb.com\/it\/privacy\/#webpage\",\"url\":\"https:\/\/www.bankweb.com\/it\/privacy\/\",\"name\":\"Privacy - Bankweb.com Italy\",\"isPartOf\":{\"@id\":\"https:\/\/www.bankweb.com\/it\/#website\"},\"datePublished\":\"2017-12-19T10:34:56+00:00\",\"dateModified\":\"2018-05-24T09:34:23+00:00\",\"breadcrumb\":{\"@id\":\"https:\/\/www.bankweb.com\/it\/privacy\/#breadcrumb\"},\"inLanguage\":\"sv-SE\",\"potentialAction\":[{\"@type\":\"ReadAction\",\"target\":[\"https:\/\/www.bankweb.com\/it\/privacy\/\"]}]},{\"@type\":\"BreadcrumbList\",\"@id\":\"https:\/\/www.bankweb.com\/it\/privacy\/#breadcrumb\",\"itemListElement\":[{\"@type\":\"ListItem\",\"position\":1,\"name\":\"Hem\",\"item\":\"https:\/\/www.bankweb.com\/it\/\"},{\"@type\":\"ListItem\",\"position\":2,\"name\":\"Privacy\"}]}]}<\/script>\n<!-- \/ Yoast SEO plugin. -->","yoast_head_json":{"title":"Privacy - Bankweb.com Italy","robots":{"index":"index","follow":"follow","max-snippet":"max-snippet:-1","max-image-preview":"max-image-preview:large","max-video-preview":"max-video-preview:-1"},"canonical":"https:\/\/www.bankweb.com\/it\/privacy\/","twitter_card":"summary","twitter_title":"Privacy - Bankweb.com Italy","twitter_description":"Privacy Bankweb.com non raccoglie i tuoi dati personali. Bankweb.com raffronta solo creditori finanziari privati: non siamo responsabili per eventuali prestiti. L&#8217; unica informazione che il nostro sito web salva come file \u00e8 un cookie. Un cookie \u00e8 un file di [&hellip;]","twitter_misc":{"Ber\u00e4knad l\u00e4stid":"2 minuter"},"schema":{"@context":"https:\/\/schema.org","@graph":[{"@type":"WebSite","@id":"https:\/\/www.bankweb.com\/it\/#website","url":"https:\/\/www.bankweb.com\/it\/","name":"Bankweb.com Italy","description":"","potentialAction":[{"@type":"SearchAction","target":{"@type":"EntryPoint","urlTemplate":"https:\/\/www.bankweb.com\/it\/?s={search_term_string}"},"query-input":"required name=search_term_string"}],"inLanguage":"sv-SE"},{"@type":"WebPage","@id":"https:\/\/www.bankweb.com\/it\/privacy\/#webpage","url":"https:\/\/www.bankweb.com\/it\/privacy\/","name":"Privacy - Bankweb.com Italy","isPartOf":{"@id":"https:\/\/www.bankweb.com\/it\/#website"},"datePublished":"2017-12-19T10:34:56+00:00","dateModified":"2018-05-24T09:34:23+00:00","breadcrumb":{"@id":"https:\/\/www.bankweb.com\/it\/privacy\/#breadcrumb"},"inLanguage":"sv-SE","potentialAction":[{"@type":"ReadAction","target":["https:\/\/www.bankweb.com\/it\/privacy\/"]}]},{"@type":"BreadcrumbList","@id":"https:\/\/www.bankweb.com\/it\/privacy\/#breadcrumb","itemListElement":[{"@type":"ListItem","position":1,"name":"Hem","item":"https:\/\/www.bankweb.com\/it\/"},{"@type":"ListItem","position":2,"name":"Privacy"}]}]}},"_links":{"self":[{"href":"https:\/\/www.bankweb.com\/it\/wp-json\/wp\/v2\/pages\/5539"}],"collection":[{"href":"https:\/\/www.bankweb.com\/it\/wp-json\/wp\/v2\/pages"}],"about":[{"href":"https:\/\/www.bankweb.com\/it\/wp-json\/wp\/v2\/types\/page"}],"author":[{"embeddable":true,"href":"https:\/\/www.bankweb.com\/it\/wp-json\/wp\/v2\/users\/4"}],"replies":[{"embeddable":true,"href":"https:\/\/www.bankweb.com\/it\/wp-json\/wp\/v2\/comments?post=5539"}],"version-history":[{"count":2,"href":"https:\/\/www.bankweb.com\/it\/wp-json\/wp\/v2\/pages\/5539\/revisions"}],"predecessor-version":[{"id":5618,"href":"https:\/\/www.bankweb.com\/it\/wp-json\/wp\/v2\/pages\/5539\/revisions\/5618"}],"wp:attachment":[{"href":"https:\/\/www.bankweb.com\/it\/wp-json\/wp\/v2\/media?parent=5539"}],"curies":[{"name":"wp","href":"https:\/\/api.w.org\/{rel}","templated":true}]}}