{"id":5203,"date":"2017-08-31T11:30:52","date_gmt":"2017-08-31T11:30:52","guid":{"rendered":"http:\/\/www.bankweb.com\/it\/?page_id=5203"},"modified":"2018-09-04T07:37:00","modified_gmt":"2018-09-04T07:37:00","slug":"start","status":"publish","type":"page","link":"https:\/\/www.bankweb.com\/it\/","title":{"rendered":"Start"},"content":{"rendered":"<div class=\"entryfullfront\">\n<p>    <!--------Slides------>    <\/p>\n<div class=\"carousel slide carousel-fade\" data-ride=\"carousel\">\n\t\t<!-- Wrapper for slides --><\/p>\n<div class=\"carousel-inner\" role=\"listbox\">\n<div class=\"item active\" style=\" background: url(\/it\/images\/slide.jpg) no-repeat top center ;\">\n<div class=\"overlay\">\n<div class=\"ittembold\">\n<div class=\"caption\">Bankweb.com &#8211; <br \/>Confronta le migliori offerte!<\/div>\n<p><a href=\"\" class=\"bluebtn\">Prestiti Personali: scegli online tra i migliori finanziamenti<\/a><\/div>\n<\/div><\/div>\n<div class=\"item\" style=\" background: url(\/it\/images\/slide.jpg) no-repeat top center ;\">\n<div class=\"overlay\">\n<div class=\"ittembold\">\n<div class=\"caption\">Bankweb.com &#8211; <br \/>Confronta le migliori offerte!<\/div>\n<p><a href=\"\"  class=\"bluebtn\">Prestiti Personali: scegli online tra i migliori finanziamenti<\/a><\/div>\n<\/div><\/div>\n<\/p><\/div>\n<p>        <a class=\"left carouselbtn\" href=\".carousel\" role=\"button\" data-slide=\"prev\"><<\/a><br \/>\n        <a class=\"right carouselbtn\" href=\".carousel\" role=\"button\" data-slide=\"next\">><\/a><\/p><\/div>\n<\/div>\n<p>    <!---- below Image Blocks----><\/p>\n<div class=\"container\">\n<div class=\" homeblocks row\">\n<div class=\"col5\">\n<div class=\"inner\" style=\"background-color:#03508e;\">\n<div class=\"border\">\n<div class=\"image\" style=\"background: url(\/it\/images\/cards.png) no-repeat center center ;\"><\/div>\n<h3><a class=\"whitefront\" href=\"https:\/\/www.bankweb.com\/it\/carta\/\">Carte Prepagate<\/a><\/h3>\n<\/p><\/div>\n<\/p><\/div>\n<\/p><\/div>\n<div class=\"col5\">\n<div class=\"inner\" style=\"background-color:#1ebee4;\">\n<div class=\"border\">\n<div class=\"image\" style=\"background: url(\/it\/images\/personal_loan.png) no-repeat center center ;\"><\/div>\n<h3><a class=\"whitefront\" href=\"https:\/\/www.bankweb.com\/it\/prestito\/\">Prestito<\/a><\/h3>\n<\/p><\/div>\n<\/p><\/div>\n<\/p><\/div>\n<div class=\"col5\">\n<div class=\"inner\" style=\"background-color:#1ebee4;\">\n<div class=\"border\">\n<div class=\"image\" style=\"background: url(\/it\/images\/quickloan.png) no-repeat center center ;\"><\/div>\n<h3><a class=\"whitefront\" href=\"https:\/\/www.bankweb.com\/it\/carte-di-credito\/\">Carte di credito<\/a><\/h3>\n<\/p><\/div>\n<\/p><\/div>\n<\/p><\/div>\n<div class=\"col5\">\n<div class=\"inner\"  style=\"background-color:#009ee0;\">\n<div class=\"border\">\n<div class=\"image\" style=\"background: url(\/it\/images\/savings.png) no-repeat center center ;\"><\/div>\n<h3><a class=\"whitefront\" href=\"https:\/\/www.bankweb.com\/it\/conti-deposito\/\">Conti deposito<\/a><\/h3>\n<\/p><\/div>\n<\/p><\/div>\n<\/p><\/div>\n<\/p><\/div>\n<\/p><\/div>\n<\/p><\/div>\n<\/div>\n<h1>Realizza i tuoi sogni e affronta gli imprevisti<\/h1>\n<p>Lungo l\u2019arco della vita, a tutti prima o poi viene in mente l\u2019idea di richiedere un prestito. In effetti sono tante le ragioni per cui abbia un senso farlo: si pu\u00f2 richiedere una piccola somma per fare quel viaggio sempre desiderato, o un aiuto per ristrutturare la propria casa. Un altro ottimo motivo pu\u00f2 essere la voglia di avviare un\u2019impresa e mettersi in proprio, oppure rendere pi\u00f9 competitiva l&#8217;attivit\u00e0 gi\u00e0 esistente.<br \/>\n&nbsp;<br \/>\nAnche se preferiremmo farcela da soli, rimandare la realizzazione del nostro sogno fino al momento in cui avremmo risparmiato l\u2019intera somma pu\u00f2 essere rischioso. Si pu\u00f2 mancare il momento propizio per entrare nel mercato, la spinta emotiva che ci pu\u00f2 far essere vincenti o perdere l\u2019offerta vantaggiosa per l\u2019acquisto dell\u2019auto che ci serve.<br \/>\n&nbsp;<br \/>\nInsomma una volta avuta l\u2019idea, cosa costa sedersi a tavolino, valutare le offerte e considerare davvero l\u2019ipotesi di farci prestare quel denaro?<br \/>\n&nbsp;<\/p>\n<h2>Prestiti personali<\/h2>\n<p>Nel caso vi troviate nella necessit\u00e0 di avere una cifra in contanti, per esempio quando sentite sia arrivato il momento di fare quei lavori di riparazioni non pi\u00f9 rinviabili alla vostra auto, un <a href=\"https:\/\/www.bankweb.com\/it\/prestito\/\">prestito personale<\/a> \u00e8 ci\u00f2 che fa per voi.<br \/>\n&nbsp;<br \/>\n<img loading=\"lazy\" src=\"https:\/\/www.bankweb.com\/it\/wp-content\/uploads\/2018\/05\/prestito-1024x683.jpg\" alt=\"prestito\" width=\"580\" height=\"387\" class=\"alignnone size-large wp-image-5615\" srcset=\"https:\/\/www.bankweb.com\/it\/wp-content\/uploads\/2018\/05\/prestito-1024x683.jpg 1024w, https:\/\/www.bankweb.com\/it\/wp-content\/uploads\/2018\/05\/prestito-300x200.jpg 300w, https:\/\/www.bankweb.com\/it\/wp-content\/uploads\/2018\/05\/prestito-768x512.jpg 768w, https:\/\/www.bankweb.com\/it\/wp-content\/uploads\/2018\/05\/prestito.jpg 1920w\" sizes=\"(max-width: 580px) 100vw, 580px\" \/><br \/>\n&nbsp;<br \/>\nQuesto \u00e8 una tipologia di prestito non finalizzata all\u2019acquisto di uno specifico bene o servizio, che prevede come corrispettivo un tasso d\u2019interesse in aggiunta alla rata mensile. Per ottenerne uno in genere gli istituti finanziari richiedono una fonte di reddito certa. In alternativa, sar\u00e0 necessario trovare qualcuno che vi faccia da garante.<br \/>\n&nbsp;<br \/>\nIn fase di valutazione delle offerte fra le diverse finanziarie, il parametro da tenere in considerazione \u00e8 il TAEG (Tasso Annuo Effettivo Globale) che corrisponde al costo reale che si dovr\u00e0 pagare all\u2019istituto erogante ogni anno, \u00e8 espresso in percentuale ed \u00e8 comprensivo d&#8217;interessi e di tutti i costi accessori.<br \/>\n&nbsp;<\/p>\n<h3>Prestiti veloci<\/h3>\n<p>La vita &#8211; si sa &#8211; \u00e8 piena d&#8217;imprevisti, e nel caso vi trovaste di fronte a un&#8217;emergenza, come delle imminenti spese mediche, un prestito veloce potrebbe essere l\u2019unica soluzione per ottenere il totale necessario.<br \/>\n&nbsp;<br \/>\nSi tratta di prestiti dall&#8217;ammontare contenuto, di solito fino a 5.000 Euro, che certi istituti erogano anche in 24 ore dopo che sar\u00e0 stata presentata loro tutta la documentazione necessaria. Anche in questo caso dimostrare di avere un&#8217;entrata fissa \u00e8 prioritario, tuttavia presentarsi anche con un garante che goda di una solida posizione finanziaria dovrebbe portare a un buon esito della trattativa.<br \/>\n&nbsp;<br \/>\nIl <a href=\"https:\/\/www.bankweb.com\/it\/prestito\/\">prestito veloce<\/a> pu\u00f2 essere sia di tipo personale che finanziario: nel primo caso di solito si hanno dei tassi medio alti. Nel secondo, quando il prestito \u00e8 legato all\u2018acquisto di un bene o servizio, potrebbe essere ottenuto anche a tasso zero.<br \/>\n&nbsp;<\/p>\n<h4>Prestiti per imprese<\/h4>\n<p>Chi ha un&#8217;azienda sa quanto possa essere fondamentale disporre della somma sufficiente per portare avanti i propri affari al momento giusto. A volte per superare un periodo di difficolt\u00e0, altre per avviare un&#8217;iniziativa, come una startup per esempio, che ci faccia fare un salto di qualit\u00e0.<br \/>\n&nbsp;<br \/>\nL\u2019offerta di prestiti per le imprese \u00e8 ampia e se ne trovano dalle caratteristiche molto diverse tra loro. Il che \u00e8 normale considerando la miriade di ragioni che possono portare alla necessit\u00e0 di capitali. Si va dalla costruzione o acquisizione d&#8217;immobili e macchinari, alla ricapitalizzazione aziendale e a nuovi piani d&#8217;investimento.<br \/>\n&nbsp;<br \/>\n<img loading=\"lazy\" src=\"https:\/\/www.bankweb.com\/it\/wp-content\/uploads\/2018\/05\/carte-credit-1024x683.jpg\" alt=\"Carte di credito e carte prepagate\" width=\"580\" height=\"387\" class=\"alignnone size-large wp-image-5616\" srcset=\"https:\/\/www.bankweb.com\/it\/wp-content\/uploads\/2018\/05\/carte-credit-1024x683.jpg 1024w, https:\/\/www.bankweb.com\/it\/wp-content\/uploads\/2018\/05\/carte-credit-300x200.jpg 300w, https:\/\/www.bankweb.com\/it\/wp-content\/uploads\/2018\/05\/carte-credit-768x512.jpg 768w, https:\/\/www.bankweb.com\/it\/wp-content\/uploads\/2018\/05\/carte-credit.jpg 1920w\" sizes=\"(max-width: 580px) 100vw, 580px\" \/><br \/>\n&nbsp;<br \/>\nIn molti casi si pu\u00f2 accedere a dei prestiti agevolati o a fondo perduto, come nel caso in cui si voglia investire nel Mezzogiorno o avviare una micro impresa. In certi casi la soluzione migliore \u00e8 quella di chiedere un leasing, che concede delle condizioni personalizzate. Queste includono anche una copertura assicurativa che permette di godere di una totale tranquillit\u00e0 in caso di furto o danneggiamento del bene.<br \/>\n&nbsp;<\/p>\n<h4>Carte di credito e carte prepagate<\/h4>\n<p>Anche se tutti abbiamo sentito parlare di <a href=\"https:\/\/www.bankweb.com\/it\/carte-di-credito\/\">carte di credito<\/a>, negli ultimi anni con l&#8217;aumentare delle offerte si sono venute a creare una moltitudine di carte elettroniche che danno diversi servizi e vantaggi.<br \/>\n&nbsp;<br \/>\nLe carte di credito vere e proprie sono quelle collegate a un conto corrente bancario, che permettono di acquistare anche quando non si dispone della somma al momento, perch\u00e9 essa viene accreditata successivamente, di solito entro 30 giorni e a interesse zero. Altri tipi di carte prevedono un pagamento rateizzato a interesse. In questo caso si parla <a href=\"https:\/\/www.bankweb.com\/it\/carte-di-credito\/\">di carte revolving<\/a>.<br \/>\n&nbsp;<br \/>\nSe invece si volesse limitare l\u2019importo di spese a una somma prestabilita, come nel caso in cui si voglia dare la carta (ad esempio) al figlio universitario fuori sede, la soluzione migliore \u00e8 una <a href=\"https:\/\/www.bankweb.com\/it\/carta\/\">carta prepagata<\/a> o carta di debito. I vantaggi principali sono quelli di tenere sotto controllo le spese, perch\u00e9 permette di fare acquisti fino all\u2019esaurimento del denaro pre caricato, e il fatto che non \u00e8 necessario collegarla a un conto corrente, permettendo a chiunque di disporre di un metodo di pagamento elettronico utilizzabile in tutto il mondo.<\/p>\n","protected":false},"excerpt":{"rendered":"<p>Bankweb.com &#8211; Confronta le migliori offerte! Prestiti Personali: scegli online tra i migliori finanziamenti Bankweb.com &#8211; Confronta le migliori offerte! Prestiti Personali: scegli online tra i migliori finanziamenti Carte Prepagate Prestito Carte di credito Conti deposito Realizza i tuoi sogni [&hellip;]<\/p>\n","protected":false},"author":4,"featured_media":0,"parent":0,"menu_order":0,"comment_status":"closed","ping_status":"closed","template":"","meta":[],"yoast_head":"<!-- This site is optimized with the Yoast SEO plugin v17.9 - https:\/\/yoast.com\/wordpress\/plugins\/seo\/ -->\n<title>Prestiti - Carte de credito - scegli online tra i migliori finanziamenti - Bankweb.com<\/title>\n<meta name=\"description\" content=\"Le offerte di prestito personale proposte dagli istituti finanziari italiani variano a seconda della tipologia di finanziamento richiesto, alla durata ed ai tassi proposti dall&#039;istituto di credito\" \/>\n<meta name=\"robots\" content=\"index, follow, max-snippet:-1, max-image-preview:large, max-video-preview:-1\" \/>\n<link rel=\"canonical\" href=\"https:\/\/www.bankweb.com\/it\/\" \/>\n<meta name=\"twitter:card\" content=\"summary\" \/>\n<meta name=\"twitter:title\" content=\"Prestiti - Carte de credito - scegli online tra i migliori finanziamenti - Bankweb.com\" \/>\n<meta name=\"twitter:description\" content=\"Le offerte di prestito personale proposte dagli istituti finanziari italiani variano a seconda della tipologia di finanziamento richiesto, alla durata ed ai tassi proposti dall&#039;istituto di credito\" \/>\n<meta name=\"twitter:image\" content=\"https:\/\/www.bankweb.com\/it\/wp-content\/uploads\/2018\/05\/prestito.jpg\" \/>\n<meta name=\"twitter:label1\" content=\"Ber\u00e4knad l\u00e4stid\" \/>\n\t<meta name=\"twitter:data1\" content=\"4 minuter\" \/>\n<script type=\"application\/ld+json\" class=\"yoast-schema-graph\">{\"@context\":\"https:\/\/schema.org\",\"@graph\":[{\"@type\":\"WebSite\",\"@id\":\"https:\/\/www.bankweb.com\/it\/#website\",\"url\":\"https:\/\/www.bankweb.com\/it\/\",\"name\":\"Bankweb.com Italy\",\"description\":\"\",\"potentialAction\":[{\"@type\":\"SearchAction\",\"target\":{\"@type\":\"EntryPoint\",\"urlTemplate\":\"https:\/\/www.bankweb.com\/it\/?s={search_term_string}\"},\"query-input\":\"required name=search_term_string\"}],\"inLanguage\":\"sv-SE\"},{\"@type\":\"ImageObject\",\"@id\":\"https:\/\/www.bankweb.com\/it\/#primaryimage\",\"inLanguage\":\"sv-SE\",\"url\":\"https:\/\/www.bankweb.com\/it\/wp-content\/uploads\/2018\/05\/prestito.jpg\",\"contentUrl\":\"https:\/\/www.bankweb.com\/it\/wp-content\/uploads\/2018\/05\/prestito.jpg\",\"width\":1920,\"height\":1280,\"caption\":\"prestito\"},{\"@type\":\"WebPage\",\"@id\":\"https:\/\/www.bankweb.com\/it\/#webpage\",\"url\":\"https:\/\/www.bankweb.com\/it\/\",\"name\":\"Prestiti - Carte de credito - scegli online tra i migliori finanziamenti - Bankweb.com\",\"isPartOf\":{\"@id\":\"https:\/\/www.bankweb.com\/it\/#website\"},\"primaryImageOfPage\":{\"@id\":\"https:\/\/www.bankweb.com\/it\/#primaryimage\"},\"datePublished\":\"2017-08-31T11:30:52+00:00\",\"dateModified\":\"2018-09-04T07:37:00+00:00\",\"description\":\"Le offerte di prestito personale proposte dagli istituti finanziari italiani variano a seconda della tipologia di finanziamento richiesto, alla durata ed ai tassi proposti dall'istituto di credito\",\"breadcrumb\":{\"@id\":\"https:\/\/www.bankweb.com\/it\/#breadcrumb\"},\"inLanguage\":\"sv-SE\",\"potentialAction\":[{\"@type\":\"ReadAction\",\"target\":[\"https:\/\/www.bankweb.com\/it\/\"]}]},{\"@type\":\"BreadcrumbList\",\"@id\":\"https:\/\/www.bankweb.com\/it\/#breadcrumb\",\"itemListElement\":[{\"@type\":\"ListItem\",\"position\":1,\"name\":\"Hem\",\"item\":\"https:\/\/www.bankweb.com\/it\/\"},{\"@type\":\"ListItem\",\"position\":2,\"name\":\"Start\"}]}]}<\/script>\n<!-- \/ Yoast SEO plugin. -->","yoast_head_json":{"title":"Prestiti - Carte de credito - scegli online tra i migliori finanziamenti - Bankweb.com","description":"Le offerte di prestito personale proposte dagli istituti finanziari italiani variano a seconda della tipologia di finanziamento richiesto, alla durata ed ai tassi proposti dall'istituto di credito","robots":{"index":"index","follow":"follow","max-snippet":"max-snippet:-1","max-image-preview":"max-image-preview:large","max-video-preview":"max-video-preview:-1"},"canonical":"https:\/\/www.bankweb.com\/it\/","twitter_card":"summary","twitter_title":"Prestiti - Carte de credito - scegli online tra i migliori finanziamenti - Bankweb.com","twitter_description":"Le offerte di prestito personale proposte dagli istituti finanziari italiani variano a seconda della tipologia di finanziamento richiesto, alla durata ed ai tassi proposti dall'istituto di credito","twitter_image":"https:\/\/www.bankweb.com\/it\/wp-content\/uploads\/2018\/05\/prestito.jpg","twitter_misc":{"Ber\u00e4knad l\u00e4stid":"4 minuter"},"schema":{"@context":"https:\/\/schema.org","@graph":[{"@type":"WebSite","@id":"https:\/\/www.bankweb.com\/it\/#website","url":"https:\/\/www.bankweb.com\/it\/","name":"Bankweb.com Italy","description":"","potentialAction":[{"@type":"SearchAction","target":{"@type":"EntryPoint","urlTemplate":"https:\/\/www.bankweb.com\/it\/?s={search_term_string}"},"query-input":"required name=search_term_string"}],"inLanguage":"sv-SE"},{"@type":"ImageObject","@id":"https:\/\/www.bankweb.com\/it\/#primaryimage","inLanguage":"sv-SE","url":"https:\/\/www.bankweb.com\/it\/wp-content\/uploads\/2018\/05\/prestito.jpg","contentUrl":"https:\/\/www.bankweb.com\/it\/wp-content\/uploads\/2018\/05\/prestito.jpg","width":1920,"height":1280,"caption":"prestito"},{"@type":"WebPage","@id":"https:\/\/www.bankweb.com\/it\/#webpage","url":"https:\/\/www.bankweb.com\/it\/","name":"Prestiti - Carte de credito - scegli online tra i migliori finanziamenti - Bankweb.com","isPartOf":{"@id":"https:\/\/www.bankweb.com\/it\/#website"},"primaryImageOfPage":{"@id":"https:\/\/www.bankweb.com\/it\/#primaryimage"},"datePublished":"2017-08-31T11:30:52+00:00","dateModified":"2018-09-04T07:37:00+00:00","description":"Le offerte di prestito personale proposte dagli istituti finanziari italiani variano a seconda della tipologia di finanziamento richiesto, alla durata ed ai tassi proposti dall'istituto di credito","breadcrumb":{"@id":"https:\/\/www.bankweb.com\/it\/#breadcrumb"},"inLanguage":"sv-SE","potentialAction":[{"@type":"ReadAction","target":["https:\/\/www.bankweb.com\/it\/"]}]},{"@type":"BreadcrumbList","@id":"https:\/\/www.bankweb.com\/it\/#breadcrumb","itemListElement":[{"@type":"ListItem","position":1,"name":"Hem","item":"https:\/\/www.bankweb.com\/it\/"},{"@type":"ListItem","position":2,"name":"Start"}]}]}},"_links":{"self":[{"href":"https:\/\/www.bankweb.com\/it\/wp-json\/wp\/v2\/pages\/5203"}],"collection":[{"href":"https:\/\/www.bankweb.com\/it\/wp-json\/wp\/v2\/pages"}],"about":[{"href":"https:\/\/www.bankweb.com\/it\/wp-json\/wp\/v2\/types\/page"}],"author":[{"embeddable":true,"href":"https:\/\/www.bankweb.com\/it\/wp-json\/wp\/v2\/users\/4"}],"replies":[{"embeddable":true,"href":"https:\/\/www.bankweb.com\/it\/wp-json\/wp\/v2\/comments?post=5203"}],"version-history":[{"count":38,"href":"https:\/\/www.bankweb.com\/it\/wp-json\/wp\/v2\/pages\/5203\/revisions"}],"predecessor-version":[{"id":5649,"href":"https:\/\/www.bankweb.com\/it\/wp-json\/wp\/v2\/pages\/5203\/revisions\/5649"}],"wp:attachment":[{"href":"https:\/\/www.bankweb.com\/it\/wp-json\/wp\/v2\/media?parent=5203"}],"curies":[{"name":"wp","href":"https:\/\/api.w.org\/{rel}","templated":true}]}}