{"id":5933,"date":"2018-05-25T07:45:26","date_gmt":"2018-05-25T07:45:26","guid":{"rendered":"https:\/\/www.bankweb.com\/fr\/?page_id=5933"},"modified":"2018-08-23T12:10:15","modified_gmt":"2018-08-23T12:10:15","slug":"prepayees","status":"publish","type":"page","link":"https:\/\/www.bankweb.com\/fr\/prepayees\/","title":{"rendered":"Pr\u00e9pay\u00e9es"},"content":{"rendered":"<h1 class=\"kredith1\">Les cartes pr\u00e9pay\u00e9es en France<\/h1>\n<p>&nbsp;<\/p>\n<div class=\"grid01 grid003 grid009\">\n<div class=\"th1-row\">\n<div class=\"th01 th00028   img1 l\"><span><b><img decoding=\"async\" alt=\"\" src=\"\/nl\/bilder\/infoknapporg1.png\" title=\"Cartes de cr\u00e9dit\"><\/b>Cartes de cr\u00e9dit<\/span><\/div>\n<div class=\"th01 th0068 l\"><span><b><img decoding=\"async\" alt=\"\" src=\"\/nl\/bilder\/infoknapporg1.png\" title=\"Information\"><\/b>Information<\/span><\/div>\n<div class=\"th01 th0048 l\"><span><b><img decoding=\"async\" alt=\"\" src=\"\/nl\/bilder\/infoknapporg1.png\" title=\"Prime\"><\/b>Prime<\/span><\/div>\n<div class=\"th01 th0058 img02 l\"><span><b><img decoding=\"async\" alt=\"\" src=\"\/nl\/bilder\/infoknapporg1.png\" title=\"Appliquer\"><\/b>Appliquer<\/span><\/div>\n<div class=\"c\"><\/div>\n<\/div>\n<div class=\"td1-row\">\n<div class=\"td01 th00028  img1 l\"><img loading=\"lazy\" decoding=\"async\" src=\"\/fr\/wp-content\/uploads\/2018\/05\/anytimevisa.jpg\" alt=\"Anytime mastercard\" width=\"217\" height=\"137\" class=\"alignnone size-full wp-image-5651\" \/><br \/>\n        <span><b><img decoding=\"async\" title=\"L\u00e5nef\u00f6retag\" src=\"\/fr\/bilder\/infoknapporg1.png\" alt=\"\"><\/b>F\u00f6retag <\/span>\n        <\/p>\n<\/div>\n<div class=\"td01 th0068 l\">\n         <span><b><img decoding=\"async\" title=\"Max och minimi belopp att l\u00e5na\" src=\"\/nl\/bilder\/infoknapporg1.png\" alt=\"\"><\/b> <\/span><\/p>\n<div class=\"betalmob\"><img decoding=\"async\" src=\"\/fr\/bilder\/kreditbock.png\" style=\"padding-right: 5px;\">Carte grav\u00e9e en relief<\/div>\n<div class=\"betalmob\"><img decoding=\"async\" src=\"\/fr\/bilder\/kreditbock.png\" style=\"padding-right: 5px;\">Puce argent\u00e9e<\/div>\n<div class=\"betalmob\"><img decoding=\"async\" src=\"\/fr\/bilder\/kreditbock.png\" style=\"padding-right: 5px;\">Paiement sans contact<\/div>\n<div class=\"betalmob\"><img decoding=\"async\" src=\"\/fr\/bilder\/kreditbock.png\" style=\"padding-right: 5px;\">Retrait dans tous les distributeurs du monde<\/div>\n<div class=\"betalmob\"><img decoding=\"async\" src=\"\/fr\/bilder\/kreditbock.png\" style=\"padding-right: 5px;\">Bloquer ou d\u00e9bloquer la carte<\/div>\n<\/p>\n<\/div>\n<div class=\"td01 th0048 l\">\n        <span><b><img decoding=\"async\" title=\"Den effektiva r\u00e4ntan\" src=\"\/fr\/bilder\/infoknapporg1.png\" alt=\"\"><\/b>Bonus:<\/span><br \/>\n        <font color=\"#333\">Mastercard &#8211; 9,5\u20ac\/mois<\/font><\/p><\/div>\n<div class=\"td01 th0058 img03 l\"><span><b><img decoding=\"async\" title=\"\" src=\"\/fr\/bilder\/infoknapporg1.png\" alt=\"\"><\/b>Ans\u00f6k<\/span><\/p>\n<form method=\"post\" action=\"\/fr\/wp-content\/themes\/zeemagazine\/affiliate_form.php\" target=\"_blank\">\n         <input type=\"hidden\" name=\"bank\" value=\"anytimefr\"><br \/>\n         <input type=\"image\" src=\"\/fr\/bilder\/button_appliquer.png\" alt=\"kontakt\"><br \/>\n        <\/form>\n<\/p>\n<\/div>\n<div class=\"c\"><\/div>\n<\/div>\n<div class=\"td1-row\">\n<div class=\"td01 th00028  img1 l\"><img loading=\"lazy\" decoding=\"async\" src=\"\/fr\/wp-content\/uploads\/2018\/05\/smartpay.png\" alt=\"Smartpay mastercard\" width=\"217\" height=\"137\" class=\"alignnone size-full wp-image-5651\" \/><br \/>\n        <span><b><img decoding=\"async\" title=\"L\u00e5nef\u00f6retag\" src=\"\/fr\/bilder\/infoknapporg1.png\" alt=\"\"><\/b>F\u00f6retag <\/span>\n        <\/p>\n<\/div>\n<div class=\"td01 th0068 l\">\n         <span><b><img decoding=\"async\" title=\"Max och minimi belopp att l\u00e5na\" src=\"\/nl\/bilder\/infoknapporg1.png\" alt=\"\"><\/b> <\/span><\/p>\n<div class=\"betalmob\"><img decoding=\"async\" src=\"\/fr\/bilder\/kreditbock.png\" style=\"padding-right: 5px;\">Un acc\u00e8s en temps r\u00e9el \u00e0 vos op\u00e9rations<\/div>\n<div class=\"betalmob\"><img decoding=\"async\" src=\"\/fr\/bilder\/kreditbock.png\" style=\"padding-right: 5px;\">Un affichage imm\u00e9diat de vos d\u00e9penses<\/div>\n<div class=\"betalmob\"><img decoding=\"async\" src=\"\/fr\/bilder\/kreditbock.png\" style=\"padding-right: 5px;\">Un outil de suivi avec cat\u00e9gorisation des d\u00e9penses<\/div>\n<div class=\"betalmob\"><img decoding=\"async\" src=\"\/fr\/bilder\/kreditbock.png\" style=\"padding-right: 5px;\">Le choix entre carte simple ou surclass\u00e9e<\/div>\n<div class=\"betalmob\"><img decoding=\"async\" src=\"\/fr\/bilder\/kreditbock.png\" style=\"padding-right: 5px;\">La possibilit\u00e9 d\u2019acqu\u00e9rir jusqu\u2019\u00e0 4 cartes<\/div>\n<\/p>\n<\/div>\n<div class=\"td01 th0048 l\">\n        <span><b><img decoding=\"async\" title=\"Den effektiva r\u00e4ntan\" src=\"\/fr\/bilder\/infoknapporg1.png\" alt=\"\"><\/b>Bonus:<\/span><br \/>\n        <font color=\"#333\">Mastercard &#8211; 9,90\u20ac \u00e0 la commande<\/font><\/p><\/div>\n<div class=\"td01 th0058 img03 l\"><span><b><img decoding=\"async\" title=\"\" src=\"\/fr\/bilder\/infoknapporg1.png\" alt=\"\"><\/b>Ans\u00f6k<\/span><\/p>\n<form method=\"post\" action=\"\/fr\/wp-content\/themes\/zeemagazine\/affiliate_form.php\" target=\"_blank\">\n         <input type=\"hidden\" name=\"bank\" value=\"smartpayfr\"><br \/>\n         <input type=\"image\" src=\"\/fr\/bilder\/button_appliquer.png\" alt=\"kontakt\"><br \/>\n        <\/form>\n<\/p>\n<\/div>\n<div class=\"c\"><\/div>\n<\/div>\n<div class=\"td1-row\">\n<div class=\"td01 th00028  img1 l\"><img loading=\"lazy\" decoding=\"async\" src=\"\/fr\/wp-content\/uploads\/2018\/05\/viabuy.png\" alt=\"Viabuy mastercard\" width=\"217\" height=\"137\" class=\"alignnone size-full wp-image-5651\" \/><br \/>\n        <span><b><img decoding=\"async\" title=\"L\u00e5nef\u00f6retag\" src=\"\/fr\/bilder\/infoknapporg1.png\" alt=\"\"><\/b>F\u00f6retag <\/span>\n        <\/p>\n<\/div>\n<div class=\"td01 th0068 l\">\n         <span><b><img decoding=\"async\" title=\"Max och minimi belopp att l\u00e5na\" src=\"\/nl\/bilder\/infoknapporg1.png\" alt=\"\"><\/b> <\/span><\/p>\n<div class=\"betalmob\"><img decoding=\"async\" src=\"\/fr\/bilder\/kreditbock.png\" style=\"padding-right: 5px;\">Pas de v\u00e9rifications de solvabilit\u00e9<\/div>\n<div class=\"betalmob\"><img decoding=\"async\" src=\"\/fr\/bilder\/kreditbock.png\" style=\"padding-right: 5px;\">Parfaite ma\u00eetrise des d\u00e9penses<\/div>\n<div class=\"betalmob\"><img decoding=\"async\" src=\"\/fr\/bilder\/kreditbock.png\" style=\"padding-right: 5px;\">Une formidable alternative aux comptes bancaires. Vous pouvez m\u00eame faire virer vos salaires sur votre carte<\/div>\n<\/p>\n<\/div>\n<div class=\"td01 th0048 l\">\n        <span><b><img decoding=\"async\" title=\"Den effektiva r\u00e4ntan\" src=\"\/fr\/bilder\/infoknapporg1.png\" alt=\"\"><\/b>Bonus:<\/span><br \/>\n        <font color=\"#333\">Mastercard &#8211; Compte VIABUY avec carte 69,90\u20ac<\/font><\/p><\/div>\n<div class=\"td01 th0058 img03 l\"><span><b><img decoding=\"async\" title=\"\" src=\"\/fr\/bilder\/infoknapporg1.png\" alt=\"\"><\/b>Ans\u00f6k<\/span><\/p>\n<form method=\"post\" action=\"\/fr\/wp-content\/themes\/zeemagazine\/affiliate_form.php\" target=\"_blank\">\n         <input type=\"hidden\" name=\"bank\" value=\"viabuyfr\"><br \/>\n         <input type=\"image\" src=\"\/fr\/bilder\/button_appliquer.png\" alt=\"kontakt\"><br \/>\n        <\/form>\n<\/p>\n<\/div>\n<div class=\"c\"><\/div>\n<\/div>\n<div class=\"td1-row\">\n<div class=\"td01 th00028  img1 l\"><img loading=\"lazy\" decoding=\"async\" src=\"\/fr\/wp-content\/uploads\/2018\/05\/veritas.png\" alt=\"Veritas mastercard\" width=\"217\" height=\"137\" class=\"alignnone size-full wp-image-5651\" \/><br \/>\n        <span><b><img decoding=\"async\" title=\"L\u00e5nef\u00f6retag\" src=\"\/fr\/bilder\/infoknapporg1.png\" alt=\"\"><\/b>F\u00f6retag <\/span>\n        <\/p>\n<\/div>\n<div class=\"td01 th0068 l\">\n         <span><b><img decoding=\"async\" title=\"Max och minimi belopp att l\u00e5na\" src=\"\/nl\/bilder\/infoknapporg1.png\" alt=\"\"><\/b> <\/span><\/p>\n<div class=\"betalmob\"><img decoding=\"async\" src=\"\/fr\/bilder\/kreditbock.png\" style=\"padding-right: 5px;\">IBAN\/ RIB personnel inclus<\/div>\n<div class=\"betalmob\"><img decoding=\"async\" src=\"\/fr\/bilder\/kreditbock.png\" style=\"padding-right: 5px;\">Aucun relev\u00e9 des d\u00e9penses envoy\u00e9 dans votre boite \u00e0 lettre.<\/div>\n<div class=\"betalmob\"><img decoding=\"async\" src=\"\/fr\/bilder\/kreditbock.png\" style=\"padding-right: 5px;\">Vous la rechargez en esp\u00e8ces dans n&#8217;importe quel bureau de tabac <\/div>\n<\/p>\n<\/div>\n<div class=\"td01 th0048 l\">\n        <span><b><img decoding=\"async\" title=\"Den effektiva r\u00e4ntan\" src=\"\/fr\/bilder\/infoknapporg1.png\" alt=\"\"><\/b>Bonus:<\/span><br \/>\n        <font color=\"#333\">Mastercard &#8211; 29,90\u20ac \u00e0 la commande<\/font><\/p><\/div>\n<div class=\"td01 th0058 img03 l\"><span><b><img decoding=\"async\" title=\"\" src=\"\/fr\/bilder\/infoknapporg1.png\" alt=\"\"><\/b>Ans\u00f6k<\/span><\/p>\n<form method=\"post\" action=\"\/fr\/wp-content\/themes\/zeemagazine\/affiliate_form.php\" target=\"_blank\">\n         <input type=\"hidden\" name=\"bank\" value=\"vertitasfr\"><br \/>\n         <input type=\"image\" src=\"\/fr\/bilder\/button_appliquer.png\" alt=\"kontakt\"><br \/>\n        <\/form>\n<\/p>\n<\/div>\n<div class=\"c\"><\/div>\n<\/div>\n<\/div>\n<p>&nbsp;<\/p>\n<p><h2>Qu&#8217;est-ce qu&#8217;une carte pr\u00e9pay\u00e9e ?<\/h2>\n<p>Depuis plusieurs ann\u00e9es, de nouvelles formes de cartes de paiement sont apparues en France: il s&#8217;agit des cartes pr\u00e9pay\u00e9es qui ont les caract\u00e9ristiques suivantes:<br \/>\n&nbsp;<br \/>\nElles sont affili\u00e9es au r\u00e9seau Mastercard ou Visa.<br \/>\nElles permettent de r\u00e9gler des achats dans les boutiques en ligne, en France et \u00e0 l&#8217;\u00e9tranger.<br \/>\nElles offrent \u00e9galement la possibilit\u00e9 de faire des retraits partout dans le monde dans tous les distributeurs de billets acceptant Mastercard ou Visa.<br \/>\nElles sont plafonn\u00e9es: c\u2019est-\u00e0-dire qu\u2019il y a des limites de retrait et de paiement m\u00eame quand l&#8217;argent est disponible sur la carte.<br \/>\n&nbsp;<\/p>\n<h2>En quoi une carte pr\u00e9pay\u00e9e est-elle diff\u00e9rente d&#8217;une carte bancaire?<\/h2>\n<p>&nbsp;<br \/>\n<img loading=\"lazy\" decoding=\"async\" src=\"https:\/\/www.bankweb.com\/fr\/wp-content\/uploads\/2018\/05\/prepaid-1024x727.jpg\" alt=\"Les cartes pr\u00e9pay\u00e9es\" width=\"580\" height=\"412\" class=\"alignnone size-large wp-image-5938\" srcset=\"https:\/\/www.bankweb.com\/fr\/wp-content\/uploads\/2018\/05\/prepaid-1024x727.jpg 1024w, https:\/\/www.bankweb.com\/fr\/wp-content\/uploads\/2018\/05\/prepaid-300x213.jpg 300w, https:\/\/www.bankweb.com\/fr\/wp-content\/uploads\/2018\/05\/prepaid-768x546.jpg 768w, https:\/\/www.bankweb.com\/fr\/wp-content\/uploads\/2018\/05\/prepaid.jpg 1920w\" sizes=\"auto, (max-width: 580px) 100vw, 580px\" \/><br \/>\n&nbsp;<br \/>\nUne carte pr\u00e9pay\u00e9e est vendue sans avoir recours \u00e0 un \u00e9tablissement bancaire et \u00e0 l\u2019ouverture d\u2019un compte, elles sont rechargeables. C&#8217;est-\u00e0-dire qu&#8217;elles fonctionnent comme un forfait bloqu\u00e9: on peut effectuer des op\u00e9rations dans la limite du montant disponible, mais si on tente d\u2019effectuer une transaction sup\u00e9rieure au solde disponible sur la carte, l&#8217;op\u00e9ration de retrait ou de paiement est refus\u00e9e.<br \/>\n&nbsp;<br \/>\nContrairement aux cartes de cr\u00e9dit, toutes les op\u00e9rations sont imm\u00e9diatement d\u00e9bit\u00e9es sur le solde de la carte. Ainsi, il est impossible de se retrouver &#8221;\u00e0 d\u00e9couvert&#8221; ou avec un cr\u00e9dit avec ce type de cartes. C&#8217;est donc une carte id\u00e9ale pour un jeune adulte qui est entrain d\u2019apprendre \u00e0 g\u00e9rer son budget.<br \/>\nLes cartes pr\u00e9pay\u00e9es sont toutes vendues en ligne.<br \/>\n&nbsp;<br \/>\nEn cas de piratage des donn\u00e9es de la carte pr\u00e9pay\u00e9e, le risque est minime, puisqu&#8217;on peut juste utiliser le solde disponible sur la carte, pas comme la carte de cr\u00e9dit qui est reli\u00e9e \u00e0 un compte bancaire.<br \/>\n&nbsp;<br \/>\nLes cartes pr\u00e9pay\u00e9es sont accessibles aux personnes qui font l&#8217;objet d&#8217;une interdiction bancaire, qui sont fich\u00e9es \u00e0 la Banque de France ou qui sont dans l&#8217;incapacit\u00e9 de prouver leurs revenus.<br \/>\nUne carte pr\u00e9pay\u00e9e peut \u00eatre offerte en cadeau.<br \/>\n&nbsp;<\/p>\n<h2>Comment fonctionne une carte pr\u00e9pay\u00e9e rechargeable?<\/h2>\n<p>Pour commander une carte pr\u00e9pay\u00e9e en ligne, il suffit de remplir un formulaire et de fournir des justificatifs d&#8217;identit\u00e9, g\u00e9n\u00e9ralement une pi\u00e8ce d&#8217;identit\u00e9. La carte arrive sous quelques jours, on l&#8217;active en se connectant sur internet \u00e0 travers le site de l\u2019\u00e9metteur, on la recharge et on peut commencer \u00e0 l&#8217;utiliser.<br \/>\n&nbsp;<br \/>\n<img loading=\"lazy\" decoding=\"async\" src=\"https:\/\/www.bankweb.com\/fr\/wp-content\/uploads\/2018\/05\/Les-cartes-1024x683.jpg\" alt=\"carte pr\u00e9pay\u00e9e\" width=\"580\" height=\"387\" class=\"alignnone size-large wp-image-5939\" srcset=\"https:\/\/www.bankweb.com\/fr\/wp-content\/uploads\/2018\/05\/Les-cartes-1024x683.jpg 1024w, https:\/\/www.bankweb.com\/fr\/wp-content\/uploads\/2018\/05\/Les-cartes-300x200.jpg 300w, https:\/\/www.bankweb.com\/fr\/wp-content\/uploads\/2018\/05\/Les-cartes-768x512.jpg 768w, https:\/\/www.bankweb.com\/fr\/wp-content\/uploads\/2018\/05\/Les-cartes.jpg 1920w\" sizes=\"auto, (max-width: 580px) 100vw, 580px\" \/><br \/>\n&nbsp;<br \/>\nElle est semblable \u00e0 une carte bancaire ordinaire. Une fois activ\u00e9e, la carte pr\u00e9pay\u00e9e peut se recharger de plusieurs mani\u00e8res en fonction de l&#8217;\u00e9metteur: en effectuant un virement bancaire sur internet, en recevant un paiement directement sur la carte, en faisant un versement par carte bancaire, ou en achetant une carte de recharge chez un kiosque.<br \/>\n&nbsp;<\/p>\n<h3>Quels sont les frais applicables?<\/h3>\n<p>Les frais des cartes pr\u00e9pay\u00e9es varient d&#8217;une offre \u00e0 une autre. G\u00e9n\u00e9ralement, on retrouve:<\/p>\n<ul>\n<li>Les frais d&#8217;achat de la carte: ils sont factur\u00e9s une seule fois au moment de l&#8217;achat. Certains prestataires ne font pas payer de frais d&#8217;achat.<\/li>\n<li>Les frais de gestion: il s&#8217;agit des frais factur\u00e9s au titre de la gestion annuelle de la carte. Certaines offres proposent des frais de gestion gratuits.<\/li>\n<li>Les frais de retrait: il s&#8217;agit de frais fixes qui sont pr\u00e9lev\u00e9s \u00e0 chaque fois qu&#8217;on effectue un retrait d&#8217;un distributeur de billets, quel que soit le montant du retrait.<\/li>\n<li>Les frais de chargement: ce sont les frais factur\u00e9s \u00e0 chaque fois qu&#8217;on verse de l&#8217;argent sur la carte. Ils repr\u00e9sentent g\u00e9n\u00e9ralement un pourcentage du montant d\u00e9pos\u00e9 mais ils ne sont pas factur\u00e9s par certains \u00e9metteurs.<\/li>\n<li>Des frais de transaction sur les achats r\u00e9gl\u00e9s avec la carte, surtout \u00e0 l&#8217;\u00e9tranger. Avec certaines cartes, il n\u2019y a pas de frais si on ne d\u00e9passe pas une certaine somme.<\/li>\n<li>Les frais de conversion si l&#8217;op\u00e9ration est effectu\u00e9e dans une monnaie autre que celle de la carte.<\/li>\n<\/ul>\n","protected":false},"excerpt":{"rendered":"<p>Les cartes pr\u00e9pay\u00e9es en France &nbsp; Cartes de cr\u00e9dit Information Prime Appliquer F\u00f6retag Carte grav\u00e9e en relief Puce argent\u00e9e Paiement sans contact Retrait dans tous les distributeurs du monde Bloquer ou d\u00e9bloquer la carte Bonus: Mastercard &#8211; 9,5\u20ac\/mois Ans\u00f6k F\u00f6retag [&hellip;]<\/p>\n","protected":false},"author":4,"featured_media":0,"parent":0,"menu_order":0,"comment_status":"closed","ping_status":"closed","template":"","meta":{"footnotes":""},"class_list":["post-5933","page","type-page","status-publish","hentry"],"yoast_head":"<!-- This site is optimized with the Yoast SEO plugin v19.4 - https:\/\/yoast.com\/wordpress\/plugins\/seo\/ -->\n<title>Comparatif meilleures cartes bancaires pr\u00e9pay\u00e9es - Bankweb.com<\/title>\n<meta name=\"description\" content=\"Les cartes bancaires pr\u00e9pay\u00e9es sont un r\u00e9el atout lors de commandes en ligne sur Internet et permettent de ne pas \u00eatre vuln\u00e9rable \u00e0 la fraude bancaire. En effet, vous ma\u00eetrisez tous les param\u00e8tres et votre solde est isol\u00e9 de votre compte courant habituel.\" \/>\n<meta name=\"robots\" content=\"index, follow, max-snippet:-1, max-image-preview:large, max-video-preview:-1\" \/>\n<link rel=\"canonical\" href=\"https:\/\/www.bankweb.com\/fr\/prepayees\/\" \/>\n<meta name=\"twitter:card\" content=\"summary\" \/>\n<meta name=\"twitter:title\" content=\"Comparatif meilleures cartes bancaires pr\u00e9pay\u00e9es - Bankweb.com\" \/>\n<meta name=\"twitter:description\" content=\"Les cartes bancaires pr\u00e9pay\u00e9es sont un r\u00e9el atout lors de commandes en ligne sur Internet et permettent de ne pas \u00eatre vuln\u00e9rable \u00e0 la fraude bancaire. En effet, vous ma\u00eetrisez tous les param\u00e8tres et votre solde est isol\u00e9 de votre compte courant habituel.\" \/>\n<meta name=\"twitter:image\" content=\"https:\/\/www.bankweb.com\/nl\/bilder\/infoknapporg1.png\" \/>\n<meta name=\"twitter:label1\" content=\"Ber\u00e4knad l\u00e4stid\" \/>\n\t<meta name=\"twitter:data1\" content=\"4 minuter\" \/>\n<script type=\"application\/ld+json\" class=\"yoast-schema-graph\">{\"@context\":\"https:\/\/schema.org\",\"@graph\":[{\"@type\":\"WebSite\",\"@id\":\"https:\/\/www.bankweb.com\/fr\/#website\",\"url\":\"https:\/\/www.bankweb.com\/fr\/\",\"name\":\"Bankweb.com France\",\"description\":\"\",\"potentialAction\":[{\"@type\":\"SearchAction\",\"target\":{\"@type\":\"EntryPoint\",\"urlTemplate\":\"https:\/\/www.bankweb.com\/fr\/?s={search_term_string}\"},\"query-input\":\"required name=search_term_string\"}],\"inLanguage\":\"sv-SE\"},{\"@type\":\"WebPage\",\"@id\":\"https:\/\/www.bankweb.com\/fr\/prepayees\/\",\"url\":\"https:\/\/www.bankweb.com\/fr\/prepayees\/\",\"name\":\"Comparatif meilleures cartes bancaires pr\u00e9pay\u00e9es - Bankweb.com\",\"isPartOf\":{\"@id\":\"https:\/\/www.bankweb.com\/fr\/#website\"},\"datePublished\":\"2018-05-25T07:45:26+00:00\",\"dateModified\":\"2018-08-23T12:10:15+00:00\",\"description\":\"Les cartes bancaires pr\u00e9pay\u00e9es sont un r\u00e9el atout lors de commandes en ligne sur Internet et permettent de ne pas \u00eatre vuln\u00e9rable \u00e0 la fraude bancaire. En effet, vous ma\u00eetrisez tous les param\u00e8tres et votre solde est isol\u00e9 de votre compte courant habituel.\",\"breadcrumb\":{\"@id\":\"https:\/\/www.bankweb.com\/fr\/prepayees\/#breadcrumb\"},\"inLanguage\":\"sv-SE\",\"potentialAction\":[{\"@type\":\"ReadAction\",\"target\":[\"https:\/\/www.bankweb.com\/fr\/prepayees\/\"]}]},{\"@type\":\"BreadcrumbList\",\"@id\":\"https:\/\/www.bankweb.com\/fr\/prepayees\/#breadcrumb\",\"itemListElement\":[{\"@type\":\"ListItem\",\"position\":1,\"name\":\"Hem\",\"item\":\"https:\/\/www.bankweb.com\/fr\/\"},{\"@type\":\"ListItem\",\"position\":2,\"name\":\"Pr\u00e9pay\u00e9es\"}]}]}<\/script>\n<!-- \/ Yoast SEO plugin. -->","yoast_head_json":{"title":"Comparatif meilleures cartes bancaires pr\u00e9pay\u00e9es - Bankweb.com","description":"Les cartes bancaires pr\u00e9pay\u00e9es sont un r\u00e9el atout lors de commandes en ligne sur Internet et permettent de ne pas \u00eatre vuln\u00e9rable \u00e0 la fraude bancaire. En effet, vous ma\u00eetrisez tous les param\u00e8tres et votre solde est isol\u00e9 de votre compte courant habituel.","robots":{"index":"index","follow":"follow","max-snippet":"max-snippet:-1","max-image-preview":"max-image-preview:large","max-video-preview":"max-video-preview:-1"},"canonical":"https:\/\/www.bankweb.com\/fr\/prepayees\/","twitter_card":"summary","twitter_title":"Comparatif meilleures cartes bancaires pr\u00e9pay\u00e9es - Bankweb.com","twitter_description":"Les cartes bancaires pr\u00e9pay\u00e9es sont un r\u00e9el atout lors de commandes en ligne sur Internet et permettent de ne pas \u00eatre vuln\u00e9rable \u00e0 la fraude bancaire. En effet, vous ma\u00eetrisez tous les param\u00e8tres et votre solde est isol\u00e9 de votre compte courant habituel.","twitter_image":"https:\/\/www.bankweb.com\/nl\/bilder\/infoknapporg1.png","twitter_misc":{"Ber\u00e4knad l\u00e4stid":"4 minuter"},"schema":{"@context":"https:\/\/schema.org","@graph":[{"@type":"WebSite","@id":"https:\/\/www.bankweb.com\/fr\/#website","url":"https:\/\/www.bankweb.com\/fr\/","name":"Bankweb.com France","description":"","potentialAction":[{"@type":"SearchAction","target":{"@type":"EntryPoint","urlTemplate":"https:\/\/www.bankweb.com\/fr\/?s={search_term_string}"},"query-input":"required name=search_term_string"}],"inLanguage":"sv-SE"},{"@type":"WebPage","@id":"https:\/\/www.bankweb.com\/fr\/prepayees\/","url":"https:\/\/www.bankweb.com\/fr\/prepayees\/","name":"Comparatif meilleures cartes bancaires pr\u00e9pay\u00e9es - Bankweb.com","isPartOf":{"@id":"https:\/\/www.bankweb.com\/fr\/#website"},"datePublished":"2018-05-25T07:45:26+00:00","dateModified":"2018-08-23T12:10:15+00:00","description":"Les cartes bancaires pr\u00e9pay\u00e9es sont un r\u00e9el atout lors de commandes en ligne sur Internet et permettent de ne pas \u00eatre vuln\u00e9rable \u00e0 la fraude bancaire. En effet, vous ma\u00eetrisez tous les param\u00e8tres et votre solde est isol\u00e9 de votre compte courant habituel.","breadcrumb":{"@id":"https:\/\/www.bankweb.com\/fr\/prepayees\/#breadcrumb"},"inLanguage":"sv-SE","potentialAction":[{"@type":"ReadAction","target":["https:\/\/www.bankweb.com\/fr\/prepayees\/"]}]},{"@type":"BreadcrumbList","@id":"https:\/\/www.bankweb.com\/fr\/prepayees\/#breadcrumb","itemListElement":[{"@type":"ListItem","position":1,"name":"Hem","item":"https:\/\/www.bankweb.com\/fr\/"},{"@type":"ListItem","position":2,"name":"Pr\u00e9pay\u00e9es"}]}]}},"_links":{"self":[{"href":"https:\/\/www.bankweb.com\/fr\/wp-json\/wp\/v2\/pages\/5933","targetHints":{"allow":["GET"]}}],"collection":[{"href":"https:\/\/www.bankweb.com\/fr\/wp-json\/wp\/v2\/pages"}],"about":[{"href":"https:\/\/www.bankweb.com\/fr\/wp-json\/wp\/v2\/types\/page"}],"author":[{"embeddable":true,"href":"https:\/\/www.bankweb.com\/fr\/wp-json\/wp\/v2\/users\/4"}],"replies":[{"embeddable":true,"href":"https:\/\/www.bankweb.com\/fr\/wp-json\/wp\/v2\/comments?post=5933"}],"version-history":[{"count":30,"href":"https:\/\/www.bankweb.com\/fr\/wp-json\/wp\/v2\/pages\/5933\/revisions"}],"predecessor-version":[{"id":5974,"href":"https:\/\/www.bankweb.com\/fr\/wp-json\/wp\/v2\/pages\/5933\/revisions\/5974"}],"wp:attachment":[{"href":"https:\/\/www.bankweb.com\/fr\/wp-json\/wp\/v2\/media?parent=5933"}],"curies":[{"name":"wp","href":"https:\/\/api.w.org\/{rel}","templated":true}]}}