{"id":5864,"date":"2018-05-16T09:57:17","date_gmt":"2018-05-16T09:57:17","guid":{"rendered":"https:\/\/www.bankweb.com\/fr\/?page_id=5864"},"modified":"2018-05-16T10:44:14","modified_gmt":"2018-05-16T10:44:14","slug":"credit","status":"publish","type":"page","link":"https:\/\/www.bankweb.com\/fr\/credit\/","title":{"rendered":"Credit"},"content":{"rendered":"<h1 class=\"kredith1\">Cartes de cr\u00e9dit, d\u00e9bit en France<\/h1>\n<p>&nbsp;<br \/>\nMeilleure carte de credit en France: Visa, MasterCard, American Express et Diners Club<br \/>\n&nbsp;<\/p>\n<div class=\"grid01 grid003 grid009\">\n<div class=\"th1-row\">\n<div class=\"th01 th00028   img1 l\"><span><b><img decoding=\"async\" alt=\"\" src=\"\/nl\/bilder\/infoknapporg1.png\" title=\"Cartes de cr\u00e9dit\"><\/b>Cartes de cr\u00e9dit<\/span><\/div>\n<div class=\"th01 th0068 l\"><span><b><img decoding=\"async\" alt=\"\" src=\"\/nl\/bilder\/infoknapporg1.png\" title=\"Information\"><\/b>Information<\/span><\/div>\n<div class=\"th01 th0048 l\"><span><b><img decoding=\"async\" alt=\"\" src=\"\/nl\/bilder\/infoknapporg1.png\" title=\"Prime\"><\/b>Prime<\/span><\/div>\n<div class=\"th01 th0058 img02 l\"><span><b><img decoding=\"async\" alt=\"\" src=\"\/nl\/bilder\/infoknapporg1.png\" title=\"Appliquer\"><\/b>Appliquer<\/span><\/div>\n<div class=\"c\"><\/div>\n<\/div>\n<div class=\"td1-row\">\n<div class=\"td01 th00028  img1 l\"><img loading=\"lazy\" decoding=\"async\" src=\"\/de\/wp-content\/uploads\/2018\/02\/rsz_santander-travel-card.png\" alt=\"Santander travelcard\" width=\"217\" height=\"137\" class=\"alignnone size-full wp-image-5651\" \/><br \/>\n        <span><b><img decoding=\"async\" title=\"L\u00e5nef\u00f6retag\" src=\"\/fr\/bilder\/infoknapporg1.png\" alt=\"\"><\/b>F\u00f6retag <\/span>\n        <\/p>\n<\/div>\n<div class=\"td01 th0068 l\">\n         <span><b><img decoding=\"async\" title=\"Max och minimi belopp att l\u00e5na\" src=\"\/nl\/bilder\/infoknapporg1.png\" alt=\"\"><\/b> <\/span><\/p>\n<div class=\"betalmob\"><img decoding=\"async\" src=\"\/fr\/bilder\/kreditbock.png\" style=\"padding-right: 5px;\">Geb\u00fchren: <strong>0\u20ac \/Jahr<\/strong><\/div>\n<div class=\"betalmob\"><img decoding=\"async\" src=\"\/fr\/bilder\/kreditbock.png\" style=\"padding-right: 5px;\">eff. Jahreszins:<strong> 11,46% eff.<\/strong><\/div>\n<div class=\"betalmob\"><img decoding=\"async\" src=\"\/fr\/bilder\/kreditbock.png\" style=\"padding-right: 5px;\">Kartensystem:<strong> Mastercard<\/strong><\/div>\n<div class=\"betalmob\"><img decoding=\"async\" src=\"\/fr\/bilder\/kreditbock.png\" style=\"padding-right: 5px;\">Kostenlose Bezahlung Eurozone<\/div>\n<div class=\"betalmob\"><img decoding=\"async\" src=\"\/fr\/bilder\/kreditbock.png\" style=\"padding-right: 5px;\">Kein Girokontoabschluss notwendig<\/div>\n<\/p>\n<\/div>\n<div class=\"td01 th0048 l\">\n        <span><b><img decoding=\"async\" title=\"Den effektiva r\u00e4ntan\" src=\"\/fr\/bilder\/infoknapporg1.png\" alt=\"\"><\/b>Bonus:<\/span><br \/>\n        <font color=\"#333\">5% Erstattung auf Ihre Reisebuchungen<\/font><\/p><\/div>\n<div class=\"td01 th0058 img03 l\"><span><b><img decoding=\"async\" title=\"\" src=\"\/fr\/bilder\/infoknapporg1.png\" alt=\"\"><\/b>Ans\u00f6k<\/span><\/p>\n<form method=\"post\" action=\"\/fr\/wp-content\/themes\/zeemagazine\/affiliate_form.php\" target=\"_blank\">\n         <input type=\"hidden\" name=\"bank\" value=\"santandertravel\"><br \/>\n         <input type=\"image\" src=\"\/fr\/bilder\/button_appliquer.png\" alt=\"kontakt\"><br \/>\n        <\/form>\n<\/p>\n<\/div>\n<div class=\"c\"><\/div>\n<\/div>\n<\/div>\n<p>&nbsp;<\/p>\n<h2>Cartes de cr\u00e9dit en France<\/h2>\n<p>En France, il est important d&#8217;avoir une carte de cr\u00e9dit locale, qui permet d&#8217;\u00e9conomiser sur le co\u00fbt des commissions et tous les autres types de transactions qui peuvent \u00eatre effectu\u00e9es avec cette forme de paiement. Une carte de cr\u00e9dit ou de d\u00e9bit fran\u00e7aise activ\u00e9e dans un \u00e9tablissement bancaire Fran\u00e7ais qui nous permet de l&#8217;utiliser sur tous les circuits de paiement, comme effectuer des transactions et des retraits \u00e0 tous les distributeurs automatiques, sans aucun souci.<br \/>\n&nbsp;<br \/>\nPour cela, on doit avoir une id\u00e9e sur les caract\u00e9ristiques de la carte de cr\u00e9dit fran\u00e7aise, la Carte Bleue, les op\u00e9rations autoris\u00e9es, les conditions d&#8217;activation, qui contacter pour l&#8217;activer et les num\u00e9ros utiles.<br \/>\n&nbsp;<\/p>\n<h3>Carte de cr\u00e9dit en France : la Carte Bleue<\/h3>\n<p>La Carte Bleue est une carte de cr\u00e9dit, li\u00e9e \u00e0 un compte bancaire, qui peut \u00eatre activ\u00e9e dans tous les \u00e9tablissements bancaires fran\u00e7ais. Ce type de carte de paiement peut \u00eatre utilis\u00e9 pour payer et retirer de l&#8217;argent en esp\u00e8ce, avec une d\u00e9duction imm\u00e9diate directement de votre compte ou du solde disponible sur la carte elle-m\u00eame.<br \/>\n&nbsp;<br \/>\nIl est important de savoir qu&#8217;en France, on utilise beaucoup les cartes de cr\u00e9dit : la plus c\u00e9l\u00e8bre \u00e9tant la Carte Bleue, elle est tr\u00e8s r\u00e9pandue, et tous les paiements de biens et services sont effectu\u00e9s avec cette forme de paiement \u00e9lectronique.<br \/>\n&nbsp;<\/p>\n<h3>Carte Bleue : les op\u00e9rations<\/h3>\n<p>La Carte Bleue est utilis\u00e9e pour tous les types d&#8217;achat et pour tout montant. Avec la Carte Bleue, il est possible d&#8217;effectuer des transactions de paiement de biens et de services par l&#8217;interm\u00e9diaire du terminal de paiement \u00e9lectronique &#8221;TPE&#8221;, de retirer de l&#8217;argent liquide \u00e0 tous les guichets, \u00e0 l&#8217;instar des circuits de paiement des distributeurs automatiques de billets &#8221;DAB&#8221;, ou les guichets automatiques bancaires &#8221;GAB&#8221;, et d&#8217;envoyer et de recevoir des virements en fonction du montant disponible sur la carte.<br \/>\n&nbsp;<br \/>\nEn France, avec la Carte Bleue, on peut m\u00eame payer les billets, des abonnements, des factures, le loyer, les recharges t\u00e9l\u00e9phoniques et tout le reste.<br \/>\n&nbsp;<\/p>\n<h4>Carte Bleue : fonctionnement<\/h4>\n<p>La Carte Bleue permet d&#8217;effectuer des transactions et des retraits d&#8217;esp\u00e8ces en entrant un code PIN \u00e0 quatre chiffres si on effectue des paiements via un TPE ou en retirant de l&#8217;argent en esp\u00e8ce \u00e0 un DAB ou un GAB. Lors d&#8217;un achat en ligne, on doit entrer le code \u00e0 16 chiffres qui caract\u00e9rise la carte de cr\u00e9dit et le cryptogramme visuel ou code de s\u00e9curit\u00e9 au dos de la carte &#8221;CVV&#8221;. Selon le mode de paiement ou de retrait, le DAB ou le GAB exigent l&#8217;entr\u00e9e de codes diff\u00e9rents.<br \/>\n&nbsp;<\/p>\n<h4>Carte Bleue : ouverture d\u2019un compte bancaire<\/h4>\n<p>Pour avoir une Carte Bleue, il est n\u00e9cessaire d&#8217;ouvrir un compte courant aupr\u00e8s de la banque \u00e0 laquelle on a l&#8217;intention de demander la carte de cr\u00e9dit. Pour ouvrir un compte courant, il est important qu&#8217;au moment de la signature du contrat, on remplit les exigences suivantes :<br \/>\n&nbsp;<br \/>\nAvoir un certificat de r\u00e9sidence en France.<br \/>\nUne d\u00e9claration d&#8217;h\u00e9bergement si on n&#8217;a pas de contrat de location.<br \/>\nLa masse salariale.<br \/>\n&nbsp;<\/p>\n<h4>Carte Bleue : activation<\/h4>\n<p>L&#8217;activation de la Carte Bleue implique l&#8217;ouverture d&#8217;un compte courant auquel la carte de cr\u00e9dit sera connect\u00e9e. Suite \u00e0 l&#8217;ouverture d&#8217;un compte dans une banque fran\u00e7aise, la Carte Bleue est \u00e9mise, avec laquelle, comme nous l&#8217;avons vu, il est possible de tout payer, m\u00eame sans emporter d&#8217;argent en esp\u00e8ce. Ce type de carte de cr\u00e9dit fran\u00e7aise est \u00e9galement prot\u00e9g\u00e9 dans les transactions en entrant un code secret &#8221;3D Secure&#8221;, qui permet d&#8217;authentifier toutes les transactions d&#8217;achat effectu\u00e9es sur le web.<br \/>\n&nbsp;<\/p>\n<h4>Carte Bleue : Quelle banque choisir<\/h4>\n<p>Si on est en France pour une courte exp\u00e9rience professionnelle ou un stage, il est important de savoir que toutes les banques ne permettent pas l&#8217;ouverture d&#8217;un compte courant, surtout si on n&#8217;a pas de salaire ou de revenu mensuel qui peut \u00eatre d\u00e9clar\u00e9. La seule exception est la Banque Postale, qui pr\u00e9voit la fourniture de diff\u00e9rents types de cartes de cr\u00e9dit, de d\u00e9bit et de cartes pr\u00e9pay\u00e9es.<br \/>\n&nbsp;<\/p>\n<h4>Carte Bleue : Num\u00e9ros utiles<\/h4>\n<p>Pour demander et activer une Carte Bleue, on doit contacter les banques fran\u00e7aises, qui ont des heures d&#8217;ouverture bien d\u00e9finies sur leurs sites.<\/p>\n","protected":false},"excerpt":{"rendered":"<p>Cartes de cr\u00e9dit, d\u00e9bit en France &nbsp; Meilleure carte de credit en France: Visa, MasterCard, American Express et Diners Club &nbsp; Cartes de cr\u00e9dit Information Prime Appliquer F\u00f6retag Geb\u00fchren: 0\u20ac \/Jahr eff. Jahreszins: 11,46% eff. Kartensystem: Mastercard Kostenlose Bezahlung Eurozone [&hellip;]<\/p>\n","protected":false},"author":4,"featured_media":0,"parent":0,"menu_order":0,"comment_status":"closed","ping_status":"closed","template":"","meta":{"footnotes":""},"class_list":["post-5864","page","type-page","status-publish","hentry"],"yoast_head":"<!-- This site is optimized with the Yoast SEO plugin v19.4 - https:\/\/yoast.com\/wordpress\/plugins\/seo\/ -->\n<title>Comparer les cartes de cr\u00e9dit - debit en France - Bankweb.com<\/title>\n<meta name=\"description\" content=\"D\u00e9couvrez une large vari\u00e9t\u00e9 de cartes Visa bleues, Mastercard et American Express. Trouvez celle qui vous convient et appliquez en ligne en 5 minutes\" \/>\n<meta name=\"robots\" content=\"index, follow, max-snippet:-1, max-image-preview:large, max-video-preview:-1\" \/>\n<link rel=\"canonical\" href=\"https:\/\/www.bankweb.com\/fr\/credit\/\" \/>\n<meta name=\"twitter:card\" content=\"summary\" \/>\n<meta name=\"twitter:title\" content=\"Comparer les cartes de cr\u00e9dit - debit en France - Bankweb.com\" \/>\n<meta name=\"twitter:description\" content=\"D\u00e9couvrez une large vari\u00e9t\u00e9 de cartes Visa bleues, Mastercard et American Express. Trouvez celle qui vous convient et appliquez en ligne en 5 minutes\" \/>\n<meta name=\"twitter:image\" content=\"https:\/\/www.bankweb.com\/nl\/bilder\/infoknapporg1.png\" \/>\n<meta name=\"twitter:label1\" content=\"Ber\u00e4knad l\u00e4stid\" \/>\n\t<meta name=\"twitter:data1\" content=\"4 minuter\" \/>\n<script type=\"application\/ld+json\" class=\"yoast-schema-graph\">{\"@context\":\"https:\/\/schema.org\",\"@graph\":[{\"@type\":\"WebSite\",\"@id\":\"https:\/\/www.bankweb.com\/fr\/#website\",\"url\":\"https:\/\/www.bankweb.com\/fr\/\",\"name\":\"Bankweb.com France\",\"description\":\"\",\"potentialAction\":[{\"@type\":\"SearchAction\",\"target\":{\"@type\":\"EntryPoint\",\"urlTemplate\":\"https:\/\/www.bankweb.com\/fr\/?s={search_term_string}\"},\"query-input\":\"required name=search_term_string\"}],\"inLanguage\":\"sv-SE\"},{\"@type\":\"WebPage\",\"@id\":\"https:\/\/www.bankweb.com\/fr\/credit\/\",\"url\":\"https:\/\/www.bankweb.com\/fr\/credit\/\",\"name\":\"Comparer les cartes de cr\u00e9dit - debit en France - Bankweb.com\",\"isPartOf\":{\"@id\":\"https:\/\/www.bankweb.com\/fr\/#website\"},\"datePublished\":\"2018-05-16T09:57:17+00:00\",\"dateModified\":\"2018-05-16T10:44:14+00:00\",\"description\":\"D\u00e9couvrez une large vari\u00e9t\u00e9 de cartes Visa bleues, Mastercard et American Express. Trouvez celle qui vous convient et appliquez en ligne en 5 minutes\",\"breadcrumb\":{\"@id\":\"https:\/\/www.bankweb.com\/fr\/credit\/#breadcrumb\"},\"inLanguage\":\"sv-SE\",\"potentialAction\":[{\"@type\":\"ReadAction\",\"target\":[\"https:\/\/www.bankweb.com\/fr\/credit\/\"]}]},{\"@type\":\"BreadcrumbList\",\"@id\":\"https:\/\/www.bankweb.com\/fr\/credit\/#breadcrumb\",\"itemListElement\":[{\"@type\":\"ListItem\",\"position\":1,\"name\":\"Hem\",\"item\":\"https:\/\/www.bankweb.com\/fr\/\"},{\"@type\":\"ListItem\",\"position\":2,\"name\":\"Credit\"}]}]}<\/script>\n<!-- \/ Yoast SEO plugin. -->","yoast_head_json":{"title":"Comparer les cartes de cr\u00e9dit - debit en France - Bankweb.com","description":"D\u00e9couvrez une large vari\u00e9t\u00e9 de cartes Visa bleues, Mastercard et American Express. Trouvez celle qui vous convient et appliquez en ligne en 5 minutes","robots":{"index":"index","follow":"follow","max-snippet":"max-snippet:-1","max-image-preview":"max-image-preview:large","max-video-preview":"max-video-preview:-1"},"canonical":"https:\/\/www.bankweb.com\/fr\/credit\/","twitter_card":"summary","twitter_title":"Comparer les cartes de cr\u00e9dit - debit en France - Bankweb.com","twitter_description":"D\u00e9couvrez une large vari\u00e9t\u00e9 de cartes Visa bleues, Mastercard et American Express. Trouvez celle qui vous convient et appliquez en ligne en 5 minutes","twitter_image":"https:\/\/www.bankweb.com\/nl\/bilder\/infoknapporg1.png","twitter_misc":{"Ber\u00e4knad l\u00e4stid":"4 minuter"},"schema":{"@context":"https:\/\/schema.org","@graph":[{"@type":"WebSite","@id":"https:\/\/www.bankweb.com\/fr\/#website","url":"https:\/\/www.bankweb.com\/fr\/","name":"Bankweb.com France","description":"","potentialAction":[{"@type":"SearchAction","target":{"@type":"EntryPoint","urlTemplate":"https:\/\/www.bankweb.com\/fr\/?s={search_term_string}"},"query-input":"required name=search_term_string"}],"inLanguage":"sv-SE"},{"@type":"WebPage","@id":"https:\/\/www.bankweb.com\/fr\/credit\/","url":"https:\/\/www.bankweb.com\/fr\/credit\/","name":"Comparer les cartes de cr\u00e9dit - debit en France - Bankweb.com","isPartOf":{"@id":"https:\/\/www.bankweb.com\/fr\/#website"},"datePublished":"2018-05-16T09:57:17+00:00","dateModified":"2018-05-16T10:44:14+00:00","description":"D\u00e9couvrez une large vari\u00e9t\u00e9 de cartes Visa bleues, Mastercard et American Express. Trouvez celle qui vous convient et appliquez en ligne en 5 minutes","breadcrumb":{"@id":"https:\/\/www.bankweb.com\/fr\/credit\/#breadcrumb"},"inLanguage":"sv-SE","potentialAction":[{"@type":"ReadAction","target":["https:\/\/www.bankweb.com\/fr\/credit\/"]}]},{"@type":"BreadcrumbList","@id":"https:\/\/www.bankweb.com\/fr\/credit\/#breadcrumb","itemListElement":[{"@type":"ListItem","position":1,"name":"Hem","item":"https:\/\/www.bankweb.com\/fr\/"},{"@type":"ListItem","position":2,"name":"Credit"}]}]}},"_links":{"self":[{"href":"https:\/\/www.bankweb.com\/fr\/wp-json\/wp\/v2\/pages\/5864","targetHints":{"allow":["GET"]}}],"collection":[{"href":"https:\/\/www.bankweb.com\/fr\/wp-json\/wp\/v2\/pages"}],"about":[{"href":"https:\/\/www.bankweb.com\/fr\/wp-json\/wp\/v2\/types\/page"}],"author":[{"embeddable":true,"href":"https:\/\/www.bankweb.com\/fr\/wp-json\/wp\/v2\/users\/4"}],"replies":[{"embeddable":true,"href":"https:\/\/www.bankweb.com\/fr\/wp-json\/wp\/v2\/comments?post=5864"}],"version-history":[{"count":3,"href":"https:\/\/www.bankweb.com\/fr\/wp-json\/wp\/v2\/pages\/5864\/revisions"}],"predecessor-version":[{"id":5868,"href":"https:\/\/www.bankweb.com\/fr\/wp-json\/wp\/v2\/pages\/5864\/revisions\/5868"}],"wp:attachment":[{"href":"https:\/\/www.bankweb.com\/fr\/wp-json\/wp\/v2\/media?parent=5864"}],"curies":[{"name":"wp","href":"https:\/\/api.w.org\/{rel}","templated":true}]}}