{"id":5858,"date":"2018-05-16T09:29:24","date_gmt":"2018-05-16T09:29:24","guid":{"rendered":"https:\/\/www.bankweb.com\/fr\/?page_id=5858"},"modified":"2018-05-23T10:52:54","modified_gmt":"2018-05-23T10:52:54","slug":"confidentialite","status":"publish","type":"page","link":"https:\/\/www.bankweb.com\/fr\/confidentialite\/","title":{"rendered":"Confidentialit\u00e9"},"content":{"rendered":"<h1 class=\"kredith1\">MENTIONS L\u00c9GALES<\/h1>\n<p>Forme sociale : Soci\u00e9t\u00e9 Anonyme<br \/>\nCapital social : 5000 euros<br \/>\nTurneround Webb AB<br \/>\nMagasinsgatan 2, 46130 Trollh\u00e4ttan, Su\u00e8de<br \/>\nT\u00e9l\u00e9phone: +46 761896380<br \/>\nEmail: info@bankweb.com<br \/>\nTVA : SE556929790501<br \/>\nDirecteur de la publication : Jonas Larsson<\/p>\n<p>L&#8217;h\u00e9bergement du site est assur\u00e9 par la soci\u00e9t\u00e9 Internet Glesys, Badhusv\u00e4gen 45 311 32 Falkenberg, Su\u00e8de ,T\u00e9l\u00e9phone +46 200-23 88 00.<br \/>\n&nbsp;<\/p>\n<h2>Confidentialit\u00e9<\/h2>\n<p>Bankweb.com ne recueille aucune donn\u00e9e personnelle de votre part. Bankweb.com compare seulement les cr\u00e9anciers financiers priv\u00e9s, nous ne sommes responsables d&#8217;aucun pr\u00eat. Les seules informations que notre site enregistre comme fichier sont sous forme de cookies. Un cookie est un fichier d&#8217;informations plac\u00e9 dans l&#8217;ordinateur. Si vous choisissez de vous inscrire \u00e0 notre newsletter, votre adresse e-mail est enregistr\u00e9e chez nous. Veuillez noter que nous ne vendons ou ne divulguons jamais cette information.<br \/>\n&nbsp;<br \/>\nBankweb.com utilise des cookies pour mesurer le nombre de visiteurs sur notre page Web, le taux de conversion et voir de quelle mani\u00e8re le site est utilis\u00e9. Le cookie identifie uniquement l&#8217;ordinateur que vous utilisez et non vous en tant que personne. Vous pouvez choisir de d\u00e9sactiver les cookies dans le navigateur. La fa\u00e7on dont vous supprimez un cookie d\u00e9pend du navigateur que vous utilisez. Utilisez la fonction d&#8217;aide du navigateur situ\u00e9e dans le menu du haut pour voir comment supprimer les cookies.<br \/>\n&nbsp;<br \/>\nNotez que si vous d\u00e9sactivez les cookies dans un navigateur, un certain nombre de fonctionnalit\u00e9s individuelles ne fonctionneront plus correctement.<br \/>\nSi vous souhaitez un aper\u00e7u plus d\u00e9taill\u00e9 de la mani\u00e8re dont Bankweb.com utilise les cookies, veuillez contacter notre service client\u00e8le \u00e0 info@bankweb.com.<br \/>\n&nbsp;<br \/>\n<strong>Accord de l&#8217;utilisateur<\/strong><br \/>\n&nbsp;<br \/>\n<em>Informations personnelles<\/em><br \/>\nBankweb.com ne demande pas et ne stocke pas de donn\u00e9es personnelles telles que le num\u00e9ro d&#8217;identification personnel ou les informations de carte bancaire du visiteur. Aucune demande n&#8217;est trait\u00e9e par Bankweb.com, seuls des cr\u00e9anciers tiers s&#8217;en chargent. C&#8217;est pourquoi nous ne vous demanderons jamais aucune de vos informations personnelles.<br \/>\n&nbsp;<br \/>\n<strong>D\u00e9charge<\/strong><br \/>\nBankweb.com d\u00e9cline toute responsabilit\u00e9 en cas d&#8217;erreur, de dommage ou de perte financi\u00e8re lorsque vous signez un accord avec un cr\u00e9ancier tiers. Ainsi, la responsabilit\u00e9 de Bankweb.com ne peut \u00eatre engag\u00e9e dans des litiges concernant des accords avec des pr\u00eateurs bancaires externes. Bankweb.com n&#8217;incite personne \u00e0 emprunter. C&#8217;est un choix personnel que vous devez faire. Si vous avez des dettes et des probl\u00e8mes avec vos finances personnelles, vous devriez vous abstenir de demander un pr\u00eat.<br \/>\n&nbsp;<br \/>\n<strong>Changement d&#8217;accord<\/strong><br \/>\nDes changements concernant nos conditions g\u00e9n\u00e9rales peuvent survenir. Par cons\u00e9quent, assurez-vous de vous tenir inform\u00e9 en visitant cette page.<\/p>\n","protected":false},"excerpt":{"rendered":"<p>MENTIONS L\u00c9GALES Forme sociale : Soci\u00e9t\u00e9 Anonyme Capital social : 5000 euros Turneround Webb AB Magasinsgatan 2, 46130 Trollh\u00e4ttan, Su\u00e8de T\u00e9l\u00e9phone: +46 761896380 Email: info@bankweb.com TVA : SE556929790501 Directeur de la publication : Jonas Larsson L&#8217;h\u00e9bergement du site est assur\u00e9 [&hellip;]<\/p>\n","protected":false},"author":4,"featured_media":0,"parent":0,"menu_order":0,"comment_status":"closed","ping_status":"closed","template":"","meta":{"footnotes":""},"class_list":["post-5858","page","type-page","status-publish","hentry"],"yoast_head":"<!-- This site is optimized with the Yoast SEO plugin v19.4 - https:\/\/yoast.com\/wordpress\/plugins\/seo\/ -->\n<title>Confidentialit\u00e9 - Bankweb.com France<\/title>\n<meta name=\"robots\" content=\"index, follow, max-snippet:-1, max-image-preview:large, max-video-preview:-1\" \/>\n<link rel=\"canonical\" href=\"https:\/\/www.bankweb.com\/fr\/confidentialite\/\" \/>\n<meta name=\"twitter:card\" content=\"summary\" \/>\n<meta name=\"twitter:title\" content=\"Confidentialit\u00e9 - Bankweb.com France\" \/>\n<meta name=\"twitter:description\" content=\"MENTIONS L\u00c9GALES Forme sociale : Soci\u00e9t\u00e9 Anonyme Capital social : 5000 euros Turneround Webb AB Magasinsgatan 2, 46130 Trollh\u00e4ttan, Su\u00e8de T\u00e9l\u00e9phone: +46 761896380 Email: info@bankweb.com TVA : SE556929790501 Directeur de la publication : Jonas Larsson L&#8217;h\u00e9bergement du site est assur\u00e9 [&hellip;]\" \/>\n<meta name=\"twitter:label1\" content=\"Ber\u00e4knad l\u00e4stid\" \/>\n\t<meta name=\"twitter:data1\" content=\"2 minuter\" \/>\n<script type=\"application\/ld+json\" class=\"yoast-schema-graph\">{\"@context\":\"https:\/\/schema.org\",\"@graph\":[{\"@type\":\"WebSite\",\"@id\":\"https:\/\/www.bankweb.com\/fr\/#website\",\"url\":\"https:\/\/www.bankweb.com\/fr\/\",\"name\":\"Bankweb.com France\",\"description\":\"\",\"potentialAction\":[{\"@type\":\"SearchAction\",\"target\":{\"@type\":\"EntryPoint\",\"urlTemplate\":\"https:\/\/www.bankweb.com\/fr\/?s={search_term_string}\"},\"query-input\":\"required name=search_term_string\"}],\"inLanguage\":\"sv-SE\"},{\"@type\":\"WebPage\",\"@id\":\"https:\/\/www.bankweb.com\/fr\/confidentialite\/\",\"url\":\"https:\/\/www.bankweb.com\/fr\/confidentialite\/\",\"name\":\"Confidentialit\u00e9 - Bankweb.com France\",\"isPartOf\":{\"@id\":\"https:\/\/www.bankweb.com\/fr\/#website\"},\"datePublished\":\"2018-05-16T09:29:24+00:00\",\"dateModified\":\"2018-05-23T10:52:54+00:00\",\"breadcrumb\":{\"@id\":\"https:\/\/www.bankweb.com\/fr\/confidentialite\/#breadcrumb\"},\"inLanguage\":\"sv-SE\",\"potentialAction\":[{\"@type\":\"ReadAction\",\"target\":[\"https:\/\/www.bankweb.com\/fr\/confidentialite\/\"]}]},{\"@type\":\"BreadcrumbList\",\"@id\":\"https:\/\/www.bankweb.com\/fr\/confidentialite\/#breadcrumb\",\"itemListElement\":[{\"@type\":\"ListItem\",\"position\":1,\"name\":\"Hem\",\"item\":\"https:\/\/www.bankweb.com\/fr\/\"},{\"@type\":\"ListItem\",\"position\":2,\"name\":\"Confidentialit\u00e9\"}]}]}<\/script>\n<!-- \/ Yoast SEO plugin. -->","yoast_head_json":{"title":"Confidentialit\u00e9 - Bankweb.com France","robots":{"index":"index","follow":"follow","max-snippet":"max-snippet:-1","max-image-preview":"max-image-preview:large","max-video-preview":"max-video-preview:-1"},"canonical":"https:\/\/www.bankweb.com\/fr\/confidentialite\/","twitter_card":"summary","twitter_title":"Confidentialit\u00e9 - Bankweb.com France","twitter_description":"MENTIONS L\u00c9GALES Forme sociale : Soci\u00e9t\u00e9 Anonyme Capital social : 5000 euros Turneround Webb AB Magasinsgatan 2, 46130 Trollh\u00e4ttan, Su\u00e8de T\u00e9l\u00e9phone: +46 761896380 Email: info@bankweb.com TVA : SE556929790501 Directeur de la publication : Jonas Larsson L&#8217;h\u00e9bergement du site est assur\u00e9 [&hellip;]","twitter_misc":{"Ber\u00e4knad l\u00e4stid":"2 minuter"},"schema":{"@context":"https:\/\/schema.org","@graph":[{"@type":"WebSite","@id":"https:\/\/www.bankweb.com\/fr\/#website","url":"https:\/\/www.bankweb.com\/fr\/","name":"Bankweb.com France","description":"","potentialAction":[{"@type":"SearchAction","target":{"@type":"EntryPoint","urlTemplate":"https:\/\/www.bankweb.com\/fr\/?s={search_term_string}"},"query-input":"required name=search_term_string"}],"inLanguage":"sv-SE"},{"@type":"WebPage","@id":"https:\/\/www.bankweb.com\/fr\/confidentialite\/","url":"https:\/\/www.bankweb.com\/fr\/confidentialite\/","name":"Confidentialit\u00e9 - Bankweb.com France","isPartOf":{"@id":"https:\/\/www.bankweb.com\/fr\/#website"},"datePublished":"2018-05-16T09:29:24+00:00","dateModified":"2018-05-23T10:52:54+00:00","breadcrumb":{"@id":"https:\/\/www.bankweb.com\/fr\/confidentialite\/#breadcrumb"},"inLanguage":"sv-SE","potentialAction":[{"@type":"ReadAction","target":["https:\/\/www.bankweb.com\/fr\/confidentialite\/"]}]},{"@type":"BreadcrumbList","@id":"https:\/\/www.bankweb.com\/fr\/confidentialite\/#breadcrumb","itemListElement":[{"@type":"ListItem","position":1,"name":"Hem","item":"https:\/\/www.bankweb.com\/fr\/"},{"@type":"ListItem","position":2,"name":"Confidentialit\u00e9"}]}]}},"_links":{"self":[{"href":"https:\/\/www.bankweb.com\/fr\/wp-json\/wp\/v2\/pages\/5858","targetHints":{"allow":["GET"]}}],"collection":[{"href":"https:\/\/www.bankweb.com\/fr\/wp-json\/wp\/v2\/pages"}],"about":[{"href":"https:\/\/www.bankweb.com\/fr\/wp-json\/wp\/v2\/types\/page"}],"author":[{"embeddable":true,"href":"https:\/\/www.bankweb.com\/fr\/wp-json\/wp\/v2\/users\/4"}],"replies":[{"embeddable":true,"href":"https:\/\/www.bankweb.com\/fr\/wp-json\/wp\/v2\/comments?post=5858"}],"version-history":[{"count":8,"href":"https:\/\/www.bankweb.com\/fr\/wp-json\/wp\/v2\/pages\/5858\/revisions"}],"predecessor-version":[{"id":5915,"href":"https:\/\/www.bankweb.com\/fr\/wp-json\/wp\/v2\/pages\/5858\/revisions\/5915"}],"wp:attachment":[{"href":"https:\/\/www.bankweb.com\/fr\/wp-json\/wp\/v2\/media?parent=5858"}],"curies":[{"name":"wp","href":"https:\/\/api.w.org\/{rel}","templated":true}]}}