{"id":5852,"date":"2018-05-16T09:22:38","date_gmt":"2018-05-16T09:22:38","guid":{"rendered":"https:\/\/www.bankweb.com\/fr\/?page_id=5852"},"modified":"2018-05-16T09:26:16","modified_gmt":"2018-05-16T09:26:16","slug":"contactez-nous","status":"publish","type":"page","link":"https:\/\/www.bankweb.com\/fr\/contactez-nous\/","title":{"rendered":"Contactez nous"},"content":{"rendered":"<h1 class=\"kredith1\">Qui sommes nous?<\/h1>\n<p>&nbsp;<br \/>\nBankweb.com est d\u00e9tenu et exploit\u00e9 par Turneround Webb AB, une soci\u00e9t\u00e9 su\u00e9doise qui produit des outils pour le Web. Jonas Larsson et Emma Larsson dirigent et d\u00e9veloppent le site en permanence, et Emma est responsable de la qualit\u00e9 et du contenu. Elle a une formation de r\u00e9dactrice et, combin\u00e9e \u00e0 son grand int\u00e9r\u00eat pour la finance priv\u00e9e, ce qui permet de fournir \u00e0 nos visiteurs des articles et des mises \u00e0 jour complets.<br \/>\n&nbsp;<br \/>\nJonas est le PDG de la soci\u00e9t\u00e9 et le responsable d&#8217;\u00e9dition de Bankweb. Il poss\u00e8de de solides connaissances en mati\u00e8re d&#8217;Internet et a d\u00e9velopp\u00e9 des comparatifs destin\u00e9s aux consommateurs pendant de nombreuses ann\u00e9es. Il travaille activement dans le secteur financier depuis 15 ans.<br \/>\n&nbsp;<br \/>\n&nbsp;<br \/>\nPour nous contacter, envoyez-nous nous email \u00e0 <strong>info@bankweb.com<\/strong><\/p>\n","protected":false},"excerpt":{"rendered":"<p>Qui sommes nous? &nbsp; Bankweb.com est d\u00e9tenu et exploit\u00e9 par Turneround Webb AB, une soci\u00e9t\u00e9 su\u00e9doise qui produit des outils pour le Web. Jonas Larsson et Emma Larsson dirigent et d\u00e9veloppent le site en permanence, et Emma est responsable de [&hellip;]<\/p>\n","protected":false},"author":4,"featured_media":0,"parent":0,"menu_order":0,"comment_status":"closed","ping_status":"closed","template":"","meta":{"footnotes":""},"class_list":["post-5852","page","type-page","status-publish","hentry"],"yoast_head":"<!-- This site is optimized with the Yoast SEO plugin v19.4 - https:\/\/yoast.com\/wordpress\/plugins\/seo\/ -->\n<title>Contactez nous - Bankweb.com France<\/title>\n<meta name=\"robots\" content=\"index, follow, max-snippet:-1, max-image-preview:large, max-video-preview:-1\" \/>\n<link rel=\"canonical\" href=\"https:\/\/www.bankweb.com\/fr\/contactez-nous\/\" \/>\n<meta name=\"twitter:card\" content=\"summary\" \/>\n<meta name=\"twitter:title\" content=\"Contactez nous - Bankweb.com France\" \/>\n<meta name=\"twitter:description\" content=\"Qui sommes nous? &nbsp; Bankweb.com est d\u00e9tenu et exploit\u00e9 par Turneround Webb AB, une soci\u00e9t\u00e9 su\u00e9doise qui produit des outils pour le Web. Jonas Larsson et Emma Larsson dirigent et d\u00e9veloppent le site en permanence, et Emma est responsable de [&hellip;]\" \/>\n<meta name=\"twitter:label1\" content=\"Ber\u00e4knad l\u00e4stid\" \/>\n\t<meta name=\"twitter:data1\" content=\"1 minut\" \/>\n<script type=\"application\/ld+json\" class=\"yoast-schema-graph\">{\"@context\":\"https:\/\/schema.org\",\"@graph\":[{\"@type\":\"WebSite\",\"@id\":\"https:\/\/www.bankweb.com\/fr\/#website\",\"url\":\"https:\/\/www.bankweb.com\/fr\/\",\"name\":\"Bankweb.com France\",\"description\":\"\",\"potentialAction\":[{\"@type\":\"SearchAction\",\"target\":{\"@type\":\"EntryPoint\",\"urlTemplate\":\"https:\/\/www.bankweb.com\/fr\/?s={search_term_string}\"},\"query-input\":\"required name=search_term_string\"}],\"inLanguage\":\"sv-SE\"},{\"@type\":\"WebPage\",\"@id\":\"https:\/\/www.bankweb.com\/fr\/contactez-nous\/\",\"url\":\"https:\/\/www.bankweb.com\/fr\/contactez-nous\/\",\"name\":\"Contactez nous - Bankweb.com France\",\"isPartOf\":{\"@id\":\"https:\/\/www.bankweb.com\/fr\/#website\"},\"datePublished\":\"2018-05-16T09:22:38+00:00\",\"dateModified\":\"2018-05-16T09:26:16+00:00\",\"breadcrumb\":{\"@id\":\"https:\/\/www.bankweb.com\/fr\/contactez-nous\/#breadcrumb\"},\"inLanguage\":\"sv-SE\",\"potentialAction\":[{\"@type\":\"ReadAction\",\"target\":[\"https:\/\/www.bankweb.com\/fr\/contactez-nous\/\"]}]},{\"@type\":\"BreadcrumbList\",\"@id\":\"https:\/\/www.bankweb.com\/fr\/contactez-nous\/#breadcrumb\",\"itemListElement\":[{\"@type\":\"ListItem\",\"position\":1,\"name\":\"Hem\",\"item\":\"https:\/\/www.bankweb.com\/fr\/\"},{\"@type\":\"ListItem\",\"position\":2,\"name\":\"Contactez nous\"}]}]}<\/script>\n<!-- \/ Yoast SEO plugin. -->","yoast_head_json":{"title":"Contactez nous - Bankweb.com France","robots":{"index":"index","follow":"follow","max-snippet":"max-snippet:-1","max-image-preview":"max-image-preview:large","max-video-preview":"max-video-preview:-1"},"canonical":"https:\/\/www.bankweb.com\/fr\/contactez-nous\/","twitter_card":"summary","twitter_title":"Contactez nous - Bankweb.com France","twitter_description":"Qui sommes nous? &nbsp; Bankweb.com est d\u00e9tenu et exploit\u00e9 par Turneround Webb AB, une soci\u00e9t\u00e9 su\u00e9doise qui produit des outils pour le Web. Jonas Larsson et Emma Larsson dirigent et d\u00e9veloppent le site en permanence, et Emma est responsable de [&hellip;]","twitter_misc":{"Ber\u00e4knad l\u00e4stid":"1 minut"},"schema":{"@context":"https:\/\/schema.org","@graph":[{"@type":"WebSite","@id":"https:\/\/www.bankweb.com\/fr\/#website","url":"https:\/\/www.bankweb.com\/fr\/","name":"Bankweb.com France","description":"","potentialAction":[{"@type":"SearchAction","target":{"@type":"EntryPoint","urlTemplate":"https:\/\/www.bankweb.com\/fr\/?s={search_term_string}"},"query-input":"required name=search_term_string"}],"inLanguage":"sv-SE"},{"@type":"WebPage","@id":"https:\/\/www.bankweb.com\/fr\/contactez-nous\/","url":"https:\/\/www.bankweb.com\/fr\/contactez-nous\/","name":"Contactez nous - Bankweb.com France","isPartOf":{"@id":"https:\/\/www.bankweb.com\/fr\/#website"},"datePublished":"2018-05-16T09:22:38+00:00","dateModified":"2018-05-16T09:26:16+00:00","breadcrumb":{"@id":"https:\/\/www.bankweb.com\/fr\/contactez-nous\/#breadcrumb"},"inLanguage":"sv-SE","potentialAction":[{"@type":"ReadAction","target":["https:\/\/www.bankweb.com\/fr\/contactez-nous\/"]}]},{"@type":"BreadcrumbList","@id":"https:\/\/www.bankweb.com\/fr\/contactez-nous\/#breadcrumb","itemListElement":[{"@type":"ListItem","position":1,"name":"Hem","item":"https:\/\/www.bankweb.com\/fr\/"},{"@type":"ListItem","position":2,"name":"Contactez nous"}]}]}},"_links":{"self":[{"href":"https:\/\/www.bankweb.com\/fr\/wp-json\/wp\/v2\/pages\/5852","targetHints":{"allow":["GET"]}}],"collection":[{"href":"https:\/\/www.bankweb.com\/fr\/wp-json\/wp\/v2\/pages"}],"about":[{"href":"https:\/\/www.bankweb.com\/fr\/wp-json\/wp\/v2\/types\/page"}],"author":[{"embeddable":true,"href":"https:\/\/www.bankweb.com\/fr\/wp-json\/wp\/v2\/users\/4"}],"replies":[{"embeddable":true,"href":"https:\/\/www.bankweb.com\/fr\/wp-json\/wp\/v2\/comments?post=5852"}],"version-history":[{"count":4,"href":"https:\/\/www.bankweb.com\/fr\/wp-json\/wp\/v2\/pages\/5852\/revisions"}],"predecessor-version":[{"id":5857,"href":"https:\/\/www.bankweb.com\/fr\/wp-json\/wp\/v2\/pages\/5852\/revisions\/5857"}],"wp:attachment":[{"href":"https:\/\/www.bankweb.com\/fr\/wp-json\/wp\/v2\/media?parent=5852"}],"curies":[{"name":"wp","href":"https:\/\/api.w.org\/{rel}","templated":true}]}}