{"id":5844,"date":"2018-05-16T08:06:20","date_gmt":"2018-05-16T08:06:20","guid":{"rendered":"https:\/\/www.bankweb.com\/fr\/?page_id=5844"},"modified":"2020-01-14T12:41:09","modified_gmt":"2020-01-14T12:41:09","slug":"prets","status":"publish","type":"page","link":"https:\/\/www.bankweb.com\/fr\/prets\/","title":{"rendered":"Pr\u00eats"},"content":{"rendered":"<p><script language=\"javascript\" type=\"text\/javascript\">\nfunction showHide(shID) {\n   if (document.getElementById(shID)) {\n      if (document.getElementById(shID+'-show').style.display != 'none') {\n         document.getElementById(shID+'-show').style.display = 'none';\n         document.getElementById(shID).style.display = 'inline';\n      }\n      else {\n         document.getElementById(shID+'-show').style.display = 'block';\n         document.getElementById(shID).style.display = 'none';\n      }\n   }\n}\n<\/script><\/p>\n<div class=\"blancoheader\">\n<h1 class=\"kredith1\">Comparer les pr\u00eats 2020<\/h1>\n<\/div>\n<p class=\"ingresssnabblan\"><center><em>Un cr\u00e9dit vous engage et doit \u00eatre rembours\u00e9. V\u00e9rifiez vos capacit\u00e9s de remboursement avant de vous engager.<\/em><\/center><br \/>\nIl est intelligent de comparer les pr\u00eats personnels.<\/p>\n<p>&nbsp;<\/p>\n<div class=\"fullwidthlan\">\n<div class=\"social-col l\">\n<div class=\"imgblanco\"><span style=\"text-align: center; display: block; padding-bottom: 20px; color: black;\"><\/span> <img loading=\"lazy\" decoding=\"async\" src=\"https:\/\/www.bankweb.com\/fr\/wp-content\/uploads\/2018\/05\/rsz_capitaine.png\" alt=\"capitaine\" width=\"110\" height=\"32\" class=\"imgblanco\" \/><img loading=\"lazy\" decoding=\"async\" src=\"https:\/\/www.bankweb.com\/fr\/wp-content\/uploads\/2018\/05\/rsz_cofidis.png\" alt=\"cofidis\" width=\"110\" height=\"48\" class=\"imgblanco\" \/><img loading=\"lazy\" decoding=\"async\" src=\"https:\/\/www.bankweb.com\/fr\/wp-content\/uploads\/2018\/05\/rsz_cofinoga.png\" alt=\"cofinoga\" width=\"110\" height=\"45\" class=\"imgblanco\" \/><img loading=\"lazy\" decoding=\"async\" src=\"https:\/\/www.bankweb.com\/fr\/wp-content\/uploads\/2018\/05\/rsz_societe.png\" alt=\"societe\" width=\"110\" height=\"37\" class=\"imgblanco\" \/><img loading=\"lazy\" decoding=\"async\" src=\"https:\/\/www.bankweb.com\/fr\/wp-content\/uploads\/2018\/05\/rsz_younited-2.png\" alt=\"younited credit\" width=\"110\" height=\"34\" class=\"imgblanco\" \/><img loading=\"lazy\" decoding=\"async\" src=\"https:\/\/www.bankweb.com\/fr\/wp-content\/uploads\/2018\/05\/rsz_cashper.png\" alt=\"Cashper\" width=\"110\" height=\"29\" class=\"imgblanco\" \/><\/div>\n<\/div>\n<div class=\"c\"><\/div>\n<div class=\"social-colfaq\">\n<ol>\n<li class=\"greenfront1\">Voici comment classer les pr\u00eats<\/li>\n<li class=\"greenfront1\">Utilisez le curseur sup\u00e9rieur pour s\u00e9lectionner le montant<\/li>\n<li class=\"greenfront1\">Entrez la dur\u00e9e de remboursement souhait\u00e9e dans la ligne du bas<\/li>\n<li class=\"greenfront1\">C&#8217;est clair ! Maintenant, tous les pr\u00eats sont class\u00e9s automatiquement.<\/li>\n<\/ol>\n<\/div>\n<\/div>\n<p><iframe onload=\"fa_iframeresize.do(this);\" src=\"https:\/\/tools.financeads.net\/calc.php?tp=dif&#038;cl=pretperso&#038;h=1&#038;wf=28473&#038;country=FR&#038;ntpl=responsive\" scrolling=\"no\" width=\"100%\" style=\"padding:0px;margin:0px;border-width:0px;\" frameborder=\"0\"><\/iframe><script type=\"text\/javascript\" src=\"\/\/js.financeads.net\/iframeResizeMe.min.js.gz\"><\/script><br \/>\n&nbsp;<\/p>\n<h2>Pr\u00eats bancaires en France<\/h2>\n<p>En demandant un pr\u00eat, on a la possibilit\u00e9 d&#8217;obtenir des liquidit\u00e9s suppl\u00e9mentaires qui peuvent \u00eatre utilis\u00e9es pour couvrir des d\u00e9penses suppl\u00e9mentaires, pour r\u00e9aliser des projets ou pour faire face \u00e0 des situations d&#8217;urgence. Outre le choix de la meilleure solution de financement, l&#8217;une des principales pr\u00e9occupations des \u00e9pargnants concerne le moment du d\u00e9boursement du pr\u00eat et combien de temps il faut attendre pour obtenir le montant d&#8217;argent requis.<br \/>\n&nbsp;<br \/>\nEn France, un pr\u00eat peut \u00eatre consenti \u00e0 toute personne \u00e2g\u00e9e de 18 \u00e0 70 ans et n&#8217;est pas li\u00e9 \u00e0 une garantie, c&#8217;est-\u00e0-dire \u00e0 la pr\u00e9sentation du nantissement et des droits hypoth\u00e9caires. Les personnes qui ont les meilleures chances d&#8217;obtenir un pr\u00eat sont celles qui remplissent leurs obligations mensuelles, comme les factures et les loyers, ou les clients qui peuvent prouver leur capacit\u00e9 \u00e0 rembourser le pr\u00eat en soumettant leurs fiches de paie.<br \/>\n&nbsp;<br \/>\nAujourh&#8217;hui, les offres se multiplient et les d\u00e9lais d&#8217;approbations diminuent : un pr\u00eat peut \u00eatre d\u00e9sormais accord\u00e9 en ligne en quelques minutes, et le client n&#8217;a qu&#8217;\u00e0 choisir l&#8217;offre qui lui convient.<br \/>\n&nbsp;<br \/>\n<img loading=\"lazy\" decoding=\"async\" src=\"https:\/\/www.bankweb.com\/fr\/wp-content\/uploads\/2018\/05\/prets2-1024x683.jpg\" alt=\"Bankweb prets\" width=\"580\" height=\"387\" class=\"alignnone size-large wp-image-5887\" srcset=\"https:\/\/www.bankweb.com\/fr\/wp-content\/uploads\/2018\/05\/prets2-1024x683.jpg 1024w, https:\/\/www.bankweb.com\/fr\/wp-content\/uploads\/2018\/05\/prets2-300x200.jpg 300w, https:\/\/www.bankweb.com\/fr\/wp-content\/uploads\/2018\/05\/prets2-768x512.jpg 768w, https:\/\/www.bankweb.com\/fr\/wp-content\/uploads\/2018\/05\/prets2.jpg 1920w\" sizes=\"auto, (max-width: 580px) 100vw, 580px\" \/><br \/>\n&nbsp;<\/p>\n<h3>Conditions pour l&#8217;octroi d&#8217;un pr\u00eat en France<\/h3>\n<p>Pour augmenter les chances d\u2019avoir un pr\u00eat, il y a des crit\u00e8res que la banque prend au s\u00e9rieux. Pour \u00e9viter les mauvaises surprises, voici une liste des points \u00e0 ne pas n\u00e9gliger avant de faire une demande de pr\u00eat en France.<br \/>\n&nbsp;<br \/>\n<strong>La stabilit\u00e9 professionnelle<\/strong><br \/>\nPlus que jamais, les banques en France sont attach\u00e9es \u00e0 la stabilit\u00e9 professionnelle : les contrats \u00e0 dur\u00e9e ind\u00e9termin\u00e9e et l&#8217;anciennet\u00e9 sont devenus les nouvelles conditions d&#8217;acc\u00e8s au cr\u00e9dit. Dans le cas des ind\u00e9pendants et des professions lib\u00e9rales, il est conseill\u00e9 de donner les deux ou trois derni\u00e8res ann\u00e9es du budget.<br \/>\n&nbsp;<\/p>\n<h3>Les comptes en rouge<\/h3>\n<p>Avant de prendre la d\u00e9cision d&#8217;accorder ou non un pr\u00eat, la banque en France fait une \u00e9tude sur la situation financi\u00e8re de celui qui veut emprunter. Il est donc conseill\u00e9 de ne pas avoir un compte en rouge au cours des deux ou six derniers mois pr\u00e9c\u00e9dant la demande du pr\u00eat et, si possible, d&#8217;avoir rembours\u00e9 tout cr\u00e9dit \u00e0 la consommation : Si la personne est intouchable sur ce point, elle lui sera non seulement plus facile d&#8217;obtenir un cr\u00e9dit mais aussi de n\u00e9gocier un bon taux avec la banque.<br \/>\n&nbsp;<\/p>\n<h3>Le suivi de la capacit\u00e9 d&#8217;endettement<\/h3>\n<p>C&#8217;est quasiment la r\u00e8gle la plus connue des emprunteurs, celle des 33 %. Le taux varie d&#8217;une banque \u00e0 une autre et selon le dossier, mais en g\u00e9n\u00e9ral le montant du pr\u00eat ne doit pas d\u00e9passer le tiers du revenu net du d\u00e9biteur. Si, dans le pass\u00e9, les banques se sont montr\u00e9es maniables \u00e0 cet \u00e9gard, cette r\u00e8gle est d\u00e9sormais strictement appliqu\u00e9e, m\u00eame pour les revenus les plus \u00e9lev\u00e9s.<br \/>\n&nbsp;<br \/>\n<strong>L\u2019\u00e9pargne r\u00e9guli\u00e8re avant la demande du pr\u00eat<\/strong><br \/>\nComme le revenu du futur d\u00e9biteur, la banque sera sensible \u00e0 sa capacit\u00e9 d&#8217;\u00e9pargne : Certaines<br \/>\nbanques pr\u00e9f\u00e9reront pr\u00eater \u00e0 un client qui, m\u00eame sans avoir un revenu \u00e9lev\u00e9, peut \u00e9pargner r\u00e9guli\u00e8rement, quoique peu, par rapport \u00e0 un autre qui gagne plus mais qui se retrouve avec un compte rouge tous les quinze du mois&#8230; Il est conseill\u00e9 de retarder la demande de pr\u00eat afin d&#8217;avoir le temps d&#8217;am\u00e9liorer les qualit\u00e9s d&#8217;\u00e9pargnant.<br \/>\n&nbsp;<br \/>\n<img loading=\"lazy\" decoding=\"async\" src=\"https:\/\/www.bankweb.com\/fr\/wp-content\/uploads\/2018\/05\/prets1-1024x767.png\" alt=\"Prets\" width=\"580\" height=\"434\" class=\"alignnone size-large wp-image-5888\" srcset=\"https:\/\/www.bankweb.com\/fr\/wp-content\/uploads\/2018\/05\/prets1-1024x767.png 1024w, https:\/\/www.bankweb.com\/fr\/wp-content\/uploads\/2018\/05\/prets1-300x225.png 300w, https:\/\/www.bankweb.com\/fr\/wp-content\/uploads\/2018\/05\/prets1-768x576.png 768w, https:\/\/www.bankweb.com\/fr\/wp-content\/uploads\/2018\/05\/prets1.png 1920w\" sizes=\"auto, (max-width: 580px) 100vw, 580px\" \/><br \/>\n&nbsp;<br \/>\n<strong>Faire attention aux documents manquants<\/strong><br \/>\nSoumettre une demande compl\u00e8te au banquier est essentiel : remettre la moiti\u00e9 des documents n\u00e9cessaires ou envoyer des bulletins de paie ou des relev\u00e9s de compte en retard pourrait irriter l&#8217;interlocuteur et donner l&#8217;impression de ne pas \u00eatre fiable.<br \/>\n&nbsp;<br \/>\n<strong>R\u00e9duction de la dur\u00e9e du pr\u00eat<\/strong><br \/>\nLe risque assum\u00e9 par la banque augmente avec la dur\u00e9e du pr\u00eat qu&#8217;elle accorde. Il est donc conseill\u00e9 de raccourcir la dur\u00e9e. Un an ou deux peuvent suffire. Il s&#8217;agit d&#8217;une solution plus attrayante qui peut s&#8217;accompagner d&#8217;une l\u00e9g\u00e8re baisse des taux d&#8217;int\u00e9r\u00eat.<br \/>\n&nbsp;<\/p>\n<h4>Pr\u00eat Personnel et engagement du client<\/h4>\n<p>Un contrat de pr\u00eat personnel doit contenir certains param\u00e8tres pr\u00e9cis \u00e9tablis par la Banque de France, tels que la somme, le nombre et l&#8217;\u00e9ch\u00e9ance des versements \u00e0 payer et le taux d&#8217;int\u00e9r\u00eat appliqu\u00e9. Parfois le client peut se trouver incapable d&#8217;honorer ses engagement envers la banque. Voici les proc\u00e9dures et les cas fr\u00e9quents que le client peut rencontrer et les pr\u00e9cautions qu&#8217;il doit entreprendre :<br \/>\n&nbsp;<\/p>\n<h4>Pr\u00eat personnel et retard ou non-paiement d&#8217;un versement<\/h4>\n<p>En cas de non-paiement ou d&#8217;interruption des versements, l&#8217;emprunteur signalera le pr\u00eat aux autorit\u00e9s centrales de protection du cr\u00e9dit et de gestion des risques et en informera les banques et le syst\u00e8me financier. De plus, des int\u00e9r\u00eats et des frais seront pay\u00e9s, ce qui augmentera le montant.<br \/>\n&nbsp;<\/p>\n<h4>Pr\u00eat personnel et r\u00e9cession du contrat<\/h4>\n<p>L&#8217;emprunteur peut toujours exercer le droit de r\u00e9silier le contrat. La remise en question du consommateur, sans avoir \u00e0 l&#8217;expliquer \u00e0 la banque ou \u00e0 l&#8217;institution financi\u00e8re, n&#8217;entra\u00eene pas de frais si le droit est exerc\u00e9 dans les jours suivant la signature et de la mani\u00e8re d\u00e9crite dans le contrat.<br \/>\n&nbsp;<br \/>\n<strong>Pr\u00eat personnel et remboursement anticip\u00e9<\/strong><br \/>\nLe pr\u00eat peut toujours \u00eatre \u00e9teint avant l&#8217;extinction du contrat conform\u00e9ment aux proc\u00e9dures \u00e9tablies par la loi. Dans ces cas, le client doit proc\u00e9der au paiement des versements restants avec l&#8217;application de quelques frais.<br \/>\n&nbsp;<br \/>\n<strong>Pr\u00eat personnel et protection<\/strong><br \/>\nLa protection la plus efficace dans les situations difficiles et pour couvrir les \u00e9v\u00e9nements impr\u00e9visibles pour l&#8217;emprunteur et sa famille est l&#8217;assurance-cr\u00e9dit. Les personnes physiques \u00e2g\u00e9es de 18 \u00e0 70 ans peuvent \u00eatre assur\u00e9es.<br \/>\n&nbsp;<br \/>\n<strong>Pr\u00eat personnel et crit\u00e8res d&#8217;\u00e9valuation<\/strong><br \/>\nLe meilleur instrument pour maintenir l&#8217;insolvabilit\u00e9 en dessous d&#8217;un seuil de risque pour les \u00e9tablissements de cr\u00e9dit est la notation du cr\u00e9dit, c&#8217;est-\u00e0-dire un ensemble de donn\u00e9es statistiques sur la base desquelles la fiabilit\u00e9 du cr\u00e9ancier est v\u00e9rifi\u00e9e. Si le cr\u00e9ancier est en retard de paiement ou est insolvable, la possibilit\u00e9 de recevoir un pr\u00eat est plus faible et, dans certains cas, le transfert d&#8217;un cinqui\u00e8me du salaire est utilis\u00e9.<br \/>\n&nbsp;<br \/>\n<strong>Relation entre la banque et le client<\/strong><br \/>\nLes banques en France agissent presque de la m\u00eame fa\u00e7on que toutes les banques au monde. S&#8217;il y a aujourd&#8217;hui plusieurs offres par divers institutions bancaires, c&#8217;est juste pour la concurrence et l&#8217;acquisition de nouveaux clients : Des clients en qu\u00eate de gain &#8221;utopique&#8221;!<\/p>\n","protected":false},"excerpt":{"rendered":"<p>Comparer les pr\u00eats 2020 Un cr\u00e9dit vous engage et doit \u00eatre rembours\u00e9. V\u00e9rifiez vos capacit\u00e9s de remboursement avant de vous engager. Il est intelligent de comparer les pr\u00eats personnels. &nbsp; Voici comment classer les pr\u00eats Utilisez le curseur sup\u00e9rieur pour [&hellip;]<\/p>\n","protected":false},"author":4,"featured_media":0,"parent":0,"menu_order":0,"comment_status":"closed","ping_status":"closed","template":"","meta":{"footnotes":""},"class_list":["post-5844","page","type-page","status-publish","hentry"],"yoast_head":"<!-- This site is optimized with the Yoast SEO plugin v19.4 - https:\/\/yoast.com\/wordpress\/plugins\/seo\/ -->\n<title>Comparez tous les pr\u00eats en France - Pr\u00eats bancaires en France<\/title>\n<meta name=\"description\" content=\"Simple et gratuit, comparez et simuler votre cr\u00e9dit sans m\u00eame vous inscrire. Trouvez le cr\u00e9dit le plus avantageux : nous trions les organismes financiers en fonction du co\u00fbt.\" \/>\n<meta name=\"robots\" content=\"index, follow, max-snippet:-1, max-image-preview:large, max-video-preview:-1\" \/>\n<link rel=\"canonical\" href=\"https:\/\/www.bankweb.com\/fr\/prets\/\" \/>\n<meta name=\"twitter:card\" content=\"summary\" \/>\n<meta name=\"twitter:title\" content=\"Comparez tous les pr\u00eats en France - Pr\u00eats bancaires en France\" \/>\n<meta name=\"twitter:description\" content=\"Simple et gratuit, comparez et simuler votre cr\u00e9dit sans m\u00eame vous inscrire. Trouvez le cr\u00e9dit le plus avantageux : nous trions les organismes financiers en fonction du co\u00fbt.\" \/>\n<meta name=\"twitter:image\" content=\"https:\/\/www.bankweb.com\/fr\/wp-content\/uploads\/2018\/05\/rsz_capitaine.png\" \/>\n<meta name=\"twitter:label1\" content=\"Ber\u00e4knad l\u00e4stid\" \/>\n\t<meta name=\"twitter:data1\" content=\"6 minuter\" \/>\n<script type=\"application\/ld+json\" class=\"yoast-schema-graph\">{\"@context\":\"https:\/\/schema.org\",\"@graph\":[{\"@type\":\"WebSite\",\"@id\":\"https:\/\/www.bankweb.com\/fr\/#website\",\"url\":\"https:\/\/www.bankweb.com\/fr\/\",\"name\":\"Bankweb.com France\",\"description\":\"\",\"potentialAction\":[{\"@type\":\"SearchAction\",\"target\":{\"@type\":\"EntryPoint\",\"urlTemplate\":\"https:\/\/www.bankweb.com\/fr\/?s={search_term_string}\"},\"query-input\":\"required name=search_term_string\"}],\"inLanguage\":\"sv-SE\"},{\"@type\":\"WebPage\",\"@id\":\"https:\/\/www.bankweb.com\/fr\/prets\/\",\"url\":\"https:\/\/www.bankweb.com\/fr\/prets\/\",\"name\":\"Comparez tous les pr\u00eats en France - Pr\u00eats bancaires en France\",\"isPartOf\":{\"@id\":\"https:\/\/www.bankweb.com\/fr\/#website\"},\"datePublished\":\"2018-05-16T08:06:20+00:00\",\"dateModified\":\"2020-01-14T12:41:09+00:00\",\"description\":\"Simple et gratuit, comparez et simuler votre cr\u00e9dit sans m\u00eame vous inscrire. Trouvez le cr\u00e9dit le plus avantageux : nous trions les organismes financiers en fonction du co\u00fbt.\",\"breadcrumb\":{\"@id\":\"https:\/\/www.bankweb.com\/fr\/prets\/#breadcrumb\"},\"inLanguage\":\"sv-SE\",\"potentialAction\":[{\"@type\":\"ReadAction\",\"target\":[\"https:\/\/www.bankweb.com\/fr\/prets\/\"]}]},{\"@type\":\"BreadcrumbList\",\"@id\":\"https:\/\/www.bankweb.com\/fr\/prets\/#breadcrumb\",\"itemListElement\":[{\"@type\":\"ListItem\",\"position\":1,\"name\":\"Hem\",\"item\":\"https:\/\/www.bankweb.com\/fr\/\"},{\"@type\":\"ListItem\",\"position\":2,\"name\":\"Pr\u00eats\"}]}]}<\/script>\n<!-- \/ Yoast SEO plugin. -->","yoast_head_json":{"title":"Comparez tous les pr\u00eats en France - Pr\u00eats bancaires en France","description":"Simple et gratuit, comparez et simuler votre cr\u00e9dit sans m\u00eame vous inscrire. Trouvez le cr\u00e9dit le plus avantageux : nous trions les organismes financiers en fonction du co\u00fbt.","robots":{"index":"index","follow":"follow","max-snippet":"max-snippet:-1","max-image-preview":"max-image-preview:large","max-video-preview":"max-video-preview:-1"},"canonical":"https:\/\/www.bankweb.com\/fr\/prets\/","twitter_card":"summary","twitter_title":"Comparez tous les pr\u00eats en France - Pr\u00eats bancaires en France","twitter_description":"Simple et gratuit, comparez et simuler votre cr\u00e9dit sans m\u00eame vous inscrire. Trouvez le cr\u00e9dit le plus avantageux : nous trions les organismes financiers en fonction du co\u00fbt.","twitter_image":"https:\/\/www.bankweb.com\/fr\/wp-content\/uploads\/2018\/05\/rsz_capitaine.png","twitter_misc":{"Ber\u00e4knad l\u00e4stid":"6 minuter"},"schema":{"@context":"https:\/\/schema.org","@graph":[{"@type":"WebSite","@id":"https:\/\/www.bankweb.com\/fr\/#website","url":"https:\/\/www.bankweb.com\/fr\/","name":"Bankweb.com France","description":"","potentialAction":[{"@type":"SearchAction","target":{"@type":"EntryPoint","urlTemplate":"https:\/\/www.bankweb.com\/fr\/?s={search_term_string}"},"query-input":"required name=search_term_string"}],"inLanguage":"sv-SE"},{"@type":"WebPage","@id":"https:\/\/www.bankweb.com\/fr\/prets\/","url":"https:\/\/www.bankweb.com\/fr\/prets\/","name":"Comparez tous les pr\u00eats en France - Pr\u00eats bancaires en France","isPartOf":{"@id":"https:\/\/www.bankweb.com\/fr\/#website"},"datePublished":"2018-05-16T08:06:20+00:00","dateModified":"2020-01-14T12:41:09+00:00","description":"Simple et gratuit, comparez et simuler votre cr\u00e9dit sans m\u00eame vous inscrire. Trouvez le cr\u00e9dit le plus avantageux : nous trions les organismes financiers en fonction du co\u00fbt.","breadcrumb":{"@id":"https:\/\/www.bankweb.com\/fr\/prets\/#breadcrumb"},"inLanguage":"sv-SE","potentialAction":[{"@type":"ReadAction","target":["https:\/\/www.bankweb.com\/fr\/prets\/"]}]},{"@type":"BreadcrumbList","@id":"https:\/\/www.bankweb.com\/fr\/prets\/#breadcrumb","itemListElement":[{"@type":"ListItem","position":1,"name":"Hem","item":"https:\/\/www.bankweb.com\/fr\/"},{"@type":"ListItem","position":2,"name":"Pr\u00eats"}]}]}},"_links":{"self":[{"href":"https:\/\/www.bankweb.com\/fr\/wp-json\/wp\/v2\/pages\/5844","targetHints":{"allow":["GET"]}}],"collection":[{"href":"https:\/\/www.bankweb.com\/fr\/wp-json\/wp\/v2\/pages"}],"about":[{"href":"https:\/\/www.bankweb.com\/fr\/wp-json\/wp\/v2\/types\/page"}],"author":[{"embeddable":true,"href":"https:\/\/www.bankweb.com\/fr\/wp-json\/wp\/v2\/users\/4"}],"replies":[{"embeddable":true,"href":"https:\/\/www.bankweb.com\/fr\/wp-json\/wp\/v2\/comments?post=5844"}],"version-history":[{"count":21,"href":"https:\/\/www.bankweb.com\/fr\/wp-json\/wp\/v2\/pages\/5844\/revisions"}],"predecessor-version":[{"id":6015,"href":"https:\/\/www.bankweb.com\/fr\/wp-json\/wp\/v2\/pages\/5844\/revisions\/6015"}],"wp:attachment":[{"href":"https:\/\/www.bankweb.com\/fr\/wp-json\/wp\/v2\/media?parent=5844"}],"curies":[{"name":"wp","href":"https:\/\/api.w.org\/{rel}","templated":true}]}}