{"id":5203,"date":"2017-08-31T11:30:52","date_gmt":"2017-08-31T11:30:52","guid":{"rendered":"http:\/\/bankweb.com\/fr\/?page_id=5203"},"modified":"2018-08-23T12:14:20","modified_gmt":"2018-08-23T12:14:20","slug":"start","status":"publish","type":"page","link":"https:\/\/www.bankweb.com\/fr\/","title":{"rendered":"Start"},"content":{"rendered":"<div class=\"entryfullfront\">\n<p>    <!--------Slides------>    <\/p>\n<div class=\"carousel slide carousel-fade\" data-ride=\"carousel\">\n\t\t<!-- Wrapper for slides --><\/p>\n<div class=\"carousel-inner\" role=\"listbox\">\n<div class=\"item active\" style=\" background: url(\/fr\/images\/slide.jpg) no-repeat top center ;\">\n<div class=\"overlay\">\n<div class=\"ittembold\">\n<div class=\"caption\">Bankweb.com &#8211; <br \/>C&#8217;est intelligent de comparer les pr\u00eats et les cr\u00e9dits!<\/div>\n<p><a href=\"\" class=\"bluebtn\">Comparer<\/a><\/div>\n<\/div><\/div>\n<div class=\"item\" style=\" background: url(\/fr\/images\/slide.jpg) no-repeat top center ;\">\n<div class=\"overlay\">\n<div class=\"ittembold\">\n<div class=\"caption\">Bankweb.com &#8211; <br \/>C&#8217;est intelligent de comparer les pr\u00eats et les cr\u00e9dits!<\/div>\n<p><a href=\"\"  class=\"bluebtn\">Comparer<\/a><\/div>\n<\/div><\/div>\n<\/p><\/div>\n<p>        <a class=\"left carouselbtn\" href=\".carousel\" role=\"button\" data-slide=\"prev\"><<\/a><br \/>\n        <a class=\"right carouselbtn\" href=\".carousel\" role=\"button\" data-slide=\"next\">><\/a><\/p><\/div>\n<\/div>\n<p>    <!---- below Image Blocks----><\/p>\n<div class=\"container\">\n<div class=\" homeblocks row\">\n<div class=\"col5\">\n<div class=\"inner\" style=\"background-color:#03508e;\">\n<div class=\"border\">\n<div class=\"image\" style=\"background: url(\/fr\/images\/cards.png) no-repeat center center ;\"><\/div>\n<h3><a class=\"whitefront\" href=\"https:\/\/www.bankweb.com\/fr\/credit\/\">Cartes de cr\u00e9dit (Coming soon)<\/a><\/h3>\n<\/p><\/div>\n<\/p><\/div>\n<\/p><\/div>\n<div class=\"col5\">\n<div class=\"inner\" style=\"background-color:#1ebee4;\">\n<div class=\"border\">\n<div class=\"image\" style=\"background: url(\/fr\/images\/personal_loan.png) no-repeat center center ;\"><\/div>\n<h3><a class=\"whitefront\" href=\"https:\/\/www.bankweb.com\/fr\/prets\/\">Comparer les pr\u00eats<\/a><\/h3>\n<\/p><\/div>\n<\/p><\/div>\n<\/p><\/div>\n<div class=\"col5\" >\n<div class=\"inner\" style=\"background-color:#729836;\">\n<div class=\"border\">\n<div class=\"image\" style=\"background: url(\/fr\/images\/buiseness_loan.png) no-repeat center center ;\"><\/div>\n<h3><a class=\"whitefront\" href=\"https:\/\/www.bankweb.com\/fr\/prepayees\/\">Cartes pr\u00e9pay\u00e9es<\/a><\/h3>\n<\/p><\/div>\n<\/p><\/div>\n<\/p><\/div>\n<\/p><\/div>\n<\/p><\/div>\n<\/p><\/div>\n<\/div>\n<p><center><em>Un cr\u00e9dit vous engage et doit \u00eatre rembours\u00e9. V\u00e9rifiez vos capacit\u00e9s de remboursement avant de vous engager.<\/em><\/center><br \/>\n&nbsp;<br \/>\nLes pr\u00eats et les cartes de cr\u00e9dit<br \/>\nEn plus des pr\u00eats immobiliers, il existe plusieurs formes de cr\u00e9dit permettant de financer les besoins des particuliers et des entreprises.<br \/>\n&nbsp;<\/p>\n<h1>Les pr\u00eats personnels<\/h1>\n<p>Dans cette cat\u00e9gorie, on distingue essentiellement deux grands types de pr\u00eats :<br \/>\n&nbsp;<br \/>\nLes prix \u00e0 taux fixe et \u00e0 mensualit\u00e9s constantes. Par contrat, le client s&#8217;engage \u00e0 r\u00e9gler un certain nombre de mensualit\u00e9s sur une dur\u00e9e d\u00e9termin\u00e9e : chacune des \u00e9ch\u00e9ances inclut une part de capital et une part d&#8217;int\u00e9r\u00eats. Ces <a href=\"https:\/\/www.bankweb.com\/fr\/prets\/\">pr\u00eats<\/a> sont accord\u00e9s par les banques pour un usage pr\u00e9cis, hormis les biens immobiliers qui font l&#8217;objet de pr\u00eats sp\u00e9cifiques. L&#8217;\u00e9tablissement bancaire peut \u00eatre amen\u00e9 \u00e0 demander des justificatifs des achats : ce type de pr\u00eat sert souvent \u00e0 financer une automobile, une moto, un camping-car, des travaux dans une r\u00e9sidence ou des \u00e9tudes.<br \/>\n&nbsp;<br \/>\nLes cr\u00e9dits renouvelables, autrefois appel\u00e9s cr\u00e9dits permanents, r\u00e9serves de cr\u00e9dit ou cr\u00e9dit revolving, ces cr\u00e9dits renouvelables mettent \u00e0 la disposition du client une somme d&#8217;argent qu&#8217;il reconstitue au fur et \u00e0 mesure de ses paiements. En r\u00e8gle g\u00e9n\u00e9rale, aucun justificatif d&#8217;achat n&#8217;est demand\u00e9 par le pr\u00eateur et l&#8217;emprunteur d\u00e9pense l&#8217;argent comme bon lui semble : la somme emprunt\u00e9e peut par exemple servir en cas de probl\u00e8me de tr\u00e9sorerie, pour renouveler un appareil \u00e9lectrom\u00e9nager en urgence, r\u00e9gler une d\u00e9pense impr\u00e9vue comme une r\u00e9paration automobile, ou encore payer des imp\u00f4ts ou des vacances.<br \/>\n&nbsp;<br \/>\n<img loading=\"lazy\" decoding=\"async\" src=\"https:\/\/www.bankweb.com\/fr\/wp-content\/uploads\/2018\/05\/pret-1024x683.jpg\" alt=\"Les pr\u00eats personnels\" width=\"580\" height=\"387\" class=\"alignnone size-large wp-image-5929\" srcset=\"https:\/\/www.bankweb.com\/fr\/wp-content\/uploads\/2018\/05\/pret-1024x683.jpg 1024w, https:\/\/www.bankweb.com\/fr\/wp-content\/uploads\/2018\/05\/pret-300x200.jpg 300w, https:\/\/www.bankweb.com\/fr\/wp-content\/uploads\/2018\/05\/pret-768x512.jpg 768w, https:\/\/www.bankweb.com\/fr\/wp-content\/uploads\/2018\/05\/pret.jpg 1920w\" sizes=\"auto, (max-width: 580px) 100vw, 580px\" \/><br \/>\n&nbsp;<\/p>\n<h2>Les pr\u00eats rapides<\/h2>\n<p>Les pr\u00eats rapides sont des pr\u00eats r\u00e9alis\u00e9s sans enqu\u00eate et portant sur une somme limit\u00e9e, le plus souvent 1500 \u20ac. C&#8217;est pourquoi on les appelle aussi microcr\u00e9dits ou pr\u00eats \u00e0 court terme. Ces pr\u00eats ont les caract\u00e9ristiques suivantes :<br \/>\n&nbsp;<br \/>\nIls s&#8217;adressent aux personnes qui ne sont pas enregistr\u00e9es aupr\u00e8s de la Banque de France comme interdits bancaires et qui per\u00e7oivent une source de revenu r\u00e9guli\u00e8re.<br \/>\nLe d\u00e9blocage des fonds peut se faire en 24 heures.<br \/>\n&nbsp;<br \/>\nAucun justificatif de d\u00e9pense n&#8217;est requis.<br \/>\nLe remboursement se fait dans un d\u00e9lai tr\u00e8s court, de deux semaines \u00e0 quelques mois au maximum.<br \/>\n&nbsp;<\/p>\n<h3>Les pr\u00eats des entreprises<\/h3>\n<p>Les pr\u00eats aux entreprises sont g\u00e9n\u00e9ralement accord\u00e9s pour deux usages :<br \/>\n&nbsp;<br \/>\n<strong>Am\u00e9nager des locaux.<br \/>\nInvestir dans du mat\u00e9riel.<\/strong><br \/>\n&nbsp;<br \/>\nDifficiles \u00e0 obtenir, ils n\u00e9cessitent g\u00e9n\u00e9ralement la production de bilans comptables montrant la p\u00e9rennit\u00e9 de l&#8217;activit\u00e9 et le versement d&#8217;un apport. En outre, il est fr\u00e9quent que le dirigeant doive se porter garant. Pour financer les besoins de l&#8217;entreprise, les banques proposent un d\u00e9couvert bancaire, une ligne de cr\u00e9dit, l&#8217;escompte de traite ou l&#8217;achat de factures clients dans le cadre d&#8217;un contrat d&#8217;affacturage.<br \/>\n&nbsp;<br \/>\nIl existe plusieurs types de cartes bancaires : les cartes de cr\u00e9dit et les cartes pr\u00e9pay\u00e9es qui sont tr\u00e8s diff\u00e9rentes.<br \/>\n&nbsp;<\/p>\n<h4>Les cartes de cr\u00e9dit<\/h4>\n<p>En France, le terme carte de cr\u00e9dit peut d\u00e9signer deux cat\u00e9gories de cartes :<\/p>\n<p>Les cartes de cr\u00e9dit renouvelable propos\u00e9es par des \u00e9tablissements financiers sp\u00e9cialis\u00e9s : il s&#8217;agit de cartes de paiement utilisables dans des grandes surfaces, dans des boutiques en ligne de pr\u00eat-\u00e0-porter et d&#8217;ameublement. Une r\u00e9serve d&#8217;argent est attribu\u00e9e au client en m\u00eame temps que la carte, r\u00e9serve qu&#8217;il peut \u00e9galement se faire verser par virement sur son compte bancaire.<br \/>\n&nbsp;<br \/>\n<img loading=\"lazy\" decoding=\"async\" src=\"https:\/\/www.bankweb.com\/fr\/wp-content\/uploads\/2018\/05\/credit-1024x683.jpg\" alt=\"Les pr\u00eats rapides\" width=\"580\" height=\"387\" class=\"alignnone size-large wp-image-5930\" srcset=\"https:\/\/www.bankweb.com\/fr\/wp-content\/uploads\/2018\/05\/credit-1024x683.jpg 1024w, https:\/\/www.bankweb.com\/fr\/wp-content\/uploads\/2018\/05\/credit-300x200.jpg 300w, https:\/\/www.bankweb.com\/fr\/wp-content\/uploads\/2018\/05\/credit-768x512.jpg 768w, https:\/\/www.bankweb.com\/fr\/wp-content\/uploads\/2018\/05\/credit.jpg 1920w\" sizes=\"auto, (max-width: 580px) 100vw, 580px\" \/><br \/>\n&nbsp;<br \/>\nPour rembourser le cr\u00e9dit, le client a le choix : il re\u00e7oit chaque mois un relev\u00e9 lui indiquant la somme minimum \u00e0 r\u00e9gler, qui est calcul\u00e9e en fonction du montant emprunt\u00e9. Il peut la payer, ou verser une somme plus importante, voire solder le cr\u00e9dit. Plus il paie et plus il rembourse vite, moins le cr\u00e9dit lui co\u00fbte cher, les int\u00e9r\u00eats \u00e9tant calcul\u00e9s chaque mois sur le solde restant d\u00fb. Au fur et \u00e0 mesure du temps, l&#8217;emprunteur reconstitue sa r\u00e9serve, qu&#8217;il peut r\u00e9utiliser quand bon lui semble.<br \/>\n&nbsp;<br \/>\nLes cartes bancaires dont le paiement est diff\u00e9r\u00e9 : les clients font leurs achats tout au long du mois avec leur carte de paiement mais ceux-ci ne sont d\u00e9bit\u00e9s qu&#8217;en fin de mois, voire au d\u00e9but du mois suivant. Ce diff\u00e9r\u00e9 est gratuit, le client n&#8217;a \u00e0 r\u00e9gler que les frais de cotisation annuels de la carte, qui sont fixes. Depuis plusieurs ann\u00e9es, certains \u00e9tablissements bancaires proposent des cartes de paiement incluant une option de cr\u00e9dit renouvelable afin de concurrencer les \u00e9tablissements financiers sp\u00e9cialis\u00e9s.<br \/>\n&nbsp;<\/p>\n<h4>Les cartes pr\u00e9pay\u00e9es<\/h4>\n<p>Les cartes pr\u00e9pay\u00e9es ne sont pas \u00e0 proprement parler des cartes de cr\u00e9dit mais des cartes de d\u00e9bit. En effet, l&#8217;utilisateur ne peut retirer de l&#8217;esp\u00e8ce ou d&#8217;effectuer des achats que dans la limite du solde disponible sur sa carte, qu&#8217;il alimente par des d\u00e9p\u00f4ts, par le versement de ses salaires ou par des gains de jeux en ligne.<\/p>\n","protected":false},"excerpt":{"rendered":"<p>Bankweb.com &#8211; C&#8217;est intelligent de comparer les pr\u00eats et les cr\u00e9dits! Comparer Bankweb.com &#8211; C&#8217;est intelligent de comparer les pr\u00eats et les cr\u00e9dits! Comparer Cartes de cr\u00e9dit (Coming soon) Comparer les pr\u00eats Cartes pr\u00e9pay\u00e9es Un cr\u00e9dit vous engage et doit [&hellip;]<\/p>\n","protected":false},"author":4,"featured_media":0,"parent":0,"menu_order":0,"comment_status":"closed","ping_status":"closed","template":"","meta":{"footnotes":""},"class_list":["post-5203","page","type-page","status-publish","hentry"],"yoast_head":"<!-- This site is optimized with the Yoast SEO plugin v19.4 - https:\/\/yoast.com\/wordpress\/plugins\/seo\/ -->\n<title>Bankweb France \u2013 Comparateur de Produits Financiers<\/title>\n<meta name=\"description\" content=\"Bankweb.com est un site de comparaison en ligne pour vos produits financiers. Nous vous aidons \u00e0 trouver le meilleur pr\u00eat\" \/>\n<meta name=\"robots\" content=\"index, follow, max-snippet:-1, max-image-preview:large, max-video-preview:-1\" \/>\n<link rel=\"canonical\" href=\"https:\/\/www.bankweb.com\/fr\/\" \/>\n<meta name=\"twitter:card\" content=\"summary\" \/>\n<meta name=\"twitter:title\" content=\"Bankweb France \u2013 Comparateur de Produits Financiers\" \/>\n<meta name=\"twitter:description\" content=\"Bankweb.com est un site de comparaison en ligne pour vos produits financiers. Nous vous aidons \u00e0 trouver le meilleur pr\u00eat\" \/>\n<meta name=\"twitter:image\" content=\"https:\/\/www.bankweb.com\/fr\/wp-content\/uploads\/2018\/05\/pret.jpg\" \/>\n<meta name=\"twitter:label1\" content=\"Ber\u00e4knad l\u00e4stid\" \/>\n\t<meta name=\"twitter:data1\" content=\"5 minuter\" \/>\n<script type=\"application\/ld+json\" class=\"yoast-schema-graph\">{\"@context\":\"https:\/\/schema.org\",\"@graph\":[{\"@type\":\"WebSite\",\"@id\":\"https:\/\/www.bankweb.com\/fr\/#website\",\"url\":\"https:\/\/www.bankweb.com\/fr\/\",\"name\":\"Bankweb.com France\",\"description\":\"\",\"potentialAction\":[{\"@type\":\"SearchAction\",\"target\":{\"@type\":\"EntryPoint\",\"urlTemplate\":\"https:\/\/www.bankweb.com\/fr\/?s={search_term_string}\"},\"query-input\":\"required name=search_term_string\"}],\"inLanguage\":\"sv-SE\"},{\"@type\":\"WebPage\",\"@id\":\"https:\/\/www.bankweb.com\/fr\/\",\"url\":\"https:\/\/www.bankweb.com\/fr\/\",\"name\":\"Bankweb France \u2013 Comparateur de Produits Financiers\",\"isPartOf\":{\"@id\":\"https:\/\/www.bankweb.com\/fr\/#website\"},\"datePublished\":\"2017-08-31T11:30:52+00:00\",\"dateModified\":\"2018-08-23T12:14:20+00:00\",\"description\":\"Bankweb.com est un site de comparaison en ligne pour vos produits financiers. Nous vous aidons \u00e0 trouver le meilleur pr\u00eat\",\"breadcrumb\":{\"@id\":\"https:\/\/www.bankweb.com\/fr\/#breadcrumb\"},\"inLanguage\":\"sv-SE\",\"potentialAction\":[{\"@type\":\"ReadAction\",\"target\":[\"https:\/\/www.bankweb.com\/fr\/\"]}]},{\"@type\":\"BreadcrumbList\",\"@id\":\"https:\/\/www.bankweb.com\/fr\/#breadcrumb\",\"itemListElement\":[{\"@type\":\"ListItem\",\"position\":1,\"name\":\"Hem\",\"item\":\"https:\/\/www.bankweb.com\/fr\/\"},{\"@type\":\"ListItem\",\"position\":2,\"name\":\"Start\"}]}]}<\/script>\n<!-- \/ Yoast SEO plugin. -->","yoast_head_json":{"title":"Bankweb France \u2013 Comparateur de Produits Financiers","description":"Bankweb.com est un site de comparaison en ligne pour vos produits financiers. Nous vous aidons \u00e0 trouver le meilleur pr\u00eat","robots":{"index":"index","follow":"follow","max-snippet":"max-snippet:-1","max-image-preview":"max-image-preview:large","max-video-preview":"max-video-preview:-1"},"canonical":"https:\/\/www.bankweb.com\/fr\/","twitter_card":"summary","twitter_title":"Bankweb France \u2013 Comparateur de Produits Financiers","twitter_description":"Bankweb.com est un site de comparaison en ligne pour vos produits financiers. Nous vous aidons \u00e0 trouver le meilleur pr\u00eat","twitter_image":"https:\/\/www.bankweb.com\/fr\/wp-content\/uploads\/2018\/05\/pret.jpg","twitter_misc":{"Ber\u00e4knad l\u00e4stid":"5 minuter"},"schema":{"@context":"https:\/\/schema.org","@graph":[{"@type":"WebSite","@id":"https:\/\/www.bankweb.com\/fr\/#website","url":"https:\/\/www.bankweb.com\/fr\/","name":"Bankweb.com France","description":"","potentialAction":[{"@type":"SearchAction","target":{"@type":"EntryPoint","urlTemplate":"https:\/\/www.bankweb.com\/fr\/?s={search_term_string}"},"query-input":"required name=search_term_string"}],"inLanguage":"sv-SE"},{"@type":"WebPage","@id":"https:\/\/www.bankweb.com\/fr\/","url":"https:\/\/www.bankweb.com\/fr\/","name":"Bankweb France \u2013 Comparateur de Produits Financiers","isPartOf":{"@id":"https:\/\/www.bankweb.com\/fr\/#website"},"datePublished":"2017-08-31T11:30:52+00:00","dateModified":"2018-08-23T12:14:20+00:00","description":"Bankweb.com est un site de comparaison en ligne pour vos produits financiers. Nous vous aidons \u00e0 trouver le meilleur pr\u00eat","breadcrumb":{"@id":"https:\/\/www.bankweb.com\/fr\/#breadcrumb"},"inLanguage":"sv-SE","potentialAction":[{"@type":"ReadAction","target":["https:\/\/www.bankweb.com\/fr\/"]}]},{"@type":"BreadcrumbList","@id":"https:\/\/www.bankweb.com\/fr\/#breadcrumb","itemListElement":[{"@type":"ListItem","position":1,"name":"Hem","item":"https:\/\/www.bankweb.com\/fr\/"},{"@type":"ListItem","position":2,"name":"Start"}]}]}},"_links":{"self":[{"href":"https:\/\/www.bankweb.com\/fr\/wp-json\/wp\/v2\/pages\/5203","targetHints":{"allow":["GET"]}}],"collection":[{"href":"https:\/\/www.bankweb.com\/fr\/wp-json\/wp\/v2\/pages"}],"about":[{"href":"https:\/\/www.bankweb.com\/fr\/wp-json\/wp\/v2\/types\/page"}],"author":[{"embeddable":true,"href":"https:\/\/www.bankweb.com\/fr\/wp-json\/wp\/v2\/users\/4"}],"replies":[{"embeddable":true,"href":"https:\/\/www.bankweb.com\/fr\/wp-json\/wp\/v2\/comments?post=5203"}],"version-history":[{"count":72,"href":"https:\/\/www.bankweb.com\/fr\/wp-json\/wp\/v2\/pages\/5203\/revisions"}],"predecessor-version":[{"id":5975,"href":"https:\/\/www.bankweb.com\/fr\/wp-json\/wp\/v2\/pages\/5203\/revisions\/5975"}],"wp:attachment":[{"href":"https:\/\/www.bankweb.com\/fr\/wp-json\/wp\/v2\/media?parent=5203"}],"curies":[{"name":"wp","href":"https:\/\/api.w.org\/{rel}","templated":true}]}}