{"id":5598,"date":"2018-09-05T07:37:02","date_gmt":"2018-09-05T07:37:02","guid":{"rendered":"https:\/\/www.bankweb.com\/es\/?page_id=5598"},"modified":"2020-01-14T11:13:09","modified_gmt":"2020-01-14T11:13:09","slug":"brokers","status":"publish","type":"page","link":"https:\/\/www.bankweb.com\/es\/brokers\/","title":{"rendered":"Br\u00f3kers"},"content":{"rendered":"<h1 class=\"kredith1\">Invertir a trav\u00e9s de Br\u00f3kers en Espa\u00f1a<\/h1>\n<p>La inversi\u00f3n en los mercados financieros no es algo exclusivo para los grandes millonarios o expertos en la bolsa. A\u00fan cuando para la compra y venta de acciones no sobra tener algo de experiencia, en caso de que no la tenga y desee jugar un poco en esos negocios, podr\u00e1 hacer uso del conocimiento, la experiencia e instinto de los br\u00f3kers.<br \/>\n&nbsp;<br \/>\n<iframe onload=\"fa_iframeresize.do(this);\" src=\"https:\/\/tools.financeads.net\/calc.php?tp=dif&#038;cl=broker&#038;h=1&#038;wf=26670&#038;country=ES&#038;ntpl=responsive\" scrolling=\"no\" width=\"100%\" style=\"padding:0px;margin:0px;border-width:0px;\" frameborder=\"0\"><\/iframe><script type=\"text\/javascript\" src=\"\/\/js.financeads.net\/iframeResizeMe.min.js.gz\"><\/script><br \/>\n&nbsp;<\/p>\n<h2>\u00bfQu\u00e9 es un Br\u00f3ker?<\/h2>\n<p>Un br\u00f3ker es un profesional que dedica su tiempo al estudio de los mercados financieros para determinar cu\u00e1l es la mejor opci\u00f3n para invertir y sirve como intermediario entre ese mercado y los clientes. A trav\u00e9s de este &#8221;representante&#8221; los clientes pueden comprar o vender acciones de una manera segura y garantizada.<br \/>\n&nbsp;<br \/>\nLa ganancia del br\u00f3ker va en proporci\u00f3n directa a la inversi\u00f3n realizada por los clientes, y as\u00ed como sucede en otras \u00e1reas, dependiendo de la reputaci\u00f3n del mismo, sus tarifas podr\u00edan aumentar. Otra raz\u00f3n de la diferencia de tarifa de los br\u00f3kers viene determinada por el mercado en el que se invierta.<br \/>\n&nbsp;<br \/>\n<img loading=\"lazy\" decoding=\"async\" src=\"https:\/\/www.bankweb.com\/es\/wp-content\/uploads\/2018\/09\/Br\u00f3kers-1024x662.jpg\" alt=\"Br\u00f3kers en Espa\u00f1a\" width=\"580\" height=\"375\" class=\"alignnone size-large wp-image-5601\" srcset=\"https:\/\/www.bankweb.com\/es\/wp-content\/uploads\/2018\/09\/Br\u00f3kers-1024x662.jpg 1024w, https:\/\/www.bankweb.com\/es\/wp-content\/uploads\/2018\/09\/Br\u00f3kers-300x194.jpg 300w, https:\/\/www.bankweb.com\/es\/wp-content\/uploads\/2018\/09\/Br\u00f3kers-768x497.jpg 768w, https:\/\/www.bankweb.com\/es\/wp-content\/uploads\/2018\/09\/Br\u00f3kers.jpg 1280w\" sizes=\"auto, (max-width: 580px) 100vw, 580px\" \/><br \/>\n&nbsp;<\/p>\n<h3>\u00bfQui\u00e9nes pueden ser Br\u00f3kers en Espa\u00f1a?<\/h3>\n<p>En Espa\u00f1a, el ejercicio de los Br\u00f3kers est\u00e1 regulado por la CNMV, es decir, la Comisi\u00f3n Nacional del Mercado de Valores. Esta instituci\u00f3n persigue el objetivo de garantizar que los mercados de valores sean transparentes y que no haya irregularidades en la determinaci\u00f3n del precio de los productos.<br \/>\n&nbsp;<br \/>\nEntre sus funciones est\u00e1 la supervisi\u00f3n y el otorgamiento de licencias tanto a empresas como a particulares, para operar como br\u00f3kers.<br \/>\n&nbsp;<br \/>\nIncluso operadores de otros pa\u00edses de Europa, que se encuentran bajo la regulaci\u00f3n de la MiFD -que es la Directiva sobre Mercados de Instrumentos Financieros de la Uni\u00f3n Europea &#8211; pero que est\u00e9n operando en territorio espa\u00f1ol, deber\u00e1n estar autorizados por la Comisi\u00f3n Nacional del Mercado de Valores de Espa\u00f1a para poder operar.<br \/>\n&nbsp;<\/p>\n<h3>Evoluci\u00f3n de los br\u00f3kers en Espa\u00f1a<\/h3>\n<p>A\u00f1os atr\u00e1s la \u00fanica manera de poder invertir o de realizar inversiones en los mercados financieros, era a trav\u00e9s de los bancos. Eran ellos los que serv\u00edan de intermediarios entre los clientes y el mercado.<br \/>\n&nbsp;<br \/>\nDe este modo, para un br\u00f3ker, el mercado laboral natural, eran las entidades financieras, y dado que eran los \u00fanicos posibilitados a servir como mediadores, limitando de esta manera la competencia, las tarifas por cada transacci\u00f3n eran muy elevadas.<br \/>\n&nbsp;<br \/>\nGracias a los avances tecnol\u00f3gicos, los mercados financieros y la posibilidad de inversi\u00f3n en ellos, se ha democratizado y las tarifas de los br\u00f3kers, han tendido a la baja; y adem\u00e1s, bolsas tan distantes como la de Jap\u00f3n, la de Nueva York o la de Londres, est\u00e1n al alcance de un click.<br \/>\n&nbsp;<\/p>\n<h4>Especializaci\u00f3n de los br\u00f3kers<\/h4>\n<p>Con la evoluci\u00f3n del mercado, es natural que lo que antes realizaba una sola persona, hoy en d\u00eda lo realicen varias. Es tanta la informaci\u00f3n que se mueve en este mundo financiero, que los br\u00f3kers tienden a especializarse seg\u00fan el tipo de inversi\u00f3n que ofrezcan.<br \/>\n&nbsp;<br \/>\nEl tipo de br\u00f3ker m\u00e1s conocido, es el que sirve de intermediario para la compra y venta de acciones, pero una vez que el cliente conoce otras \u00e1reas puede comenzar a sentir inter\u00e9s por otro tipo de inversiones de mayores riesgos y ganancias. En ese momento, es cuando se buscan otro tipo de br\u00f3kers como los de Br\u00f3kers de Contratos por Diferencias o Br\u00f3kers CFDs. Estos, ofrecen oportunidades de corto plazo, de mayor riesgo y mayor ganancia, y no solo acciones para inversiones a largo plazo.<br \/>\n&nbsp;<br \/>\nEn todo caso, el cambio de un br\u00f3ker a otro, no significa que la relaci\u00f3n con el primero finaliza. La b\u00fasqueda de un nuevo br\u00f3ker le da al cliente la posibilidad de ampliar el abanico de opciones para sus inversiones.<br \/>\n&nbsp;<br \/>\n<img loading=\"lazy\" decoding=\"async\" src=\"https:\/\/www.bankweb.com\/es\/wp-content\/uploads\/2018\/09\/Br\u00f3kers-1024x485.png\" alt=\"Invertir a trav\u00e9s de Br\u00f3kers\" width=\"580\" height=\"275\" class=\"alignnone size-large wp-image-5602\" srcset=\"https:\/\/www.bankweb.com\/es\/wp-content\/uploads\/2018\/09\/Br\u00f3kers-1024x485.png 1024w, https:\/\/www.bankweb.com\/es\/wp-content\/uploads\/2018\/09\/Br\u00f3kers-300x142.png 300w, https:\/\/www.bankweb.com\/es\/wp-content\/uploads\/2018\/09\/Br\u00f3kers-768x364.png 768w, https:\/\/www.bankweb.com\/es\/wp-content\/uploads\/2018\/09\/Br\u00f3kers.png 1280w\" sizes=\"auto, (max-width: 580px) 100vw, 580px\" \/><br \/>\n&nbsp;<\/p>\n<h4>Consejos para nuevos inversionistas<\/h4>\n<p>Por \u00faltimo, listamos algunos consejos pr\u00e1cticos para quienes est\u00e9n tentados a adentrarse en el mercado financiero:<br \/>\n&nbsp;<\/p>\n<ul>\n<li>Dado que el mercado financiero es tan amplio, nuestro principal consejo es adentrarse en este mundo de manera cauta con inversiones de montos peque\u00f1os y productos sencillos. Todo ello, mientras el cliente gana confianza y conocimiento del mundo en el que est\u00e1 invirtiendo.<\/li>\n<\/ul>\n<p>&nbsp;<\/p>\n<ul>\n<li>Al momento de seleccionar su br\u00f3ker, no se deje llevar \u00fanicamente por el bajo costo de sus servicios, sino tambi\u00e9n por su experiencia, \u00e1rea de especializaci\u00f3n e incluso las plataformas de trading que utiliza, ya que esa es su principal herramienta de trabajo y es la que de alguna forma le garantizar\u00e1 que sus inversiones sean seguidas de cerca.<\/li>\n<\/ul>\n<p>&nbsp;<\/p>\n<ul>\n<li>Si el mercado y el br\u00f3ker lo permite, al igual que se realizan apuestas ficticias en los casinos en l\u00ednea a modo de entrenamiento, lo mejor es comenzar a jugar (invertir) con una cuenta demo. De esta manera, el cliente ganar\u00e1 experiencia sin riesgo de perder dinero.<\/li>\n<\/ul>\n<p>&nbsp;<\/p>\n<ul>\n<li>Por muy segura que luzca una inversi\u00f3n, nunca se debe colocar todo el capital en una sola jugada. Nuestra recomendaci\u00f3n es invertir de manera simult\u00e1nea con montos peque\u00f1os en varias acciones. De esta manera, la posible p\u00e9rdida de una, podr\u00e1 compensarse con el comportamiento de la otra.<\/li>\n<\/ul>\n","protected":false},"excerpt":{"rendered":"<p>Invertir a trav\u00e9s de Br\u00f3kers en Espa\u00f1a La inversi\u00f3n en los mercados financieros no es algo exclusivo para los grandes millonarios o expertos en la bolsa. A\u00fan cuando para la compra y venta de acciones no sobra tener algo de [&hellip;]<\/p>\n","protected":false},"author":4,"featured_media":0,"parent":0,"menu_order":0,"comment_status":"closed","ping_status":"closed","template":"","meta":{"footnotes":""},"class_list":["post-5598","page","type-page","status-publish","hentry"],"yoast_head":"<!-- This site is optimized with the Yoast SEO plugin v17.9 - https:\/\/yoast.com\/wordpress\/plugins\/seo\/ -->\n<title>Invertir en Bolsa - Mejores Brokers para Invertir en Acciones 2020<\/title>\n<meta name=\"description\" content=\"Br\u00f3ker m\u00e1s barato para operar acciones en Espa\u00f1a 2018 - Encuentra al mejor Br\u00f3ker para comprar Acciones\" \/>\n<meta name=\"robots\" content=\"index, follow, max-snippet:-1, max-image-preview:large, max-video-preview:-1\" \/>\n<link rel=\"canonical\" href=\"https:\/\/www.bankweb.com\/es\/brokers\/\" \/>\n<meta name=\"twitter:card\" content=\"summary\" \/>\n<meta name=\"twitter:title\" content=\"Invertir en Bolsa - Mejores Brokers para Invertir en Acciones 2020\" \/>\n<meta name=\"twitter:description\" content=\"Br\u00f3ker m\u00e1s barato para operar acciones en Espa\u00f1a 2018 - Encuentra al mejor Br\u00f3ker para comprar Acciones\" \/>\n<meta name=\"twitter:image\" content=\"https:\/\/www.bankweb.com\/es\/wp-content\/uploads\/2018\/09\/Br\u00f3kers.jpg\" \/>\n<meta name=\"twitter:label1\" content=\"Ber\u00e4knad l\u00e4stid\" \/>\n\t<meta name=\"twitter:data1\" content=\"5 minuter\" \/>\n<script type=\"application\/ld+json\" class=\"yoast-schema-graph\">{\"@context\":\"https:\/\/schema.org\",\"@graph\":[{\"@type\":\"WebSite\",\"@id\":\"https:\/\/www.bankweb.com\/es\/#website\",\"url\":\"https:\/\/www.bankweb.com\/es\/\",\"name\":\"Bankweb.com\",\"description\":\"\",\"potentialAction\":[{\"@type\":\"SearchAction\",\"target\":{\"@type\":\"EntryPoint\",\"urlTemplate\":\"https:\/\/www.bankweb.com\/es\/?s={search_term_string}\"},\"query-input\":\"required name=search_term_string\"}],\"inLanguage\":\"sv-SE\"},{\"@type\":\"ImageObject\",\"@id\":\"https:\/\/www.bankweb.com\/es\/brokers\/#primaryimage\",\"inLanguage\":\"sv-SE\",\"url\":\"https:\/\/www.bankweb.com\/es\/wp-content\/uploads\/2018\/09\/Br\\u00f3kers.jpg\",\"contentUrl\":\"https:\/\/www.bankweb.com\/es\/wp-content\/uploads\/2018\/09\/Br\\u00f3kers.jpg\",\"width\":1280,\"height\":828,\"caption\":\"Br\\u00f3kers en Espa\\u00f1a\"},{\"@type\":\"WebPage\",\"@id\":\"https:\/\/www.bankweb.com\/es\/brokers\/#webpage\",\"url\":\"https:\/\/www.bankweb.com\/es\/brokers\/\",\"name\":\"Invertir en Bolsa - Mejores Brokers para Invertir en Acciones 2020\",\"isPartOf\":{\"@id\":\"https:\/\/www.bankweb.com\/es\/#website\"},\"primaryImageOfPage\":{\"@id\":\"https:\/\/www.bankweb.com\/es\/brokers\/#primaryimage\"},\"datePublished\":\"2018-09-05T07:37:02+00:00\",\"dateModified\":\"2020-01-14T11:13:09+00:00\",\"description\":\"Br\\u00f3ker m\\u00e1s barato para operar acciones en Espa\\u00f1a 2018 - Encuentra al mejor Br\\u00f3ker para comprar Acciones\",\"breadcrumb\":{\"@id\":\"https:\/\/www.bankweb.com\/es\/brokers\/#breadcrumb\"},\"inLanguage\":\"sv-SE\",\"potentialAction\":[{\"@type\":\"ReadAction\",\"target\":[\"https:\/\/www.bankweb.com\/es\/brokers\/\"]}]},{\"@type\":\"BreadcrumbList\",\"@id\":\"https:\/\/www.bankweb.com\/es\/brokers\/#breadcrumb\",\"itemListElement\":[{\"@type\":\"ListItem\",\"position\":1,\"name\":\"Hem\",\"item\":\"https:\/\/www.bankweb.com\/es\/\"},{\"@type\":\"ListItem\",\"position\":2,\"name\":\"Br\\u00f3kers\"}]}]}<\/script>\n<!-- \/ Yoast SEO plugin. -->","yoast_head_json":{"title":"Invertir en Bolsa - Mejores Brokers para Invertir en Acciones 2020","description":"Br\u00f3ker m\u00e1s barato para operar acciones en Espa\u00f1a 2018 - Encuentra al mejor Br\u00f3ker para comprar Acciones","robots":{"index":"index","follow":"follow","max-snippet":"max-snippet:-1","max-image-preview":"max-image-preview:large","max-video-preview":"max-video-preview:-1"},"canonical":"https:\/\/www.bankweb.com\/es\/brokers\/","twitter_card":"summary","twitter_title":"Invertir en Bolsa - Mejores Brokers para Invertir en Acciones 2020","twitter_description":"Br\u00f3ker m\u00e1s barato para operar acciones en Espa\u00f1a 2018 - Encuentra al mejor Br\u00f3ker para comprar Acciones","twitter_image":"https:\/\/www.bankweb.com\/es\/wp-content\/uploads\/2018\/09\/Br\u00f3kers.jpg","twitter_misc":{"Ber\u00e4knad l\u00e4stid":"5 minuter"},"schema":{"@context":"https:\/\/schema.org","@graph":[{"@type":"WebSite","@id":"https:\/\/www.bankweb.com\/es\/#website","url":"https:\/\/www.bankweb.com\/es\/","name":"Bankweb.com","description":"","potentialAction":[{"@type":"SearchAction","target":{"@type":"EntryPoint","urlTemplate":"https:\/\/www.bankweb.com\/es\/?s={search_term_string}"},"query-input":"required name=search_term_string"}],"inLanguage":"sv-SE"},{"@type":"ImageObject","@id":"https:\/\/www.bankweb.com\/es\/brokers\/#primaryimage","inLanguage":"sv-SE","url":"https:\/\/www.bankweb.com\/es\/wp-content\/uploads\/2018\/09\/Br\u00f3kers.jpg","contentUrl":"https:\/\/www.bankweb.com\/es\/wp-content\/uploads\/2018\/09\/Br\u00f3kers.jpg","width":1280,"height":828,"caption":"Br\u00f3kers en Espa\u00f1a"},{"@type":"WebPage","@id":"https:\/\/www.bankweb.com\/es\/brokers\/#webpage","url":"https:\/\/www.bankweb.com\/es\/brokers\/","name":"Invertir en Bolsa - Mejores Brokers para Invertir en Acciones 2020","isPartOf":{"@id":"https:\/\/www.bankweb.com\/es\/#website"},"primaryImageOfPage":{"@id":"https:\/\/www.bankweb.com\/es\/brokers\/#primaryimage"},"datePublished":"2018-09-05T07:37:02+00:00","dateModified":"2020-01-14T11:13:09+00:00","description":"Br\u00f3ker m\u00e1s barato para operar acciones en Espa\u00f1a 2018 - Encuentra al mejor Br\u00f3ker para comprar Acciones","breadcrumb":{"@id":"https:\/\/www.bankweb.com\/es\/brokers\/#breadcrumb"},"inLanguage":"sv-SE","potentialAction":[{"@type":"ReadAction","target":["https:\/\/www.bankweb.com\/es\/brokers\/"]}]},{"@type":"BreadcrumbList","@id":"https:\/\/www.bankweb.com\/es\/brokers\/#breadcrumb","itemListElement":[{"@type":"ListItem","position":1,"name":"Hem","item":"https:\/\/www.bankweb.com\/es\/"},{"@type":"ListItem","position":2,"name":"Br\u00f3kers"}]}]}},"_links":{"self":[{"href":"https:\/\/www.bankweb.com\/es\/wp-json\/wp\/v2\/pages\/5598","targetHints":{"allow":["GET"]}}],"collection":[{"href":"https:\/\/www.bankweb.com\/es\/wp-json\/wp\/v2\/pages"}],"about":[{"href":"https:\/\/www.bankweb.com\/es\/wp-json\/wp\/v2\/types\/page"}],"author":[{"embeddable":true,"href":"https:\/\/www.bankweb.com\/es\/wp-json\/wp\/v2\/users\/4"}],"replies":[{"embeddable":true,"href":"https:\/\/www.bankweb.com\/es\/wp-json\/wp\/v2\/comments?post=5598"}],"version-history":[{"count":4,"href":"https:\/\/www.bankweb.com\/es\/wp-json\/wp\/v2\/pages\/5598\/revisions"}],"predecessor-version":[{"id":5605,"href":"https:\/\/www.bankweb.com\/es\/wp-json\/wp\/v2\/pages\/5598\/revisions\/5605"}],"wp:attachment":[{"href":"https:\/\/www.bankweb.com\/es\/wp-json\/wp\/v2\/media?parent=5598"}],"curies":[{"name":"wp","href":"https:\/\/api.w.org\/{rel}","templated":true}]}}