{"id":5585,"date":"2018-09-03T09:10:40","date_gmt":"2018-09-03T09:10:40","guid":{"rendered":"https:\/\/www.bankweb.com\/es\/?page_id=5585"},"modified":"2021-05-19T12:56:49","modified_gmt":"2021-05-19T12:56:49","slug":"credito","status":"publish","type":"page","link":"https:\/\/www.bankweb.com\/es\/credito\/","title":{"rendered":"cr\u00e9dito"},"content":{"rendered":"<h1 class=\"kredith1\">\u00bfC\u00f3mo sacarle provecho a las tarjetas de cr\u00e9dito en Espa\u00f1a?<\/h1>\n<p>Las tarjetas de cr\u00e9dito en Espa\u00f1a ofrecen una gran variedad de ventajas que no s\u00f3lo se enfocan en solucionar las compras que se realizan con cr\u00e9dito. La flexibilidad de pago y la posibilidad de obtener bienes y servicios que mejoran la calidad de vida, son las ventajas m\u00e1s conocidas que las tarjetas pueden ofrecer, pero no las \u00fanicas.<br \/>\n&nbsp;<br \/>\n<script>\n\tvar adtWidget = adtWidget || {};\n\tadtWidget.settings = {\n\t\tchannelId: 1204897806,\n\t\tmarket: 'ES',\n\t\ttitle: 'Pr\u00e9stamo en Espa\u00f1a',\n\t\tfeed: 'mix'\n\t};\n<\/script><\/p>\n<div id=\"adt-widget-placeholder\"><\/div>\n<p><script defer src=\"https:\/\/cdn.adtr-ct.com\/widgets\/compare-loans\/js\/client\/widget.client.min.js\"><\/script><br \/>\n&nbsp;<br \/>\nTener una tarjeta de cr\u00e9dito, significa que usted puede recibir una gran cantidad de servicios adicionales que le permitir\u00e1n disfrutar de descuentos especiales, trato preferencial en eventos de entretenimiento, la posibilidad de acumular puntos que pueden ser canjeados por premios o viajes y muchas ventajas m\u00e1s. Comparador de <a href=\"https:\/\/www.bankweb.com\/es\/cuentas-corriente\/\">cuentas corrientes<\/a><br \/>\n&nbsp;<br \/>\n<img loading=\"lazy\" decoding=\"async\" src=\"https:\/\/www.bankweb.com\/es\/wp-content\/uploads\/2018\/09\/tarjetas-de-cr\u00e9dito-3-1024x682.jpg\" alt=\"tarjetas de cr\u00e9dito en Espa\u00f1a\" width=\"580\" height=\"386\" class=\"alignnone size-large wp-image-5589\" srcset=\"https:\/\/www.bankweb.com\/es\/wp-content\/uploads\/2018\/09\/tarjetas-de-cr\u00e9dito-3-1024x682.jpg 1024w, https:\/\/www.bankweb.com\/es\/wp-content\/uploads\/2018\/09\/tarjetas-de-cr\u00e9dito-3-300x200.jpg 300w, https:\/\/www.bankweb.com\/es\/wp-content\/uploads\/2018\/09\/tarjetas-de-cr\u00e9dito-3-768x512.jpg 768w, https:\/\/www.bankweb.com\/es\/wp-content\/uploads\/2018\/09\/tarjetas-de-cr\u00e9dito-3.jpg 1280w\" sizes=\"auto, (max-width: 580px) 100vw, 580px\" \/><br \/>\n&nbsp;<br \/>\nPero antes de conocer c\u00f3mo puede sacarle el mayor provecho a sus tarjetas de cr\u00e9dito, hay que saber cu\u00e1l es la que mejor va con su estilo de vida, sus finanzas y la que se ajusta a sus intereses <a href=\"https:\/\/www.bankweb.com\/es\/personales\/\">personales<\/a> y profesionales. Las tarjetas de cr\u00e9dito y los bancos que las emiten, est\u00e1n en constante evoluci\u00f3n y se adaptan a los cambios de h\u00e1bitos de los consumidores.<br \/>\n&nbsp;<br \/>\nLos usuarios de tarjetas de cr\u00e9dito son cada d\u00eda m\u00e1s exigentes, tienen muchas opciones para escoger. Por ello, se dise\u00f1an cada d\u00eda, una gran variedad de opciones para abarcar el mayor n\u00famero de posibles usuarios, para convertirlos en clientes bancarios.<br \/>\n&nbsp;<\/p>\n<h2>Tipos de tarjetas de cr\u00e9dito<\/h2>\n<p>Hay una gran variedad de tarjetas de cr\u00e9dito en Espa\u00f1a, desde las tarjetas prepago hasta las que ofrecen los beneficios m\u00e1s exclusivos para los clientes de alta gama. Hay una tarjeta para cada etapa de la vida financiera de los espa\u00f1oles.<br \/>\n&nbsp;<br \/>\nY al hablar de las distintas etapas de la vida, cabe destacar, que es importante que los j\u00f3venes a temprana edad aprendan a utilizar las tarjetas de cr\u00e9dito y se beneficien de sus ventajas. Muchos bancos importantes de Europa tienen tarjetas exclusivas para ellos. Estas tarjetas, que generalmente no requieren una cuenta bancaria, les permite acceder a servicios en l\u00ednea como m\u00fasica, juegos y se pueden utilizar tambi\u00e9n para comprar por internet.<br \/>\n&nbsp;<br \/>\nEsto otorga a los j\u00f3venes la posibilidad de aprender a tener h\u00e1bitos de consumo, organizar su presupuesto y adquirir la responsabilidad de pagar los montos de su tarjeta (f\u00edsica o virtual) y recargarla mensualmente.<br \/>\n&nbsp;<br \/>\n<img loading=\"lazy\" decoding=\"async\" src=\"https:\/\/www.bankweb.com\/es\/wp-content\/uploads\/2018\/09\/tarjetas-de-cr\u00e9dito-2-1024x682.jpg\" alt=\"tarjetas de cr\u00e9dito\" width=\"580\" height=\"386\" class=\"alignnone size-large wp-image-5590\" srcset=\"https:\/\/www.bankweb.com\/es\/wp-content\/uploads\/2018\/09\/tarjetas-de-cr\u00e9dito-2-1024x682.jpg 1024w, https:\/\/www.bankweb.com\/es\/wp-content\/uploads\/2018\/09\/tarjetas-de-cr\u00e9dito-2-300x200.jpg 300w, https:\/\/www.bankweb.com\/es\/wp-content\/uploads\/2018\/09\/tarjetas-de-cr\u00e9dito-2-768x512.jpg 768w, https:\/\/www.bankweb.com\/es\/wp-content\/uploads\/2018\/09\/tarjetas-de-cr\u00e9dito-2.jpg 1280w\" sizes=\"auto, (max-width: 580px) 100vw, 580px\" \/><br \/>\n&nbsp;<br \/>\nOtro tipo de tarjeta que ha tenido mucho \u00e9xito son las que est\u00e1n dirigidas espec\u00edficamente a las mujeres; ya que cuentan con una gran cantidad de beneficios como la posibilidad de juntar millas para viajar a cualquier parte del mundo, experiencias personalizadas y una gran variedad de descuentos en tiendas exclusivas, gimnasios, centros de relajaci\u00f3n y est\u00e9tica.<br \/>\n&nbsp;<br \/>\nEstas tarjetas generalmente tienen un dise\u00f1o atractivo y cuentan con mucha aceptaci\u00f3n entre las mujeres de todas las edades ya que ofrecen la posibilidad de asistir a eventos y capacitaciones en diversas \u00e1reas profesionales, salud, familia y crecimiento personal.<br \/>\n&nbsp;<br \/>\nOtro tipo de tarjeta de cr\u00e9dito, y una de las m\u00e1s deseadas, son las tarjetas que no tienen l\u00edmite de cr\u00e9dito, esas que se otorgan a altos ejecutivos o personas con un alto poder adquisitivo y que son aceptadas mundialmente, sin excepciones. Estas tarjetas ofrecen unos beneficios de seguro m\u00e9dico en viajes al extranjero, p\u00e9rdida de equipaje y acceso a los salones VIP de los aeropuertos de todo el mundo. Entre muchos otros beneficios.<br \/>\n&nbsp;<\/p>\n<h3>\u00bfC\u00f3mo sacarle el mejor provecho a su tarjeta de cr\u00e9dito?<\/h3>\n<p>Conocer los beneficios y estar informado es una de las mejores formas de sacarle provecho a su tarjeta. Siga a su banco en las redes sociales y reciba en su correo electr\u00f3nico las promociones, eventos y novedades que constantemente ofrecen a sus usuarios. Podr\u00e1 tener acceso de primera mano a descuentos especiales en tiendas f\u00edsicas y en l\u00ednea.<br \/>\n&nbsp;<br \/>\nAproveche los planes de pago. Los bancos premian su responsabilidad y puntualidad ofreciendo una variedad de formas de pago, financiaci\u00f3n y descuentos a la hora de adquirir servicios con tarjeta de cr\u00e9dito. Est\u00e9 atento y no deje pasar la oportunidad de obtener un buen r\u00e9cord crediticio, incrementando as\u00ed la posibilidad de convertirse en un cliente ideal para recibir mayores atenciones de su banco.<br \/>\n&nbsp;<br \/>\n<img loading=\"lazy\" decoding=\"async\" src=\"https:\/\/www.bankweb.com\/es\/wp-content\/uploads\/2018\/09\/tarjetas-de-cr\u00e9dito-1-1024x682.jpg\" alt=\"cr\u00e9dito\" width=\"580\" height=\"386\" class=\"alignnone size-large wp-image-5591\" srcset=\"https:\/\/www.bankweb.com\/es\/wp-content\/uploads\/2018\/09\/tarjetas-de-cr\u00e9dito-1-1024x682.jpg 1024w, https:\/\/www.bankweb.com\/es\/wp-content\/uploads\/2018\/09\/tarjetas-de-cr\u00e9dito-1-300x200.jpg 300w, https:\/\/www.bankweb.com\/es\/wp-content\/uploads\/2018\/09\/tarjetas-de-cr\u00e9dito-1-768x512.jpg 768w, https:\/\/www.bankweb.com\/es\/wp-content\/uploads\/2018\/09\/tarjetas-de-cr\u00e9dito-1.jpg 1280w\" sizes=\"auto, (max-width: 580px) 100vw, 580px\" \/><br \/>\n&nbsp;<br \/>\nCompre en los locales que tengan alianzas con su tarjeta de cr\u00e9dito. Grandes cadenas de supermercados ofrecen ofertas en fechas festivas y en d\u00edas espec\u00edficos de la semana, durante todo el a\u00f1o. No desaproveche estas alianzas.<br \/>\n&nbsp;<br \/>\nAcumule puntos para viajar. Muchas tarjetas hacen acuerdos con aerol\u00edneas para acumular millas que luego pueden cambiarse por pasajes dentro y fuera de Espa\u00f1a. Consulte con detenimiento las formas m\u00e1s efectivas de obtenerlas. Incluya en su rutina de compra los productos y servicios que suman puntos a su favor.<br \/>\n&nbsp;<br \/>\nCapac\u00edtese y asista a eventos que son patrocinados por su banco o tarjeta de cr\u00e9dito. Muchas ofrecen formas de pago especiales para asistir a congresos, presenciales o virtuales. Las tarjetas de cr\u00e9dito tambi\u00e9n ofrecen ventajas para cursar estudios en diversos institutos de Espa\u00f1a.<br \/>\n&nbsp;<br \/>\nLas ventajas que ofrecen los bancos est\u00e1n disponibles para usted, est\u00e9 atento y s\u00e1quele provecho a su tarjeta de cr\u00e9dito; haga compras, acumule millas para viajes y siempre mant\u00e9ngase informado acerca de los beneficios adicionales, que como cliente, puede obtener por el uso de su tarjeta de cr\u00e9dito en Espa\u00f1a y en el resto del mundo.<\/p>\n","protected":false},"excerpt":{"rendered":"<p>\u00bfC\u00f3mo sacarle provecho a las tarjetas de cr\u00e9dito en Espa\u00f1a? Las tarjetas de cr\u00e9dito en Espa\u00f1a ofrecen una gran variedad de ventajas que no s\u00f3lo se enfocan en solucionar las compras que se realizan con cr\u00e9dito. La flexibilidad de pago [&hellip;]<\/p>\n","protected":false},"author":4,"featured_media":0,"parent":0,"menu_order":0,"comment_status":"closed","ping_status":"closed","template":"","meta":{"footnotes":""},"class_list":["post-5585","page","type-page","status-publish","hentry"],"yoast_head":"<!-- This site is optimized with the Yoast SEO plugin v17.9 - https:\/\/yoast.com\/wordpress\/plugins\/seo\/ -->\n<title>Tarjetas de Cr\u00e9dito, d\u00e9bito, regalo y recargable - Comparador de tarjetas de cr\u00e9dito<\/title>\n<meta name=\"description\" content=\"Disfruta de los beneficios con tus Tarjetas de Cr\u00e9dito - Elige entre nuestras tarjetas de cr\u00e9dito para el d\u00eda a d\u00eda, de pago aplazado, con puntos y\/o descuentos\" \/>\n<meta name=\"robots\" content=\"index, follow, max-snippet:-1, max-image-preview:large, max-video-preview:-1\" \/>\n<link rel=\"canonical\" href=\"https:\/\/www.bankweb.com\/es\/credito\/\" \/>\n<meta name=\"twitter:card\" content=\"summary\" \/>\n<meta name=\"twitter:title\" content=\"Tarjetas de Cr\u00e9dito, d\u00e9bito, regalo y recargable - Comparador de tarjetas de cr\u00e9dito\" \/>\n<meta name=\"twitter:description\" content=\"Disfruta de los beneficios con tus Tarjetas de Cr\u00e9dito - Elige entre nuestras tarjetas de cr\u00e9dito para el d\u00eda a d\u00eda, de pago aplazado, con puntos y\/o descuentos\" \/>\n<meta name=\"twitter:image\" content=\"https:\/\/www.bankweb.com\/es\/wp-content\/uploads\/2018\/09\/tarjetas-de-cr\u00e9dito-3.jpg\" \/>\n<meta name=\"twitter:label1\" content=\"Ber\u00e4knad l\u00e4stid\" \/>\n\t<meta name=\"twitter:data1\" content=\"5 minuter\" \/>\n<script type=\"application\/ld+json\" class=\"yoast-schema-graph\">{\"@context\":\"https:\/\/schema.org\",\"@graph\":[{\"@type\":\"WebSite\",\"@id\":\"https:\/\/www.bankweb.com\/es\/#website\",\"url\":\"https:\/\/www.bankweb.com\/es\/\",\"name\":\"Bankweb.com\",\"description\":\"\",\"potentialAction\":[{\"@type\":\"SearchAction\",\"target\":{\"@type\":\"EntryPoint\",\"urlTemplate\":\"https:\/\/www.bankweb.com\/es\/?s={search_term_string}\"},\"query-input\":\"required name=search_term_string\"}],\"inLanguage\":\"sv-SE\"},{\"@type\":\"ImageObject\",\"@id\":\"https:\/\/www.bankweb.com\/es\/credito\/#primaryimage\",\"inLanguage\":\"sv-SE\",\"url\":\"https:\/\/www.bankweb.com\/es\/wp-content\/uploads\/2018\/09\/tarjetas-de-cr\\u00e9dito-3.jpg\",\"contentUrl\":\"https:\/\/www.bankweb.com\/es\/wp-content\/uploads\/2018\/09\/tarjetas-de-cr\\u00e9dito-3.jpg\",\"width\":1280,\"height\":853,\"caption\":\"tarjetas de cr\\u00e9dito en Espa\\u00f1a\"},{\"@type\":\"WebPage\",\"@id\":\"https:\/\/www.bankweb.com\/es\/credito\/#webpage\",\"url\":\"https:\/\/www.bankweb.com\/es\/credito\/\",\"name\":\"Tarjetas de Cr\\u00e9dito, d\\u00e9bito, regalo y recargable - Comparador de tarjetas de cr\\u00e9dito\",\"isPartOf\":{\"@id\":\"https:\/\/www.bankweb.com\/es\/#website\"},\"primaryImageOfPage\":{\"@id\":\"https:\/\/www.bankweb.com\/es\/credito\/#primaryimage\"},\"datePublished\":\"2018-09-03T09:10:40+00:00\",\"dateModified\":\"2021-05-19T12:56:49+00:00\",\"description\":\"Disfruta de los beneficios con tus Tarjetas de Cr\\u00e9dito - Elige entre nuestras tarjetas de cr\\u00e9dito para el d\\u00eda a d\\u00eda, de pago aplazado, con puntos y\/o descuentos\",\"breadcrumb\":{\"@id\":\"https:\/\/www.bankweb.com\/es\/credito\/#breadcrumb\"},\"inLanguage\":\"sv-SE\",\"potentialAction\":[{\"@type\":\"ReadAction\",\"target\":[\"https:\/\/www.bankweb.com\/es\/credito\/\"]}]},{\"@type\":\"BreadcrumbList\",\"@id\":\"https:\/\/www.bankweb.com\/es\/credito\/#breadcrumb\",\"itemListElement\":[{\"@type\":\"ListItem\",\"position\":1,\"name\":\"Hem\",\"item\":\"https:\/\/www.bankweb.com\/es\/\"},{\"@type\":\"ListItem\",\"position\":2,\"name\":\"cr\\u00e9dito\"}]}]}<\/script>\n<!-- \/ Yoast SEO plugin. -->","yoast_head_json":{"title":"Tarjetas de Cr\u00e9dito, d\u00e9bito, regalo y recargable - Comparador de tarjetas de cr\u00e9dito","description":"Disfruta de los beneficios con tus Tarjetas de Cr\u00e9dito - Elige entre nuestras tarjetas de cr\u00e9dito para el d\u00eda a d\u00eda, de pago aplazado, con puntos y\/o descuentos","robots":{"index":"index","follow":"follow","max-snippet":"max-snippet:-1","max-image-preview":"max-image-preview:large","max-video-preview":"max-video-preview:-1"},"canonical":"https:\/\/www.bankweb.com\/es\/credito\/","twitter_card":"summary","twitter_title":"Tarjetas de Cr\u00e9dito, d\u00e9bito, regalo y recargable - Comparador de tarjetas de cr\u00e9dito","twitter_description":"Disfruta de los beneficios con tus Tarjetas de Cr\u00e9dito - Elige entre nuestras tarjetas de cr\u00e9dito para el d\u00eda a d\u00eda, de pago aplazado, con puntos y\/o descuentos","twitter_image":"https:\/\/www.bankweb.com\/es\/wp-content\/uploads\/2018\/09\/tarjetas-de-cr\u00e9dito-3.jpg","twitter_misc":{"Ber\u00e4knad l\u00e4stid":"5 minuter"},"schema":{"@context":"https:\/\/schema.org","@graph":[{"@type":"WebSite","@id":"https:\/\/www.bankweb.com\/es\/#website","url":"https:\/\/www.bankweb.com\/es\/","name":"Bankweb.com","description":"","potentialAction":[{"@type":"SearchAction","target":{"@type":"EntryPoint","urlTemplate":"https:\/\/www.bankweb.com\/es\/?s={search_term_string}"},"query-input":"required name=search_term_string"}],"inLanguage":"sv-SE"},{"@type":"ImageObject","@id":"https:\/\/www.bankweb.com\/es\/credito\/#primaryimage","inLanguage":"sv-SE","url":"https:\/\/www.bankweb.com\/es\/wp-content\/uploads\/2018\/09\/tarjetas-de-cr\u00e9dito-3.jpg","contentUrl":"https:\/\/www.bankweb.com\/es\/wp-content\/uploads\/2018\/09\/tarjetas-de-cr\u00e9dito-3.jpg","width":1280,"height":853,"caption":"tarjetas de cr\u00e9dito en Espa\u00f1a"},{"@type":"WebPage","@id":"https:\/\/www.bankweb.com\/es\/credito\/#webpage","url":"https:\/\/www.bankweb.com\/es\/credito\/","name":"Tarjetas de Cr\u00e9dito, d\u00e9bito, regalo y recargable - Comparador de tarjetas de cr\u00e9dito","isPartOf":{"@id":"https:\/\/www.bankweb.com\/es\/#website"},"primaryImageOfPage":{"@id":"https:\/\/www.bankweb.com\/es\/credito\/#primaryimage"},"datePublished":"2018-09-03T09:10:40+00:00","dateModified":"2021-05-19T12:56:49+00:00","description":"Disfruta de los beneficios con tus Tarjetas de Cr\u00e9dito - Elige entre nuestras tarjetas de cr\u00e9dito para el d\u00eda a d\u00eda, de pago aplazado, con puntos y\/o descuentos","breadcrumb":{"@id":"https:\/\/www.bankweb.com\/es\/credito\/#breadcrumb"},"inLanguage":"sv-SE","potentialAction":[{"@type":"ReadAction","target":["https:\/\/www.bankweb.com\/es\/credito\/"]}]},{"@type":"BreadcrumbList","@id":"https:\/\/www.bankweb.com\/es\/credito\/#breadcrumb","itemListElement":[{"@type":"ListItem","position":1,"name":"Hem","item":"https:\/\/www.bankweb.com\/es\/"},{"@type":"ListItem","position":2,"name":"cr\u00e9dito"}]}]}},"_links":{"self":[{"href":"https:\/\/www.bankweb.com\/es\/wp-json\/wp\/v2\/pages\/5585","targetHints":{"allow":["GET"]}}],"collection":[{"href":"https:\/\/www.bankweb.com\/es\/wp-json\/wp\/v2\/pages"}],"about":[{"href":"https:\/\/www.bankweb.com\/es\/wp-json\/wp\/v2\/types\/page"}],"author":[{"embeddable":true,"href":"https:\/\/www.bankweb.com\/es\/wp-json\/wp\/v2\/users\/4"}],"replies":[{"embeddable":true,"href":"https:\/\/www.bankweb.com\/es\/wp-json\/wp\/v2\/comments?post=5585"}],"version-history":[{"count":6,"href":"https:\/\/www.bankweb.com\/es\/wp-json\/wp\/v2\/pages\/5585\/revisions"}],"predecessor-version":[{"id":5647,"href":"https:\/\/www.bankweb.com\/es\/wp-json\/wp\/v2\/pages\/5585\/revisions\/5647"}],"wp:attachment":[{"href":"https:\/\/www.bankweb.com\/es\/wp-json\/wp\/v2\/media?parent=5585"}],"curies":[{"name":"wp","href":"https:\/\/api.w.org\/{rel}","templated":true}]}}