{"id":5540,"date":"2018-06-04T08:36:24","date_gmt":"2018-06-04T08:36:24","guid":{"rendered":"https:\/\/www.bankweb.com\/es\/?page_id=5540"},"modified":"2020-07-01T11:54:38","modified_gmt":"2020-07-01T11:54:38","slug":"coche","status":"publish","type":"page","link":"https:\/\/www.bankweb.com\/es\/coche\/","title":{"rendered":"coche"},"content":{"rendered":"<h1 class=\"kredith1\">\u00bfNecesitas dinero? \u00bfTienes coche? Consigue un pr\u00e9stamo con el coche como aval<\/h1>\n<p>Una de las formas de solicitar pr\u00e9stamos personales cuando no se cumple con todos los requisitos exigidos por la instituci\u00f3n financiera es poner tu coche como aval.<br \/>\n&nbsp;<\/p>\n<div class=\"th1-row\">\n<div class=\"th01 th00028   img1 l\">\n        <span><b><img decoding=\"async\" alt=\"\" src=\"\/es\/bilder\/infoknapporg1.png\" title=\"Prestamista\"><\/b>Prestamista <\/span>\n    <\/div>\n<div class=\"th01 th0068  l\">\n    <span><b><img decoding=\"async\" alt=\"\" src=\"\/es\/bilder\/infoknapporg1.png\" title=\"Informaci\u00f3n sobre los cr\u00e9ditos \"><\/b>Informaci\u00f3n sobre los cr\u00e9ditos <\/span>\n    <\/div>\n<div class=\"th01 th0048 l\">\n    <span><b><img decoding=\"async\" alt=\"\" src=\"\/es\/bilder\/infoknapporg1.png\" title=\"Requisitos exigidos \"><\/b>Requisitos exigidos <\/span>\n    <\/div>\n<div class=\"th01 th0058 img02 l\">\n        <span><b><img decoding=\"async\" alt=\"\" src=\"\/es\/bilder\/infoknapporg1.png\" title=\"Solicitar\"><\/b>Solicitar<\/span><\/div>\n<div class=\"c\"><\/div>\n<\/div>\n<div class=\"td1-row \">\n<div class=\"td01 th00028  img1 l\">\n        <span><b><img decoding=\"async\" title=\"\" src=\"\/es\/bilder\/infoknapporg1.png\" alt=\"\"><\/b>Bank <\/span><\/p>\n<p><img loading=\"lazy\" decoding=\"async\" src=\"https:\/\/www.bankweb.com\/es\/wp-content\/uploads\/2018\/06\/Webp.net-resizeimage-4.png\" alt=\"gedesscoch\" width=\"219\" height=\"73\" class=\"alignnone size-full wp-image-5558\" \/><br \/>\n                     <\/a>            <\/p>\n<div class=\"kreditres\">TAE representativo: Personal<\/div>\n<\/p><\/div>\n<div class=\"td01 th0068  l\"><span><b><img decoding=\"async\" alt=\"\" src=\"\/bilder\/infoknapporg1.png\" title=\"Informaci\u00f3n sobre los cr\u00e9ditos \"><\/b>Informaci\u00f3n sobre los cr\u00e9ditos <\/span><br \/>\n    <br class=\"kredmobil\"><\/p>\n<div class=\"betalmob\"><img decoding=\"async\" src=\"\/es\/bilder\/kreditbock.png\" style=\"padding-right: 5px;\"><strong><font color=\"#DF3A01\">Personal tipo de inter\u00e9s efectivo<\/font><\/strong><\/div>\n<p><\/p>\n<div class=\"betalmob\"><img decoding=\"async\" src=\"\/es\/bilder\/kreditbock.png\" style=\"padding-right: 5px;\">1000-10 000 \u20ac importe del cr\u00e9dito <\/div>\n<p><\/p>\n<div class=\"betalmob\"><img decoding=\"async\" src=\"\/es\/bilder\/kreditbock.png\" style=\"padding-right: 5px;\">0 \u20ac comisi\u00f3n de apertura <\/div>\n<p><\/p>\n<div class=\"betalmob\"><img decoding=\"async\" src=\"\/es\/bilder\/kreditbock.png\" style=\"padding-right: 5px;\">1 a 10 a\u00f1os<\/div>\n<\/p><\/div>\n<div class=\"td01 th0048 l\"><span><b><img decoding=\"async\" alt=\"\" src=\"\/es\/bilder\/infoknapporg1.png\" title=\"Requisitos exigidos\"><\/b>Requisitos exigidos<\/span><br \/>\n    <br class=\"kredmobil\"><\/p>\n<div class=\"betalmob\"><img decoding=\"async\" src=\"\/es\/bilder\/rsz_infoikon.png\" style=\"padding-right: 5px;\">18 edad m\u00ednima <\/div>\n<p><\/p>\n<div class=\"betalmob\"><img decoding=\"async\" src=\"\/es\/bilder\/rsz_infoikon.png\" style=\"padding-right: 5px;\">Gedescoche puede aceptar clientes con mal historial crediticio <\/div>\n<p>\n    <\/div>\n<div class=\"td01 th0058 img02 l\"><span><b><img decoding=\"async\" title=\"\" src=\"\/es\/bilder\/infoknapporg1.png\" alt=\"\"><\/b>Solicitar <\/span><\/p>\n<form method=\"post\" action=\"\/es\/wp-content\/themes\/zeemagazine\/affiliate_form.php\" target=\"_blank\">\n        <input type=\"hidden\" name=\"bank\" value=\"gedeses\"><br \/>\n        <input type=\"image\" style=\"background: url(\/es\/bilder\/button_solicitar.png) no-repeat center top #41A801;width: 100%;height: 40px;\" name=\"bt-green\" alt=\"\" ><br \/>\n        <\/form>\n<\/p><\/div>\n<div class=\"c\"><\/div>\n<\/p>\n<\/div>\n<div class=\"td1-row \">\n<div class=\"td01 th00028  img1 l\">\n        <span><b><img decoding=\"async\" title=\"\" src=\"\/es\/bilder\/infoknapporg1.png\" alt=\"\"><\/b>Bank <\/span><\/p>\n<p><img decoding=\"async\" src=\"https:\/\/www.bankweb.com\/es\/wp-content\/uploads\/2018\/06\/Webp.net-resizeimage-2.png\" style=\"max-width: 100%;\" title=\"Yountied\"><br \/>\n                     <\/a>            <\/p>\n<div class=\"kreditres\">TAE representativo: 439% TAE fijo: 8,23%<\/div>\n<\/p><\/div>\n<div class=\"td01 th0068  l\"><span><b><img decoding=\"async\" alt=\"\" src=\"\/bilder\/infoknapporg1.png\" title=\"Informaci\u00f3n sobre los cr\u00e9ditos \"><\/b>Informaci\u00f3n sobre los cr\u00e9ditos <\/span><br \/>\n    <br class=\"kredmobil\"><\/p>\n<div class=\"betalmob\"><img decoding=\"async\" src=\"\/es\/bilder\/kreditbock.png\" style=\"padding-right: 5px;\"><strong><font color=\"#DF3A01\">8,23 &#8211; 8,23 % tipo de inter\u00e9s efectivo<\/font><\/strong><\/div>\n<p><\/p>\n<div class=\"betalmob\"><img decoding=\"async\" src=\"\/es\/bilder\/kreditbock.png\" style=\"padding-right: 5px;\">1000-40000 \u20ac importe del cr\u00e9dito <\/div>\n<p><\/p>\n<div class=\"betalmob\"><img decoding=\"async\" src=\"\/es\/bilder\/kreditbock.png\" style=\"padding-right: 5px;\">0 \u20ac comisi\u00f3n de apertura <\/div>\n<p><\/p>\n<div class=\"betalmob\"><img decoding=\"async\" src=\"\/es\/bilder\/kreditbock.png\" style=\"padding-right: 5px;\">24-72 meses<\/div>\n<\/p><\/div>\n<div class=\"td01 th0048 l\"><span><b><img decoding=\"async\" alt=\"\" src=\"\/es\/bilder\/infoknapporg1.png\" title=\"Requisitos exigidos\"><\/b>Requisitos exigidos<\/span><br \/>\n    <br class=\"kredmobil\"><\/p>\n<div class=\"betalmob\"><img decoding=\"async\" src=\"\/es\/bilder\/rsz_infoikon.png\" style=\"padding-right: 5px;\">20 edad m\u00ednima <\/div>\n<p><\/p>\n<div class=\"betalmob\"><img decoding=\"async\" src=\"\/es\/bilder\/rsz_infoikon.png\" style=\"padding-right: 5px;\">&#8211; <\/div>\n<p>\n    <\/div>\n<div class=\"td01 th0058 img02 l\"><span><b><img decoding=\"async\" title=\"\" src=\"\/es\/bilder\/infoknapporg1.png\" alt=\"\"><\/b>Solicitar <\/span><\/p>\n<form method=\"post\" action=\"\/es\/wp-content\/themes\/zeemagazine\/affiliate_form.php\" target=\"_blank\">\n        <input type=\"hidden\" name=\"bank\" value=\"younitedes\"><br \/>\n        <input type=\"image\" style=\"background: url(\/es\/bilder\/button_solicitar.png) no-repeat center top #41A801;width: 100%;height: 40px;\" name=\"bt-green\" alt=\"\" ><br \/>\n        <\/form>\n<\/p><\/div>\n<div class=\"c\"><\/div>\n<\/p>\n<\/div>\n<div class=\"td1-row \">\n<div class=\"td01 th00028  img1 l\">\n        <span><b><img decoding=\"async\" title=\"\" src=\"\/es\/bilder\/infoknapporg1.png\" alt=\"\"><\/b>Bank <\/span><\/p>\n<p><img loading=\"lazy\" decoding=\"async\" src=\"https:\/\/www.bankweb.com\/es\/wp-content\/uploads\/2018\/06\/Webp.net-resizeimage.jpg\" alt=\"Iban car\" width=\"219\" height=\"73\" class=\"alignnone size-full wp-image-5556\" \/><br \/>\n                     <\/a>            <\/p>\n<div class=\"kreditres\">TAE representativo: Personal<\/div>\n<\/p><\/div>\n<div class=\"td01 th0068  l\"><span><b><img decoding=\"async\" alt=\"\" src=\"\/bilder\/infoknapporg1.png\" title=\"Informaci\u00f3n sobre los cr\u00e9ditos \"><\/b>Informaci\u00f3n sobre los cr\u00e9ditos <\/span><br \/>\n    <br class=\"kredmobil\"><\/p>\n<div class=\"betalmob\"><img decoding=\"async\" src=\"\/es\/bilder\/kreditbock.png\" style=\"padding-right: 5px;\"><strong><font color=\"#DF3A01\">Personal tipo de inter\u00e9s efectivo<\/font><\/strong><\/div>\n<p><\/p>\n<div class=\"betalmob\"><img decoding=\"async\" src=\"\/es\/bilder\/kreditbock.png\" style=\"padding-right: 5px;\">1200-6000 \u20ac importe del cr\u00e9dito <\/div>\n<p><\/p>\n<div class=\"betalmob\"><img decoding=\"async\" src=\"\/es\/bilder\/kreditbock.png\" style=\"padding-right: 5px;\">0 \u20ac comisi\u00f3n de apertura <\/div>\n<p><\/p>\n<div class=\"betalmob\"><img decoding=\"async\" src=\"\/es\/bilder\/kreditbock.png\" style=\"padding-right: 5px;\">1-10 a\u00f1os<\/div>\n<\/p><\/div>\n<div class=\"td01 th0048 l\"><span><b><img decoding=\"async\" alt=\"\" src=\"\/es\/bilder\/infoknapporg1.png\" title=\"Requisitos exigidos\"><\/b>Requisitos exigidos<\/span><br \/>\n    <br class=\"kredmobil\"><\/p>\n<div class=\"betalmob\"><img decoding=\"async\" src=\"\/es\/bilder\/rsz_infoikon.png\" style=\"padding-right: 5px;\">25 edad m\u00ednima <\/div>\n<p><\/p>\n<div class=\"betalmob\"><img decoding=\"async\" src=\"\/es\/bilder\/rsz_infoikon.png\" style=\"padding-right: 5px;\">Coche libre de cargas: sin multas pendientes y pagado. <\/div>\n<p>\n    <\/div>\n<div class=\"td01 th0058 img02 l\"><span><b><img decoding=\"async\" title=\"\" src=\"\/es\/bilder\/infoknapporg1.png\" alt=\"\"><\/b>Solicitar <\/span><\/p>\n<form method=\"post\" action=\"\/es\/wp-content\/themes\/zeemagazine\/affiliate_form.php\" target=\"_blank\">\n        <input type=\"hidden\" name=\"bank\" value=\"ibancares\"><br \/>\n        <input type=\"image\" style=\"background: url(\/es\/bilder\/button_solicitar.png) no-repeat center top #41A801;width: 100%;height: 40px;\" name=\"bt-green\" alt=\"\" ><br \/>\n        <\/form>\n<\/p><\/div>\n<div class=\"c\"><\/div>\n<\/p>\n<\/div>\n<p>A fin de cuentas lo que le interesa al prestamista es no perder dinero, y si no puedes demostrar que tienes una estabilidad laboral para el pago de la totalidad de las cuotas o no pudiste conseguir una persona que te sirviera de fiador o de aval, entonces puedes colocar tu coche como forma de garant\u00eda.<br \/>\n&nbsp;<\/p>\n<h2>Ventajas de estos pr\u00e9stamos<\/h2>\n<p>Para el otorgamiento de pr\u00e9stamos que piden el coche como aval suelen tener menos requisitos que otro tipo de cr\u00e9ditos personales, en los cuales te exigen carta de ingreso o de trabajo, constancia de declaraci\u00f3n y pago de impuesto y finalmente una persona que te sirva de fiador o aval.<br \/>\n&nbsp;<br \/>\n<img loading=\"lazy\" decoding=\"async\" src=\"https:\/\/www.bankweb.com\/es\/wp-content\/uploads\/2018\/06\/Cr\u00e9dito-con-tu-coche-1024x527.jpg\" alt=\"Cr\u00e9dito con tu coche\" width=\"580\" height=\"298\" class=\"alignnone size-large wp-image-5541\" srcset=\"https:\/\/www.bankweb.com\/es\/wp-content\/uploads\/2018\/06\/Cr\u00e9dito-con-tu-coche-1024x527.jpg 1024w, https:\/\/www.bankweb.com\/es\/wp-content\/uploads\/2018\/06\/Cr\u00e9dito-con-tu-coche-300x154.jpg 300w, https:\/\/www.bankweb.com\/es\/wp-content\/uploads\/2018\/06\/Cr\u00e9dito-con-tu-coche-768x395.jpg 768w, https:\/\/www.bankweb.com\/es\/wp-content\/uploads\/2018\/06\/Cr\u00e9dito-con-tu-coche.jpg 1920w\" sizes=\"auto, (max-width: 580px) 100vw, 580px\" \/><br \/>\n&nbsp;<br \/>\nIgualmente si tienes tu historial crediticio un poco sucio, entonces los cr\u00e9ditos personales de instituciones financieras son pr\u00e1cticamente imposibles de lograr. En cambio, esto es algo que para el prestamista no tiene importancia si est\u00e1s dejando tu coche como garant\u00eda de pago.<br \/>\n&nbsp;<br \/>\nPor esta raz\u00f3n, la lista de clientes de quienes dan cr\u00e9dito con coches como aval, suele estar llena de personas con un expediente crediticio algo empolvado. Si ese es tu caso, entonces puedes colocar esta opci\u00f3n de cr\u00e9dito como una de las que m\u00e1s te conviene.<br \/>\n&nbsp;<\/p>\n<h3>Riesgos de estos pr\u00e9stamos<\/h3>\n<p>Debes entender bien que el coche que est\u00e1s colocando como garant\u00eda dejar\u00e1 de ser tuyo desde el momento en que no puedas pagar alguna de las cuotas. No podr\u00e1s rescatarlo posteriormente si incumpliste las condiciones de pago. Es por ello que debes estar totalmente consciente de que en caso de impago la consecuencia es grave.<br \/>\n&nbsp;<br \/>\nYa que los pr\u00e9stamos son m\u00e1s flexibles y con menos requisitos que otro tipo de cr\u00e9ditos personales, el costo que debes pagar por el mismo generalmente es alto y los plazos cortos.<br \/>\n&nbsp;<\/p>\n<h4>Caracter\u00edsticas del pr\u00e9stamo<\/h4>\n<p>Este tipo de pr\u00e9stamo se otorga \u00fanicamente a los que presenten la titularidad del coche. As\u00ed que si no eres el due\u00f1o del mismo o no puedes demostrarlo a trav\u00e9s de documentaci\u00f3n, olv\u00eddate de obtenerlo.<br \/>\n&nbsp;<br \/>\nSi superas el requisito anterior, lo siguiente es saber de qu\u00e9 a\u00f1o es el coche. La mayor\u00eda de los prestamistas \u00fanicamente acepta como aval coches que no superen los 10 o 15 a\u00f1os de edad. Tambi\u00e9n toman en cuenta las condiciones del mismo, es decir, kilometraje recorrido, condiciones de la carrocer\u00eda, motor y cauchos, etc.<br \/>\n&nbsp;<br \/>\nPara saber cu\u00e1l es el valor de tu coche deber\u00e1s someterlo a un proceso de tasaci\u00f3n. Generalmente este paso no te costar\u00e1 un centavo, ya que de eso se encargar\u00e1 el prestamista. Pero no es mala idea intentar valorarlo por otro lado para que te asegures de que no est\u00e1s obteniendo menos de lo que realmente vale el auto.<br \/>\n&nbsp;<br \/>\n<img loading=\"lazy\" decoding=\"async\" src=\"https:\/\/www.bankweb.com\/es\/wp-content\/uploads\/2018\/06\/Pr\u00e9stamo-Coche-1024x683.jpg\" alt=\"Pr\u00e9stamo Coche\" width=\"580\" height=\"387\" class=\"alignnone size-large wp-image-5542\" srcset=\"https:\/\/www.bankweb.com\/es\/wp-content\/uploads\/2018\/06\/Pr\u00e9stamo-Coche-1024x683.jpg 1024w, https:\/\/www.bankweb.com\/es\/wp-content\/uploads\/2018\/06\/Pr\u00e9stamo-Coche-300x200.jpg 300w, https:\/\/www.bankweb.com\/es\/wp-content\/uploads\/2018\/06\/Pr\u00e9stamo-Coche-768x512.jpg 768w, https:\/\/www.bankweb.com\/es\/wp-content\/uploads\/2018\/06\/Pr\u00e9stamo-Coche.jpg 1920w\" sizes=\"auto, (max-width: 580px) 100vw, 580px\" \/><br \/>\n&nbsp;<br \/>\nEn todo caso, el prestamista no te dar\u00e1 el 100% del valor del auto, ya que no se trata de una compra. Te podr\u00e1 dar un pr\u00e9stamo que generalmente est\u00e1 entre el 70 y el 80% del valor tasado. Recuerda que en caso de no poder pagar las cuotas el prestamista se quedar\u00e1 con el auto. Pero esto no significa que te deber\u00e1 pagar nada en contraprestaci\u00f3n.<br \/>\n&nbsp;<br \/>\nOtro de los requisitos que exige el prestamista es que el veh\u00edculo no tenga ninguna deuda pendiente. Es decir, que sea totalmente propiedad del titular y que no tenga ninguna multa pendiente por cancelar. As\u00ed que si est\u00e1s pensando tomar este tipo de pr\u00e9stamo, aseg\u00farate de pagar primero todas las multas pendientes y adem\u00e1s pagar todos los impuestos relacionados con el coche.<br \/>\n&nbsp;<br \/>\nDurante el tiempo que dure el pr\u00e9stamo podr\u00e1s quedarte o no con el coche. Si decides firmar contrato con un prestamista que te deja conservar tu coche seguramente los plazos de pago ser\u00e1n menores.<br \/>\n&nbsp;<br \/>\nEn ocasiones y dependiendo del prestamista, puedes escoger quedarte con el coche, teniendo plazos largos, pero asumiendo la obligaci\u00f3n de pagar un importe adicional mensual con concepto de alquiler. Es decir, conservas tu auto y mientras tanto pagas cuotas mensuales por el concepto del pr\u00e9stamo y otra cuota por concepto de alquiler.<br \/>\n&nbsp;<br \/>\nEn cambio, si entregas tu coche al momento de la firma del contrato, las condiciones de plazo y hasta de monto se pueden flexibilizar. Todo depender\u00e1 de las condiciones que pactes con el prestamista.<\/p>\n","protected":false},"excerpt":{"rendered":"<p>\u00bfNecesitas dinero? \u00bfTienes coche? Consigue un pr\u00e9stamo con el coche como aval Una de las formas de solicitar pr\u00e9stamos personales cuando no se cumple con todos los requisitos exigidos por la instituci\u00f3n financiera es poner tu coche como aval. &nbsp; [&hellip;]<\/p>\n","protected":false},"author":4,"featured_media":0,"parent":0,"menu_order":0,"comment_status":"closed","ping_status":"closed","template":"","meta":{"footnotes":""},"class_list":["post-5540","page","type-page","status-publish","hentry"],"yoast_head":"<!-- This site is optimized with the Yoast SEO plugin v17.9 - https:\/\/yoast.com\/wordpress\/plugins\/seo\/ -->\n<title>Pr\u00e9stamo por tu coche - Cr\u00e9dito con tu coche como aval<\/title>\n<meta name=\"description\" content=\"Consigue un pr\u00e9stamo con el coche como aval - Con los pr\u00e9stamos con aval el coche podr\u00e1s obtener dinero por tu coche empe\u00f1ando el coche\" \/>\n<meta name=\"robots\" content=\"index, follow, max-snippet:-1, max-image-preview:large, max-video-preview:-1\" \/>\n<link rel=\"canonical\" href=\"https:\/\/www.bankweb.com\/es\/coche\/\" \/>\n<meta name=\"twitter:card\" content=\"summary\" \/>\n<meta name=\"twitter:title\" content=\"Pr\u00e9stamo por tu coche - Cr\u00e9dito con tu coche como aval\" \/>\n<meta name=\"twitter:description\" content=\"Consigue un pr\u00e9stamo con el coche como aval - Con los pr\u00e9stamos con aval el coche podr\u00e1s obtener dinero por tu coche empe\u00f1ando el coche\" \/>\n<meta name=\"twitter:image\" content=\"https:\/\/www.bankweb.com\/es\/bilder\/infoknapporg1.png\" \/>\n<meta name=\"twitter:label1\" content=\"Ber\u00e4knad l\u00e4stid\" \/>\n\t<meta name=\"twitter:data1\" content=\"5 minuter\" \/>\n<script type=\"application\/ld+json\" class=\"yoast-schema-graph\">{\"@context\":\"https:\/\/schema.org\",\"@graph\":[{\"@type\":\"WebSite\",\"@id\":\"https:\/\/www.bankweb.com\/es\/#website\",\"url\":\"https:\/\/www.bankweb.com\/es\/\",\"name\":\"Bankweb.com\",\"description\":\"\",\"potentialAction\":[{\"@type\":\"SearchAction\",\"target\":{\"@type\":\"EntryPoint\",\"urlTemplate\":\"https:\/\/www.bankweb.com\/es\/?s={search_term_string}\"},\"query-input\":\"required name=search_term_string\"}],\"inLanguage\":\"sv-SE\"},{\"@type\":\"ImageObject\",\"@id\":\"https:\/\/www.bankweb.com\/es\/coche\/#primaryimage\",\"inLanguage\":\"sv-SE\",\"url\":\"\/es\/bilder\/infoknapporg1.png\",\"contentUrl\":\"\/es\/bilder\/infoknapporg1.png\"},{\"@type\":\"WebPage\",\"@id\":\"https:\/\/www.bankweb.com\/es\/coche\/#webpage\",\"url\":\"https:\/\/www.bankweb.com\/es\/coche\/\",\"name\":\"Pr\\u00e9stamo por tu coche - Cr\\u00e9dito con tu coche como aval\",\"isPartOf\":{\"@id\":\"https:\/\/www.bankweb.com\/es\/#website\"},\"primaryImageOfPage\":{\"@id\":\"https:\/\/www.bankweb.com\/es\/coche\/#primaryimage\"},\"datePublished\":\"2018-06-04T08:36:24+00:00\",\"dateModified\":\"2020-07-01T11:54:38+00:00\",\"description\":\"Consigue un pr\\u00e9stamo con el coche como aval - Con los pr\\u00e9stamos con aval el coche podr\\u00e1s obtener dinero por tu coche empe\\u00f1ando el coche\",\"breadcrumb\":{\"@id\":\"https:\/\/www.bankweb.com\/es\/coche\/#breadcrumb\"},\"inLanguage\":\"sv-SE\",\"potentialAction\":[{\"@type\":\"ReadAction\",\"target\":[\"https:\/\/www.bankweb.com\/es\/coche\/\"]}]},{\"@type\":\"BreadcrumbList\",\"@id\":\"https:\/\/www.bankweb.com\/es\/coche\/#breadcrumb\",\"itemListElement\":[{\"@type\":\"ListItem\",\"position\":1,\"name\":\"Hem\",\"item\":\"https:\/\/www.bankweb.com\/es\/\"},{\"@type\":\"ListItem\",\"position\":2,\"name\":\"coche\"}]}]}<\/script>\n<!-- \/ Yoast SEO plugin. -->","yoast_head_json":{"title":"Pr\u00e9stamo por tu coche - Cr\u00e9dito con tu coche como aval","description":"Consigue un pr\u00e9stamo con el coche como aval - Con los pr\u00e9stamos con aval el coche podr\u00e1s obtener dinero por tu coche empe\u00f1ando el coche","robots":{"index":"index","follow":"follow","max-snippet":"max-snippet:-1","max-image-preview":"max-image-preview:large","max-video-preview":"max-video-preview:-1"},"canonical":"https:\/\/www.bankweb.com\/es\/coche\/","twitter_card":"summary","twitter_title":"Pr\u00e9stamo por tu coche - Cr\u00e9dito con tu coche como aval","twitter_description":"Consigue un pr\u00e9stamo con el coche como aval - Con los pr\u00e9stamos con aval el coche podr\u00e1s obtener dinero por tu coche empe\u00f1ando el coche","twitter_image":"https:\/\/www.bankweb.com\/es\/bilder\/infoknapporg1.png","twitter_misc":{"Ber\u00e4knad l\u00e4stid":"5 minuter"},"schema":{"@context":"https:\/\/schema.org","@graph":[{"@type":"WebSite","@id":"https:\/\/www.bankweb.com\/es\/#website","url":"https:\/\/www.bankweb.com\/es\/","name":"Bankweb.com","description":"","potentialAction":[{"@type":"SearchAction","target":{"@type":"EntryPoint","urlTemplate":"https:\/\/www.bankweb.com\/es\/?s={search_term_string}"},"query-input":"required name=search_term_string"}],"inLanguage":"sv-SE"},{"@type":"ImageObject","@id":"https:\/\/www.bankweb.com\/es\/coche\/#primaryimage","inLanguage":"sv-SE","url":"\/es\/bilder\/infoknapporg1.png","contentUrl":"\/es\/bilder\/infoknapporg1.png"},{"@type":"WebPage","@id":"https:\/\/www.bankweb.com\/es\/coche\/#webpage","url":"https:\/\/www.bankweb.com\/es\/coche\/","name":"Pr\u00e9stamo por tu coche - Cr\u00e9dito con tu coche como aval","isPartOf":{"@id":"https:\/\/www.bankweb.com\/es\/#website"},"primaryImageOfPage":{"@id":"https:\/\/www.bankweb.com\/es\/coche\/#primaryimage"},"datePublished":"2018-06-04T08:36:24+00:00","dateModified":"2020-07-01T11:54:38+00:00","description":"Consigue un pr\u00e9stamo con el coche como aval - Con los pr\u00e9stamos con aval el coche podr\u00e1s obtener dinero por tu coche empe\u00f1ando el coche","breadcrumb":{"@id":"https:\/\/www.bankweb.com\/es\/coche\/#breadcrumb"},"inLanguage":"sv-SE","potentialAction":[{"@type":"ReadAction","target":["https:\/\/www.bankweb.com\/es\/coche\/"]}]},{"@type":"BreadcrumbList","@id":"https:\/\/www.bankweb.com\/es\/coche\/#breadcrumb","itemListElement":[{"@type":"ListItem","position":1,"name":"Hem","item":"https:\/\/www.bankweb.com\/es\/"},{"@type":"ListItem","position":2,"name":"coche"}]}]}},"_links":{"self":[{"href":"https:\/\/www.bankweb.com\/es\/wp-json\/wp\/v2\/pages\/5540","targetHints":{"allow":["GET"]}}],"collection":[{"href":"https:\/\/www.bankweb.com\/es\/wp-json\/wp\/v2\/pages"}],"about":[{"href":"https:\/\/www.bankweb.com\/es\/wp-json\/wp\/v2\/types\/page"}],"author":[{"embeddable":true,"href":"https:\/\/www.bankweb.com\/es\/wp-json\/wp\/v2\/users\/4"}],"replies":[{"embeddable":true,"href":"https:\/\/www.bankweb.com\/es\/wp-json\/wp\/v2\/comments?post=5540"}],"version-history":[{"count":6,"href":"https:\/\/www.bankweb.com\/es\/wp-json\/wp\/v2\/pages\/5540\/revisions"}],"predecessor-version":[{"id":5641,"href":"https:\/\/www.bankweb.com\/es\/wp-json\/wp\/v2\/pages\/5540\/revisions\/5641"}],"wp:attachment":[{"href":"https:\/\/www.bankweb.com\/es\/wp-json\/wp\/v2\/media?parent=5540"}],"curies":[{"name":"wp","href":"https:\/\/api.w.org\/{rel}","templated":true}]}}