{"id":5530,"date":"2018-06-04T08:17:36","date_gmt":"2018-06-04T08:17:36","guid":{"rendered":"https:\/\/www.bankweb.com\/es\/?page_id=5530"},"modified":"2021-05-19T12:57:18","modified_gmt":"2021-05-19T12:57:18","slug":"rapidos","status":"publish","type":"page","link":"https:\/\/www.bankweb.com\/es\/rapidos\/","title":{"rendered":"r\u00e1pidos"},"content":{"rendered":"<h1 class=\"kredith1\">Cr\u00e9ditos r\u00e1pidos en Espa\u00f1a<\/h1>\n<p>En tiempos de crisis no resulta sencillo sobrellevar algunos gastos excepcionales que pueden llegar a presentarse. Para solventar algunas de estas necesidades muchos espa\u00f1oles contratan cr\u00e9ditos r\u00e1pidos. En los \u00faltimos meses, el sistema financiero ha permitido el acceso a mayor cantidad de este tipo de pr\u00e9stamos.<br \/>\n&nbsp;<\/p>\n<div class=\"fullwidthlan\">\n<div class=\"social-col l\">\n<div class=\"imgblanco\"><span style=\"text-align: center; display: block; padding-bottom: 20px; color: black;\">Ejemplos de prestamistas comparables!<\/span> <img loading=\"lazy\" decoding=\"async\" src=\"\/es\/wp-content\/uploads\/2017\/08\/rsz_creditoca.png\" alt=\"creditocajero\" width=\"110\" height=\"30\" class=\"imgblanco\" \/><img loading=\"lazy\" decoding=\"async\" src=\"\/es\/wp-content\/uploads\/2017\/08\/rsz_creditstar-2.png\" alt=\"creditstar\" width=\"110\" height=\"30\" class=\"imgblanco\" \/><img loading=\"lazy\" decoding=\"async\" src=\"\/es\/wp-content\/uploads\/2017\/08\/rsz_credy.png\" alt=\"credy\" width=\"110\" height=\"30\" class=\"imgblanco\" \/><img loading=\"lazy\" decoding=\"async\" src=\"\/es\/wp-content\/uploads\/2017\/08\/rsz_kredito24.png\" alt=\"kredito24\" width=\"110\" height=\"30\" class=\"imgblanco\" \/><img loading=\"lazy\" decoding=\"async\" src=\"\/es\/wp-content\/uploads\/2017\/08\/rsz_moneyman.png\" alt=\"moneyman\" width=\"110\" height=\"30\" class=\"imgblanco\" \/><img loading=\"lazy\" decoding=\"async\" src=\"\/es\/wp-content\/uploads\/2017\/08\/rsz_prestamo10.png\" alt=\"prestamo10\" width=\"110\" height=\"30\" class=\"imgblanco\" \/><img loading=\"lazy\" decoding=\"async\" src=\"\/es\/wp-content\/uploads\/2017\/08\/rsz_vivuses.png\" alt=\"vivus\" width=\"110\" height=\"30\" class=\"imgblanco\" \/><img loading=\"lazy\" decoding=\"async\" src=\"\/es\/wp-content\/uploads\/2017\/08\/rsz_wongaes.png\" alt=\"wonga\" width=\"110\" height=\"30\" class=\"imgblanco\" \/><img loading=\"lazy\" decoding=\"async\" src=\"\/es\/wp-content\/uploads\/2017\/08\/rsz_zaploes.png\" alt=\"zaplo\" width=\"110\" height=\"30\" class=\"imgblanco\" \/><\/div>\n<\/div>\n<div class=\"c\"><\/div>\n<div class=\"social-colfaq\">\n<p class=\"howmuch\">Para clasificar los pr\u00e9stamos, tienes que proceder como sigue:<\/p>\n<ol>\n<li class=\"greenfront1\">Utiliza la barra superior.<\/li>\n<li class=\"greenfront1\">En la barra inferior.<\/li>\n<li class=\"greenfront1\">\u00a1Y listo! A continuaci\u00f3n todos los pr\u00e9stamos se clasifican de forma autom\u00e1tica.<\/li>\n<\/ol>\n<\/div>\n<\/div>\n<p><script>\n\tvar adtWidget = adtWidget || {};\n\tadtWidget.settings = {\n\t\tchannelId: 1204897806,\n\t\tmarket: 'ES',\n\t\ttitle: 'Pr\u00e9stamo en Espa\u00f1a',\n\t\tfeed: 'mix'\n\t};\n<\/script><\/p>\n<div id=\"adt-widget-placeholder\"><\/div>\n<p><script defer src=\"https:\/\/cdn.adtr-ct.com\/widgets\/compare-loans\/js\/client\/widget.client.min.js\"><\/script><\/p>\n<p>&nbsp;<br \/>\nEl sistema de cr\u00e9ditos r\u00e1pidos ha facilitado a muchas familias la posibilidad de realizar refacciones del hogar, solventar gastos imprevistos o aprovechar alguna oportunidad de compra.<br \/>\n&nbsp;<br \/>\nLas entidades de cr\u00e9dito ofrecen gran diversidad de <a href=\"https:\/\/www.bankweb.com\/es\/personales\/\">pr\u00e9stamos personales<\/a> ( tambi\u00e9n llamados pr\u00e9stamos de consumo). Los mismos poseen diversas denominaciones, pero a pesar de tener distintos nombres, todos poseen caracter\u00edsticas similares. Gracias a este <a href=\"https:\/\/www.bankweb.com\/es\/prestamo\/\">tipo de pr\u00e9stamos<\/a> cualquier tipo de imprevisto en nuestro presupuesto mensual puede resolverse mediante un simple cr\u00e9dito personal.<br \/>\n&nbsp;<\/p>\n<h2>\u00bfQu\u00e9 es un Cr\u00e9dito R\u00e1pido?<\/h2>\n<p>Un Cr\u00e9dito r\u00e1pido es un contrato en el cual una entidad financiera adelanta una cantidad de dinero. Quien recibe esta suma se denomina prestatario. Mediante este trato el prestatario contrae la obligaci\u00f3n de devolver el monto principal y abonar los intereses y gastos de esta operaci\u00f3n.<br \/>\n&nbsp;<br \/>\n<img loading=\"lazy\" decoding=\"async\" src=\"https:\/\/www.bankweb.com\/es\/wp-content\/uploads\/2018\/06\/Pr\u00e9stamos-r\u00e1pidos-1024x683.jpg\" alt=\"Pr\u00e9stamos r\u00e1pidos\" width=\"580\" height=\"387\" class=\"alignnone size-large wp-image-5531\" srcset=\"https:\/\/www.bankweb.com\/es\/wp-content\/uploads\/2018\/06\/Pr\u00e9stamos-r\u00e1pidos-1024x683.jpg 1024w, https:\/\/www.bankweb.com\/es\/wp-content\/uploads\/2018\/06\/Pr\u00e9stamos-r\u00e1pidos-300x200.jpg 300w, https:\/\/www.bankweb.com\/es\/wp-content\/uploads\/2018\/06\/Pr\u00e9stamos-r\u00e1pidos-768x512.jpg 768w, https:\/\/www.bankweb.com\/es\/wp-content\/uploads\/2018\/06\/Pr\u00e9stamos-r\u00e1pidos.jpg 1920w\" sizes=\"auto, (max-width: 580px) 100vw, 580px\" \/><br \/>\n&nbsp;<br \/>\nSupongamos que encontramos una oferta interesante para comprar un nuevo coche. Un cr\u00e9dito r\u00e1pido es una posible soluci\u00f3n para enfrentar este gasto. Los mismos otorgan dinero de forma r\u00e1pida, sus tiempos de acreditaci\u00f3n puede variar entre 15 minutos a 48 horas.<br \/>\n&nbsp;<br \/>\nMuchas entidades financieras tambi\u00e9n ofrecen la posibilidad de evitar gastos de apertura o cancelaci\u00f3n de los mismos. El proceso de solicitud de estos cr\u00e9ditos suele ser sencillo y no representan el enorme esfuerzo de papeleo de otro tipo de adelantos. Existe gran diversidad de cr\u00e9ditos r\u00e1pidos, los cuales poseen caracter\u00edsticas espec\u00edficas condicionadas por su finalidad.<br \/>\n&nbsp;<\/p>\n<h3>\u00bfC\u00f3mo solicitar un cr\u00e9dito r\u00e1pido?<\/h3>\n<p>Internet permite acceder con mayor facilidad a este tipo de pr\u00e9stamos. Existen diversas plataformas online para solicitar cr\u00e9ditos r\u00e1pidos. Hay una raz\u00f3n para que esto ocurra de esta forma: Los sistemas online permiten que muchos procesos de an\u00e1lisis se realicen de manera autom\u00e1tica, sin depender de horarios bancarios.<br \/>\n&nbsp;<br \/>\nTambi\u00e9n son convenientes debido a que ayudan a evitar colas y tardanzas.<br \/>\n&nbsp;<br \/>\nEn general la demora para obtener este tipo de cr\u00e9ditos suele ser de unos pocos minutos. Pero existen algunas excepciones, debido a algunas circunstancias del sistema bancario. Puede presentarse el caso de que un cr\u00e9dito demore hasta dos d\u00edas h\u00e1biles en acreditarse.<br \/>\n&nbsp;<br \/>\nAlgo importante a tener en cuenta, es que los cr\u00e9ditos r\u00e1pidos no suelen ser otorgados por entidades bancarias, por lo que el dep\u00f3sito puede tardar en ser acreditado desde la cuenta de un prestamista a la cuenta de un prestatario.<br \/>\n&nbsp;<br \/>\n<img loading=\"lazy\" decoding=\"async\" src=\"https:\/\/www.bankweb.com\/es\/wp-content\/uploads\/2018\/06\/Cr\u00e9ditos-r\u00e1pidos-1024x683.jpg\" alt=\"Cr\u00e9ditos r\u00e1pidos online\" width=\"580\" height=\"387\" class=\"alignnone size-large wp-image-5532\" srcset=\"https:\/\/www.bankweb.com\/es\/wp-content\/uploads\/2018\/06\/Cr\u00e9ditos-r\u00e1pidos-1024x683.jpg 1024w, https:\/\/www.bankweb.com\/es\/wp-content\/uploads\/2018\/06\/Cr\u00e9ditos-r\u00e1pidos-300x200.jpg 300w, https:\/\/www.bankweb.com\/es\/wp-content\/uploads\/2018\/06\/Cr\u00e9ditos-r\u00e1pidos-768x512.jpg 768w, https:\/\/www.bankweb.com\/es\/wp-content\/uploads\/2018\/06\/Cr\u00e9ditos-r\u00e1pidos.jpg 1920w\" sizes=\"auto, (max-width: 580px) 100vw, 580px\" \/><br \/>\n&nbsp;<br \/>\nEn muchas ocasiones, las cuentas de los prestamistas pertenecen a otro banco. Este tipo de demoras son importantes a tener en cuenta a la hora de elegir un cr\u00e9dito. Existen diversas gu\u00edas gratuitas online que resultan de gran ayuda a la hora de elegir una entidad financiera para conseguir dinero de forma r\u00e1pida.<br \/>\n&nbsp;<\/p>\n<h4>Algunas caracter\u00edsticas a tener en cuenta a la hora de contratar un cr\u00e9dito r\u00e1pido<\/h4>\n<p>El tiempo de acreditaci\u00f3n no debe ser la \u00fanica caracter\u00edstica que afecte la elecci\u00f3n de un cr\u00e9dito r\u00e1pido. Existe una gran oferta de cr\u00e9ditos en el mercado. Una urgencia no debe impedir analizar algunas caracter\u00edsticas de los mismos. En primer lugar, es fundamental tener en cuenta el tipo de inter\u00e9s que el cr\u00e9dito solicitado posee. Un inter\u00e9s es el dinero que el prestamista cobrar\u00e1 por brindar un cr\u00e9dito.<br \/>\n&nbsp;<br \/>\nSe deben observar las tasas de inter\u00e9s presentes en un cr\u00e9dito. Los mismos se ven afectados por una comisi\u00f3n, estas se aplican teniendo en cuenta el plazo de pago del pr\u00e9stamo. Estos indicadores son confiables a la hora de tratar de determinar el valor final de un cr\u00e9dito.<br \/>\n&nbsp;<br \/>\nOtro factor a tener en cuenta es la Garant\u00eda. Muchos cr\u00e9ditos r\u00e1pidos, a diferencia de los cr\u00e9ditos hipotecarios piden como garant\u00eda todos los bienes presentes y futuros del prestatario. Es importante estar informado sobre estas condiciones.<br \/>\n&nbsp;<br \/>\nLos cr\u00e9ditos r\u00e1pidos suelen poseer una tasa de inter\u00e9s alta y condiciones de garant\u00eda que difieren ampliamente de los cr\u00e9ditos hipotecarios. Es importante no perder de vista la finalidad de nuestro cr\u00e9dito r\u00e1pido. El plazo de pago del mismo no puede prolongarse m\u00e1s all\u00e1 de la vida \u00fatil de aquello que estamos financiando.<br \/>\n&nbsp;<br \/>\nLos prestamos r\u00e1pidos, o de tipo personal, suelen estar ligados a una necesidad concreta y no poseen como objetivo remediar problem\u00e1ticas financieras generales de los prestatarios.<br \/>\n&nbsp;<br \/>\nPor \u00faltimo es importante comprender que este tipo de pr\u00e9stamos no otorgan ning\u00fan tipo de derecho a deducciones fiscales.<br \/>\n&nbsp;<br \/>\nSer cuidadoso no debe ser un impedimento para solicitar un cr\u00e9dito r\u00e1pido. Este tipo de adelantos son una forma conveniente y accesible para resolver imprevistos, ayudar a realizar mejoras, refacciones o simplemente permitir aprovechar una oportunidad de compra.<\/p>\n","protected":false},"excerpt":{"rendered":"<p>Cr\u00e9ditos r\u00e1pidos en Espa\u00f1a En tiempos de crisis no resulta sencillo sobrellevar algunos gastos excepcionales que pueden llegar a presentarse. Para solventar algunas de estas necesidades muchos espa\u00f1oles contratan cr\u00e9ditos r\u00e1pidos. En los \u00faltimos meses, el sistema financiero ha permitido [&hellip;]<\/p>\n","protected":false},"author":4,"featured_media":0,"parent":0,"menu_order":0,"comment_status":"closed","ping_status":"closed","template":"","meta":{"footnotes":""},"class_list":["post-5530","page","type-page","status-publish","hentry"],"yoast_head":"<!-- This site is optimized with the Yoast SEO plugin v17.9 - https:\/\/yoast.com\/wordpress\/plugins\/seo\/ -->\n<title>Cr\u00e9ditos r\u00e1pidos al instante - Compara y solicita pr\u00e9stamos<\/title>\n<meta name=\"description\" content=\"Compara gratis entre todas las opciones - Pr\u00e9stamos r\u00e1pidos online, flexibles y transparentes - Consigue con Bankweb.com tu pr\u00e9stamo r\u00e1pido online en 5 minutos y al mejor coste\" \/>\n<meta name=\"robots\" content=\"index, follow, max-snippet:-1, max-image-preview:large, max-video-preview:-1\" \/>\n<link rel=\"canonical\" href=\"https:\/\/www.bankweb.com\/es\/rapidos\/\" \/>\n<meta name=\"twitter:card\" content=\"summary\" \/>\n<meta name=\"twitter:title\" content=\"Cr\u00e9ditos r\u00e1pidos al instante - Compara y solicita pr\u00e9stamos\" \/>\n<meta name=\"twitter:description\" content=\"Compara gratis entre todas las opciones - Pr\u00e9stamos r\u00e1pidos online, flexibles y transparentes - Consigue con Bankweb.com tu pr\u00e9stamo r\u00e1pido online en 5 minutos y al mejor coste\" \/>\n<meta name=\"twitter:image\" content=\"https:\/\/www.bankweb.com\/es\/wp-content\/uploads\/2017\/08\/rsz_creditoca.png\" \/>\n<meta name=\"twitter:label1\" content=\"Ber\u00e4knad l\u00e4stid\" \/>\n\t<meta name=\"twitter:data1\" content=\"5 minuter\" \/>\n<script type=\"application\/ld+json\" class=\"yoast-schema-graph\">{\"@context\":\"https:\/\/schema.org\",\"@graph\":[{\"@type\":\"WebSite\",\"@id\":\"https:\/\/www.bankweb.com\/es\/#website\",\"url\":\"https:\/\/www.bankweb.com\/es\/\",\"name\":\"Bankweb.com\",\"description\":\"\",\"potentialAction\":[{\"@type\":\"SearchAction\",\"target\":{\"@type\":\"EntryPoint\",\"urlTemplate\":\"https:\/\/www.bankweb.com\/es\/?s={search_term_string}\"},\"query-input\":\"required name=search_term_string\"}],\"inLanguage\":\"sv-SE\"},{\"@type\":\"ImageObject\",\"@id\":\"https:\/\/www.bankweb.com\/es\/rapidos\/#primaryimage\",\"inLanguage\":\"sv-SE\",\"url\":\"\/es\/wp-content\/uploads\/2017\/08\/rsz_creditoca.png\",\"contentUrl\":\"\/es\/wp-content\/uploads\/2017\/08\/rsz_creditoca.png\"},{\"@type\":\"WebPage\",\"@id\":\"https:\/\/www.bankweb.com\/es\/rapidos\/#webpage\",\"url\":\"https:\/\/www.bankweb.com\/es\/rapidos\/\",\"name\":\"Cr\\u00e9ditos r\\u00e1pidos al instante - Compara y solicita pr\\u00e9stamos\",\"isPartOf\":{\"@id\":\"https:\/\/www.bankweb.com\/es\/#website\"},\"primaryImageOfPage\":{\"@id\":\"https:\/\/www.bankweb.com\/es\/rapidos\/#primaryimage\"},\"datePublished\":\"2018-06-04T08:17:36+00:00\",\"dateModified\":\"2021-05-19T12:57:18+00:00\",\"description\":\"Compara gratis entre todas las opciones - Pr\\u00e9stamos r\\u00e1pidos online, flexibles y transparentes - Consigue con Bankweb.com tu pr\\u00e9stamo r\\u00e1pido online en 5 minutos y al mejor coste\",\"breadcrumb\":{\"@id\":\"https:\/\/www.bankweb.com\/es\/rapidos\/#breadcrumb\"},\"inLanguage\":\"sv-SE\",\"potentialAction\":[{\"@type\":\"ReadAction\",\"target\":[\"https:\/\/www.bankweb.com\/es\/rapidos\/\"]}]},{\"@type\":\"BreadcrumbList\",\"@id\":\"https:\/\/www.bankweb.com\/es\/rapidos\/#breadcrumb\",\"itemListElement\":[{\"@type\":\"ListItem\",\"position\":1,\"name\":\"Hem\",\"item\":\"https:\/\/www.bankweb.com\/es\/\"},{\"@type\":\"ListItem\",\"position\":2,\"name\":\"r\\u00e1pidos\"}]}]}<\/script>\n<!-- \/ Yoast SEO plugin. -->","yoast_head_json":{"title":"Cr\u00e9ditos r\u00e1pidos al instante - Compara y solicita pr\u00e9stamos","description":"Compara gratis entre todas las opciones - Pr\u00e9stamos r\u00e1pidos online, flexibles y transparentes - Consigue con Bankweb.com tu pr\u00e9stamo r\u00e1pido online en 5 minutos y al mejor coste","robots":{"index":"index","follow":"follow","max-snippet":"max-snippet:-1","max-image-preview":"max-image-preview:large","max-video-preview":"max-video-preview:-1"},"canonical":"https:\/\/www.bankweb.com\/es\/rapidos\/","twitter_card":"summary","twitter_title":"Cr\u00e9ditos r\u00e1pidos al instante - Compara y solicita pr\u00e9stamos","twitter_description":"Compara gratis entre todas las opciones - Pr\u00e9stamos r\u00e1pidos online, flexibles y transparentes - Consigue con Bankweb.com tu pr\u00e9stamo r\u00e1pido online en 5 minutos y al mejor coste","twitter_image":"https:\/\/www.bankweb.com\/es\/wp-content\/uploads\/2017\/08\/rsz_creditoca.png","twitter_misc":{"Ber\u00e4knad l\u00e4stid":"5 minuter"},"schema":{"@context":"https:\/\/schema.org","@graph":[{"@type":"WebSite","@id":"https:\/\/www.bankweb.com\/es\/#website","url":"https:\/\/www.bankweb.com\/es\/","name":"Bankweb.com","description":"","potentialAction":[{"@type":"SearchAction","target":{"@type":"EntryPoint","urlTemplate":"https:\/\/www.bankweb.com\/es\/?s={search_term_string}"},"query-input":"required name=search_term_string"}],"inLanguage":"sv-SE"},{"@type":"ImageObject","@id":"https:\/\/www.bankweb.com\/es\/rapidos\/#primaryimage","inLanguage":"sv-SE","url":"\/es\/wp-content\/uploads\/2017\/08\/rsz_creditoca.png","contentUrl":"\/es\/wp-content\/uploads\/2017\/08\/rsz_creditoca.png"},{"@type":"WebPage","@id":"https:\/\/www.bankweb.com\/es\/rapidos\/#webpage","url":"https:\/\/www.bankweb.com\/es\/rapidos\/","name":"Cr\u00e9ditos r\u00e1pidos al instante - Compara y solicita pr\u00e9stamos","isPartOf":{"@id":"https:\/\/www.bankweb.com\/es\/#website"},"primaryImageOfPage":{"@id":"https:\/\/www.bankweb.com\/es\/rapidos\/#primaryimage"},"datePublished":"2018-06-04T08:17:36+00:00","dateModified":"2021-05-19T12:57:18+00:00","description":"Compara gratis entre todas las opciones - Pr\u00e9stamos r\u00e1pidos online, flexibles y transparentes - Consigue con Bankweb.com tu pr\u00e9stamo r\u00e1pido online en 5 minutos y al mejor coste","breadcrumb":{"@id":"https:\/\/www.bankweb.com\/es\/rapidos\/#breadcrumb"},"inLanguage":"sv-SE","potentialAction":[{"@type":"ReadAction","target":["https:\/\/www.bankweb.com\/es\/rapidos\/"]}]},{"@type":"BreadcrumbList","@id":"https:\/\/www.bankweb.com\/es\/rapidos\/#breadcrumb","itemListElement":[{"@type":"ListItem","position":1,"name":"Hem","item":"https:\/\/www.bankweb.com\/es\/"},{"@type":"ListItem","position":2,"name":"r\u00e1pidos"}]}]}},"_links":{"self":[{"href":"https:\/\/www.bankweb.com\/es\/wp-json\/wp\/v2\/pages\/5530","targetHints":{"allow":["GET"]}}],"collection":[{"href":"https:\/\/www.bankweb.com\/es\/wp-json\/wp\/v2\/pages"}],"about":[{"href":"https:\/\/www.bankweb.com\/es\/wp-json\/wp\/v2\/types\/page"}],"author":[{"embeddable":true,"href":"https:\/\/www.bankweb.com\/es\/wp-json\/wp\/v2\/users\/4"}],"replies":[{"embeddable":true,"href":"https:\/\/www.bankweb.com\/es\/wp-json\/wp\/v2\/comments?post=5530"}],"version-history":[{"count":6,"href":"https:\/\/www.bankweb.com\/es\/wp-json\/wp\/v2\/pages\/5530\/revisions"}],"predecessor-version":[{"id":5649,"href":"https:\/\/www.bankweb.com\/es\/wp-json\/wp\/v2\/pages\/5530\/revisions\/5649"}],"wp:attachment":[{"href":"https:\/\/www.bankweb.com\/es\/wp-json\/wp\/v2\/media?parent=5530"}],"curies":[{"name":"wp","href":"https:\/\/api.w.org\/{rel}","templated":true}]}}