{"id":5517,"date":"2018-06-04T07:38:12","date_gmt":"2018-06-04T07:38:12","guid":{"rendered":"https:\/\/www.bankweb.com\/es\/?page_id=5517"},"modified":"2021-05-19T12:57:05","modified_gmt":"2021-05-19T12:57:05","slug":"personales","status":"publish","type":"page","link":"https:\/\/www.bankweb.com\/es\/personales\/","title":{"rendered":"personales"},"content":{"rendered":"<h1 class=\"kredith1\">\u00bfCu\u00e1les son las condiciones para solicitar un pr\u00e9stamo personal en Espa\u00f1a?<\/h1>\n<p>El aumento o disminuci\u00f3n de la cantidad de dinero que otorgan los bancos o entidades financieras para destinarlos a otorgar pr\u00e9stamos personales, no depende de la mayor o menor necesidad que tengan los solicitantes o del incremento o disminuci\u00f3n de los mismos. La cantidad de pr\u00e9stamos a otorgar depender\u00e1 del flujo que tenga la instituci\u00f3n y de las condiciones econ\u00f3micas del pa\u00eds.<br \/>\n&nbsp;<\/p>\n<div class=\"fullwidthlan\">\n<div class=\"social-col l\">\n<div class=\"imgblanco\"><span style=\"text-align: center; display: block; padding-bottom: 20px; color: black;\">Ejemplos de prestamistas comparables!<\/span> <img loading=\"lazy\" decoding=\"async\" src=\"\/es\/wp-content\/uploads\/2017\/08\/rsz_creditoca.png\" alt=\"creditocajero\" width=\"110\" height=\"30\" class=\"imgblanco\" \/><img loading=\"lazy\" decoding=\"async\" src=\"\/es\/wp-content\/uploads\/2017\/08\/rsz_creditstar-2.png\" alt=\"creditstar\" width=\"110\" height=\"30\" class=\"imgblanco\" \/><img loading=\"lazy\" decoding=\"async\" src=\"\/es\/wp-content\/uploads\/2017\/08\/rsz_credy.png\" alt=\"credy\" width=\"110\" height=\"30\" class=\"imgblanco\" \/><img loading=\"lazy\" decoding=\"async\" src=\"\/es\/wp-content\/uploads\/2017\/08\/rsz_kredito24.png\" alt=\"kredito24\" width=\"110\" height=\"30\" class=\"imgblanco\" \/><img loading=\"lazy\" decoding=\"async\" src=\"\/es\/wp-content\/uploads\/2017\/08\/rsz_moneyman.png\" alt=\"moneyman\" width=\"110\" height=\"30\" class=\"imgblanco\" \/><img loading=\"lazy\" decoding=\"async\" src=\"\/es\/wp-content\/uploads\/2017\/08\/rsz_prestamo10.png\" alt=\"prestamo10\" width=\"110\" height=\"30\" class=\"imgblanco\" \/><img loading=\"lazy\" decoding=\"async\" src=\"\/es\/wp-content\/uploads\/2017\/08\/rsz_vivuses.png\" alt=\"vivus\" width=\"110\" height=\"30\" class=\"imgblanco\" \/><img loading=\"lazy\" decoding=\"async\" src=\"\/es\/wp-content\/uploads\/2017\/08\/rsz_wongaes.png\" alt=\"wonga\" width=\"110\" height=\"30\" class=\"imgblanco\" \/><img loading=\"lazy\" decoding=\"async\" src=\"\/es\/wp-content\/uploads\/2017\/08\/rsz_zaploes.png\" alt=\"zaplo\" width=\"110\" height=\"30\" class=\"imgblanco\" \/><\/div>\n<\/div>\n<div class=\"c\"><\/div>\n<div class=\"social-colfaq\">\n<p class=\"howmuch\">Para clasificar los pr\u00e9stamos, tienes que proceder como sigue:<\/p>\n<ol>\n<li class=\"greenfront1\">Utiliza la barra superior.<\/li>\n<li class=\"greenfront1\">En la barra inferior.<\/li>\n<li class=\"greenfront1\">\u00a1Y listo! A continuaci\u00f3n todos los pr\u00e9stamos se clasifican de forma autom\u00e1tica.<\/li>\n<\/ol>\n<\/div>\n<\/div>\n<p><script>\n\tvar adtWidget = adtWidget || {};\n\tadtWidget.settings = {\n\t\tchannelId: 1204897806,\n\t\tmarket: 'ES',\n\t\ttitle: 'Pr\u00e9stamo en Espa\u00f1a',\n\t\tfeed: 'mix'\n\t};\n<\/script><\/p>\n<div id=\"adt-widget-placeholder\"><\/div>\n<p><script defer src=\"https:\/\/cdn.adtr-ct.com\/widgets\/compare-loans\/js\/client\/widget.client.min.js\"><\/script><\/p>\n<p>&nbsp;<br \/>\nPor eso, aun cuando una naci\u00f3n se encuentre en momentos de bonanza financiera, las instituciones crediticias no relajan sus criterios de aprobaci\u00f3n, ya que en todo momento deben garantizar que el beneficiado pueda cumplir con el pago. De esta manera la instituci\u00f3n corre un menor riesgo ante un posible impago.<br \/>\n&nbsp;<br \/>\nA continuaci\u00f3n se listan algunos de los requisitos que debes cumplir como solicitante:<br \/>\n&nbsp;<\/p>\n<h2>Demostrar capacidad de pago<\/h2>\n<p>Esto se refiere a poder demostrar que cuentas con un ingreso estable que podr\u00e1 ser utilizado para devolver el <a href=\"https:\/\/www.bankweb.com\/es\/prestamo\/\">pr\u00e9stamo pedido<\/a>. En este \u00edtem se eval\u00faa tanto la cantidad de cobro mensual como el tiempo que llevas cobrando ese ingreso. Esto demostrar\u00e1 la estabilidad en tus ingresos.<br \/>\n&nbsp;<br \/>\n<img loading=\"lazy\" decoding=\"async\" src=\"https:\/\/www.bankweb.com\/es\/wp-content\/uploads\/2018\/06\/Cr\u00e9ditos-personales-1024x739.jpg\" alt=\"Cr\u00e9ditos personales\" width=\"580\" height=\"419\" class=\"alignnone size-large wp-image-5525\" srcset=\"https:\/\/www.bankweb.com\/es\/wp-content\/uploads\/2018\/06\/Cr\u00e9ditos-personales-1024x739.jpg 1024w, https:\/\/www.bankweb.com\/es\/wp-content\/uploads\/2018\/06\/Cr\u00e9ditos-personales-300x217.jpg 300w, https:\/\/www.bankweb.com\/es\/wp-content\/uploads\/2018\/06\/Cr\u00e9ditos-personales-768x554.jpg 768w, https:\/\/www.bankweb.com\/es\/wp-content\/uploads\/2018\/06\/Cr\u00e9ditos-personales.jpg 1920w\" sizes=\"auto, (max-width: 580px) 100vw, 580px\" \/><br \/>\n&nbsp;<br \/>\nPara demostrar el ingreso mensual generalmente la instituci\u00f3n financiera te solicitar\u00e1 una constancia de trabajo en la cual aparezca reflejado tanto el monto devengado como el tiempo que llevas trabajando en esa empresa. Posteriormente la instituci\u00f3n financiera se encargar\u00e1 de llamar a los contactos que aparezcan en dicha comunicaci\u00f3n a fin de verificar que lo dicho por el solicitante es cierto. As\u00ed que no mientas, falsifiques o alteres documentos.<br \/>\n&nbsp;<br \/>\nEn caso de que trabajes de forma aut\u00f3noma, es decir que trabajes por cuenta propia, se te solicitar\u00e1 un balance personal que pueda ser certificado por un profesional.<br \/>\n&nbsp;<br \/>\nOtra forma de demostrar los ingresos devengados es a trav\u00e9s de la declaraci\u00f3n de los impuestos. Por ello es que no siempre resulta beneficioso cuando la declaraci\u00f3n arroja un bajo monto para pagar. A veces pagar grandes montos puede generarte beneficios.<br \/>\n&nbsp;<\/p>\n<h3>Aval<\/h3>\n<p>Dependiendo tanto de la instituci\u00f3n financiera como de la cantidad y calidad del pr\u00e9stamo y de las condiciones de pago demostradas por el solicitante, la instituci\u00f3n financiera puede o no solicitarte que te acompa\u00f1e una persona que funcione como aval. Esta persona ser\u00e1 la que responda de manera solidaria ante un impago en cualquiera de las cuotas. Tambi\u00e9n a esa persona se le solicitan una serie de requisitos a fin de poder garantizar que el pr\u00e9stamo no quedar\u00e1 impago.<br \/>\n&nbsp;<\/p>\n<h3>Solvencia crediticia<\/h3>\n<p>Hablemos claro, un cr\u00e9dito personal es una necesidad para el solicitante pero una forma de negocio para la instituci\u00f3n o prestamista. En ning\u00fan lugar es un favor. Por lo tanto, el prestamista debe asegurarse lo m\u00e1s que pueda no solo de que la totalidad del pr\u00e9stamo le ser\u00e1 devuelto, sino que adem\u00e1s, obtendr\u00e1 una ganancia.<br \/>\n&nbsp;<br \/>\n<img loading=\"lazy\" decoding=\"async\" src=\"https:\/\/www.bankweb.com\/es\/wp-content\/uploads\/2018\/06\/pr\u00e9stamo-personal-1024x683.jpg\" alt=\"pr\u00e9stamo personal online\" width=\"580\" height=\"387\" class=\"alignnone size-large wp-image-5526\" srcset=\"https:\/\/www.bankweb.com\/es\/wp-content\/uploads\/2018\/06\/pr\u00e9stamo-personal-1024x683.jpg 1024w, https:\/\/www.bankweb.com\/es\/wp-content\/uploads\/2018\/06\/pr\u00e9stamo-personal-300x200.jpg 300w, https:\/\/www.bankweb.com\/es\/wp-content\/uploads\/2018\/06\/pr\u00e9stamo-personal-768x512.jpg 768w, https:\/\/www.bankweb.com\/es\/wp-content\/uploads\/2018\/06\/pr\u00e9stamo-personal.jpg 1920w\" sizes=\"auto, (max-width: 580px) 100vw, 580px\" \/><br \/>\n&nbsp;<br \/>\nUna de las cosas que evaluar\u00e1 la instituci\u00f3n es si el solicitante anteriormente hab\u00eda solicitado alg\u00fan tipo de cr\u00e9dito y c\u00f3mo fue su comportamiento ante los diferentes pagos de debi\u00f3 realizar. Si a\u00fan est\u00e1s moroso con alguna instituci\u00f3n, lo m\u00e1s seguro es que se te niegue un siguiente pr\u00e9stamo. La comunicaci\u00f3n entre los prestamistas suele ser muy colaboradora y una deuda impagada es algo que no podr\u00e1s ocultar.<br \/>\n&nbsp;<br \/>\nSe medir\u00e1 adem\u00e1s el tiempo que el solicitante tiene como cliente de la instituci\u00f3n. Por supuesto que los movimientos de dinero que el solicitante haya realizado incidir\u00e1n positiva o negativamente en el otorgamiento del cr\u00e9dito. Mientras m\u00e1s tiempo tenga el solicitante como cliente mayor oportunidad tendr\u00e1 de recibir respuesta positiva, adem\u00e1s de la cantidad y calidad de los movimientos en sus cuentas bancarias.<br \/>\n&nbsp;<br \/>\nEsto es algo que el solicitante deber\u00e1 tomar en cuenta, ya que el movimiento de cuentas que estudiar\u00e1 la instituci\u00f3n ser\u00e1 el de los \u00faltimos meses. Por lo que si est\u00e1s pensando en pedir un <a href=\"https:\/\/www.bankweb.com\/es\/rapidos\/\">pr\u00e9stamo pronto<\/a>, comienza a actuar en consecuencia y demuestra que eres un cliente a quien le gusta mover el dinero y pagar sus deudas.<br \/>\n&nbsp;<\/p>\n<h4>Cr\u00e9ditos personales para extranjeros<\/h4>\n<p>En Espa\u00f1a las personas extranjeras est\u00e1n en condici\u00f3n de solicitar pr\u00e9stamos personales. Pero siempre se parte de la premisa de que las condiciones de estad\u00eda del extranjero sean legales y de que residan de manera permanente en el pa\u00eds o tengan alg\u00fan documento donde se muestre la condici\u00f3n migratoria.<br \/>\n&nbsp;<br \/>\nNadie ser\u00e1 tan ingenuo de prestarle dinero a alguien cuya direcci\u00f3n cambiar\u00e1 de un momento a otro al mudarse de pa\u00eds.<\/p>\n","protected":false},"excerpt":{"rendered":"<p>\u00bfCu\u00e1les son las condiciones para solicitar un pr\u00e9stamo personal en Espa\u00f1a? El aumento o disminuci\u00f3n de la cantidad de dinero que otorgan los bancos o entidades financieras para destinarlos a otorgar pr\u00e9stamos personales, no depende de la mayor o menor [&hellip;]<\/p>\n","protected":false},"author":4,"featured_media":0,"parent":0,"menu_order":0,"comment_status":"closed","ping_status":"closed","template":"","meta":{"footnotes":""},"class_list":["post-5517","page","type-page","status-publish","hentry"],"yoast_head":"<!-- This site is optimized with the Yoast SEO plugin v17.9 - https:\/\/yoast.com\/wordpress\/plugins\/seo\/ -->\n<title>Pr\u00e9stamos Personales Online en Espa\u00f1a - Cr\u00e9ditos personales<\/title>\n<meta name=\"description\" content=\"Compara gratis entre las mejores ofertas actuales de pr\u00e9stamos. Comparar pr\u00e9stamos online te ahorra tiempo y dinero\" \/>\n<meta name=\"robots\" content=\"index, follow, max-snippet:-1, max-image-preview:large, max-video-preview:-1\" \/>\n<link rel=\"canonical\" href=\"https:\/\/www.bankweb.com\/es\/personales\/\" \/>\n<meta name=\"twitter:card\" content=\"summary\" \/>\n<meta name=\"twitter:title\" content=\"Pr\u00e9stamos Personales Online en Espa\u00f1a - Cr\u00e9ditos personales\" \/>\n<meta name=\"twitter:description\" content=\"Compara gratis entre las mejores ofertas actuales de pr\u00e9stamos. Comparar pr\u00e9stamos online te ahorra tiempo y dinero\" \/>\n<meta name=\"twitter:image\" content=\"https:\/\/www.bankweb.com\/es\/wp-content\/uploads\/2017\/08\/rsz_creditoca.png\" \/>\n<meta name=\"twitter:label1\" content=\"Ber\u00e4knad l\u00e4stid\" \/>\n\t<meta name=\"twitter:data1\" content=\"4 minuter\" \/>\n<script type=\"application\/ld+json\" class=\"yoast-schema-graph\">{\"@context\":\"https:\/\/schema.org\",\"@graph\":[{\"@type\":\"WebSite\",\"@id\":\"https:\/\/www.bankweb.com\/es\/#website\",\"url\":\"https:\/\/www.bankweb.com\/es\/\",\"name\":\"Bankweb.com\",\"description\":\"\",\"potentialAction\":[{\"@type\":\"SearchAction\",\"target\":{\"@type\":\"EntryPoint\",\"urlTemplate\":\"https:\/\/www.bankweb.com\/es\/?s={search_term_string}\"},\"query-input\":\"required name=search_term_string\"}],\"inLanguage\":\"sv-SE\"},{\"@type\":\"ImageObject\",\"@id\":\"https:\/\/www.bankweb.com\/es\/personales\/#primaryimage\",\"inLanguage\":\"sv-SE\",\"url\":\"\/es\/wp-content\/uploads\/2017\/08\/rsz_creditoca.png\",\"contentUrl\":\"\/es\/wp-content\/uploads\/2017\/08\/rsz_creditoca.png\"},{\"@type\":\"WebPage\",\"@id\":\"https:\/\/www.bankweb.com\/es\/personales\/#webpage\",\"url\":\"https:\/\/www.bankweb.com\/es\/personales\/\",\"name\":\"Pr\\u00e9stamos Personales Online en Espa\\u00f1a - Cr\\u00e9ditos personales\",\"isPartOf\":{\"@id\":\"https:\/\/www.bankweb.com\/es\/#website\"},\"primaryImageOfPage\":{\"@id\":\"https:\/\/www.bankweb.com\/es\/personales\/#primaryimage\"},\"datePublished\":\"2018-06-04T07:38:12+00:00\",\"dateModified\":\"2021-05-19T12:57:05+00:00\",\"description\":\"Compara gratis entre las mejores ofertas actuales de pr\\u00e9stamos. Comparar pr\\u00e9stamos online te ahorra tiempo y dinero\",\"breadcrumb\":{\"@id\":\"https:\/\/www.bankweb.com\/es\/personales\/#breadcrumb\"},\"inLanguage\":\"sv-SE\",\"potentialAction\":[{\"@type\":\"ReadAction\",\"target\":[\"https:\/\/www.bankweb.com\/es\/personales\/\"]}]},{\"@type\":\"BreadcrumbList\",\"@id\":\"https:\/\/www.bankweb.com\/es\/personales\/#breadcrumb\",\"itemListElement\":[{\"@type\":\"ListItem\",\"position\":1,\"name\":\"Hem\",\"item\":\"https:\/\/www.bankweb.com\/es\/\"},{\"@type\":\"ListItem\",\"position\":2,\"name\":\"personales\"}]}]}<\/script>\n<!-- \/ Yoast SEO plugin. -->","yoast_head_json":{"title":"Pr\u00e9stamos Personales Online en Espa\u00f1a - Cr\u00e9ditos personales","description":"Compara gratis entre las mejores ofertas actuales de pr\u00e9stamos. Comparar pr\u00e9stamos online te ahorra tiempo y dinero","robots":{"index":"index","follow":"follow","max-snippet":"max-snippet:-1","max-image-preview":"max-image-preview:large","max-video-preview":"max-video-preview:-1"},"canonical":"https:\/\/www.bankweb.com\/es\/personales\/","twitter_card":"summary","twitter_title":"Pr\u00e9stamos Personales Online en Espa\u00f1a - Cr\u00e9ditos personales","twitter_description":"Compara gratis entre las mejores ofertas actuales de pr\u00e9stamos. Comparar pr\u00e9stamos online te ahorra tiempo y dinero","twitter_image":"https:\/\/www.bankweb.com\/es\/wp-content\/uploads\/2017\/08\/rsz_creditoca.png","twitter_misc":{"Ber\u00e4knad l\u00e4stid":"4 minuter"},"schema":{"@context":"https:\/\/schema.org","@graph":[{"@type":"WebSite","@id":"https:\/\/www.bankweb.com\/es\/#website","url":"https:\/\/www.bankweb.com\/es\/","name":"Bankweb.com","description":"","potentialAction":[{"@type":"SearchAction","target":{"@type":"EntryPoint","urlTemplate":"https:\/\/www.bankweb.com\/es\/?s={search_term_string}"},"query-input":"required name=search_term_string"}],"inLanguage":"sv-SE"},{"@type":"ImageObject","@id":"https:\/\/www.bankweb.com\/es\/personales\/#primaryimage","inLanguage":"sv-SE","url":"\/es\/wp-content\/uploads\/2017\/08\/rsz_creditoca.png","contentUrl":"\/es\/wp-content\/uploads\/2017\/08\/rsz_creditoca.png"},{"@type":"WebPage","@id":"https:\/\/www.bankweb.com\/es\/personales\/#webpage","url":"https:\/\/www.bankweb.com\/es\/personales\/","name":"Pr\u00e9stamos Personales Online en Espa\u00f1a - Cr\u00e9ditos personales","isPartOf":{"@id":"https:\/\/www.bankweb.com\/es\/#website"},"primaryImageOfPage":{"@id":"https:\/\/www.bankweb.com\/es\/personales\/#primaryimage"},"datePublished":"2018-06-04T07:38:12+00:00","dateModified":"2021-05-19T12:57:05+00:00","description":"Compara gratis entre las mejores ofertas actuales de pr\u00e9stamos. Comparar pr\u00e9stamos online te ahorra tiempo y dinero","breadcrumb":{"@id":"https:\/\/www.bankweb.com\/es\/personales\/#breadcrumb"},"inLanguage":"sv-SE","potentialAction":[{"@type":"ReadAction","target":["https:\/\/www.bankweb.com\/es\/personales\/"]}]},{"@type":"BreadcrumbList","@id":"https:\/\/www.bankweb.com\/es\/personales\/#breadcrumb","itemListElement":[{"@type":"ListItem","position":1,"name":"Hem","item":"https:\/\/www.bankweb.com\/es\/"},{"@type":"ListItem","position":2,"name":"personales"}]}]}},"_links":{"self":[{"href":"https:\/\/www.bankweb.com\/es\/wp-json\/wp\/v2\/pages\/5517","targetHints":{"allow":["GET"]}}],"collection":[{"href":"https:\/\/www.bankweb.com\/es\/wp-json\/wp\/v2\/pages"}],"about":[{"href":"https:\/\/www.bankweb.com\/es\/wp-json\/wp\/v2\/types\/page"}],"author":[{"embeddable":true,"href":"https:\/\/www.bankweb.com\/es\/wp-json\/wp\/v2\/users\/4"}],"replies":[{"embeddable":true,"href":"https:\/\/www.bankweb.com\/es\/wp-json\/wp\/v2\/comments?post=5517"}],"version-history":[{"count":12,"href":"https:\/\/www.bankweb.com\/es\/wp-json\/wp\/v2\/pages\/5517\/revisions"}],"predecessor-version":[{"id":5648,"href":"https:\/\/www.bankweb.com\/es\/wp-json\/wp\/v2\/pages\/5517\/revisions\/5648"}],"wp:attachment":[{"href":"https:\/\/www.bankweb.com\/es\/wp-json\/wp\/v2\/media?parent=5517"}],"curies":[{"name":"wp","href":"https:\/\/api.w.org\/{rel}","templated":true}]}}