{"id":5492,"date":"2018-05-09T09:20:16","date_gmt":"2018-05-09T09:20:16","guid":{"rendered":"https:\/\/www.bankweb.com\/es\/?page_id=5492"},"modified":"2021-05-19T12:55:48","modified_gmt":"2021-05-19T12:55:48","slug":"prestamo","status":"publish","type":"page","link":"https:\/\/www.bankweb.com\/es\/prestamo\/","title":{"rendered":"Prestamo"},"content":{"rendered":"<p><script language=\"javascript\" type=\"text\/javascript\">\nfunction showHide(shID) {\n   if (document.getElementById(shID)) {\n      if (document.getElementById(shID+'-show').style.display != 'none') {\n         document.getElementById(shID+'-show').style.display = 'none';\n         document.getElementById(shID).style.display = 'inline';\n      }\n      else {\n         document.getElementById(shID+'-show').style.display = 'block';\n         document.getElementById(shID).style.display = 'none';\n      }\n   }\n}\n<\/script><\/p>\n<div class=\"entry\">\n<div class=\"blancoheader\">\n<h1 class=\"kredith1\">C\u00f3mo pedir un pr\u00e9stamo en Espa\u00f1a<\/h1>\n<\/div>\n<p class=\"ingresssnabblan\">C\u00f3mo pedir un pr\u00e9stamo en Espa\u00f1a<br \/>\nUn pr\u00e9stamo es un instrumento financiero por medio del cual se le entrega una cantidad de dinero a una persona natural o jur\u00eddica. Para que el solicitante obtenga el pr\u00e9stamo, \u00e9ste debe entregar una determinada documentaci\u00f3n a la entidad bancaria donde lo solicita. <\/p>\n<p>&nbsp;<\/p>\n<div class=\"fullwidthlan\">\n<div class=\"social-col l\">\n<div class=\"imgblanco\"><span style=\"text-align: center; display: block; padding-bottom: 20px; color: black;\">Ejemplos de prestamistas comparables!<\/span> <img loading=\"lazy\" decoding=\"async\" src=\"\/es\/wp-content\/uploads\/2017\/08\/rsz_creditoca.png\" alt=\"creditocajero\" width=\"110\" height=\"30\" class=\"imgblanco\" \/><img loading=\"lazy\" decoding=\"async\" src=\"\/es\/wp-content\/uploads\/2017\/08\/rsz_creditstar-2.png\" alt=\"creditstar\" width=\"110\" height=\"30\" class=\"imgblanco\" \/><img loading=\"lazy\" decoding=\"async\" src=\"\/es\/wp-content\/uploads\/2017\/08\/rsz_credy.png\" alt=\"credy\" width=\"110\" height=\"30\" class=\"imgblanco\" \/><img loading=\"lazy\" decoding=\"async\" src=\"\/es\/wp-content\/uploads\/2017\/08\/rsz_kredito24.png\" alt=\"kredito24\" width=\"110\" height=\"30\" class=\"imgblanco\" \/><img loading=\"lazy\" decoding=\"async\" src=\"\/es\/wp-content\/uploads\/2017\/08\/rsz_moneyman.png\" alt=\"moneyman\" width=\"110\" height=\"30\" class=\"imgblanco\" \/><img loading=\"lazy\" decoding=\"async\" src=\"\/es\/wp-content\/uploads\/2017\/08\/rsz_prestamo10.png\" alt=\"prestamo10\" width=\"110\" height=\"30\" class=\"imgblanco\" \/><img loading=\"lazy\" decoding=\"async\" src=\"\/es\/wp-content\/uploads\/2017\/08\/rsz_vivuses.png\" alt=\"vivus\" width=\"110\" height=\"30\" class=\"imgblanco\" \/><img loading=\"lazy\" decoding=\"async\" src=\"\/es\/wp-content\/uploads\/2017\/08\/rsz_wongaes.png\" alt=\"wonga\" width=\"110\" height=\"30\" class=\"imgblanco\" \/><img loading=\"lazy\" decoding=\"async\" src=\"\/es\/wp-content\/uploads\/2017\/08\/rsz_zaploes.png\" alt=\"zaplo\" width=\"110\" height=\"30\" class=\"imgblanco\" \/><\/div>\n<\/div>\n<div class=\"c\"><\/div>\n<div class=\"social-colfaq\">\n<p class=\"howmuch\">Para clasificar los pr\u00e9stamos, tienes que proceder como sigue:<\/p>\n<ol>\n<li class=\"greenfront1\">Utiliza la barra superior.<\/li>\n<li class=\"greenfront1\">En la barra inferior.<\/li>\n<li class=\"greenfront1\">\u00a1Y listo! A continuaci\u00f3n todos los pr\u00e9stamos se clasifican de forma autom\u00e1tica.<\/li>\n<\/ol>\n<\/div>\n<\/div>\n<p><script>\n\tvar adtWidget = adtWidget || {};\n\tadtWidget.settings = {\n\t\tchannelId: 1204897806,\n\t\tmarket: 'ES',\n\t\ttitle: 'Pr\u00e9stamo en Espa\u00f1a',\n\t\tfeed: 'mix'\n\t};\n<\/script><\/p>\n<div id=\"adt-widget-placeholder\"><\/div>\n<p><script defer src=\"https:\/\/cdn.adtr-ct.com\/widgets\/compare-loans\/js\/client\/widget.client.min.js\"><\/script><\/p>\n<p>&nbsp;<\/p>\n<p>Existen diferentes opciones a la hora de solicitar un pr\u00e9stamo bancario. Antes de pedir un pr\u00e9stamo o un <a href=\"https:\/\/www.bankweb.com\/es\/credito\/\">cr\u00e9dito<\/a> el solicitante debe tener en cuenta para qu\u00e9 va a necesitar el dinero, cu\u00e1nto dinero va a necesitar y para cu\u00e1ndo lo necesita. Otra pregunta importante es conocer cu\u00e1nto dinero puede el solicitante pagar cada mes.<br \/>\n&nbsp;<br \/>\nLos tipos de pr\u00e9stamos m\u00e1s reconocidos en el mercado bancario son cuatro pr\u00e9stamos de estudios, hipotecarios, de coche y personales. Dichos pr\u00e9stamos son los m\u00e1s utilizados por sus clientes. Sin embargo, cada vez m\u00e1s est\u00e1n aumentando otros pr\u00e9stamos y cr\u00e9ditos en virtud de las solicitudes de los clientes.<\/p>\n<p>Como existen diferentes tipos de pr\u00e9stamos, las entidades bancarias han procurado juntar las similitudes de los pr\u00e9stamos, y as\u00ed adaptar cada pr\u00e9stamo a la necesidad de cada cliente.<br \/>\n&nbsp;<\/p>\n<h2>Prestamos personales<\/h2>\n<p>Un pr\u00e9stamo personal es un contrato con una entidad financiera. El pr\u00e9stamo personal permite al solicitante o prestatario recibir una determinada cantidad de dinero. El capital solicitado es entregado por una entidad de cr\u00e9dito o prestamista a cambio del compromiso de devolver dicha cantidad junto con los intereses correspondientes y en pagos peri\u00f3dicos o cuotas.<br \/>\n&nbsp;<br \/>\nPara realizar un pr\u00e9stamo personal se necesitan documentos como la copia del DNI y la copia de la \u00faltima n\u00f3mina. Dependiendo del pr\u00e9stamo que va a pedir cada banco solicita unos u otros documentos.<br \/>\n&nbsp;<br \/>\nPara solicitar un pr\u00e9stamo personal hay que tener un historial crediticio v\u00e1lido. Es decir que la persona que solicita el cr\u00e9dito sea solvente y pueda devolver el dinero en cuotas con intereses. <\/p>\n<p><img loading=\"lazy\" decoding=\"async\" src=\"\/es\/wp-content\/uploads\/2017\/08\/bild3-1024x597.jpg\" alt=\"Pedir prestado dinero\" width=\"580\" height=\"338\" class=\"alignnone size-large wp-image-5373\" srcset=\"https:\/\/www.bankweb.com\/es\/wp-content\/uploads\/2017\/08\/bild3-1024x597.jpg 1024w, https:\/\/www.bankweb.com\/es\/wp-content\/uploads\/2017\/08\/bild3-300x175.jpg 300w, https:\/\/www.bankweb.com\/es\/wp-content\/uploads\/2017\/08\/bild3-768x448.jpg 768w, https:\/\/www.bankweb.com\/es\/wp-content\/uploads\/2017\/08\/bild3.jpg 1920w\" sizes=\"auto, (max-width: 580px) 100vw, 580px\" \/><\/p>\n<p>&nbsp;<\/p>\n<h2>C\u00d3MO SOLICITAR UN PR\u00c9STAMO PERSONAL<\/h2>\n<p>Las entidades bancarias miran con lupa algunos requisitos a la hora de conceder <a href=\"https:\/\/www.bankweb.com\/es\/personales\/\">cr\u00e9ditos personales<\/a>:<br \/>\n&nbsp;<br \/>\n\u2022\tEl solicitante no debe aparecer en ning\u00fan listado de morosos como RAI o ASNEF.<br \/>\nLa entidad bancaria anula autom\u00e1ticamente la posibilidad de otorgar un pr\u00e9stamo personal en el caso en que el solicitante aparezca en un listado de morosos. Si es as\u00ed, el solicitante  deber\u00e1 solicitar el pr\u00e9stamo en capital privado. <\/p>\n<p>\u2022\tLos ingresos del solicitante percibidos mensualmente.<br \/>\nLos ingresos fijos garantizan a la entidad el pago paulatino de la deuda. <\/p>\n<p>\u2022\tEl estado financiero presente del solicitante.<br \/>\nSi el usuario tiene otros cr\u00e9ditos personales de elevada cantidad, tendr\u00e1 menos posibilidades de obtener un nuevo cr\u00e9dito personal. El banco lo considerar\u00e1 una operaci\u00f3n de riesgo. Aunque la entidad tambi\u00e9n mirar\u00e1 su historial de pr\u00e9stamos, es decir, si los pr\u00e9stamos que ha solicitado con anterioridad los ha pagado puntualmente.<\/p>\n<p>\u2022\tDomiciliar los ingresos como la pensi\u00f3n o la n\u00f3mina en la misma entidad financiera que se solicita el pr\u00e9stamo aumenta las opciones de conseguir el pr\u00e9stamo.<br \/>\nLa entidad financiera tiene acceso a la regularidad de sus ingresos y a su estabilidad econ\u00f3mica.<\/p>\n<p>\u2022\tLos avalistas<br \/>\n&nbsp;<br \/>\nEn el caso de que el solicitante no pueda pagar el cr\u00e9dito, habr\u00e1 otra persona que lo har\u00e1 por \u00e9l. Estos son los avalistas.<br \/>\nAunque se cumplan todos los requisitos para pedir un pr\u00e9stamo, la \u00faltima palabra en la concesi\u00f3n del pr\u00e9stamo la tiene la respectiva entidad bancaria. Ya que cada entidad financiera utiliza sus propios criterios y \u00e9stos var\u00edan mucho de unas entidades a otras.<br \/>\n&nbsp;<br \/>\n<img loading=\"lazy\" decoding=\"async\" src=\"\/es\/wp-content\/uploads\/2017\/08\/bild2-1024x683.jpg\" alt=\"pr\u00e9stamos y cr\u00e9ditos r\u00e1pidos\" width=\"580\" height=\"387\" class=\"alignnone size-large wp-image-5374\" srcset=\"https:\/\/www.bankweb.com\/es\/wp-content\/uploads\/2017\/08\/bild2-1024x683.jpg 1024w, https:\/\/www.bankweb.com\/es\/wp-content\/uploads\/2017\/08\/bild2-300x200.jpg 300w, https:\/\/www.bankweb.com\/es\/wp-content\/uploads\/2017\/08\/bild2-768x512.jpg 768w, https:\/\/www.bankweb.com\/es\/wp-content\/uploads\/2017\/08\/bild2.jpg 1920w\" sizes=\"auto, (max-width: 580px) 100vw, 580px\" \/><\/p>\n<h3>SOLICITAR UN PRESTAMO<\/h3>\n<p><a href=\"https:\/\/www.bankweb.com\/es\/credito\/\">Un cr\u00e9dito<\/a> es una operaci\u00f3n financiera en la que un particular o una empresa obtienen dinero de una entidad financiera. El solicitante del cr\u00e9dito debe demostrar unos ingresos regulares que permitan devolver el dinero prestado.<br \/>\n&nbsp;<br \/>\nAntes de solicitar un pr\u00e9stamo siempre es buena idea aprovechar las ofertas de las entidades financieras, pero tambi\u00e9n debe conocer muy bien las condiciones de un contrato, ya que marcar\u00e1 su presupuesto mensual durante las pr\u00f3ximas d\u00e9cadas. Antes de contratar un pr\u00e9stamo recomendamos tener en cuenta los consejos siguientes:<br \/>\nCompare los pr\u00e9stamos que ofrecen las diferentes entidades financieras. El objetivo consiste en encontrar la mejor oferta que se adapte a sus necesidades. Es aconsejable obtener al menos dos o tres ofertas para poder comparar.<br \/>\n&nbsp;<br \/>\nLos comparadores de hipotecas online detectan qu\u00e9 banco le ofrece un pr\u00e9stamo sin tener que salir de casa. Incluya en su lista a los bancos online que proporcionan una informaci\u00f3n completa y transparente sobre sus productos y cuyas hipotecas suelen ofrecer intereses muy competitivos.<br \/>\n&nbsp;<br \/>\nMuchos pr\u00e9stamos tienen un tipo de inter\u00e9s preferente para los clientes que domicilien la n\u00f3mina, los recibos o contraten seguros.<br \/>\nEs necesario que el solicitante deba realizar una simulaci\u00f3n de la cuota mensual y del cuadro de amortizaci\u00f3n del pr\u00e9stamo. Es decir, conocer\u00e1 lo que pagar\u00e1 cada mes y no depende s\u00f3lo de los intereses sino tambi\u00e9n de factores como las comisiones y productos vinculados.<br \/>\n&nbsp;<br \/>\nEn el caso de un pr\u00e9stamo hipotecario es aconsejable preguntar al banco por todos los gastos, comisiones y productos vinculados y tener en cuenta el Euribor. Realice c\u00e1lculos para asegurarse de que podr\u00eda tambi\u00e9n seguir pagando si el Euribor cotizara al alza, dado que ha llegado a alcanzar valores por encima del 5 %. Es recomendable realizar c\u00e1lculos de su cuota con valores del 3 % y del 4 % del Euribor.<br \/>\n&nbsp;<br \/>\nEl Banco de Espa\u00f1a recomienda que la cuota mensual del pr\u00e9stamo solicitado m\u00e1s las cuotas mensuales de otros pr\u00e9stamos que se est\u00e9n pagando incluyendo la hipoteca no debe ser superior al 35 % de los ingresos mensuales. Pongamos un ejemplo para ilustrarlo, si el solicitante cobra 2000 euros mensuales, la cuota del pr\u00e9stamo no deber\u00eda superar los 700\u20ac mensuales.<br \/>\n&nbsp;<br \/>\nEn la medida de lo posible el solicitante debe evitar la comisi\u00f3n de estudio. De manera que en caso de que se deniegue el pr\u00e9stamo no hay que pagar nada a la entidad bancaria. Busque pr\u00e9stamos con comisiones de cancelaci\u00f3n anticipada bajas, para los casos en los que desee amortizar anticipadamente una parte del capital.<br \/>\n&nbsp;<br \/>\nEn general, los bancos solo financian hasta el 80 % del precio de compraventa de una vivienda y el solicitante debe cubrir el otro 20 % m\u00e1s un 12 % adicional destinado a gastos de tasaci\u00f3n, gestor\u00eda, notar\u00eda e impuestos.<br \/>\n&nbsp;<br \/>\nEs aconsejable que el solicitante del pr\u00e9stamo no se quede con cero ahorros tras pagar el 32 % del coste. Esto significar\u00eda que se queda sin recursos ante posibles imprevistos como la p\u00e9rdida de trabajo.<br \/>\n&nbsp;<br \/>\n<img loading=\"lazy\" decoding=\"async\" src=\"\/es\/wp-content\/uploads\/2017\/08\/bild1-1024x683.jpg\" alt=\"Solicitar un pr\u00e9stamo\" width=\"580\" height=\"387\" class=\"alignnone size-large wp-image-5375\" srcset=\"https:\/\/www.bankweb.com\/es\/wp-content\/uploads\/2017\/08\/bild1-1024x683.jpg 1024w, https:\/\/www.bankweb.com\/es\/wp-content\/uploads\/2017\/08\/bild1-300x200.jpg 300w, https:\/\/www.bankweb.com\/es\/wp-content\/uploads\/2017\/08\/bild1-768x512.jpg 768w, https:\/\/www.bankweb.com\/es\/wp-content\/uploads\/2017\/08\/bild1.jpg 1920w\" sizes=\"auto, (max-width: 580px) 100vw, 580px\" \/><\/p>\n<h3>CR\u00c9DITOS R\u00c1PIDOS<\/h3>\n<p>Las entidades bancarias ofrecen tambi\u00e9n <a href=\"https:\/\/www.bankweb.com\/es\/rapidos\/\">cr\u00e9ditos r\u00e1pidos<\/a>, mini cr\u00e9ditos, cr\u00e9ditos expr\u00e9s o pr\u00e9stamos r\u00e1pidos. Para ello necesita abrir una cuenta bancaria y en algunos casos domiciliar los ingresos ya sea la n\u00f3mina, la pensi\u00f3n o la prestaci\u00f3n social. Posteriormente solo hay que solicitar el pr\u00e9stamo r\u00e1pido.<br \/>\n&nbsp;<br \/>\nHoy en d\u00eda, un cr\u00e9dito r\u00e1pido tambi\u00e9n se puede solicitar online. El dinero se puede tener en la cuenta bancaria en 15 minutos y sin necesidad de realizar papeleos. En el mercado existen los llamados cr\u00e9ditos r\u00e1pidos y los mini cr\u00e9ditos. Ambos se conceden de forma casi inmediata y no suele hacer falta cambiar de banco para poderlos contratar.<\/p>\n<p>\u2022\tLos mini cr\u00e9ditos suelen solicitarse online y son de hasta 1000\u20ac. El dinero tarda unos 10 minutos en ser entregado al solicitante.<br \/>\n\u2022\tLos pr\u00e9stamos r\u00e1pidos o urgentes suele ser de hasta 30 000\u20ac. Por ello tardan alrededor de 24 o 48 horas para ser depositados en la cuenta del solicitante.<br \/>\n&nbsp;<br \/>\nEl solicitante determina la urgencia con la que se necesita el dinero. Dicha urgencia determina el tipo de cr\u00e9dito que necesita.<br \/>\nAl igual que en los pr\u00e9stamos personales, antes de solicitar un cr\u00e9dito r\u00e1pido es conveniente comparar las diferentes posibilidades de cada entidad. Hoy en d\u00eda, es posible realizar un pr\u00e9stamo r\u00e1pido o un mini cr\u00e9dito a trav\u00e9s de ASNEF (Asociaci\u00f3n Nacional de Establecimientos Financieros de Cr\u00e9dito).<\/p>\n<\/div>\n","protected":false},"excerpt":{"rendered":"<p>C\u00f3mo pedir un pr\u00e9stamo en Espa\u00f1a C\u00f3mo pedir un pr\u00e9stamo en Espa\u00f1a Un pr\u00e9stamo es un instrumento financiero por medio del cual se le entrega una cantidad de dinero a una persona natural o jur\u00eddica. Para que el solicitante obtenga [&hellip;]<\/p>\n","protected":false},"author":4,"featured_media":0,"parent":0,"menu_order":0,"comment_status":"closed","ping_status":"closed","template":"","meta":{"footnotes":""},"class_list":["post-5492","page","type-page","status-publish","hentry"],"yoast_head":"<!-- This site is optimized with the Yoast SEO plugin v17.9 - https:\/\/yoast.com\/wordpress\/plugins\/seo\/ -->\n<title>Solicitar un pr\u00e9stamo, dinero r\u00e1pido y bankweb.com - cr\u00e9ditos baratos<\/title>\n<meta name=\"description\" content=\"Pedir prestado dinero con Bankweb.com - En un par de clics te mostramos los mejores pr\u00e9stamos y cr\u00e9ditos r\u00e1pidos - Dinero f\u00e1cil y r\u00e1pido\" \/>\n<meta name=\"robots\" content=\"index, follow, max-snippet:-1, max-image-preview:large, max-video-preview:-1\" \/>\n<link rel=\"canonical\" href=\"https:\/\/www.bankweb.com\/es\/prestamo\/\" \/>\n<meta name=\"twitter:card\" content=\"summary\" \/>\n<meta name=\"twitter:title\" content=\"Solicitar un pr\u00e9stamo, dinero r\u00e1pido y bankweb.com - cr\u00e9ditos baratos\" \/>\n<meta name=\"twitter:description\" content=\"Pedir prestado dinero con Bankweb.com - En un par de clics te mostramos los mejores pr\u00e9stamos y cr\u00e9ditos r\u00e1pidos - Dinero f\u00e1cil y r\u00e1pido\" \/>\n<meta name=\"twitter:image\" content=\"https:\/\/www.bankweb.com\/es\/wp-content\/uploads\/2017\/08\/rsz_creditoca.png\" \/>\n<meta name=\"twitter:label1\" content=\"Ber\u00e4knad l\u00e4stid\" \/>\n\t<meta name=\"twitter:data1\" content=\"7 minuter\" \/>\n<script type=\"application\/ld+json\" class=\"yoast-schema-graph\">{\"@context\":\"https:\/\/schema.org\",\"@graph\":[{\"@type\":\"WebSite\",\"@id\":\"https:\/\/www.bankweb.com\/es\/#website\",\"url\":\"https:\/\/www.bankweb.com\/es\/\",\"name\":\"Bankweb.com\",\"description\":\"\",\"potentialAction\":[{\"@type\":\"SearchAction\",\"target\":{\"@type\":\"EntryPoint\",\"urlTemplate\":\"https:\/\/www.bankweb.com\/es\/?s={search_term_string}\"},\"query-input\":\"required name=search_term_string\"}],\"inLanguage\":\"sv-SE\"},{\"@type\":\"ImageObject\",\"@id\":\"https:\/\/www.bankweb.com\/es\/prestamo\/#primaryimage\",\"inLanguage\":\"sv-SE\",\"url\":\"\/es\/wp-content\/uploads\/2017\/08\/rsz_creditoca.png\",\"contentUrl\":\"\/es\/wp-content\/uploads\/2017\/08\/rsz_creditoca.png\"},{\"@type\":\"WebPage\",\"@id\":\"https:\/\/www.bankweb.com\/es\/prestamo\/#webpage\",\"url\":\"https:\/\/www.bankweb.com\/es\/prestamo\/\",\"name\":\"Solicitar un pr\\u00e9stamo, dinero r\\u00e1pido y bankweb.com - cr\\u00e9ditos baratos\",\"isPartOf\":{\"@id\":\"https:\/\/www.bankweb.com\/es\/#website\"},\"primaryImageOfPage\":{\"@id\":\"https:\/\/www.bankweb.com\/es\/prestamo\/#primaryimage\"},\"datePublished\":\"2018-05-09T09:20:16+00:00\",\"dateModified\":\"2021-05-19T12:55:48+00:00\",\"description\":\"Pedir prestado dinero con Bankweb.com - En un par de clics te mostramos los mejores pr\\u00e9stamos y cr\\u00e9ditos r\\u00e1pidos - Dinero f\\u00e1cil y r\\u00e1pido\",\"breadcrumb\":{\"@id\":\"https:\/\/www.bankweb.com\/es\/prestamo\/#breadcrumb\"},\"inLanguage\":\"sv-SE\",\"potentialAction\":[{\"@type\":\"ReadAction\",\"target\":[\"https:\/\/www.bankweb.com\/es\/prestamo\/\"]}]},{\"@type\":\"BreadcrumbList\",\"@id\":\"https:\/\/www.bankweb.com\/es\/prestamo\/#breadcrumb\",\"itemListElement\":[{\"@type\":\"ListItem\",\"position\":1,\"name\":\"Hem\",\"item\":\"https:\/\/www.bankweb.com\/es\/\"},{\"@type\":\"ListItem\",\"position\":2,\"name\":\"Prestamo\"}]}]}<\/script>\n<!-- \/ Yoast SEO plugin. -->","yoast_head_json":{"title":"Solicitar un pr\u00e9stamo, dinero r\u00e1pido y bankweb.com - cr\u00e9ditos baratos","description":"Pedir prestado dinero con Bankweb.com - En un par de clics te mostramos los mejores pr\u00e9stamos y cr\u00e9ditos r\u00e1pidos - Dinero f\u00e1cil y r\u00e1pido","robots":{"index":"index","follow":"follow","max-snippet":"max-snippet:-1","max-image-preview":"max-image-preview:large","max-video-preview":"max-video-preview:-1"},"canonical":"https:\/\/www.bankweb.com\/es\/prestamo\/","twitter_card":"summary","twitter_title":"Solicitar un pr\u00e9stamo, dinero r\u00e1pido y bankweb.com - cr\u00e9ditos baratos","twitter_description":"Pedir prestado dinero con Bankweb.com - En un par de clics te mostramos los mejores pr\u00e9stamos y cr\u00e9ditos r\u00e1pidos - Dinero f\u00e1cil y r\u00e1pido","twitter_image":"https:\/\/www.bankweb.com\/es\/wp-content\/uploads\/2017\/08\/rsz_creditoca.png","twitter_misc":{"Ber\u00e4knad l\u00e4stid":"7 minuter"},"schema":{"@context":"https:\/\/schema.org","@graph":[{"@type":"WebSite","@id":"https:\/\/www.bankweb.com\/es\/#website","url":"https:\/\/www.bankweb.com\/es\/","name":"Bankweb.com","description":"","potentialAction":[{"@type":"SearchAction","target":{"@type":"EntryPoint","urlTemplate":"https:\/\/www.bankweb.com\/es\/?s={search_term_string}"},"query-input":"required name=search_term_string"}],"inLanguage":"sv-SE"},{"@type":"ImageObject","@id":"https:\/\/www.bankweb.com\/es\/prestamo\/#primaryimage","inLanguage":"sv-SE","url":"\/es\/wp-content\/uploads\/2017\/08\/rsz_creditoca.png","contentUrl":"\/es\/wp-content\/uploads\/2017\/08\/rsz_creditoca.png"},{"@type":"WebPage","@id":"https:\/\/www.bankweb.com\/es\/prestamo\/#webpage","url":"https:\/\/www.bankweb.com\/es\/prestamo\/","name":"Solicitar un pr\u00e9stamo, dinero r\u00e1pido y bankweb.com - cr\u00e9ditos baratos","isPartOf":{"@id":"https:\/\/www.bankweb.com\/es\/#website"},"primaryImageOfPage":{"@id":"https:\/\/www.bankweb.com\/es\/prestamo\/#primaryimage"},"datePublished":"2018-05-09T09:20:16+00:00","dateModified":"2021-05-19T12:55:48+00:00","description":"Pedir prestado dinero con Bankweb.com - En un par de clics te mostramos los mejores pr\u00e9stamos y cr\u00e9ditos r\u00e1pidos - Dinero f\u00e1cil y r\u00e1pido","breadcrumb":{"@id":"https:\/\/www.bankweb.com\/es\/prestamo\/#breadcrumb"},"inLanguage":"sv-SE","potentialAction":[{"@type":"ReadAction","target":["https:\/\/www.bankweb.com\/es\/prestamo\/"]}]},{"@type":"BreadcrumbList","@id":"https:\/\/www.bankweb.com\/es\/prestamo\/#breadcrumb","itemListElement":[{"@type":"ListItem","position":1,"name":"Hem","item":"https:\/\/www.bankweb.com\/es\/"},{"@type":"ListItem","position":2,"name":"Prestamo"}]}]}},"_links":{"self":[{"href":"https:\/\/www.bankweb.com\/es\/wp-json\/wp\/v2\/pages\/5492","targetHints":{"allow":["GET"]}}],"collection":[{"href":"https:\/\/www.bankweb.com\/es\/wp-json\/wp\/v2\/pages"}],"about":[{"href":"https:\/\/www.bankweb.com\/es\/wp-json\/wp\/v2\/types\/page"}],"author":[{"embeddable":true,"href":"https:\/\/www.bankweb.com\/es\/wp-json\/wp\/v2\/users\/4"}],"replies":[{"embeddable":true,"href":"https:\/\/www.bankweb.com\/es\/wp-json\/wp\/v2\/comments?post=5492"}],"version-history":[{"count":6,"href":"https:\/\/www.bankweb.com\/es\/wp-json\/wp\/v2\/pages\/5492\/revisions"}],"predecessor-version":[{"id":5646,"href":"https:\/\/www.bankweb.com\/es\/wp-json\/wp\/v2\/pages\/5492\/revisions\/5646"}],"wp:attachment":[{"href":"https:\/\/www.bankweb.com\/es\/wp-json\/wp\/v2\/media?parent=5492"}],"curies":[{"name":"wp","href":"https:\/\/api.w.org\/{rel}","templated":true}]}}