{"id":5389,"date":"2017-10-25T09:55:08","date_gmt":"2017-10-25T09:55:08","guid":{"rendered":"http:\/\/www.bankweb.com\/es\/?page_id=5389"},"modified":"2018-05-21T09:59:04","modified_gmt":"2018-05-21T09:59:04","slug":"contact","status":"publish","type":"page","link":"https:\/\/www.bankweb.com\/es\/contact\/","title":{"rendered":"contact"},"content":{"rendered":"<h1 class=\"kredith1\">\u00bfQu\u00e9 convierte a bankweb en \u00fanico?<\/h1>\n<p>Nuestro modelo empresarial es muy sencillo: ayudamos a las personas a ahorrar dinero en su econom\u00eda privada, independientemente de si quieren tomar dinero prestado, invertir o colocar capitales.<br \/>\n&nbsp;<br \/>\nEn bankweb puedes ver d\u00f3nde puedes obtener el mejor tipo de inter\u00e9s, independientemente de si se trata de pr\u00e9stamos, ahorros o colocaciones de capitales. Est\u00e1n incluidas todas las entidades bancarias de Suecia y principalmente es en ese punto en el que bankweb es \u00fanico en el mercado hoy en d\u00eda. Comparamos instituciones crediticias y entidades bancarias en 18 segmentos distintos en el \u00e1mbito de la econom\u00eda privada.<br \/>\n&nbsp;<br \/>\nbankweb enumera las empresas en orden descendente, incluyendo la empresa que ofrece el mejor tipo de inter\u00e9s anual en la parte superior de la lista. Lo que resulta relevante para ti como cliente es ver el coste total y no solo algunos datos atractivos con unos buenos tipos, a lo que se dedican bastantes empresas.<br \/>\n&nbsp;<br \/>\n<strong>\u00bfQui\u00e9nes somos?<\/strong><br \/>\nbankweb es propiedad y est\u00e1 dirigido por Turneround Webb AB, que es una empresa de producci\u00f3n web. Jonas Larsson y Emma Larsson dirigen y desarrollan el sitio constantemente, siendo Emma la responsable de la calidad y del contenido. Emma tiene experiencia como redactora y, combinada con su enorme inter\u00e9s por la econom\u00eda privada, proporciona a nuestros visitantes art\u00edculos y actualizaciones que ahondan en el tema.<br \/>\n&nbsp;<br \/>\nJonas es el Consejero Delegado de la empresa y el editor responsable de bankweb. Cuenta con una amplia experiencia en Internet y ha desarrollado, entre otras cosas, comparaciones de consumidores durante muchos a\u00f1os, adem\u00e1s de haberse mantenido activo en el mercado financiero desde hace 15 a\u00f1os.<br \/>\n &nbsp;<br \/>\nEnl\u00e1zate con nosotros<br \/>\nSi quieres enlazarte con nosotros, encontrar\u00e1s material gr\u00e1fico aqu\u00ed.<br \/>\nAn\u00fanciate<br \/>\nSi te quieres anunciar en bankweb, puedes conseguir m\u00e1s informaci\u00f3n aqu\u00ed.<br \/>\n &nbsp;<br \/>\nNuestros principios gu\u00edas y metas<br \/>\nEn bankweb encontrar\u00e1s el mejor precio o el mejor tipo de inter\u00e9s de un servicio en el \u00e1mbito de la econom\u00eda privada. No solo enumeramos las empresas de las que recibimos un pago, si bien bankweb recibe el pago de algunas de las empresas que se enumeran en nuestro sitio web. Enumeramos todas para que t\u00fa, como visitante, puedas obtener una imagen justa de la situaci\u00f3n de precios\/tipos de inter\u00e9s.<br \/>\n &nbsp;<br \/>\n  Ahorra dinero y tiempo. Todas las entidades bancarias de Suecia reunidas en un \u00fanico sitio.<br \/>\n  En bankweb somos imparciales y apartidistas. Todas nuestras comparaciones de precios se muestran de forma totalmente apartidista, ya que no permitimos el patrocinio de listados en nuestra p\u00e1gina web, sino que la clasificaci\u00f3n viene determinada por el tipo de inter\u00e9s efectivo.<br \/>\n  El servicio es totalmente gratuito.<br \/>\n  Nuestro objetivo es que todas las entidades bancarias y las instituciones crediticias de Suecia est\u00e9n incluidas en nuestras comparaciones. Todo esto para que t\u00fa, como visitante, puedas disponer de una comparaci\u00f3n justa en el \u00e1mbito de todos los servicios de la econom\u00eda privada.<br \/>\n  Dejamos que te ocupes del control de tus datos de car\u00e1cter personal. Cuando utilices bankweb, nunca te pediremos tus datos personales.<br \/>\n &nbsp;<br \/>\n\u00a1Esperamos que te guste el servicio y que encuentres el mejor tipo de inter\u00e9s!<br \/>\n &nbsp;<br \/>\nPatrocinio-Asociaciones ben\u00e9ficas<br \/>\nbankweb presta su apoyo a una serie de organizaciones. Durante 2015-2016, hemos donado dinero o patrocinado las siguientes organizaciones: SOS-Aldeas infantiles, Fundaci\u00f3n para la lucha contra el c\u00e1ncer infantil, Asociaci\u00f3n de ayuda a ni\u00f1os con enfermedades card\u00edacas (Hj\u00e4rtebarnsf\u00f6rbundet) y Svenska Freds (la Organizaci\u00f3n sueca para la paz). bankweb tambi\u00e9n presta su apoyo a clubes deportivos seleccionados.<\/p>\n<p>&nbsp;<\/p>\n","protected":false},"excerpt":{"rendered":"<p>\u00bfQu\u00e9 convierte a bankweb en \u00fanico? Nuestro modelo empresarial es muy sencillo: ayudamos a las personas a ahorrar dinero en su econom\u00eda privada, independientemente de si quieren tomar dinero prestado, invertir o colocar capitales. &nbsp; En bankweb puedes ver d\u00f3nde [&hellip;]<\/p>\n","protected":false},"author":4,"featured_media":0,"parent":0,"menu_order":0,"comment_status":"closed","ping_status":"closed","template":"","meta":{"footnotes":""},"class_list":["post-5389","page","type-page","status-publish","hentry"],"yoast_head":"<!-- This site is optimized with the Yoast SEO plugin v17.9 - https:\/\/yoast.com\/wordpress\/plugins\/seo\/ -->\n<title>contact - Bankweb.com<\/title>\n<meta name=\"robots\" content=\"index, follow, max-snippet:-1, max-image-preview:large, max-video-preview:-1\" \/>\n<link rel=\"canonical\" href=\"https:\/\/www.bankweb.com\/es\/contact\/\" \/>\n<meta name=\"twitter:card\" content=\"summary\" \/>\n<meta name=\"twitter:title\" content=\"contact - Bankweb.com\" \/>\n<meta name=\"twitter:description\" content=\"\u00bfQu\u00e9 convierte a bankweb en \u00fanico? Nuestro modelo empresarial es muy sencillo: ayudamos a las personas a ahorrar dinero en su econom\u00eda privada, independientemente de si quieren tomar dinero prestado, invertir o colocar capitales. &nbsp; En bankweb puedes ver d\u00f3nde [&hellip;]\" \/>\n<meta name=\"twitter:label1\" content=\"Ber\u00e4knad l\u00e4stid\" \/>\n\t<meta name=\"twitter:data1\" content=\"3 minuter\" \/>\n<script type=\"application\/ld+json\" class=\"yoast-schema-graph\">{\"@context\":\"https:\/\/schema.org\",\"@graph\":[{\"@type\":\"WebSite\",\"@id\":\"https:\/\/www.bankweb.com\/es\/#website\",\"url\":\"https:\/\/www.bankweb.com\/es\/\",\"name\":\"Bankweb.com\",\"description\":\"\",\"potentialAction\":[{\"@type\":\"SearchAction\",\"target\":{\"@type\":\"EntryPoint\",\"urlTemplate\":\"https:\/\/www.bankweb.com\/es\/?s={search_term_string}\"},\"query-input\":\"required name=search_term_string\"}],\"inLanguage\":\"sv-SE\"},{\"@type\":\"WebPage\",\"@id\":\"https:\/\/www.bankweb.com\/es\/contact\/#webpage\",\"url\":\"https:\/\/www.bankweb.com\/es\/contact\/\",\"name\":\"contact - Bankweb.com\",\"isPartOf\":{\"@id\":\"https:\/\/www.bankweb.com\/es\/#website\"},\"datePublished\":\"2017-10-25T09:55:08+00:00\",\"dateModified\":\"2018-05-21T09:59:04+00:00\",\"breadcrumb\":{\"@id\":\"https:\/\/www.bankweb.com\/es\/contact\/#breadcrumb\"},\"inLanguage\":\"sv-SE\",\"potentialAction\":[{\"@type\":\"ReadAction\",\"target\":[\"https:\/\/www.bankweb.com\/es\/contact\/\"]}]},{\"@type\":\"BreadcrumbList\",\"@id\":\"https:\/\/www.bankweb.com\/es\/contact\/#breadcrumb\",\"itemListElement\":[{\"@type\":\"ListItem\",\"position\":1,\"name\":\"Hem\",\"item\":\"https:\/\/www.bankweb.com\/es\/\"},{\"@type\":\"ListItem\",\"position\":2,\"name\":\"contact\"}]}]}<\/script>\n<!-- \/ Yoast SEO plugin. -->","yoast_head_json":{"title":"contact - Bankweb.com","robots":{"index":"index","follow":"follow","max-snippet":"max-snippet:-1","max-image-preview":"max-image-preview:large","max-video-preview":"max-video-preview:-1"},"canonical":"https:\/\/www.bankweb.com\/es\/contact\/","twitter_card":"summary","twitter_title":"contact - Bankweb.com","twitter_description":"\u00bfQu\u00e9 convierte a bankweb en \u00fanico? Nuestro modelo empresarial es muy sencillo: ayudamos a las personas a ahorrar dinero en su econom\u00eda privada, independientemente de si quieren tomar dinero prestado, invertir o colocar capitales. &nbsp; En bankweb puedes ver d\u00f3nde [&hellip;]","twitter_misc":{"Ber\u00e4knad l\u00e4stid":"3 minuter"},"schema":{"@context":"https:\/\/schema.org","@graph":[{"@type":"WebSite","@id":"https:\/\/www.bankweb.com\/es\/#website","url":"https:\/\/www.bankweb.com\/es\/","name":"Bankweb.com","description":"","potentialAction":[{"@type":"SearchAction","target":{"@type":"EntryPoint","urlTemplate":"https:\/\/www.bankweb.com\/es\/?s={search_term_string}"},"query-input":"required name=search_term_string"}],"inLanguage":"sv-SE"},{"@type":"WebPage","@id":"https:\/\/www.bankweb.com\/es\/contact\/#webpage","url":"https:\/\/www.bankweb.com\/es\/contact\/","name":"contact - Bankweb.com","isPartOf":{"@id":"https:\/\/www.bankweb.com\/es\/#website"},"datePublished":"2017-10-25T09:55:08+00:00","dateModified":"2018-05-21T09:59:04+00:00","breadcrumb":{"@id":"https:\/\/www.bankweb.com\/es\/contact\/#breadcrumb"},"inLanguage":"sv-SE","potentialAction":[{"@type":"ReadAction","target":["https:\/\/www.bankweb.com\/es\/contact\/"]}]},{"@type":"BreadcrumbList","@id":"https:\/\/www.bankweb.com\/es\/contact\/#breadcrumb","itemListElement":[{"@type":"ListItem","position":1,"name":"Hem","item":"https:\/\/www.bankweb.com\/es\/"},{"@type":"ListItem","position":2,"name":"contact"}]}]}},"_links":{"self":[{"href":"https:\/\/www.bankweb.com\/es\/wp-json\/wp\/v2\/pages\/5389","targetHints":{"allow":["GET"]}}],"collection":[{"href":"https:\/\/www.bankweb.com\/es\/wp-json\/wp\/v2\/pages"}],"about":[{"href":"https:\/\/www.bankweb.com\/es\/wp-json\/wp\/v2\/types\/page"}],"author":[{"embeddable":true,"href":"https:\/\/www.bankweb.com\/es\/wp-json\/wp\/v2\/users\/4"}],"replies":[{"embeddable":true,"href":"https:\/\/www.bankweb.com\/es\/wp-json\/wp\/v2\/comments?post=5389"}],"version-history":[{"count":2,"href":"https:\/\/www.bankweb.com\/es\/wp-json\/wp\/v2\/pages\/5389\/revisions"}],"predecessor-version":[{"id":5511,"href":"https:\/\/www.bankweb.com\/es\/wp-json\/wp\/v2\/pages\/5389\/revisions\/5511"}],"wp:attachment":[{"href":"https:\/\/www.bankweb.com\/es\/wp-json\/wp\/v2\/media?parent=5389"}],"curies":[{"name":"wp","href":"https:\/\/api.w.org\/{rel}","templated":true}]}}