{"id":5203,"date":"2017-08-31T11:30:52","date_gmt":"2017-08-31T11:30:52","guid":{"rendered":"http:\/\/www.bankweb.com\/es\/?page_id=5203"},"modified":"2018-09-05T08:33:24","modified_gmt":"2018-09-05T08:33:24","slug":"start","status":"publish","type":"page","link":"https:\/\/www.bankweb.com\/es\/","title":{"rendered":"Start"},"content":{"rendered":"<div class=\"entryfullfront\">\n<p>    <!--------Slides------>    <\/p>\n<div class=\"carousel slide carousel-fade\" data-ride=\"carousel\">\n\t\t<!-- Wrapper for slides --><\/p>\n<div class=\"carousel-inner\" role=\"listbox\">\n<div class=\"item active\" style=\" background: url(\/es\/images\/slide.jpg) no-repeat top center ;\">\n<div class=\"overlay\">\n<div class=\"ittembold\">\n<div class=\"caption\">Bankweb.com &#8211; <br \/>Comparamos, t\u00fa eliges!<\/div>\n<p><a href=\"\" class=\"bluebtn\">Comparar prestamos<\/a><\/div>\n<\/div><\/div>\n<div class=\"item\" style=\" background: url(\/de\/images\/slide.jpg) no-repeat top center ;\">\n<div class=\"overlay\">\n<div class=\"ittembold\">\n<div class=\"caption\">Bankweb.com &#8211; <br \/>Comparamos, t\u00fa eliges!<\/div>\n<p><a href=\"\"  class=\"bluebtn\">Comparar prestamos<\/a><\/div>\n<\/div><\/div>\n<\/p><\/div>\n<p>        <a class=\"left carouselbtn\" href=\".carousel\" role=\"button\" data-slide=\"prev\"><<\/a><br \/>\n        <a class=\"right carouselbtn\" href=\".carousel\" role=\"button\" data-slide=\"next\">><\/a><\/p><\/div>\n<\/div>\n<p>    <!---- below Image Blocks----><\/p>\n<div class=\"container\">\n<div class=\" homeblocks row\">\n<div class=\"col5\">\n<div class=\"inner\" style=\"background-color:#1ebee4;\">\n<div class=\"border\">\n<div class=\"image\" style=\"background: url(\/es\/images\/personal_loan.png) no-repeat center center ;\"><\/div>\n<h3><a class=\"whitefront\" href=\"https:\/\/www.bankweb.com\/es\/prestamo\/\">Comparador de Pr\u00e9stamos<\/a><\/h3>\n<\/p><\/div>\n<\/p><\/div>\n<\/p><\/div>\n<div class=\"col5\">\n<div class=\"inner\" style=\"background-color:#1ebee4;\">\n<div class=\"border\">\n<div class=\"image\" style=\"background: url(\/es\/images\/quickloan.png) no-repeat center center ;\"><\/div>\n<h3><a class=\"whitefront\" href=\"https:\/\/www.bankweb.com\/es\/personales\/\">Pr\u00e9stamo personal<\/a><\/h3>\n<\/p><\/div>\n<\/p><\/div>\n<\/p><\/div>\n<div class=\"col5\" >\n<div class=\"inner\" style=\"background-color:#729836;\">\n<div class=\"border\">\n<div class=\"image\" style=\"background: url(\/es\/images\/buiseness_loan.png) no-repeat center center ;\"><\/div>\n<h3><a class=\"whitefront\" href=\"https:\/\/www.bankweb.com\/es\/rapidos\/\">Cr\u00e9ditos r\u00e1pidos<\/a><\/h3>\n<\/p><\/div>\n<\/p><\/div>\n<\/p><\/div>\n<div class=\"col5\">\n<div class=\"inner\" style=\"background-color:#9a51b9;\">\n<div class=\"border\">\n<div class=\"image\" style=\"background: url(\/es\/images\/car_loan.png) no-repeat center center ;\"><\/div>\n<h3><a class=\"whitefront\" href=\"https:\/\/www.bankweb.com\/es\/coche\/\">Cr\u00e9dito con tu coche como<\/a><\/h3>\n<\/p><\/div>\n<\/p><\/div>\n<\/p><\/div>\n<div class=\"col5\">\n<div class=\"inner\"  style=\"background-color:#009ee0;\">\n<div class=\"border\">\n<div class=\"image\" style=\"background: url(\/es\/images\/savings.png) no-repeat center center ;\"><\/div>\n<h3><a class=\"whitefront\" href=\"https:\/\/www.bankweb.com\/es\/cuentas-corriente\/\">Comparador de cuentas corrientes<\/a><\/h3>\n<\/p><\/div>\n<\/p><\/div>\n<\/p><\/div>\n<div class=\"col5\">\n<div class=\"inner\"  style=\"background-color:#009ee0;\">\n<div class=\"border\">\n<div class=\"image\" style=\"background: url(\/es\/images\/savings.png) no-repeat center center ;\"><\/div>\n<h3><a class=\"whitefront\" href=\"https:\/\/www.bankweb.com\/es\/brokers\/\">Comparador de Br\u00f3kers<\/a><\/h3>\n<\/p><\/div>\n<\/p><\/div>\n<\/p><\/div>\n<div class=\"col5\">\n<div class=\"inner\" style=\"background-color:#03508e;\">\n<div class=\"border\">\n<div class=\"image\" style=\"background: url(\/es\/images\/cards.png) no-repeat center center ;\"><\/div>\n<h3><a class=\"whitefront\" href=\"https:\/\/www.bankweb.com\/es\/credito\/\">Comparador de tarjetas de cr\u00e9dito<\/a><\/h3>\n<\/p><\/div>\n<\/p><\/div>\n<\/div\n        \n    <\/div>\n<\/p><\/div>\n<\/p><\/div>\n<\/div>\n<h1>Identifica qu\u00e9 tipo de pr\u00e9stamo te conviene<\/h1>\n<p>Los pr\u00e9stamos o cr\u00e9ditos son otorgamientos de dinero para una persona o empresa que tenga la necesidad de comprar un bien o de adquirir un servicio espec\u00edfico. Hay cr\u00e9ditos o pr\u00e9stamos que otorgan las instituciones financieras, mientras que hay otros que son otorgados por personas naturales o prestamistas.<br \/>\n&nbsp;<br \/>\nLas circunstancias y condiciones del pr\u00e9stamo otorgado depender\u00e1n tanto de la necesidad de la persona, como de sus condiciones de pago. A continuaci\u00f3n se listan las caracter\u00edsticas y diferencias de los principales <a href=\"https:\/\/www.bankweb.com\/es\/prestamo\/\">pr\u00e9stamos<\/a> a fin de que identifiques cu\u00e1l se ajusta m\u00e1s a tu necesidad.<br \/>\n&nbsp;<\/p>\n<h2>Pr\u00e9stamos personales<\/h2>\n<p>Este tipo de pr\u00e9stamo se realiza generalmente para la adquisici\u00f3n de un bien o el pago de alg\u00fan servicio ya definido. El mismo puede ser destinado a la compra de un veh\u00edculo o un mueble para el hogar, tales como televisores, neveras, cocinas, etc\u00e9tera. Es decir, es necesario que el solicitante tenga definido para qu\u00e9 se utilizar\u00e1 el dinero.<br \/>\n&nbsp;<br \/>\nPara el otorgamiento del mismo, el banco o prestamista solicita un presupuesto del bien a adquirir y \u00e9ste debe encontrarse en el rango de pago que puede asumir el prestatario. Adem\u00e1s, se solicitan una serie de requisitos que garanticen el pago del pr\u00e9stamo.<br \/>\n&nbsp;<br \/>\nEl banco o prestamista &#8211; en concordancia con los ingresos mensuales del solicitante &#8211; definir\u00e1 el plazo de pago, el cual podr\u00e1 ser mayor de un a\u00f1o y de hasta cuatro o cinco a\u00f1os, dependiendo de la instituci\u00f3n financiera.<br \/>\n&nbsp;<br \/>\nEl solicitante deber\u00e1 otorgar documentaci\u00f3n donde conste su ingreso mensual, el cual tambi\u00e9n definir\u00e1 el l\u00edmite m\u00e1ximo del cr\u00e9dito. Mientras mayor sea el ingreso, mayor ser\u00e1 el monto que podr\u00e1 solicitar.<br \/>\n&nbsp;<br \/>\nEste tipo de pr\u00e9stamo define pagos mensuales, los cuales incluyen el abono del capital y el pago de los intereses. Dependiendo de la cantidad, la instituci\u00f3n financiera o prestamista podr\u00e1 solicitar una fianza personal o un fiador que responda en caso de que el prestatario no pueda hacerlo.<br \/>\n&nbsp;<br \/>\n<img loading=\"lazy\" decoding=\"async\" src=\"https:\/\/www.bankweb.com\/es\/wp-content\/uploads\/2018\/05\/es_prestamo-1024x724.jpg\" alt=\"tipo de pr\u00e9stamo te conviene\" width=\"580\" height=\"410\" class=\"alignnone size-large wp-image-5508\" srcset=\"https:\/\/www.bankweb.com\/es\/wp-content\/uploads\/2018\/05\/es_prestamo-1024x724.jpg 1024w, https:\/\/www.bankweb.com\/es\/wp-content\/uploads\/2018\/05\/es_prestamo-300x212.jpg 300w, https:\/\/www.bankweb.com\/es\/wp-content\/uploads\/2018\/05\/es_prestamo-768x543.jpg 768w, https:\/\/www.bankweb.com\/es\/wp-content\/uploads\/2018\/05\/es_prestamo.jpg 1920w\" sizes=\"auto, (max-width: 580px) 100vw, 580px\" \/><br \/>\n&nbsp;<\/p>\n<h3>Pr\u00e9stamos r\u00e1pidos<\/h3>\n<p>Suelen ser otorgados, como su nombre lo indica, de forma r\u00e1pida y sin tanta documentaci\u00f3n como en el caso de los pr\u00e9stamos personales. Suelen solicitarse para casos de emergencia en los cuales el prestatario no tiene tiempo o condiciones para solicitar un <a href=\"https:\/\/www.bankweb.com\/es\/personales\/\">pr\u00e9stamo personal<\/a>. Tal es el caso de emergencias m\u00e9dicas, posibles embargos, viajes urgentes, etc\u00e9tera.<br \/>\n&nbsp;<br \/>\nLos plazos de pago son menores que en el caso de los pr\u00e9stamos personales y los intereses son mayores, ya que el riesgo de pago tambi\u00e9n se incrementa al no pedir tanta documentaci\u00f3n ni fiadores que sustenten el pr\u00e9stamo.<br \/>\n&nbsp;<br \/>\nEn el caso de los <a href=\"https:\/\/www.bankweb.com\/es\/rapidos\/\">pr\u00e9stamos r\u00e1pidos<\/a>, pueden solicitarse prendas valiosas en calidad de garant\u00eda, tales como veh\u00edculos o joyas.<br \/>\n&nbsp;<\/p>\n<h3>Tarjetas de cr\u00e9dito\/Tarjetas prepagas<\/h3>\n<p>Las <a href=\"https:\/\/www.bankweb.com\/es\/credito\/\">tarjetas de cr\u00e9dito<\/a> son cr\u00e9ditos otorgados generalmente por instituciones financieras para clientes que tienen ya cuentas activas. Esta l\u00ednea de cr\u00e9dito no amerita indicar para qu\u00e9 va dirigido el pr\u00e9stamo, sino que el acuerdo lo establece la instituci\u00f3n financiera con el comercio donde se adquiere el producto. De esta manera, el cliente tan solo deber\u00e1 acudir a aquellos comercios que ya hayan establecido este acuerdo para adquirir el producto deseado.<br \/>\n&nbsp;<br \/>\nLuego de adquirido el producto, la instituci\u00f3n financiera paga el monto acordado al comercio y luego el tarjeta habiente le paga al banco en cuotas ya establecidas, tanto el total de la deuda como los intereses acordados.<br \/>\n&nbsp;<br \/>\n<a href=\"https:\/\/www.bankweb.com\/es\/credito\/\">Las tarjetas prepagas<\/a> actu\u00e1n de forma contraria. Es decir, la persona compra a la instituci\u00f3n financiera una tarjeta, que puede ser virtual o f\u00edsica, por un monto ya establecido. La misma puede ser usada tanto por el comprador de la tarjeta como por otra persona en cualquier recinto autorizado por la instituci\u00f3n financiera.<br \/>\n&nbsp;<br \/>\nEn este caso no se cobran intereses y funciona como un pago adelantado para la adquisici\u00f3n de un servicio (por ejemplo, comida en un restaurante) o la compra de un bien (por ejemplo, unos zapatos).<br \/>\n&nbsp;<\/p>\n<h4>Pr\u00e9stamos comerciales<\/h4>\n<p>Los pr\u00e9stamos comerciales son aquellos que se otorgan a los due\u00f1os de empresas para la compra de materia prima, ampliaci\u00f3n de producci\u00f3n, adquisici\u00f3n o alquiler de maquinarias, alquiler o compra de locales, etc\u00e9tera.<br \/>\n&nbsp;<br \/>\nLos plazos del pago suelen ser mucho mayores que en el caso de los pr\u00e9stamos dirigidos a personas, ya que tambi\u00e9n los montos son m\u00e1s altos.<br \/>\n&nbsp;<br \/>\nLas l\u00edneas de cr\u00e9ditos comerciales son acuerdos que le permiten a la empresa solicitar un pr\u00e9stamo, pero no para ser utilizado en su totalidad de una sola vez, sino seg\u00fan sus necesidades. En este caso los pagos son continuos seg\u00fan los montos solicitados.<br \/>\n&nbsp;<br \/>\nMientras tanto, los cr\u00e9ditos de un solo monto se solicitan una vez, y se acuerdan tanto el plazo de pago como los intereses.<\/p>\n","protected":false},"excerpt":{"rendered":"<p>Bankweb.com &#8211; Comparamos, t\u00fa eliges! Comparar prestamos Bankweb.com &#8211; Comparamos, t\u00fa eliges! Comparar prestamos Comparador de Pr\u00e9stamos Pr\u00e9stamo personal Cr\u00e9ditos r\u00e1pidos Cr\u00e9dito con tu coche como Comparador de cuentas corrientes Comparador de Br\u00f3kers Comparador de tarjetas de cr\u00e9dito<\/p>\n","protected":false},"author":4,"featured_media":0,"parent":0,"menu_order":0,"comment_status":"closed","ping_status":"closed","template":"","meta":{"footnotes":""},"class_list":["post-5203","page","type-page","status-publish","hentry"],"yoast_head":"<!-- This site is optimized with the Yoast SEO plugin v17.9 - https:\/\/yoast.com\/wordpress\/plugins\/seo\/ -->\n<title>Comparador de productos bancarios - Bankweb.com<\/title>\n<meta name=\"description\" content=\"Compara bancos - Compare todos los pr\u00e9stamos. Nuestro \u00fanico inter\u00e9s es tu inter\u00e9s - Comparamos, t\u00fa eliges!\" \/>\n<meta name=\"robots\" content=\"index, follow, max-snippet:-1, max-image-preview:large, max-video-preview:-1\" \/>\n<link rel=\"canonical\" href=\"https:\/\/www.bankweb.com\/es\/\" \/>\n<meta name=\"twitter:card\" content=\"summary\" \/>\n<meta name=\"twitter:title\" content=\"Comparador de productos bancarios - Bankweb.com\" \/>\n<meta name=\"twitter:description\" content=\"Compara bancos - Compare todos los pr\u00e9stamos. Nuestro \u00fanico inter\u00e9s es tu inter\u00e9s - Comparamos, t\u00fa eliges!\" \/>\n<meta name=\"twitter:image\" content=\"https:\/\/www.bankweb.com\/es\/wp-content\/uploads\/2018\/05\/es_prestamo.jpg\" \/>\n<script type=\"application\/ld+json\" class=\"yoast-schema-graph\">{\"@context\":\"https:\/\/schema.org\",\"@graph\":[{\"@type\":\"WebSite\",\"@id\":\"https:\/\/www.bankweb.com\/es\/#website\",\"url\":\"https:\/\/www.bankweb.com\/es\/\",\"name\":\"Bankweb.com\",\"description\":\"\",\"potentialAction\":[{\"@type\":\"SearchAction\",\"target\":{\"@type\":\"EntryPoint\",\"urlTemplate\":\"https:\/\/www.bankweb.com\/es\/?s={search_term_string}\"},\"query-input\":\"required name=search_term_string\"}],\"inLanguage\":\"sv-SE\"},{\"@type\":\"ImageObject\",\"@id\":\"https:\/\/www.bankweb.com\/es\/#primaryimage\",\"inLanguage\":\"sv-SE\",\"url\":\"https:\/\/www.bankweb.com\/es\/wp-content\/uploads\/2018\/05\/es_prestamo.jpg\",\"contentUrl\":\"https:\/\/www.bankweb.com\/es\/wp-content\/uploads\/2018\/05\/es_prestamo.jpg\",\"width\":1920,\"height\":1357,\"caption\":\"tipo de pr\\u00e9stamo te conviene\"},{\"@type\":\"WebPage\",\"@id\":\"https:\/\/www.bankweb.com\/es\/#webpage\",\"url\":\"https:\/\/www.bankweb.com\/es\/\",\"name\":\"Comparador de productos bancarios - Bankweb.com\",\"isPartOf\":{\"@id\":\"https:\/\/www.bankweb.com\/es\/#website\"},\"primaryImageOfPage\":{\"@id\":\"https:\/\/www.bankweb.com\/es\/#primaryimage\"},\"datePublished\":\"2017-08-31T11:30:52+00:00\",\"dateModified\":\"2018-09-05T08:33:24+00:00\",\"description\":\"Compara bancos - Compare todos los pr\\u00e9stamos. Nuestro \\u00fanico inter\\u00e9s es tu inter\\u00e9s - Comparamos, t\\u00fa eliges!\",\"breadcrumb\":{\"@id\":\"https:\/\/www.bankweb.com\/es\/#breadcrumb\"},\"inLanguage\":\"sv-SE\",\"potentialAction\":[{\"@type\":\"ReadAction\",\"target\":[\"https:\/\/www.bankweb.com\/es\/\"]}]},{\"@type\":\"BreadcrumbList\",\"@id\":\"https:\/\/www.bankweb.com\/es\/#breadcrumb\",\"itemListElement\":[{\"@type\":\"ListItem\",\"position\":1,\"name\":\"Hem\",\"item\":\"https:\/\/www.bankweb.com\/es\/\"},{\"@type\":\"ListItem\",\"position\":2,\"name\":\"Start\"}]}]}<\/script>\n<!-- \/ Yoast SEO plugin. -->","yoast_head_json":{"title":"Comparador de productos bancarios - Bankweb.com","description":"Compara bancos - Compare todos los pr\u00e9stamos. Nuestro \u00fanico inter\u00e9s es tu inter\u00e9s - Comparamos, t\u00fa eliges!","robots":{"index":"index","follow":"follow","max-snippet":"max-snippet:-1","max-image-preview":"max-image-preview:large","max-video-preview":"max-video-preview:-1"},"canonical":"https:\/\/www.bankweb.com\/es\/","twitter_card":"summary","twitter_title":"Comparador de productos bancarios - Bankweb.com","twitter_description":"Compara bancos - Compare todos los pr\u00e9stamos. Nuestro \u00fanico inter\u00e9s es tu inter\u00e9s - Comparamos, t\u00fa eliges!","twitter_image":"https:\/\/www.bankweb.com\/es\/wp-content\/uploads\/2018\/05\/es_prestamo.jpg","schema":{"@context":"https:\/\/schema.org","@graph":[{"@type":"WebSite","@id":"https:\/\/www.bankweb.com\/es\/#website","url":"https:\/\/www.bankweb.com\/es\/","name":"Bankweb.com","description":"","potentialAction":[{"@type":"SearchAction","target":{"@type":"EntryPoint","urlTemplate":"https:\/\/www.bankweb.com\/es\/?s={search_term_string}"},"query-input":"required name=search_term_string"}],"inLanguage":"sv-SE"},{"@type":"ImageObject","@id":"https:\/\/www.bankweb.com\/es\/#primaryimage","inLanguage":"sv-SE","url":"https:\/\/www.bankweb.com\/es\/wp-content\/uploads\/2018\/05\/es_prestamo.jpg","contentUrl":"https:\/\/www.bankweb.com\/es\/wp-content\/uploads\/2018\/05\/es_prestamo.jpg","width":1920,"height":1357,"caption":"tipo de pr\u00e9stamo te conviene"},{"@type":"WebPage","@id":"https:\/\/www.bankweb.com\/es\/#webpage","url":"https:\/\/www.bankweb.com\/es\/","name":"Comparador de productos bancarios - Bankweb.com","isPartOf":{"@id":"https:\/\/www.bankweb.com\/es\/#website"},"primaryImageOfPage":{"@id":"https:\/\/www.bankweb.com\/es\/#primaryimage"},"datePublished":"2017-08-31T11:30:52+00:00","dateModified":"2018-09-05T08:33:24+00:00","description":"Compara bancos - Compare todos los pr\u00e9stamos. Nuestro \u00fanico inter\u00e9s es tu inter\u00e9s - Comparamos, t\u00fa eliges!","breadcrumb":{"@id":"https:\/\/www.bankweb.com\/es\/#breadcrumb"},"inLanguage":"sv-SE","potentialAction":[{"@type":"ReadAction","target":["https:\/\/www.bankweb.com\/es\/"]}]},{"@type":"BreadcrumbList","@id":"https:\/\/www.bankweb.com\/es\/#breadcrumb","itemListElement":[{"@type":"ListItem","position":1,"name":"Hem","item":"https:\/\/www.bankweb.com\/es\/"},{"@type":"ListItem","position":2,"name":"Start"}]}]}},"_links":{"self":[{"href":"https:\/\/www.bankweb.com\/es\/wp-json\/wp\/v2\/pages\/5203","targetHints":{"allow":["GET"]}}],"collection":[{"href":"https:\/\/www.bankweb.com\/es\/wp-json\/wp\/v2\/pages"}],"about":[{"href":"https:\/\/www.bankweb.com\/es\/wp-json\/wp\/v2\/types\/page"}],"author":[{"embeddable":true,"href":"https:\/\/www.bankweb.com\/es\/wp-json\/wp\/v2\/users\/4"}],"replies":[{"embeddable":true,"href":"https:\/\/www.bankweb.com\/es\/wp-json\/wp\/v2\/comments?post=5203"}],"version-history":[{"count":26,"href":"https:\/\/www.bankweb.com\/es\/wp-json\/wp\/v2\/pages\/5203\/revisions"}],"predecessor-version":[{"id":5607,"href":"https:\/\/www.bankweb.com\/es\/wp-json\/wp\/v2\/pages\/5203\/revisions\/5607"}],"wp:attachment":[{"href":"https:\/\/www.bankweb.com\/es\/wp-json\/wp\/v2\/media?parent=5203"}],"curies":[{"name":"wp","href":"https:\/\/api.w.org\/{rel}","templated":true}]}}