{"id":6420,"date":"2019-03-15T08:35:40","date_gmt":"2019-03-15T08:35:40","guid":{"rendered":"https:\/\/www.bankweb.com\/de\/?page_id=6420"},"modified":"2019-03-18T10:56:13","modified_gmt":"2019-03-18T10:56:13","slug":"pauschalreisen","status":"publish","type":"page","link":"https:\/\/www.bankweb.com\/de\/pauschalreisen\/","title":{"rendered":"Pauschalreisen"},"content":{"rendered":"<h1 class=\"kredith1\">Pauschal-Reisen 2019 buchen<\/h1>\n<p>Die besten Reisen im Vergleich 2019!<br \/>\n&nbsp;<\/p>\n<p><center><a href=\"https:\/\/a.check24.net\/misc\/click.php?pid=110386&#038;aid=18&#038;deep=pauschalreisen-vergleich&#038;cat=9\" rel=\"noopener noreferrer\" target=\"_blank\" style=\"\n    font-size: x-large;\">Jetzt die besten Angebote sichern und bis zu 50 % sparen<\/a><br \/>\n&nbsp;<br \/>\n<a href=\"https:\/\/a.check24.net\/misc\/click.php?pid=110386&amp;aid=18&amp;deep=pauschalreisen-vergleich&amp;cat=9\" target=\"_blank\" rel=\"noopener noreferrer\"><img loading=\"lazy\" decoding=\"async\" src=\"https:\/\/www.bankweb.com\/de\/wp-content\/uploads\/2019\/03\/check24banner.png\" alt=\"\" width=\"900\" height=\"530\" class=\"alignnone size-full wp-image-6440\" srcset=\"https:\/\/www.bankweb.com\/de\/wp-content\/uploads\/2019\/03\/check24banner.png 900w, https:\/\/www.bankweb.com\/de\/wp-content\/uploads\/2019\/03\/check24banner-300x177.png 300w, https:\/\/www.bankweb.com\/de\/wp-content\/uploads\/2019\/03\/check24banner-768x452.png 768w\" sizes=\"auto, (max-width: 900px) 100vw, 900px\" \/><\/a><br \/>\n&nbsp;<\/p>\n<div style=\"width: 100%\" id=\"c24pp-package-iframe\" data-tid=\"bankweb_de\" data-forward-url=\"no\"><\/div>\n<p><script src=\"https:\/\/files.check24.net\/widgets\/auto\/110386\/c24pp-package-iframe\/package-iframe.js\"><\/script><\/center><br \/>\n&nbsp;<br \/>\n<center><a href=\"https:\/\/a.check24.net\/misc\/click.php?pid=110386&#038;aid=256&#038;deep=pauschalreisen-vergleich&#038;cat=9\"  target=\"_blank\" rel=\"noopener noreferrer\"><img decoding=\"async\" src=\"https:\/\/a.check24.net\/misc\/view.php?pid=110386&#038;aid=256&#038;cat=9\" ><\/a><\/center><br \/>\n&nbsp;<br \/>\nTrotz, oder gerade wegen, dieser riesigen Auswahl entscheiden sich immer noch \u00fcber ein Drittel der Reisenden aus Deutschland f\u00fcr eine Pauschalreise. Selbst viele Personen, die in der Vergangenheit auf Individualreisen schworen, wechseln wieder zur\u00fcck zu einer Pauschalreise.<br \/>\n&nbsp;<\/p>\n<h2>Was ist eine Pauschalreise?<\/h2>\n<p>Der Begriff der Pauschalreise ist in Deutschland gesetzlich klar geregelt. Im juristischen Sinn handelt es sich bei der Pauschalreise um eine Reisedienstleistung, die aus mindestens zwei Elementen wie Transport, Unterkunft oder anderen touristischen Dienstleistungen besteht.<br \/>\n&nbsp;<br \/>\n<img loading=\"lazy\" decoding=\"async\" src=\"https:\/\/www.bankweb.com\/de\/wp-content\/uploads\/2019\/03\/Pauschal-Reisen-2-1024x575.jpg\" alt=\"Pauschal-Reisen\" width=\"580\" height=\"326\" class=\"alignnone size-large wp-image-6422\" srcset=\"https:\/\/www.bankweb.com\/de\/wp-content\/uploads\/2019\/03\/Pauschal-Reisen-2-1024x575.jpg 1024w, https:\/\/www.bankweb.com\/de\/wp-content\/uploads\/2019\/03\/Pauschal-Reisen-2-300x169.jpg 300w, https:\/\/www.bankweb.com\/de\/wp-content\/uploads\/2019\/03\/Pauschal-Reisen-2-768x432.jpg 768w, https:\/\/www.bankweb.com\/de\/wp-content\/uploads\/2019\/03\/Pauschal-Reisen-2.jpg 1920w\" sizes=\"auto, (max-width: 580px) 100vw, 580px\" \/><br \/>\n&nbsp;<br \/>\nTagesreisen sind von der Definition bewusst ausgeklammert. Aus gesetzlicher Sicht macht es auch keinen Unterschied, ob die Reise 1:1 aus dem Reisekatalog \u00fcbernommen wird oder ob sie individuell f\u00fcr den Reisenden vom Reiseb\u00fcro zusammengestellt oder angepasst wurde.<br \/>\n&nbsp;<br \/>\nIn der Praxis bedeutet dies f\u00fcr den Reisenden meist, dass er vom Reiseb\u00fcro seine komplette Reise arrangiert bekommt.<br \/>\n&nbsp;<br \/>\nEr muss sich nur noch zum richtigen Zeitpunkt an den Flughafen, Bahnhof oder Hafen begeben und kann sich dann auf die organisierten Transportdienstleistungen, Unterk\u00fcnfte und Verpflegungen verlassen. In vielen F\u00e4llen k\u00f6nnen auch zus\u00e4tzliche Ausfl\u00fcge zur Reise gebucht werden. Dies kann entweder vorab oder w\u00e4hrend der Reise geschehen.<br \/>\n&nbsp;<br \/>\nDie gesetzliche Situation f\u00fcr Pauschalreisen f\u00fcr Reisende aus Deutschland ist stark durch die europ\u00e4ische Gesetzgebung beeinflusst. Diese sieht die Pauschalreise als Werkvertrag zwischen dem Reiseveranstalter, also dem Reiseb\u00fcro, und dem Reisenden. Mit diesem Reisevertrag haftet das Reiseb\u00fcro verschuldensunabh\u00e4ngig f\u00fcr alle Reisem\u00e4ngel wie Versp\u00e4tungen, Probleme bei der Unterkunft oder mit der Verpflegung.<br \/>\n&nbsp;<\/p>\n<h3>Die Vorteile von Pauschalreisen<\/h3>\n<p>Der Hauptvorteil f\u00fcr den Reisenden liegt in der Bequemlichkeit. Der Reisende muss sich lediglich an einen Anbieter wenden und bekommt von diesem alle ben\u00f6tigten Services organisiert. Dies bedeutet in der Regel auch, dass alle Dienstleistungen perfekt aufeinander abgestimmt sind.<br \/>\n&nbsp;<br \/>\nSo entfallen lange Transitzeiten und der Transport ist in der Regel vom Heimflughafen bis zur Hotelt\u00fcr organisiert.<br \/>\n&nbsp;<br \/>\nEin weiterer Vorteil ist die Tatsache, dass der Reisende sich bei Problemen an eine klar definierte Stelle wenden kann. Das Reiseb\u00fcro ist wie bereits erw\u00e4hnt gesetzlich verpflichtet, Reisem\u00e4ngel zu beheben oder den Reisenden zu entsch\u00e4digen.<br \/>\n&nbsp;<br \/>\nDazu geh\u00f6rt auch ein weiterer Vorteil der Pauschalreisen, der vor Kurzem f\u00fcr Aufsehen gesorgt hat: Der Schutz vor Airline-Pleiten. Mit dem Abschuss einer Pauschalreise erh\u00e4lt man vom Reiseb\u00fcro eine Garantie f\u00fcr diese Reiseleistung.<br \/>\n&nbsp;<br \/>\nWenn eine Airline, wie j\u00fcngst Germania, Insolvenz anmeldet und in der Folge keine Fl\u00fcge mehr durchf\u00fchrt, ist das Reiseb\u00fcro verantwortlich, einen Ersatzflug zu organisieren oder es muss an den Reisenden eine Kompensation bezahlen. Der Individualreisende, der direkt bei der Airline gebucht hat, muss nicht nur selbst f\u00fcr ein Ersatzticket sorgen, er verliert in den meisten F\u00e4llen auch noch den Flugpreis.<br \/>\n&nbsp;<br \/>\n<img loading=\"lazy\" decoding=\"async\" src=\"https:\/\/www.bankweb.com\/de\/wp-content\/uploads\/2019\/03\/Pauschal-Reisen-1-1024x512.jpg\" alt=\"Urlaubsreisen zum Bestpreis\" width=\"580\" height=\"290\" class=\"alignnone size-large wp-image-6423\" srcset=\"https:\/\/www.bankweb.com\/de\/wp-content\/uploads\/2019\/03\/Pauschal-Reisen-1-1024x512.jpg 1024w, https:\/\/www.bankweb.com\/de\/wp-content\/uploads\/2019\/03\/Pauschal-Reisen-1-300x150.jpg 300w, https:\/\/www.bankweb.com\/de\/wp-content\/uploads\/2019\/03\/Pauschal-Reisen-1-768x384.jpg 768w, https:\/\/www.bankweb.com\/de\/wp-content\/uploads\/2019\/03\/Pauschal-Reisen-1.jpg 1920w\" sizes=\"auto, (max-width: 580px) 100vw, 580px\" \/><br \/>\n&nbsp;<\/p>\n<h3>Was spricht gegen eine Pauschalreise?<\/h3>\n<p>Das Hauptargument gegen eine Pauschalreise ist der h\u00f6here Preis. In den meisten F\u00e4llen reist man g\u00fcnstiger, wenn man die Fl\u00fcge, Unterkunft und andere Dienstleistungen direkt beim Anbieter bucht. Damit verzichtet man aber auch auf den rechtlichen Schutz, welcher eine Pauschalreise bietet.<br \/>\n&nbsp;<br \/>\nEin weiterer Nachteil der Pauschalreise ist die Tatsache, dass es sich in der Regel um ein vorgefertigtes Paket handelt, das zigfach verkauft wird. In der Folge ist man bei einer Pauschalreise meist von anderen Pauschalreisenden umgeben und nimmt so relativ wenig von Land und Leute wahr. Abgelegene, unber\u00fchrte Orte wird man auf einer Pauschalreise genauso wenig vorfinden wie Stille oder Authentizit\u00e4t.<br \/>\n&nbsp;<\/p>\n<h4>Zusammenfassung<\/h4>\n<p>Pauschalreisen haben ihre Vor- aber auch Nachteile. F\u00fcr viele Reisende ist der wichtigste Entscheidungsgrund f\u00fcr eine Pauschalreise die Bequemlichkeit, auch wenn so nur auf vorgefertigte Reisen zur\u00fcckgegriffen werden kann.<br \/>\n&nbsp;<br \/>\nHauptnachteil ist der gegen\u00fcber der Individualbuchung h\u00f6here Preis, der aber durch eine umfassende juristische Absicherung zumindest zum Teil gerechtfertigt wird.<\/p>\n","protected":false},"excerpt":{"rendered":"<p>Pauschal-Reisen 2019 buchen Die besten Reisen im Vergleich 2019! &nbsp; Jetzt die besten Angebote sichern und bis zu 50 % sparen &nbsp; &nbsp; &nbsp; &nbsp; Trotz, oder gerade wegen, dieser riesigen Auswahl entscheiden sich immer noch \u00fcber ein Drittel der [&hellip;]<\/p>\n","protected":false},"author":4,"featured_media":0,"parent":0,"menu_order":0,"comment_status":"closed","ping_status":"closed","template":"","meta":{"footnotes":""},"class_list":["post-6420","page","type-page","status-publish","hentry"],"yoast_head":"<!-- This site is optimized with the Yoast SEO plugin v22.6 - https:\/\/yoast.com\/wordpress\/plugins\/seo\/ -->\n<title>Pauschalreise Angebote - Pauschalurlaub g\u00fcnstig buchen<\/title>\n<meta name=\"description\" content=\"Jetzt Last Minute Pauschalreisen - g\u00fcnstig bei Bucher Reisen buchen: schnell &amp; g\u00fcnstig - \u00dcber 230.000 mal Bestnote , Urlaub buchen\" \/>\n<meta name=\"robots\" content=\"index, follow, max-snippet:-1, max-image-preview:large, max-video-preview:-1\" \/>\n<link rel=\"canonical\" href=\"https:\/\/www.bankweb.com\/de\/pauschalreisen\/\" \/>\n<meta name=\"twitter:card\" content=\"summary_large_image\" \/>\n<meta name=\"twitter:title\" content=\"Pauschalreise Angebote - Pauschalurlaub g\u00fcnstig buchen\" \/>\n<meta name=\"twitter:description\" content=\"Jetzt Last Minute Pauschalreisen - g\u00fcnstig bei Bucher Reisen buchen: schnell &amp; g\u00fcnstig - \u00dcber 230.000 mal Bestnote , Urlaub buchen\" \/>\n<meta name=\"twitter:image\" content=\"https:\/\/www.bankweb.com\/de\/wp-content\/uploads\/2019\/03\/check24banner.png\" \/>\n<meta name=\"twitter:label1\" content=\"Ber\u00e4knad l\u00e4stid\" \/>\n\t<meta name=\"twitter:data1\" content=\"3 minuter\" \/>\n<script type=\"application\/ld+json\" class=\"yoast-schema-graph\">{\"@context\":\"https:\/\/schema.org\",\"@graph\":[{\"@type\":\"WebPage\",\"@id\":\"https:\/\/www.bankweb.com\/de\/pauschalreisen\/\",\"url\":\"https:\/\/www.bankweb.com\/de\/pauschalreisen\/\",\"name\":\"Pauschalreise Angebote - Pauschalurlaub g\u00fcnstig buchen\",\"isPartOf\":{\"@id\":\"https:\/\/www.bankweb.com\/de\/#website\"},\"primaryImageOfPage\":{\"@id\":\"https:\/\/www.bankweb.com\/de\/pauschalreisen\/#primaryimage\"},\"image\":{\"@id\":\"https:\/\/www.bankweb.com\/de\/pauschalreisen\/#primaryimage\"},\"thumbnailUrl\":\"https:\/\/www.bankweb.com\/de\/wp-content\/uploads\/2019\/03\/check24banner.png\",\"datePublished\":\"2019-03-15T08:35:40+00:00\",\"dateModified\":\"2019-03-18T10:56:13+00:00\",\"description\":\"Jetzt Last Minute Pauschalreisen - g\u00fcnstig bei Bucher Reisen buchen: schnell & g\u00fcnstig - \u00dcber 230.000 mal Bestnote , Urlaub buchen\",\"breadcrumb\":{\"@id\":\"https:\/\/www.bankweb.com\/de\/pauschalreisen\/#breadcrumb\"},\"inLanguage\":\"sv-SE\",\"potentialAction\":[{\"@type\":\"ReadAction\",\"target\":[\"https:\/\/www.bankweb.com\/de\/pauschalreisen\/\"]}]},{\"@type\":\"ImageObject\",\"inLanguage\":\"sv-SE\",\"@id\":\"https:\/\/www.bankweb.com\/de\/pauschalreisen\/#primaryimage\",\"url\":\"https:\/\/www.bankweb.com\/de\/wp-content\/uploads\/2019\/03\/check24banner.png\",\"contentUrl\":\"https:\/\/www.bankweb.com\/de\/wp-content\/uploads\/2019\/03\/check24banner.png\",\"width\":900,\"height\":530},{\"@type\":\"BreadcrumbList\",\"@id\":\"https:\/\/www.bankweb.com\/de\/pauschalreisen\/#breadcrumb\",\"itemListElement\":[{\"@type\":\"ListItem\",\"position\":1,\"name\":\"Hem\",\"item\":\"https:\/\/www.bankweb.com\/de\/\"},{\"@type\":\"ListItem\",\"position\":2,\"name\":\"Pauschalreisen\"}]},{\"@type\":\"WebSite\",\"@id\":\"https:\/\/www.bankweb.com\/de\/#website\",\"url\":\"https:\/\/www.bankweb.com\/de\/\",\"name\":\"Bankweb.com Germany\",\"description\":\"\",\"publisher\":{\"@id\":\"https:\/\/www.bankweb.com\/de\/#organization\"},\"potentialAction\":[{\"@type\":\"SearchAction\",\"target\":{\"@type\":\"EntryPoint\",\"urlTemplate\":\"https:\/\/www.bankweb.com\/de\/?s={search_term_string}\"},\"query-input\":\"required name=search_term_string\"}],\"inLanguage\":\"sv-SE\"},{\"@type\":\"Organization\",\"@id\":\"https:\/\/www.bankweb.com\/de\/#organization\",\"name\":\"Bankweb.com\",\"url\":\"https:\/\/www.bankweb.com\/de\/\",\"logo\":{\"@type\":\"ImageObject\",\"inLanguage\":\"sv-SE\",\"@id\":\"https:\/\/www.bankweb.com\/de\/#\/schema\/logo\/image\/\",\"url\":\"https:\/\/www.bankweb.com\/de\/wp-content\/uploads\/2019\/11\/245px_bankweb_logo.png\",\"contentUrl\":\"https:\/\/www.bankweb.com\/de\/wp-content\/uploads\/2019\/11\/245px_bankweb_logo.png\",\"width\":245,\"height\":49,\"caption\":\"Bankweb.com\"},\"image\":{\"@id\":\"https:\/\/www.bankweb.com\/de\/#\/schema\/logo\/image\/\"}}]}<\/script>\n<!-- \/ Yoast SEO plugin. -->","yoast_head_json":{"title":"Pauschalreise Angebote - Pauschalurlaub g\u00fcnstig buchen","description":"Jetzt Last Minute Pauschalreisen - g\u00fcnstig bei Bucher Reisen buchen: schnell & g\u00fcnstig - \u00dcber 230.000 mal Bestnote , Urlaub buchen","robots":{"index":"index","follow":"follow","max-snippet":"max-snippet:-1","max-image-preview":"max-image-preview:large","max-video-preview":"max-video-preview:-1"},"canonical":"https:\/\/www.bankweb.com\/de\/pauschalreisen\/","twitter_card":"summary_large_image","twitter_title":"Pauschalreise Angebote - Pauschalurlaub g\u00fcnstig buchen","twitter_description":"Jetzt Last Minute Pauschalreisen - g\u00fcnstig bei Bucher Reisen buchen: schnell & g\u00fcnstig - \u00dcber 230.000 mal Bestnote , Urlaub buchen","twitter_image":"https:\/\/www.bankweb.com\/de\/wp-content\/uploads\/2019\/03\/check24banner.png","twitter_misc":{"Ber\u00e4knad l\u00e4stid":"3 minuter"},"schema":{"@context":"https:\/\/schema.org","@graph":[{"@type":"WebPage","@id":"https:\/\/www.bankweb.com\/de\/pauschalreisen\/","url":"https:\/\/www.bankweb.com\/de\/pauschalreisen\/","name":"Pauschalreise Angebote - Pauschalurlaub g\u00fcnstig buchen","isPartOf":{"@id":"https:\/\/www.bankweb.com\/de\/#website"},"primaryImageOfPage":{"@id":"https:\/\/www.bankweb.com\/de\/pauschalreisen\/#primaryimage"},"image":{"@id":"https:\/\/www.bankweb.com\/de\/pauschalreisen\/#primaryimage"},"thumbnailUrl":"https:\/\/www.bankweb.com\/de\/wp-content\/uploads\/2019\/03\/check24banner.png","datePublished":"2019-03-15T08:35:40+00:00","dateModified":"2019-03-18T10:56:13+00:00","description":"Jetzt Last Minute Pauschalreisen - g\u00fcnstig bei Bucher Reisen buchen: schnell & g\u00fcnstig - \u00dcber 230.000 mal Bestnote , Urlaub buchen","breadcrumb":{"@id":"https:\/\/www.bankweb.com\/de\/pauschalreisen\/#breadcrumb"},"inLanguage":"sv-SE","potentialAction":[{"@type":"ReadAction","target":["https:\/\/www.bankweb.com\/de\/pauschalreisen\/"]}]},{"@type":"ImageObject","inLanguage":"sv-SE","@id":"https:\/\/www.bankweb.com\/de\/pauschalreisen\/#primaryimage","url":"https:\/\/www.bankweb.com\/de\/wp-content\/uploads\/2019\/03\/check24banner.png","contentUrl":"https:\/\/www.bankweb.com\/de\/wp-content\/uploads\/2019\/03\/check24banner.png","width":900,"height":530},{"@type":"BreadcrumbList","@id":"https:\/\/www.bankweb.com\/de\/pauschalreisen\/#breadcrumb","itemListElement":[{"@type":"ListItem","position":1,"name":"Hem","item":"https:\/\/www.bankweb.com\/de\/"},{"@type":"ListItem","position":2,"name":"Pauschalreisen"}]},{"@type":"WebSite","@id":"https:\/\/www.bankweb.com\/de\/#website","url":"https:\/\/www.bankweb.com\/de\/","name":"Bankweb.com Germany","description":"","publisher":{"@id":"https:\/\/www.bankweb.com\/de\/#organization"},"potentialAction":[{"@type":"SearchAction","target":{"@type":"EntryPoint","urlTemplate":"https:\/\/www.bankweb.com\/de\/?s={search_term_string}"},"query-input":"required name=search_term_string"}],"inLanguage":"sv-SE"},{"@type":"Organization","@id":"https:\/\/www.bankweb.com\/de\/#organization","name":"Bankweb.com","url":"https:\/\/www.bankweb.com\/de\/","logo":{"@type":"ImageObject","inLanguage":"sv-SE","@id":"https:\/\/www.bankweb.com\/de\/#\/schema\/logo\/image\/","url":"https:\/\/www.bankweb.com\/de\/wp-content\/uploads\/2019\/11\/245px_bankweb_logo.png","contentUrl":"https:\/\/www.bankweb.com\/de\/wp-content\/uploads\/2019\/11\/245px_bankweb_logo.png","width":245,"height":49,"caption":"Bankweb.com"},"image":{"@id":"https:\/\/www.bankweb.com\/de\/#\/schema\/logo\/image\/"}}]}},"_links":{"self":[{"href":"https:\/\/www.bankweb.com\/de\/wp-json\/wp\/v2\/pages\/6420","targetHints":{"allow":["GET"]}}],"collection":[{"href":"https:\/\/www.bankweb.com\/de\/wp-json\/wp\/v2\/pages"}],"about":[{"href":"https:\/\/www.bankweb.com\/de\/wp-json\/wp\/v2\/types\/page"}],"author":[{"embeddable":true,"href":"https:\/\/www.bankweb.com\/de\/wp-json\/wp\/v2\/users\/4"}],"replies":[{"embeddable":true,"href":"https:\/\/www.bankweb.com\/de\/wp-json\/wp\/v2\/comments?post=6420"}],"version-history":[{"count":0,"href":"https:\/\/www.bankweb.com\/de\/wp-json\/wp\/v2\/pages\/6420\/revisions"}],"wp:attachment":[{"href":"https:\/\/www.bankweb.com\/de\/wp-json\/wp\/v2\/media?parent=6420"}],"curies":[{"name":"wp","href":"https:\/\/api.w.org\/{rel}","templated":true}]}}