{"id":6399,"date":"2019-03-13T12:21:30","date_gmt":"2019-03-13T12:21:30","guid":{"rendered":"https:\/\/www.bankweb.com\/de\/?page_id=6399"},"modified":"2021-01-15T10:56:37","modified_gmt":"2021-01-15T10:56:37","slug":"dsl","status":"publish","type":"page","link":"https:\/\/www.bankweb.com\/de\/dsl\/","title":{"rendered":"DSL"},"content":{"rendered":"<h1 class=\"kredith1\">DSL Vergleich &#8211; Garantiert die g\u00fcnstigsten Preise<\/h1>\n<p>Ein modernes Sprichwort besagt, dass man die wahre Pers\u00f6nlichkeit eines Menschen mit einer langsamen Internetverbindung testen kann. Tats\u00e4chlich ist eine langsame Internetverbindung f\u00fcr viele eine Folter.<br \/>\n&nbsp;<\/p>\n<div style=\"width: 100%\" id=\"c24pp-dsl-iframe\" data-tid=\"bankweb_de\"><\/div>\n<p><script src=\"https:\/\/files.check24.net\/widgets\/auto\/110386\/c24pp-dsl-iframe\/dsl-iframe.js\"><\/script><br \/>\n&nbsp;<br \/>\n<center><a href=\"https:\/\/a.check24.net\/misc\/click.php?pid=110386&#038;aid=81&#038;deep=dsl-anbieterwechsel&#038;cat=4\" target=\"_blank\" rel=\"noopener noreferrer\"><img decoding=\"async\" src=\"https:\/\/a.check24.net\/misc\/view.php?pid=110386&#038;aid=81&#038;cat=4\" ><\/a><\/center><br \/>\n&nbsp;<\/p>\n<h2>Internetangebote in Deutschland<\/h2>\n<p>Nicht nur dauert das Laden von Webseiten relativ lange, auch Videos sind nur in schlechter Qualit\u00e4t und mit Unterbrechungen streambar und an die Teilnahme an Online-Spielen ist schon gar nicht zu denken.<br \/>\n&nbsp;<br \/>\n<img loading=\"lazy\" decoding=\"async\" src=\"https:\/\/www.bankweb.com\/de\/wp-content\/uploads\/2019\/03\/dsl-1-1024x723.jpg\" alt=\"DSL vergleich 2019\" width=\"580\" height=\"410\" class=\"alignnone size-large wp-image-6400\" srcset=\"https:\/\/www.bankweb.com\/de\/wp-content\/uploads\/2019\/03\/dsl-1-1024x723.jpg 1024w, https:\/\/www.bankweb.com\/de\/wp-content\/uploads\/2019\/03\/dsl-1-300x212.jpg 300w, https:\/\/www.bankweb.com\/de\/wp-content\/uploads\/2019\/03\/dsl-1-768x542.jpg 768w, https:\/\/www.bankweb.com\/de\/wp-content\/uploads\/2019\/03\/dsl-1.jpg 1920w\" sizes=\"auto, (max-width: 580px) 100vw, 580px\" \/><br \/>\n&nbsp;<br \/>\nAus diesem Grund m\u00f6chten die meisten Deutschen zu Hause eine schnelle Internetverbindung. Allerdings ist das Angebot sehr un\u00fcbersichtlich und gerade f\u00fcr Laien ist es oft sehr kompliziert, das beste Angebot zu finden. Hilfe im Angebots-Dschungel bieten Vergleichsservices, die die unterschiedlichen Anbieter mit ihren Vor- und Nachteilen auflisten.<br \/>\n&nbsp;<\/p>\n<h3>Verbindungsmethode<\/h3>\n<p>Ein Haushalt kann \u00fcber unterschiedliche Methoden an das Internet angeschlossen werden. Bevor man mit einem Vergleich der Anbieter beginnen kann, muss man sich mit den technischen Grundlagen und den Verf\u00fcgbarkeiten der verschiedenen Verbindungsmethoden vertraut machen.<br \/>\n&nbsp;<\/p>\n<h3>ADSL und VDSL<\/h3>\n<p>Die in Deutschland am weitesten verbreitete Verbindungsart ist [b]ADSL[\/b], was f\u00fcr [i]Asymmetric Digital Subscriber Line[\/i] steht. Die Technologie nutzt freie Frequenzen der Telefonleitung und erm\u00f6glicht so eine Internetverbindung mit bis zu 24 Mbit\/s.<br \/>\n&nbsp;<br \/>\nAllerdings h\u00e4ngt die Verbindungsgeschwindigkeit von der Distanz zur n\u00e4chsten Verteilerstation ab. In St\u00e4dten ist dies kein Problem, auf dem Land kann es aber vorkommen, das ADSL zwar angeboten wird, die Geschwindigkeiten aber nicht sehr hoch sind. Beim Vergleich von unterschiedlichen Anbietern sollte man dies unbedingt beachten.<br \/>\n&nbsp;<br \/>\nAls Nachfolger f\u00fcr ADSL verbreitet sich [b]VDSL[\/b], was f\u00fcr [i]Very High Speed Digital Subscriber Line[\/i] steht, immer mehr. Wie es der Name schon nahelegt, ist VDSL bedeutend schneller als ADSL. Seit 2006 setzt die Deutsche Telekom auf diese Technologie und baut das Netz immer mehr aus.<br \/>\n&nbsp;<br \/>\nDa aber auch hier die Entfernung zur n\u00e4chsten Verteilerstation von gro\u00dfer Bedeutung ist, ist diese Verbindungsmethode bisher erst in den gr\u00f6\u00dferen St\u00e4dten verf\u00fcgbar. Allerdings ist die Telekom auch auf diesem Feld nicht mehr konkurrenzlos, denn immer mehr Anbieter steigen in die Technologie ein.<br \/>\n&nbsp;<\/p>\n<h3>Kabel-Internet<\/h3>\n<p>\u00c4hnlich wie ADSL und VDSL die Telefonleitung nutzten, nutzt [b]Kabel-Internet[\/b] den Kabelfernsehanschluss. Hier sind Geschwindigkeiten von bis zu 450 Mbit pro Sekunde m\u00f6glich, allerdings wird ein existierender Anschluss vorausgesetzt. Der gr\u00f6\u00dfte Nachteil ist das geringe Angebot.<br \/>\n&nbsp;<br \/>\nIn den meisten Gebieten, in denen Kabel-Internet angeboten wird, existieren meist nur wenige Anbieter. Daher hat man beim Vergleich nicht viel Auswahl.<br \/>\n&nbsp;<\/p>\n<h4>LTE und 5G<\/h4>\n<p>Internet per Mobilfunk bietet sich immer mehr als Alternative zu klassischen Breitbandanschl\u00fcssen an. Mit Geschwindigkeiten von bis zu 1.000 Mbit pro Sekunde kann [b]LTE[\/b], auch [b]4G[\/b] genannt, locker mit einem kabelgebundenen Anschluss mithalten.<br \/>\n&nbsp;<br \/>\nAllerdings sind die mobilen Anschl\u00fcsse oft limitiert und bieten eine begrenzte Datenmenge pro Monat. Wer gro\u00dfe Mengen an Daten herunterl\u00e4dt oder Videos streamt, erreicht dieses Limit oft sehr schnell. Dies sollte beim Vergleich von Anbietern unbedingt beachtet werden, den kabelgebundene Anbietet bieten in der Regel unbegrenzte Datenmengen an.<br \/>\n&nbsp;<br \/>\n<img loading=\"lazy\" decoding=\"async\" src=\"https:\/\/www.bankweb.com\/de\/wp-content\/uploads\/2019\/03\/dsl-2-1024x683.jpg\" alt=\"dsl test\" width=\"580\" height=\"387\" class=\"alignnone size-large wp-image-6401\" srcset=\"https:\/\/www.bankweb.com\/de\/wp-content\/uploads\/2019\/03\/dsl-2-1024x683.jpg 1024w, https:\/\/www.bankweb.com\/de\/wp-content\/uploads\/2019\/03\/dsl-2-300x200.jpg 300w, https:\/\/www.bankweb.com\/de\/wp-content\/uploads\/2019\/03\/dsl-2-768x512.jpg 768w, https:\/\/www.bankweb.com\/de\/wp-content\/uploads\/2019\/03\/dsl-2.jpg 1920w\" sizes=\"auto, (max-width: 580px) 100vw, 580px\" \/><br \/>\n&nbsp;<br \/>\nAls Nachfolger f\u00fcr LTE ist zurzeit das [i]Fifth Generation Mobile Network[\/i], kurz [b]5G[\/b], im Aufbau. Dieses soll Geschwindigkeiten bis zu 20 Gbit pro Sekunde erm\u00f6glichen, ist zurzeit aber noch nicht verf\u00fcgbar. Man sollte beim Vergleich aber auch diese Option f\u00fcr die Zukunft im Hinterkopf behalten.<br \/>\n&nbsp;<\/p>\n<h4>Anbieter<\/h4>\n<p>Hat man eine beste oder die besten Verbindungsmethoden f\u00fcr das eigene Heim gefunden, kann man mit dem Vergleich der Anbieter beginnen. Webseiten machen diese Arbeit heute einfach: Man w\u00e4hlt den eigenen Wohnort und die gew\u00fcnschte Verbindungsmethode und bekommt eine automatisch generierte Auflistung aller Anbieter und Angebote.<br \/>\n&nbsp;<br \/>\nBei der Auswahl des besten Anbieters sollte man aber nicht nur auf den Preis, sondern auch auf die Verbindungsgeschwindigkeit und die inbegriffene Datenmenge achten. Nicht zuletzt lohnt es sich auch, einen Blick auf die Vertragsdauer zu werfen.<br \/>\n&nbsp;<br \/>\nWer bald umziehen m\u00f6chte, der sollte sich besser nicht f\u00fcr zwei oder mehr Jahre an einen Anbieter binden. Vertr\u00e4ge mit einer k\u00fcrzeren Laufzeit sind zwar in der Regel etwas teurer, man spart sich so aber die meist sehr hohen K\u00fcndigungsgeb\u00fchren.<\/p>\n","protected":false},"excerpt":{"rendered":"<p>DSL Vergleich &#8211; Garantiert die g\u00fcnstigsten Preise Ein modernes Sprichwort besagt, dass man die wahre Pers\u00f6nlichkeit eines Menschen mit einer langsamen Internetverbindung testen kann. Tats\u00e4chlich ist eine langsame Internetverbindung f\u00fcr viele eine Folter. &nbsp; &nbsp; &nbsp; Internetangebote in Deutschland Nicht [&hellip;]<\/p>\n","protected":false},"author":4,"featured_media":0,"parent":0,"menu_order":0,"comment_status":"closed","ping_status":"closed","template":"","meta":{"footnotes":""},"class_list":["post-6399","page","type-page","status-publish","hentry"],"yoast_head":"<!-- This site is optimized with the Yoast SEO plugin v22.6 - https:\/\/yoast.com\/wordpress\/plugins\/seo\/ -->\n<title>DSL Vergleich 2021 - der internetanbieter und Anschlussarten<\/title>\n<meta name=\"description\" content=\"K\u00f6nnen Sie ganz einfach und unverbindlich DSL-Angebote vergleichen. Jetzt g\u00fcnstiges DSL vergleichen 2021 - internetanbieter vergleich\" \/>\n<meta name=\"robots\" content=\"index, follow, max-snippet:-1, max-image-preview:large, max-video-preview:-1\" \/>\n<link rel=\"canonical\" href=\"https:\/\/www.bankweb.com\/de\/dsl\/\" \/>\n<meta name=\"twitter:card\" content=\"summary_large_image\" \/>\n<meta name=\"twitter:title\" content=\"DSL Vergleich 2021 - der internetanbieter und Anschlussarten\" \/>\n<meta name=\"twitter:description\" content=\"K\u00f6nnen Sie ganz einfach und unverbindlich DSL-Angebote vergleichen. Jetzt g\u00fcnstiges DSL vergleichen 2021 - internetanbieter vergleich\" \/>\n<meta name=\"twitter:image\" content=\"https:\/\/a.check24.net\/misc\/view.php?pid=110386&aid=81&cat=4\" \/>\n<meta name=\"twitter:label1\" content=\"Ber\u00e4knad l\u00e4stid\" \/>\n\t<meta name=\"twitter:data1\" content=\"4 minuter\" \/>\n<script type=\"application\/ld+json\" class=\"yoast-schema-graph\">{\"@context\":\"https:\/\/schema.org\",\"@graph\":[{\"@type\":\"WebPage\",\"@id\":\"https:\/\/www.bankweb.com\/de\/dsl\/\",\"url\":\"https:\/\/www.bankweb.com\/de\/dsl\/\",\"name\":\"DSL Vergleich 2021 - der internetanbieter und Anschlussarten\",\"isPartOf\":{\"@id\":\"https:\/\/www.bankweb.com\/de\/#website\"},\"primaryImageOfPage\":{\"@id\":\"https:\/\/www.bankweb.com\/de\/dsl\/#primaryimage\"},\"image\":{\"@id\":\"https:\/\/www.bankweb.com\/de\/dsl\/#primaryimage\"},\"thumbnailUrl\":\"https:\/\/a.check24.net\/misc\/view.php?pid=110386&aid=81&cat=4\",\"datePublished\":\"2019-03-13T12:21:30+00:00\",\"dateModified\":\"2021-01-15T10:56:37+00:00\",\"description\":\"K\u00f6nnen Sie ganz einfach und unverbindlich DSL-Angebote vergleichen. Jetzt g\u00fcnstiges DSL vergleichen 2021 - internetanbieter vergleich\",\"breadcrumb\":{\"@id\":\"https:\/\/www.bankweb.com\/de\/dsl\/#breadcrumb\"},\"inLanguage\":\"sv-SE\",\"potentialAction\":[{\"@type\":\"ReadAction\",\"target\":[\"https:\/\/www.bankweb.com\/de\/dsl\/\"]}]},{\"@type\":\"ImageObject\",\"inLanguage\":\"sv-SE\",\"@id\":\"https:\/\/www.bankweb.com\/de\/dsl\/#primaryimage\",\"url\":\"https:\/\/a.check24.net\/misc\/view.php?pid=110386&aid=81&cat=4\",\"contentUrl\":\"https:\/\/a.check24.net\/misc\/view.php?pid=110386&aid=81&cat=4\"},{\"@type\":\"BreadcrumbList\",\"@id\":\"https:\/\/www.bankweb.com\/de\/dsl\/#breadcrumb\",\"itemListElement\":[{\"@type\":\"ListItem\",\"position\":1,\"name\":\"Hem\",\"item\":\"https:\/\/www.bankweb.com\/de\/\"},{\"@type\":\"ListItem\",\"position\":2,\"name\":\"DSL\"}]},{\"@type\":\"WebSite\",\"@id\":\"https:\/\/www.bankweb.com\/de\/#website\",\"url\":\"https:\/\/www.bankweb.com\/de\/\",\"name\":\"Bankweb.com Germany\",\"description\":\"\",\"publisher\":{\"@id\":\"https:\/\/www.bankweb.com\/de\/#organization\"},\"potentialAction\":[{\"@type\":\"SearchAction\",\"target\":{\"@type\":\"EntryPoint\",\"urlTemplate\":\"https:\/\/www.bankweb.com\/de\/?s={search_term_string}\"},\"query-input\":\"required name=search_term_string\"}],\"inLanguage\":\"sv-SE\"},{\"@type\":\"Organization\",\"@id\":\"https:\/\/www.bankweb.com\/de\/#organization\",\"name\":\"Bankweb.com\",\"url\":\"https:\/\/www.bankweb.com\/de\/\",\"logo\":{\"@type\":\"ImageObject\",\"inLanguage\":\"sv-SE\",\"@id\":\"https:\/\/www.bankweb.com\/de\/#\/schema\/logo\/image\/\",\"url\":\"https:\/\/www.bankweb.com\/de\/wp-content\/uploads\/2019\/11\/245px_bankweb_logo.png\",\"contentUrl\":\"https:\/\/www.bankweb.com\/de\/wp-content\/uploads\/2019\/11\/245px_bankweb_logo.png\",\"width\":245,\"height\":49,\"caption\":\"Bankweb.com\"},\"image\":{\"@id\":\"https:\/\/www.bankweb.com\/de\/#\/schema\/logo\/image\/\"}}]}<\/script>\n<!-- \/ Yoast SEO plugin. -->","yoast_head_json":{"title":"DSL Vergleich 2021 - der internetanbieter und Anschlussarten","description":"K\u00f6nnen Sie ganz einfach und unverbindlich DSL-Angebote vergleichen. Jetzt g\u00fcnstiges DSL vergleichen 2021 - internetanbieter vergleich","robots":{"index":"index","follow":"follow","max-snippet":"max-snippet:-1","max-image-preview":"max-image-preview:large","max-video-preview":"max-video-preview:-1"},"canonical":"https:\/\/www.bankweb.com\/de\/dsl\/","twitter_card":"summary_large_image","twitter_title":"DSL Vergleich 2021 - der internetanbieter und Anschlussarten","twitter_description":"K\u00f6nnen Sie ganz einfach und unverbindlich DSL-Angebote vergleichen. Jetzt g\u00fcnstiges DSL vergleichen 2021 - internetanbieter vergleich","twitter_image":"https:\/\/a.check24.net\/misc\/view.php?pid=110386&aid=81&cat=4","twitter_misc":{"Ber\u00e4knad l\u00e4stid":"4 minuter"},"schema":{"@context":"https:\/\/schema.org","@graph":[{"@type":"WebPage","@id":"https:\/\/www.bankweb.com\/de\/dsl\/","url":"https:\/\/www.bankweb.com\/de\/dsl\/","name":"DSL Vergleich 2021 - der internetanbieter und Anschlussarten","isPartOf":{"@id":"https:\/\/www.bankweb.com\/de\/#website"},"primaryImageOfPage":{"@id":"https:\/\/www.bankweb.com\/de\/dsl\/#primaryimage"},"image":{"@id":"https:\/\/www.bankweb.com\/de\/dsl\/#primaryimage"},"thumbnailUrl":"https:\/\/a.check24.net\/misc\/view.php?pid=110386&aid=81&cat=4","datePublished":"2019-03-13T12:21:30+00:00","dateModified":"2021-01-15T10:56:37+00:00","description":"K\u00f6nnen Sie ganz einfach und unverbindlich DSL-Angebote vergleichen. Jetzt g\u00fcnstiges DSL vergleichen 2021 - internetanbieter vergleich","breadcrumb":{"@id":"https:\/\/www.bankweb.com\/de\/dsl\/#breadcrumb"},"inLanguage":"sv-SE","potentialAction":[{"@type":"ReadAction","target":["https:\/\/www.bankweb.com\/de\/dsl\/"]}]},{"@type":"ImageObject","inLanguage":"sv-SE","@id":"https:\/\/www.bankweb.com\/de\/dsl\/#primaryimage","url":"https:\/\/a.check24.net\/misc\/view.php?pid=110386&aid=81&cat=4","contentUrl":"https:\/\/a.check24.net\/misc\/view.php?pid=110386&aid=81&cat=4"},{"@type":"BreadcrumbList","@id":"https:\/\/www.bankweb.com\/de\/dsl\/#breadcrumb","itemListElement":[{"@type":"ListItem","position":1,"name":"Hem","item":"https:\/\/www.bankweb.com\/de\/"},{"@type":"ListItem","position":2,"name":"DSL"}]},{"@type":"WebSite","@id":"https:\/\/www.bankweb.com\/de\/#website","url":"https:\/\/www.bankweb.com\/de\/","name":"Bankweb.com Germany","description":"","publisher":{"@id":"https:\/\/www.bankweb.com\/de\/#organization"},"potentialAction":[{"@type":"SearchAction","target":{"@type":"EntryPoint","urlTemplate":"https:\/\/www.bankweb.com\/de\/?s={search_term_string}"},"query-input":"required name=search_term_string"}],"inLanguage":"sv-SE"},{"@type":"Organization","@id":"https:\/\/www.bankweb.com\/de\/#organization","name":"Bankweb.com","url":"https:\/\/www.bankweb.com\/de\/","logo":{"@type":"ImageObject","inLanguage":"sv-SE","@id":"https:\/\/www.bankweb.com\/de\/#\/schema\/logo\/image\/","url":"https:\/\/www.bankweb.com\/de\/wp-content\/uploads\/2019\/11\/245px_bankweb_logo.png","contentUrl":"https:\/\/www.bankweb.com\/de\/wp-content\/uploads\/2019\/11\/245px_bankweb_logo.png","width":245,"height":49,"caption":"Bankweb.com"},"image":{"@id":"https:\/\/www.bankweb.com\/de\/#\/schema\/logo\/image\/"}}]}},"_links":{"self":[{"href":"https:\/\/www.bankweb.com\/de\/wp-json\/wp\/v2\/pages\/6399","targetHints":{"allow":["GET"]}}],"collection":[{"href":"https:\/\/www.bankweb.com\/de\/wp-json\/wp\/v2\/pages"}],"about":[{"href":"https:\/\/www.bankweb.com\/de\/wp-json\/wp\/v2\/types\/page"}],"author":[{"embeddable":true,"href":"https:\/\/www.bankweb.com\/de\/wp-json\/wp\/v2\/users\/4"}],"replies":[{"embeddable":true,"href":"https:\/\/www.bankweb.com\/de\/wp-json\/wp\/v2\/comments?post=6399"}],"version-history":[{"count":1,"href":"https:\/\/www.bankweb.com\/de\/wp-json\/wp\/v2\/pages\/6399\/revisions"}],"predecessor-version":[{"id":6601,"href":"https:\/\/www.bankweb.com\/de\/wp-json\/wp\/v2\/pages\/6399\/revisions\/6601"}],"wp:attachment":[{"href":"https:\/\/www.bankweb.com\/de\/wp-json\/wp\/v2\/media?parent=6399"}],"curies":[{"name":"wp","href":"https:\/\/api.w.org\/{rel}","templated":true}]}}