{"id":6392,"date":"2019-03-13T12:02:26","date_gmt":"2019-03-13T12:02:26","guid":{"rendered":"https:\/\/www.bankweb.com\/de\/?page_id=6392"},"modified":"2019-03-15T09:12:29","modified_gmt":"2019-03-15T09:12:29","slug":"mietwagen","status":"publish","type":"page","link":"https:\/\/www.bankweb.com\/de\/mietwagen\/","title":{"rendered":"Mietwagen"},"content":{"rendered":"<h1 class=\"kredith1\">Mietwagen im Preisvergleich<\/h1>\n<p>In der Vergangenheit war vieles unkomplizierter. Wer zum Beispiel ein Auto mieten wollte, der suchte im Branchenbuch die n\u00e4chste Autovermietung, rief dort an und mietete ein Auto. Heute f\u00fchrt der Weg zum Mietauto in aller Regel zuerst ins Internet.<br \/>\n&nbsp;<\/p>\n<div style=\"width: 100%\" id=\"c24pp-rentalcar-iframe\" data-tid=\"Bankweb_de\"><\/div>\n<p><script src=\"https:\/\/files.check24.net\/widgets\/auto\/110386\/c24pp-rentalcar-iframe\/rentalcar-iframe.js\"><\/script><br \/>\n&nbsp;<br \/>\n<center><a href=\"https:\/\/a.check24.net\/misc\/click.php?pid=110386&#038;aid=244&#038;deep=mietwagen-preisvergleich&#038;cat=10\"  target=\"_blank\" rel=\"noopener noreferrer\"><img decoding=\"async\" src=\"https:\/\/a.check24.net\/misc\/view.php?pid=110386&#038;aid=244&#038;cat=10\" ><\/a><\/center><\/p>\n<h2>Vergleichsportale f\u00fcr Mietwagen<\/h2>\n<p>&nbsp;<br \/>\nDort findet man aber nicht nur ein oder zwei Anbieter wie im Branchenbuch, sondern gleich dutzende. Und wer sich schlussendlich f\u00fcr einen Anbieter entschieden hat, der steht schon wieder vor der Qual der Wahl: Welchen der zahlreichen Wagen soll man w\u00e4hlen?<br \/>\n&nbsp;<br \/>\nDiese riesige Auswahl muss aber kein \u00c4rgernis sein. Wer sich die Zeit nimmt, die Angebote gut zu studieren, der kann heute viel g\u00fcnstiger ein Auto mieten, das auch noch genau seinen Anspr\u00fcchen entspricht. Aber selbst wer sich die Zeit dazu nicht nehmen m\u00f6chte oder kann, der kann mit Hilfe eines Vergleichsportals von der Situation profitieren.<br \/>\n&nbsp;<br \/>\n<img loading=\"lazy\" decoding=\"async\" src=\"https:\/\/www.bankweb.com\/de\/wp-content\/uploads\/2019\/03\/Mietwagen-2-1024x685.jpg\" alt=\"mietwagen vergleich\" width=\"580\" height=\"388\" class=\"alignnone size-large wp-image-6393\" srcset=\"https:\/\/www.bankweb.com\/de\/wp-content\/uploads\/2019\/03\/Mietwagen-2-1024x685.jpg 1024w, https:\/\/www.bankweb.com\/de\/wp-content\/uploads\/2019\/03\/Mietwagen-2-300x201.jpg 300w, https:\/\/www.bankweb.com\/de\/wp-content\/uploads\/2019\/03\/Mietwagen-2-768x514.jpg 768w, https:\/\/www.bankweb.com\/de\/wp-content\/uploads\/2019\/03\/Mietwagen-2.jpg 1920w\" sizes=\"auto, (max-width: 580px) 100vw, 580px\" \/><br \/>\n&nbsp;<br \/>\nEin solches Vergleichsportal muss nur mit ein paar Angaben \u00fcber das gew\u00fcnschte Auto gef\u00fcttert werden, dazu geh\u00f6ren zum Beispiel Mietdauer, Fahrzeugklasse und Abholungs- und R\u00fcckgabeort, und schon erh\u00e4lt man einen detaillierten Vergleich der geeigneten Angebote.<br \/>\n&nbsp;<br \/>\nDiese kann man in der Regel auch noch nach verschiedenen Kriterien sortieren, so dass man nur noch das oberste Angebot aus der Liste herauspicken muss.<br \/>\n&nbsp;<br \/>\nDamit man die Vergleichsportale optimal nutzen kann, sollte man ein paar Aspekte genauer betrachten. Auf diese Aspekte wollen wir in der Folge kurz eingehen, so dass Ihnen die n\u00e4chste Mietwagenbuchung sehr leicht von der Hand geht.<br \/>\n&nbsp;<\/p>\n<h3>Fahrzeugklasse<\/h3>\n<p>Als erstes sollte man sich \u00fcberlegen, was f\u00fcr ein Fahrzeug man ben\u00f6tigt. Wichtig ist nat\u00fcrlich die Anzahl der Sitze, aber auch die Gr\u00f6\u00dfe des Autos. Ein gr\u00f6\u00dferes Auto bietet zwar meist mehr Komfort, verbraucht aber auch mehr Benzin und auch die Miete ist h\u00f6her. Weniger auf die Gr\u00f6\u00dfe kommt es an, wenn man ein Auto f\u00fcr einen besonderen Zweck mietet.<br \/>\n&nbsp;<br \/>\nM\u00f6chte man zum Beispiel durch unwegsames Gel\u00e4nde fahren, dann wird man in jedem Fall ein gel\u00e4ndeg\u00e4ngiges Fahrzeug brauchen. M\u00f6chte man das Auto f\u00fcr einen Umzug mieten, dann braucht man ein Auto mit viel Stauraum.<br \/>\n&nbsp;<br \/>\nEin wichtiges Detail bei der Fahrzeugwahl ist die Tatsache, dass f\u00fcr manche Fahrzeuge ein besonderer F\u00fchrerschein ben\u00f6tigt wird. Ein gutes Vergleichsportal erfragt aber schon bei der Suche die F\u00fchrerscheinklasse oder die Fahrzeuge, die einen speziellen F\u00fchrerschein ben\u00f6tigen, werden gesondert markiert.<br \/>\n&nbsp;<\/p>\n<h3>Abholungs- und R\u00fcckgabeort<\/h3>\n<p>Die meisten Autovermietungen bieten die M\u00f6glichkeit, das Fahrzeug an einem Ort abzuholen und es an einem anderen zur\u00fcckzugeben. Allerdings hat diese Option in der Regel einen Aufpreis, weshalb man sich genau \u00fcberlegen sollte, ob man diese Option auch wirklich braucht.<br \/>\n&nbsp;<br \/>\n<img loading=\"lazy\" decoding=\"async\" src=\"https:\/\/www.bankweb.com\/de\/wp-content\/uploads\/2019\/03\/Mietwagen-1-1024x683.jpg\" alt=\"Mietwagen \" width=\"580\" height=\"387\" class=\"alignnone size-large wp-image-6395\" srcset=\"https:\/\/www.bankweb.com\/de\/wp-content\/uploads\/2019\/03\/Mietwagen-1-1024x683.jpg 1024w, https:\/\/www.bankweb.com\/de\/wp-content\/uploads\/2019\/03\/Mietwagen-1-300x200.jpg 300w, https:\/\/www.bankweb.com\/de\/wp-content\/uploads\/2019\/03\/Mietwagen-1-768x512.jpg 768w, https:\/\/www.bankweb.com\/de\/wp-content\/uploads\/2019\/03\/Mietwagen-1.jpg 1920w\" sizes=\"auto, (max-width: 580px) 100vw, 580px\" \/><br \/>\n&nbsp;<br \/>\nBei einem guten Vergleichsportal kann man im \u00dcbrigen nicht nur den Abholungs- und R\u00fcckgabeort w\u00e4hlen, sondern auch angeben, ob Abholungs- und R\u00fcckgabeorte in der N\u00e4he mitbeachtet werden sollen. Mit dieser Option kann man in manchen F\u00e4llen sehr viel Geld sparen, denn oftmals ist die Abholung und R\u00fcckgabe an einer gr\u00f6\u00dferen Mietautozentrale um einiges g\u00fcnstiger, als wenn man das gleiche Auto bei einem kleinen Servicepunkt im Stadtzentrum abholt oder zur\u00fcckgibt.<br \/>\n&nbsp;<\/p>\n<h3>Fahrdistanz<\/h3>\n<p>Viele Vermieter von Mietautos bieten Mietpreise, die von der zur\u00fcckgelegten Distanz abh\u00e4ngen. Aus diesem Grund sollte man sich vor der Benutzung eines Vergleichsportals \u00fcberlegen, wie viele Kilometer man mit dem Mietwagen zur\u00fccklegen m\u00f6chte.<br \/>\n&nbsp;<br \/>\nWichtig ist dabei aber, dass man gro\u00dfz\u00fcgig rechnet, denn die \u00dcberschreitung der gew\u00e4hlten Kilometerzahl ist oft sehr teuer. Wer ganz auf Nummer sicher gehen m\u00f6chte, der w\u00e4hlt eine Option mit unlimitierter Fahrdistanz. Diese Option hat aber einen Aufpreis.<br \/>\n&nbsp;<\/p>\n<h4>Versicherung<\/h4>\n<p>Wer ein Auto mietet, der schlie\u00dft in der Regel auch gleich eine Versicherung ab. In der Regel handelt es sich dabei um eine Vollkaskoversicherung, mit der die meisten Sch\u00e4den am Auto, auch selbstverursachte, abgedeckt sind.<br \/>\n&nbsp;<br \/>\nEin gutes Vergleichsportal l\u00e4sst einen auch die gew\u00fcnschte Versicherungsklasse w\u00e4hlen, denn nicht alle Versicherungen werden von allen Vermietern angeboten und die Angebote unterscheiden sich in Preis und Leistung zum Teil sehr stark.<br \/>\n&nbsp;<\/p>\n","protected":false},"excerpt":{"rendered":"<p>Mietwagen im Preisvergleich In der Vergangenheit war vieles unkomplizierter. Wer zum Beispiel ein Auto mieten wollte, der suchte im Branchenbuch die n\u00e4chste Autovermietung, rief dort an und mietete ein Auto. Heute f\u00fchrt der Weg zum Mietauto in aller Regel zuerst [&hellip;]<\/p>\n","protected":false},"author":4,"featured_media":0,"parent":0,"menu_order":0,"comment_status":"closed","ping_status":"closed","template":"","meta":{"footnotes":""},"class_list":["post-6392","page","type-page","status-publish","hentry"],"yoast_head":"<!-- This site is optimized with the Yoast SEO plugin v22.6 - https:\/\/yoast.com\/wordpress\/plugins\/seo\/ -->\n<title>Mietwagen vergleich Deutschland - Billige Mietwagen im Preisvergleich<\/title>\n<meta name=\"description\" content=\"Mietwagen in Deutschland finden - Sparen sie beim Mietwagen Preisvergleich bis zu 50% und finden Sie Ihren g\u00fcnstigen Leihwagen in Deutschland\" \/>\n<meta name=\"robots\" content=\"index, follow, max-snippet:-1, max-image-preview:large, max-video-preview:-1\" \/>\n<link rel=\"canonical\" href=\"https:\/\/www.bankweb.com\/de\/mietwagen\/\" \/>\n<meta name=\"twitter:card\" content=\"summary_large_image\" \/>\n<meta name=\"twitter:title\" content=\"Mietwagen vergleich Deutschland - Billige Mietwagen im Preisvergleich\" \/>\n<meta name=\"twitter:description\" content=\"Mietwagen in Deutschland finden - Sparen sie beim Mietwagen Preisvergleich bis zu 50% und finden Sie Ihren g\u00fcnstigen Leihwagen in Deutschland\" \/>\n<meta name=\"twitter:image\" content=\"https:\/\/a.check24.net\/misc\/view.php?pid=110386&aid=244&cat=10\" \/>\n<meta name=\"twitter:label1\" content=\"Ber\u00e4knad l\u00e4stid\" \/>\n\t<meta name=\"twitter:data1\" content=\"4 minuter\" \/>\n<script type=\"application\/ld+json\" class=\"yoast-schema-graph\">{\"@context\":\"https:\/\/schema.org\",\"@graph\":[{\"@type\":\"WebPage\",\"@id\":\"https:\/\/www.bankweb.com\/de\/mietwagen\/\",\"url\":\"https:\/\/www.bankweb.com\/de\/mietwagen\/\",\"name\":\"Mietwagen vergleich Deutschland - Billige Mietwagen im Preisvergleich\",\"isPartOf\":{\"@id\":\"https:\/\/www.bankweb.com\/de\/#website\"},\"primaryImageOfPage\":{\"@id\":\"https:\/\/www.bankweb.com\/de\/mietwagen\/#primaryimage\"},\"image\":{\"@id\":\"https:\/\/www.bankweb.com\/de\/mietwagen\/#primaryimage\"},\"thumbnailUrl\":\"https:\/\/a.check24.net\/misc\/view.php?pid=110386&aid=244&cat=10\",\"datePublished\":\"2019-03-13T12:02:26+00:00\",\"dateModified\":\"2019-03-15T09:12:29+00:00\",\"description\":\"Mietwagen in Deutschland finden - Sparen sie beim Mietwagen Preisvergleich bis zu 50% und finden Sie Ihren g\u00fcnstigen Leihwagen in Deutschland\",\"breadcrumb\":{\"@id\":\"https:\/\/www.bankweb.com\/de\/mietwagen\/#breadcrumb\"},\"inLanguage\":\"sv-SE\",\"potentialAction\":[{\"@type\":\"ReadAction\",\"target\":[\"https:\/\/www.bankweb.com\/de\/mietwagen\/\"]}]},{\"@type\":\"ImageObject\",\"inLanguage\":\"sv-SE\",\"@id\":\"https:\/\/www.bankweb.com\/de\/mietwagen\/#primaryimage\",\"url\":\"https:\/\/a.check24.net\/misc\/view.php?pid=110386&aid=244&cat=10\",\"contentUrl\":\"https:\/\/a.check24.net\/misc\/view.php?pid=110386&aid=244&cat=10\"},{\"@type\":\"BreadcrumbList\",\"@id\":\"https:\/\/www.bankweb.com\/de\/mietwagen\/#breadcrumb\",\"itemListElement\":[{\"@type\":\"ListItem\",\"position\":1,\"name\":\"Hem\",\"item\":\"https:\/\/www.bankweb.com\/de\/\"},{\"@type\":\"ListItem\",\"position\":2,\"name\":\"Mietwagen\"}]},{\"@type\":\"WebSite\",\"@id\":\"https:\/\/www.bankweb.com\/de\/#website\",\"url\":\"https:\/\/www.bankweb.com\/de\/\",\"name\":\"Bankweb.com Germany\",\"description\":\"\",\"publisher\":{\"@id\":\"https:\/\/www.bankweb.com\/de\/#organization\"},\"potentialAction\":[{\"@type\":\"SearchAction\",\"target\":{\"@type\":\"EntryPoint\",\"urlTemplate\":\"https:\/\/www.bankweb.com\/de\/?s={search_term_string}\"},\"query-input\":\"required name=search_term_string\"}],\"inLanguage\":\"sv-SE\"},{\"@type\":\"Organization\",\"@id\":\"https:\/\/www.bankweb.com\/de\/#organization\",\"name\":\"Bankweb.com\",\"url\":\"https:\/\/www.bankweb.com\/de\/\",\"logo\":{\"@type\":\"ImageObject\",\"inLanguage\":\"sv-SE\",\"@id\":\"https:\/\/www.bankweb.com\/de\/#\/schema\/logo\/image\/\",\"url\":\"https:\/\/www.bankweb.com\/de\/wp-content\/uploads\/2019\/11\/245px_bankweb_logo.png\",\"contentUrl\":\"https:\/\/www.bankweb.com\/de\/wp-content\/uploads\/2019\/11\/245px_bankweb_logo.png\",\"width\":245,\"height\":49,\"caption\":\"Bankweb.com\"},\"image\":{\"@id\":\"https:\/\/www.bankweb.com\/de\/#\/schema\/logo\/image\/\"}}]}<\/script>\n<!-- \/ Yoast SEO plugin. -->","yoast_head_json":{"title":"Mietwagen vergleich Deutschland - Billige Mietwagen im Preisvergleich","description":"Mietwagen in Deutschland finden - Sparen sie beim Mietwagen Preisvergleich bis zu 50% und finden Sie Ihren g\u00fcnstigen Leihwagen in Deutschland","robots":{"index":"index","follow":"follow","max-snippet":"max-snippet:-1","max-image-preview":"max-image-preview:large","max-video-preview":"max-video-preview:-1"},"canonical":"https:\/\/www.bankweb.com\/de\/mietwagen\/","twitter_card":"summary_large_image","twitter_title":"Mietwagen vergleich Deutschland - Billige Mietwagen im Preisvergleich","twitter_description":"Mietwagen in Deutschland finden - Sparen sie beim Mietwagen Preisvergleich bis zu 50% und finden Sie Ihren g\u00fcnstigen Leihwagen in Deutschland","twitter_image":"https:\/\/a.check24.net\/misc\/view.php?pid=110386&aid=244&cat=10","twitter_misc":{"Ber\u00e4knad l\u00e4stid":"4 minuter"},"schema":{"@context":"https:\/\/schema.org","@graph":[{"@type":"WebPage","@id":"https:\/\/www.bankweb.com\/de\/mietwagen\/","url":"https:\/\/www.bankweb.com\/de\/mietwagen\/","name":"Mietwagen vergleich Deutschland - Billige Mietwagen im Preisvergleich","isPartOf":{"@id":"https:\/\/www.bankweb.com\/de\/#website"},"primaryImageOfPage":{"@id":"https:\/\/www.bankweb.com\/de\/mietwagen\/#primaryimage"},"image":{"@id":"https:\/\/www.bankweb.com\/de\/mietwagen\/#primaryimage"},"thumbnailUrl":"https:\/\/a.check24.net\/misc\/view.php?pid=110386&aid=244&cat=10","datePublished":"2019-03-13T12:02:26+00:00","dateModified":"2019-03-15T09:12:29+00:00","description":"Mietwagen in Deutschland finden - Sparen sie beim Mietwagen Preisvergleich bis zu 50% und finden Sie Ihren g\u00fcnstigen Leihwagen in Deutschland","breadcrumb":{"@id":"https:\/\/www.bankweb.com\/de\/mietwagen\/#breadcrumb"},"inLanguage":"sv-SE","potentialAction":[{"@type":"ReadAction","target":["https:\/\/www.bankweb.com\/de\/mietwagen\/"]}]},{"@type":"ImageObject","inLanguage":"sv-SE","@id":"https:\/\/www.bankweb.com\/de\/mietwagen\/#primaryimage","url":"https:\/\/a.check24.net\/misc\/view.php?pid=110386&aid=244&cat=10","contentUrl":"https:\/\/a.check24.net\/misc\/view.php?pid=110386&aid=244&cat=10"},{"@type":"BreadcrumbList","@id":"https:\/\/www.bankweb.com\/de\/mietwagen\/#breadcrumb","itemListElement":[{"@type":"ListItem","position":1,"name":"Hem","item":"https:\/\/www.bankweb.com\/de\/"},{"@type":"ListItem","position":2,"name":"Mietwagen"}]},{"@type":"WebSite","@id":"https:\/\/www.bankweb.com\/de\/#website","url":"https:\/\/www.bankweb.com\/de\/","name":"Bankweb.com Germany","description":"","publisher":{"@id":"https:\/\/www.bankweb.com\/de\/#organization"},"potentialAction":[{"@type":"SearchAction","target":{"@type":"EntryPoint","urlTemplate":"https:\/\/www.bankweb.com\/de\/?s={search_term_string}"},"query-input":"required name=search_term_string"}],"inLanguage":"sv-SE"},{"@type":"Organization","@id":"https:\/\/www.bankweb.com\/de\/#organization","name":"Bankweb.com","url":"https:\/\/www.bankweb.com\/de\/","logo":{"@type":"ImageObject","inLanguage":"sv-SE","@id":"https:\/\/www.bankweb.com\/de\/#\/schema\/logo\/image\/","url":"https:\/\/www.bankweb.com\/de\/wp-content\/uploads\/2019\/11\/245px_bankweb_logo.png","contentUrl":"https:\/\/www.bankweb.com\/de\/wp-content\/uploads\/2019\/11\/245px_bankweb_logo.png","width":245,"height":49,"caption":"Bankweb.com"},"image":{"@id":"https:\/\/www.bankweb.com\/de\/#\/schema\/logo\/image\/"}}]}},"_links":{"self":[{"href":"https:\/\/www.bankweb.com\/de\/wp-json\/wp\/v2\/pages\/6392","targetHints":{"allow":["GET"]}}],"collection":[{"href":"https:\/\/www.bankweb.com\/de\/wp-json\/wp\/v2\/pages"}],"about":[{"href":"https:\/\/www.bankweb.com\/de\/wp-json\/wp\/v2\/types\/page"}],"author":[{"embeddable":true,"href":"https:\/\/www.bankweb.com\/de\/wp-json\/wp\/v2\/users\/4"}],"replies":[{"embeddable":true,"href":"https:\/\/www.bankweb.com\/de\/wp-json\/wp\/v2\/comments?post=6392"}],"version-history":[{"count":0,"href":"https:\/\/www.bankweb.com\/de\/wp-json\/wp\/v2\/pages\/6392\/revisions"}],"wp:attachment":[{"href":"https:\/\/www.bankweb.com\/de\/wp-json\/wp\/v2\/media?parent=6392"}],"curies":[{"name":"wp","href":"https:\/\/api.w.org\/{rel}","templated":true}]}}