{"id":6354,"date":"2019-03-11T08:27:02","date_gmt":"2019-03-11T08:27:02","guid":{"rendered":"https:\/\/www.bankweb.com\/de\/?page_id=6354"},"modified":"2019-10-18T09:26:33","modified_gmt":"2019-10-18T09:26:33","slug":"factoring","status":"publish","type":"page","link":"https:\/\/www.bankweb.com\/de\/factoring\/","title":{"rendered":"Factoring"},"content":{"rendered":"<h1 class=\"kredith1\">Factoring vergleich anbieter in Deutschland<\/h1>\n<p>Factoring ist eine relativ unkomplizierte M\u00f6glichkeit, die Liquidit\u00e4t eines Unternehmens zu steigern. Dadurch ergeben sich verschiedene Vorteile, weshalb immer mehr Firmen von dieser Chance Gebrauch machen.<br \/>\n&nbsp;<\/p>\n<div class=\"grid01 grid003 grid009\">\n<div class=\"th1-row\">\n<div class=\"th01 th00028   img1 l\"><span><b><img decoding=\"async\" alt=\"\" src=\"\/de\/bilder\/infoknapporg1.png\" title=\"Unternehmen\"><\/b>Unternehmen<\/span><\/div>\n<div class=\"th01 th0068 l\"><span><b><img decoding=\"async\" alt=\"\" src=\"\/de\/bilder\/infoknapporg1.png\" title=\"Information\"><\/b>Information<\/span><\/div>\n<div class=\"th01 th0048 l\"><span><b><img decoding=\"async\" alt=\"\" src=\"\/de\/bilder\/infoknapporg1.png\" title=\"Vorteil\"><\/b>Vorteil<\/span><\/div>\n<div class=\"th01 th0058 img02 l\"><span><b><img decoding=\"async\" alt=\"\" src=\"\/de\/bilder\/infoknapporg1.png\" title=\"zum Anbieter\"><\/b>zum Anbieter<\/span><\/div>\n<div class=\"c\"><\/div>\n<\/div>\n<div class=\"td1-row\">\n<div class=\"td01 th00028  img1 l\">\n        <span><b><img decoding=\"async\" title=\"L\u00e5nef\u00f6retag\" src=\"\/de\/bilder\/infoknapporg1.png\" alt=\"\"><\/b>F\u00f6retag <\/span><br \/>\n        <img loading=\"lazy\" decoding=\"async\" src=\"https:\/\/www.bankweb.com\/de\/wp-content\/uploads\/2019\/10\/rechnung.de_.png\" alt=\"Rechnung,de\" width=\"189\" height=\"41\" class=\"alignnone size-full wp-image-6520\" \/><\/p><\/div>\n<div class=\"td01 th0068 l\">\n         <span><b><img decoding=\"async\" title=\"Max och minimi belopp att l\u00e5na\" src=\"\/de\/bilder\/infoknapporg1.png\" alt=\"\"><\/b> <\/span><\/p>\n<div class=\"betalmob\"><img decoding=\"async\" src=\"\/de\/bilder\/kreditbock.png\" style=\"padding-right: 5px;\">G\u00fcnstige Einmalgeb\u00fchr ab 0,5%<\/div>\n<div class=\"betalmob\"><img decoding=\"async\" src=\"\/de\/bilder\/kreditbock.png\" style=\"padding-right: 5px;\">\u00dcberweisung in 24h<\/div>\n<div class=\"betalmob\"><img decoding=\"async\" src=\"\/de\/bilder\/kreditbock.png\" style=\"padding-right: 5px;\">Inklusive Ausfallschutz und Mahnwesen<\/div>\n<\/p><\/div>\n<div class=\"td01 th0048 l\">\n        <span><b><img decoding=\"async\" title=\"Den effektiva r\u00e4ntan\" src=\"\/de\/bilder\/infoknapporg1.png\" alt=\"\"><\/b><\/span><br \/>\n        <font color=\"#DF3A01\">100% kostenfreie zahlung ihrer ersten rechnung.<\/font>\n    <\/div>\n<div class=\"td01 th0058 img02 l\"><span><b><img decoding=\"async\" title=\"\" src=\"\/de\/bilder\/infoknapporg1.png\" alt=\"\"><\/b>Ans\u00f6k<\/span><\/p>\n<form method=\"post\" action=\"\/de\/wp-content\/themes\/zeemagazine\/affiliate_form.php\" target=\"_blank\">\n         <input type=\"hidden\" name=\"bank\" value=\"decimofactoring\"><br \/>\n         <input type=\"image\" style=\"background: url(\/de\/bilder\/button_weiter1.png) no-repeat center top #41a801;width: 100%;height: 40px;\" name=\"bt-green\" alt=\"\"><br \/>\n        <\/form>\n<\/p><\/div>\n<div class=\"c\"><\/div>\n<\/p><\/div>\n<div class=\"td1-row\">\n<div class=\"td01 th00028  img1 l\">\n        <span><b><img decoding=\"async\" title=\"L\u00e5nef\u00f6retag\" src=\"\/de\/bilder\/infoknapporg1.png\" alt=\"\"><\/b>F\u00f6retag <\/span><br \/>\n        <img loading=\"lazy\" decoding=\"async\" src=\"https:\/\/www.bankweb.com\/de\/wp-content\/uploads\/2018\/04\/rsz_compeon.png\" alt=\"\" width=\"200\" height=\"55\" class=\"alignnone size-full wp-image-5737\" \/><\/p><\/div>\n<div class=\"td01 th0068 l\">\n         <span><b><img decoding=\"async\" title=\"Max och minimi belopp att l\u00e5na\" src=\"\/de\/bilder\/infoknapporg1.png\" alt=\"\"><\/b> <\/span><\/p>\n<div class=\"betalmob\"><img decoding=\"async\" src=\"\/de\/bilder\/kreditbock.png\" style=\"padding-right: 5px;\">25 Factoring unternehmen erreichen<\/div>\n<div class=\"betalmob\"><img decoding=\"async\" src=\"\/de\/bilder\/kreditbock.png\" style=\"padding-right: 5px;\">Datensicherheit und diskretion<\/div>\n<div class=\"betalmob\"><img decoding=\"async\" src=\"\/de\/bilder\/kreditbock.png\" style=\"padding-right: 5px;\">holt individuelle factoringangebote ein<\/div>\n<\/p><\/div>\n<div class=\"td01 th0048 l\">\n        <span><b><img decoding=\"async\" title=\"Den effektiva r\u00e4ntan\" src=\"\/de\/bilder\/infoknapporg1.png\" alt=\"\"><\/b><\/span><br \/>\n        <font color=\"#DF3A01\">Nur wenige Minuten investieren und komfortabel \u00fcber 25 Factoring Unternehmen erreichen.<\/font>\n    <\/div>\n<div class=\"td01 th0058 img02 l\"><span><b><img decoding=\"async\" title=\"\" src=\"\/de\/bilder\/infoknapporg1.png\" alt=\"\"><\/b>Ans\u00f6k<\/span><\/p>\n<form method=\"post\" action=\"\/de\/wp-content\/themes\/zeemagazine\/affiliate_form.php\" target=\"_blank\">\n         <input type=\"hidden\" name=\"bank\" value=\"compeonfactoring\"><br \/>\n         <input type=\"image\" style=\"background: url(\/de\/bilder\/button_weiter1.png) no-repeat center top #41a801;width: 100%;height: 40px;\" name=\"bt-green\" alt=\"\"><br \/>\n        <\/form>\n<\/p><\/div>\n<div class=\"c\"><\/div>\n<\/p><\/div>\n<div class=\"td1-row\">\n<div class=\"td01 th00028  img1 l\">\n        <span><b><img decoding=\"async\" title=\"L\u00e5nef\u00f6retag\" src=\"\/de\/bilder\/infoknapporg1.png\" alt=\"\"><\/b>F\u00f6retag <\/span><br \/>\n        <img loading=\"lazy\" decoding=\"async\" src=\"https:\/\/www.bankweb.com\/de\/wp-content\/uploads\/2019\/03\/advanon-1.jpg\" alt=\"Advanon factoring\" width=\"180\" height=\"49\" class=\"alignnone size-full wp-image-6368\" \/><\/p><\/div>\n<div class=\"td01 th0068 l\">\n         <span><b><img decoding=\"async\" title=\"Max och minimi belopp att l\u00e5na\" src=\"\/de\/bilder\/infoknapporg1.png\" alt=\"\"><\/b> <\/span><\/p>\n<div class=\"betalmob\"><img decoding=\"async\" src=\"\/de\/bilder\/kreditbock.png\" style=\"padding-right: 5px;\">Mindestrechnungsbetrag 1000 \u20ac<\/div>\n<div class=\"betalmob\"><img decoding=\"async\" src=\"\/de\/bilder\/kreditbock.png\" style=\"padding-right: 5px;\">Registrierung im handelsregister der Deutschland<\/div>\n<div class=\"betalmob\"><img decoding=\"async\" src=\"\/de\/bilder\/kreditbock.png\" style=\"padding-right: 5px;\">Profitieren Sie von einer online rechnungsfinanzierung<\/div>\n<\/p><\/div>\n<div class=\"td01 th0048 l\">\n        <span><b><img decoding=\"async\" title=\"Den effektiva r\u00e4ntan\" src=\"\/de\/bilder\/infoknapporg1.png\" alt=\"\"><\/b><\/span><br \/>\n        <font color=\"#DF3A01\">Sie entscheiden, wie viele Rechnungen sie verkaufen wollen &#8211; Sie entscheiden, wie viel Sie daf\u00fcr bezahlen wollen.<\/font>\n    <\/div>\n<div class=\"td01 th0058 img02 l\"><span><b><img decoding=\"async\" title=\"\" src=\"\/de\/bilder\/infoknapporg1.png\" alt=\"\"><\/b>Ans\u00f6k<\/span><\/p>\n<form method=\"post\" action=\"\/de\/wp-content\/themes\/zeemagazine\/affiliate_form.php\" target=\"_blank\">\n         <input type=\"hidden\" name=\"bank\" value=\"advanonfactoring\"><br \/>\n         <input type=\"image\" style=\"background: url(\/de\/bilder\/button_weiter1.png) no-repeat center top #41a801;width: 100%;height: 40px;\" name=\"bt-green\" alt=\"\"><br \/>\n        <\/form>\n<\/p><\/div>\n<div class=\"c\"><\/div>\n<\/p><\/div>\n<div class=\"td1-row\">\n<div class=\"td01 th00028  img1 l\">\n        <span><b><img decoding=\"async\" title=\"L\u00e5nef\u00f6retag\" src=\"\/de\/bilder\/infoknapporg1.png\" alt=\"\"><\/b>F\u00f6retag <\/span><br \/>\n        <img loading=\"lazy\" decoding=\"async\" src=\"https:\/\/www.bankweb.com\/de\/wp-content\/uploads\/2018\/04\/rsz_flexpayment-logo.png\" alt=\"Flex payment\" width=\"200\" height=\"93\" class=\"alignnone size-full wp-image-5742\" \/><\/p><\/div>\n<div class=\"td01 th0068 l\">\n         <span><b><img decoding=\"async\" title=\"Max och minimi belopp att l\u00e5na\" src=\"\/de\/bilder\/infoknapporg1.png\" alt=\"\"><\/b> <\/span><\/p>\n<div class=\"betalmob\"><img decoding=\"async\" src=\"\/de\/bilder\/kreditbock.png\" style=\"padding-right: 5px;\">Einmalige geb\u00fchr liegt zwischen 1,95% und 3,95% <\/div>\n<div class=\"betalmob\"><img decoding=\"async\" src=\"\/de\/bilder\/kreditbock.png\" style=\"padding-right: 5px;\">Kein mindestumsatz<\/div>\n<div class=\"betalmob\"><img decoding=\"async\" src=\"\/de\/bilder\/kreditbock.png\" style=\"padding-right: 5px;\">Keine vertragsbindung<\/div>\n<\/p><\/div>\n<div class=\"td01 th0048 l\">\n        <span><b><img decoding=\"async\" title=\"Den effektiva r\u00e4ntan\" src=\"\/de\/bilder\/infoknapporg1.png\" alt=\"\"><\/b><\/span><br \/>\n        <font color=\"#DF3A01\">Die flexible Finanzl\u00f6sung f\u00fcr Unternehmen und Selbstst\u00e4ndige.<\/font>\n    <\/div>\n<div class=\"td01 th0058 img02 l\"><span><b><img decoding=\"async\" title=\"\" src=\"\/de\/bilder\/infoknapporg1.png\" alt=\"\"><\/b>Ans\u00f6k<\/span><\/p><\/div>\n<div class=\"c\"><\/div>\n<\/p><\/div>\n<\/div>\n<p>&nbsp;<br \/>\nDurch den Verkauf von Zahlungsforderungen an Banken oder an auf Factoring spezialisierte Dienstleister wird au\u00dferdem das Risiko von Zahlungsverz\u00f6gerungen und Zahlungsausf\u00e4llen eliminiert. Die Abwicklung des Forderungsmanagement und gegebenenfalls eines Inkasso-Verfahrens wird in der Regel ebenfalls ausgelagert, so dass sich der Aufwand f\u00fcr das Unternehmen verringert.<br \/>\n&nbsp;<\/p>\n<h2>Verz\u00f6gerte oder ausbleibende Zahlungen stellen ein hohes Risiko dar<\/h2>\n<p>Zahlt ein Kunde seine Rechnungen nicht, so bedeutet dies f\u00fcr Unternehmen eine Reduzierung ihrer Liquidit\u00e4t. Leider ist die Zahlungsmoral in Deutschland relativ schlecht: Ein gro\u00dfer Teil der Kunden zahlt ihre Rechnungen versp\u00e4tet oder erst nach einer oder mehreren Mahnungen.<br \/>\n&nbsp;<br \/>\nEin kleiner Teil der offenen Rechnungen kann am Ende gar nicht beglichen werden, da beispielsweise auf Grund einer Insolvenz die finanziellen Mittel nicht vorhanden sind.<br \/>\n&nbsp;<br \/>\nF\u00fcr den Zahlungsempf\u00e4nger bedeutet dieses Verhalten ein Risiko, denn schlie\u00dflich ist er auf das Geld angewiesen, beispielsweise um neue Ware einzukaufen.<br \/>\n&nbsp;<br \/>\n<img loading=\"lazy\" decoding=\"async\" src=\"https:\/\/www.bankweb.com\/de\/wp-content\/uploads\/2019\/03\/factoring-2-1024x683.jpg\" alt=\"factoring anbieter\" width=\"580\" height=\"387\" class=\"alignnone size-large wp-image-6356\" srcset=\"https:\/\/www.bankweb.com\/de\/wp-content\/uploads\/2019\/03\/factoring-2-1024x683.jpg 1024w, https:\/\/www.bankweb.com\/de\/wp-content\/uploads\/2019\/03\/factoring-2-300x200.jpg 300w, https:\/\/www.bankweb.com\/de\/wp-content\/uploads\/2019\/03\/factoring-2-768x512.jpg 768w, https:\/\/www.bankweb.com\/de\/wp-content\/uploads\/2019\/03\/factoring-2.jpg 1920w\" sizes=\"auto, (max-width: 580px) 100vw, 580px\" \/><br \/>\n&nbsp;<br \/>\nIm schlimmsten Fall kann das Ausbleiben von Zahlungen dazu f\u00fchren, dass einem Unternehmen nicht mehr ausreichend finanzielle Mittel zur Verf\u00fcgung hat um seinerseits offene Forderungen von Lieferanten zu begleichen und Insolvenz anmelden muss.<br \/>\n&nbsp;<\/p>\n<h3>Durch Factoring sofort Geld erhalten<\/h3>\n<p>Beim Factoring verkauft ein Unternehmen seine Zahlungsforderungen an den sogenannten Factor. Dieser zahlt den geforderten Betrag, abz\u00fcglich einer Geb\u00fchr, sofort aus, so dass der Factoring-Kunde direkt \u00fcber sein Geld verf\u00fcgen kann. Er muss nicht erst abwarten, bis sein eigentlicher Kunde seine Rechnung bezahlt.<br \/>\n&nbsp;<br \/>\nDas Risiko einer Zahlungsverz\u00f6gerung oder einer Nichtzahlung wird auf den Factor \u00fcbertragen. Unternehmen k\u00f6nnen so besser planen und haben im Endeffekt mehr Geld zum Wirtschaften zur Verf\u00fcgung.<br \/>\n&nbsp;<\/p>\n<h3>Factoring beinhaltet weitere Dienstleistungen<\/h3>\n<p>Der Verkauf der Zahlungsforderungen an einen Factor bietet nicht nur den Vorteil, dass der vom Kunden geforderte Betrag dem Unternehmen wesentlich schneller zur Verf\u00fcgung steht. Zum Factoring geh\u00f6ren auch weitere Dienstleistungen, welche den administrativen Aufwand f\u00fcr den Factoring-Kunden deutlich verringern.<br \/>\n&nbsp;<br \/>\nDer Factor \u00fcbernimmt mit der Zahlungsforderung auch die Debitorenbuchhaltung und, im Fall von ausbleibenden Zahlungen, das Forderungsmanagement. Ist ein Inkasso-Verfahren erforderlich, so wird dies ebenfalls vom Factor durchgef\u00fchrt.<br \/>\n&nbsp;<br \/>\nSomit k\u00f6nnen Unternehmen ihre Buchhaltung und die Verwaltung ihrer Forderungen durch Factoring deutlich vereinfachen. Mit dem Verkauf der Forderung an den Factor ist die Bilanz quasi abgeschlossen.<br \/>\n&nbsp;<\/p>\n<h4>Bessere Kreditw\u00fcrdigkeit durch Factoring<\/h4>\n<p>Durch Factoring steigt nicht nur die Liquidit\u00e4t von Unternehmen. Oftmals k\u00f6nnen <a href=\"https:\/\/www.bankweb.com\/de\/firmenkredite\/\">Firmen<\/a> auch von einer h\u00f6heren Kreditw\u00fcrdigkeit profitieren und erhalten bei Banken bessere Konditionen.<br \/>\n&nbsp;<br \/>\nDas liegt daran, dass durch das schneller und zuverl\u00e4ssiger verf\u00fcgbare Geld Kredite verl\u00e4sslicher zur\u00fcckgezahlt werden k\u00f6nnen als wenn das Unternehmen auf eine rechtzeitige Zahlung seiner Kunden angewiesen w\u00e4re.<br \/>\n&nbsp;<br \/>\nKann eine Firma durch Factoring einen Kredit erhalten, welcher ohne dieses nicht bewilligt worden w\u00e4re, so er\u00f6ffnet dies zus\u00e4tzliche finanzielle M\u00f6glichkeiten und kann wesentlich zum Erfolg des Unternehmens beitragen.<br \/>\n&nbsp;<br \/>\n<img loading=\"lazy\" decoding=\"async\" src=\"https:\/\/www.bankweb.com\/de\/wp-content\/uploads\/2019\/03\/factoring-1-1024x683.jpg\" alt=\"Factoring vergleich\" width=\"580\" height=\"387\" class=\"alignnone size-large wp-image-6357\" srcset=\"https:\/\/www.bankweb.com\/de\/wp-content\/uploads\/2019\/03\/factoring-1-1024x683.jpg 1024w, https:\/\/www.bankweb.com\/de\/wp-content\/uploads\/2019\/03\/factoring-1-300x200.jpg 300w, https:\/\/www.bankweb.com\/de\/wp-content\/uploads\/2019\/03\/factoring-1-768x512.jpg 768w, https:\/\/www.bankweb.com\/de\/wp-content\/uploads\/2019\/03\/factoring-1.jpg 1920w\" sizes=\"auto, (max-width: 580px) 100vw, 580px\" \/><br \/>\n&nbsp;<\/p>\n<h4>Kosten vergleichen und besten Factoring-Anbieter finden<\/h4>\n<p>Da die Nachfrage nach Factoring stark angestiegen ist, nimmt auch die Zahl der Anbieter zu. Bevor ein Vertrag geschlossen wird sollten daher die Konditionen gut verglichen werden, denn die Kosten k\u00f6nnen sich zum Teil deutlich unterscheiden.<br \/>\n&nbsp;<br \/>\nIst der am besten geeignete Factoring-Anbieter gefunden, so sollte abschlie\u00dfend noch einmal durchgerechnet werden, ob die entstehenden Geb\u00fchren durch den Nutzen des Factorings gerechtfertigt sind. Ist dies der Fall, so steht dem Abschluss eines Vertrages nichts mehr im Wege.<br \/>\n&nbsp;<\/p>\n<h4>Fazit: Die Fakten zum Factoring in der Zusammenfassung<\/h4>\n<p>Factoring bietet vielf\u00e4ltige Chancen f\u00fcr Unternehmen und sch\u00fctzt vor Problemen, welche durch Zahlungsverz\u00f6gerungen und -ausf\u00e4llen entstehen w\u00fcrden. Durch die gesteigerte Liquidit\u00e4t k\u00f6nnen direkt neue Investitionen get\u00e4tigt werden, was zum Wachstum des Unternehmens beitr\u00e4gt und f\u00fcr einen besseren Profit sorgen kann.<br \/>\n&nbsp;<br \/>\nEin weiterer Vorteil ist die Verk\u00fcrzung der Bilanz und damit der reduzierte Verwaltungsaufwand, denn die Debitorenbuchhaltung, das Mahnwesen und m\u00f6gliche Inkassoverfahren sind Aufgabe des Factors. Durch einen ausf\u00fchrlichen Vergleich kann der Factoring-Anbieter gefunden werden, welcher dem jeweiligen Unternehmen die besten Konditionen bietet.<\/p>\n","protected":false},"excerpt":{"rendered":"<p>Factoring vergleich anbieter in Deutschland Factoring ist eine relativ unkomplizierte M\u00f6glichkeit, die Liquidit\u00e4t eines Unternehmens zu steigern. Dadurch ergeben sich verschiedene Vorteile, weshalb immer mehr Firmen von dieser Chance Gebrauch machen. &nbsp; Unternehmen Information Vorteil zum Anbieter F\u00f6retag G\u00fcnstige Einmalgeb\u00fchr [&hellip;]<\/p>\n","protected":false},"author":4,"featured_media":0,"parent":0,"menu_order":0,"comment_status":"closed","ping_status":"closed","template":"","meta":{"footnotes":""},"class_list":["post-6354","page","type-page","status-publish","hentry"],"yoast_head":"<!-- This site is optimized with the Yoast SEO plugin v22.6 - https:\/\/yoast.com\/wordpress\/plugins\/seo\/ -->\n<title>Factoring in Deutschland - Anbieter und Konditionen im Vergleich 2019<\/title>\n<meta name=\"description\" content=\"Factoring Anbieter Vergleich Deutschland. Wir zeigen dir, welcher Factoring Anbieter sich am besten f\u00fcr dein Unternehmen eignet und was du bei der Auswahl beachten solltest.\" \/>\n<meta name=\"robots\" content=\"index, follow, max-snippet:-1, max-image-preview:large, max-video-preview:-1\" \/>\n<link rel=\"canonical\" href=\"https:\/\/www.bankweb.com\/de\/factoring\/\" \/>\n<meta name=\"twitter:card\" content=\"summary_large_image\" \/>\n<meta name=\"twitter:title\" content=\"Factoring in Deutschland - Anbieter und Konditionen im Vergleich 2019\" \/>\n<meta name=\"twitter:description\" content=\"Factoring Anbieter Vergleich Deutschland. Wir zeigen dir, welcher Factoring Anbieter sich am besten f\u00fcr dein Unternehmen eignet und was du bei der Auswahl beachten solltest.\" \/>\n<meta name=\"twitter:image\" content=\"https:\/\/www.bankweb.com\/de\/bilder\/infoknapporg1.png\" \/>\n<meta name=\"twitter:label1\" content=\"Ber\u00e4knad l\u00e4stid\" \/>\n\t<meta name=\"twitter:data1\" content=\"4 minuter\" \/>\n<script type=\"application\/ld+json\" class=\"yoast-schema-graph\">{\"@context\":\"https:\/\/schema.org\",\"@graph\":[{\"@type\":\"WebPage\",\"@id\":\"https:\/\/www.bankweb.com\/de\/factoring\/\",\"url\":\"https:\/\/www.bankweb.com\/de\/factoring\/\",\"name\":\"Factoring in Deutschland - Anbieter und Konditionen im Vergleich 2019\",\"isPartOf\":{\"@id\":\"https:\/\/www.bankweb.com\/de\/#website\"},\"primaryImageOfPage\":{\"@id\":\"https:\/\/www.bankweb.com\/de\/factoring\/#primaryimage\"},\"image\":{\"@id\":\"https:\/\/www.bankweb.com\/de\/factoring\/#primaryimage\"},\"thumbnailUrl\":\"https:\/\/www.bankweb.com\/de\/wp-content\/uploads\/2019\/10\/rechnung.de_.png\",\"datePublished\":\"2019-03-11T08:27:02+00:00\",\"dateModified\":\"2019-10-18T09:26:33+00:00\",\"description\":\"Factoring Anbieter Vergleich Deutschland. Wir zeigen dir, welcher Factoring Anbieter sich am besten f\u00fcr dein Unternehmen eignet und was du bei der Auswahl beachten solltest.\",\"breadcrumb\":{\"@id\":\"https:\/\/www.bankweb.com\/de\/factoring\/#breadcrumb\"},\"inLanguage\":\"sv-SE\",\"potentialAction\":[{\"@type\":\"ReadAction\",\"target\":[\"https:\/\/www.bankweb.com\/de\/factoring\/\"]}]},{\"@type\":\"ImageObject\",\"inLanguage\":\"sv-SE\",\"@id\":\"https:\/\/www.bankweb.com\/de\/factoring\/#primaryimage\",\"url\":\"https:\/\/www.bankweb.com\/de\/wp-content\/uploads\/2019\/10\/rechnung.de_.png\",\"contentUrl\":\"https:\/\/www.bankweb.com\/de\/wp-content\/uploads\/2019\/10\/rechnung.de_.png\",\"width\":189,\"height\":41,\"caption\":\"Rechnung,de\"},{\"@type\":\"BreadcrumbList\",\"@id\":\"https:\/\/www.bankweb.com\/de\/factoring\/#breadcrumb\",\"itemListElement\":[{\"@type\":\"ListItem\",\"position\":1,\"name\":\"Hem\",\"item\":\"https:\/\/www.bankweb.com\/de\/\"},{\"@type\":\"ListItem\",\"position\":2,\"name\":\"Factoring\"}]},{\"@type\":\"WebSite\",\"@id\":\"https:\/\/www.bankweb.com\/de\/#website\",\"url\":\"https:\/\/www.bankweb.com\/de\/\",\"name\":\"Bankweb.com Germany\",\"description\":\"\",\"publisher\":{\"@id\":\"https:\/\/www.bankweb.com\/de\/#organization\"},\"potentialAction\":[{\"@type\":\"SearchAction\",\"target\":{\"@type\":\"EntryPoint\",\"urlTemplate\":\"https:\/\/www.bankweb.com\/de\/?s={search_term_string}\"},\"query-input\":\"required name=search_term_string\"}],\"inLanguage\":\"sv-SE\"},{\"@type\":\"Organization\",\"@id\":\"https:\/\/www.bankweb.com\/de\/#organization\",\"name\":\"Bankweb.com\",\"url\":\"https:\/\/www.bankweb.com\/de\/\",\"logo\":{\"@type\":\"ImageObject\",\"inLanguage\":\"sv-SE\",\"@id\":\"https:\/\/www.bankweb.com\/de\/#\/schema\/logo\/image\/\",\"url\":\"https:\/\/www.bankweb.com\/de\/wp-content\/uploads\/2019\/11\/245px_bankweb_logo.png\",\"contentUrl\":\"https:\/\/www.bankweb.com\/de\/wp-content\/uploads\/2019\/11\/245px_bankweb_logo.png\",\"width\":245,\"height\":49,\"caption\":\"Bankweb.com\"},\"image\":{\"@id\":\"https:\/\/www.bankweb.com\/de\/#\/schema\/logo\/image\/\"}}]}<\/script>\n<!-- \/ Yoast SEO plugin. -->","yoast_head_json":{"title":"Factoring in Deutschland - Anbieter und Konditionen im Vergleich 2019","description":"Factoring Anbieter Vergleich Deutschland. Wir zeigen dir, welcher Factoring Anbieter sich am besten f\u00fcr dein Unternehmen eignet und was du bei der Auswahl beachten solltest.","robots":{"index":"index","follow":"follow","max-snippet":"max-snippet:-1","max-image-preview":"max-image-preview:large","max-video-preview":"max-video-preview:-1"},"canonical":"https:\/\/www.bankweb.com\/de\/factoring\/","twitter_card":"summary_large_image","twitter_title":"Factoring in Deutschland - Anbieter und Konditionen im Vergleich 2019","twitter_description":"Factoring Anbieter Vergleich Deutschland. Wir zeigen dir, welcher Factoring Anbieter sich am besten f\u00fcr dein Unternehmen eignet und was du bei der Auswahl beachten solltest.","twitter_image":"https:\/\/www.bankweb.com\/de\/bilder\/infoknapporg1.png","twitter_misc":{"Ber\u00e4knad l\u00e4stid":"4 minuter"},"schema":{"@context":"https:\/\/schema.org","@graph":[{"@type":"WebPage","@id":"https:\/\/www.bankweb.com\/de\/factoring\/","url":"https:\/\/www.bankweb.com\/de\/factoring\/","name":"Factoring in Deutschland - Anbieter und Konditionen im Vergleich 2019","isPartOf":{"@id":"https:\/\/www.bankweb.com\/de\/#website"},"primaryImageOfPage":{"@id":"https:\/\/www.bankweb.com\/de\/factoring\/#primaryimage"},"image":{"@id":"https:\/\/www.bankweb.com\/de\/factoring\/#primaryimage"},"thumbnailUrl":"https:\/\/www.bankweb.com\/de\/wp-content\/uploads\/2019\/10\/rechnung.de_.png","datePublished":"2019-03-11T08:27:02+00:00","dateModified":"2019-10-18T09:26:33+00:00","description":"Factoring Anbieter Vergleich Deutschland. Wir zeigen dir, welcher Factoring Anbieter sich am besten f\u00fcr dein Unternehmen eignet und was du bei der Auswahl beachten solltest.","breadcrumb":{"@id":"https:\/\/www.bankweb.com\/de\/factoring\/#breadcrumb"},"inLanguage":"sv-SE","potentialAction":[{"@type":"ReadAction","target":["https:\/\/www.bankweb.com\/de\/factoring\/"]}]},{"@type":"ImageObject","inLanguage":"sv-SE","@id":"https:\/\/www.bankweb.com\/de\/factoring\/#primaryimage","url":"https:\/\/www.bankweb.com\/de\/wp-content\/uploads\/2019\/10\/rechnung.de_.png","contentUrl":"https:\/\/www.bankweb.com\/de\/wp-content\/uploads\/2019\/10\/rechnung.de_.png","width":189,"height":41,"caption":"Rechnung,de"},{"@type":"BreadcrumbList","@id":"https:\/\/www.bankweb.com\/de\/factoring\/#breadcrumb","itemListElement":[{"@type":"ListItem","position":1,"name":"Hem","item":"https:\/\/www.bankweb.com\/de\/"},{"@type":"ListItem","position":2,"name":"Factoring"}]},{"@type":"WebSite","@id":"https:\/\/www.bankweb.com\/de\/#website","url":"https:\/\/www.bankweb.com\/de\/","name":"Bankweb.com Germany","description":"","publisher":{"@id":"https:\/\/www.bankweb.com\/de\/#organization"},"potentialAction":[{"@type":"SearchAction","target":{"@type":"EntryPoint","urlTemplate":"https:\/\/www.bankweb.com\/de\/?s={search_term_string}"},"query-input":"required name=search_term_string"}],"inLanguage":"sv-SE"},{"@type":"Organization","@id":"https:\/\/www.bankweb.com\/de\/#organization","name":"Bankweb.com","url":"https:\/\/www.bankweb.com\/de\/","logo":{"@type":"ImageObject","inLanguage":"sv-SE","@id":"https:\/\/www.bankweb.com\/de\/#\/schema\/logo\/image\/","url":"https:\/\/www.bankweb.com\/de\/wp-content\/uploads\/2019\/11\/245px_bankweb_logo.png","contentUrl":"https:\/\/www.bankweb.com\/de\/wp-content\/uploads\/2019\/11\/245px_bankweb_logo.png","width":245,"height":49,"caption":"Bankweb.com"},"image":{"@id":"https:\/\/www.bankweb.com\/de\/#\/schema\/logo\/image\/"}}]}},"_links":{"self":[{"href":"https:\/\/www.bankweb.com\/de\/wp-json\/wp\/v2\/pages\/6354","targetHints":{"allow":["GET"]}}],"collection":[{"href":"https:\/\/www.bankweb.com\/de\/wp-json\/wp\/v2\/pages"}],"about":[{"href":"https:\/\/www.bankweb.com\/de\/wp-json\/wp\/v2\/types\/page"}],"author":[{"embeddable":true,"href":"https:\/\/www.bankweb.com\/de\/wp-json\/wp\/v2\/users\/4"}],"replies":[{"embeddable":true,"href":"https:\/\/www.bankweb.com\/de\/wp-json\/wp\/v2\/comments?post=6354"}],"version-history":[{"count":0,"href":"https:\/\/www.bankweb.com\/de\/wp-json\/wp\/v2\/pages\/6354\/revisions"}],"wp:attachment":[{"href":"https:\/\/www.bankweb.com\/de\/wp-json\/wp\/v2\/media?parent=6354"}],"curies":[{"name":"wp","href":"https:\/\/api.w.org\/{rel}","templated":true}]}}