{"id":6342,"date":"2019-03-04T09:24:57","date_gmt":"2019-03-04T09:24:57","guid":{"rendered":"https:\/\/www.bankweb.com\/de\/?page_id=6342"},"modified":"2020-01-08T12:07:56","modified_gmt":"2020-01-08T12:07:56","slug":"schufa","status":"publish","type":"page","link":"https:\/\/www.bankweb.com\/de\/schufa\/","title":{"rendered":"Schufa"},"content":{"rendered":"<h1 class=\"kredith1\">Kredit ohne Schufa<\/h1>\n<p>Mit einem negativen Schufa-Eintrag ist es bei Banken oft nicht m\u00f6glich, einen Kredit zu erhalten. Wenn dennoch kurzfristig Geld ben\u00f6tigt wird, beispielsweise weil dringende Anschaffungen erforderlich sind, gibt es aber durchaus Alternativen. Auch ohne Schufa-Abfrage ist es n\u00e4mlich m\u00f6glich, ein Darlehen zu erhalten.<br \/>\n&nbsp;<br \/>\n<script defer=\"\" async=\"\" data-affiliateid=\"3735e2e4\" data-placementid=\"783582278\" data-amount=\"10000\" data-category=\"8992946\" data-duration=\"84\" data-subaffiliateid=\"bankweb_schufa\" src=\"https:\/\/www.smava.de\/pp\/smava-kreditvergleich\/main.js\"><\/script><\/p>\n<p>&nbsp;<br \/>\n<a href=\"https:\/\/www.smava.de\/partner\/1848602528?utm_source=nem&#038;utm_medium=partner&#038;category=888&#038;data1=general_970x250&amp;ref=3735e2e4&amp;a_bid=d9359e41\" target=\"_top\" rel=\"noopener noreferrer\"><img loading=\"lazy\" decoding=\"async\" src=\"https:\/\/s3-eu-west-1.amazonaws.com\/smavaimage\/Banner+Allgemein\/general_970x250.png\" alt=\"\" title=\"\" width=\"970\" height=\"250\" \/><\/a><img loading=\"lazy\" decoding=\"async\" style=\"border:0\" src=\"https:\/\/smava.postaffiliatepro.com\/scripts\/28inyz79nl?ref=3735e2e4&amp;a_bid=d9359e41\" width=\"1\" height=\"1\" alt=\"\" \/><br \/>\n&nbsp;<\/p>\n<h2>Der Kreditgeber ben\u00f6tigt Sicherheiten<\/h2>\n<p>Kein Anbieter vergibt einen Kredit, wenn er davon ausgehen muss, dass dieser nicht zuverl\u00e4ssig zur\u00fcckgezahlt werden kann. Daher m\u00fcssen Kreditnehmer auch bei einem Kredit ohne Schufa nachweisen, dass ihre finanziellen Verh\u00e4ltnisse eine R\u00fcckzahlung erm\u00f6glichen.<br \/>\n&nbsp;<br \/>\nIn den meisten F\u00e4llen wird ein Einkommensnachweis gefordert. Hier ist es von Vorteil, wenn eine Festanstellung ohne Befristung vorhanden ist. Selbstst\u00e4ndige haben es dagegen deutlich schwerer, ohne Schufa einen Kredit zu erhalten.<br \/>\n&nbsp;<br \/>\n<img loading=\"lazy\" decoding=\"async\" src=\"https:\/\/www.bankweb.com\/de\/wp-content\/uploads\/2019\/03\/schufa-1024x683.jpg\" alt=\"Kredit ohne Schufa\" width=\"580\" height=\"387\" class=\"alignnone size-large wp-image-6343\" srcset=\"https:\/\/www.bankweb.com\/de\/wp-content\/uploads\/2019\/03\/schufa-1024x683.jpg 1024w, https:\/\/www.bankweb.com\/de\/wp-content\/uploads\/2019\/03\/schufa-300x200.jpg 300w, https:\/\/www.bankweb.com\/de\/wp-content\/uploads\/2019\/03\/schufa-768x512.jpg 768w, https:\/\/www.bankweb.com\/de\/wp-content\/uploads\/2019\/03\/schufa.jpg 1920w\" sizes=\"auto, (max-width: 580px) 100vw, 580px\" \/><br \/>\n&nbsp;<br \/>\nIst Eigentum vorhanden, wirkt sich dies ebenfalls positiv auf die m\u00f6gliche Vergabe eines Kredits aus. Der Kreditgeber h\u00e4tte dadurch im Fall von ausbleibenden Zahlungen die M\u00f6glichkeit, die Schulden anderweitig einzutreiben.<br \/>\n&nbsp;<\/p>\n<h3>Die Zinsen fallen h\u00f6her aus<\/h3>\n<p>Der Verzicht auf eine Schufa-Abfrage, beziehungsweise die Vergabe von Krediten an Personen mit negativen Eintr\u00e4gen, stellt f\u00fcr den Kreditgeber ein Risiko dar. Dieses Risiko lassen sich die Anbieter durch h\u00f6here Zinsen bezahlen.<br \/>\n&nbsp;<br \/>\nEin Kredit ohne Schufa ist somit in der Regel nicht zu den selben Konditionen erh\u00e4ltlich wie ein regul\u00e4rer Kredit bei der Bank.<br \/>\nJe nachdem, ob weitere Risikofaktoren vorliegen, muss der Kunde daher mit deutlich h\u00f6heren Kosten rechnen.<br \/>\n&nbsp;<br \/>\nDurch bestimmte Faktoren k\u00f6nnen diese Kosten unter Umst\u00e4nden reduziert werden. So ist es beispielsweise von Vorteil wenn ein gutes Einkommen oder Eigentum vorhanden ist.<br \/>\n&nbsp;<\/p>\n<h3>Der Kreditbetrag ist beschr\u00e4nkt<\/h3>\n<p>Ohne Schufa-Abfrage sind in der Regel nur vergleichsweise kleine Kredite erh\u00e4ltlich. In der Regel handelt es sich um Betr\u00e4ge zwischen einigen hundert bis zu einigen tausend Euro. Der maximal erh\u00e4ltliche Kreditbetrag h\u00e4ngt vom Einkommen und weiteren Sicherheiten ab, die der Kreditnehmer dem Kreditgeber bieten kann. Au\u00dferdem spielen nat\u00fcrlich die individuellen Konditionen des Anbieters eine Rolle.<br \/>\n&nbsp;<\/p>\n<h3>Nicht auf Betr\u00fcger hereinfallen<\/h3>\n<p>Leider sind nicht alle Anbieter f\u00fcr Kredite ohne Schufa seri\u00f6s. Daher sollte vor einem Vertragsabschluss genau gepr\u00fcft werden wie vertrauensw\u00fcrdig der potentielle Kreditgeber ist. Eine h\u00e4ufige Form des Betrugs ist die Forderung nach einer Bearbeitungsgeb\u00fchr bevor der <a href=\"https:\/\/www.bankweb.com\/de\/kreditvergleich\/\">Kredit vergeben<\/a> werden kann.<br \/>\n&nbsp;<br \/>\nSeri\u00f6se Anbieter verlangen keine Zahlungen vor der Auszahlung des Darlehens. Geb\u00fchren werden direkt von der Kreditsumme abgezogen beziehungsweise bei den R\u00fcckzahlungen mit einberechnet. Eine zus\u00e4tzliche Zahlung im Vorfeld ist ein deutliches Zeichen f\u00fcr ein unseri\u00f6ses Angebot.<br \/>\n&nbsp;<\/p>\n<h4>Private Darlehen im Internet<\/h4>\n<p>Eine immer mehr verbreitete M\u00f6glichkeit, um sich auch ohne Schufa-Abfrage Geld zu leihen, sind Online-Plattformen, welche Kreditnehmer und Geldgeber zusammenbringen. Dabei kann der Darlehensgeber sich aussuchen in welche Projekte er investieren m\u00f6chte.<br \/>\n&nbsp;<br \/>\n<img loading=\"lazy\" decoding=\"async\" src=\"https:\/\/www.bankweb.com\/de\/wp-content\/uploads\/2019\/03\/schufa-1024x776.png\" alt=\"kredit trotz negativer schufa\" width=\"580\" height=\"440\" class=\"alignnone size-large wp-image-6344\" srcset=\"https:\/\/www.bankweb.com\/de\/wp-content\/uploads\/2019\/03\/schufa-1024x776.png 1024w, https:\/\/www.bankweb.com\/de\/wp-content\/uploads\/2019\/03\/schufa-300x227.png 300w, https:\/\/www.bankweb.com\/de\/wp-content\/uploads\/2019\/03\/schufa-768x582.png 768w, https:\/\/www.bankweb.com\/de\/wp-content\/uploads\/2019\/03\/schufa.png 1280w\" sizes=\"auto, (max-width: 580px) 100vw, 580px\" \/><br \/>\n&nbsp;<br \/>\nWer auf der Suche nach einem Kredit ist muss somit die potentiellen Geldgeber davon \u00fcberzeugen, dass er das Geld zuverl\u00e4ssig zur\u00fcckzahlen wird.<br \/>\nDie Konditionen f\u00fcr ein solches Darlehen werden individuell festgelegt.<br \/>\n&nbsp;<br \/>\nAuch hier gilt der Grundsatz: Je h\u00f6her das Risiko f\u00fcr den Geldgeber ist, desto h\u00f6her fallen auch die Zinsen aus.<br \/>\nIm Gegensatz zu einem komplett privat organisierten Darlehen bieten die Plattformen sowohl f\u00fcr den Darlehensnehmer als auch f\u00fcr den Geldgeber eine bessere Sicherheit. Sie k\u00fcmmern sich um die Zahlungsabwicklung und schaffen die rechtlichen Voraussetzungen, damit das Darlehen vergeben werden kann.<br \/>\n&nbsp;<\/p>\n<h4>Fazit: Ein schufafreier Kredit ist auf mehreren Wegen m\u00f6glich<\/h4>\n<p>Auch bei negativen Schufa-Eintr\u00e4gen muss nicht zwangsl\u00e4ufig auf einen Kredit verzichtet werden. Allerdings m\u00fcssen die Kreditnehmer Abstriche machen, denn die selben Konditionen wie bei einem Kredit mit Schufa-Abfrage sind in der Regel nicht verf\u00fcgbar.<br \/>\n&nbsp;<br \/>\nDer verf\u00fcgbare Kreditbetrag f\u00e4llt relativ gering aus und die Zinsen sind meist h\u00f6her als bei einem gew\u00f6hnlichen Kredit.<br \/>\n&nbsp;<br \/>\nDennoch ist ein Kredit ohne Schufa eine M\u00f6glichkeit, schnell Liquidit\u00e4t zu schaffen. Allerdings sollten Kreditnehmer sich im Vorfeld einen guten Plan f\u00fcr die R\u00fcckzahlung erstellen, da ansonsten weitere finanzielle Probleme entstehen k\u00f6nnen.<\/p>\n","protected":false},"excerpt":{"rendered":"<p>Kredit ohne Schufa Mit einem negativen Schufa-Eintrag ist es bei Banken oft nicht m\u00f6glich, einen Kredit zu erhalten. Wenn dennoch kurzfristig Geld ben\u00f6tigt wird, beispielsweise weil dringende Anschaffungen erforderlich sind, gibt es aber durchaus Alternativen. Auch ohne Schufa-Abfrage ist es [&hellip;]<\/p>\n","protected":false},"author":4,"featured_media":0,"parent":0,"menu_order":0,"comment_status":"closed","ping_status":"closed","template":"","meta":{"footnotes":""},"class_list":["post-6342","page","type-page","status-publish","hentry"],"yoast_head":"<!-- This site is optimized with the Yoast SEO plugin v22.6 - https:\/\/yoast.com\/wordpress\/plugins\/seo\/ -->\n<title>Kredit ohne Schufa im vergleich 2020 - Onlinekredit Sofortzusage<\/title>\n<meta name=\"description\" content=\"Kredit ohne Schufa im vergleich \u00fcber seri\u00f6se Anbieter sichern: Schnell &amp; diskret. Seri\u00f6se Anbieter f\u00fcr Kredite ohne Schufa\" \/>\n<meta name=\"robots\" content=\"index, follow, max-snippet:-1, max-image-preview:large, max-video-preview:-1\" \/>\n<link rel=\"canonical\" href=\"https:\/\/www.bankweb.com\/de\/schufa\/\" \/>\n<meta name=\"twitter:card\" content=\"summary_large_image\" \/>\n<meta name=\"twitter:title\" content=\"Kredit ohne Schufa im vergleich 2020 - Onlinekredit Sofortzusage\" \/>\n<meta name=\"twitter:description\" content=\"Kredit ohne Schufa im vergleich \u00fcber seri\u00f6se Anbieter sichern: Schnell &amp; diskret. Seri\u00f6se Anbieter f\u00fcr Kredite ohne Schufa\" \/>\n<meta name=\"twitter:image\" content=\"https:\/\/s3-eu-west-1.amazonaws.com\/smavaimage\/Banner+Allgemein\/general_970x250.png\" \/>\n<meta name=\"twitter:label1\" content=\"Ber\u00e4knad l\u00e4stid\" \/>\n\t<meta name=\"twitter:data1\" content=\"3 minuter\" \/>\n<script type=\"application\/ld+json\" class=\"yoast-schema-graph\">{\"@context\":\"https:\/\/schema.org\",\"@graph\":[{\"@type\":\"WebPage\",\"@id\":\"https:\/\/www.bankweb.com\/de\/schufa\/\",\"url\":\"https:\/\/www.bankweb.com\/de\/schufa\/\",\"name\":\"Kredit ohne Schufa im vergleich 2020 - Onlinekredit Sofortzusage\",\"isPartOf\":{\"@id\":\"https:\/\/www.bankweb.com\/de\/#website\"},\"primaryImageOfPage\":{\"@id\":\"https:\/\/www.bankweb.com\/de\/schufa\/#primaryimage\"},\"image\":{\"@id\":\"https:\/\/www.bankweb.com\/de\/schufa\/#primaryimage\"},\"thumbnailUrl\":\"https:\/\/s3-eu-west-1.amazonaws.com\/smavaimage\/Banner+Allgemein\/general_970x250.png\",\"datePublished\":\"2019-03-04T09:24:57+00:00\",\"dateModified\":\"2020-01-08T12:07:56+00:00\",\"description\":\"Kredit ohne Schufa im vergleich \u00fcber seri\u00f6se Anbieter sichern: Schnell & diskret. Seri\u00f6se Anbieter f\u00fcr Kredite ohne Schufa\",\"breadcrumb\":{\"@id\":\"https:\/\/www.bankweb.com\/de\/schufa\/#breadcrumb\"},\"inLanguage\":\"sv-SE\",\"potentialAction\":[{\"@type\":\"ReadAction\",\"target\":[\"https:\/\/www.bankweb.com\/de\/schufa\/\"]}]},{\"@type\":\"ImageObject\",\"inLanguage\":\"sv-SE\",\"@id\":\"https:\/\/www.bankweb.com\/de\/schufa\/#primaryimage\",\"url\":\"https:\/\/s3-eu-west-1.amazonaws.com\/smavaimage\/Banner+Allgemein\/general_970x250.png\",\"contentUrl\":\"https:\/\/s3-eu-west-1.amazonaws.com\/smavaimage\/Banner+Allgemein\/general_970x250.png\"},{\"@type\":\"BreadcrumbList\",\"@id\":\"https:\/\/www.bankweb.com\/de\/schufa\/#breadcrumb\",\"itemListElement\":[{\"@type\":\"ListItem\",\"position\":1,\"name\":\"Hem\",\"item\":\"https:\/\/www.bankweb.com\/de\/\"},{\"@type\":\"ListItem\",\"position\":2,\"name\":\"Schufa\"}]},{\"@type\":\"WebSite\",\"@id\":\"https:\/\/www.bankweb.com\/de\/#website\",\"url\":\"https:\/\/www.bankweb.com\/de\/\",\"name\":\"Bankweb.com Germany\",\"description\":\"\",\"publisher\":{\"@id\":\"https:\/\/www.bankweb.com\/de\/#organization\"},\"potentialAction\":[{\"@type\":\"SearchAction\",\"target\":{\"@type\":\"EntryPoint\",\"urlTemplate\":\"https:\/\/www.bankweb.com\/de\/?s={search_term_string}\"},\"query-input\":\"required name=search_term_string\"}],\"inLanguage\":\"sv-SE\"},{\"@type\":\"Organization\",\"@id\":\"https:\/\/www.bankweb.com\/de\/#organization\",\"name\":\"Bankweb.com\",\"url\":\"https:\/\/www.bankweb.com\/de\/\",\"logo\":{\"@type\":\"ImageObject\",\"inLanguage\":\"sv-SE\",\"@id\":\"https:\/\/www.bankweb.com\/de\/#\/schema\/logo\/image\/\",\"url\":\"https:\/\/www.bankweb.com\/de\/wp-content\/uploads\/2019\/11\/245px_bankweb_logo.png\",\"contentUrl\":\"https:\/\/www.bankweb.com\/de\/wp-content\/uploads\/2019\/11\/245px_bankweb_logo.png\",\"width\":245,\"height\":49,\"caption\":\"Bankweb.com\"},\"image\":{\"@id\":\"https:\/\/www.bankweb.com\/de\/#\/schema\/logo\/image\/\"}}]}<\/script>\n<!-- \/ Yoast SEO plugin. -->","yoast_head_json":{"title":"Kredit ohne Schufa im vergleich 2020 - Onlinekredit Sofortzusage","description":"Kredit ohne Schufa im vergleich \u00fcber seri\u00f6se Anbieter sichern: Schnell & diskret. Seri\u00f6se Anbieter f\u00fcr Kredite ohne Schufa","robots":{"index":"index","follow":"follow","max-snippet":"max-snippet:-1","max-image-preview":"max-image-preview:large","max-video-preview":"max-video-preview:-1"},"canonical":"https:\/\/www.bankweb.com\/de\/schufa\/","twitter_card":"summary_large_image","twitter_title":"Kredit ohne Schufa im vergleich 2020 - Onlinekredit Sofortzusage","twitter_description":"Kredit ohne Schufa im vergleich \u00fcber seri\u00f6se Anbieter sichern: Schnell & diskret. Seri\u00f6se Anbieter f\u00fcr Kredite ohne Schufa","twitter_image":"https:\/\/s3-eu-west-1.amazonaws.com\/smavaimage\/Banner+Allgemein\/general_970x250.png","twitter_misc":{"Ber\u00e4knad l\u00e4stid":"3 minuter"},"schema":{"@context":"https:\/\/schema.org","@graph":[{"@type":"WebPage","@id":"https:\/\/www.bankweb.com\/de\/schufa\/","url":"https:\/\/www.bankweb.com\/de\/schufa\/","name":"Kredit ohne Schufa im vergleich 2020 - Onlinekredit Sofortzusage","isPartOf":{"@id":"https:\/\/www.bankweb.com\/de\/#website"},"primaryImageOfPage":{"@id":"https:\/\/www.bankweb.com\/de\/schufa\/#primaryimage"},"image":{"@id":"https:\/\/www.bankweb.com\/de\/schufa\/#primaryimage"},"thumbnailUrl":"https:\/\/s3-eu-west-1.amazonaws.com\/smavaimage\/Banner+Allgemein\/general_970x250.png","datePublished":"2019-03-04T09:24:57+00:00","dateModified":"2020-01-08T12:07:56+00:00","description":"Kredit ohne Schufa im vergleich \u00fcber seri\u00f6se Anbieter sichern: Schnell & diskret. Seri\u00f6se Anbieter f\u00fcr Kredite ohne Schufa","breadcrumb":{"@id":"https:\/\/www.bankweb.com\/de\/schufa\/#breadcrumb"},"inLanguage":"sv-SE","potentialAction":[{"@type":"ReadAction","target":["https:\/\/www.bankweb.com\/de\/schufa\/"]}]},{"@type":"ImageObject","inLanguage":"sv-SE","@id":"https:\/\/www.bankweb.com\/de\/schufa\/#primaryimage","url":"https:\/\/s3-eu-west-1.amazonaws.com\/smavaimage\/Banner+Allgemein\/general_970x250.png","contentUrl":"https:\/\/s3-eu-west-1.amazonaws.com\/smavaimage\/Banner+Allgemein\/general_970x250.png"},{"@type":"BreadcrumbList","@id":"https:\/\/www.bankweb.com\/de\/schufa\/#breadcrumb","itemListElement":[{"@type":"ListItem","position":1,"name":"Hem","item":"https:\/\/www.bankweb.com\/de\/"},{"@type":"ListItem","position":2,"name":"Schufa"}]},{"@type":"WebSite","@id":"https:\/\/www.bankweb.com\/de\/#website","url":"https:\/\/www.bankweb.com\/de\/","name":"Bankweb.com Germany","description":"","publisher":{"@id":"https:\/\/www.bankweb.com\/de\/#organization"},"potentialAction":[{"@type":"SearchAction","target":{"@type":"EntryPoint","urlTemplate":"https:\/\/www.bankweb.com\/de\/?s={search_term_string}"},"query-input":"required name=search_term_string"}],"inLanguage":"sv-SE"},{"@type":"Organization","@id":"https:\/\/www.bankweb.com\/de\/#organization","name":"Bankweb.com","url":"https:\/\/www.bankweb.com\/de\/","logo":{"@type":"ImageObject","inLanguage":"sv-SE","@id":"https:\/\/www.bankweb.com\/de\/#\/schema\/logo\/image\/","url":"https:\/\/www.bankweb.com\/de\/wp-content\/uploads\/2019\/11\/245px_bankweb_logo.png","contentUrl":"https:\/\/www.bankweb.com\/de\/wp-content\/uploads\/2019\/11\/245px_bankweb_logo.png","width":245,"height":49,"caption":"Bankweb.com"},"image":{"@id":"https:\/\/www.bankweb.com\/de\/#\/schema\/logo\/image\/"}}]}},"_links":{"self":[{"href":"https:\/\/www.bankweb.com\/de\/wp-json\/wp\/v2\/pages\/6342","targetHints":{"allow":["GET"]}}],"collection":[{"href":"https:\/\/www.bankweb.com\/de\/wp-json\/wp\/v2\/pages"}],"about":[{"href":"https:\/\/www.bankweb.com\/de\/wp-json\/wp\/v2\/types\/page"}],"author":[{"embeddable":true,"href":"https:\/\/www.bankweb.com\/de\/wp-json\/wp\/v2\/users\/4"}],"replies":[{"embeddable":true,"href":"https:\/\/www.bankweb.com\/de\/wp-json\/wp\/v2\/comments?post=6342"}],"version-history":[{"count":0,"href":"https:\/\/www.bankweb.com\/de\/wp-json\/wp\/v2\/pages\/6342\/revisions"}],"wp:attachment":[{"href":"https:\/\/www.bankweb.com\/de\/wp-json\/wp\/v2\/media?parent=6342"}],"curies":[{"name":"wp","href":"https:\/\/api.w.org\/{rel}","templated":true}]}}