{"id":6324,"date":"2019-03-01T10:43:37","date_gmt":"2019-03-01T10:43:37","guid":{"rendered":"https:\/\/www.bankweb.com\/de\/?page_id=6324"},"modified":"2019-10-15T11:33:26","modified_gmt":"2019-10-15T11:33:26","slug":"sofortkredit","status":"publish","type":"page","link":"https:\/\/www.bankweb.com\/de\/sofortkredit\/","title":{"rendered":"Sofortkredit"},"content":{"rendered":"<h1 class=\"kredith1\">Sofortkredit \u2014 in wenigen Schritten bis zur Bewilligung<\/h1>\n<p>Bisweilen stehen Ausgaben an, f\u00fcr die das Konto und die Haushaltskasse keineswegs ger\u00fcstet sind. Wer denkt, dass er das mit der \u00dcberziehung seines Dispokredites ins Lot bringen kann, den kann das am Ende \u201eteuer\u201c zu stehen kommen, denn er wird daf\u00fcr einen hohen Preis bezahlen m\u00fcssen. Eine bessere Alternative und schnell bewilligt ist der g\u00fcnstigere Sofortkredit.<br \/>\n&nbsp;<br \/>\n<script defer=\"\" async=\"\" data-affiliateid=\"3735e2e4\" data-placementid=\"783582278\" data-amount=\"20000\" data-category=\"\" data-duration=\"84\" data-subaffiliateid=\"$gclid\" src=\"https:\/\/www.smava.de\/pp\/smava-kreditvergleich\/main.js\"><\/script><\/p>\n<p>&nbsp;<br \/>\n<a href=\"https:\/\/www.smava.de\/partner\/1848602528?utm_source=nem&#038;utm_medium=partner&#038;category=888&#038;data1=general_970x250&amp;ref=3735e2e4&amp;a_bid=d9359e41\" target=\"_top\" rel=\"noopener noreferrer\"><img loading=\"lazy\" decoding=\"async\" src=\"https:\/\/s3-eu-west-1.amazonaws.com\/smavaimage\/Banner+Allgemein\/general_970x250.png\" alt=\"\" title=\"\" width=\"970\" height=\"250\" \/><\/a><img loading=\"lazy\" decoding=\"async\" style=\"border:0\" src=\"https:\/\/smava.postaffiliatepro.com\/scripts\/28inyz79nl?ref=3735e2e4&amp;a_bid=d9359e41\" width=\"1\" height=\"1\" alt=\"\" \/><br \/>\n&nbsp;<br \/>\nDer Sofortkredit ist <a href=\"https:\/\/www.bankweb.com\/de\/kreditvergleich\/\">ein Ratenkredit<\/a>, der keinem festen Verwendungszweck unterliegt. Kreditnehmer k\u00f6nnen ihn f\u00fcr die Erf\u00fcllung ihrer W\u00fcnsche oder f\u00fcr Dringliches aufnehmen. Es gibt Momente, da muss etwas Geld einfach kurzfristig verf\u00fcgbar sein. Und das so schnell wie m\u00f6glich. Beispielsweise f\u00fcr einen lang ersehnten Urlaub, eine spontane Anschaffung, eine Handwerkerrechnung oder eine \u00fcberf\u00e4llige Autoreparatur.<br \/>\n&nbsp;<br \/>\nKunden sparen sich zudem die Wege zu einzelnen Banken. Denn in den meisten F\u00e4llen werden g\u00fcnstige Sofortkredite von Direktbanken vergeben. Diese garantieren schnellere Kreditbearbeitungen sowie Kreditauszahlungen. Daher ist es mit einem Sofortkredit m\u00f6glich, zeitsparend an dringend ben\u00f6tigtes Geld zu kommen.<br \/>\n&nbsp;<br \/>\n<img loading=\"lazy\" decoding=\"async\" src=\"https:\/\/www.bankweb.com\/de\/wp-content\/uploads\/2019\/03\/sofortkredit-1-1024x683.jpg\" alt=\"Sofortkredit\" width=\"580\" height=\"387\" class=\"alignnone size-large wp-image-6326\" srcset=\"https:\/\/www.bankweb.com\/de\/wp-content\/uploads\/2019\/03\/sofortkredit-1-1024x683.jpg 1024w, https:\/\/www.bankweb.com\/de\/wp-content\/uploads\/2019\/03\/sofortkredit-1-300x200.jpg 300w, https:\/\/www.bankweb.com\/de\/wp-content\/uploads\/2019\/03\/sofortkredit-1-768x512.jpg 768w, https:\/\/www.bankweb.com\/de\/wp-content\/uploads\/2019\/03\/sofortkredit-1.jpg 1920w\" sizes=\"auto, (max-width: 580px) 100vw, 580px\" \/><br \/>\n&nbsp;<br \/>\nJe nach Bank k\u00f6nnen zwischen 500 und 50.000 Euro oder sogar mehr aufgenommen werden. R\u00fcckzahlungen erfolgen flexibel in etwa zw\u00f6lf bis 120 Monatsraten. Zudem gew\u00e4hren einige Banken neben Sondertilgungsoptionen sogar Ratenaussetzungen.<br \/>\n&nbsp;<\/p>\n<h2>Sofortkredit \u2014 Sieger in puncto Schnelligkeit<\/h2>\n<p>Von der Anfrage bis zur Auszahlung vergeht bei manchen Direktbanken nicht mal ein Tag. Kunden, die einen Sofortkredit w\u00fcnschen, sind meist schon in wenigen Schritten am Ziel:<br \/>\n&nbsp;<\/p>\n<ul>\n<li>Kostenlose und unverbindliche Anfrage an die Bank stellen<\/li>\n<li>Kreditangebote entgegennehmen<\/li>\n<li>Kreditvertrag abschlie\u00dfen<\/li>\n<\/ul>\n<p>&nbsp;<br \/>\nh3>Wer kann einen Sofortkredit abschlie\u00dfen?<\/h3>\n<p>Einen Sofortkredit kann nahezu jeder vollj\u00e4hrige Kreditnehmer beantragen, der die n\u00f6tigen Voraussetzungen daf\u00fcr erf\u00fcllt. Neben Beamten, Angestellten, Selbstst\u00e4ndigen und Rentnern k\u00f6nnen auch Studenten und Azubis einen Sofortkredit beantragen.<br \/>\n&nbsp;<br \/>\nWer die entsprechende Kreditw\u00fcrdigkeit besitzt, hat gute Chancen auf einen Sofortkredit. Jedoch werden mitunter Selbstst\u00e4ndige genauer durchleuchtet wie etwa ein Arbeitnehmer.<br \/>\n&nbsp;<\/p>\n<h3>Positive Aspekte des Sofortkredites<\/h3>\n<p>Der Sofortkredit wird h\u00e4ufig genutzt, da er beachtenswerte Vorteile aufweist. Der erste Pluspunkt ist die Online-Kreditvergabe. Kunden k\u00f6nnen sich vom heimischen PC aus das g\u00fcnstigste Angebot heraussuchen und sparen sich so die Zeit und den Weg zur Bank und obendrein die Wartezeit bis zu einem festgesetzten Beratungstermin.<br \/>\n&nbsp;<br \/>\nEs ist online m\u00f6glich zu jeder Zeit, gleich, ob am sp\u00e4ten Abend, am Wochenende oder gar an Feiertagen, den <a href=\"https:\/\/www.bankweb.com\/de\/kreditvergleich\/\">Kreditantrag<\/a> auszuf\u00fcllen. Dies kommt haupts\u00e4chlich Menschen zugute, die privat und beruflich stark eingebunden sind.<br \/>\n&nbsp;<br \/>\nEin zweiter Pluspunkt ist, dass Direktbanken im Vergleich zu Hausbanken oftmals g\u00fcnstigere Zinsen anbieten. Direktbanken verzichten auf teure Filialen und eine Vielzahl an Angestellten. Daher ist es m\u00f6glich, den Zins f\u00fcr den Verbraucher niedrig zu halten.<br \/>\n&nbsp;<br \/>\nDie Beantragung ist komplett auf digitalem Weg m\u00f6glich. Vom Ausf\u00fcllen und dem Hochladen der notwendigen Dokumente als Scan, die \u00dcbermittlung der Kontoausz\u00fcge \u00fcber die Legitimation bis zur Unterschrift \u2014 das gesamte Procedere ist eine Frage von wenigen Minuten.<br \/>\n&nbsp;<\/p>\n<h4>Kredit mit Sofortzusage und Sofortauszahlung<\/h4>\n<p>Online vergehen zwischen der Beantragung des Sofortkredits und der Entscheidung nicht mal zwei Minuten. Blitzschnell wei\u00df der Kreditnehmer, ob er die Zusage f\u00fcr den Sofortkredit erh\u00e4lt und zu welchen Konditionen. Hier entf\u00e4llt gr\u00f6\u00dftenteils eine nochmalige manuelle Pr\u00fcfung durch die Bank.<br \/>\n&nbsp;<br \/>\n<img loading=\"lazy\" decoding=\"async\" src=\"https:\/\/www.bankweb.com\/de\/wp-content\/uploads\/2019\/03\/sofortkredit-2-1024x683.jpg\" alt=\"Sofortkredit online\" width=\"580\" height=\"387\" class=\"alignnone size-large wp-image-6327\" srcset=\"https:\/\/www.bankweb.com\/de\/wp-content\/uploads\/2019\/03\/sofortkredit-2-1024x683.jpg 1024w, https:\/\/www.bankweb.com\/de\/wp-content\/uploads\/2019\/03\/sofortkredit-2-300x200.jpg 300w, https:\/\/www.bankweb.com\/de\/wp-content\/uploads\/2019\/03\/sofortkredit-2-768x512.jpg 768w, https:\/\/www.bankweb.com\/de\/wp-content\/uploads\/2019\/03\/sofortkredit-2.jpg 1920w\" sizes=\"auto, (max-width: 580px) 100vw, 580px\" \/><br \/>\n&nbsp;<br \/>\nIst vonseiten der Bank die Zusage erteilt und der Kreditnehmer damit einverstanden, dann wird ein Sofortkredit nahezu sofort ausgezahlt. Und das Beste dabei: Der zinsg\u00fcnstige Sofortkredit kann in vollem Umfang online abgeschlossen werden.<br \/>\n&nbsp;<\/p>\n<h4>Beantragung in wenigen Schritten<\/h4>\n<p>Verbraucher k\u00f6nnen sich online unverbindlich und kostenlos nach passenden Angeboten umsehen. Ist das geeignete Kreditangebot gefunden, sind nur wenige Schritte n\u00f6tig:<br \/>\n&nbsp;<\/p>\n<ul>\n<li>Kreditantrag online ausf\u00fcllen<\/li>\n<li>Kreditnehmer erhalten ihr pers\u00f6nliches Kreditangebot<\/li>\n<li>Kreditnehmer entscheiden sich f\u00fcr das g\u00fcnstigste Angebot<\/li>\n<li>Kreditunterlagen hochladen<\/li>\n<li>Unterlagen werden gepr\u00fcft und innerhalb weniger Stunden zahlt die Bank den Sofortkredit aus<\/li>\n<\/ul>\n<p>&nbsp;<\/p>\n<h4>Alle Vorteile des Sofortkredites auf einen Blick<\/h4>\n<p>&nbsp;<\/p>\n<ul>\n<li>Beantragen von zu Hause aus<\/li>\n<li>Top Zinsen<\/li>\n<li>Uneingeschr\u00e4nkte Verwendung<\/li>\n<li>Sondertilgungen zu jederzeit<\/li>\n<li>Papierlos und digital<\/li>\n<li>Blitzschnelle Kredit\u00fcberpr\u00fcfung<\/li>\n<li>Extrem schnelle Auszahlung<\/li>\n<\/ul>\n","protected":false},"excerpt":{"rendered":"<p>Sofortkredit \u2014 in wenigen Schritten bis zur Bewilligung Bisweilen stehen Ausgaben an, f\u00fcr die das Konto und die Haushaltskasse keineswegs ger\u00fcstet sind. Wer denkt, dass er das mit der \u00dcberziehung seines Dispokredites ins Lot bringen kann, den kann das am [&hellip;]<\/p>\n","protected":false},"author":4,"featured_media":0,"parent":0,"menu_order":0,"comment_status":"closed","ping_status":"closed","template":"","meta":{"footnotes":""},"class_list":["post-6324","page","type-page","status-publish","hentry"],"yoast_head":"<!-- This site is optimized with the Yoast SEO plugin v22.6 - https:\/\/yoast.com\/wordpress\/plugins\/seo\/ -->\n<title>G\u00fcnstiger Sofortkredit vergleich Deutschland - Auszahlung in 3 Minuten!<\/title>\n<meta name=\"description\" content=\"Sofortkredit Vergleich - G\u00fcnstigste Kredite f\u00fcr Deutschland finden! Kostenlos &amp; Unverbindlich. Kostenlos &amp; Schnell. transparente Vergleiche. Unverbindlich vergleichen.\" \/>\n<meta name=\"robots\" content=\"index, follow, max-snippet:-1, max-image-preview:large, max-video-preview:-1\" \/>\n<link rel=\"canonical\" href=\"https:\/\/www.bankweb.com\/de\/sofortkredit\/\" \/>\n<meta name=\"twitter:card\" content=\"summary_large_image\" \/>\n<meta name=\"twitter:title\" content=\"G\u00fcnstiger Sofortkredit vergleich Deutschland - Auszahlung in 3 Minuten!\" \/>\n<meta name=\"twitter:description\" content=\"Sofortkredit Vergleich - G\u00fcnstigste Kredite f\u00fcr Deutschland finden! Kostenlos &amp; Unverbindlich. Kostenlos &amp; Schnell. transparente Vergleiche. Unverbindlich vergleichen.\" \/>\n<meta name=\"twitter:image\" content=\"https:\/\/s3-eu-west-1.amazonaws.com\/smavaimage\/Banner+Allgemein\/general_970x250.png\" \/>\n<meta name=\"twitter:label1\" content=\"Ber\u00e4knad l\u00e4stid\" \/>\n\t<meta name=\"twitter:data1\" content=\"3 minuter\" \/>\n<script type=\"application\/ld+json\" class=\"yoast-schema-graph\">{\"@context\":\"https:\/\/schema.org\",\"@graph\":[{\"@type\":\"WebPage\",\"@id\":\"https:\/\/www.bankweb.com\/de\/sofortkredit\/\",\"url\":\"https:\/\/www.bankweb.com\/de\/sofortkredit\/\",\"name\":\"G\u00fcnstiger Sofortkredit vergleich Deutschland - Auszahlung in 3 Minuten!\",\"isPartOf\":{\"@id\":\"https:\/\/www.bankweb.com\/de\/#website\"},\"primaryImageOfPage\":{\"@id\":\"https:\/\/www.bankweb.com\/de\/sofortkredit\/#primaryimage\"},\"image\":{\"@id\":\"https:\/\/www.bankweb.com\/de\/sofortkredit\/#primaryimage\"},\"thumbnailUrl\":\"https:\/\/s3-eu-west-1.amazonaws.com\/smavaimage\/Banner+Allgemein\/general_970x250.png\",\"datePublished\":\"2019-03-01T10:43:37+00:00\",\"dateModified\":\"2019-10-15T11:33:26+00:00\",\"description\":\"Sofortkredit Vergleich - G\u00fcnstigste Kredite f\u00fcr Deutschland finden! Kostenlos & Unverbindlich. Kostenlos & Schnell. transparente Vergleiche. Unverbindlich vergleichen.\",\"breadcrumb\":{\"@id\":\"https:\/\/www.bankweb.com\/de\/sofortkredit\/#breadcrumb\"},\"inLanguage\":\"sv-SE\",\"potentialAction\":[{\"@type\":\"ReadAction\",\"target\":[\"https:\/\/www.bankweb.com\/de\/sofortkredit\/\"]}]},{\"@type\":\"ImageObject\",\"inLanguage\":\"sv-SE\",\"@id\":\"https:\/\/www.bankweb.com\/de\/sofortkredit\/#primaryimage\",\"url\":\"https:\/\/s3-eu-west-1.amazonaws.com\/smavaimage\/Banner+Allgemein\/general_970x250.png\",\"contentUrl\":\"https:\/\/s3-eu-west-1.amazonaws.com\/smavaimage\/Banner+Allgemein\/general_970x250.png\"},{\"@type\":\"BreadcrumbList\",\"@id\":\"https:\/\/www.bankweb.com\/de\/sofortkredit\/#breadcrumb\",\"itemListElement\":[{\"@type\":\"ListItem\",\"position\":1,\"name\":\"Hem\",\"item\":\"https:\/\/www.bankweb.com\/de\/\"},{\"@type\":\"ListItem\",\"position\":2,\"name\":\"Sofortkredit\"}]},{\"@type\":\"WebSite\",\"@id\":\"https:\/\/www.bankweb.com\/de\/#website\",\"url\":\"https:\/\/www.bankweb.com\/de\/\",\"name\":\"Bankweb.com Germany\",\"description\":\"\",\"publisher\":{\"@id\":\"https:\/\/www.bankweb.com\/de\/#organization\"},\"potentialAction\":[{\"@type\":\"SearchAction\",\"target\":{\"@type\":\"EntryPoint\",\"urlTemplate\":\"https:\/\/www.bankweb.com\/de\/?s={search_term_string}\"},\"query-input\":\"required name=search_term_string\"}],\"inLanguage\":\"sv-SE\"},{\"@type\":\"Organization\",\"@id\":\"https:\/\/www.bankweb.com\/de\/#organization\",\"name\":\"Bankweb.com\",\"url\":\"https:\/\/www.bankweb.com\/de\/\",\"logo\":{\"@type\":\"ImageObject\",\"inLanguage\":\"sv-SE\",\"@id\":\"https:\/\/www.bankweb.com\/de\/#\/schema\/logo\/image\/\",\"url\":\"https:\/\/www.bankweb.com\/de\/wp-content\/uploads\/2019\/11\/245px_bankweb_logo.png\",\"contentUrl\":\"https:\/\/www.bankweb.com\/de\/wp-content\/uploads\/2019\/11\/245px_bankweb_logo.png\",\"width\":245,\"height\":49,\"caption\":\"Bankweb.com\"},\"image\":{\"@id\":\"https:\/\/www.bankweb.com\/de\/#\/schema\/logo\/image\/\"}}]}<\/script>\n<!-- \/ Yoast SEO plugin. -->","yoast_head_json":{"title":"G\u00fcnstiger Sofortkredit vergleich Deutschland - Auszahlung in 3 Minuten!","description":"Sofortkredit Vergleich - G\u00fcnstigste Kredite f\u00fcr Deutschland finden! Kostenlos & Unverbindlich. Kostenlos & Schnell. transparente Vergleiche. Unverbindlich vergleichen.","robots":{"index":"index","follow":"follow","max-snippet":"max-snippet:-1","max-image-preview":"max-image-preview:large","max-video-preview":"max-video-preview:-1"},"canonical":"https:\/\/www.bankweb.com\/de\/sofortkredit\/","twitter_card":"summary_large_image","twitter_title":"G\u00fcnstiger Sofortkredit vergleich Deutschland - Auszahlung in 3 Minuten!","twitter_description":"Sofortkredit Vergleich - G\u00fcnstigste Kredite f\u00fcr Deutschland finden! Kostenlos & Unverbindlich. Kostenlos & Schnell. transparente Vergleiche. Unverbindlich vergleichen.","twitter_image":"https:\/\/s3-eu-west-1.amazonaws.com\/smavaimage\/Banner+Allgemein\/general_970x250.png","twitter_misc":{"Ber\u00e4knad l\u00e4stid":"3 minuter"},"schema":{"@context":"https:\/\/schema.org","@graph":[{"@type":"WebPage","@id":"https:\/\/www.bankweb.com\/de\/sofortkredit\/","url":"https:\/\/www.bankweb.com\/de\/sofortkredit\/","name":"G\u00fcnstiger Sofortkredit vergleich Deutschland - Auszahlung in 3 Minuten!","isPartOf":{"@id":"https:\/\/www.bankweb.com\/de\/#website"},"primaryImageOfPage":{"@id":"https:\/\/www.bankweb.com\/de\/sofortkredit\/#primaryimage"},"image":{"@id":"https:\/\/www.bankweb.com\/de\/sofortkredit\/#primaryimage"},"thumbnailUrl":"https:\/\/s3-eu-west-1.amazonaws.com\/smavaimage\/Banner+Allgemein\/general_970x250.png","datePublished":"2019-03-01T10:43:37+00:00","dateModified":"2019-10-15T11:33:26+00:00","description":"Sofortkredit Vergleich - G\u00fcnstigste Kredite f\u00fcr Deutschland finden! Kostenlos & Unverbindlich. Kostenlos & Schnell. transparente Vergleiche. Unverbindlich vergleichen.","breadcrumb":{"@id":"https:\/\/www.bankweb.com\/de\/sofortkredit\/#breadcrumb"},"inLanguage":"sv-SE","potentialAction":[{"@type":"ReadAction","target":["https:\/\/www.bankweb.com\/de\/sofortkredit\/"]}]},{"@type":"ImageObject","inLanguage":"sv-SE","@id":"https:\/\/www.bankweb.com\/de\/sofortkredit\/#primaryimage","url":"https:\/\/s3-eu-west-1.amazonaws.com\/smavaimage\/Banner+Allgemein\/general_970x250.png","contentUrl":"https:\/\/s3-eu-west-1.amazonaws.com\/smavaimage\/Banner+Allgemein\/general_970x250.png"},{"@type":"BreadcrumbList","@id":"https:\/\/www.bankweb.com\/de\/sofortkredit\/#breadcrumb","itemListElement":[{"@type":"ListItem","position":1,"name":"Hem","item":"https:\/\/www.bankweb.com\/de\/"},{"@type":"ListItem","position":2,"name":"Sofortkredit"}]},{"@type":"WebSite","@id":"https:\/\/www.bankweb.com\/de\/#website","url":"https:\/\/www.bankweb.com\/de\/","name":"Bankweb.com Germany","description":"","publisher":{"@id":"https:\/\/www.bankweb.com\/de\/#organization"},"potentialAction":[{"@type":"SearchAction","target":{"@type":"EntryPoint","urlTemplate":"https:\/\/www.bankweb.com\/de\/?s={search_term_string}"},"query-input":"required name=search_term_string"}],"inLanguage":"sv-SE"},{"@type":"Organization","@id":"https:\/\/www.bankweb.com\/de\/#organization","name":"Bankweb.com","url":"https:\/\/www.bankweb.com\/de\/","logo":{"@type":"ImageObject","inLanguage":"sv-SE","@id":"https:\/\/www.bankweb.com\/de\/#\/schema\/logo\/image\/","url":"https:\/\/www.bankweb.com\/de\/wp-content\/uploads\/2019\/11\/245px_bankweb_logo.png","contentUrl":"https:\/\/www.bankweb.com\/de\/wp-content\/uploads\/2019\/11\/245px_bankweb_logo.png","width":245,"height":49,"caption":"Bankweb.com"},"image":{"@id":"https:\/\/www.bankweb.com\/de\/#\/schema\/logo\/image\/"}}]}},"_links":{"self":[{"href":"https:\/\/www.bankweb.com\/de\/wp-json\/wp\/v2\/pages\/6324","targetHints":{"allow":["GET"]}}],"collection":[{"href":"https:\/\/www.bankweb.com\/de\/wp-json\/wp\/v2\/pages"}],"about":[{"href":"https:\/\/www.bankweb.com\/de\/wp-json\/wp\/v2\/types\/page"}],"author":[{"embeddable":true,"href":"https:\/\/www.bankweb.com\/de\/wp-json\/wp\/v2\/users\/4"}],"replies":[{"embeddable":true,"href":"https:\/\/www.bankweb.com\/de\/wp-json\/wp\/v2\/comments?post=6324"}],"version-history":[{"count":0,"href":"https:\/\/www.bankweb.com\/de\/wp-json\/wp\/v2\/pages\/6324\/revisions"}],"wp:attachment":[{"href":"https:\/\/www.bankweb.com\/de\/wp-json\/wp\/v2\/media?parent=6324"}],"curies":[{"name":"wp","href":"https:\/\/api.w.org\/{rel}","templated":true}]}}