{"id":6308,"date":"2019-02-28T09:12:27","date_gmt":"2019-02-28T09:12:27","guid":{"rendered":"https:\/\/www.bankweb.com\/de\/?page_id=6308"},"modified":"2019-03-01T11:31:52","modified_gmt":"2019-03-01T11:31:52","slug":"crowdfunding-vergleich","status":"publish","type":"page","link":"https:\/\/www.bankweb.com\/de\/crowdfunding-vergleich\/","title":{"rendered":"Crowdfunding vergleich"},"content":{"rendered":"<h1 class=\"kredith1\">Crowdfunding Deutschland vergleich<\/h1>\n<p>Die Welt ist in st\u00e4ndiger Ver\u00e4nderung, ebenso die Finanzwelt. Als Konsequenz werden immer wieder neue Finanzierungsmodelle und Anlagem\u00f6glichkeiten entwickelt. Ein solches neues Finanzierungsmodell ist die Schwarmfinanzierung, auch unter dem englischen Begriff Crowdfunding bekannt. Deren Funktionsweise, Geschichte und die Situation in Deutschland werden wir nachfolgend erl\u00e4utern.<br \/>\n&nbsp;<br \/>\n<iframe onload=\"fa_iframeresize.do(this);\" src=\"https:\/\/tools.financeads.net\/crowdinvestingrechner.php?tp=dif&#038;h=1&#038;wf=26741&#038;ntpl=responsive\" scrolling=\"no\" width=\"100%\" style=\"padding:0px;margin:0px;border-width:0px;\" frameborder=\"0\"><\/iframe><script type=\"text\/javascript\" src=\"\/\/js.financeads.net\/iframeResizeMe.min.js.gz\"><\/script><br \/>\n&nbsp;<\/p>\n<h2>Was ist Crowdfunding?<\/h2>\n<p>Unter dem Begriff der Schwarmfinanzierung versteht man die Finanzierung eines Projekts, Produkts oder einer Gesch\u00e4ftsidee nicht durch einen oder einige wenige Geldgeber, sondern durch kleine Beitr\u00e4ge von einer gro\u00dfen Gruppe.<br \/>\n&nbsp;<br \/>\nJe nach Modell erhalten die Geldgeber f\u00fcr ihre Investition eine Beteiligung am Gewinn, eine vorher bestimmte Belohnung oder eine blo\u00dfe Danksagung.<br \/>\n&nbsp;<br \/>\n<img loading=\"lazy\" decoding=\"async\" src=\"https:\/\/www.bankweb.com\/de\/wp-content\/uploads\/2019\/02\/crowdfunding-1024x683.jpg\" alt=\"crowdfunding plattformen deutschland vergleich\" width=\"580\" height=\"387\" class=\"alignnone size-large wp-image-6310\" srcset=\"https:\/\/www.bankweb.com\/de\/wp-content\/uploads\/2019\/02\/crowdfunding-1024x683.jpg 1024w, https:\/\/www.bankweb.com\/de\/wp-content\/uploads\/2019\/02\/crowdfunding-300x200.jpg 300w, https:\/\/www.bankweb.com\/de\/wp-content\/uploads\/2019\/02\/crowdfunding-768x512.jpg 768w, https:\/\/www.bankweb.com\/de\/wp-content\/uploads\/2019\/02\/crowdfunding.jpg 1920w\" sizes=\"auto, (max-width: 580px) 100vw, 580px\" \/><br \/>\n&nbsp;<br \/>\nDer Begriff der Schwarmfinanzierung oder des Crowdfundings ist relativ neu. Klar ist, dass der Begriff Schwarmfinanzierung als ungef\u00e4hre \u00dcbersetzung ins Deutsche sp\u00e4ter entstand. Woher jedoch das Wort Crowdfunding kommt, kann heute nicht mehr nachvollzogen werden. Einige Quellen geben an, dass er bereits im Jahre 2006 zum ersten Mal auftauchte. Andere Quellen behaupten jedoch, dass dieses Wort 2011 zum ersten Mal in der deutschsprachigen Wikipedia, als Neusch\u00f6pfung eines Benutzers, auftauchte.<br \/>\n&nbsp;<\/p>\n<h2>Ein neues altes Modell<\/h2>\n<p>Das Modell der Schwarmfinanzierung ist schon alt, Beispiele daf\u00fcr sind schon aus der Antike bekannt. Sehr beliebt war dieses Modell seit jeher in der Kunst. So wurde es zum Beispiel von Autoren ohne ausreichende finanzielle Mittel zur Finanzierung von B\u00fcchern verwendet.<br \/>\n&nbsp;<br \/>\nEin anderes Beispiel aus der Vergangenheit ist die Finanzierung des Sockels der Freiheitsstatue: Als die Vereinigten Staaten von Amerika diese von Frankreich geschenkt bekamen, verf\u00fcgten sie nur \u00fcber unzureichende finanzielle Mittel, um deren Sockel zu bezahlen. In einer gro\u00dfen Aktion wurde der Sockel, der auch heute noch steht, schlie\u00dflich mit rund 160.000 Kleinspenden finanziert.<br \/>\n&nbsp;<br \/>\nEine neue Beliebtheit erlangte die Schwarmfinanzierung nach der Jahrtausendwende. Ausl\u00f6ser daf\u00fcr war die Gr\u00fcndung der Plattform ArtistShare im Jahre 2001 durch den US-amerikanischen Musiker und Produzenten Brian Camelio. ArtistShare setzte als erste Plattform das Internet zur direkten Finanzierung von K\u00fcnstlern durch ihre Fans ein.<br \/>\n&nbsp;<br \/>\nDie Plattform wurde ein gro\u00dfer Erfolg und als Folge wurden bald viele weitere solche Webseiten, dazu geh\u00f6ren zum Beispiel bekannte Namen wie IndieGoGo, Kickstarter und GoFundMe, ins Leben gerufen. Die meisten dieser Schwarmfinanzierungsplattformen dienen auch heute noch der Finanzierung von K\u00fcnstlern, es gibt aber auch Plattformen, die allen offen stehen.<br \/>\n&nbsp;<\/p>\n<h3>Crowdfunding in Deutschland<\/h3>\n<p>In Deutschland dauerte es ein paar Jahre l\u00e4nger, bis sich die Schwarmfinanzierung durchsetzte. Ein erster Versuch wurde 2004 mit der Finanzierung eines Films unternommen, \u00e4hnliche Projekte sind auch aus dem Jahr 2011 dokumentiert. Ein Grund daf\u00fcr, warum Deutschland hier so lange zur\u00fcckblieb, d\u00fcrfte die Tatsache sein, dass die ersten Crowdfunding-Plattformen ausschlie\u00dflich in englischer Sprache existierten.<br \/>\n&nbsp;<br \/>\n<img loading=\"lazy\" decoding=\"async\" src=\"https:\/\/www.bankweb.com\/de\/wp-content\/uploads\/2019\/02\/crowdfunding-1024x768.png\" alt=\"crowdfunding\" width=\"580\" height=\"435\" class=\"alignnone size-large wp-image-6311\" srcset=\"https:\/\/www.bankweb.com\/de\/wp-content\/uploads\/2019\/02\/crowdfunding-1024x768.png 1024w, https:\/\/www.bankweb.com\/de\/wp-content\/uploads\/2019\/02\/crowdfunding-300x225.png 300w, https:\/\/www.bankweb.com\/de\/wp-content\/uploads\/2019\/02\/crowdfunding-768x576.png 768w, https:\/\/www.bankweb.com\/de\/wp-content\/uploads\/2019\/02\/crowdfunding.png 1280w\" sizes=\"auto, (max-width: 580px) 100vw, 580px\" \/><br \/>\n&nbsp;<br \/>\nDoch als sich der Erfolg des Crowdfundings in den Vereinigten Staaten von Amerika und in anderen L\u00e4ndern, klar abzuzeichnen schien, wollten auch die Deutschen nicht au\u00dfen vor bleiben. In der Folge entstanden auch hier die ersten Schwarmfinanzierungsplattformen.<br \/>\n&nbsp;<br \/>\nAm erfolgreichsten sind hierzulande die Plattformen Startnext, Steady und 99 Funken. Aber die gro\u00dfen Crowdfundingplattformen in den Vereinigten Staaten wollten den deutschen Markt nicht alleine der neuen Konkurrenz \u00fcberlassen. Mit deutschen \u00dcbersetzungen gelang es so schlie\u00dflich auch Kickstarter und IndieGoGo, auf dem deutschen Markt Fu\u00df zu fassen.<br \/>\n&nbsp;<\/p>\n<h4>Unterschiede zu den Vereinigten Staaten<\/h4>\n<p>Anders als in den Vereinigten Staaten von Amerika wird die Crowsfunding in Deutschland weniger von Musikern und anderen K\u00fcnstlern genutzt, daf\u00fcr bedeutend mehr von Start-ups. Die Gr\u00fcnde daf\u00fcr d\u00fcrften in den unterschiedlichen Finanzierungsm\u00f6glichkeiten in den beiden L\u00e4ndern liegen.<br \/>\n&nbsp;<br \/>\nIn den Vereinigten Staaten ist es f\u00fcr junge Unternehmer mit einer guten Idee relativ leicht, sogenanntes Venture Capital von privaten Investoren oder Venture-Fonds zu erhalten. In Deutschland ist diese Option fast gar nicht vorhanden und folglich m\u00fcssen sich Start-ups auf die Banken, oder aber eben auf die Schwarmfinanzierung, verlassen.<br \/>\n&nbsp;<br \/>\nSo verwundert es dann auch nicht, dass in Deutschland auch die etablierten Banken in die Schwarmfinanzierung einsteigen. Ein Beispiel daf\u00fcr ist die Plattform 99 Funken, hinter der die Sparkasse steht.<\/p>\n","protected":false},"excerpt":{"rendered":"<p>Crowdfunding Deutschland vergleich Die Welt ist in st\u00e4ndiger Ver\u00e4nderung, ebenso die Finanzwelt. Als Konsequenz werden immer wieder neue Finanzierungsmodelle und Anlagem\u00f6glichkeiten entwickelt. Ein solches neues Finanzierungsmodell ist die Schwarmfinanzierung, auch unter dem englischen Begriff Crowdfunding bekannt. Deren Funktionsweise, Geschichte und [&hellip;]<\/p>\n","protected":false},"author":4,"featured_media":0,"parent":0,"menu_order":0,"comment_status":"closed","ping_status":"closed","template":"","meta":{"footnotes":""},"class_list":["post-6308","page","type-page","status-publish","hentry"],"yoast_head":"<!-- This site is optimized with the Yoast SEO plugin v22.6 - https:\/\/yoast.com\/wordpress\/plugins\/seo\/ -->\n<title>Crowdfunding-Anbieter Vergleich Test &amp; Vergleich - Plattformen \u00dcbersicht<\/title>\n<meta name=\"description\" content=\"Crowdfunding Vergleich 2019 \u00bb Crowdfunding Anbieter im Test - Hier findest du verschiedene Crowdfunding Plattformen im \u00dcberblick - Crowdfunding M\u00f6glichkeiten in Deutschland\" \/>\n<meta name=\"robots\" content=\"index, follow, max-snippet:-1, max-image-preview:large, max-video-preview:-1\" \/>\n<link rel=\"canonical\" href=\"https:\/\/www.bankweb.com\/de\/crowdfunding-vergleich\/\" \/>\n<meta name=\"twitter:card\" content=\"summary_large_image\" \/>\n<meta name=\"twitter:title\" content=\"Crowdfunding-Anbieter Vergleich Test &amp; Vergleich - Plattformen \u00dcbersicht\" \/>\n<meta name=\"twitter:description\" content=\"Crowdfunding Vergleich 2019 \u00bb Crowdfunding Anbieter im Test - Hier findest du verschiedene Crowdfunding Plattformen im \u00dcberblick - Crowdfunding M\u00f6glichkeiten in Deutschland\" \/>\n<meta name=\"twitter:image\" content=\"https:\/\/www.bankweb.com\/de\/wp-content\/uploads\/2019\/02\/crowdfunding.jpg\" \/>\n<meta name=\"twitter:label1\" content=\"Ber\u00e4knad l\u00e4stid\" \/>\n\t<meta name=\"twitter:data1\" content=\"3 minuter\" \/>\n<script type=\"application\/ld+json\" class=\"yoast-schema-graph\">{\"@context\":\"https:\/\/schema.org\",\"@graph\":[{\"@type\":\"WebPage\",\"@id\":\"https:\/\/www.bankweb.com\/de\/crowdfunding-vergleich\/\",\"url\":\"https:\/\/www.bankweb.com\/de\/crowdfunding-vergleich\/\",\"name\":\"Crowdfunding-Anbieter Vergleich Test & Vergleich - Plattformen \u00dcbersicht\",\"isPartOf\":{\"@id\":\"https:\/\/www.bankweb.com\/de\/#website\"},\"primaryImageOfPage\":{\"@id\":\"https:\/\/www.bankweb.com\/de\/crowdfunding-vergleich\/#primaryimage\"},\"image\":{\"@id\":\"https:\/\/www.bankweb.com\/de\/crowdfunding-vergleich\/#primaryimage\"},\"thumbnailUrl\":\"https:\/\/www.bankweb.com\/de\/wp-content\/uploads\/2019\/02\/crowdfunding-1024x683.jpg\",\"datePublished\":\"2019-02-28T09:12:27+00:00\",\"dateModified\":\"2019-03-01T11:31:52+00:00\",\"description\":\"Crowdfunding Vergleich 2019 \u00bb Crowdfunding Anbieter im Test - Hier findest du verschiedene Crowdfunding Plattformen im \u00dcberblick - Crowdfunding M\u00f6glichkeiten in Deutschland\",\"breadcrumb\":{\"@id\":\"https:\/\/www.bankweb.com\/de\/crowdfunding-vergleich\/#breadcrumb\"},\"inLanguage\":\"sv-SE\",\"potentialAction\":[{\"@type\":\"ReadAction\",\"target\":[\"https:\/\/www.bankweb.com\/de\/crowdfunding-vergleich\/\"]}]},{\"@type\":\"ImageObject\",\"inLanguage\":\"sv-SE\",\"@id\":\"https:\/\/www.bankweb.com\/de\/crowdfunding-vergleich\/#primaryimage\",\"url\":\"https:\/\/www.bankweb.com\/de\/wp-content\/uploads\/2019\/02\/crowdfunding.jpg\",\"contentUrl\":\"https:\/\/www.bankweb.com\/de\/wp-content\/uploads\/2019\/02\/crowdfunding.jpg\",\"width\":1920,\"height\":1280,\"caption\":\"crowdfunding plattformen deutschland vergleich\"},{\"@type\":\"BreadcrumbList\",\"@id\":\"https:\/\/www.bankweb.com\/de\/crowdfunding-vergleich\/#breadcrumb\",\"itemListElement\":[{\"@type\":\"ListItem\",\"position\":1,\"name\":\"Hem\",\"item\":\"https:\/\/www.bankweb.com\/de\/\"},{\"@type\":\"ListItem\",\"position\":2,\"name\":\"Crowdfunding vergleich\"}]},{\"@type\":\"WebSite\",\"@id\":\"https:\/\/www.bankweb.com\/de\/#website\",\"url\":\"https:\/\/www.bankweb.com\/de\/\",\"name\":\"Bankweb.com Germany\",\"description\":\"\",\"publisher\":{\"@id\":\"https:\/\/www.bankweb.com\/de\/#organization\"},\"potentialAction\":[{\"@type\":\"SearchAction\",\"target\":{\"@type\":\"EntryPoint\",\"urlTemplate\":\"https:\/\/www.bankweb.com\/de\/?s={search_term_string}\"},\"query-input\":\"required name=search_term_string\"}],\"inLanguage\":\"sv-SE\"},{\"@type\":\"Organization\",\"@id\":\"https:\/\/www.bankweb.com\/de\/#organization\",\"name\":\"Bankweb.com\",\"url\":\"https:\/\/www.bankweb.com\/de\/\",\"logo\":{\"@type\":\"ImageObject\",\"inLanguage\":\"sv-SE\",\"@id\":\"https:\/\/www.bankweb.com\/de\/#\/schema\/logo\/image\/\",\"url\":\"https:\/\/www.bankweb.com\/de\/wp-content\/uploads\/2019\/11\/245px_bankweb_logo.png\",\"contentUrl\":\"https:\/\/www.bankweb.com\/de\/wp-content\/uploads\/2019\/11\/245px_bankweb_logo.png\",\"width\":245,\"height\":49,\"caption\":\"Bankweb.com\"},\"image\":{\"@id\":\"https:\/\/www.bankweb.com\/de\/#\/schema\/logo\/image\/\"}}]}<\/script>\n<!-- \/ Yoast SEO plugin. -->","yoast_head_json":{"title":"Crowdfunding-Anbieter Vergleich Test & Vergleich - Plattformen \u00dcbersicht","description":"Crowdfunding Vergleich 2019 \u00bb Crowdfunding Anbieter im Test - Hier findest du verschiedene Crowdfunding Plattformen im \u00dcberblick - Crowdfunding M\u00f6glichkeiten in Deutschland","robots":{"index":"index","follow":"follow","max-snippet":"max-snippet:-1","max-image-preview":"max-image-preview:large","max-video-preview":"max-video-preview:-1"},"canonical":"https:\/\/www.bankweb.com\/de\/crowdfunding-vergleich\/","twitter_card":"summary_large_image","twitter_title":"Crowdfunding-Anbieter Vergleich Test & Vergleich - Plattformen \u00dcbersicht","twitter_description":"Crowdfunding Vergleich 2019 \u00bb Crowdfunding Anbieter im Test - Hier findest du verschiedene Crowdfunding Plattformen im \u00dcberblick - Crowdfunding M\u00f6glichkeiten in Deutschland","twitter_image":"https:\/\/www.bankweb.com\/de\/wp-content\/uploads\/2019\/02\/crowdfunding.jpg","twitter_misc":{"Ber\u00e4knad l\u00e4stid":"3 minuter"},"schema":{"@context":"https:\/\/schema.org","@graph":[{"@type":"WebPage","@id":"https:\/\/www.bankweb.com\/de\/crowdfunding-vergleich\/","url":"https:\/\/www.bankweb.com\/de\/crowdfunding-vergleich\/","name":"Crowdfunding-Anbieter Vergleich Test & Vergleich - Plattformen \u00dcbersicht","isPartOf":{"@id":"https:\/\/www.bankweb.com\/de\/#website"},"primaryImageOfPage":{"@id":"https:\/\/www.bankweb.com\/de\/crowdfunding-vergleich\/#primaryimage"},"image":{"@id":"https:\/\/www.bankweb.com\/de\/crowdfunding-vergleich\/#primaryimage"},"thumbnailUrl":"https:\/\/www.bankweb.com\/de\/wp-content\/uploads\/2019\/02\/crowdfunding-1024x683.jpg","datePublished":"2019-02-28T09:12:27+00:00","dateModified":"2019-03-01T11:31:52+00:00","description":"Crowdfunding Vergleich 2019 \u00bb Crowdfunding Anbieter im Test - Hier findest du verschiedene Crowdfunding Plattformen im \u00dcberblick - Crowdfunding M\u00f6glichkeiten in Deutschland","breadcrumb":{"@id":"https:\/\/www.bankweb.com\/de\/crowdfunding-vergleich\/#breadcrumb"},"inLanguage":"sv-SE","potentialAction":[{"@type":"ReadAction","target":["https:\/\/www.bankweb.com\/de\/crowdfunding-vergleich\/"]}]},{"@type":"ImageObject","inLanguage":"sv-SE","@id":"https:\/\/www.bankweb.com\/de\/crowdfunding-vergleich\/#primaryimage","url":"https:\/\/www.bankweb.com\/de\/wp-content\/uploads\/2019\/02\/crowdfunding.jpg","contentUrl":"https:\/\/www.bankweb.com\/de\/wp-content\/uploads\/2019\/02\/crowdfunding.jpg","width":1920,"height":1280,"caption":"crowdfunding plattformen deutschland vergleich"},{"@type":"BreadcrumbList","@id":"https:\/\/www.bankweb.com\/de\/crowdfunding-vergleich\/#breadcrumb","itemListElement":[{"@type":"ListItem","position":1,"name":"Hem","item":"https:\/\/www.bankweb.com\/de\/"},{"@type":"ListItem","position":2,"name":"Crowdfunding vergleich"}]},{"@type":"WebSite","@id":"https:\/\/www.bankweb.com\/de\/#website","url":"https:\/\/www.bankweb.com\/de\/","name":"Bankweb.com Germany","description":"","publisher":{"@id":"https:\/\/www.bankweb.com\/de\/#organization"},"potentialAction":[{"@type":"SearchAction","target":{"@type":"EntryPoint","urlTemplate":"https:\/\/www.bankweb.com\/de\/?s={search_term_string}"},"query-input":"required name=search_term_string"}],"inLanguage":"sv-SE"},{"@type":"Organization","@id":"https:\/\/www.bankweb.com\/de\/#organization","name":"Bankweb.com","url":"https:\/\/www.bankweb.com\/de\/","logo":{"@type":"ImageObject","inLanguage":"sv-SE","@id":"https:\/\/www.bankweb.com\/de\/#\/schema\/logo\/image\/","url":"https:\/\/www.bankweb.com\/de\/wp-content\/uploads\/2019\/11\/245px_bankweb_logo.png","contentUrl":"https:\/\/www.bankweb.com\/de\/wp-content\/uploads\/2019\/11\/245px_bankweb_logo.png","width":245,"height":49,"caption":"Bankweb.com"},"image":{"@id":"https:\/\/www.bankweb.com\/de\/#\/schema\/logo\/image\/"}}]}},"_links":{"self":[{"href":"https:\/\/www.bankweb.com\/de\/wp-json\/wp\/v2\/pages\/6308","targetHints":{"allow":["GET"]}}],"collection":[{"href":"https:\/\/www.bankweb.com\/de\/wp-json\/wp\/v2\/pages"}],"about":[{"href":"https:\/\/www.bankweb.com\/de\/wp-json\/wp\/v2\/types\/page"}],"author":[{"embeddable":true,"href":"https:\/\/www.bankweb.com\/de\/wp-json\/wp\/v2\/users\/4"}],"replies":[{"embeddable":true,"href":"https:\/\/www.bankweb.com\/de\/wp-json\/wp\/v2\/comments?post=6308"}],"version-history":[{"count":0,"href":"https:\/\/www.bankweb.com\/de\/wp-json\/wp\/v2\/pages\/6308\/revisions"}],"wp:attachment":[{"href":"https:\/\/www.bankweb.com\/de\/wp-json\/wp\/v2\/media?parent=6308"}],"curies":[{"name":"wp","href":"https:\/\/api.w.org\/{rel}","templated":true}]}}