{"id":6244,"date":"2018-11-29T09:37:10","date_gmt":"2018-11-29T09:37:10","guid":{"rendered":"https:\/\/www.bankweb.com\/de\/?page_id=6244"},"modified":"2018-11-29T09:41:34","modified_gmt":"2018-11-29T09:41:34","slug":"zahnzusatzversicherung","status":"publish","type":"page","link":"https:\/\/www.bankweb.com\/de\/zahnzusatzversicherung\/","title":{"rendered":"Zahnzusatzversicherung"},"content":{"rendered":"<h1 class=\"kredith1\">Zus\u00e4tzliche Zahnbehandlungen? Werden versichert!<\/h1>\n<p>Wer gesetzlich krankenversichert ist, hat Anspruch auf Regelleistungen, die mit allen Krankenkassen vertraglich oder gesetzlich festgeschrieben sind. Diese Regelleistungen sind f\u00fcr die Versicherten kostenlos. Weitergehende oder andersartige Leistungen sind dann entweder von den Patienten aus eigener Tasche zu zahlen oder sie erhalten einen Anteil von der Krankenkasse zur\u00fcck.<br \/>\n&nbsp;<br \/>\n<iframe onload=\"fa_iframeresize.do(this);\" src=\"https:\/\/tools.financeads.net\/zahnzusatzrechner.php?tp=dif&#038;h=1&#038;wf=26741&#038;c=40&#038;ntpl=responsive\" scrolling=\"no\" width=\"100%\" style=\"padding:0px;margin:0px;border-width:0px;\" frameborder=\"0\"><\/iframe><script type=\"text\/javascript\" src=\"\/\/js.financeads.net\/iframeResizeMe.min.js.gz\"><\/script><br \/>\n&nbsp;<br \/>\n<em>Diese sind ein Angebot der financeAds GmbH &#038; Co. KG, Karlstra\u00dfe 9, 90403 N\u00fcrnberg (Tel. 0911 148783-0, Fax 0911 148783-29, E-Mail contact.de@financeads.net). Registergericht Amtsgericht N\u00fcrnberg HRA 14415, USt.-IdNr. DE251399704. Vertreten durch die pers\u00f6nlich haftende Gesellschafterin: financeDigital GmbH, Karlstra\u00dfe 9, 90403 N\u00fcrnberg, Registergericht Amtsgericht N\u00fcrnberg HRB 23019, diese vertreten durch den Gesch\u00e4ftsf\u00fchrer Ralf Fischer. Erlaubnis nach \u00a7 34 d GewO: Die financeAds GmbH &#038; Co. KG ist Versicherungsmakler mit Erlaubnispflicht nach \u00a7 34d Abs. 1 GewO. Registrierungsnummer: D-XQLT-GQ4ZP-78. IHK f\u00fcr M\u00fcnchen &#038; Oberbayern, Balanstr. 55-59, 81541 M\u00fcnchen. Versicherungsvermittlerregister: www.vermittlerregister.info<\/em><br \/>\n&nbsp;<\/p>\n<h2>Kosten, die von gesetzlichen Krankenkasse \u00fcbernommen werden<\/h2>\n<p>Zahn\u00e4rztliche Leistungen, die von der gesetzlichen Krankenkasse nicht oder nur teilweise \u00fcbernommen werden, k\u00f6nnen dann f\u00fcr den Versicherten finanziell sehr belastend sein. Bei einer Diagnose des Zahnarztes und einer anschlie\u00dfenden Beratung informiert der Zahnarzt umfassend \u00fcber die m\u00f6gliche Behandlung und die Kosten.<br \/>\n&nbsp;<br \/>\nMeistens sind mehrere M\u00f6glichkeiten f\u00fcr eine Behandlung gegeben. Davon sollte immer eine von der gesetzlichen Krankenkasse empfohlen sein. Hierbei k\u00f6nnen aber auch Kosten f\u00fcr den Patienten anfallen. Diese sind teilweise auch davon abh\u00e4ngig, ob der Patient in der Vergangenheit regelm\u00e4\u00dfig die Vorsorgeuntersuchungen wahrgenommen hat.<br \/>\n&nbsp;<br \/>\n<img loading=\"lazy\" decoding=\"async\" src=\"https:\/\/www.bankweb.com\/de\/wp-content\/uploads\/2018\/11\/Zahnzusatzversicherung-2-1024x682.jpg\" alt=\"Zahnzusatzversicherung\" width=\"580\" height=\"386\" class=\"alignnone size-large wp-image-6245\" srcset=\"https:\/\/www.bankweb.com\/de\/wp-content\/uploads\/2018\/11\/Zahnzusatzversicherung-2-1024x682.jpg 1024w, https:\/\/www.bankweb.com\/de\/wp-content\/uploads\/2018\/11\/Zahnzusatzversicherung-2-300x200.jpg 300w, https:\/\/www.bankweb.com\/de\/wp-content\/uploads\/2018\/11\/Zahnzusatzversicherung-2-768x512.jpg 768w, https:\/\/www.bankweb.com\/de\/wp-content\/uploads\/2018\/11\/Zahnzusatzversicherung-2.jpg 1920w\" sizes=\"auto, (max-width: 580px) 100vw, 580px\" \/><br \/>\n&nbsp;<\/p>\n<h2>Zahnzusatzversicherungen<\/h2>\n<p>In Deutschland gibt es \u00fcber 300 Zahnzusatzversicherungstarife. Diese kann man einteilen in Tarife, die sich nach der Art des Schadens oder in die, die sich am Lebensalter des Versicherten orientieren.<br \/>\n&nbsp;<\/p>\n<h3>Schadenversicherung<\/h3>\n<p>Je nach den Sch\u00e4den, die abgesichert werden, ist der Versicherungsbeitrag berechnet. Er kann durch Kostensteigerungen im Gesundheitswesen steigen, aber auch abh\u00e4ngig vom Alter des Versicherten teurer werden. Es gibt mehr Versicherungen nach Art des Schadens.<br \/>\n&nbsp;<br \/>\nSo haben die Versicherten hier deutlich bessere Vergleichs- und Tarifm\u00f6glichkeiten. Die Tarife sind f\u00fcr junge Patienten meist deutlich g\u00fcnstiger, werden aber im Alter meist teurer als die Versicherungen, die an das Alter gekoppelt sind.<br \/>\n&nbsp;<\/p>\n<h3>Lebensversicherung<\/h3>\n<p>Diese Zahnzusatzversicherung ist an das Alter des Versicherten gekoppelt. F\u00fcr junge Patienten sind die Tarife daher sehr g\u00fcnstig. Hierbei werden auch R\u00fcckstellungen f\u00fcr das Alter gebildet, sodass der Beitrag aufgrund des Alters nicht steigt. Generelle Beitragserh\u00f6hungen k\u00f6nnen jedoch erfolgen.<br \/>\n&nbsp;<br \/>\nDer Versicherer darf jedoch einen laufenden Vertrag nicht k\u00fcndigen. F\u00fcr beide Versicherungsarten gilt, dass die Beitr\u00e4ge aus verschiedenen Gr\u00fcnden, wie beispielsweise Kostensteigerungen im Gesundheitswesen oder Bewegungen auf dem Kapitalmarkt angepasst werden k\u00f6nnen.<br \/>\n&nbsp;<\/p>\n<h3>Welcher Tarif ist besser?<\/h3>\n<p>Ob eine der beiden Versicherungsarten auf eine l\u00e4ngere Zeitdauer gesehen g\u00fcnstiger f\u00fcr einen Versicherten ist, ist nicht abzusehen, da die Entwicklungen sowohl im Gesundheitswesen und auch im Kapitalmarkt nicht vorhersehbar sind.<br \/>\n&nbsp;<br \/>\n<img loading=\"lazy\" decoding=\"async\" src=\"https:\/\/www.bankweb.com\/de\/wp-content\/uploads\/2018\/11\/Zahnzusatzversicherung-1-1024x1024.png\" alt=\"zahnzusatzversicherung deutschland\" width=\"580\" height=\"580\" class=\"alignnone size-large wp-image-6246\" srcset=\"https:\/\/www.bankweb.com\/de\/wp-content\/uploads\/2018\/11\/Zahnzusatzversicherung-1-1024x1024.png 1024w, https:\/\/www.bankweb.com\/de\/wp-content\/uploads\/2018\/11\/Zahnzusatzversicherung-1-150x150.png 150w, https:\/\/www.bankweb.com\/de\/wp-content\/uploads\/2018\/11\/Zahnzusatzversicherung-1-300x300.png 300w, https:\/\/www.bankweb.com\/de\/wp-content\/uploads\/2018\/11\/Zahnzusatzversicherung-1-768x768.png 768w, https:\/\/www.bankweb.com\/de\/wp-content\/uploads\/2018\/11\/Zahnzusatzversicherung-1.png 1280w\" sizes=\"auto, (max-width: 580px) 100vw, 580px\" \/><br \/>\n&nbsp;<br \/>\nEbenso ist es individuell unterschiedlich, gegen welche Risiken und Sch\u00e4den man sich absichern kann. Ob die Versicherer mit ihren Leistungen die Rechnungskosten bis zu einer H\u00f6he von 100 Prozent abdecken oder weniger zahlen oder eine Selbstbeteiligung von vornherein einkalkuliert ist, ist auch von der Police abh\u00e4ngig und hat Einfluss auf die Versicherungsrate.<br \/>\n&nbsp;<br \/>\nSofern von der Krankenkasse eine Zuzahlung erfolgt, wird die Zahnzusatzversicherung nie mehr als den Restbetrag zahlen \u2013 eine Zahlung \u00fcber 100 Prozent ist nicht m\u00f6glich.<br \/>\n&nbsp;<\/p>\n<h4>Worauf sollte man noch achten?<\/h4>\n<p>Verschiedene Anbieter sollten auch hinsichtlich ihrer Versicherungsvoraussetzungen verglichen werden:<br \/>\n&nbsp;<\/p>\n<ul>\n<li>Gibt es Wartezeiten? Verschiedene Versicherer verlangen eine gewisse Versicherungszeit, bevor die Zahnzusatzversicherung zur G\u00e4nze greift. Das bedeutet, dass bestimmte Leistungen mit Abschluss der Versicherung gew\u00e4hrt werden, andere jedoch erst nach einer im Vertrag festgelegten Zeit. Das kann bedeuten, dass Sie zwar eine Zahnzusatzversicherung haben, diese aber noch nicht den Zahnersatz zahlt. Diese Bedingungen k\u00f6nnen Sie vor Abschluss der Versicherung gezielt erfragen.<\/li>\n<p>&nbsp;<\/p>\n<li>Ist eine hundertprozentige Kostenerstattung beispielsweise f\u00fcr kieferorthop\u00e4dische Ma\u00dfnahmen, Zahnersatz, Zahnimplantate oder Zahnerhalt gew\u00fcnscht? M\u00f6chten Sie bestimmte Leistungen in jedem Fall einschlie\u00dfen, sollten Sie danach auch gezielt suchen oder fragen.<\/li>\n<p>&nbsp;<\/p>\n<li>Sind andere Leistungen, die \u00fcber den Zahnersatz hinausgehen, in der Versicherung enthalten? Manche Versicherer bieten beispielsweise einmal j\u00e4hrlich die Erstattung professioneller Zahnreinigung an. Sie sollten daher vorher \u00fcberlegen, ob diese zus\u00e4tzlichen Leistungen wirklich genutzt werden oder sie einfach nur den Versicherungsbeitrag erh\u00f6hen.<\/li>\n<\/ul>\n<p>&nbsp;<br \/>\nSeit 2013 gilt auch bei den Zahnzusatzversicherungen die \u201eUnisex-Klausel\u201c: Die Tarife bei neu abgeschlossenen Vertr\u00e4gen sind f\u00fcr M\u00e4nner und Frauen gleich.<br \/>\n&nbsp;<br \/>\n<img loading=\"lazy\" decoding=\"async\" src=\"https:\/\/www.bankweb.com\/de\/wp-content\/uploads\/2018\/11\/Zahnzusatzversicherung-1-1024x683.jpg\" alt=\"Zahnzusatz versicherung \" width=\"580\" height=\"387\" class=\"alignnone size-large wp-image-6247\" srcset=\"https:\/\/www.bankweb.com\/de\/wp-content\/uploads\/2018\/11\/Zahnzusatzversicherung-1-1024x683.jpg 1024w, https:\/\/www.bankweb.com\/de\/wp-content\/uploads\/2018\/11\/Zahnzusatzversicherung-1-300x200.jpg 300w, https:\/\/www.bankweb.com\/de\/wp-content\/uploads\/2018\/11\/Zahnzusatzversicherung-1-768x512.jpg 768w, https:\/\/www.bankweb.com\/de\/wp-content\/uploads\/2018\/11\/Zahnzusatzversicherung-1.jpg 1920w\" sizes=\"auto, (max-width: 580px) 100vw, 580px\" \/><br \/>\n&nbsp;<br \/>\nBei verschiedenen Tests, die von der Stiftung Warentest in verschiedenen Zeitr\u00e4umen durchgef\u00fchrt wurden, stellte sich unter anderem heraus, dass sich die Leistungen der in den letzten Jahren abgeschlossenen Policen verbessert haben.<br \/>\n&nbsp;<br \/>\nDaher sollten Versicherungsnehmer, die eine Zahnzusatzversicherung vor dem Jahr 2010 abgeschlossen haben, \u00fcberpr\u00fcfen, ob sie mit einer aktuelleren Police nicht besser versichert sind. Bei einem Wechsel innerhalb der Versicherung bewahren Sie Ihre durch den alten Vertrag bereits erworbenen Rechte. Wartezeiten beispielsweise entfallen dann.<br \/>\n&nbsp;<br \/>\nBeim Abschluss einer Zahnzusatzversicherung sollten Sie die Fragen nach Vorerkrankungen immer wahrheitsgem\u00e4\u00df beantworten, auch wenn dies zu einer Ablehnung f\u00fchren kann.<br \/>\n&nbsp;<br \/>\nDenn sollte sich im Nachhinein herausstellen, dass Sie von einer Vorerkrankung gewusst haben oder Ihr Zahnarzt vor dem Abschluss der Versicherung die Diagnose bereits erstellt hatte, zahlt die Versicherung im Leistungsfall nicht.<br \/>\n&nbsp;<br \/>\nHaben Sie Bedenken hinsichtlich Vorerkrankungen und der Behandlung, die Sie absichern m\u00f6chten, sollten Sie die Suche nach der geeigneten Zahnzusatzversicherung einem unabh\u00e4ngigen Versicherungsberater oder einem Makler \u00fcberlassen.<\/p>\n","protected":false},"excerpt":{"rendered":"<p>Zus\u00e4tzliche Zahnbehandlungen? Werden versichert! Wer gesetzlich krankenversichert ist, hat Anspruch auf Regelleistungen, die mit allen Krankenkassen vertraglich oder gesetzlich festgeschrieben sind. Diese Regelleistungen sind f\u00fcr die Versicherten kostenlos. Weitergehende oder andersartige Leistungen sind dann entweder von den Patienten aus eigener [&hellip;]<\/p>\n","protected":false},"author":4,"featured_media":0,"parent":0,"menu_order":0,"comment_status":"closed","ping_status":"closed","template":"","meta":{"footnotes":""},"class_list":["post-6244","page","type-page","status-publish","hentry"],"yoast_head":"<!-- This site is optimized with the Yoast SEO plugin v22.6 - https:\/\/yoast.com\/wordpress\/plugins\/seo\/ -->\n<title>Zahnzusatzversicherung Vergleich - Die beste Zahnzusatzversicherung im Test<\/title>\n<meta name=\"description\" content=\"Nirgendwo g\u00fcnstiger Garantie; Angebot direkt online anzeigen - Sparen ohne Qualit\u00e4tsverlust: Finden Sie mit dem Zahnzusatzversicherung-Vergleich von Bankweb.com - Zahnzusatzversicherung im Vergleich\" \/>\n<meta name=\"robots\" content=\"index, follow, max-snippet:-1, max-image-preview:large, max-video-preview:-1\" \/>\n<link rel=\"canonical\" href=\"https:\/\/www.bankweb.com\/de\/zahnzusatzversicherung\/\" \/>\n<meta name=\"twitter:card\" content=\"summary_large_image\" \/>\n<meta name=\"twitter:title\" content=\"Zahnzusatzversicherung Vergleich - Die beste Zahnzusatzversicherung im Test\" \/>\n<meta name=\"twitter:description\" content=\"Nirgendwo g\u00fcnstiger Garantie; Angebot direkt online anzeigen - Sparen ohne Qualit\u00e4tsverlust: Finden Sie mit dem Zahnzusatzversicherung-Vergleich von Bankweb.com - Zahnzusatzversicherung im Vergleich\" \/>\n<meta name=\"twitter:image\" content=\"https:\/\/www.bankweb.com\/de\/wp-content\/uploads\/2018\/11\/Zahnzusatzversicherung-2.jpg\" \/>\n<meta name=\"twitter:label1\" content=\"Ber\u00e4knad l\u00e4stid\" \/>\n\t<meta name=\"twitter:data1\" content=\"5 minuter\" \/>\n<script type=\"application\/ld+json\" class=\"yoast-schema-graph\">{\"@context\":\"https:\/\/schema.org\",\"@graph\":[{\"@type\":\"WebPage\",\"@id\":\"https:\/\/www.bankweb.com\/de\/zahnzusatzversicherung\/\",\"url\":\"https:\/\/www.bankweb.com\/de\/zahnzusatzversicherung\/\",\"name\":\"Zahnzusatzversicherung Vergleich - Die beste Zahnzusatzversicherung im Test\",\"isPartOf\":{\"@id\":\"https:\/\/www.bankweb.com\/de\/#website\"},\"primaryImageOfPage\":{\"@id\":\"https:\/\/www.bankweb.com\/de\/zahnzusatzversicherung\/#primaryimage\"},\"image\":{\"@id\":\"https:\/\/www.bankweb.com\/de\/zahnzusatzversicherung\/#primaryimage\"},\"thumbnailUrl\":\"https:\/\/www.bankweb.com\/de\/wp-content\/uploads\/2018\/11\/Zahnzusatzversicherung-2-1024x682.jpg\",\"datePublished\":\"2018-11-29T09:37:10+00:00\",\"dateModified\":\"2018-11-29T09:41:34+00:00\",\"description\":\"Nirgendwo g\u00fcnstiger Garantie; Angebot direkt online anzeigen - Sparen ohne Qualit\u00e4tsverlust: Finden Sie mit dem Zahnzusatzversicherung-Vergleich von Bankweb.com - Zahnzusatzversicherung im Vergleich\",\"breadcrumb\":{\"@id\":\"https:\/\/www.bankweb.com\/de\/zahnzusatzversicherung\/#breadcrumb\"},\"inLanguage\":\"sv-SE\",\"potentialAction\":[{\"@type\":\"ReadAction\",\"target\":[\"https:\/\/www.bankweb.com\/de\/zahnzusatzversicherung\/\"]}]},{\"@type\":\"ImageObject\",\"inLanguage\":\"sv-SE\",\"@id\":\"https:\/\/www.bankweb.com\/de\/zahnzusatzversicherung\/#primaryimage\",\"url\":\"https:\/\/www.bankweb.com\/de\/wp-content\/uploads\/2018\/11\/Zahnzusatzversicherung-2.jpg\",\"contentUrl\":\"https:\/\/www.bankweb.com\/de\/wp-content\/uploads\/2018\/11\/Zahnzusatzversicherung-2.jpg\",\"width\":1920,\"height\":1279,\"caption\":\"Zahnzusatzversicherung\"},{\"@type\":\"BreadcrumbList\",\"@id\":\"https:\/\/www.bankweb.com\/de\/zahnzusatzversicherung\/#breadcrumb\",\"itemListElement\":[{\"@type\":\"ListItem\",\"position\":1,\"name\":\"Hem\",\"item\":\"https:\/\/www.bankweb.com\/de\/\"},{\"@type\":\"ListItem\",\"position\":2,\"name\":\"Zahnzusatzversicherung\"}]},{\"@type\":\"WebSite\",\"@id\":\"https:\/\/www.bankweb.com\/de\/#website\",\"url\":\"https:\/\/www.bankweb.com\/de\/\",\"name\":\"Bankweb.com Germany\",\"description\":\"\",\"publisher\":{\"@id\":\"https:\/\/www.bankweb.com\/de\/#organization\"},\"potentialAction\":[{\"@type\":\"SearchAction\",\"target\":{\"@type\":\"EntryPoint\",\"urlTemplate\":\"https:\/\/www.bankweb.com\/de\/?s={search_term_string}\"},\"query-input\":\"required name=search_term_string\"}],\"inLanguage\":\"sv-SE\"},{\"@type\":\"Organization\",\"@id\":\"https:\/\/www.bankweb.com\/de\/#organization\",\"name\":\"Bankweb.com\",\"url\":\"https:\/\/www.bankweb.com\/de\/\",\"logo\":{\"@type\":\"ImageObject\",\"inLanguage\":\"sv-SE\",\"@id\":\"https:\/\/www.bankweb.com\/de\/#\/schema\/logo\/image\/\",\"url\":\"https:\/\/www.bankweb.com\/de\/wp-content\/uploads\/2019\/11\/245px_bankweb_logo.png\",\"contentUrl\":\"https:\/\/www.bankweb.com\/de\/wp-content\/uploads\/2019\/11\/245px_bankweb_logo.png\",\"width\":245,\"height\":49,\"caption\":\"Bankweb.com\"},\"image\":{\"@id\":\"https:\/\/www.bankweb.com\/de\/#\/schema\/logo\/image\/\"}}]}<\/script>\n<!-- \/ Yoast SEO plugin. -->","yoast_head_json":{"title":"Zahnzusatzversicherung Vergleich - Die beste Zahnzusatzversicherung im Test","description":"Nirgendwo g\u00fcnstiger Garantie; Angebot direkt online anzeigen - Sparen ohne Qualit\u00e4tsverlust: Finden Sie mit dem Zahnzusatzversicherung-Vergleich von Bankweb.com - Zahnzusatzversicherung im Vergleich","robots":{"index":"index","follow":"follow","max-snippet":"max-snippet:-1","max-image-preview":"max-image-preview:large","max-video-preview":"max-video-preview:-1"},"canonical":"https:\/\/www.bankweb.com\/de\/zahnzusatzversicherung\/","twitter_card":"summary_large_image","twitter_title":"Zahnzusatzversicherung Vergleich - Die beste Zahnzusatzversicherung im Test","twitter_description":"Nirgendwo g\u00fcnstiger Garantie; Angebot direkt online anzeigen - Sparen ohne Qualit\u00e4tsverlust: Finden Sie mit dem Zahnzusatzversicherung-Vergleich von Bankweb.com - Zahnzusatzversicherung im Vergleich","twitter_image":"https:\/\/www.bankweb.com\/de\/wp-content\/uploads\/2018\/11\/Zahnzusatzversicherung-2.jpg","twitter_misc":{"Ber\u00e4knad l\u00e4stid":"5 minuter"},"schema":{"@context":"https:\/\/schema.org","@graph":[{"@type":"WebPage","@id":"https:\/\/www.bankweb.com\/de\/zahnzusatzversicherung\/","url":"https:\/\/www.bankweb.com\/de\/zahnzusatzversicherung\/","name":"Zahnzusatzversicherung Vergleich - Die beste Zahnzusatzversicherung im Test","isPartOf":{"@id":"https:\/\/www.bankweb.com\/de\/#website"},"primaryImageOfPage":{"@id":"https:\/\/www.bankweb.com\/de\/zahnzusatzversicherung\/#primaryimage"},"image":{"@id":"https:\/\/www.bankweb.com\/de\/zahnzusatzversicherung\/#primaryimage"},"thumbnailUrl":"https:\/\/www.bankweb.com\/de\/wp-content\/uploads\/2018\/11\/Zahnzusatzversicherung-2-1024x682.jpg","datePublished":"2018-11-29T09:37:10+00:00","dateModified":"2018-11-29T09:41:34+00:00","description":"Nirgendwo g\u00fcnstiger Garantie; Angebot direkt online anzeigen - Sparen ohne Qualit\u00e4tsverlust: Finden Sie mit dem Zahnzusatzversicherung-Vergleich von Bankweb.com - Zahnzusatzversicherung im Vergleich","breadcrumb":{"@id":"https:\/\/www.bankweb.com\/de\/zahnzusatzversicherung\/#breadcrumb"},"inLanguage":"sv-SE","potentialAction":[{"@type":"ReadAction","target":["https:\/\/www.bankweb.com\/de\/zahnzusatzversicherung\/"]}]},{"@type":"ImageObject","inLanguage":"sv-SE","@id":"https:\/\/www.bankweb.com\/de\/zahnzusatzversicherung\/#primaryimage","url":"https:\/\/www.bankweb.com\/de\/wp-content\/uploads\/2018\/11\/Zahnzusatzversicherung-2.jpg","contentUrl":"https:\/\/www.bankweb.com\/de\/wp-content\/uploads\/2018\/11\/Zahnzusatzversicherung-2.jpg","width":1920,"height":1279,"caption":"Zahnzusatzversicherung"},{"@type":"BreadcrumbList","@id":"https:\/\/www.bankweb.com\/de\/zahnzusatzversicherung\/#breadcrumb","itemListElement":[{"@type":"ListItem","position":1,"name":"Hem","item":"https:\/\/www.bankweb.com\/de\/"},{"@type":"ListItem","position":2,"name":"Zahnzusatzversicherung"}]},{"@type":"WebSite","@id":"https:\/\/www.bankweb.com\/de\/#website","url":"https:\/\/www.bankweb.com\/de\/","name":"Bankweb.com Germany","description":"","publisher":{"@id":"https:\/\/www.bankweb.com\/de\/#organization"},"potentialAction":[{"@type":"SearchAction","target":{"@type":"EntryPoint","urlTemplate":"https:\/\/www.bankweb.com\/de\/?s={search_term_string}"},"query-input":"required name=search_term_string"}],"inLanguage":"sv-SE"},{"@type":"Organization","@id":"https:\/\/www.bankweb.com\/de\/#organization","name":"Bankweb.com","url":"https:\/\/www.bankweb.com\/de\/","logo":{"@type":"ImageObject","inLanguage":"sv-SE","@id":"https:\/\/www.bankweb.com\/de\/#\/schema\/logo\/image\/","url":"https:\/\/www.bankweb.com\/de\/wp-content\/uploads\/2019\/11\/245px_bankweb_logo.png","contentUrl":"https:\/\/www.bankweb.com\/de\/wp-content\/uploads\/2019\/11\/245px_bankweb_logo.png","width":245,"height":49,"caption":"Bankweb.com"},"image":{"@id":"https:\/\/www.bankweb.com\/de\/#\/schema\/logo\/image\/"}}]}},"_links":{"self":[{"href":"https:\/\/www.bankweb.com\/de\/wp-json\/wp\/v2\/pages\/6244","targetHints":{"allow":["GET"]}}],"collection":[{"href":"https:\/\/www.bankweb.com\/de\/wp-json\/wp\/v2\/pages"}],"about":[{"href":"https:\/\/www.bankweb.com\/de\/wp-json\/wp\/v2\/types\/page"}],"author":[{"embeddable":true,"href":"https:\/\/www.bankweb.com\/de\/wp-json\/wp\/v2\/users\/4"}],"replies":[{"embeddable":true,"href":"https:\/\/www.bankweb.com\/de\/wp-json\/wp\/v2\/comments?post=6244"}],"version-history":[{"count":0,"href":"https:\/\/www.bankweb.com\/de\/wp-json\/wp\/v2\/pages\/6244\/revisions"}],"wp:attachment":[{"href":"https:\/\/www.bankweb.com\/de\/wp-json\/wp\/v2\/media?parent=6244"}],"curies":[{"name":"wp","href":"https:\/\/api.w.org\/{rel}","templated":true}]}}