{"id":6192,"date":"2018-09-06T11:10:31","date_gmt":"2018-09-06T11:10:31","guid":{"rendered":"https:\/\/www.bankweb.com\/de\/?page_id=6192"},"modified":"2018-10-02T07:41:15","modified_gmt":"2018-10-02T07:41:15","slug":"privathaftpflichtversicherung","status":"publish","type":"page","link":"https:\/\/www.bankweb.com\/de\/privathaftpflichtversicherung\/","title":{"rendered":"Privathaftpflichtversicherung"},"content":{"rendered":"<h1 class=\"kredith1\">Privathaftpflichtversicherung \u2014 ein wichtiger Begleiter im Alltag<\/h1>\n<p>Kunden, die eine Privathaftpflichtversicherung abgeschlossen haben, sind vor den Gefahren des Alltags gesch\u00fctzt. Schon die kleinste Unachtsamkeit kann immense finanzielle Folgen nach sich ziehen. Sollte es zum \u00c4u\u00dfersten kommen, beispielsweise bei Personensch\u00e4den, k\u00f6nnten die Forderungen so enorm sein, dass derjenige, der den Schaden zugef\u00fcgt hat, ein Leben lang bezahlen muss.<br \/>\n&nbsp;<br \/>\n<iframe onload=\"fa_iframeresize.do(this);\" src=\"https:\/\/tools.financeads.net\/privathaftpflichtrechner.php?tp=dif&#038;h=1&#038;wf=26741&#038;ntpl=responsive\" scrolling=\"no\" width=\"100%\" style=\"padding:0px;margin:0px;border-width:0px;\" frameborder=\"0\"><\/iframe><script type=\"text\/javascript\" src=\"\/\/js.financeads.net\/iframeResizeMe.min.js.gz\"><\/script><\/p>\n<p><em>Die Einbindung der Vergleichsrechner f\u00fcr die Privathaftpflicht-, Risikolebens- und Zahnzusatzversicherung erfolgt als Tippgeber. Diese sind ein Angebot der financeAds GmbH &#038; Co. KG, Karlstra\u00dfe 9, 90403 N\u00fcrnberg (Tel. 0911 148783-0, Fax 0911 148783-29, E-Mail contact.de@financeads.net). Registergericht Amtsgericht N\u00fcrnberg HRA 14415, USt.-IdNr. DE251399704. Vertreten durch die pers\u00f6nlich haftende Gesellschafterin: financeDigital GmbH, Karlstra\u00dfe 9, 90403 N\u00fcrnberg, Registergericht Amtsgericht N\u00fcrnberg HRB 23019, diese vertreten durch den Gesch\u00e4ftsf\u00fchrer Ralf Fischer. Erlaubnis nach \u00a7 34 d GewO: Die financeAds GmbH &#038; Co. KG ist Versicherungsmakler mit Erlaubnispflicht nach \u00a7 34d Abs. 1 GewO. Registrierungsnummer: D-XQLT-GQ4ZP-78. IHK f\u00fcr M\u00fcnchen &#038; Oberbayern, Balanstr. 55-59, 81541 M\u00fcnchen. Versicherungsvermittlerregister: www.vermittlerregister.info<\/em><br \/>\n&nbsp;<br \/>\nLeicht k\u00f6nnen sich f\u00fcnf-, ja sogar sechsstellige Summen ergeben. Es kann schlimmstenfalls zu Pflegeanspr\u00fcchen, Verdienstausf\u00e4llen oder einer Berufsunf\u00e4higkeit kommen. Dar\u00fcber hinaus zu zus\u00e4tzlichen medizinischen Kosten.<br \/>\n&nbsp;<br \/>\nAuch k\u00f6nnen Sachsch\u00e4den, wie etwa ein Wohnungsbrand, der auf die Wohnung des Nachbarn \u00fcbergreift, zu einem finanziellen Fiasko werden. Hat der Versicherte eine Privathaftpflichtversicherung, leistet diese in der Regel.<br \/>\n&nbsp;<br \/>\n<img loading=\"lazy\" decoding=\"async\" src=\"https:\/\/www.bankweb.com\/de\/wp-content\/uploads\/2018\/09\/Privathaftpflichtversicherung-2-1024x712.jpg\" alt=\"Privathaftpflichtversicherung vergleich\" width=\"580\" height=\"403\" class=\"alignnone size-large wp-image-6198\" srcset=\"https:\/\/www.bankweb.com\/de\/wp-content\/uploads\/2018\/09\/Privathaftpflichtversicherung-2-1024x712.jpg 1024w, https:\/\/www.bankweb.com\/de\/wp-content\/uploads\/2018\/09\/Privathaftpflichtversicherung-2-300x209.jpg 300w, https:\/\/www.bankweb.com\/de\/wp-content\/uploads\/2018\/09\/Privathaftpflichtversicherung-2-768x534.jpg 768w, https:\/\/www.bankweb.com\/de\/wp-content\/uploads\/2018\/09\/Privathaftpflichtversicherung-2.jpg 1280w\" sizes=\"auto, (max-width: 580px) 100vw, 580px\" \/><br \/>\n&nbsp;<br \/>\nAber auch sogenannte Bagatellsch\u00e4den, wie etwa das umgesto\u00dfene Rotweinglas, welches auf dem teuren Perser der Freundin landet, k\u00f6nnen kostenintensiv sein. F\u00fcr denjenigen, der eine Privathaftpflicht besitzt, ist der finanzielle Schaden halb so wild.<br \/>\n&nbsp;<br \/>\nDie Privathaftpflichtversicherung sch\u00fctzt den Kunden umfassend. Und zwar kommt sie einerseits f\u00fcr Sch\u00e4den auf, die Versicherte an Dritten verursachen. Andererseits wehrt sie gegen\u00fcber dem Versicherungsnehmer unberechtigte Schadenersatzanspr\u00fcche ab. Der Versicherer \u00fcberpr\u00fcft, in welchem Ausma\u00df der Versicherte f\u00fcr den Schaden schuldtragbar ist.<br \/>\n&nbsp;<br \/>\nGegebenenfalls tr\u00e4gt der Versicherer daf\u00fcr auch die Prozess- sowie die Gerichtskosten.<br \/>\n&nbsp;<\/p>\n<h2>Privathaftpflichtversicherung \u2014 n\u00fctzlich und bezahlbar<\/h2>\n<p>Es ist jedem empfohlen, eine Privathaftpflichtversicherung abzuschlie\u00dfen. Der Jahresbeitrag daf\u00fcr ist nicht teuer und die Preise sind meist stabil. Die meisten Versicherer bieten Privathaftpflichtversicherungen schon mit einer kosteng\u00fcnstigen Mindestabsicherung an.<br \/>\n&nbsp;<br \/>\nTop-Tarife bieten ein vollumf\u00e4ngliches Leistungsangebot und sind oftmals nur wenig teurer. Manche Versicherer haben in ihren Tarifen eine Selbstbeteiligung installiert, die die private Haftpflicht noch besser bezahlbar machen. Daher sollten Kunden nicht ihren eigenen finanziellen Ruin riskieren und an einer Privathaftpflichtversicherung sparen.<br \/>\n&nbsp;<\/p>\n<h3>Privathaftpflichtversicherung \u2014 das sollte sie zwingend beinhalten<\/h3>\n<p>F\u00fcr Kunden ist es wichtig, nicht nur eine private Haftpflichtversicherung zu besitzen, sondern sie sollte auch wichtige Leistungen beinhalten.<br \/>\n&nbsp;<br \/>\nWichtiges in K\u00fcrze:<br \/>\n&nbsp;<\/p>\n<ul>\n<li>Deckungssumme f\u00fcr Personen- und Sachsch\u00e4den von 10 Millionen Euro, am besten 50 Millionen<\/li>\n<li>Forderungsausfallschutz: Der zahlt, wenn ein Sch\u00e4diger nicht zahlen kann<\/li>\n<li>Gewaltopferschutz f\u00fcr vors\u00e4tzlich herbeigef\u00fchrte Personen- und Sachsch\u00e4den<\/li>\n<li>Verlust von Schl\u00fcsseln und das Wechseln der Schl\u00f6sser durch den Schl\u00fcsseldienst<\/li>\n<li>Sachschaden an der Mietwohnung des Versicherten<\/li>\n<li>Umweltsch\u00e4den, wie etwa durch \u00d6ltanks<\/li>\n<\/ul>\n<p>&nbsp;<br \/>\nAu\u00dferdem ist es wichtig f\u00fcr Menschen, die ein Haus bauen oder umbauen m\u00f6chten, dass im Vertrag der privaten Haftpflichtversicherung eine Bauherrenhaftpflichtversicherung eingeschlossen ist.<br \/>\n&nbsp;<br \/>\nIn der privaten Haftpflichtversicherung wird nach Leistungen unterschieden, die f\u00fcr bestimmte Personen, beispielsweise Familien mit Kindern, essenziell sind. F\u00fcr Familien, die Kinder unter sieben Jahren haben, ist es prim\u00e4r, dass f\u00fcr Sch\u00e4den, die diese verursachen, geleistet wird. Dies nennt sich Sch\u00e4den durch deliktunf\u00e4hige Personen. Eine Privathaftpflichtversicherung ohne den Bestandteil \u201edeliktunf\u00e4hige Kinder\u201c muss im Schadenfall nur leisten, wenn die Eltern die Aufsichtspflicht verletzt haben.<br \/>\n&nbsp;<br \/>\n<img loading=\"lazy\" decoding=\"async\" src=\"https:\/\/www.bankweb.com\/de\/wp-content\/uploads\/2018\/09\/Privathaftpflichtversicherung-1-1024x682.jpg\" alt=\"Privathaftpflichtversicherung\" width=\"580\" height=\"386\" class=\"alignnone size-large wp-image-6200\" srcset=\"https:\/\/www.bankweb.com\/de\/wp-content\/uploads\/2018\/09\/Privathaftpflichtversicherung-1-1024x682.jpg 1024w, https:\/\/www.bankweb.com\/de\/wp-content\/uploads\/2018\/09\/Privathaftpflichtversicherung-1-300x200.jpg 300w, https:\/\/www.bankweb.com\/de\/wp-content\/uploads\/2018\/09\/Privathaftpflichtversicherung-1-768x512.jpg 768w, https:\/\/www.bankweb.com\/de\/wp-content\/uploads\/2018\/09\/Privathaftpflichtversicherung-1.jpg 1280w\" sizes=\"auto, (max-width: 580px) 100vw, 580px\" \/><br \/>\n&nbsp;<br \/>\nDaneben gibt es Leistungen, die in allen Versicherungsvertr\u00e4gen eine grundlegende Rolle spielen.<br \/>\n&nbsp;<\/p>\n<h3>Haftpflichtschaden in der Familie und Verwandtschaft<\/h3>\n<p>Etwas anders sieht es mit der Leistung in der Familie und in der Verwandtschaft aus. In der Familie sind per Recht der Versicherungsnehmer und der Gesch\u00e4digte eine Person. Daf\u00fcr gibt es im Schadensfall von der privaten Haftpflichtversicherung keine Leistung. Auch bei Sch\u00e4den in der Verwandtschaft sieht die Versicherungsgesellschaft etwas genauer hin. Denn hier ist ein klassischer Versicherungsbetrug bei derartigen Sachverhalten, auf Erfahrung beruhend, h\u00e4ufig zu verzeichnen.<\/p>\n<h3>Privathaftpflichtversicherung \u2014 wer ist versichert<\/h3>\n<p>In der privaten Haftpflichtversicherung sind der Versicherungsnehmer, sein Ehe- oder Lebenspartner sowie die minderj\u00e4hrigen Kinder mit versichert. Ebenso unverheiratete Kinder, die vollj\u00e4hrig sind, w\u00e4hrend einer Schul- und Berufsausbildung. In manchen privaten Haftpflichtversicherungen sind sogar dauernd pflegebed\u00fcrftige Personen mitversichert, wenn sie im Haushalt des Versicherten leben.<br \/>\n&nbsp;<br \/>\nDiejenigen, die eine private Haftpflichtversicherung abschlie\u00dfen m\u00f6chten, sollten sich vorher genau \u00fcber die Leistungen und das, was sie ben\u00f6tigen, informieren. Denn die Leistungen variieren von Versicherungsgesellschaft zu Versicherungsgesellschaft. Zudem spielt auch letztendlich der Beitrag eine Rolle f\u00fcr die Leistungen.<br \/>\n&nbsp;<br \/>\nMenschen, die alleine leben, k\u00f6nnen eine noch g\u00fcnstigere Single-Privathaftpflichtversicherung abschlie\u00dfen. Das gleiche gilt auch f\u00fcr Senioren, denn einige Versicherer bieten bezahlbare Seniorentarife an.<br \/>\n&nbsp;<\/p>\n<h4>Privathaftpflichtversicherung \u2014 zahlt den Zeitwert statt den Neuwert<\/h4>\n<p>Personen, die eine private Haftpflichtversicherung abschlie\u00dfen m\u00f6chten, sollten auch darauf achten, dass der Neubeschaffungswert in der Privathaftpflichtversicherung des Anbieters versichert ist. Denn: Private Haftpflichtversicherungen zahlen statt dem Neuwert den Zeitwert des gesch\u00e4digten Gegenstandes. Der Zeitwert ist der Wert des Gegenstandes nach Abnutzung oder Verbrauch durch Benutzung.<br \/>\n&nbsp;<\/p>\n<h4>Das sollten Versicherte wissen<\/h4>\n<p>Von Versicherer zu Versicherer variieren die Leistungen f\u00fcr eine private Haftpflichtversicherung. Die meisten Versicherungsgesellschaften bieten hier eine Tarifauswahl an, aus denen der Kunde w\u00e4hlen kann. Dies geht von Basis-Leistungen bis etwa Premium-Leistungen.<br \/>\n&nbsp;<br \/>\nK\u00f6nnen sich Personen trotz des g\u00fcnstigen Beitrages eine Premium-Leistung nicht leisten k\u00f6nnen, sollten sie darauf achten, dass der Basis-Tarif alle wichtigen Merkmale beinhaltet. Ein genauer Vergleich verschiedener Anbieter und Angebote lohnt sich auf jeden Fall.<br \/>\n&nbsp;<br \/>\nAuch bei einer privaten Haftpflichtversicherung sollte der Versicherungsschutz genau auf die Bed\u00fcrfnisse des Versicherten zugeschnitten sein und den bestm\u00f6glichen Schutz bieten.<br \/>\n&nbsp;<br \/>\nAlleinstehende mit Kind m\u00fcssen zudem beachten, dass sie eine Familien-Haftpflichtversicherung und keine Single-Haftpflichtversicherung ben\u00f6tigen.<\/p>\n","protected":false},"excerpt":{"rendered":"<p>Privathaftpflichtversicherung \u2014 ein wichtiger Begleiter im Alltag Kunden, die eine Privathaftpflichtversicherung abgeschlossen haben, sind vor den Gefahren des Alltags gesch\u00fctzt. Schon die kleinste Unachtsamkeit kann immense finanzielle Folgen nach sich ziehen. Sollte es zum \u00c4u\u00dfersten kommen, beispielsweise bei Personensch\u00e4den, k\u00f6nnten [&hellip;]<\/p>\n","protected":false},"author":4,"featured_media":0,"parent":0,"menu_order":0,"comment_status":"closed","ping_status":"closed","template":"","meta":{"footnotes":""},"class_list":["post-6192","page","type-page","status-publish","hentry"],"yoast_head":"<!-- This site is optimized with the Yoast SEO plugin v22.6 - https:\/\/yoast.com\/wordpress\/plugins\/seo\/ -->\n<title>Private haftpflichtversicherung Vergleich | Bankweb.com<\/title>\n<meta name=\"description\" content=\"Hier finden Sie eine private Haftpflichtversicherung und sparen dabei bis zu 60% - Die Privathaftpflichtversicherung sch\u00fctzt die versicherten Personen f\u00fcr den Fall, dass diese anderen Personen oder Sachen Schaden zuf\u00fcgen.\" \/>\n<meta name=\"robots\" content=\"index, follow, max-snippet:-1, max-image-preview:large, max-video-preview:-1\" \/>\n<link rel=\"canonical\" href=\"https:\/\/www.bankweb.com\/de\/privathaftpflichtversicherung\/\" \/>\n<meta name=\"twitter:card\" content=\"summary_large_image\" \/>\n<meta name=\"twitter:title\" content=\"Private haftpflichtversicherung Vergleich | Bankweb.com\" \/>\n<meta name=\"twitter:description\" content=\"Hier finden Sie eine private Haftpflichtversicherung und sparen dabei bis zu 60% - Die Privathaftpflichtversicherung sch\u00fctzt die versicherten Personen f\u00fcr den Fall, dass diese anderen Personen oder Sachen Schaden zuf\u00fcgen.\" \/>\n<meta name=\"twitter:image\" content=\"https:\/\/www.bankweb.com\/de\/wp-content\/uploads\/2018\/09\/Privathaftpflichtversicherung-2.jpg\" \/>\n<meta name=\"twitter:label1\" content=\"Ber\u00e4knad l\u00e4stid\" \/>\n\t<meta name=\"twitter:data1\" content=\"5 minuter\" \/>\n<script type=\"application\/ld+json\" class=\"yoast-schema-graph\">{\"@context\":\"https:\/\/schema.org\",\"@graph\":[{\"@type\":\"WebPage\",\"@id\":\"https:\/\/www.bankweb.com\/de\/privathaftpflichtversicherung\/\",\"url\":\"https:\/\/www.bankweb.com\/de\/privathaftpflichtversicherung\/\",\"name\":\"Private haftpflichtversicherung Vergleich | Bankweb.com\",\"isPartOf\":{\"@id\":\"https:\/\/www.bankweb.com\/de\/#website\"},\"primaryImageOfPage\":{\"@id\":\"https:\/\/www.bankweb.com\/de\/privathaftpflichtversicherung\/#primaryimage\"},\"image\":{\"@id\":\"https:\/\/www.bankweb.com\/de\/privathaftpflichtversicherung\/#primaryimage\"},\"thumbnailUrl\":\"https:\/\/www.bankweb.com\/de\/wp-content\/uploads\/2018\/09\/Privathaftpflichtversicherung-2-1024x712.jpg\",\"datePublished\":\"2018-09-06T11:10:31+00:00\",\"dateModified\":\"2018-10-02T07:41:15+00:00\",\"description\":\"Hier finden Sie eine private Haftpflichtversicherung und sparen dabei bis zu 60% - Die Privathaftpflichtversicherung sch\u00fctzt die versicherten Personen f\u00fcr den Fall, dass diese anderen Personen oder Sachen Schaden zuf\u00fcgen.\",\"breadcrumb\":{\"@id\":\"https:\/\/www.bankweb.com\/de\/privathaftpflichtversicherung\/#breadcrumb\"},\"inLanguage\":\"sv-SE\",\"potentialAction\":[{\"@type\":\"ReadAction\",\"target\":[\"https:\/\/www.bankweb.com\/de\/privathaftpflichtversicherung\/\"]}]},{\"@type\":\"ImageObject\",\"inLanguage\":\"sv-SE\",\"@id\":\"https:\/\/www.bankweb.com\/de\/privathaftpflichtversicherung\/#primaryimage\",\"url\":\"https:\/\/www.bankweb.com\/de\/wp-content\/uploads\/2018\/09\/Privathaftpflichtversicherung-2.jpg\",\"contentUrl\":\"https:\/\/www.bankweb.com\/de\/wp-content\/uploads\/2018\/09\/Privathaftpflichtversicherung-2.jpg\",\"width\":1280,\"height\":890,\"caption\":\"Privathaftpflichtversicherung vergleich\"},{\"@type\":\"BreadcrumbList\",\"@id\":\"https:\/\/www.bankweb.com\/de\/privathaftpflichtversicherung\/#breadcrumb\",\"itemListElement\":[{\"@type\":\"ListItem\",\"position\":1,\"name\":\"Hem\",\"item\":\"https:\/\/www.bankweb.com\/de\/\"},{\"@type\":\"ListItem\",\"position\":2,\"name\":\"Privathaftpflichtversicherung\"}]},{\"@type\":\"WebSite\",\"@id\":\"https:\/\/www.bankweb.com\/de\/#website\",\"url\":\"https:\/\/www.bankweb.com\/de\/\",\"name\":\"Bankweb.com Germany\",\"description\":\"\",\"publisher\":{\"@id\":\"https:\/\/www.bankweb.com\/de\/#organization\"},\"potentialAction\":[{\"@type\":\"SearchAction\",\"target\":{\"@type\":\"EntryPoint\",\"urlTemplate\":\"https:\/\/www.bankweb.com\/de\/?s={search_term_string}\"},\"query-input\":\"required name=search_term_string\"}],\"inLanguage\":\"sv-SE\"},{\"@type\":\"Organization\",\"@id\":\"https:\/\/www.bankweb.com\/de\/#organization\",\"name\":\"Bankweb.com\",\"url\":\"https:\/\/www.bankweb.com\/de\/\",\"logo\":{\"@type\":\"ImageObject\",\"inLanguage\":\"sv-SE\",\"@id\":\"https:\/\/www.bankweb.com\/de\/#\/schema\/logo\/image\/\",\"url\":\"https:\/\/www.bankweb.com\/de\/wp-content\/uploads\/2019\/11\/245px_bankweb_logo.png\",\"contentUrl\":\"https:\/\/www.bankweb.com\/de\/wp-content\/uploads\/2019\/11\/245px_bankweb_logo.png\",\"width\":245,\"height\":49,\"caption\":\"Bankweb.com\"},\"image\":{\"@id\":\"https:\/\/www.bankweb.com\/de\/#\/schema\/logo\/image\/\"}}]}<\/script>\n<!-- \/ Yoast SEO plugin. -->","yoast_head_json":{"title":"Private haftpflichtversicherung Vergleich | Bankweb.com","description":"Hier finden Sie eine private Haftpflichtversicherung und sparen dabei bis zu 60% - Die Privathaftpflichtversicherung sch\u00fctzt die versicherten Personen f\u00fcr den Fall, dass diese anderen Personen oder Sachen Schaden zuf\u00fcgen.","robots":{"index":"index","follow":"follow","max-snippet":"max-snippet:-1","max-image-preview":"max-image-preview:large","max-video-preview":"max-video-preview:-1"},"canonical":"https:\/\/www.bankweb.com\/de\/privathaftpflichtversicherung\/","twitter_card":"summary_large_image","twitter_title":"Private haftpflichtversicherung Vergleich | Bankweb.com","twitter_description":"Hier finden Sie eine private Haftpflichtversicherung und sparen dabei bis zu 60% - Die Privathaftpflichtversicherung sch\u00fctzt die versicherten Personen f\u00fcr den Fall, dass diese anderen Personen oder Sachen Schaden zuf\u00fcgen.","twitter_image":"https:\/\/www.bankweb.com\/de\/wp-content\/uploads\/2018\/09\/Privathaftpflichtversicherung-2.jpg","twitter_misc":{"Ber\u00e4knad l\u00e4stid":"5 minuter"},"schema":{"@context":"https:\/\/schema.org","@graph":[{"@type":"WebPage","@id":"https:\/\/www.bankweb.com\/de\/privathaftpflichtversicherung\/","url":"https:\/\/www.bankweb.com\/de\/privathaftpflichtversicherung\/","name":"Private haftpflichtversicherung Vergleich | Bankweb.com","isPartOf":{"@id":"https:\/\/www.bankweb.com\/de\/#website"},"primaryImageOfPage":{"@id":"https:\/\/www.bankweb.com\/de\/privathaftpflichtversicherung\/#primaryimage"},"image":{"@id":"https:\/\/www.bankweb.com\/de\/privathaftpflichtversicherung\/#primaryimage"},"thumbnailUrl":"https:\/\/www.bankweb.com\/de\/wp-content\/uploads\/2018\/09\/Privathaftpflichtversicherung-2-1024x712.jpg","datePublished":"2018-09-06T11:10:31+00:00","dateModified":"2018-10-02T07:41:15+00:00","description":"Hier finden Sie eine private Haftpflichtversicherung und sparen dabei bis zu 60% - Die Privathaftpflichtversicherung sch\u00fctzt die versicherten Personen f\u00fcr den Fall, dass diese anderen Personen oder Sachen Schaden zuf\u00fcgen.","breadcrumb":{"@id":"https:\/\/www.bankweb.com\/de\/privathaftpflichtversicherung\/#breadcrumb"},"inLanguage":"sv-SE","potentialAction":[{"@type":"ReadAction","target":["https:\/\/www.bankweb.com\/de\/privathaftpflichtversicherung\/"]}]},{"@type":"ImageObject","inLanguage":"sv-SE","@id":"https:\/\/www.bankweb.com\/de\/privathaftpflichtversicherung\/#primaryimage","url":"https:\/\/www.bankweb.com\/de\/wp-content\/uploads\/2018\/09\/Privathaftpflichtversicherung-2.jpg","contentUrl":"https:\/\/www.bankweb.com\/de\/wp-content\/uploads\/2018\/09\/Privathaftpflichtversicherung-2.jpg","width":1280,"height":890,"caption":"Privathaftpflichtversicherung vergleich"},{"@type":"BreadcrumbList","@id":"https:\/\/www.bankweb.com\/de\/privathaftpflichtversicherung\/#breadcrumb","itemListElement":[{"@type":"ListItem","position":1,"name":"Hem","item":"https:\/\/www.bankweb.com\/de\/"},{"@type":"ListItem","position":2,"name":"Privathaftpflichtversicherung"}]},{"@type":"WebSite","@id":"https:\/\/www.bankweb.com\/de\/#website","url":"https:\/\/www.bankweb.com\/de\/","name":"Bankweb.com Germany","description":"","publisher":{"@id":"https:\/\/www.bankweb.com\/de\/#organization"},"potentialAction":[{"@type":"SearchAction","target":{"@type":"EntryPoint","urlTemplate":"https:\/\/www.bankweb.com\/de\/?s={search_term_string}"},"query-input":"required name=search_term_string"}],"inLanguage":"sv-SE"},{"@type":"Organization","@id":"https:\/\/www.bankweb.com\/de\/#organization","name":"Bankweb.com","url":"https:\/\/www.bankweb.com\/de\/","logo":{"@type":"ImageObject","inLanguage":"sv-SE","@id":"https:\/\/www.bankweb.com\/de\/#\/schema\/logo\/image\/","url":"https:\/\/www.bankweb.com\/de\/wp-content\/uploads\/2019\/11\/245px_bankweb_logo.png","contentUrl":"https:\/\/www.bankweb.com\/de\/wp-content\/uploads\/2019\/11\/245px_bankweb_logo.png","width":245,"height":49,"caption":"Bankweb.com"},"image":{"@id":"https:\/\/www.bankweb.com\/de\/#\/schema\/logo\/image\/"}}]}},"_links":{"self":[{"href":"https:\/\/www.bankweb.com\/de\/wp-json\/wp\/v2\/pages\/6192","targetHints":{"allow":["GET"]}}],"collection":[{"href":"https:\/\/www.bankweb.com\/de\/wp-json\/wp\/v2\/pages"}],"about":[{"href":"https:\/\/www.bankweb.com\/de\/wp-json\/wp\/v2\/types\/page"}],"author":[{"embeddable":true,"href":"https:\/\/www.bankweb.com\/de\/wp-json\/wp\/v2\/users\/4"}],"replies":[{"embeddable":true,"href":"https:\/\/www.bankweb.com\/de\/wp-json\/wp\/v2\/comments?post=6192"}],"version-history":[{"count":0,"href":"https:\/\/www.bankweb.com\/de\/wp-json\/wp\/v2\/pages\/6192\/revisions"}],"wp:attachment":[{"href":"https:\/\/www.bankweb.com\/de\/wp-json\/wp\/v2\/media?parent=6192"}],"curies":[{"name":"wp","href":"https:\/\/api.w.org\/{rel}","templated":true}]}}