{"id":6175,"date":"2018-09-04T08:07:37","date_gmt":"2018-09-04T08:07:37","guid":{"rendered":"https:\/\/www.bankweb.com\/de\/?page_id=6175"},"modified":"2018-09-04T08:35:06","modified_gmt":"2018-09-04T08:35:06","slug":"tagesgeld","status":"publish","type":"page","link":"https:\/\/www.bankweb.com\/de\/tagesgeld\/","title":{"rendered":"Tagesgeld"},"content":{"rendered":"<h1 class=\"kredith1\">Das Tagesgeld als Geldanlage in Deutschland<\/h1>\n<p>\u00dcber Jahrzehnte war das klassische Sparbuch in Deutschland die bevorzugte Anlageform, wenn es darum ging, Geld bei einer Bank anzulegen. Die Zinsen f\u00fcr diese Sparform waren zwar immer gering, aber die hohe Flexibilit\u00e4t und die einfache Handhabung machten das Sparbuch bei fast allen Bankkunden sehr beliebt.<br \/>\n&nbsp;<br \/>\n<iframe onload=\"fa_iframeresize.do(this);\" src=\"https:\/\/tools.financeads.net\/tagesgeldrechner.php?tp=dif&#038;h=1&#038;wf=26741&#038;ntpl=responsive&#038;c=20\" scrolling=\"no\" width=\"100%\" style=\"padding:0px;margin:0px;border-width:0px;\" frameborder=\"0\"><\/iframe><script type=\"text\/javascript\" src=\"\/\/js.financeads.net\/iframeResizeMe.min.js.gz\"><\/script><br \/>\n&nbsp;<br \/>\nIn Zeiten extrem niedriger Zinsen haben sich in den letzten Jahren jedoch immer mehr Anleger f\u00fcr andere Sparformen entschieden. Das Tagesgeld hat dabei stark an Beliebtheit gewonnen.<br \/>\n&nbsp;<\/p>\n<h2>Was ist ein Tagesgeldkonto?<\/h2>\n<p>Ein Tagesgeldkonto ist nichts anderes als ein Bankkonto bei einem Kreditinstitut, welches ausschlie\u00dflich auf Guthabenbasis gef\u00fchrt wird und auf dessen Guthaben ein festgelegter Zinssatz gezahlt wird. Das Tagesgeldkonto dient dabei ausschlie\u00dflich der <a href=\"https:\/\/www.bankweb.com\/de\/festgeldanlage\/\">Geldanlage<\/a> und verf\u00fcgt \u00fcber keine feste Laufzeit.<br \/>\n&nbsp;<br \/>\nDer Anleger kann also jederzeit \u00fcber sein gesamtes Guthaben verf\u00fcgen, ohne dass es einer K\u00fcndigung bedarf. Tagesgeldkonten k\u00f6nnen jedoch bestimmte Mindestguthaben verlangen, ab denen ein Zins gezahlt wird. Auch ist es m\u00f6glich, dass die H\u00f6he der Zinsen abh\u00e4ngig von der Einlagenh\u00f6he gezahlt wird. Zinsen werden meist quartalsweise oder j\u00e4hrlich gutgeschrieben.<br \/>\n&nbsp;<br \/>\n<img loading=\"lazy\" decoding=\"async\" src=\"https:\/\/www.bankweb.com\/de\/wp-content\/uploads\/2018\/09\/Tagesgeld-937x1024.jpg\" alt=\"Tagesgeldvergleich\" width=\"580\" height=\"634\" class=\"alignnone size-large wp-image-6180\" srcset=\"https:\/\/www.bankweb.com\/de\/wp-content\/uploads\/2018\/09\/Tagesgeld-937x1024.jpg 937w, https:\/\/www.bankweb.com\/de\/wp-content\/uploads\/2018\/09\/Tagesgeld-274x300.jpg 274w, https:\/\/www.bankweb.com\/de\/wp-content\/uploads\/2018\/09\/Tagesgeld-768x839.jpg 768w, https:\/\/www.bankweb.com\/de\/wp-content\/uploads\/2018\/09\/Tagesgeld.jpg 1171w\" sizes=\"auto, (max-width: 580px) 100vw, 580px\" \/><br \/>\n&nbsp;<\/p>\n<h3>Warum sind Tagesgeldkonto in Deutschland so beliebt?<\/h3>\n<p>Die Anzahl der Tagesgeldkonten hat sich in Deutschland in den letzten Jahren deutlich erh\u00f6ht. Diese Anlageform erfreut sich in Deutschland stetig steigender Beliebtheit. Der Grund hierf\u00fcr ist nicht nur in den erh\u00f6hten Zinsen zu suchen, die auf diesen Konten bezahlt werden.<br \/>\n&nbsp;<br \/>\nTatsache ist jedoch, das der Zinssatz auf Tagesgeldkonten heute meist dem vierfachen bis f\u00fcnffachen Zinssatz entspricht, der auf ein klassisches Sparbuch gezahlt wird. Was auf den ersten Blick attraktiv klingt, muss jedoch in der Relation gesehen werden, dass Banken und Sparkassen in Deutschland Sparbuchzinsen von 0,01 bis 0,25 Prozent j\u00e4hrlich bezahlen und der Sparer damit nicht einmal die Inflation ausgleichen kann.<br \/>\n&nbsp;<br \/>\nDas am weitesten verbreitete Sparbuch in Deutschland hat sich also zu einer Anlageform entwickelt, mit der Anleger regelm\u00e4\u00dfig Geld verlieren.<br \/>\n&nbsp;<br \/>\nDass bei diesen Sparb\u00fcchern oft nur die Abhebung von 2.000 Euro pro Monat m\u00f6glich ist, macht sie f\u00fcr Guthaben oberhalb dieses Betrages noch unattraktiver. Dass Sparb\u00fccher au\u00dferdem fast immer noch als klassisches Filialprodukt gef\u00fchrt werden, bei denen der Sparer mit seinem Sparbuch in die Filiale einer Bank oder Sparkasse kommen muss, um Transaktionen durchf\u00fchren zu lassen, macht diese Sparform f\u00fcr viele Sparer und Anleger komplett unattraktiv und gilt inzwischen als veraltete Anlegeform.<br \/>\n&nbsp;<br \/>\nDas Tagesgeld ist hier deutlich flexibler, unkomplizierter in der Handhabung und wirft bessere Zinsen ab.<br \/>\n&nbsp;<\/p>\n<h3>Die Vorteile beim Tagesgeld<\/h3>\n<p>Obwohl der Zinssatz, der auf Tagesgeld in Deutschland gezahlt wird, dieser Anlageform nicht gerade eine hohe Rendite beschert, schichten immer mehr Leute in die Anlageform Tagesgeld um. Die Hauptgr\u00fcnde daf\u00fcr sind:<br \/>\n&nbsp;<\/p>\n<ul>\n<li>Einfache Kontoer\u00f6ffnung, unabh\u00e4ngig von der Hausbank<\/li>\n<\/ul>\n<p>Anleger entscheiden sich bei der Wahl ihres Tagesgeldkontos oft nur nach der H\u00f6he der gezahlten Zinsen. Ein Tagesgeldkonto l\u00e4sst sich dabei leicht im Internet er\u00f6ffnen und erspart dem Bankkunden den Gang in die Filiale.<br \/>\n&nbsp;<\/p>\n<ul>\n<li>F\u00fcr gr\u00f6\u00dfere Summen geeignet<\/li>\n<\/ul>\n<p>W\u00e4hrend das klassische Sparbuch monatlich nur das Abheben von 2.000 oder 3.000 Euro erlaubt, ist das Geld der Anleger auf Tagesgeldkonten t\u00e4glich komplett verf\u00fcgbar und somit auch f\u00fcr gr\u00f6\u00dfere Anlagesummen attraktiv.<br \/>\n&nbsp;<\/p>\n<ul>\n<li>Abwicklung via Internet<\/li>\n<\/ul>\n<p>Tagesgeld kann man komplett via Internet verwalten. Nicht nur Kontoer\u00f6ffnung, sondern auch Einzahlungen, Auszahlungen und der damit verbundene Papierkram, wie beispielsweise das Erteilen von Freistellungsauftr\u00e4gen, k\u00f6nnen komplett via Internet abgewickelt werden.<br \/>\n&nbsp;<\/p>\n<ul>\n<li>Tagesgeld und Einlagensicherung<\/li>\n<\/ul>\n<p>Tagesgeld-Guthaben unterliegt der Einlagensicherung (bis zu 100.000 Euro pro Kunde und Bank) und gilt dadurch im Vergleich zu Anleihen von Unternehmen und anderen Anlageformen als sehr sicher. Selbst im Falle einer Bankenpleite ist das Geld des Anlegers dadurch garantiert gesch\u00fctzt.<br \/>\n&nbsp;<\/p>\n<ul>\n<li>Abschied von Bargeld-Transaktionen<\/li>\n<\/ul>\n<p>W\u00e4hrend Transaktionen auf klassischen Sparb\u00fcchern haupts\u00e4chlich bar abgewickelt wurden, werden Transaktionen im Bereich Tagesgeld fast immer unbar, durch \u00dcberweisungen, abgewickelt. Dies ist bequem f\u00fcr dien Kunden und insbesondere bei gr\u00f6\u00dferen Betr\u00e4gen sicherer.<br \/>\n&nbsp;<\/p>\n<h3>Nachteile von Tagesgeld<\/h3>\n<p>Nat\u00fcrlich gibt es auch beim Tagesgeld einige Nachteile. Dass diese Nachteile f\u00fcr die meisten Anleger nicht besonders ins Gewicht fallen, l\u00e4sst sich an der starken Zunahme von Tagesgeldkonten in Deutschland leicht ablesen, trotzdem sollen die Nachteile beim Tagesgeld nicht unerw\u00e4hnt bleiben:<br \/>\n&nbsp;<br \/>\n<img loading=\"lazy\" decoding=\"async\" src=\"https:\/\/www.bankweb.com\/de\/wp-content\/uploads\/2018\/09\/Tagesgeld-1024x970.png\" alt=\"Geldanlage in Deutschland\" width=\"580\" height=\"549\" class=\"alignnone size-large wp-image-6181\" srcset=\"https:\/\/www.bankweb.com\/de\/wp-content\/uploads\/2018\/09\/Tagesgeld-1024x970.png 1024w, https:\/\/www.bankweb.com\/de\/wp-content\/uploads\/2018\/09\/Tagesgeld-300x284.png 300w, https:\/\/www.bankweb.com\/de\/wp-content\/uploads\/2018\/09\/Tagesgeld-768x727.png 768w, https:\/\/www.bankweb.com\/de\/wp-content\/uploads\/2018\/09\/Tagesgeld.png 1280w\" sizes=\"auto, (max-width: 580px) 100vw, 580px\" \/><br \/>\n&nbsp;<\/p>\n<ul>\n<li>Magere Rendite<\/li>\n<\/ul>\n<p>Die Niedrigzinspolitik der Europ\u00e4ischen Zentralbank macht auch vor dem Tagesgeld nicht halt und beschert den Anlegern auch hier nur eine magere Rendite.<br \/>\n&nbsp;<\/p>\n<ul>\n<li>Zinsen sind nicht festgeschrieben<\/li>\n<\/ul>\n<p>Zins\u00e4nderungen sind beim Tagesgeld jederzeit m\u00f6glich. Die Bank kann den Zinssatz t\u00e4glich anpassen und im schlechtesten Fall den Zinssatz weiter senken. Langfristig orientierte Anleger m\u00fcssen dies unbedingt ber\u00fccksichtigen.<br \/>\n&nbsp;<\/p>\n<ul>\n<li>Tagesgeldkonten sind Tagesgeldkonten<\/li>\n<\/ul>\n<p>Das Konto f\u00fcr das Tagesgeld erf\u00fcllt nur einen einzigen Zweck, <a href=\"https:\/\/www.bankweb.com\/de\/festgeldanlage\/\">n\u00e4mlich der Geldanlage<\/a>. Das Tagesgeldkonto kann nicht als Girokonto, Verrechnungskonto f\u00fcr andere Konten oder andere finanzielle Aktivit\u00e4ten genutzt werden.<br \/>\n&nbsp;<\/p>\n<h4>Tipps f\u00fcr eine h\u00f6here Rendite beim Tagesgeld<\/h4>\n<p>Obwohl das Tagesgeld schon mehr Zinsen bringt als das Sparbuch, ist es im Vergleich zu anderen Anlegeformen immer noch renditeschwach. Um f\u00fcr sein Tagesgeld eine h\u00f6here Rendite zu erhalten, kann man ein paar Tipps befolgen. Die Anbieter vergleichen ist der wichtigste Hinweis, da die Zinss\u00e4tze f\u00fcr das Tagesgeld bei allen Banken verschieden sind.<br \/>\n&nbsp;<br \/>\nOnline-Banken bieten oft die besten Konditionen beim Tagesgeld. Auch sollte man auf die Einlagenh\u00f6he achten, da manche Kreditinstitute mehr Zinsen auf das Tagesgeld bezahlen, wenn eine bestimmte Mindestsumme so angelegt wird. Ausl\u00e4ndische Banken bieten ebenfalls oft h\u00f6here Renditen auf Tagesgeld und erm\u00f6glichen oA<\/p>\n","protected":false},"excerpt":{"rendered":"<p>Das Tagesgeld als Geldanlage in Deutschland \u00dcber Jahrzehnte war das klassische Sparbuch in Deutschland die bevorzugte Anlageform, wenn es darum ging, Geld bei einer Bank anzulegen. Die Zinsen f\u00fcr diese Sparform waren zwar immer gering, aber die hohe Flexibilit\u00e4t und [&hellip;]<\/p>\n","protected":false},"author":4,"featured_media":0,"parent":0,"menu_order":0,"comment_status":"closed","ping_status":"closed","template":"","meta":{"footnotes":""},"class_list":["post-6175","page","type-page","status-publish","hentry"],"yoast_head":"<!-- This site is optimized with the Yoast SEO plugin v22.6 - https:\/\/yoast.com\/wordpress\/plugins\/seo\/ -->\n<title>Tagesgeld Vergleich - Zinsen bis 1,00% - 30 Banken mit Tagesgeld<\/title>\n<meta name=\"description\" content=\"Tagesgeldvergleich mit mehr als 30 Angeboten - Der Tagesgeld-Vergleich liefert Ihnen einen schnellen \u00dcberblick \u00fcber die aktuellen Tagesgeldzinsen\" \/>\n<meta name=\"robots\" content=\"index, follow, max-snippet:-1, max-image-preview:large, max-video-preview:-1\" \/>\n<link rel=\"canonical\" href=\"https:\/\/www.bankweb.com\/de\/tagesgeld\/\" \/>\n<meta name=\"twitter:card\" content=\"summary_large_image\" \/>\n<meta name=\"twitter:title\" content=\"Tagesgeld Vergleich - Zinsen bis 1,00% - 30 Banken mit Tagesgeld\" \/>\n<meta name=\"twitter:description\" content=\"Tagesgeldvergleich mit mehr als 30 Angeboten - Der Tagesgeld-Vergleich liefert Ihnen einen schnellen \u00dcberblick \u00fcber die aktuellen Tagesgeldzinsen\" \/>\n<meta name=\"twitter:image\" content=\"https:\/\/www.bankweb.com\/de\/wp-content\/uploads\/2018\/09\/Tagesgeld.jpg\" \/>\n<meta name=\"twitter:label1\" content=\"Ber\u00e4knad l\u00e4stid\" \/>\n\t<meta name=\"twitter:data1\" content=\"5 minuter\" \/>\n<script type=\"application\/ld+json\" class=\"yoast-schema-graph\">{\"@context\":\"https:\/\/schema.org\",\"@graph\":[{\"@type\":\"WebPage\",\"@id\":\"https:\/\/www.bankweb.com\/de\/tagesgeld\/\",\"url\":\"https:\/\/www.bankweb.com\/de\/tagesgeld\/\",\"name\":\"Tagesgeld Vergleich - Zinsen bis 1,00% - 30 Banken mit Tagesgeld\",\"isPartOf\":{\"@id\":\"https:\/\/www.bankweb.com\/de\/#website\"},\"primaryImageOfPage\":{\"@id\":\"https:\/\/www.bankweb.com\/de\/tagesgeld\/#primaryimage\"},\"image\":{\"@id\":\"https:\/\/www.bankweb.com\/de\/tagesgeld\/#primaryimage\"},\"thumbnailUrl\":\"https:\/\/www.bankweb.com\/de\/wp-content\/uploads\/2018\/09\/Tagesgeld-937x1024.jpg\",\"datePublished\":\"2018-09-04T08:07:37+00:00\",\"dateModified\":\"2018-09-04T08:35:06+00:00\",\"description\":\"Tagesgeldvergleich mit mehr als 30 Angeboten - Der Tagesgeld-Vergleich liefert Ihnen einen schnellen \u00dcberblick \u00fcber die aktuellen Tagesgeldzinsen\",\"breadcrumb\":{\"@id\":\"https:\/\/www.bankweb.com\/de\/tagesgeld\/#breadcrumb\"},\"inLanguage\":\"sv-SE\",\"potentialAction\":[{\"@type\":\"ReadAction\",\"target\":[\"https:\/\/www.bankweb.com\/de\/tagesgeld\/\"]}]},{\"@type\":\"ImageObject\",\"inLanguage\":\"sv-SE\",\"@id\":\"https:\/\/www.bankweb.com\/de\/tagesgeld\/#primaryimage\",\"url\":\"https:\/\/www.bankweb.com\/de\/wp-content\/uploads\/2018\/09\/Tagesgeld.jpg\",\"contentUrl\":\"https:\/\/www.bankweb.com\/de\/wp-content\/uploads\/2018\/09\/Tagesgeld.jpg\",\"width\":1171,\"height\":1280,\"caption\":\"Tagesgeldvergleich\"},{\"@type\":\"BreadcrumbList\",\"@id\":\"https:\/\/www.bankweb.com\/de\/tagesgeld\/#breadcrumb\",\"itemListElement\":[{\"@type\":\"ListItem\",\"position\":1,\"name\":\"Hem\",\"item\":\"https:\/\/www.bankweb.com\/de\/\"},{\"@type\":\"ListItem\",\"position\":2,\"name\":\"Tagesgeld\"}]},{\"@type\":\"WebSite\",\"@id\":\"https:\/\/www.bankweb.com\/de\/#website\",\"url\":\"https:\/\/www.bankweb.com\/de\/\",\"name\":\"Bankweb.com Germany\",\"description\":\"\",\"publisher\":{\"@id\":\"https:\/\/www.bankweb.com\/de\/#organization\"},\"potentialAction\":[{\"@type\":\"SearchAction\",\"target\":{\"@type\":\"EntryPoint\",\"urlTemplate\":\"https:\/\/www.bankweb.com\/de\/?s={search_term_string}\"},\"query-input\":\"required name=search_term_string\"}],\"inLanguage\":\"sv-SE\"},{\"@type\":\"Organization\",\"@id\":\"https:\/\/www.bankweb.com\/de\/#organization\",\"name\":\"Bankweb.com\",\"url\":\"https:\/\/www.bankweb.com\/de\/\",\"logo\":{\"@type\":\"ImageObject\",\"inLanguage\":\"sv-SE\",\"@id\":\"https:\/\/www.bankweb.com\/de\/#\/schema\/logo\/image\/\",\"url\":\"https:\/\/www.bankweb.com\/de\/wp-content\/uploads\/2019\/11\/245px_bankweb_logo.png\",\"contentUrl\":\"https:\/\/www.bankweb.com\/de\/wp-content\/uploads\/2019\/11\/245px_bankweb_logo.png\",\"width\":245,\"height\":49,\"caption\":\"Bankweb.com\"},\"image\":{\"@id\":\"https:\/\/www.bankweb.com\/de\/#\/schema\/logo\/image\/\"}}]}<\/script>\n<!-- \/ Yoast SEO plugin. -->","yoast_head_json":{"title":"Tagesgeld Vergleich - Zinsen bis 1,00% - 30 Banken mit Tagesgeld","description":"Tagesgeldvergleich mit mehr als 30 Angeboten - Der Tagesgeld-Vergleich liefert Ihnen einen schnellen \u00dcberblick \u00fcber die aktuellen Tagesgeldzinsen","robots":{"index":"index","follow":"follow","max-snippet":"max-snippet:-1","max-image-preview":"max-image-preview:large","max-video-preview":"max-video-preview:-1"},"canonical":"https:\/\/www.bankweb.com\/de\/tagesgeld\/","twitter_card":"summary_large_image","twitter_title":"Tagesgeld Vergleich - Zinsen bis 1,00% - 30 Banken mit Tagesgeld","twitter_description":"Tagesgeldvergleich mit mehr als 30 Angeboten - Der Tagesgeld-Vergleich liefert Ihnen einen schnellen \u00dcberblick \u00fcber die aktuellen Tagesgeldzinsen","twitter_image":"https:\/\/www.bankweb.com\/de\/wp-content\/uploads\/2018\/09\/Tagesgeld.jpg","twitter_misc":{"Ber\u00e4knad l\u00e4stid":"5 minuter"},"schema":{"@context":"https:\/\/schema.org","@graph":[{"@type":"WebPage","@id":"https:\/\/www.bankweb.com\/de\/tagesgeld\/","url":"https:\/\/www.bankweb.com\/de\/tagesgeld\/","name":"Tagesgeld Vergleich - Zinsen bis 1,00% - 30 Banken mit Tagesgeld","isPartOf":{"@id":"https:\/\/www.bankweb.com\/de\/#website"},"primaryImageOfPage":{"@id":"https:\/\/www.bankweb.com\/de\/tagesgeld\/#primaryimage"},"image":{"@id":"https:\/\/www.bankweb.com\/de\/tagesgeld\/#primaryimage"},"thumbnailUrl":"https:\/\/www.bankweb.com\/de\/wp-content\/uploads\/2018\/09\/Tagesgeld-937x1024.jpg","datePublished":"2018-09-04T08:07:37+00:00","dateModified":"2018-09-04T08:35:06+00:00","description":"Tagesgeldvergleich mit mehr als 30 Angeboten - Der Tagesgeld-Vergleich liefert Ihnen einen schnellen \u00dcberblick \u00fcber die aktuellen Tagesgeldzinsen","breadcrumb":{"@id":"https:\/\/www.bankweb.com\/de\/tagesgeld\/#breadcrumb"},"inLanguage":"sv-SE","potentialAction":[{"@type":"ReadAction","target":["https:\/\/www.bankweb.com\/de\/tagesgeld\/"]}]},{"@type":"ImageObject","inLanguage":"sv-SE","@id":"https:\/\/www.bankweb.com\/de\/tagesgeld\/#primaryimage","url":"https:\/\/www.bankweb.com\/de\/wp-content\/uploads\/2018\/09\/Tagesgeld.jpg","contentUrl":"https:\/\/www.bankweb.com\/de\/wp-content\/uploads\/2018\/09\/Tagesgeld.jpg","width":1171,"height":1280,"caption":"Tagesgeldvergleich"},{"@type":"BreadcrumbList","@id":"https:\/\/www.bankweb.com\/de\/tagesgeld\/#breadcrumb","itemListElement":[{"@type":"ListItem","position":1,"name":"Hem","item":"https:\/\/www.bankweb.com\/de\/"},{"@type":"ListItem","position":2,"name":"Tagesgeld"}]},{"@type":"WebSite","@id":"https:\/\/www.bankweb.com\/de\/#website","url":"https:\/\/www.bankweb.com\/de\/","name":"Bankweb.com Germany","description":"","publisher":{"@id":"https:\/\/www.bankweb.com\/de\/#organization"},"potentialAction":[{"@type":"SearchAction","target":{"@type":"EntryPoint","urlTemplate":"https:\/\/www.bankweb.com\/de\/?s={search_term_string}"},"query-input":"required name=search_term_string"}],"inLanguage":"sv-SE"},{"@type":"Organization","@id":"https:\/\/www.bankweb.com\/de\/#organization","name":"Bankweb.com","url":"https:\/\/www.bankweb.com\/de\/","logo":{"@type":"ImageObject","inLanguage":"sv-SE","@id":"https:\/\/www.bankweb.com\/de\/#\/schema\/logo\/image\/","url":"https:\/\/www.bankweb.com\/de\/wp-content\/uploads\/2019\/11\/245px_bankweb_logo.png","contentUrl":"https:\/\/www.bankweb.com\/de\/wp-content\/uploads\/2019\/11\/245px_bankweb_logo.png","width":245,"height":49,"caption":"Bankweb.com"},"image":{"@id":"https:\/\/www.bankweb.com\/de\/#\/schema\/logo\/image\/"}}]}},"_links":{"self":[{"href":"https:\/\/www.bankweb.com\/de\/wp-json\/wp\/v2\/pages\/6175","targetHints":{"allow":["GET"]}}],"collection":[{"href":"https:\/\/www.bankweb.com\/de\/wp-json\/wp\/v2\/pages"}],"about":[{"href":"https:\/\/www.bankweb.com\/de\/wp-json\/wp\/v2\/types\/page"}],"author":[{"embeddable":true,"href":"https:\/\/www.bankweb.com\/de\/wp-json\/wp\/v2\/users\/4"}],"replies":[{"embeddable":true,"href":"https:\/\/www.bankweb.com\/de\/wp-json\/wp\/v2\/comments?post=6175"}],"version-history":[{"count":0,"href":"https:\/\/www.bankweb.com\/de\/wp-json\/wp\/v2\/pages\/6175\/revisions"}],"wp:attachment":[{"href":"https:\/\/www.bankweb.com\/de\/wp-json\/wp\/v2\/media?parent=6175"}],"curies":[{"name":"wp","href":"https:\/\/api.w.org\/{rel}","templated":true}]}}