{"id":6153,"date":"2018-09-03T11:28:15","date_gmt":"2018-09-03T11:28:15","guid":{"rendered":"https:\/\/www.bankweb.com\/de\/?page_id=6153"},"modified":"2019-03-01T11:49:56","modified_gmt":"2019-03-01T11:49:56","slug":"risikolebensversicherung","status":"publish","type":"page","link":"https:\/\/www.bankweb.com\/de\/risikolebensversicherung\/","title":{"rendered":"Risikolebensversicherung"},"content":{"rendered":"<h1 class=\"kredith1\">Risikolebensversicherung \u2014 schon morgen kann sich das Leben \u00e4ndern<\/h1>\n<p>Die meisten Menschen tragen f\u00fcr die Familie oder den Partner Verantwortung. Daher sollten Menschen auch an den Tod denken und an dass, was er in diesem Fall f\u00fcr die Familie bedeutet. Den Schmerz \u00fcber den Verlust des Menschen kann den Verbliebenen nicht abgenommen werden. Daf\u00fcr aber die Schrecken vor finanziellen Einbu\u00dfen.<br \/>\n&nbsp;<br \/>\n<iframe onload=\"fa_iframeresize.do(this);\" src=\"https:\/\/tools.financeads.net\/risikolebensrechner.php?tp=dif&#038;h=1&#038;wf=26741&#038;ntpl=responsive\" scrolling=\"no\" width=\"100%\" style=\"padding:0px;margin:0px;border-width:0px;\" frameborder=\"0\"><\/iframe><script type=\"text\/javascript\" src=\"\/\/js.financeads.net\/iframeResizeMe.min.js.gz\"><\/script><\/p>\n<p><em>Die Einbindung der Vergleichsrechner f\u00fcr die Privathaftpflicht-, Risikolebens- und Zahnzusatzversicherung erfolgt als Tippgeber. Diese sind ein Angebot der financeAds GmbH &#038; Co. KG, Karlstra\u00dfe 9, 90403 N\u00fcrnberg (Tel. 0911 148783-0, Fax 0911 148783-29, E-Mail contact.de@financeads.net). Registergericht Amtsgericht N\u00fcrnberg HRA 14415, USt.-IdNr. DE251399704. Vertreten durch die pers\u00f6nlich haftende Gesellschafterin: financeDigital GmbH, Karlstra\u00dfe 9, 90403 N\u00fcrnberg, Registergericht Amtsgericht N\u00fcrnberg HRB 23019, diese vertreten durch den Gesch\u00e4ftsf\u00fchrer Ralf Fischer. Erlaubnis nach \u00a7 34 d GewO: Die financeAds GmbH &#038; Co. KG ist Versicherungsmakler mit Erlaubnispflicht nach \u00a7 34d Abs. 1 GewO. Registrierungsnummer: D-XQLT-GQ4ZP-78. IHK f\u00fcr M\u00fcnchen &#038; Oberbayern, Balanstr. 55-59, 81541 M\u00fcnchen. Versicherungsvermittlerregister: www.vermittlerregister.info<\/em><br \/>\n&nbsp;<br \/>\nDie Absicherung durch eine Risikolebensversicherung kann die verbleibende Familie oder den Gesch\u00e4ftspartner vor einem finanziellen Fiasko sch\u00fctzen. Die Risikolebensversicherung zahlt im Todesfall der versicherten Person, eine Versicherungssumme f\u00fcr die beg\u00fcnstigte Person oder den beg\u00fcnstigten Personen, eine vertraglich vereinbarte Summe. Sie dient der finanziellen Absicherung von Familienangeh\u00f6rigen, Gesch\u00e4ftspartnern, Krediten usw.<br \/>\n&nbsp;<\/p>\n<h2>Wie funktioniert eine Risikolebensversicherung<\/h2>\n<p>Der Versicherungsnehmer schlie\u00dft einen Vertrag f\u00fcr eine gewisse Laufzeit f\u00fcr eine Risikolebensversicherung mit einer Versicherungssumme X ab. Daf\u00fcr wird ein monatlicher Betrag f\u00e4llig. Zudem ist es auch m\u00f6glich eine Einmalzahlung zu leisten.<br \/>\n&nbsp;<br \/>\n<img loading=\"lazy\" decoding=\"async\" src=\"https:\/\/www.bankweb.com\/de\/wp-content\/uploads\/2018\/09\/Risikolebensversicherung-1-1024x630.jpg\" alt=\"Risikolebensversicherung\" width=\"580\" height=\"357\" class=\"alignnone size-large wp-image-6158\" srcset=\"https:\/\/www.bankweb.com\/de\/wp-content\/uploads\/2018\/09\/Risikolebensversicherung-1-1024x630.jpg 1024w, https:\/\/www.bankweb.com\/de\/wp-content\/uploads\/2018\/09\/Risikolebensversicherung-1-300x185.jpg 300w, https:\/\/www.bankweb.com\/de\/wp-content\/uploads\/2018\/09\/Risikolebensversicherung-1-768x473.jpg 768w, https:\/\/www.bankweb.com\/de\/wp-content\/uploads\/2018\/09\/Risikolebensversicherung-1.jpg 1280w\" sizes=\"auto, (max-width: 580px) 100vw, 580px\" \/><br \/>\n&nbsp;<br \/>\nMit Vertragsabschluss garantiert die Versicherungsgesellschaft daf\u00fcr, dass die vereinbarte Leistung im Todesfall des Versicherten zur Auszahlung kommt. Bei Antragstellung sind Gesundheitsfragen n\u00f6tig, die der Versicherungsnehmer korrekt angeben muss. Denn diese wahrheitsgem\u00e4\u00dfen Aussagen entscheiden f\u00fcr Leistung oder Nichtleistung im Todesfall.<br \/>\n&nbsp;<br \/>\nUm der Familie oder dem Gesch\u00e4ftspartner einen finanziellen Ausgleich zu gew\u00e4hrleisten, empfehlen Spezialisten eine Versicherungssumme in H\u00f6he des drei- bis f\u00fcnffachen Bruttojahreseinkommen der Familie oder des Gesch\u00e4ftspartners. Jedoch kommt es stets auf die pers\u00f6nliche Lebenssituation des Einzelnen an.<br \/>\n&nbsp;<br \/>\nMenschen, die in den n\u00e4chsten Jahren einen Kredit aufnehmen m\u00f6chten, sollte die Versicherungssumme schon mit Beginn h\u00f6her ansetzen. Manche Versicherungsgesellschaften bieten Vertr\u00e4ge, bei denen der Versicherungsnehmer nach Lebenssituation den Beitrag ohne erneute Gesundheitsfragen anpassen kann.<br \/>\n&nbsp;<br \/>\n\u00dcberdies sollten Familien mit Kindern die Versicherungssumme ausreichend hoch w\u00e4hlen, um neben den allgemeinen Kosten auch Kosten der Ausbildung abzusichern, und zwar bis die Kinder sich vom Elternhaus abkoppeln k\u00f6nnen.<br \/>\n&nbsp;<\/p>\n<h3>Falle f\u00fcr Unverheiratet<\/h3>\n<p>Lebensgef\u00e4hrten sind heute keine Seltenheit mehr. Gleich, ob mit oder ohne Immobilie, auch Unverheiratete m\u00fcssen sich absichern. Wird der Vertrag hier falsch gestellt, schnappt die Steuerfalle mitleidlos zu.<br \/>\n&nbsp;<br \/>\nEin Vertrag zur Risikolebensversicherung bei Verheirateten sieht so aus:<\/p>\n<ul>\n<li>Person A = Antragsteller, Beitragszahler und versicherte Person<\/li>\n<li>Person B = Ehepartner = Beg\u00fcnstigter im Todesfall<\/li>\n<\/ul>\n<p>&nbsp;<br \/>\nEin Vertrag zur Risikolebensversicherung bei Unverheirateten sieht so aus:<\/p>\n<ul>\n<li>Person B = Antragsteller, Beitragszahler und Beg\u00fcnstigter im Todesfall<\/li>\n<li>Person A = Versicherte Person<\/li>\n<\/ul>\n<p>&nbsp;<br \/>\nBei dieser Konstellation fallen keine Steuern an und die Versicherungssumme ist f\u00fcr den unverheirateten Partner sichergestellt.<br \/>\n&nbsp;<\/p>\n<h3>Wie errechnet sich der Beitrag f\u00fcr die Versicherungssumme<\/h3>\n<p>Wie hoch der Beitrag f\u00fcr die abgeschlossene Versicherungssumme ist, berechnet sich aus folgenden Aspekten:<\/p>\n<ul>\n<li>Alter des Versicherungsnehmers bei Abschluss der Versicherung<\/li>\n<li>Laufzeit des Vertrages<\/li>\n<li>Beruf und das daraus resultierende Risiko<\/li>\n<li>Bei manchen Gesellschaften z\u00e4hlt auch der Bildungsstand<\/li>\n<li>Freizeitrisiken, wie etwa gef\u00e4hrliche Hobbys<\/li>\n<li>Raucher oder Nichtraucher<\/li>\n<li>Gesundheit und eventuelle Vorerkrankungen<\/li>\n<li>Die H\u00f6he der genannten Versicherungssumme<\/li>\n<\/ul>\n<p>&nbsp;<\/p>\n<h4>Korrekte Angaben \u2014 Gesundheitszustand und Raucher oder Nichtraucher<\/h4>\n<p>Die Angaben zu den Fragen des Gesundheitszustandes sind wahrheitsgem\u00e4\u00df zu benennen. Vorerkrankungen und k\u00f6rperliche Beeintr\u00e4chtigungen m\u00fcssen zwingend angegeben werden. Sind Personen gesundheitlich vorbelastet, kann dies zu einer Erh\u00f6hung des Beitrages f\u00fchren und schlimmstenfalls zum Ausschluss kommen.<br \/>\n&nbsp;<br \/>\n<img loading=\"lazy\" decoding=\"async\" src=\"https:\/\/www.bankweb.com\/de\/wp-content\/uploads\/2018\/09\/Risikolebensversicherung-2-1024x1010.jpg\" alt=\"Risikolebensversicherung vergleich\" width=\"580\" height=\"572\" class=\"alignnone size-large wp-image-6159\" srcset=\"https:\/\/www.bankweb.com\/de\/wp-content\/uploads\/2018\/09\/Risikolebensversicherung-2-1024x1010.jpg 1024w, https:\/\/www.bankweb.com\/de\/wp-content\/uploads\/2018\/09\/Risikolebensversicherung-2-300x296.jpg 300w, https:\/\/www.bankweb.com\/de\/wp-content\/uploads\/2018\/09\/Risikolebensversicherung-2-768x758.jpg 768w, https:\/\/www.bankweb.com\/de\/wp-content\/uploads\/2018\/09\/Risikolebensversicherung-2.jpg 1280w\" sizes=\"auto, (max-width: 580px) 100vw, 580px\" \/><br \/>\n&nbsp;<br \/>\nDaher ist es ratsam, eine Risikolebensversicherung m\u00f6glichst in jungen Jahren und wenn der Versicherungsnehmer bei guter Gesundheit ist, abzuschlie\u00dfen. Zudem wird mit zunehmendem Alter die Risikolebensversicherung teurer. Auch spielt es eine Rolle ob der Versicherungsnehmer Nichtraucher oder Raucher ist.<br \/>\n&nbsp;<br \/>\nTarife f\u00fcr Raucher kosten in der Risikolebensversicherung nicht selten den doppelten Beitrag. Versicherte, die mit dem Rauchen aufgeh\u00f6rt haben, k\u00f6nnen sich zwei Jahre nach der letzten Zigarette eine Best\u00e4tigung vom Arzt ausstellen lassen und der Versicherungsgesellschaft vorlegen.<br \/>\n&nbsp;<br \/>\nDanach kann der Versicherungsnehmer nach genauer Pr\u00fcfung der Versicherungsgesellschaft vom g\u00fcnstigen Beitrag eines Nichtrauchers profitieren. Auch wenn der Nichtraucher pl\u00f6tzlich zum Raucher wird, sollte er sich seinen Versicherungsvertrag genau ansehen. Denn hier k\u00f6nnte stehen, dass er das ver\u00e4nderte Risiko der Versicherungsgesellschaft mitteilen muss. Tut er dies nicht, kann im Schadenfall die Leistung verweigert werden. Das Geringste w\u00e4re, den erh\u00f6hten Beitrag des Rauchers zu bezahlen.<br \/>\n&nbsp;<\/p>\n<h4>Varianten einer Risikolebensversicherung<\/h4>\n<p>F\u00fcr den Abschluss einer Risikolebensversicherung gibt es f\u00fcr den Versicherungsnehmer mehrere M\u00f6glichkeiten. So m\u00fcssen die Beitragszahlungsdauer und die Versicherungsdauer nicht identisch sein. Versicherungsgesellschaften bieten zudem Tarife mit gleichbleibenden Versicherungssummen und mit fallenden Versicherungssummen.<br \/>\n&nbsp;<br \/>\nWobei die zweite Variante die kosteng\u00fcnstigere ist. Versicherungssummen mit fallenden Versicherungsleistungen werden oft zur Absicherung f\u00fcr Baufinanzierungen eingesetzt. Dazu wird der Risiko-Vertrag so gestaltet, wie sich der Baukredit reduziert.<br \/>\n&nbsp;<\/p>\n<h4>Risikoversicherung<\/h4>\n<p>Hierbei schlie\u00dft der Versicherungsnehmer einen Vertrag ab und beg\u00fcnstigt den Partner oder die Kinder im Falle seines Todes. Diese Methode ist eine kosteng\u00fcnstige Version.<br \/>\n&nbsp;<br \/>\n<strong>Risikoversicherung auf verbundene Leben<\/strong><br \/>\n&nbsp;<br \/>\nIn der verbundenen Risikoversicherung k\u00f6nnen sich Ehepartner gegenseitig absichern. Die Versicherungsgesellschaft leistet die versicherte Todesfallleistung nur einmal beim Tod der zuerst verstorbenen Person. Sterben beide gleichzeitig wird dennoch die Versicherungssumme nur einmal ausgezahlt. Diese Art Risikoversicherung dient der gegenseitigen Absicherung von wirtschaftlich voneinander abh\u00e4ngigen Personen. Sie bietet viel Schutz f\u00fcr kleines Geld.<br \/>\n&nbsp;<br \/>\n<strong>Fazit<\/strong><br \/>\n\u00dcberdies kann eine Risikolebensversicherung auch in eine Lebensversicherung mit eingeschlossen werden. Dies ist nicht in jedem Fall ratsam, denn wenn man die Lebensversicherung k\u00fcndigt, f\u00e4llt auch der Schutz f\u00fcr die eingeschlossene Risikoversicherung fort. Passen die Gesundheitsfragen nicht mehr, ist der Abschluss einer neuen Risikolebensversicherung vielleicht unm\u00f6glich.<br \/>\n&nbsp;<br \/>\nWenn nicht, ist er aber teurer, da nun das neue Eintrittsalter gilt. Die kosteng\u00fcnstigste Variante ist und bleibt eine individuelle Risikolebensversicherung.<\/p>\n","protected":false},"excerpt":{"rendered":"<p>Risikolebensversicherung \u2014 schon morgen kann sich das Leben \u00e4ndern Die meisten Menschen tragen f\u00fcr die Familie oder den Partner Verantwortung. Daher sollten Menschen auch an den Tod denken und an dass, was er in diesem Fall f\u00fcr die Familie bedeutet. [&hellip;]<\/p>\n","protected":false},"author":4,"featured_media":0,"parent":0,"menu_order":0,"comment_status":"closed","ping_status":"closed","template":"","meta":{"footnotes":""},"class_list":["post-6153","page","type-page","status-publish","hentry"],"yoast_head":"<!-- This site is optimized with the Yoast SEO plugin v22.6 - https:\/\/yoast.com\/wordpress\/plugins\/seo\/ -->\n<title>Risikolebensversicherung vergleich 2019 - Test der besten Anbieter<\/title>\n<meta name=\"description\" content=\"Risikolebensversicherung Vergleich - 60 Tarife vergleichen und bis zu 50 % sparen! \u2713 Kostenlos und unverbindlich\" \/>\n<meta name=\"robots\" content=\"index, follow, max-snippet:-1, max-image-preview:large, max-video-preview:-1\" \/>\n<link rel=\"canonical\" href=\"https:\/\/www.bankweb.com\/de\/risikolebensversicherung\/\" \/>\n<meta name=\"twitter:card\" content=\"summary_large_image\" \/>\n<meta name=\"twitter:title\" content=\"Risikolebensversicherung vergleich 2019 - Test der besten Anbieter\" \/>\n<meta name=\"twitter:description\" content=\"Risikolebensversicherung Vergleich - 60 Tarife vergleichen und bis zu 50 % sparen! \u2713 Kostenlos und unverbindlich\" \/>\n<meta name=\"twitter:image\" content=\"https:\/\/www.bankweb.com\/de\/wp-content\/uploads\/2018\/09\/Risikolebensversicherung-1.jpg\" \/>\n<meta name=\"twitter:label1\" content=\"Ber\u00e4knad l\u00e4stid\" \/>\n\t<meta name=\"twitter:data1\" content=\"5 minuter\" \/>\n<script type=\"application\/ld+json\" class=\"yoast-schema-graph\">{\"@context\":\"https:\/\/schema.org\",\"@graph\":[{\"@type\":\"WebPage\",\"@id\":\"https:\/\/www.bankweb.com\/de\/risikolebensversicherung\/\",\"url\":\"https:\/\/www.bankweb.com\/de\/risikolebensversicherung\/\",\"name\":\"Risikolebensversicherung vergleich 2019 - Test der besten Anbieter\",\"isPartOf\":{\"@id\":\"https:\/\/www.bankweb.com\/de\/#website\"},\"primaryImageOfPage\":{\"@id\":\"https:\/\/www.bankweb.com\/de\/risikolebensversicherung\/#primaryimage\"},\"image\":{\"@id\":\"https:\/\/www.bankweb.com\/de\/risikolebensversicherung\/#primaryimage\"},\"thumbnailUrl\":\"https:\/\/www.bankweb.com\/de\/wp-content\/uploads\/2018\/09\/Risikolebensversicherung-1-1024x630.jpg\",\"datePublished\":\"2018-09-03T11:28:15+00:00\",\"dateModified\":\"2019-03-01T11:49:56+00:00\",\"description\":\"Risikolebensversicherung Vergleich - 60 Tarife vergleichen und bis zu 50 % sparen! \u2713 Kostenlos und unverbindlich\",\"breadcrumb\":{\"@id\":\"https:\/\/www.bankweb.com\/de\/risikolebensversicherung\/#breadcrumb\"},\"inLanguage\":\"sv-SE\",\"potentialAction\":[{\"@type\":\"ReadAction\",\"target\":[\"https:\/\/www.bankweb.com\/de\/risikolebensversicherung\/\"]}]},{\"@type\":\"ImageObject\",\"inLanguage\":\"sv-SE\",\"@id\":\"https:\/\/www.bankweb.com\/de\/risikolebensversicherung\/#primaryimage\",\"url\":\"https:\/\/www.bankweb.com\/de\/wp-content\/uploads\/2018\/09\/Risikolebensversicherung-1.jpg\",\"contentUrl\":\"https:\/\/www.bankweb.com\/de\/wp-content\/uploads\/2018\/09\/Risikolebensversicherung-1.jpg\",\"width\":1280,\"height\":788,\"caption\":\"Risikolebensversicherung\"},{\"@type\":\"BreadcrumbList\",\"@id\":\"https:\/\/www.bankweb.com\/de\/risikolebensversicherung\/#breadcrumb\",\"itemListElement\":[{\"@type\":\"ListItem\",\"position\":1,\"name\":\"Hem\",\"item\":\"https:\/\/www.bankweb.com\/de\/\"},{\"@type\":\"ListItem\",\"position\":2,\"name\":\"Risikolebensversicherung\"}]},{\"@type\":\"WebSite\",\"@id\":\"https:\/\/www.bankweb.com\/de\/#website\",\"url\":\"https:\/\/www.bankweb.com\/de\/\",\"name\":\"Bankweb.com Germany\",\"description\":\"\",\"publisher\":{\"@id\":\"https:\/\/www.bankweb.com\/de\/#organization\"},\"potentialAction\":[{\"@type\":\"SearchAction\",\"target\":{\"@type\":\"EntryPoint\",\"urlTemplate\":\"https:\/\/www.bankweb.com\/de\/?s={search_term_string}\"},\"query-input\":\"required name=search_term_string\"}],\"inLanguage\":\"sv-SE\"},{\"@type\":\"Organization\",\"@id\":\"https:\/\/www.bankweb.com\/de\/#organization\",\"name\":\"Bankweb.com\",\"url\":\"https:\/\/www.bankweb.com\/de\/\",\"logo\":{\"@type\":\"ImageObject\",\"inLanguage\":\"sv-SE\",\"@id\":\"https:\/\/www.bankweb.com\/de\/#\/schema\/logo\/image\/\",\"url\":\"https:\/\/www.bankweb.com\/de\/wp-content\/uploads\/2019\/11\/245px_bankweb_logo.png\",\"contentUrl\":\"https:\/\/www.bankweb.com\/de\/wp-content\/uploads\/2019\/11\/245px_bankweb_logo.png\",\"width\":245,\"height\":49,\"caption\":\"Bankweb.com\"},\"image\":{\"@id\":\"https:\/\/www.bankweb.com\/de\/#\/schema\/logo\/image\/\"}}]}<\/script>\n<!-- \/ Yoast SEO plugin. -->","yoast_head_json":{"title":"Risikolebensversicherung vergleich 2019 - Test der besten Anbieter","description":"Risikolebensversicherung Vergleich - 60 Tarife vergleichen und bis zu 50 % sparen! \u2713 Kostenlos und unverbindlich","robots":{"index":"index","follow":"follow","max-snippet":"max-snippet:-1","max-image-preview":"max-image-preview:large","max-video-preview":"max-video-preview:-1"},"canonical":"https:\/\/www.bankweb.com\/de\/risikolebensversicherung\/","twitter_card":"summary_large_image","twitter_title":"Risikolebensversicherung vergleich 2019 - Test der besten Anbieter","twitter_description":"Risikolebensversicherung Vergleich - 60 Tarife vergleichen und bis zu 50 % sparen! \u2713 Kostenlos und unverbindlich","twitter_image":"https:\/\/www.bankweb.com\/de\/wp-content\/uploads\/2018\/09\/Risikolebensversicherung-1.jpg","twitter_misc":{"Ber\u00e4knad l\u00e4stid":"5 minuter"},"schema":{"@context":"https:\/\/schema.org","@graph":[{"@type":"WebPage","@id":"https:\/\/www.bankweb.com\/de\/risikolebensversicherung\/","url":"https:\/\/www.bankweb.com\/de\/risikolebensversicherung\/","name":"Risikolebensversicherung vergleich 2019 - Test der besten Anbieter","isPartOf":{"@id":"https:\/\/www.bankweb.com\/de\/#website"},"primaryImageOfPage":{"@id":"https:\/\/www.bankweb.com\/de\/risikolebensversicherung\/#primaryimage"},"image":{"@id":"https:\/\/www.bankweb.com\/de\/risikolebensversicherung\/#primaryimage"},"thumbnailUrl":"https:\/\/www.bankweb.com\/de\/wp-content\/uploads\/2018\/09\/Risikolebensversicherung-1-1024x630.jpg","datePublished":"2018-09-03T11:28:15+00:00","dateModified":"2019-03-01T11:49:56+00:00","description":"Risikolebensversicherung Vergleich - 60 Tarife vergleichen und bis zu 50 % sparen! \u2713 Kostenlos und unverbindlich","breadcrumb":{"@id":"https:\/\/www.bankweb.com\/de\/risikolebensversicherung\/#breadcrumb"},"inLanguage":"sv-SE","potentialAction":[{"@type":"ReadAction","target":["https:\/\/www.bankweb.com\/de\/risikolebensversicherung\/"]}]},{"@type":"ImageObject","inLanguage":"sv-SE","@id":"https:\/\/www.bankweb.com\/de\/risikolebensversicherung\/#primaryimage","url":"https:\/\/www.bankweb.com\/de\/wp-content\/uploads\/2018\/09\/Risikolebensversicherung-1.jpg","contentUrl":"https:\/\/www.bankweb.com\/de\/wp-content\/uploads\/2018\/09\/Risikolebensversicherung-1.jpg","width":1280,"height":788,"caption":"Risikolebensversicherung"},{"@type":"BreadcrumbList","@id":"https:\/\/www.bankweb.com\/de\/risikolebensversicherung\/#breadcrumb","itemListElement":[{"@type":"ListItem","position":1,"name":"Hem","item":"https:\/\/www.bankweb.com\/de\/"},{"@type":"ListItem","position":2,"name":"Risikolebensversicherung"}]},{"@type":"WebSite","@id":"https:\/\/www.bankweb.com\/de\/#website","url":"https:\/\/www.bankweb.com\/de\/","name":"Bankweb.com Germany","description":"","publisher":{"@id":"https:\/\/www.bankweb.com\/de\/#organization"},"potentialAction":[{"@type":"SearchAction","target":{"@type":"EntryPoint","urlTemplate":"https:\/\/www.bankweb.com\/de\/?s={search_term_string}"},"query-input":"required name=search_term_string"}],"inLanguage":"sv-SE"},{"@type":"Organization","@id":"https:\/\/www.bankweb.com\/de\/#organization","name":"Bankweb.com","url":"https:\/\/www.bankweb.com\/de\/","logo":{"@type":"ImageObject","inLanguage":"sv-SE","@id":"https:\/\/www.bankweb.com\/de\/#\/schema\/logo\/image\/","url":"https:\/\/www.bankweb.com\/de\/wp-content\/uploads\/2019\/11\/245px_bankweb_logo.png","contentUrl":"https:\/\/www.bankweb.com\/de\/wp-content\/uploads\/2019\/11\/245px_bankweb_logo.png","width":245,"height":49,"caption":"Bankweb.com"},"image":{"@id":"https:\/\/www.bankweb.com\/de\/#\/schema\/logo\/image\/"}}]}},"_links":{"self":[{"href":"https:\/\/www.bankweb.com\/de\/wp-json\/wp\/v2\/pages\/6153","targetHints":{"allow":["GET"]}}],"collection":[{"href":"https:\/\/www.bankweb.com\/de\/wp-json\/wp\/v2\/pages"}],"about":[{"href":"https:\/\/www.bankweb.com\/de\/wp-json\/wp\/v2\/types\/page"}],"author":[{"embeddable":true,"href":"https:\/\/www.bankweb.com\/de\/wp-json\/wp\/v2\/users\/4"}],"replies":[{"embeddable":true,"href":"https:\/\/www.bankweb.com\/de\/wp-json\/wp\/v2\/comments?post=6153"}],"version-history":[{"count":0,"href":"https:\/\/www.bankweb.com\/de\/wp-json\/wp\/v2\/pages\/6153\/revisions"}],"wp:attachment":[{"href":"https:\/\/www.bankweb.com\/de\/wp-json\/wp\/v2\/media?parent=6153"}],"curies":[{"name":"wp","href":"https:\/\/api.w.org\/{rel}","templated":true}]}}