{"id":6134,"date":"2018-09-03T10:42:51","date_gmt":"2018-09-03T10:42:51","guid":{"rendered":"https:\/\/www.bankweb.com\/de\/?page_id=6134"},"modified":"2018-10-02T07:39:07","modified_gmt":"2018-10-02T07:39:07","slug":"hausratversicherung","status":"publish","type":"page","link":"https:\/\/www.bankweb.com\/de\/hausratversicherung\/","title":{"rendered":"Hausratversicherung"},"content":{"rendered":"<h1 class=\"kredith1\">Hausratversicherung \u2014 zum Schutz des Besitzstandes<\/h1>\n<p>Menschen sind bem\u00fcht, sich einen bestimmten Lebensstandard zu schaffen und diesen zu erhalten. Dazu geh\u00f6rt auch die Bewahrung des Hausrates. Den sch\u00fctzt die Hausratversicherung. Und zwar alle beweglichen Gegenst\u00e4nde in den eigenen vier W\u00e4nden, gleich, ob in einem Wohngeb\u00e4ude oder in der Mietwohnung. Zum Hausrat z\u00e4hlen gleichfalls Wertgegenst\u00e4nde, die sich im Haushalt befinden.<br \/>\n&nbsp;<br \/>\n<iframe onload=\"fa_iframeresize.do(this);\" src=\"https:\/\/tools.financeads.net\/hausratrechner.php?tp=dif&#038;h=1&#038;wf=26741&#038;ntpl=responsive\" scrolling=\"no\" width=\"100%\" style=\"padding:0px;margin:0px;border-width:0px;\" frameborder=\"0\"><\/iframe><script type=\"text\/javascript\" src=\"\/\/js.financeads.net\/iframeResizeMe.min.js.gz\"><\/script><\/p>\n<p><em>Die Einbindung der Vergleichsrechner f\u00fcr die Privathaftpflicht-, Risikolebens- und Zahnzusatzversicherung erfolgt als Tippgeber. Diese sind ein Angebot der financeAds GmbH &#038; Co. KG, Karlstra\u00dfe 9, 90403 N\u00fcrnberg (Tel. 0911 148783-0, Fax 0911 148783-29, E-Mail contact.de@financeads.net). Registergericht Amtsgericht N\u00fcrnberg HRA 14415, USt.-IdNr. DE251399704. Vertreten durch die pers\u00f6nlich haftende Gesellschafterin: financeDigital GmbH, Karlstra\u00dfe 9, 90403 N\u00fcrnberg, Registergericht Amtsgericht N\u00fcrnberg HRB 23019, diese vertreten durch den Gesch\u00e4ftsf\u00fchrer Ralf Fischer. Erlaubnis nach \u00a7 34 d GewO: Die financeAds GmbH &#038; Co. KG ist Versicherungsmakler mit Erlaubnispflicht nach \u00a7 34d Abs. 1 GewO. Registrierungsnummer: D-XQLT-GQ4ZP-78. IHK f\u00fcr M\u00fcnchen &#038; Oberbayern, Balanstr. 55-59, 81541 M\u00fcnchen. Versicherungsvermittlerregister: www.vermittlerregister.info<\/em><br \/>\n&nbsp;<\/p>\n<h2>Hausratversicherung \u2014 was ist versichert?<\/h2>\n<p>Die Hausratversicherung deckt Sch\u00e4den f\u00fcr Gefahren von Leitungswasser, Feuer, Sturm und Hagel, Einbruchdiebstahl, Raub, Vandalismus sowie Elementarsch\u00e4den ab. Besonders wichtig ist eine Hausratversicherung f\u00fcr Menschen mit geringen R\u00fccklagen. Versicherte k\u00f6nnen in die Hausratversicherung eine Elementarversicherung einschlie\u00dfen oder abw\u00e4hlen.<br \/>\n&nbsp;<br \/>\n<img loading=\"lazy\" decoding=\"async\" src=\"https:\/\/www.bankweb.com\/de\/wp-content\/uploads\/2018\/09\/Hausratversicherung-1-1024x682.jpg\" alt=\"Hausratversicherung\" width=\"580\" height=\"386\" class=\"alignnone size-large wp-image-6138\" srcset=\"https:\/\/www.bankweb.com\/de\/wp-content\/uploads\/2018\/09\/Hausratversicherung-1-1024x682.jpg 1024w, https:\/\/www.bankweb.com\/de\/wp-content\/uploads\/2018\/09\/Hausratversicherung-1-300x200.jpg 300w, https:\/\/www.bankweb.com\/de\/wp-content\/uploads\/2018\/09\/Hausratversicherung-1-768x512.jpg 768w, https:\/\/www.bankweb.com\/de\/wp-content\/uploads\/2018\/09\/Hausratversicherung-1.jpg 1280w\" sizes=\"auto, (max-width: 580px) 100vw, 580px\" \/><br \/>\n&nbsp;<br \/>\nNeben einer Grundabsicherung in der Hausratversicherung bieten Versicherungsgesellschaften noch zus\u00e4tzliche Bausteine an, beispielsweise Beitragsbefreiung bei Arbeitslosigkeit. Jeder Versicherte muss selbst entscheiden, welche Punkte ihm bei Abschluss einer Hausratversicherung wichtig sind.<br \/>\n&nbsp;<br \/>\n<strong>Wichtige Einschl\u00fcsse sind:<\/strong><\/p>\n<ul>\n<li>Verzicht des Einwandes der Grobfahrl\u00e4ssigkeit<\/li>\n<li>Genereller Unterversicherungsverzicht<\/li>\n<\/ul>\n<p>&nbsp;<br \/>\n<strong>Im Bereich Feuer:<\/strong><\/p>\n<ul>\n<li>\u00dcberspannungssch\u00e4den<\/li>\n<li>Sch\u00e4den durch Rauch und Ru\u00df<\/li>\n<li>Sengsch\u00e4den und Implosionssch\u00e4den<\/li>\n<\/ul>\n<p>&nbsp;<br \/>\n<strong>Im Bereich Leitungswasser:<\/strong><\/p>\n<ul>\n<li>Wasseraustritt aus Aquarien, Wasserbetten und Zimmerbrunnen<\/li>\n<\/ul>\n<p>&nbsp;<br \/>\n<strong>Im Bereich Sturm und Hagel:<\/strong><\/p>\n<ul>\n<li>Wegfall der Mindestwindst\u00e4rke bei der Sturmgefahr<\/li>\n<li>Sturm- und Hagelsch\u00e4den auf dem Grundst\u00fcck<\/li>\n<\/ul>\n<p>&nbsp;<br \/>\n<strong>Im Bereich Einbruchdiebstahl, Raub, Vandalismus:<\/strong><\/p>\n<ul>\n<li>Fahrraddiebstahl<\/li>\n<li>Diebstahl von Kinderwagen und Rollst\u00fchlen<\/li>\n<li>Diebstahl auf dem Grundst\u00fcck<\/li>\n<li>Diebstahl aus gemeinschaftlich genutzten R\u00e4umen<\/li>\n<\/ul>\n<p>&nbsp;<br \/>\n<strong>Weitere Zus\u00e4tze sind:<\/strong><\/p>\n<ul>\n<li>Diebstahl aus dem <a href=\"https:\/\/www.bankweb.com\/de\/kfz\/\">Kfz<\/a>, Hotel, Spinden und Schlie\u00dff\u00e4chern<\/li>\n<li>Online-Banking-Betrug<\/li>\n<li>Diebstahl von Gegenst\u00e4nden am Arbeitsplatz<\/li>\n<li>Hausrat in Garagen<\/li>\n<li>Umzugskosten<\/li>\n<\/ul>\n<p>&nbsp;<br \/>\n<img loading=\"lazy\" decoding=\"async\" src=\"https:\/\/www.bankweb.com\/de\/wp-content\/uploads\/2018\/09\/Hausratversicherung-1-1024x731.png\" alt=\"Hausratversicherung vergleich\" width=\"580\" height=\"414\" class=\"alignnone size-large wp-image-6139\" srcset=\"https:\/\/www.bankweb.com\/de\/wp-content\/uploads\/2018\/09\/Hausratversicherung-1-1024x731.png 1024w, https:\/\/www.bankweb.com\/de\/wp-content\/uploads\/2018\/09\/Hausratversicherung-1-300x214.png 300w, https:\/\/www.bankweb.com\/de\/wp-content\/uploads\/2018\/09\/Hausratversicherung-1-768x548.png 768w, https:\/\/www.bankweb.com\/de\/wp-content\/uploads\/2018\/09\/Hausratversicherung-1.png 1280w\" sizes=\"auto, (max-width: 580px) 100vw, 580px\" \/><br \/>\n&nbsp;<\/p>\n<h3>Hausratversicherung \u2014 die Wahl der richtigen Versicherungssumme<\/h3>\n<p>Ausschlaggebend f\u00fcr eine Versicherungsleistung im Schadenfall ist eine korrekte Versicherungssumme. Ist beispielsweise die Versicherungssumme in der Hausratversicherung zu niedrig angesetzt, bekommt der Versicherungsnehmer im Leistungsfall, da er unterversichert ist, eine geringere Leistung.<br \/>\n&nbsp;<br \/>\nSomit ist es unerl\u00e4sslich, den Wert des Hausstandes richtig einzusch\u00e4tzen. Der Wert des Hausrates bestimmt auch den Beitrag. Zudem sollten Kunden bei Vertragsabschluss achtgeben, dass laut Versicherungsbedingungen immer der Neuwert ersetzt wird.<br \/>\n&nbsp;<\/p>\n<h4>Berechnung nach Quadratmeter<\/h4>\n<p>Die exakteste Berechnung ist die Berechnung \u00fcber die Quadratmeter der Wohnr\u00e4ume. Hierf\u00fcr werden s\u00e4mtliche Wohnfl\u00e4chen von R\u00e4umen herangezogen, die privaten Wohnzwecken dienen. Diese Berechnungsart veranschlagt einen festen Versicherungswert pro Quadratmeter. Im Allgemeinen bel\u00e4uft sich dieser auf 650 Euro pro Quadratmeter. Wird die Versicherungssumme danach exakt berechnet, ist immer ein Unterversicherungsverzicht vereinbart.<br \/>\n&nbsp;<\/p>\n<h4>Berechnung durch Ermittlung der Gegenst\u00e4nde<\/h4>\n<p>Versicherungsnehmer, die der Meinung sind, dass die ermittelte Versicherungssumme pro Quadratmeter ihren Hausstand weit \u00fcberschreitet, k\u00f6nnen die Versicherungssumme f\u00fcr den Hausrat selbst errechnen und der Versicherungsgesellschaft angeben. Der Versicherungsnehmer muss hierbei alle Gebrauchsgegenst\u00e4nde, Verbrauchsgegenst\u00e4nde und Wertgegenst\u00e4nde individuell auflisten.<br \/>\n&nbsp;<br \/>\nIn der Regel f\u00e4llt dabei der Beitrag f\u00fcr die Hausratversicherung geringer aus. Wird aber im Schadensfall durch einen Gutachter festgestellt, dass die Versicherungssumme zu niedrig angesetzt war, wird Leistung im Schadensfall gemindert.<br \/>\n&nbsp;<br \/>\n<strong>Zusatzbausteine und Extras<\/strong><br \/>\nVersicherungsgesellschaften bieten viele weitere Extras an. Hier sind Versicherungsnehmer aufgefordert, die richtige Wahl f\u00fcr sich selbst zu treffen. Steht Versicherungsnehmern nur ein kleines Budget zur Verf\u00fcgung, sollten sie dennoch auf die wichtigsten Einschl\u00fcsse achten. Zusatzklauseln wie \u00dcberspannungssch\u00e4den beispielsweise durch Blitzschlag oder Diebstahl von Fahrr\u00e4dern, die heutzutage weit \u00fcber 1.000 Euro kosten k\u00f6nnen, sollten in der Hausratversicherung enthalten sein.<br \/>\n&nbsp;<br \/>\nEbenso sollte die Hausratversicherung eine Entsch\u00e4digung f\u00fcr Wertsachen beinhalten. Denn diese sind nicht in der reinen Hausratversicherung mitversichert, sondern durch einen Zusatzbaustein. Zu beachten ist dabei, dass H\u00f6chstgrenzen vorgegeben sind. H\u00f6chstgrenzen gibt es ebenso f\u00fcr bestimmte andere Zusatzbausteine.<br \/>\n&nbsp;<br \/>\n<strong>Im Ernstfall sicher f\u00fchlen<\/strong><br \/>\nMenschen, die schon einmal den Verlust eines Hausrates erlebt haben, wissen um die Wichtigkeit einer Hausratversicherung. Wird die Einrichtung durch Brand, Leitungswasserschaden oder durch Einbruch-Diebstahl zerst\u00f6rt und die Versicherungsgesellschaft leistet aufgrund einer abgeschlossenen Hausratversicherung, m\u00fcssen Versicherte f\u00fcr die Kosten nicht selbst aufkommen.<br \/>\n&nbsp;<br \/>\nDenn die Versicherungsgesellschaft ersetzt alle zerst\u00f6rten Sachen zum Neuwert. Gleich, ob f\u00fcr Reparaturen oder f\u00fcr Wertverluste, wenn die Angaben in der Versicherungspolice korrekt sind, bekommt der Versicherungsnehmer laut Vertragsbedingungen eine Leistung vom Versicherer. Hinzu kommen noch etwaige Kosten f\u00fcr eine notwendige Unterbringung, sollte der Wohnraum nicht bewohnbar sein. Dazu z\u00e4hlen auch die Kosten f\u00fcr Aufr\u00e4umarbeiten.<br \/>\n&nbsp;<br \/>\n<img loading=\"lazy\" decoding=\"async\" src=\"https:\/\/www.bankweb.com\/de\/wp-content\/uploads\/2018\/09\/Hausratversicherung-2-1024x682.jpg\" alt=\"hausratversicherung germany\" width=\"580\" height=\"386\" class=\"alignnone size-large wp-image-6140\" srcset=\"https:\/\/www.bankweb.com\/de\/wp-content\/uploads\/2018\/09\/Hausratversicherung-2-1024x682.jpg 1024w, https:\/\/www.bankweb.com\/de\/wp-content\/uploads\/2018\/09\/Hausratversicherung-2-300x200.jpg 300w, https:\/\/www.bankweb.com\/de\/wp-content\/uploads\/2018\/09\/Hausratversicherung-2-768x512.jpg 768w, https:\/\/www.bankweb.com\/de\/wp-content\/uploads\/2018\/09\/Hausratversicherung-2.jpg 1280w\" sizes=\"auto, (max-width: 580px) 100vw, 580px\" \/><br \/>\n&nbsp;<br \/>\n<strong>Zusatzbaustein Glasversicherung<\/strong><br \/>\nEine Glasversicherung kann erg\u00e4nzend zur Hausratversicherung abgeschlossen werden. Diese leistet bei Glasbruch zum Beispiel f\u00fcr:<br \/>\n&nbsp;<br \/>\n<strong>Geb\u00e4udeverglasung<\/strong><br \/>\nMobilverglasung wie Vitrinen, Spiegelschr\u00e4nke, Glasscheiben von Elektroherden<br \/>\nGlaskeramik-Kochfl\u00e4chen<br \/>\nAquarien- und Terrarienglas<br \/>\nWinterg\u00e4rten<br \/>\n&nbsp;<br \/>\n<strong>Fazit:<\/strong><br \/>\nEine Hausratversicherung besteht aus einem Basisschutz plus gesonderten Zusatzbausteinen. Der Versicherungsnehmer muss nach seiner individuellen Lebenssituation entscheiden, welchen Schutz er ben\u00f6tigt. Eine Elementarversicherung ist vor allem dort vern\u00fcnftig, wenn Versicherungsnehmer in einer Gegend leben, in der h\u00e4ufig schwere Unwetter und \u00dcberschwemmungen an der Tagesordnung sind.<br \/>\n&nbsp;<br \/>\nDa in den letzten Jahren wiederholt starke Unwetter mit katastrophalen Sch\u00e4den entstanden sind, ist eine Elementarversicherung anzuraten. Denn laut wissenschaftlicher Studien soll sich diese Tendenz fortsetzen. Hierbei ist zu beachten, dass in besonders gef\u00e4hrdeten Gebieten eine Elementarversicherung kaum noch m\u00f6glich sein wird.<br \/>\n&nbsp;<br \/>\nDer Beitrag f\u00fcr eine Hausratversicherung berechnet sich auch nach dem Risikoort. Verzeichnen sich in diesem beispielsweise \u00f6fters auftretende Einbr\u00fcche und Diebst\u00e4hle, dann kann hier der Beitrag wesentlich h\u00f6her sein, als in anderen Orten.<br \/>\n&nbsp;<br \/>\nDas bedeutet, es erfolgt eine Einstufung nach Tarifzonen, welche sich von Tarifzone \u201eNull&#8221; bis Tarifzone \u201eVier&#8221; erstrecken. Von Tarifzone \u201eNull&#8221; bis Tarifzone \u201eVier&#8221; kann sich der Beitrag pro Quadratmeter mehr als verdoppeln.<br \/>\n&nbsp;<br \/>\nMenschen, die eine Hausratversicherung besitzen, k\u00f6nnen sich entspannt zur\u00fccklehnen und brauchen sich \u00fcber finanzielle Verluste keine Sorgen zu machen.<\/p>\n","protected":false},"excerpt":{"rendered":"<p>Hausratversicherung \u2014 zum Schutz des Besitzstandes Menschen sind bem\u00fcht, sich einen bestimmten Lebensstandard zu schaffen und diesen zu erhalten. Dazu geh\u00f6rt auch die Bewahrung des Hausrates. Den sch\u00fctzt die Hausratversicherung. Und zwar alle beweglichen Gegenst\u00e4nde in den eigenen vier W\u00e4nden, [&hellip;]<\/p>\n","protected":false},"author":4,"featured_media":0,"parent":0,"menu_order":0,"comment_status":"closed","ping_status":"closed","template":"","meta":{"footnotes":""},"class_list":["post-6134","page","type-page","status-publish","hentry"],"yoast_head":"<!-- This site is optimized with the Yoast SEO plugin v22.6 - https:\/\/yoast.com\/wordpress\/plugins\/seo\/ -->\n<title>Hausratversicherung - Bankweb.com Germany<\/title>\n<meta name=\"robots\" content=\"index, follow, max-snippet:-1, max-image-preview:large, max-video-preview:-1\" \/>\n<link rel=\"canonical\" href=\"https:\/\/www.bankweb.com\/de\/hausratversicherung\/\" \/>\n<meta name=\"twitter:card\" content=\"summary_large_image\" \/>\n<meta name=\"twitter:title\" content=\"Hausratversicherung - Bankweb.com Germany\" \/>\n<meta name=\"twitter:description\" content=\"Hausratversicherung \u2014 zum Schutz des Besitzstandes Menschen sind bem\u00fcht, sich einen bestimmten Lebensstandard zu schaffen und diesen zu erhalten. Dazu geh\u00f6rt auch die Bewahrung des Hausrates. Den sch\u00fctzt die Hausratversicherung. Und zwar alle beweglichen Gegenst\u00e4nde in den eigenen vier W\u00e4nden, [&hellip;]\" \/>\n<meta name=\"twitter:image\" content=\"https:\/\/www.bankweb.com\/de\/wp-content\/uploads\/2018\/09\/Hausratversicherung-1.jpg\" \/>\n<meta name=\"twitter:label1\" content=\"Ber\u00e4knad l\u00e4stid\" \/>\n\t<meta name=\"twitter:data1\" content=\"5 minuter\" \/>\n<script type=\"application\/ld+json\" class=\"yoast-schema-graph\">{\"@context\":\"https:\/\/schema.org\",\"@graph\":[{\"@type\":\"WebPage\",\"@id\":\"https:\/\/www.bankweb.com\/de\/hausratversicherung\/\",\"url\":\"https:\/\/www.bankweb.com\/de\/hausratversicherung\/\",\"name\":\"Hausratversicherung - Bankweb.com Germany\",\"isPartOf\":{\"@id\":\"https:\/\/www.bankweb.com\/de\/#website\"},\"primaryImageOfPage\":{\"@id\":\"https:\/\/www.bankweb.com\/de\/hausratversicherung\/#primaryimage\"},\"image\":{\"@id\":\"https:\/\/www.bankweb.com\/de\/hausratversicherung\/#primaryimage\"},\"thumbnailUrl\":\"https:\/\/www.bankweb.com\/de\/wp-content\/uploads\/2018\/09\/Hausratversicherung-1-1024x682.jpg\",\"datePublished\":\"2018-09-03T10:42:51+00:00\",\"dateModified\":\"2018-10-02T07:39:07+00:00\",\"breadcrumb\":{\"@id\":\"https:\/\/www.bankweb.com\/de\/hausratversicherung\/#breadcrumb\"},\"inLanguage\":\"sv-SE\",\"potentialAction\":[{\"@type\":\"ReadAction\",\"target\":[\"https:\/\/www.bankweb.com\/de\/hausratversicherung\/\"]}]},{\"@type\":\"ImageObject\",\"inLanguage\":\"sv-SE\",\"@id\":\"https:\/\/www.bankweb.com\/de\/hausratversicherung\/#primaryimage\",\"url\":\"https:\/\/www.bankweb.com\/de\/wp-content\/uploads\/2018\/09\/Hausratversicherung-1.jpg\",\"contentUrl\":\"https:\/\/www.bankweb.com\/de\/wp-content\/uploads\/2018\/09\/Hausratversicherung-1.jpg\",\"width\":1280,\"height\":853,\"caption\":\"Hausratversicherung\"},{\"@type\":\"BreadcrumbList\",\"@id\":\"https:\/\/www.bankweb.com\/de\/hausratversicherung\/#breadcrumb\",\"itemListElement\":[{\"@type\":\"ListItem\",\"position\":1,\"name\":\"Hem\",\"item\":\"https:\/\/www.bankweb.com\/de\/\"},{\"@type\":\"ListItem\",\"position\":2,\"name\":\"Hausratversicherung\"}]},{\"@type\":\"WebSite\",\"@id\":\"https:\/\/www.bankweb.com\/de\/#website\",\"url\":\"https:\/\/www.bankweb.com\/de\/\",\"name\":\"Bankweb.com Germany\",\"description\":\"\",\"publisher\":{\"@id\":\"https:\/\/www.bankweb.com\/de\/#organization\"},\"potentialAction\":[{\"@type\":\"SearchAction\",\"target\":{\"@type\":\"EntryPoint\",\"urlTemplate\":\"https:\/\/www.bankweb.com\/de\/?s={search_term_string}\"},\"query-input\":\"required name=search_term_string\"}],\"inLanguage\":\"sv-SE\"},{\"@type\":\"Organization\",\"@id\":\"https:\/\/www.bankweb.com\/de\/#organization\",\"name\":\"Bankweb.com\",\"url\":\"https:\/\/www.bankweb.com\/de\/\",\"logo\":{\"@type\":\"ImageObject\",\"inLanguage\":\"sv-SE\",\"@id\":\"https:\/\/www.bankweb.com\/de\/#\/schema\/logo\/image\/\",\"url\":\"https:\/\/www.bankweb.com\/de\/wp-content\/uploads\/2019\/11\/245px_bankweb_logo.png\",\"contentUrl\":\"https:\/\/www.bankweb.com\/de\/wp-content\/uploads\/2019\/11\/245px_bankweb_logo.png\",\"width\":245,\"height\":49,\"caption\":\"Bankweb.com\"},\"image\":{\"@id\":\"https:\/\/www.bankweb.com\/de\/#\/schema\/logo\/image\/\"}}]}<\/script>\n<!-- \/ Yoast SEO plugin. -->","yoast_head_json":{"title":"Hausratversicherung - Bankweb.com Germany","robots":{"index":"index","follow":"follow","max-snippet":"max-snippet:-1","max-image-preview":"max-image-preview:large","max-video-preview":"max-video-preview:-1"},"canonical":"https:\/\/www.bankweb.com\/de\/hausratversicherung\/","twitter_card":"summary_large_image","twitter_title":"Hausratversicherung - Bankweb.com Germany","twitter_description":"Hausratversicherung \u2014 zum Schutz des Besitzstandes Menschen sind bem\u00fcht, sich einen bestimmten Lebensstandard zu schaffen und diesen zu erhalten. Dazu geh\u00f6rt auch die Bewahrung des Hausrates. Den sch\u00fctzt die Hausratversicherung. Und zwar alle beweglichen Gegenst\u00e4nde in den eigenen vier W\u00e4nden, [&hellip;]","twitter_image":"https:\/\/www.bankweb.com\/de\/wp-content\/uploads\/2018\/09\/Hausratversicherung-1.jpg","twitter_misc":{"Ber\u00e4knad l\u00e4stid":"5 minuter"},"schema":{"@context":"https:\/\/schema.org","@graph":[{"@type":"WebPage","@id":"https:\/\/www.bankweb.com\/de\/hausratversicherung\/","url":"https:\/\/www.bankweb.com\/de\/hausratversicherung\/","name":"Hausratversicherung - Bankweb.com Germany","isPartOf":{"@id":"https:\/\/www.bankweb.com\/de\/#website"},"primaryImageOfPage":{"@id":"https:\/\/www.bankweb.com\/de\/hausratversicherung\/#primaryimage"},"image":{"@id":"https:\/\/www.bankweb.com\/de\/hausratversicherung\/#primaryimage"},"thumbnailUrl":"https:\/\/www.bankweb.com\/de\/wp-content\/uploads\/2018\/09\/Hausratversicherung-1-1024x682.jpg","datePublished":"2018-09-03T10:42:51+00:00","dateModified":"2018-10-02T07:39:07+00:00","breadcrumb":{"@id":"https:\/\/www.bankweb.com\/de\/hausratversicherung\/#breadcrumb"},"inLanguage":"sv-SE","potentialAction":[{"@type":"ReadAction","target":["https:\/\/www.bankweb.com\/de\/hausratversicherung\/"]}]},{"@type":"ImageObject","inLanguage":"sv-SE","@id":"https:\/\/www.bankweb.com\/de\/hausratversicherung\/#primaryimage","url":"https:\/\/www.bankweb.com\/de\/wp-content\/uploads\/2018\/09\/Hausratversicherung-1.jpg","contentUrl":"https:\/\/www.bankweb.com\/de\/wp-content\/uploads\/2018\/09\/Hausratversicherung-1.jpg","width":1280,"height":853,"caption":"Hausratversicherung"},{"@type":"BreadcrumbList","@id":"https:\/\/www.bankweb.com\/de\/hausratversicherung\/#breadcrumb","itemListElement":[{"@type":"ListItem","position":1,"name":"Hem","item":"https:\/\/www.bankweb.com\/de\/"},{"@type":"ListItem","position":2,"name":"Hausratversicherung"}]},{"@type":"WebSite","@id":"https:\/\/www.bankweb.com\/de\/#website","url":"https:\/\/www.bankweb.com\/de\/","name":"Bankweb.com Germany","description":"","publisher":{"@id":"https:\/\/www.bankweb.com\/de\/#organization"},"potentialAction":[{"@type":"SearchAction","target":{"@type":"EntryPoint","urlTemplate":"https:\/\/www.bankweb.com\/de\/?s={search_term_string}"},"query-input":"required name=search_term_string"}],"inLanguage":"sv-SE"},{"@type":"Organization","@id":"https:\/\/www.bankweb.com\/de\/#organization","name":"Bankweb.com","url":"https:\/\/www.bankweb.com\/de\/","logo":{"@type":"ImageObject","inLanguage":"sv-SE","@id":"https:\/\/www.bankweb.com\/de\/#\/schema\/logo\/image\/","url":"https:\/\/www.bankweb.com\/de\/wp-content\/uploads\/2019\/11\/245px_bankweb_logo.png","contentUrl":"https:\/\/www.bankweb.com\/de\/wp-content\/uploads\/2019\/11\/245px_bankweb_logo.png","width":245,"height":49,"caption":"Bankweb.com"},"image":{"@id":"https:\/\/www.bankweb.com\/de\/#\/schema\/logo\/image\/"}}]}},"_links":{"self":[{"href":"https:\/\/www.bankweb.com\/de\/wp-json\/wp\/v2\/pages\/6134","targetHints":{"allow":["GET"]}}],"collection":[{"href":"https:\/\/www.bankweb.com\/de\/wp-json\/wp\/v2\/pages"}],"about":[{"href":"https:\/\/www.bankweb.com\/de\/wp-json\/wp\/v2\/types\/page"}],"author":[{"embeddable":true,"href":"https:\/\/www.bankweb.com\/de\/wp-json\/wp\/v2\/users\/4"}],"replies":[{"embeddable":true,"href":"https:\/\/www.bankweb.com\/de\/wp-json\/wp\/v2\/comments?post=6134"}],"version-history":[{"count":0,"href":"https:\/\/www.bankweb.com\/de\/wp-json\/wp\/v2\/pages\/6134\/revisions"}],"wp:attachment":[{"href":"https:\/\/www.bankweb.com\/de\/wp-json\/wp\/v2\/media?parent=6134"}],"curies":[{"name":"wp","href":"https:\/\/api.w.org\/{rel}","templated":true}]}}